{"id":41,"date":"2016-05-31T10:02:49","date_gmt":"2016-05-31T09:02:49","guid":{"rendered":"https:\/\/www.stormshield.com\/?page_id=41&#038;lang=de"},"modified":"2025-02-13T16:47:17","modified_gmt":"2025-02-13T15:47:17","slug":"cookies","status":"publish","type":"page","link":"https:\/\/www.stormshield.com\/de\/cookies\/","title":{"rendered":"Cookies"},"content":{"rendered":"<div class=\"wpb-content-wrapper\"><p>[vc_row css_animation=\"\" row_type=\"row\" use_row_as_full_screen_section=\"no\" type=\"grid\" angled_section=\"no\" text_align=\"left\" background_image_as_pattern=\"without_pattern\" z_index=\"\" background_color=\"#5B5C5F\" padding_top=\"150\" padding_bottom=\"150\"][vc_column][vc_column_text css=\"\"]<\/p>\n<h1><span style=\"color: #ffffff;\"><strong>Cookies, Verbindungsanzeigen<\/strong><\/span><\/h1>\n<p>[\/vc_column_text][\/vc_column][\/vc_row][vc_row css_animation=\"\" row_type=\"row\" use_row_as_full_screen_section=\"no\" type=\"grid\" angled_section=\"no\" text_align=\"left\" background_image_as_pattern=\"without_pattern\" z_index=\"\" padding_top=\"50\"][vc_column][vc_column_text css=\"\"]<\/p>\n<h2><span style=\"color: #000; font-size: 1.2em; font-weight: 900;\">Was sind Cookies?<\/span><\/h2>\n<p><span style=\"color: #000; font-size: 1.1em;\">Ein Cookie ist eine kleine Datei, die auf die Festplatte oder das Mobilger\u00e4t Ihres Computers \u00fcbertragen wird, wenn Sie eine Website oder eine Anwendung besuchen. Das Cookie wird dann von der urspr\u00fcnglichen Website abgerufen, die das Cookie bei jedem weiteren Besuch wiedererkennt.<\/span><\/p>\n<p><span style=\"color: #000; font-size: 1.1em;\">Cookies werden f\u00fcr verschiedene Zwecke verwendet, z. B. um sich Ihre Einstellungen zu merken, die Benutzerauthentifizierung zu unterst\u00fctzen oder Informationen dar\u00fcber zu sammeln, wie viele Benutzer die Website oder die Anwendung besuchen.<\/span><\/p>\n<h2><span style=\"color: #000; font-size: 1.2em; font-weight: 900;\">Welche Cookies werden von uns verwendet?<\/span><\/h2>\n<p><span style=\"color: #000; font-size: 1.1em;\">Wir verwenden verschiedene Arten von Cookies f\u00fcr unterschiedliche Zwecke:<\/span><\/p>\n<h3><span style=\"color: #000; font-size: 1.1em; font-weight: 300;\">Notwendige Cookies<\/span><\/h3>\n<p><span style=\"color: #000; font-size: 1.1em;\">Diese Cookies sind technisch unbedingt notwendig, damit unsere Website ordnungsgem\u00e4\u00df funktioniert. Sie sind obligatorisch und ohne sie kann die Website nicht verwendet werden (z. B. Cookies, die zur Verwaltung der Benutzerauthentifizierung verwendet werden).<\/span><\/p>\n<p>&nbsp;<\/p>\n<table style=\"height: 204px;\" width=\"800\">\n<tbody>\n<tr>\n<td width=\"162\"><strong>Name des Cookie<\/strong><\/td>\n<td width=\"113\"><strong>Herkunft<\/strong><\/td>\n<td width=\"246\"><strong>Zweck<\/strong><\/td>\n<td width=\"76\"><strong>Dauer<\/strong><\/td>\n<\/tr>\n<tr>\n<td width=\"162\">axeptio_cookies<\/p>\n<p>axeptio_authorized_vendors<\/p>\n<p>axeptio_all_vendors<\/td>\n<td width=\"113\"><strong>Axeptio<\/strong><\/td>\n<td width=\"246\">Erm\u00f6glicht die Verwaltung der Zustimmung des Nutzers zu den verschiedenen Kategorien von Cookies<\/td>\n<td width=\"76\">1 Jahr<\/td>\n<\/tr>\n<\/tbody>\n<\/table>\n<p>&nbsp;<\/p>\n<h3><span style=\"color: #000; font-size: 1.1em; font-weight: 300;\">Analytische Cookies<\/span><\/h3>\n<p><span style=\"color: #000; font-size: 1.1em;\">Diese Cookies erm\u00f6glichen es, die Besucherzahlen anonym zu messen und generische Statistiken \u00fcber die Nutzung unserer Website zu erstellen. Dadurch k\u00f6nnen wir besser verstehen, wie die Nutzer mit unserer Website interagieren, und unsere Dienstleistungen verbessern und anpassen. Sie k\u00f6nnen diese jederzeit \u00fcber den Bereich Cookie-Einstellungen auf unserer Website ablehnen und l\u00f6schen.<\/span><\/p>\n<table width=\"810\">\n<tbody>\n<tr>\n<td width=\"220\"><strong>Name des Cookie<\/strong><\/td>\n<td width=\"150\"><strong>Herkunft<\/strong><\/td>\n<td width=\"290\"><strong>Zweck<\/strong><\/td>\n<td width=\"150\"><strong>Dauer<\/strong><\/td>\n<\/tr>\n<tr>\n<td>atautorith<\/td>\n<td rowspan=\"3\"><strong>Piano Analytics<\/strong><\/td>\n<td width=\"290\">Dies erm\u00f6glicht, die Wahl des Besuchers \u00fcber Audience Cookies zu speichern<\/td>\n<td>1 Jahr<\/td>\n<\/tr>\n<tr>\n<td>atuserid<\/td>\n<td width=\"290\">Besucher-ID<\/td>\n<td>1 Jahr<\/td>\n<\/tr>\n<tr>\n<td>at-optout<\/td>\n<td width=\"290\">Dies erm\u00f6glicht eine Beibehaltung der Ablehnung der Erfassung von Publikumsmessungen \u00fcber Piano Analytics<\/td>\n<td>6 Monate<\/td>\n<\/tr>\n<tr>\n<td width=\"220\">_gcl_au<\/td>\n<td rowspan=\"3\"><strong>Google<\/strong><\/td>\n<td>Identifiziert Konversionen in Verbindung mit unseren Google-Werbekampagnen<\/td>\n<td>3 Monate<\/td>\n<\/tr>\n<tr>\n<td><\/td>\n<td><\/td>\n<td><\/td>\n<\/tr>\n<tr>\n<td width=\"220\"><\/td>\n<td width=\"290\"><\/td>\n<td><\/td>\n<\/tr>\n<tr>\n<td width=\"220\">_clck, CLID, ANONCHK, MR, MUID, SM<\/td>\n<td rowspan=\"2\"><strong>Microsoft Clarity<\/strong><\/td>\n<td>Besucher-ID<\/td>\n<td>13 Monate<\/td>\n<\/tr>\n<tr>\n<td>_clsk<\/td>\n<td>Sitzungs-ID<\/td>\n<td>30 Tage<\/td>\n<\/tr>\n<\/tbody>\n<\/table>\n<p>&nbsp;<\/p>\n<h3><span style=\"color: #000; font-size: 1.1em; font-weight: 300;\">Sonstige Cookies<\/span><\/h3>\n<p><span style=\"color: #000; font-size: 1.1em;\">Diese Cookies sind nicht obligatorisch, und wir werden Ihre Zustimmung einholen, bevor wir sie verwenden. Sie k\u00f6nnen Ihre Zustimmung widerrufen und sie jederzeit l\u00f6schen, indem Sie den Bereich f\u00fcr die Cookie-Einstellungen auf unserer Website nutzen.<\/span><\/p>\n<table style=\"height: 446px;\" width=\"800\">\n<tbody>\n<tr>\n<td width=\"180\"><strong>Name des Cookie<\/strong><\/td>\n<td width=\"180\"><strong>Herkunft<\/strong><\/td>\n<td width=\"530\"><strong>Zweck<\/strong><\/td>\n<td width=\"180\"><strong>Dauer<\/strong><\/td>\n<\/tr>\n<tr>\n<td>visitor_id, visitor_id-hash<\/td>\n<td rowspan=\"4\"><strong>Pardot<\/strong><\/td>\n<td width=\"530\">Besucher-ID<\/td>\n<td>1 Stunde<\/td>\n<\/tr>\n<tr>\n<td>pi_opt_in<\/td>\n<td width=\"530\">Dies erm\u00f6glicht, die Annahme oder Ablehnung der Nachverfolgung \u00fcber Pardot beizubehalten<\/td>\n<td>1 Stunde<\/td>\n<\/tr>\n<tr>\n<td>lpv<\/td>\n<td width=\"530\">Dies erm\u00f6glicht, Pardot daran zu hindern, w\u00e4hrend einer Sitzung \u00fcber 30 Minuten mehrere Seitenansichten in einem einzelnen Asset zu verfolgen.<\/td>\n<td>1 Stunde<\/td>\n<\/tr>\n<tr>\n<td>pardot<\/td>\n<td width=\"530\">Dies erm\u00f6glicht, die Sitzung als aktive Sitzung zu z\u00e4hlen<\/td>\n<td>1 Stunde<\/td>\n<\/tr>\n<tr>\n<td>bcookie<\/td>\n<td rowspan=\"5\"><strong>LinkedIn<\/strong><\/td>\n<td width=\"530\">Dies erm\u00f6glicht die Identifizierung von jedem Ger\u00e4t, das auf LinkedIn zugreift, um einen Missbrauch der Plattform zu erkennen.<\/td>\n<td>2 Jahre<\/td>\n<\/tr>\n<tr>\n<td>bscookie<\/td>\n<td width=\"530\">Permet de se souvenir qu\u2019un utilisateur connect\u00e9 a \u00e9t\u00e9 v\u00e9rifi\u00e9 \u00e0 l\u2019aide de l\u2019authentification \u00e0 deux facteurs<\/td>\n<td>2 Jahre<\/td>\n<\/tr>\n<tr>\n<td>lang<\/td>\n<td width=\"530\">Dies erm\u00f6glicht, die Spracheinstellung eines Nutzers zu speichern, um sicherzustellen, dass LinkedIn.com in der Sprache angezeigt wird, die der Nutzer in seinen Einstellungen ausgew\u00e4hlt hat.<\/td>\n<td>Sitzung<\/td>\n<\/tr>\n<tr>\n<td>lidc<\/td>\n<td width=\"530\">Dies erm\u00f6glicht eine leichtere Auswahl von Rechenzentren<\/td>\n<td>24 Stunden<\/td>\n<\/tr>\n<tr>\n<td>UserMatchHistory<\/td>\n<td width=\"530\">Dies erm\u00f6glicht die Synchronisierung von LinkedIn Ads-IDs<\/td>\n<td>30 Tage<\/td>\n<\/tr>\n<\/tbody>\n<\/table>\n<p>&nbsp;<\/p>\n<h2><span style=\"color: #000; font-size: 1.2em; font-weight: 900;\">Wie werden die Cookies deaktiviert oder gel\u00f6scht?<\/span><\/h2>\n<p><span style=\"color: #000; font-size: 1.1em;\">Cookies, die f\u00fcr das Funktionieren unserer Website technisch nicht notwendig sind, k\u00f6nnen \u00fcber die Schnittstelle f\u00fcr Cookie-Einstellungen, die Sie durch Klicken auf das Symbol in der Ecke unten links unserer Seiten \u00f6ffnen k\u00f6nnen, deaktiviert und von Ihrem Ger\u00e4t gel\u00f6scht werden.<\/span><\/p>\n<p><span style=\"color: #000; font-size: 1.1em;\">Zu statistischen Analysezwecken verwenden wir Analysetools, die auf spezifischen Cookies basieren. Diese Cookies, die anonymisierte Statistiken erstellen, sind von der Einholung Ihrer vorherigen Zustimmung befreit. Sie k\u00f6nnen jedoch jederzeit die Erfassung statistischer Daten \u00fcber die oben erw\u00e4hnte Schnittstelle zur Einstellung von Cookies oder durch Anklicken des nachstehenden K\u00e4stchens ablehnen.<\/span><\/p>\n<p><span style=\"color: #000; font-size: 1.1em;\">Mehr \u00fcber Cookies, insbesondere welche Cookies installiert wurden und wie diese verwaltet und gel\u00f6scht werden, erfahren Sie unter <a href=\"https:\/\/www.aboutcookies.org\/\" target=\"_blank\" rel=\"noopener\">https:\/\/www.aboutcookies.org\/<\/a> oder <a href=\"https:\/\/www.allaboutcookies.org\" target=\"_blank\" rel=\"noopener\">www.allaboutcookies.org.<\/a><\/span>[\/vc_column_text][\/vc_column][\/vc_row][vc_row css_animation=\"\" row_type=\"row\" use_row_as_full_screen_section=\"no\" type=\"full_width\" angled_section=\"no\" text_align=\"left\" background_image_as_pattern=\"without_pattern\"][vc_column][vc_empty_space][\/vc_column][\/vc_row]<\/p>\n<\/div>","protected":false},"excerpt":{"rendered":"<p>[vc_row css_animation=&#8220;&#8220; row_type=&#8220;row&#8220; use_row_as_full_screen_section=&#8220;no&#8220; type=&#8220;grid&#8220; angled_section=&#8220;no&#8220; text_align=&#8220;left&#8220; background_image_as_pattern=&#8220;without_pattern&#8220; z_index=&#8220;&#8220; background_color=&#8220;#5B5C5F&#8220; padding_top=&#8220;150&#8243; padding_bottom=&#8220;150&#8243;][vc_column][vc_column_text css=&#8220;&#8220;] Cookies, Verbindungsanzeigen [\/vc_column_text][\/vc_column][\/vc_row][vc_row css_animation=&#8220;&#8220; row_type=&#8220;row&#8220; use_row_as_full_screen_section=&#8220;no&#8220; type=&#8220;grid&#8220; angled_section=&#8220;no&#8220; text_align=&#8220;left&#8220; background_image_as_pattern=&#8220;without_pattern&#8220; z_index=&#8220;&#8220; padding_top=&#8220;50&#8243;][vc_column][vc_column_text css=&#8220;&#8220;] Was sind Cookies? Ein Cookie ist eine kleine Datei, die auf die Festplatte oder das Mobilger\u00e4t Ihres Computers \u00fcbertragen&#8230;<\/p>\n","protected":false},"author":1,"featured_media":0,"parent":0,"menu_order":481,"comment_status":"closed","ping_status":"closed","template":"full_width-cookies.php","meta":{"_acf_changed":false,"footnotes":""},"class_list":["post-41","page","type-page","status-publish","hentry"],"acf":[],"yoast_head":"<!-- This site is optimized with the Yoast SEO plugin v27.0 - https:\/\/yoast.com\/product\/yoast-seo-wordpress\/ -->\n<title>Cookies auf stormshield.com | Stormshield<\/title>\n<meta name=\"description\" content=\"Hier finden Sie eine Liste der notwendigen Cookies, der Analytics-Cookies und anderer Cookies, die auf stormshield.com vorhanden sind.\" \/>\n<meta name=\"robots\" content=\"index, follow, max-snippet:-1, max-image-preview:large, max-video-preview:-1\" \/>\n<link rel=\"canonical\" href=\"https:\/\/www.stormshield.com\/de\/cookies\/\" \/>\n<meta property=\"og:locale\" content=\"de_DE\" \/>\n<meta property=\"og:type\" content=\"article\" \/>\n<meta property=\"og:title\" content=\"Cookies auf stormshield.com | Stormshield\" \/>\n<meta property=\"og:description\" content=\"Hier finden Sie eine Liste der notwendigen Cookies, der Analytics-Cookies und anderer Cookies, die auf stormshield.com vorhanden sind.\" \/>\n<meta property=\"og:url\" content=\"https:\/\/www.stormshield.com\/de\/cookies\/\" \/>\n<meta property=\"og:site_name\" content=\"Stormshield\" \/>\n<meta property=\"article:modified_time\" content=\"2025-02-13T15:47:17+00:00\" \/>\n<meta property=\"og:image\" content=\"https:\/\/www.stormshield.com\/wp-content\/uploads\/stormshield_logo.png\" \/>\n\t<meta property=\"og:image:width\" content=\"204\" \/>\n\t<meta property=\"og:image:height\" content=\"94\" \/>\n\t<meta property=\"og:image:type\" content=\"image\/png\" \/>\n<meta name=\"twitter:card\" content=\"summary_large_image\" \/>\n<meta name=\"twitter:site\" content=\"@Stormshield\" \/>\n<meta name=\"twitter:label1\" content=\"Gesch\u00e4tzte Lesezeit\" \/>\n\t<meta name=\"twitter:data1\" content=\"3\u00a0Minuten\" \/>\n<script type=\"application\/ld+json\" class=\"yoast-schema-graph\">{\"@context\":\"https:\/\/schema.org\",\"@graph\":[{\"@type\":\"WebPage\",\"@id\":\"https:\/\/www.stormshield.com\/de\/cookies\/\",\"url\":\"https:\/\/www.stormshield.com\/de\/cookies\/\",\"name\":\"Cookies auf stormshield.com | Stormshield\",\"isPartOf\":{\"@id\":\"https:\/\/www.stormshield.com\/de\/#website\"},\"datePublished\":\"2016-05-31T09:02:49+00:00\",\"dateModified\":\"2025-02-13T15:47:17+00:00\",\"description\":\"Hier finden Sie eine Liste der notwendigen Cookies, der Analytics-Cookies und anderer Cookies, die auf stormshield.com vorhanden sind.\",\"breadcrumb\":{\"@id\":\"https:\/\/www.stormshield.com\/de\/cookies\/#breadcrumb\"},\"inLanguage\":\"de\",\"potentialAction\":[{\"@type\":\"ReadAction\",\"target\":[\"https:\/\/www.stormshield.com\/de\/cookies\/\"]}]},{\"@type\":\"BreadcrumbList\",\"@id\":\"https:\/\/www.stormshield.com\/de\/cookies\/#breadcrumb\",\"itemListElement\":[{\"@type\":\"ListItem\",\"position\":1,\"name\":\"Home\",\"item\":\"https:\/\/www.stormshield.com\/de\/\"},{\"@type\":\"ListItem\",\"position\":2,\"name\":\"Cookies\"}]},{\"@type\":\"WebSite\",\"@id\":\"https:\/\/www.stormshield.com\/de\/#website\",\"url\":\"https:\/\/www.stormshield.com\/de\/\",\"name\":\"Stormshield\",\"description\":\"Stormshield\",\"potentialAction\":[{\"@type\":\"SearchAction\",\"target\":{\"@type\":\"EntryPoint\",\"urlTemplate\":\"https:\/\/www.stormshield.com\/de\/?s={search_term_string}\"},\"query-input\":{\"@type\":\"PropertyValueSpecification\",\"valueRequired\":true,\"valueName\":\"search_term_string\"}}],\"inLanguage\":\"de\"}]}<\/script>\n<!-- \/ Yoast SEO plugin. -->","yoast_head_json":{"title":"Cookies auf stormshield.com | Stormshield","description":"Hier finden Sie eine Liste der notwendigen Cookies, der Analytics-Cookies und anderer Cookies, die auf stormshield.com vorhanden sind.","robots":{"index":"index","follow":"follow","max-snippet":"max-snippet:-1","max-image-preview":"max-image-preview:large","max-video-preview":"max-video-preview:-1"},"canonical":"https:\/\/www.stormshield.com\/de\/cookies\/","og_locale":"de_DE","og_type":"article","og_title":"Cookies auf stormshield.com | Stormshield","og_description":"Hier finden Sie eine Liste der notwendigen Cookies, der Analytics-Cookies und anderer Cookies, die auf stormshield.com vorhanden sind.","og_url":"https:\/\/www.stormshield.com\/de\/cookies\/","og_site_name":"Stormshield","article_modified_time":"2025-02-13T15:47:17+00:00","og_image":[{"width":204,"height":94,"url":"https:\/\/www.stormshield.com\/wp-content\/uploads\/stormshield_logo.png","type":"image\/png"}],"twitter_card":"summary_large_image","twitter_site":"@Stormshield","twitter_misc":{"Gesch\u00e4tzte Lesezeit":"3\u00a0Minuten"},"schema":{"@context":"https:\/\/schema.org","@graph":[{"@type":"WebPage","@id":"https:\/\/www.stormshield.com\/de\/cookies\/","url":"https:\/\/www.stormshield.com\/de\/cookies\/","name":"Cookies auf stormshield.com | Stormshield","isPartOf":{"@id":"https:\/\/www.stormshield.com\/de\/#website"},"datePublished":"2016-05-31T09:02:49+00:00","dateModified":"2025-02-13T15:47:17+00:00","description":"Hier finden Sie eine Liste der notwendigen Cookies, der Analytics-Cookies und anderer Cookies, die auf stormshield.com vorhanden sind.","breadcrumb":{"@id":"https:\/\/www.stormshield.com\/de\/cookies\/#breadcrumb"},"inLanguage":"de","potentialAction":[{"@type":"ReadAction","target":["https:\/\/www.stormshield.com\/de\/cookies\/"]}]},{"@type":"BreadcrumbList","@id":"https:\/\/www.stormshield.com\/de\/cookies\/#breadcrumb","itemListElement":[{"@type":"ListItem","position":1,"name":"Home","item":"https:\/\/www.stormshield.com\/de\/"},{"@type":"ListItem","position":2,"name":"Cookies"}]},{"@type":"WebSite","@id":"https:\/\/www.stormshield.com\/de\/#website","url":"https:\/\/www.stormshield.com\/de\/","name":"Stormshield","description":"Stormshield","potentialAction":[{"@type":"SearchAction","target":{"@type":"EntryPoint","urlTemplate":"https:\/\/www.stormshield.com\/de\/?s={search_term_string}"},"query-input":{"@type":"PropertyValueSpecification","valueRequired":true,"valueName":"search_term_string"}}],"inLanguage":"de"}]}},"_links":{"self":[{"href":"https:\/\/www.stormshield.com\/de\/wp-json\/wp\/v2\/pages\/41","targetHints":{"allow":["GET"]}}],"collection":[{"href":"https:\/\/www.stormshield.com\/de\/wp-json\/wp\/v2\/pages"}],"about":[{"href":"https:\/\/www.stormshield.com\/de\/wp-json\/wp\/v2\/types\/page"}],"author":[{"embeddable":true,"href":"https:\/\/www.stormshield.com\/de\/wp-json\/wp\/v2\/users\/1"}],"replies":[{"embeddable":true,"href":"https:\/\/www.stormshield.com\/de\/wp-json\/wp\/v2\/comments?post=41"}],"version-history":[{"count":11,"href":"https:\/\/www.stormshield.com\/de\/wp-json\/wp\/v2\/pages\/41\/revisions"}],"predecessor-version":[{"id":609592,"href":"https:\/\/www.stormshield.com\/de\/wp-json\/wp\/v2\/pages\/41\/revisions\/609592"}],"wp:attachment":[{"href":"https:\/\/www.stormshield.com\/de\/wp-json\/wp\/v2\/media?parent=41"}],"curies":[{"name":"wp","href":"https:\/\/api.w.org\/{rel}","templated":true}]}}