{"id":38902,"date":"2017-07-28T13:17:56","date_gmt":"2017-07-28T12:17:56","guid":{"rendered":"https:\/\/www.stormshield.com\/securitybox-smartfile-reader\/"},"modified":"2024-06-20T12:24:00","modified_gmt":"2024-06-20T11:24:00","slug":"security-box-smart-file-reader","status":"publish","type":"page","link":"https:\/\/www.stormshield.com\/de\/produkte-und-services\/produkte\/datenverschluesselung\/sds-produktreihe\/security-box-smart-file-reader\/","title":{"rendered":"Security Box Smart File Reader"},"content":{"rendered":"<div class=\"wpb-content-wrapper\"><p>[vc_row css_animation=\"\" row_type=\"row\" use_row_as_full_screen_section=\"no\" type=\"grid\" angled_section=\"no\" text_align=\"left\" background_image_as_pattern=\"without_pattern\" z_index=\"\" background_color=\"#5b5c5f\" padding_top=\"125\" padding_bottom=\"125\"][vc_column][vc_column_text]<\/p>\n<h1><span style=\"color: #000000;\"><strong>Smart File Reader<\/strong><\/span><\/h1>\n<p><span style=\"color: #000000;\">Die einfache, kostenlose L\u00f6sung zum Entschl\u00fcsseln Ihrer Dateien<\/span>[\/vc_column_text][\/vc_column][\/vc_row][vc_row css_animation=\"\" row_type=\"row\" use_row_as_full_screen_section=\"no\" type=\"grid\" angled_section=\"no\" text_align=\"left\" background_image_as_pattern=\"without_pattern\" z_index=\"\" padding_top=\"50\" padding_bottom=\"50\"][vc_column width=\"2\/3\"][vc_column_text]https:\/\/www.stormshield.com\/de\/produkte-und-services\/produkte\/schutz-von-workstations-und-servern\/stormshield-endpoint-security\/<\/p>\n<h2><span style=\"color: #000; font-size: 1.2em; font-weight: 900;\">Eine kostenlose Entschl\u00fcsselungssoftware f\u00fcr alle Ihre eingehenden Dateien<\/span><\/h2>\n<p><span style=\"color: #000; font-size: 1.1em;\">Haben Sie eine Datei erhalten, die mit Stormshield Data Security File, Security Box Smart File oder Security Box File verschl\u00fcsselt worden ist? Nichts k\u00f6nnte einfacher sein: Mit dieser kostenlosen Anwendung k\u00f6nnen Sie eine von Ihrem Kontakt gesendete Datei entschl\u00fcsseln und \u00c4nderungen daran vornehmen, bevor Sie sie mit absoluter Sicherheit zur\u00fccksenden. Es ist keine Lizenz erforderlich.<\/span>[\/vc_column_text][vc_empty_space][\/vc_column][vc_column width=\"1\/3\" css=\".vc_custom_1705582747109{padding-top: 32px !important;padding-right: 32px !important;padding-bottom: 32px !important;padding-left: 32px !important;background-color: #f9f9f9 !important;}\"][vc_column_text]<span style=\"color: #000; font-size: 1.1em;\">SmartFile Reader ist eine kostenlose Anwendung zum Entschl\u00fcsseln von Dateien, die von Stormshield Data Security File, Security Box SmartFile oder Security Box File erzeugt wurden. <strong>So funktioniert es.<\/strong><\/span>[\/vc_column_text][vc_empty_space]<a  itemprop=\"url\" href=\"https:\/\/www.stormshield.com\/wp-content\/uploads\/SmartFile_Reader.zip\" target=\"_blank\" data-hover-background-color=\"#00aeef\" data-hover-border-color=\"#ffffff\" class=\"qbutton  white enlarge\" style=\"border-color: #ffffff; background-color:#060051;\">Download<i class=\"qode_icon_font_awesome fa fa-angle-right qode_button_icon_element\"><\/i><\/a>[vc_empty_space][\/vc_column][\/vc_row][vc_row css_animation=\"\" row_type=\"row\" use_row_as_full_screen_section=\"no\" type=\"grid\" angled_section=\"no\" text_align=\"left\" background_image_as_pattern=\"without_pattern\" z_index=\"\" padding_top=\"50\" padding_bottom=\"50\"][vc_column][vc_row_inner row_type=\"row\" type=\"full_width\" text_align=\"left\" css_animation=\"\" css=\".vc_custom_1705583289749{padding-top: 32px !important;padding-right: 32px !important;padding-bottom: 32px !important;padding-left: 32px !important;background-color: #f9f9f9 !important;}\"][vc_column_inner width=\"2\/3\"][vc_column_text]<\/p>\n<h3><span style=\"color: #000; font-size: 1.1em; font-weight: 900;\">Einfach zu installieren<\/span><\/h3>\n<p><span style=\"color: #000; font-size: 1.1em;\">Die SmartFile Reader-Software ist eine eigenst\u00e4ndige Anwendung, die keine komplizierte Installation erfordert. Laden Sie sie einfach herunter und starten Sie sie auf Ihrer Workstation.<\/span><\/p>\n<h3><span style=\"color: #000; font-size: 1.1em; font-weight: 900;\">Einfach zu starten<\/span><\/h3>\n<p><span style=\"color: #000; font-size: 1.1em;\">Nachdem Sie die Software heruntergeladen haben, klicken Sie sie einfach an, damit sie die verschl\u00fcsselten Dateien erkennt.<\/span><\/p>\n<p><span style=\"color: #000; font-size: 1.1em;\">Die Software wird automatisch gestartet, wenn Sie auf eine Datei mit der Erweiterung \".box\" doppelklicken.<\/span>[\/vc_column_text][vc_empty_space][\/vc_column_inner][vc_column_inner width=\"1\/3\"][vc_empty_space][vc_column_text]<img loading=\"lazy\" decoding=\"async\" class=\"size-medium wp-image-38885 aligncenter\" src=\"https:\/\/www.stormshield.com\/wp-content\/uploads\/2017\/07\/screenshot-reader-en-300x227-300x227.jpg\" alt=\"\" width=\"300\" height=\"227\" \/>[\/vc_column_text][vc_empty_space][\/vc_column_inner][\/vc_row_inner][\/vc_column][\/vc_row][vc_row css_animation=\"\" row_type=\"row\" use_row_as_full_screen_section=\"no\" type=\"grid\" angled_section=\"no\" text_align=\"left\" background_image_as_pattern=\"without_pattern\" z_index=\"\"][vc_column][vc_column_text]<\/p>\n<h2><span style=\"color: #000; font-size: 1.2em; font-weight: 900;\">Intuitive Nutzung der Datenverschl\u00fcsselung<\/span><\/h2>\n<p><span style=\"color: #000; font-size: 1.1em;\">Die Entschl\u00fcsselung einer von einem Mitarbeiter gesendeten Datei ist einfach: Doppelklicken Sie einfach auf die Datei, um SmartFile Reader zu starten.<\/span><\/p>\n<p><img loading=\"lazy\" decoding=\"async\" class=\"alignnone size-full wp-image-38888\" src=\"https:\/\/www.stormshield.com\/wp-content\/uploads\/logo-smartfile.jpg\" alt=\"\" width=\"48\" height=\"48\" \/> \u00a0<span style=\"color: #000; font-size: 1.1em;\"><strong>Klicken Sie auf dieses Symbol,<\/strong> um die Entschl\u00fcsselung der eingehenden Datei zu starten. Geben Sie das Passwort ein, und die entschl\u00fcsselte Datei wird automatisch in Ihrem Ordner \"Eigene Dateien\" abgelegt, wo sie ge\u00f6ffnet und bearbeitet werden kann. Beachten Sie, dass die Originaldatei bei diesem Vorgang nicht gel\u00f6scht wird.<\/span><\/p>\n<p><span style=\"color: #000; font-size: 1.1em;\">Bevor Sie die bearbeitete Datei an Ihren Mitarbeiter zur\u00fcckgeben, muss sie erneut gesichert werden. In der Praxis bedeutet dies, dass Sie den Inhalt der (von Ihrem Kollegen gesendeten) \".box\"-Datei durch den von Ihnen bearbeiteten Inhalt ersetzen.<\/span><\/p>\n<p><span style=\"color: #000; font-size: 1.1em;\">Am Ende des Vorgangs enth\u00e4lt die urspr\u00fcnglich von Ihrem Kollegen gesendete \".box\"-Datei die von Ihnen bearbeitete Datei. Doppelklicken Sie auf die Originaldatei, um die Anwendung SmartFile Reader zu starten.<\/span><\/p>\n<p><img loading=\"lazy\" decoding=\"async\" class=\"alignnone size-full wp-image-38889\" src=\"https:\/\/www.stormshield.com\/wp-content\/uploads\/logo-smartfilz2.jpg\" alt=\"\" width=\"48\" height=\"48\" \/>\u00a0 <span style=\"color: #000; font-size: 1.1em;\"><strong>Wenn Sie auf dieses Symbol klicken,<\/strong> k\u00f6nnen Sie die zu sichernde Datei ausw\u00e4hlen (das ist die Datei, die Sie bearbeitet haben und nun an Ihren Kollegen senden m\u00f6chten). Die neue Datei wird dann die urspr\u00fcngliche Datei ersetzen. Bitte beachten Sie, dass das Passwort zum Schutz dieser neuen Datei dasselbe ist wie das Passwort, das zum Schutz der Originaldatei verwendet wurde.<\/span>[\/vc_column_text][vc_empty_space][\/vc_column][\/vc_row][vc_row css_animation=\"\" row_type=\"row\" use_row_as_full_screen_section=\"no\" type=\"grid\" angled_section=\"no\" text_align=\"left\" background_image_as_pattern=\"without_pattern\" z_index=\"\" padding_top=\"50\" padding_bottom=\"50\"][vc_column css=\".vc_custom_1705583147433{padding-top: 32px !important;padding-right: 32px !important;padding-bottom: 32px !important;padding-left: 32px !important;background-color: #060051 !important;}\"][vc_empty_space][vc_column_text]<span style=\"color: #ffffff; font-size: 1.1em;\">Mit dieser Software k\u00f6nnen Sie empfangene Dokumente entschl\u00fcsseln. <strong>Wenn Sie bereit sind, die n\u00e4chste Stufe zu erreichen und selbst verschl\u00fcsselte Dateien zu versenden, sollten Sie sich die neuesten Produkte aus der Stormshield Data Security-Reihe ansehen.<\/strong><\/span><\/p>\n<p><span style=\"color: #ffffff; font-size: 1.1em;\">Und kommunizieren Sie in v\u00f6lliger Cyber-Gelassenheit.<\/span>[\/vc_column_text][vc_empty_space]<a  itemprop=\"url\" href=\"https:\/\/www.stormshield.com\/de\/produkte-und-services\/produkte\/datenverschluesselung\/sds-produktreihe\/\" target=\"_blank\" data-hover-background-color=\"#00aeef\" data-hover-border-color=\"#ffffff\" class=\"qbutton  white enlarge\" style=\"border-color: #ffffff; background-color:#060051;\">Stormshield Data Security<i class=\"qode_icon_font_awesome fa fa-angle-right qode_button_icon_element\"><\/i><\/a>[vc_empty_space][\/vc_column][\/vc_row]<\/p>\n<\/div>","protected":false},"excerpt":{"rendered":"<p>[vc_row css_animation=&#8220;&#8220; row_type=&#8220;row&#8220; use_row_as_full_screen_section=&#8220;no&#8220; type=&#8220;grid&#8220; angled_section=&#8220;no&#8220; text_align=&#8220;left&#8220; background_image_as_pattern=&#8220;without_pattern&#8220; z_index=&#8220;&#8220; background_color=&#8220;#5b5c5f&#8220; padding_top=&#8220;125&#8243; padding_bottom=&#8220;125&#8243;][vc_column][vc_column_text] Smart File Reader Die einfache, kostenlose L\u00f6sung zum Entschl\u00fcsseln Ihrer Dateien[\/vc_column_text][\/vc_column][\/vc_row][vc_row css_animation=&#8220;&#8220; row_type=&#8220;row&#8220; use_row_as_full_screen_section=&#8220;no&#8220; type=&#8220;grid&#8220; angled_section=&#8220;no&#8220; text_align=&#8220;left&#8220; background_image_as_pattern=&#8220;without_pattern&#8220; z_index=&#8220;&#8220; padding_top=&#8220;50&#8243; padding_bottom=&#8220;50&#8243;][vc_column width=&#8220;2\/3&#8243;][vc_column_text]https:\/\/www.stormshield.com\/de\/produkte-und-services\/produkte\/schutz-von-workstations-und-servern\/stormshield-endpoint-security\/ Eine kostenlose Entschl\u00fcsselungssoftware f\u00fcr alle Ihre eingehenden Dateien Haben Sie eine&#8230;<\/p>\n","protected":false},"author":9,"featured_media":0,"parent":315862,"menu_order":4,"comment_status":"closed","ping_status":"closed","template":"full_width.php","meta":{"_acf_changed":false,"footnotes":""},"class_list":["post-38902","page","type-page","status-publish","hentry"],"acf":[],"yoast_head":"<!-- This site is optimized with the Yoast SEO plugin v27.3 - https:\/\/yoast.com\/product\/yoast-seo-wordpress\/ -->\n<title>Smart File Reader: Dateien verschl\u00fcsseln und entschl\u00fcsseln<\/title>\n<meta name=\"description\" content=\"Smart File Reader ist eine kostenlose Anwendung zum Entschl\u00fcsseln von Dateien, die von SDS File, Security Box SmartFile oder Security Box File erzeugt wurden.\" \/>\n<meta name=\"robots\" content=\"index, follow, max-snippet:-1, max-image-preview:large, max-video-preview:-1\" \/>\n<link rel=\"canonical\" href=\"https:\/\/www.stormshield.com\/de\/produkte-und-services\/produkte\/datenverschluesselung\/sds-produktreihe\/security-box-smart-file-reader\/\" \/>\n<meta property=\"og:locale\" content=\"de_DE\" \/>\n<meta property=\"og:type\" content=\"article\" \/>\n<meta property=\"og:title\" content=\"Smart File Reader: Dateien verschl\u00fcsseln und entschl\u00fcsseln\" \/>\n<meta property=\"og:description\" content=\"Smart File Reader ist eine kostenlose Anwendung zum Entschl\u00fcsseln von Dateien, die von SDS File, Security Box SmartFile oder Security Box File erzeugt wurden.\" \/>\n<meta property=\"og:url\" content=\"https:\/\/www.stormshield.com\/de\/produkte-und-services\/produkte\/datenverschluesselung\/sds-produktreihe\/security-box-smart-file-reader\/\" \/>\n<meta property=\"og:site_name\" content=\"Stormshield\" \/>\n<meta property=\"article:modified_time\" content=\"2024-06-20T11:24:00+00:00\" \/>\n<meta property=\"og:image\" content=\"https:\/\/www.stormshield.com\/wp-content\/uploads\/2017\/07\/screenshot-reader-en-300x227-300x227.jpg\" \/>\n<meta name=\"twitter:card\" content=\"summary_large_image\" \/>\n<meta name=\"twitter:site\" content=\"@Stormshield\" \/>\n<meta name=\"twitter:label1\" content=\"Gesch\u00e4tzte Lesezeit\" \/>\n\t<meta name=\"twitter:data1\" content=\"3\u00a0Minuten\" \/>\n<script type=\"application\/ld+json\" class=\"yoast-schema-graph\">{\"@context\":\"https:\\\/\\\/schema.org\",\"@graph\":[{\"@type\":\"WebPage\",\"@id\":\"https:\\\/\\\/www.stormshield.com\\\/de\\\/produkte-und-services\\\/produkte\\\/datenverschluesselung\\\/sds-produktreihe\\\/security-box-smart-file-reader\\\/\",\"url\":\"https:\\\/\\\/www.stormshield.com\\\/de\\\/produkte-und-services\\\/produkte\\\/datenverschluesselung\\\/sds-produktreihe\\\/security-box-smart-file-reader\\\/\",\"name\":\"Smart File Reader: Dateien verschl\u00fcsseln und entschl\u00fcsseln\",\"isPartOf\":{\"@id\":\"https:\\\/\\\/www.stormshield.com\\\/de\\\/#website\"},\"primaryImageOfPage\":{\"@id\":\"https:\\\/\\\/www.stormshield.com\\\/de\\\/produkte-und-services\\\/produkte\\\/datenverschluesselung\\\/sds-produktreihe\\\/security-box-smart-file-reader\\\/#primaryimage\"},\"image\":{\"@id\":\"https:\\\/\\\/www.stormshield.com\\\/de\\\/produkte-und-services\\\/produkte\\\/datenverschluesselung\\\/sds-produktreihe\\\/security-box-smart-file-reader\\\/#primaryimage\"},\"thumbnailUrl\":\"https:\\\/\\\/www.stormshield.com\\\/wp-content\\\/uploads\\\/2017\\\/07\\\/screenshot-reader-en-300x227-300x227.jpg\",\"datePublished\":\"2017-07-28T12:17:56+00:00\",\"dateModified\":\"2024-06-20T11:24:00+00:00\",\"description\":\"Smart File Reader ist eine kostenlose Anwendung zum Entschl\u00fcsseln von Dateien, die von SDS File, Security Box SmartFile oder Security Box File erzeugt wurden.\",\"breadcrumb\":{\"@id\":\"https:\\\/\\\/www.stormshield.com\\\/de\\\/produkte-und-services\\\/produkte\\\/datenverschluesselung\\\/sds-produktreihe\\\/security-box-smart-file-reader\\\/#breadcrumb\"},\"inLanguage\":\"de\",\"potentialAction\":[{\"@type\":\"ReadAction\",\"target\":[\"https:\\\/\\\/www.stormshield.com\\\/de\\\/produkte-und-services\\\/produkte\\\/datenverschluesselung\\\/sds-produktreihe\\\/security-box-smart-file-reader\\\/\"]}]},{\"@type\":\"ImageObject\",\"inLanguage\":\"de\",\"@id\":\"https:\\\/\\\/www.stormshield.com\\\/de\\\/produkte-und-services\\\/produkte\\\/datenverschluesselung\\\/sds-produktreihe\\\/security-box-smart-file-reader\\\/#primaryimage\",\"url\":\"https:\\\/\\\/www.stormshield.com\\\/wp-content\\\/uploads\\\/2017\\\/07\\\/screenshot-reader-en-300x227-300x227.jpg\",\"contentUrl\":\"https:\\\/\\\/www.stormshield.com\\\/wp-content\\\/uploads\\\/2017\\\/07\\\/screenshot-reader-en-300x227-300x227.jpg\"},{\"@type\":\"BreadcrumbList\",\"@id\":\"https:\\\/\\\/www.stormshield.com\\\/de\\\/produkte-und-services\\\/produkte\\\/datenverschluesselung\\\/sds-produktreihe\\\/security-box-smart-file-reader\\\/#breadcrumb\",\"itemListElement\":[{\"@type\":\"ListItem\",\"position\":1,\"name\":\"Home\",\"item\":\"https:\\\/\\\/www.stormshield.com\\\/de\\\/\"},{\"@type\":\"ListItem\",\"position\":2,\"name\":\"Produkte &amp; Solutions\",\"item\":\"https:\\\/\\\/www.stormshield.com\\\/de\\\/produkte-und-services\\\/\"},{\"@type\":\"ListItem\",\"position\":3,\"name\":\"Produkte\",\"item\":\"https:\\\/\\\/www.stormshield.com\\\/de\\\/produkte-und-services\\\/produkte\\\/\"},{\"@type\":\"ListItem\",\"position\":4,\"name\":\"Datenverschl\u00fcsselung\",\"item\":\"https:\\\/\\\/www.stormshield.com\\\/de\\\/produkte-und-services\\\/produkte\\\/datenverschluesselung\\\/\"},{\"@type\":\"ListItem\",\"position\":5,\"name\":\"SDS Produktreihe\",\"item\":\"https:\\\/\\\/www.stormshield.com\\\/de\\\/produkte-und-services\\\/produkte\\\/datenverschluesselung\\\/sds-produktreihe\\\/\"},{\"@type\":\"ListItem\",\"position\":6,\"name\":\"Security Box Smart File Reader\"}]},{\"@type\":\"WebSite\",\"@id\":\"https:\\\/\\\/www.stormshield.com\\\/de\\\/#website\",\"url\":\"https:\\\/\\\/www.stormshield.com\\\/de\\\/\",\"name\":\"Stormshield\",\"description\":\"Stormshield\",\"potentialAction\":[{\"@type\":\"SearchAction\",\"target\":{\"@type\":\"EntryPoint\",\"urlTemplate\":\"https:\\\/\\\/www.stormshield.com\\\/de\\\/?s={search_term_string}\"},\"query-input\":{\"@type\":\"PropertyValueSpecification\",\"valueRequired\":true,\"valueName\":\"search_term_string\"}}],\"inLanguage\":\"de\"}]}<\/script>\n<!-- \/ Yoast SEO plugin. -->","yoast_head_json":{"title":"Smart File Reader: Dateien verschl\u00fcsseln und entschl\u00fcsseln","description":"Smart File Reader ist eine kostenlose Anwendung zum Entschl\u00fcsseln von Dateien, die von SDS File, Security Box SmartFile oder Security Box File erzeugt wurden.","robots":{"index":"index","follow":"follow","max-snippet":"max-snippet:-1","max-image-preview":"max-image-preview:large","max-video-preview":"max-video-preview:-1"},"canonical":"https:\/\/www.stormshield.com\/de\/produkte-und-services\/produkte\/datenverschluesselung\/sds-produktreihe\/security-box-smart-file-reader\/","og_locale":"de_DE","og_type":"article","og_title":"Smart File Reader: Dateien verschl\u00fcsseln und entschl\u00fcsseln","og_description":"Smart File Reader ist eine kostenlose Anwendung zum Entschl\u00fcsseln von Dateien, die von SDS File, Security Box SmartFile oder Security Box File erzeugt wurden.","og_url":"https:\/\/www.stormshield.com\/de\/produkte-und-services\/produkte\/datenverschluesselung\/sds-produktreihe\/security-box-smart-file-reader\/","og_site_name":"Stormshield","article_modified_time":"2024-06-20T11:24:00+00:00","og_image":[{"url":"https:\/\/www.stormshield.com\/wp-content\/uploads\/2017\/07\/screenshot-reader-en-300x227-300x227.jpg","type":"","width":"","height":""}],"twitter_card":"summary_large_image","twitter_site":"@Stormshield","twitter_misc":{"Gesch\u00e4tzte Lesezeit":"3\u00a0Minuten"},"schema":{"@context":"https:\/\/schema.org","@graph":[{"@type":"WebPage","@id":"https:\/\/www.stormshield.com\/de\/produkte-und-services\/produkte\/datenverschluesselung\/sds-produktreihe\/security-box-smart-file-reader\/","url":"https:\/\/www.stormshield.com\/de\/produkte-und-services\/produkte\/datenverschluesselung\/sds-produktreihe\/security-box-smart-file-reader\/","name":"Smart File Reader: Dateien verschl\u00fcsseln und entschl\u00fcsseln","isPartOf":{"@id":"https:\/\/www.stormshield.com\/de\/#website"},"primaryImageOfPage":{"@id":"https:\/\/www.stormshield.com\/de\/produkte-und-services\/produkte\/datenverschluesselung\/sds-produktreihe\/security-box-smart-file-reader\/#primaryimage"},"image":{"@id":"https:\/\/www.stormshield.com\/de\/produkte-und-services\/produkte\/datenverschluesselung\/sds-produktreihe\/security-box-smart-file-reader\/#primaryimage"},"thumbnailUrl":"https:\/\/www.stormshield.com\/wp-content\/uploads\/2017\/07\/screenshot-reader-en-300x227-300x227.jpg","datePublished":"2017-07-28T12:17:56+00:00","dateModified":"2024-06-20T11:24:00+00:00","description":"Smart File Reader ist eine kostenlose Anwendung zum Entschl\u00fcsseln von Dateien, die von SDS File, Security Box SmartFile oder Security Box File erzeugt wurden.","breadcrumb":{"@id":"https:\/\/www.stormshield.com\/de\/produkte-und-services\/produkte\/datenverschluesselung\/sds-produktreihe\/security-box-smart-file-reader\/#breadcrumb"},"inLanguage":"de","potentialAction":[{"@type":"ReadAction","target":["https:\/\/www.stormshield.com\/de\/produkte-und-services\/produkte\/datenverschluesselung\/sds-produktreihe\/security-box-smart-file-reader\/"]}]},{"@type":"ImageObject","inLanguage":"de","@id":"https:\/\/www.stormshield.com\/de\/produkte-und-services\/produkte\/datenverschluesselung\/sds-produktreihe\/security-box-smart-file-reader\/#primaryimage","url":"https:\/\/www.stormshield.com\/wp-content\/uploads\/2017\/07\/screenshot-reader-en-300x227-300x227.jpg","contentUrl":"https:\/\/www.stormshield.com\/wp-content\/uploads\/2017\/07\/screenshot-reader-en-300x227-300x227.jpg"},{"@type":"BreadcrumbList","@id":"https:\/\/www.stormshield.com\/de\/produkte-und-services\/produkte\/datenverschluesselung\/sds-produktreihe\/security-box-smart-file-reader\/#breadcrumb","itemListElement":[{"@type":"ListItem","position":1,"name":"Home","item":"https:\/\/www.stormshield.com\/de\/"},{"@type":"ListItem","position":2,"name":"Produkte &amp; Solutions","item":"https:\/\/www.stormshield.com\/de\/produkte-und-services\/"},{"@type":"ListItem","position":3,"name":"Produkte","item":"https:\/\/www.stormshield.com\/de\/produkte-und-services\/produkte\/"},{"@type":"ListItem","position":4,"name":"Datenverschl\u00fcsselung","item":"https:\/\/www.stormshield.com\/de\/produkte-und-services\/produkte\/datenverschluesselung\/"},{"@type":"ListItem","position":5,"name":"SDS Produktreihe","item":"https:\/\/www.stormshield.com\/de\/produkte-und-services\/produkte\/datenverschluesselung\/sds-produktreihe\/"},{"@type":"ListItem","position":6,"name":"Security Box Smart File Reader"}]},{"@type":"WebSite","@id":"https:\/\/www.stormshield.com\/de\/#website","url":"https:\/\/www.stormshield.com\/de\/","name":"Stormshield","description":"Stormshield","potentialAction":[{"@type":"SearchAction","target":{"@type":"EntryPoint","urlTemplate":"https:\/\/www.stormshield.com\/de\/?s={search_term_string}"},"query-input":{"@type":"PropertyValueSpecification","valueRequired":true,"valueName":"search_term_string"}}],"inLanguage":"de"}]}},"_links":{"self":[{"href":"https:\/\/www.stormshield.com\/de\/wp-json\/wp\/v2\/pages\/38902","targetHints":{"allow":["GET"]}}],"collection":[{"href":"https:\/\/www.stormshield.com\/de\/wp-json\/wp\/v2\/pages"}],"about":[{"href":"https:\/\/www.stormshield.com\/de\/wp-json\/wp\/v2\/types\/page"}],"author":[{"embeddable":true,"href":"https:\/\/www.stormshield.com\/de\/wp-json\/wp\/v2\/users\/9"}],"replies":[{"embeddable":true,"href":"https:\/\/www.stormshield.com\/de\/wp-json\/wp\/v2\/comments?post=38902"}],"version-history":[{"count":22,"href":"https:\/\/www.stormshield.com\/de\/wp-json\/wp\/v2\/pages\/38902\/revisions"}],"predecessor-version":[{"id":548795,"href":"https:\/\/www.stormshield.com\/de\/wp-json\/wp\/v2\/pages\/38902\/revisions\/548795"}],"up":[{"embeddable":true,"href":"https:\/\/www.stormshield.com\/de\/wp-json\/wp\/v2\/pages\/315862"}],"wp:attachment":[{"href":"https:\/\/www.stormshield.com\/de\/wp-json\/wp\/v2\/media?parent=38902"}],"curies":[{"name":"wp","href":"https:\/\/api.w.org\/{rel}","templated":true}]}}