{"id":38788,"date":"2017-07-27T11:54:57","date_gmt":"2017-07-27T10:54:57","guid":{"rendered":"https:\/\/www.stormshield.com\/ueber-uns\/38760-2\/"},"modified":"2024-01-05T14:54:39","modified_gmt":"2024-01-05T13:54:39","slug":"vertriebsniederlassungen","status":"publish","type":"page","link":"https:\/\/www.stormshield.com\/de\/ueber-uns\/vertriebsniederlassungen\/","title":{"rendered":"Vertriebsniederlassungen"},"content":{"rendered":"<div class=\"wpb-content-wrapper\"><p>[vc_row css_animation=\"\" row_type=\"row\" use_row_as_full_screen_section=\"no\" type=\"grid\" angled_section=\"no\" text_align=\"left\" background_image_as_pattern=\"without_pattern\" z_index=\"\" padding_top=\"50\" padding_bottom=\"50\"][vc_column][vc_empty_space][vc_column_text]<\/p>\n<h1 style=\"text-align: center;\"><span style=\"color: #00aaf5;\"><span style=\"font-weight: 900; font-size: 1.5em;\">Vertriebsb\u00fcros in Deutschland <\/span><\/span><span style=\"color: #00aaf5;\"><span style=\"font-weight: 300; font-size: 1.5em;\">und auf internationaler Ebene, die Ihren Aktivit\u00e4ten am n\u00e4chsten sind<\/span><\/span><\/h1>\n<p>[\/vc_column_text][vc_empty_space][\/vc_column][\/vc_row][vc_row css_animation=\"\" row_type=\"row\" use_row_as_full_screen_section=\"no\" type=\"grid\" angled_section=\"no\" text_align=\"left\" background_image_as_pattern=\"without_pattern\" z_index=\"\" padding_bottom=\"50\"][vc_column][vc_row_inner row_type=\"row\" type=\"full_width\" text_align=\"left\" css_animation=\"\"][vc_column_inner width=\"2\/3\"][vc_column_text]<\/p>\n<h2><span style=\"color: #000; font-size: 1.2em; font-weight: 900;\">Das B\u00fcro von Stormshield in Deutschland<\/span><\/h2>\n<p><span style=\"color: #000; font-size: 1.1em;\">Um sich \u00fcber ein bestimmtes Projekt auszutauschen oder einen technischen Termin zu vereinbaren, stehen Ihnen die Teams unseres Vertriebsb\u00fcros in Deutschland zur Verf\u00fcgung. Sie finden <a style=\"color: #000000;\" href=\"https:\/\/www.stormshield.com\/de\/ueber-uns\/\">unsere Teams<\/a> auch in mehreren anderen europ\u00e4ischen L\u00e4ndern: Spanien, Italien und Polen.<\/span>[\/vc_column_text][vc_empty_space][\/vc_column_inner][vc_column_inner width=\"1\/3\"][vc_single_image image=\"328933\" img_size=\"medium\" alignment=\"center\" qode_css_animation=\"\"][\/vc_column_inner][\/vc_row_inner][vc_row_inner row_type=\"row\" type=\"full_width\" text_align=\"left\" css_animation=\"\"][vc_column_inner width=\"1\/4\" css=\".vc_custom_1704462772232{padding-top: 12px !important;padding-right: 12px !important;padding-bottom: 12px !important;padding-left: 12px !important;background-color: #f9f9f9 !important;}\"][vc_column_text]<span style=\"color: #000000;\"><span style=\"font-size: 1.2em; font-weight: 900;\">Deutschland<\/span><\/span><br \/>\n<span style=\"color: #000; font-size: 1.1em;\">Lilienthalstr. 27<br \/>\n85399 Hallbergmoos<br \/>\n<strong>+49 89 8091 3578 \u2013 0<\/strong><\/span>[\/vc_column_text][\/vc_column_inner][vc_column_inner width=\"1\/4\"][vc_column_text]<span style=\"color: #000000;\"><a style=\"color: #000000;\" href=\"https:\/\/www.stormshield.com\/es\/\" target=\"_blank\" rel=\"noopener\"><span style=\"font-size: 1.2em; font-weight: 900;\">Spanien<\/span><\/a><\/span><br \/>\n<span style=\"color: #000; font-size: 1.1em;\">Paseo de la Castellana,<br \/>\n200, 7\u00aa planta,<br \/>\n28046, Madrid<br \/>\n<strong>+34 91 904 7244<\/strong><\/span>[\/vc_column_text][\/vc_column_inner][vc_column_inner width=\"1\/4\"][vc_column_text]<span style=\"color: #000000;\"><a style=\"color: #000000;\" href=\"\/?p=171244\" target=\"_blank\" rel=\"noopener\"><span style=\"font-size: 1.2em; font-weight: 900;\">Italien<\/span><\/a><\/span><br \/>\n<span style=\"color: #000; font-size: 1.1em;\">Via Leone XIII, 10<br \/>\n20145 Milan<br \/>\n<strong>+39 329 951 5335<\/strong><\/span>[\/vc_column_text][\/vc_column_inner][vc_column_inner width=\"1\/4\"][vc_column_text]<span style=\"color: #000000;\"><a style=\"color: #000000;\" href=\"https:\/\/stormshield.pl\/\" target=\"_blank\" rel=\"noopener\"><span style=\"font-size: 1.2em; font-weight: 900;\">Polen<\/span><\/a><\/span><br \/>\n<span style=\"color: #000; font-size: 1.1em;\">ul. Marszalkowska 111<br \/>\n00-102 Warszawa<br \/>\n<strong>+48 22 460 03 61<\/strong><\/span>[\/vc_column_text][\/vc_column_inner][\/vc_row_inner][vc_row_inner row_type=\"row\" type=\"full_width\" text_align=\"left\" css_animation=\"\"][vc_column_inner][vc_empty_space height=\"12px\"]<a  itemprop=\"url\" href=\"https:\/\/www.stormshield.com\/de\/kontakt\/\" target=\"_blank\" data-hover-background-color=\"#d23467\" data-hover-border-color=\"#ffffff\" class=\"qbutton  white enlarge\" style=\"border-color: #ffffff; background-color:#060051;\">Kontakt<i class=\"qode_icon_font_awesome fa fa-angle-right qode_button_icon_element\"><\/i><\/a>[\/vc_column_inner][\/vc_row_inner][\/vc_column][\/vc_row][vc_row css_animation=\"\" row_type=\"row\" use_row_as_full_screen_section=\"no\" type=\"grid\" angled_section=\"no\" text_align=\"left\" background_image_as_pattern=\"without_pattern\" z_index=\"\" padding_bottom=\"50\"][vc_column][vc_row_inner row_type=\"row\" type=\"full_width\" text_align=\"left\" css_animation=\"\"][vc_column_inner width=\"2\/3\"][vc_column_text]<\/p>\n<h2><span style=\"color: #000; font-size: 1.2em; font-weight: 900;\">Stormshield-B\u00fcros in ganz Frankreich<\/span><\/h2>\n<p><span style=\"color: #000; font-size: 1.1em;\">Um unsere Teams zu kontaktieren, ein bestimmtes Projekt zu besprechen, sich f\u00fcr eine Ausschreibung zu bewerben oder ein technisches Gespr\u00e4ch zu vereinbaren: Informieren Sie sich \u00fcber unsere verschiedenen Standorte und Vertriebsb\u00fcros in ganz Frankreich. Unsere Teams befinden sich in Lille, Lyon, Paris und Toulouse.<\/span>[\/vc_column_text][vc_empty_space][\/vc_column_inner][vc_column_inner width=\"1\/3\"][vc_single_image image=\"255653\" img_size=\"medium\" alignment=\"center\" qode_css_animation=\"\"][\/vc_column_inner][\/vc_row_inner][vc_row_inner row_type=\"row\" type=\"full_width\" text_align=\"left\" css_animation=\"\"][vc_column_inner width=\"1\/4\"][vc_column_text]<span style=\"color: #000; font-size: 1.2em; font-weight: 900;\">Paris<\/span><br \/>\n<span style=\"color: #000; font-size: 1.1em;\">22, rue du Gouverneur G\u00e9n\u00e9ral \u00c9bou\u00e9<br \/>\n<\/span><span style=\"color: #000; font-size: 1.1em;\">92130 Issy-les-Moulineaux<\/span>[\/vc_column_text][\/vc_column_inner][vc_column_inner width=\"1\/4\"][vc_column_text]<span style=\"color: #000; font-size: 1.2em; font-weight: 900;\">Lille<\/span><br \/>\n<span style=\"color: #000; font-size: 1.1em;\">Parc Scientifique Haute Borne\/Parc Horizon<br \/>\nB\u00e2timent 6, Avenue de l'Horizon<br \/>\n59650 Villeneuve d'Ascq<\/span>[\/vc_column_text][\/vc_column_inner][vc_column_inner width=\"1\/4\"][vc_column_text]<span style=\"color: #000; font-size: 1.2em; font-weight: 900;\">Lyon<\/span><br \/>\n<span style=\"color: #000; font-size: 1.1em;\">1 Place Verrazzano<br \/>\nCS 30603<br \/>\n69258 Lyon - Cedex 9<\/span>[\/vc_column_text][\/vc_column_inner][vc_column_inner width=\"1\/4\"][vc_column_text]<span style=\"color: #000; font-size: 1.2em; font-weight: 900;\">Toulouse<\/span><br \/>\n<span style=\"color: #000; font-size: 1.1em;\">B\u00e2timent Delta Center<br \/>\n15 chemin de la Crabe<br \/>\n31300 Toulouse<\/span>[\/vc_column_text][\/vc_column_inner][\/vc_row_inner][\/vc_column][\/vc_row][vc_row css_animation=\"\" row_type=\"row\" use_row_as_full_screen_section=\"no\" type=\"grid\" angled_section=\"no\" text_align=\"left\" background_image_as_pattern=\"without_pattern\" z_index=\"\" padding_bottom=\"50\" css=\".vc_custom_1697804221509{background-color: #ffffff !important;}\" padding_top=\"50\"][vc_column][vc_row_inner row_type=\"row\" type=\"full_width\" text_align=\"left\" css_animation=\"\" background_color=\"#f9f9f9\" css=\".vc_custom_1697805747463{padding-top: 32px !important;padding-right: 32px !important;padding-bottom: 32px !important;padding-left: 32px !important;}\"][vc_column_inner][vc_column_text]<span style=\"font-size: 1.1em; color: #000000;\">Wollen Sie die Geschichte von Stormshield mitgestalten? Wenn Sie neugierig, leidenschaftlich und genau sind, entfalten Sie Ihr Potenzial, entwickeln Sie Ihre F\u00e4higkeiten weiter und helfen Sie uns, das Unternehmen von morgen aufzubauen!<\/span><\/p>\n<p>[\/vc_column_text][vc_empty_space]<a  itemprop=\"url\" href=\"https:\/\/www.stormshield.com\/de\/mitarbeit\/\" target=\"_blank\" data-hover-background-color=\"#d23467\" data-hover-border-color=\"#ffffff\" class=\"qbutton  white enlarge\" style=\"border-color: #ffffff; background-color:#060051;\">Mitarbeit<i class=\"qode_icon_font_awesome fa fa-angle-right qode_button_icon_element\"><\/i><\/a>[vc_empty_space][\/vc_column_inner][\/vc_row_inner][\/vc_column][\/vc_row]<\/p>\n<\/div>","protected":false},"excerpt":{"rendered":"<p>[vc_row css_animation=&#8220;&#8220; row_type=&#8220;row&#8220; use_row_as_full_screen_section=&#8220;no&#8220; type=&#8220;grid&#8220; angled_section=&#8220;no&#8220; text_align=&#8220;left&#8220; background_image_as_pattern=&#8220;without_pattern&#8220; z_index=&#8220;&#8220; padding_top=&#8220;50&#8243; padding_bottom=&#8220;50&#8243;][vc_column][vc_empty_space][vc_column_text] Vertriebsb\u00fcros in Deutschland und auf internationaler Ebene, die Ihren Aktivit\u00e4ten am n\u00e4chsten sind [\/vc_column_text][vc_empty_space][\/vc_column][\/vc_row][vc_row css_animation=&#8220;&#8220; row_type=&#8220;row&#8220; use_row_as_full_screen_section=&#8220;no&#8220; type=&#8220;grid&#8220; angled_section=&#8220;no&#8220; text_align=&#8220;left&#8220; background_image_as_pattern=&#8220;without_pattern&#8220; z_index=&#8220;&#8220; padding_bottom=&#8220;50&#8243;][vc_column][vc_row_inner row_type=&#8220;row&#8220; type=&#8220;full_width&#8220; text_align=&#8220;left&#8220; css_animation=&#8220;&#8220;][vc_column_inner width=&#8220;2\/3&#8243;][vc_column_text] Das B\u00fcro von Stormshield in Deutschland&#8230;<\/p>\n","protected":false},"author":9,"featured_media":0,"parent":22529,"menu_order":128,"comment_status":"closed","ping_status":"closed","template":"full_width.php","meta":{"_acf_changed":false,"footnotes":""},"class_list":["post-38788","page","type-page","status-publish","hentry"],"acf":[],"yoast_head":"<!-- This site is optimized with the Yoast SEO plugin v27.3 - https:\/\/yoast.com\/product\/yoast-seo-wordpress\/ -->\n<title>Unsere Handelsniederlassungen weltweit | Stormshield<\/title>\n<meta name=\"description\" content=\"Finden Sie unsere weltweiten Standorte und B\u00fcros, um mit unseren Teams in Kontakt zu treten, Ihr Projekt zu besprechen oder ein technisches Treffen zu vereinbaren.\" \/>\n<meta name=\"robots\" content=\"index, follow, max-snippet:-1, max-image-preview:large, max-video-preview:-1\" \/>\n<link rel=\"canonical\" href=\"https:\/\/www.stormshield.com\/de\/ueber-uns\/vertriebsniederlassungen\/\" \/>\n<meta property=\"og:locale\" content=\"de_DE\" \/>\n<meta property=\"og:type\" content=\"article\" \/>\n<meta property=\"og:title\" content=\"Unsere Handelsniederlassungen weltweit | Stormshield\" \/>\n<meta property=\"og:description\" content=\"Finden Sie unsere weltweiten Standorte und B\u00fcros, um mit unseren Teams in Kontakt zu treten, Ihr Projekt zu besprechen oder ein technisches Treffen zu vereinbaren.\" \/>\n<meta property=\"og:url\" content=\"https:\/\/www.stormshield.com\/de\/ueber-uns\/vertriebsniederlassungen\/\" \/>\n<meta property=\"og:site_name\" content=\"Stormshield\" \/>\n<meta property=\"article:modified_time\" content=\"2024-01-05T13:54:39+00:00\" \/>\n<meta property=\"og:image\" content=\"https:\/\/www.stormshield.com\/wp-content\/uploads\/stormshield_logo.png\" \/>\n\t<meta property=\"og:image:width\" content=\"204\" \/>\n\t<meta property=\"og:image:height\" content=\"94\" \/>\n\t<meta property=\"og:image:type\" content=\"image\/png\" \/>\n<meta name=\"twitter:card\" content=\"summary_large_image\" \/>\n<meta name=\"twitter:site\" content=\"@Stormshield\" \/>\n<meta name=\"twitter:label1\" content=\"Gesch\u00e4tzte Lesezeit\" \/>\n\t<meta name=\"twitter:data1\" content=\"2\u00a0Minuten\" \/>\n<script type=\"application\/ld+json\" class=\"yoast-schema-graph\">{\"@context\":\"https:\\\/\\\/schema.org\",\"@graph\":[{\"@type\":\"WebPage\",\"@id\":\"https:\\\/\\\/www.stormshield.com\\\/de\\\/ueber-uns\\\/vertriebsniederlassungen\\\/\",\"url\":\"https:\\\/\\\/www.stormshield.com\\\/de\\\/ueber-uns\\\/vertriebsniederlassungen\\\/\",\"name\":\"Unsere Handelsniederlassungen weltweit | Stormshield\",\"isPartOf\":{\"@id\":\"https:\\\/\\\/www.stormshield.com\\\/de\\\/#website\"},\"datePublished\":\"2017-07-27T10:54:57+00:00\",\"dateModified\":\"2024-01-05T13:54:39+00:00\",\"description\":\"Finden Sie unsere weltweiten Standorte und B\u00fcros, um mit unseren Teams in Kontakt zu treten, Ihr Projekt zu besprechen oder ein technisches Treffen zu vereinbaren.\",\"breadcrumb\":{\"@id\":\"https:\\\/\\\/www.stormshield.com\\\/de\\\/ueber-uns\\\/vertriebsniederlassungen\\\/#breadcrumb\"},\"inLanguage\":\"de\",\"potentialAction\":[{\"@type\":\"ReadAction\",\"target\":[\"https:\\\/\\\/www.stormshield.com\\\/de\\\/ueber-uns\\\/vertriebsniederlassungen\\\/\"]}]},{\"@type\":\"BreadcrumbList\",\"@id\":\"https:\\\/\\\/www.stormshield.com\\\/de\\\/ueber-uns\\\/vertriebsniederlassungen\\\/#breadcrumb\",\"itemListElement\":[{\"@type\":\"ListItem\",\"position\":1,\"name\":\"Home\",\"item\":\"https:\\\/\\\/www.stormshield.com\\\/de\\\/\"},{\"@type\":\"ListItem\",\"position\":2,\"name\":\"\u00dcber uns\",\"item\":\"https:\\\/\\\/www.stormshield.com\\\/de\\\/ueber-uns\\\/\"},{\"@type\":\"ListItem\",\"position\":3,\"name\":\"Vertriebsniederlassungen\"}]},{\"@type\":\"WebSite\",\"@id\":\"https:\\\/\\\/www.stormshield.com\\\/de\\\/#website\",\"url\":\"https:\\\/\\\/www.stormshield.com\\\/de\\\/\",\"name\":\"Stormshield\",\"description\":\"Stormshield\",\"potentialAction\":[{\"@type\":\"SearchAction\",\"target\":{\"@type\":\"EntryPoint\",\"urlTemplate\":\"https:\\\/\\\/www.stormshield.com\\\/de\\\/?s={search_term_string}\"},\"query-input\":{\"@type\":\"PropertyValueSpecification\",\"valueRequired\":true,\"valueName\":\"search_term_string\"}}],\"inLanguage\":\"de\"}]}<\/script>\n<!-- \/ Yoast SEO plugin. -->","yoast_head_json":{"title":"Unsere Handelsniederlassungen weltweit | Stormshield","description":"Finden Sie unsere weltweiten Standorte und B\u00fcros, um mit unseren Teams in Kontakt zu treten, Ihr Projekt zu besprechen oder ein technisches Treffen zu vereinbaren.","robots":{"index":"index","follow":"follow","max-snippet":"max-snippet:-1","max-image-preview":"max-image-preview:large","max-video-preview":"max-video-preview:-1"},"canonical":"https:\/\/www.stormshield.com\/de\/ueber-uns\/vertriebsniederlassungen\/","og_locale":"de_DE","og_type":"article","og_title":"Unsere Handelsniederlassungen weltweit | Stormshield","og_description":"Finden Sie unsere weltweiten Standorte und B\u00fcros, um mit unseren Teams in Kontakt zu treten, Ihr Projekt zu besprechen oder ein technisches Treffen zu vereinbaren.","og_url":"https:\/\/www.stormshield.com\/de\/ueber-uns\/vertriebsniederlassungen\/","og_site_name":"Stormshield","article_modified_time":"2024-01-05T13:54:39+00:00","og_image":[{"width":204,"height":94,"url":"https:\/\/www.stormshield.com\/wp-content\/uploads\/stormshield_logo.png","type":"image\/png"}],"twitter_card":"summary_large_image","twitter_site":"@Stormshield","twitter_misc":{"Gesch\u00e4tzte Lesezeit":"2\u00a0Minuten"},"schema":{"@context":"https:\/\/schema.org","@graph":[{"@type":"WebPage","@id":"https:\/\/www.stormshield.com\/de\/ueber-uns\/vertriebsniederlassungen\/","url":"https:\/\/www.stormshield.com\/de\/ueber-uns\/vertriebsniederlassungen\/","name":"Unsere Handelsniederlassungen weltweit | Stormshield","isPartOf":{"@id":"https:\/\/www.stormshield.com\/de\/#website"},"datePublished":"2017-07-27T10:54:57+00:00","dateModified":"2024-01-05T13:54:39+00:00","description":"Finden Sie unsere weltweiten Standorte und B\u00fcros, um mit unseren Teams in Kontakt zu treten, Ihr Projekt zu besprechen oder ein technisches Treffen zu vereinbaren.","breadcrumb":{"@id":"https:\/\/www.stormshield.com\/de\/ueber-uns\/vertriebsniederlassungen\/#breadcrumb"},"inLanguage":"de","potentialAction":[{"@type":"ReadAction","target":["https:\/\/www.stormshield.com\/de\/ueber-uns\/vertriebsniederlassungen\/"]}]},{"@type":"BreadcrumbList","@id":"https:\/\/www.stormshield.com\/de\/ueber-uns\/vertriebsniederlassungen\/#breadcrumb","itemListElement":[{"@type":"ListItem","position":1,"name":"Home","item":"https:\/\/www.stormshield.com\/de\/"},{"@type":"ListItem","position":2,"name":"\u00dcber uns","item":"https:\/\/www.stormshield.com\/de\/ueber-uns\/"},{"@type":"ListItem","position":3,"name":"Vertriebsniederlassungen"}]},{"@type":"WebSite","@id":"https:\/\/www.stormshield.com\/de\/#website","url":"https:\/\/www.stormshield.com\/de\/","name":"Stormshield","description":"Stormshield","potentialAction":[{"@type":"SearchAction","target":{"@type":"EntryPoint","urlTemplate":"https:\/\/www.stormshield.com\/de\/?s={search_term_string}"},"query-input":{"@type":"PropertyValueSpecification","valueRequired":true,"valueName":"search_term_string"}}],"inLanguage":"de"}]}},"_links":{"self":[{"href":"https:\/\/www.stormshield.com\/de\/wp-json\/wp\/v2\/pages\/38788","targetHints":{"allow":["GET"]}}],"collection":[{"href":"https:\/\/www.stormshield.com\/de\/wp-json\/wp\/v2\/pages"}],"about":[{"href":"https:\/\/www.stormshield.com\/de\/wp-json\/wp\/v2\/types\/page"}],"author":[{"embeddable":true,"href":"https:\/\/www.stormshield.com\/de\/wp-json\/wp\/v2\/users\/9"}],"replies":[{"embeddable":true,"href":"https:\/\/www.stormshield.com\/de\/wp-json\/wp\/v2\/comments?post=38788"}],"version-history":[{"count":35,"href":"https:\/\/www.stormshield.com\/de\/wp-json\/wp\/v2\/pages\/38788\/revisions"}],"predecessor-version":[{"id":484365,"href":"https:\/\/www.stormshield.com\/de\/wp-json\/wp\/v2\/pages\/38788\/revisions\/484365"}],"up":[{"embeddable":true,"href":"https:\/\/www.stormshield.com\/de\/wp-json\/wp\/v2\/pages\/22529"}],"wp:attachment":[{"href":"https:\/\/www.stormshield.com\/de\/wp-json\/wp\/v2\/media?parent=38788"}],"curies":[{"name":"wp","href":"https:\/\/api.w.org\/{rel}","templated":true}]}}