{"id":28,"date":"2016-05-31T10:40:49","date_gmt":"2016-05-31T09:40:49","guid":{"rendered":"https:\/\/www.stormshield.com\/?page_id=28&#038;lang=de"},"modified":"2024-03-04T13:58:41","modified_gmt":"2024-03-04T12:58:41","slug":"produkte-und-services","status":"publish","type":"page","link":"https:\/\/www.stormshield.com\/de\/produkte-und-services\/","title":{"rendered":"Produkte &amp; Solutions"},"content":{"rendered":"<div class=\"wpb-content-wrapper\"><p>[vc_row css_animation=\"\" row_type=\"row\" use_row_as_full_screen_section=\"no\" type=\"grid\" angled_section=\"no\" text_align=\"left\" background_image_as_pattern=\"without_pattern\" z_index=\"\" padding_top=\"50\" padding_bottom=\"50\"][vc_column][vc_column_text]<\/p>\n<h1 style=\"text-align: center;\"><span style=\"color: #00aaf5;\"><span style=\"font-weight: 300; font-size: 1.5em;\">Stormshield-L\u00f6sungen und -Produkte,<\/span><\/span><span style=\"color: #00aaf5;\"><span style=\"font-weight: 900; font-size: 1.5em;\"> Sicherheit f\u00fcr Ihr Unternehmen und Ihren Betrieb<\/span><\/span><\/h1>\n<p>[\/vc_column_text][\/vc_column][\/vc_row][vc_row css_animation=\"\" row_type=\"row\" use_row_as_full_screen_section=\"no\" type=\"grid\" angled_section=\"no\" text_align=\"left\" background_image_as_pattern=\"without_pattern\" z_index=\"\" padding_top=\"50\" padding_bottom=\"50\"][vc_column][vc_row_inner row_type=\"row\" type=\"full_width\" text_align=\"left\" css_animation=\"\"][vc_column_inner][vc_column_text]<span style=\"color: #000; font-size: 1.1em;\">Das Ziel von Stormshield ist es, seinen Kunden robuste und ethische Garantien zu bieten, aktiv zuzuh\u00f6ren und ma\u00dfgeschneiderte Unterst\u00fctzung zu leisten sowie L\u00f6sungen bereitzustellen, die einfach zu integrieren und mit minimalen Auswirkungen auf ihr Gesch\u00e4ft zu betreiben sind. <strong>Unsere Aufgabe: Organisationen, die kritische und betriebliche Infrastrukturen betreiben, Cyber-Serenity zur Verf\u00fcgung zu stellen, damit sie sich in aller Ruhe auf ihre Kernaufgabe konzentrieren k\u00f6nnen<\/strong>, die f\u00fcr das reibungslose Funktionieren unserer Institutionen, unserer Wirtschaft und der Dienstleistungen f\u00fcr die Bev\u00f6lkerung so wichtig ist.<\/span>[\/vc_column_text][vc_empty_space][\/vc_column_inner][\/vc_row_inner][vc_row_inner row_type=\"row\" type=\"full_width\" text_align=\"left\" css_animation=\"\"][vc_column_inner width=\"1\/4\"][vc_single_image image=\"456230\" img_size=\"100x100\" alignment=\"center\" qode_css_animation=\"\"][vc_column_text]<\/p>\n<p style=\"text-align: center;\"><span style=\"color: #000; font-size: 1.1em;\">L\u00f6sungen und Produkte f\u00fcr Ihren <strong>Netzwerkschutz<\/strong><br \/>\n<\/span><\/p>\n<p>[\/vc_column_text][\/vc_column_inner][vc_column_inner width=\"1\/4\"][vc_single_image image=\"456355\" img_size=\"100x100\" alignment=\"center\" qode_css_animation=\"\"][vc_column_text]<\/p>\n<p style=\"text-align: center;\"><span style=\"color: #000; font-size: 1.1em;\">L\u00f6sungen und Produkte f\u00fcr Ihren <strong>Endpunktschutz<\/strong><br \/>\n<\/span><\/p>\n<p>[\/vc_column_text][\/vc_column_inner][vc_column_inner width=\"1\/4\"][vc_single_image image=\"456645\" img_size=\"100x100\" alignment=\"center\" qode_css_animation=\"\"][vc_column_text]<\/p>\n<p style=\"text-align: center;\"><span style=\"color: #000; font-size: 1.1em;\">L\u00f6sungen und Produkte f\u00fcr Ihren <strong>Datenschutz<\/strong><br \/>\n<\/span><\/p>\n<p>[\/vc_column_text][\/vc_column_inner][vc_column_inner width=\"1\/4\"][vc_single_image image=\"456245\" img_size=\"100x100\" alignment=\"center\" qode_css_animation=\"\"][vc_column_text]<\/p>\n<p style=\"text-align: center;\"><span style=\"color: #000; font-size: 1.1em;\">L\u00f6sungen und Produkte f\u00fcr Ihre <strong>industrielle Cybersicherheit<\/strong><\/span><\/p>\n<p>[\/vc_column_text][\/vc_column_inner][\/vc_row_inner][\/vc_column][\/vc_row][vc_row css_animation=\"\" row_type=\"row\" use_row_as_full_screen_section=\"no\" type=\"grid\" angled_section=\"no\" text_align=\"left\" background_image_as_pattern=\"without_pattern\" z_index=\"\" padding_bottom=\"50\"][vc_column][vc_row_inner row_type=\"row\" type=\"full_width\" text_align=\"left\" css_animation=\"\" css=\".vc_custom_1709542035926{padding-top: 32px !important;padding-right: 32px !important;padding-bottom: 32px !important;padding-left: 32px !important;background-color: #f9f9f9 !important;}\"][vc_column_inner width=\"2\/3\"][vc_column_text]<\/p>\n<h2><span style=\"color: #000; font-size: 1.2em; font-weight: 900;\">Stormshield-L\u00f6sungen f\u00fcr eine einzigartige und qualifizierte Netzwerksicherheit<\/span><\/h2>\n<p><span style=\"color: #000; font-size: 1.1em;\">Die Firewall-L\u00f6sungen Stormshield Network Security (SNS) werden mit ihren wesentlichen Funktionen an Ihre jeweiligen Anforderungen angepasst.<\/span><\/p>\n<ul>\n<li><span style=\"color: #000; font-size: 1.1em;\">Profitieren Sie von unvergleichlichen Leistungen zum kleinen Preis.<br \/>\n<\/span><\/li>\n<li><span style=\"color: #000; font-size: 1.1em;\">Stellen Sie den durchg\u00e4ngigen Betrieb Ihres Unternehmens auch bei den ausgefeiltesten Angriffen sicher, indem Sie <\/span><\/li>\n<li><span style=\"color: #000; font-size: 1.1em;\">Schwachstellen in Echtzeit verwalten (Vorbeugung und Intrusionserkennung, Anwendungs\u00fcberwachung, Virenschutz).<br \/>\n<\/span><\/li>\n<li><span style=\"color: #000; font-size: 1.1em;\">Behalten Sie die Kontrolle \u00fcber Ihre Internetnutzung durch die \u00dcberwachung des Surfverhaltens und der Auswirkungen auf Ihre Branchenanwendungen.<br \/>\n<\/span><\/li>\n<li><span style=\"color: #000; font-size: 1.1em;\">Sch\u00fctzen Sie die Verbindungen Ihrer Mitarbeitenden und Ihrer Standorte.<br \/>\n<\/span><\/li>\n<li><span style=\"color: #000; font-size: 1.1em;\">Achten Sie darauf, dass Ihre SI die gesetzlichen Anforderungen erf\u00fcllt.<br \/>\n<\/span><\/li>\n<li><span style=\"color: #000; font-size: 1.1em;\">Verbessern Sie die Cyber-Betriebseffizienz Ihrer Infrastruktur.<\/span><\/li>\n<\/ul>\n<p>[\/vc_column_text][\/vc_column_inner][vc_column_inner width=\"1\/3\" css=\".vc_custom_1709541996380{padding-right: 32px !important;padding-left: 32px !important;}\"][vc_empty_space][vc_single_image image=\"456230\" img_size=\"medium\" qode_css_animation=\"\"]<a  itemprop=\"url\" href=\"https:\/\/www.stormshield.com\/de\/produkte-und-services\/produkte\/netzwerksicherheit\/\" target=\"_self\" data-hover-background-color=\"#00aeef\" data-hover-border-color=\"#00aeef\" class=\"qbutton  white enlarge\" style=\"border-color: #ffffff; background-color:#060051;\">Stormshield Network Security<i class=\"qode_icon_font_awesome fa fa-angle-right qode_button_icon_element\"><\/i><\/a>[vc_empty_space height=\"12px\"]<a  itemprop=\"url\" href=\"https:\/\/www.stormshield.com\/de\/produkte-und-services\/produkte\/stormshield-xdr\/\" target=\"_self\" data-hover-background-color=\"#00aeef\" data-hover-border-color=\"#00aeef\" class=\"qbutton  white enlarge\" style=\"border-color: #ffffff; background-color:#060051;\">Stormshield XDR<i class=\"qode_icon_font_awesome fa fa-angle-right qode_button_icon_element\"><\/i><\/a>[vc_empty_space][\/vc_column_inner][\/vc_row_inner][\/vc_column][\/vc_row][vc_row css_animation=\"\" row_type=\"row\" use_row_as_full_screen_section=\"no\" type=\"grid\" angled_section=\"no\" text_align=\"left\" background_image_as_pattern=\"without_pattern\" z_index=\"\" padding_top=\"50\" padding_bottom=\"50\"][vc_column][vc_row_inner row_type=\"row\" type=\"full_width\" text_align=\"left\" css_animation=\"\" css=\".vc_custom_1709542109079{padding-top: 32px !important;padding-right: 32px !important;padding-bottom: 32px !important;padding-left: 32px !important;}\"][vc_column_inner width=\"2\/3\"][vc_column_text]<\/p>\n<h2><span style=\"color: #000; font-size: 1.2em; font-weight: 900;\">Stormshield-L\u00f6sungen f\u00fcr einen proaktiven und verst\u00e4rkten Schutz von Endpunkten<\/span><\/h2>\n<p><span style=\"color: #000; font-size: 1.1em;\">Sch\u00fctzen Sie Ihre Produktionssysteme, Server sowie Endger\u00e4te und vertrauen Sie auf Stormshield Endpoint Security (SES). Umfassender, proaktiver Schutz vor unbekannten und ausgefeilten Cyberattacken in dreierlei Hinsicht.<br \/>\n<\/span><\/p>\n<ul>\n<li><span style=\"color: #000; font-size: 1.1em;\">Bieten Sie veralteten Ger\u00e4ten und Produktions- sowie Betriebssystemen einen umfassenden Schutz mittels einer zentralen Endger\u00e4te\u00fcberwachung.<br \/>\n<\/span><\/li>\n<li><span style=\"color: #000; font-size: 1.1em;\">Erweitern Sie Ihre Sicherheitseinrichtungen um eine kontextuelle Dimension \u2013 mit feink\u00f6rnigen Sicherheitsrichtlinien, Verhaltensanalysen oder Endger\u00e4te\u00fcberwachung.<br \/>\n<\/span><\/li>\n<li><span style=\"color: #000; font-size: 1.1em;\">Profitieren Sie von einer verst\u00e4rkten Softwarel\u00f6sung mit robuster Architektur, isolierten Softwarekomponenten, gesichertem Datenaustausch zwischen den Modulen und einer Integrit\u00e4tspr\u00fcfung der einzelnen Komponenten.<br \/>\n<\/span><\/li>\n<li><span style=\"color: #000; font-size: 1.1em;\">Verbessern Sie die Cyber-Betriebseffizienz Ihrer Infrastruktur.<\/span><\/li>\n<\/ul>\n<p>[\/vc_column_text][\/vc_column_inner][vc_column_inner width=\"1\/3\" css=\".vc_custom_1709542101449{padding-right: 32px !important;padding-left: 32px !important;}\"][vc_empty_space][vc_single_image image=\"456355\" img_size=\"medium\" qode_css_animation=\"\"]<a  itemprop=\"url\" href=\"https:\/\/www.stormshield.com\/de\/produkte-und-services\/produkte\/schutz-von-workstations-und-servern\/\" target=\"_self\" data-hover-background-color=\"#00aeef\" data-hover-border-color=\"#00aeef\" class=\"qbutton  white enlarge\" style=\"border-color: #ffffff; background-color:#060051;\">Stormshield Endpoint Security<i class=\"qode_icon_font_awesome fa fa-angle-right qode_button_icon_element\"><\/i><\/a>[vc_empty_space height=\"12px\"]<a  itemprop=\"url\" href=\"https:\/\/www.stormshield.com\/de\/produkte-und-services\/produkte\/stormshield-xdr\/\" target=\"_self\" data-hover-background-color=\"#00aeef\" data-hover-border-color=\"#00aeef\" class=\"qbutton  white enlarge\" style=\"border-color: #ffffff; background-color:#060051;\">Stormshield XDR<i class=\"qode_icon_font_awesome fa fa-angle-right qode_button_icon_element\"><\/i><\/a>[vc_empty_space][\/vc_column_inner][\/vc_row_inner][\/vc_column][\/vc_row][vc_row css_animation=\"\" row_type=\"row\" use_row_as_full_screen_section=\"no\" type=\"grid\" angled_section=\"no\" text_align=\"left\" background_image_as_pattern=\"without_pattern\" z_index=\"\" padding_top=\"50\" padding_bottom=\"50\"][vc_column][vc_row_inner row_type=\"row\" type=\"full_width\" text_align=\"left\" css_animation=\"\" css=\".vc_custom_1709542377191{padding-top: 32px !important;padding-right: 32px !important;padding-bottom: 32px !important;padding-left: 32px !important;background-color: #f9f9f9 !important;}\"][vc_column_inner width=\"2\/3\"][vc_column_text]<\/p>\n<h2><span style=\"color: #000; font-size: 1.2em; font-weight: 900;\">Stormshield-L\u00f6sungen zur Verschl\u00fcsselung und zum Schutz Ihrer sensiblen Daten<\/span><\/h2>\n<p><span style=\"color: #000; font-size: 1.1em;\">Mit Stormshield Data Security (SDS) verf\u00fcgen Sie \u00fcber eine vertrauensw\u00fcrdige L\u00f6sung zum Schutz sensibler Daten \u2013 ein Produkt, das mehrere strategische Funktionen miteinander kombiniert.<\/span><\/p>\n<ul>\n<li><span style=\"color: #000; font-size: 1.1em;\">Sch\u00fctzen Sie die Integrit\u00e4t und Vertraulichkeit Ihrer personenbezogenen, sensiblen und kritischen Daten.<br \/>\n<\/span><\/li>\n<li><span style=\"color: #000; font-size: 1.1em;\">Nutzen Sie eine End-to-End-Verschl\u00fcsselung f\u00fcr die Dokumente Ihrer Mitarbeitenden \u2013 auch f\u00fcr den externen Austausch.<br \/>\n<\/span><\/li>\n<li><span style=\"color: #000; font-size: 1.1em;\">Implementieren Sie eine Kultur der Cybersicherheit im gesamten Unternehmen mit einer nutzerorientierten Verschl\u00fcsselungsl\u00f6sung.<\/span><\/li>\n<\/ul>\n<p>[\/vc_column_text][\/vc_column_inner][vc_column_inner width=\"1\/3\" css=\".vc_custom_1709542363391{padding-right: 32px !important;padding-left: 32px !important;}\"][vc_empty_space][vc_single_image image=\"456645\" img_size=\"medium\" qode_css_animation=\"\"]<a  itemprop=\"url\" href=\"https:\/\/www.stormshield.com\/de\/produkte-und-services\/produkte\/datenverschluesselung\/\" target=\"_self\" data-hover-background-color=\"#00aeef\" data-hover-border-color=\"#00aeef\" class=\"qbutton  white enlarge\" style=\"border-color: #ffffff; background-color:#060051;\">Stormshield Data Security<i class=\"qode_icon_font_awesome fa fa-angle-right qode_button_icon_element\"><\/i><\/a>[vc_empty_space][\/vc_column_inner][\/vc_row_inner][\/vc_column][\/vc_row][vc_row css_animation=\"\" row_type=\"row\" use_row_as_full_screen_section=\"no\" type=\"grid\" angled_section=\"no\" text_align=\"left\" background_image_as_pattern=\"without_pattern\" z_index=\"\" padding_top=\"50\" padding_bottom=\"50\"][vc_column][vc_row_inner row_type=\"row\" type=\"full_width\" text_align=\"left\" css_animation=\"\" css=\".vc_custom_1709542109079{padding-top: 32px !important;padding-right: 32px !important;padding-bottom: 32px !important;padding-left: 32px !important;}\"][vc_column_inner width=\"2\/3\"][vc_column_text]<\/p>\n<h2><span style=\"color: #000; font-size: 1.2em; font-weight: 900;\">Stormshield-L\u00f6sungen zur Sicherung Ihrer OT-Netzwerke<\/span><\/h2>\n<p><span style=\"color: #000; font-size: 1.1em;\">Mit den robusten Firewalls der SNS-Reihe schlagen Sie in Bezug auf Netzwerk- und Funktionssicherheit in Ihren OT-Umgebungen zwei Fliegen mit einer Klappe.<\/span><\/p>\n<ul>\n<li><span style=\"color: #000; font-size: 1.1em;\">Segmentieren Sie Ihr Netzwerk und isolieren Sie die Komponenten voneinander, um die Ausbreitung von Angriffen zu vermeiden.<br \/>\n<\/span><\/li>\n<li><span style=\"color: #000; font-size: 1.1em;\">Nutzen Sie eine transparente Einbindung in die Netzwerkinfrastrukturen (Bridge-Modus, hybrider Modus, Routing).<br \/>\n<\/span><\/li>\n<li><span style=\"color: #000; font-size: 1.1em;\">Erh\u00f6hen Sie die Sicherheit von Steuerungssystemen und \u00dcberwachungssoftware (SCADA).<br \/>\n<\/span><\/li>\n<li><span style=\"color: #000; font-size: 1.1em;\">Verwalten Sie das gesamte System auf unkomplizierte Weise mithilfe von Software und gemeinsam genutzten Verwaltungsl\u00f6sungen f\u00fcr IT- und OT-Firewalls.<\/span><\/li>\n<\/ul>\n<p>[\/vc_column_text][\/vc_column_inner][vc_column_inner width=\"1\/3\" css=\".vc_custom_1709542101449{padding-right: 32px !important;padding-left: 32px !important;}\"][vc_empty_space][vc_single_image image=\"456245\" img_size=\"medium\" qode_css_animation=\"\"]<a  itemprop=\"url\" href=\"https:\/\/www.stormshield.com\/de\/produkte-und-services\/produkte\/industrielle-cybersicherheit-und-ot-schutz\/\" target=\"_self\" data-hover-background-color=\"#00aeef\" data-hover-border-color=\"#00aeef\" class=\"qbutton  white enlarge\" style=\"border-color: #ffffff; background-color:#060051;\">Industrie angebot<i class=\"qode_icon_font_awesome fa fa-angle-right qode_button_icon_element\"><\/i><\/a>[vc_empty_space][\/vc_column_inner][\/vc_row_inner][\/vc_column][\/vc_row][vc_row css_animation=\"\" row_type=\"row\" use_row_as_full_screen_section=\"no\" type=\"grid\" angled_section=\"no\" text_align=\"left\" background_image_as_pattern=\"without_pattern\" z_index=\"\" padding_top=\"50\" padding_bottom=\"50\"][vc_column][vc_row_inner row_type=\"row\" type=\"full_width\" text_align=\"left\" css_animation=\"\" css=\".vc_custom_1709542759819{padding-top: 32px !important;padding-right: 32px !important;padding-bottom: 32px !important;padding-left: 32px !important;}\"][vc_column_inner width=\"1\/3\" css=\".vc_custom_1709543066705{padding-top: 32px !important;padding-right: 32px !important;padding-bottom: 32px !important;padding-left: 32px !important;}\"][vc_column_text]<span style=\"font-size: 1.1em; color: #000000;\">Auf europ\u00e4ischer Ebene definiert die NIS2-Richtlinie Betreiber wesentlicher Dienste (OSE). Diese Unternehmen m\u00fcssen Sicherheitsvorkehrungen treffen, zu denen auch der Einsatz qualifizierter Sicherheitsprodukte geh\u00f6rt. Mit Stormshield lassen sich die richtigen Reflexe zur Einhaltung der Vorschriften in drei Schl\u00fcsselw\u00f6rtern zusammenfassen: <strong>Schutz, Qualifikation, Konformit\u00e4t.<\/strong><\/span>[\/vc_column_text][vc_empty_space]<a  itemprop=\"url\" href=\"https:\/\/www.stormshield.com\/de\/loesungen-fuer-betreiber-wesentlicher-dienste\/\" target=\"_self\" data-hover-background-color=\"#d23467\" data-hover-border-color=\"#d23467\" class=\"qbutton  white enlarge\" style=\"border-color: #ffffff; background-color:#060051;\">Betreeiber wesentlicher dienste<i class=\"qode_icon_font_awesome fa fa-angle-right qode_button_icon_element\"><\/i><\/a>[vc_empty_space][\/vc_column_inner][vc_column_inner width=\"1\/3\" css=\".vc_custom_1709542899913{padding-top: 32px !important;padding-right: 32px !important;padding-bottom: 32px !important;padding-left: 32px !important;}\"][vc_column_text]<span style=\"font-size: 1.1em; color: #000000;\">Industrie, \u00f6ffentliche Verwaltung, Gesundheitswesen... <strong>F\u00fcr jeden Gesch\u00e4ftsbereich bietet Ihnen Stormshield ma\u00dfgeschneiderte L\u00f6sungen, die die speziellen Herausforderungen Ihrer Branche ber\u00fccksichtigen.<\/strong><\/span>[\/vc_column_text][vc_empty_space]<a  itemprop=\"url\" href=\"https:\/\/www.stormshield.com\/de\/produkte-und-services\/branche\/\" target=\"_self\" data-hover-background-color=\"#d23467\" data-hover-border-color=\"#d23467\" class=\"qbutton  white enlarge\" style=\"border-color: #ffffff; background-color:#060051;\">Ihre branche<i class=\"qode_icon_font_awesome fa fa-angle-right qode_button_icon_element\"><\/i><\/a>[vc_empty_space][\/vc_column_inner][vc_column_inner width=\"1\/3\" css=\".vc_custom_1709542799066{padding-top: 32px !important;padding-right: 32px !important;padding-bottom: 32px !important;padding-left: 32px !important;background-color: #060051 !important;}\"][vc_column_text]<span style=\"color: #ffffff; font-size: 1.1em;\">Haben Sie spezielle Fragen zu einem Produkt oder einer L\u00f6sung? Mit unseren L\u00f6sungen, die Integrit\u00e4t, Vertraulichkeit, Verf\u00fcgbarkeit und Vertrauensw\u00fcrdigkeit miteinander verbinden, <strong>verf\u00fcgen Sie \u00fcber einen kombinierten Schutz f\u00fcr Ihre Produktionssysteme ohne Beeintr\u00e4chtigung des Gesch\u00e4ftsbetriebs.<\/strong><\/span>[\/vc_column_text][vc_empty_space]<a  itemprop=\"url\" href=\"https:\/\/www.stormshield.com\/de\/kontakt\/anfrage-an-den-vertrieb\/\" target=\"_self\" data-hover-background-color=\"#d23467\" data-hover-border-color=\"#d23467\" class=\"qbutton  white enlarge\" style=\"border-color: #ffffff; background-color:#060051;\">Kontakt<i class=\"qode_icon_font_awesome fa fa-angle-right qode_button_icon_element\"><\/i><\/a>[vc_empty_space][\/vc_column_inner][\/vc_row_inner][\/vc_column][\/vc_row]<\/p>\n<\/div>","protected":false},"excerpt":{"rendered":"<p>[vc_row css_animation=&#8220;&#8220; row_type=&#8220;row&#8220; use_row_as_full_screen_section=&#8220;no&#8220; type=&#8220;grid&#8220; angled_section=&#8220;no&#8220; text_align=&#8220;left&#8220; background_image_as_pattern=&#8220;without_pattern&#8220; z_index=&#8220;&#8220; padding_top=&#8220;50&#8243; padding_bottom=&#8220;50&#8243;][vc_column][vc_column_text] Stormshield-L\u00f6sungen und -Produkte, Sicherheit f\u00fcr Ihr Unternehmen und Ihren Betrieb [\/vc_column_text][\/vc_column][\/vc_row][vc_row css_animation=&#8220;&#8220; row_type=&#8220;row&#8220; use_row_as_full_screen_section=&#8220;no&#8220; type=&#8220;grid&#8220; angled_section=&#8220;no&#8220; text_align=&#8220;left&#8220; background_image_as_pattern=&#8220;without_pattern&#8220; z_index=&#8220;&#8220; padding_top=&#8220;50&#8243; padding_bottom=&#8220;50&#8243;][vc_column][vc_row_inner row_type=&#8220;row&#8220; type=&#8220;full_width&#8220; text_align=&#8220;left&#8220; css_animation=&#8220;&#8220;][vc_column_inner][vc_column_text]Das Ziel von Stormshield ist es, seinen Kunden robuste und&#8230;<\/p>\n","protected":false},"author":1,"featured_media":0,"parent":0,"menu_order":452,"comment_status":"closed","ping_status":"closed","template":"full_width.php","meta":{"_acf_changed":false,"footnotes":""},"class_list":["post-28","page","type-page","status-publish","hentry"],"acf":[],"yoast_head":"<!-- This site is optimized with the Yoast SEO plugin v27.3 - https:\/\/yoast.com\/product\/yoast-seo-wordpress\/ -->\n<title>Stormshield-Produkte: Entdecken Sie unser Angebot<\/title>\n<meta name=\"description\" content=\"Finden Sie die richtigen Stormshield Cybersecurity-Produkte f\u00fcr Ihr Unternehmen, basierend auf Ihren Bed\u00fcrfnissen und Herausforderungen.\" \/>\n<meta name=\"robots\" content=\"index, follow, max-snippet:-1, max-image-preview:large, max-video-preview:-1\" \/>\n<link rel=\"canonical\" href=\"https:\/\/www.stormshield.com\/de\/produkte-und-services\/\" \/>\n<meta property=\"og:locale\" content=\"de_DE\" \/>\n<meta property=\"og:type\" content=\"article\" \/>\n<meta property=\"og:title\" content=\"Stormshield-Produkte: Entdecken Sie unser Angebot\" \/>\n<meta property=\"og:description\" content=\"Finden Sie die richtigen Stormshield Cybersecurity-Produkte f\u00fcr Ihr Unternehmen, basierend auf Ihren Bed\u00fcrfnissen und Herausforderungen.\" \/>\n<meta property=\"og:url\" content=\"https:\/\/www.stormshield.com\/de\/produkte-und-services\/\" \/>\n<meta property=\"og:site_name\" content=\"Stormshield\" \/>\n<meta property=\"article:modified_time\" content=\"2024-03-04T12:58:41+00:00\" \/>\n<meta property=\"og:image\" content=\"https:\/\/www.stormshield.com\/wp-content\/uploads\/stormshield_logo.png\" \/>\n\t<meta property=\"og:image:width\" content=\"204\" \/>\n\t<meta property=\"og:image:height\" content=\"94\" \/>\n\t<meta property=\"og:image:type\" content=\"image\/png\" \/>\n<meta name=\"twitter:card\" content=\"summary_large_image\" \/>\n<meta name=\"twitter:site\" content=\"@Stormshield\" \/>\n<meta name=\"twitter:label1\" content=\"Gesch\u00e4tzte Lesezeit\" \/>\n\t<meta name=\"twitter:data1\" content=\"6\u00a0Minuten\" \/>\n<script type=\"application\/ld+json\" class=\"yoast-schema-graph\">{\"@context\":\"https:\\\/\\\/schema.org\",\"@graph\":[{\"@type\":\"WebPage\",\"@id\":\"https:\\\/\\\/www.stormshield.com\\\/de\\\/produkte-und-services\\\/\",\"url\":\"https:\\\/\\\/www.stormshield.com\\\/de\\\/produkte-und-services\\\/\",\"name\":\"Stormshield-Produkte: Entdecken Sie unser Angebot\",\"isPartOf\":{\"@id\":\"https:\\\/\\\/www.stormshield.com\\\/de\\\/#website\"},\"datePublished\":\"2016-05-31T09:40:49+00:00\",\"dateModified\":\"2024-03-04T12:58:41+00:00\",\"description\":\"Finden Sie die richtigen Stormshield Cybersecurity-Produkte f\u00fcr Ihr Unternehmen, basierend auf Ihren Bed\u00fcrfnissen und Herausforderungen.\",\"breadcrumb\":{\"@id\":\"https:\\\/\\\/www.stormshield.com\\\/de\\\/produkte-und-services\\\/#breadcrumb\"},\"inLanguage\":\"de\",\"potentialAction\":[{\"@type\":\"ReadAction\",\"target\":[\"https:\\\/\\\/www.stormshield.com\\\/de\\\/produkte-und-services\\\/\"]}]},{\"@type\":\"BreadcrumbList\",\"@id\":\"https:\\\/\\\/www.stormshield.com\\\/de\\\/produkte-und-services\\\/#breadcrumb\",\"itemListElement\":[{\"@type\":\"ListItem\",\"position\":1,\"name\":\"Home\",\"item\":\"https:\\\/\\\/www.stormshield.com\\\/de\\\/\"},{\"@type\":\"ListItem\",\"position\":2,\"name\":\"Produkte &amp; Solutions\"}]},{\"@type\":\"WebSite\",\"@id\":\"https:\\\/\\\/www.stormshield.com\\\/de\\\/#website\",\"url\":\"https:\\\/\\\/www.stormshield.com\\\/de\\\/\",\"name\":\"Stormshield\",\"description\":\"Stormshield\",\"potentialAction\":[{\"@type\":\"SearchAction\",\"target\":{\"@type\":\"EntryPoint\",\"urlTemplate\":\"https:\\\/\\\/www.stormshield.com\\\/de\\\/?s={search_term_string}\"},\"query-input\":{\"@type\":\"PropertyValueSpecification\",\"valueRequired\":true,\"valueName\":\"search_term_string\"}}],\"inLanguage\":\"de\"}]}<\/script>\n<!-- \/ Yoast SEO plugin. -->","yoast_head_json":{"title":"Stormshield-Produkte: Entdecken Sie unser Angebot","description":"Finden Sie die richtigen Stormshield Cybersecurity-Produkte f\u00fcr Ihr Unternehmen, basierend auf Ihren Bed\u00fcrfnissen und Herausforderungen.","robots":{"index":"index","follow":"follow","max-snippet":"max-snippet:-1","max-image-preview":"max-image-preview:large","max-video-preview":"max-video-preview:-1"},"canonical":"https:\/\/www.stormshield.com\/de\/produkte-und-services\/","og_locale":"de_DE","og_type":"article","og_title":"Stormshield-Produkte: Entdecken Sie unser Angebot","og_description":"Finden Sie die richtigen Stormshield Cybersecurity-Produkte f\u00fcr Ihr Unternehmen, basierend auf Ihren Bed\u00fcrfnissen und Herausforderungen.","og_url":"https:\/\/www.stormshield.com\/de\/produkte-und-services\/","og_site_name":"Stormshield","article_modified_time":"2024-03-04T12:58:41+00:00","og_image":[{"width":204,"height":94,"url":"https:\/\/www.stormshield.com\/wp-content\/uploads\/stormshield_logo.png","type":"image\/png"}],"twitter_card":"summary_large_image","twitter_site":"@Stormshield","twitter_misc":{"Gesch\u00e4tzte Lesezeit":"6\u00a0Minuten"},"schema":{"@context":"https:\/\/schema.org","@graph":[{"@type":"WebPage","@id":"https:\/\/www.stormshield.com\/de\/produkte-und-services\/","url":"https:\/\/www.stormshield.com\/de\/produkte-und-services\/","name":"Stormshield-Produkte: Entdecken Sie unser Angebot","isPartOf":{"@id":"https:\/\/www.stormshield.com\/de\/#website"},"datePublished":"2016-05-31T09:40:49+00:00","dateModified":"2024-03-04T12:58:41+00:00","description":"Finden Sie die richtigen Stormshield Cybersecurity-Produkte f\u00fcr Ihr Unternehmen, basierend auf Ihren Bed\u00fcrfnissen und Herausforderungen.","breadcrumb":{"@id":"https:\/\/www.stormshield.com\/de\/produkte-und-services\/#breadcrumb"},"inLanguage":"de","potentialAction":[{"@type":"ReadAction","target":["https:\/\/www.stormshield.com\/de\/produkte-und-services\/"]}]},{"@type":"BreadcrumbList","@id":"https:\/\/www.stormshield.com\/de\/produkte-und-services\/#breadcrumb","itemListElement":[{"@type":"ListItem","position":1,"name":"Home","item":"https:\/\/www.stormshield.com\/de\/"},{"@type":"ListItem","position":2,"name":"Produkte &amp; Solutions"}]},{"@type":"WebSite","@id":"https:\/\/www.stormshield.com\/de\/#website","url":"https:\/\/www.stormshield.com\/de\/","name":"Stormshield","description":"Stormshield","potentialAction":[{"@type":"SearchAction","target":{"@type":"EntryPoint","urlTemplate":"https:\/\/www.stormshield.com\/de\/?s={search_term_string}"},"query-input":{"@type":"PropertyValueSpecification","valueRequired":true,"valueName":"search_term_string"}}],"inLanguage":"de"}]}},"_links":{"self":[{"href":"https:\/\/www.stormshield.com\/de\/wp-json\/wp\/v2\/pages\/28","targetHints":{"allow":["GET"]}}],"collection":[{"href":"https:\/\/www.stormshield.com\/de\/wp-json\/wp\/v2\/pages"}],"about":[{"href":"https:\/\/www.stormshield.com\/de\/wp-json\/wp\/v2\/types\/page"}],"author":[{"embeddable":true,"href":"https:\/\/www.stormshield.com\/de\/wp-json\/wp\/v2\/users\/1"}],"replies":[{"embeddable":true,"href":"https:\/\/www.stormshield.com\/de\/wp-json\/wp\/v2\/comments?post=28"}],"version-history":[{"count":23,"href":"https:\/\/www.stormshield.com\/de\/wp-json\/wp\/v2\/pages\/28\/revisions"}],"predecessor-version":[{"id":505967,"href":"https:\/\/www.stormshield.com\/de\/wp-json\/wp\/v2\/pages\/28\/revisions\/505967"}],"wp:attachment":[{"href":"https:\/\/www.stormshield.com\/de\/wp-json\/wp\/v2\/media?parent=28"}],"curies":[{"name":"wp","href":"https:\/\/api.w.org\/{rel}","templated":true}]}}