{"id":270809,"date":"2022-04-15T13:13:18","date_gmt":"2022-04-15T12:13:18","guid":{"rendered":"https:\/\/www.stormshield.com\/?page_id=270809"},"modified":"2024-07-16T11:23:30","modified_gmt":"2024-07-16T10:23:30","slug":"no-ransomware","status":"publish","type":"page","link":"https:\/\/www.stormshield.com\/de\/no-ransomware\/","title":{"rendered":"No ransomware"},"content":{"rendered":"<div class=\"wpb-content-wrapper\"><p>[vc_row css_animation=\"\" row_type=\"row\" use_row_as_full_screen_section=\"no\" type=\"full_width\" angled_section=\"no\" text_align=\"left\" background_image_as_pattern=\"without_pattern\" z_index=\"\"][vc_column][vc_row_inner row_type=\"row\" type=\"grid\" text_align=\"right\" css_animation=\"\"][vc_column_inner width=\"1\/2\" css=\".vc_custom_1646747775392{padding-top: 15px !important;}\"][vc_single_image image=\"109493\" img_size=\"full\" qode_css_animation=\"\"][\/vc_column_inner][vc_column_inner width=\"1\/6\"][\/vc_column_inner][vc_column_inner width=\"1\/6\"][\/vc_column_inner][vc_column_inner width=\"1\/6\"][\/vc_column_inner][\/vc_row_inner][vc_empty_space height=\"12px\"][\/vc_column][\/vc_row][vc_row css_animation=\"\" row_type=\"row\" use_row_as_full_screen_section=\"yes\" type=\"full_width\" header_style=\"light\" angled_section=\"no\" text_align=\"left\" background_image_as_pattern=\"without_pattern\" z_index=\"\"][vc_column][vc_row_inner row_type=\"row\" type=\"grid\" text_align=\"left\" css_animation=\"\"][vc_column_inner width=\"1\/2\" css=\".vc_custom_1647426012138{padding-top: 100px !important;padding-bottom: 100px !important;}\"][vc_column_text]<span style=\"color: #000; font-size: 12px; text-transform: uppercase; font-weight: 300;\">Ransomware<\/span>[\/vc_column_text][vc_column_text]<\/p>\n<h1><span style=\"color: #000; font-size: 50px; text-transform: uppercase; font-weight: 900;\">Zahlen Sie das L\u00f6segeld nicht!<\/span><\/h1>\n<p>[\/vc_column_text][vc_empty_space height=\"20px\"][vc_column_text]<span style=\"font-size: 20px; color: #333333;\"><strong>Extorsi\u00f3n, chantaje, robo de informaci\u00f3n crucial, p\u00e9rdida de productividad, ca\u00edda en picado de la reputaci\u00f3n de una empresa...<\/strong> Todos los d\u00edas, las noticias nos muestran la rapidez con la que las empresas pierden toda la riqueza de su trabajo.<\/span>[\/vc_column_text][vc_empty_space height=\"15px\"][\/vc_column_inner][vc_column_inner width=\"1\/2\"][vc_single_image image=\"385024\" img_size=\"full\" qode_css_animation=\"\"][\/vc_column_inner][\/vc_row_inner][\/vc_column][\/vc_row][vc_row css_animation=\"\" row_type=\"row\" use_row_as_full_screen_section=\"no\" type=\"grid\" angled_section=\"no\" text_align=\"left\" background_image_as_pattern=\"without_pattern\" z_index=\"\" css=\".vc_custom_1645784645892{padding-top: 50px !important;}\" background_color=\"#ffffff\"][vc_column][vc_row_inner row_type=\"row\" type=\"full_width\" text_align=\"left\" css_animation=\"\"][vc_column_inner width=\"1\/2\"][vc_empty_space height=\"20px\"][vc_column_text]<span style=\"color: #000; font-size: 12px; text-transform: uppercase; font-weight: 300;\">Ransomware bek\u00e4mpfen<\/span>[\/vc_column_text][vc_column_text]<\/p>\n<h2 style=\"text-align: left;\"><span style=\"text-transform: uppercase; font-size: 30pt; color: #000;\"><strong>Ransomware, eine wachsende Bedrohung<\/strong><\/span><\/h2>\n<p>Ransomware-Angriffe sind bis heute die gr\u00f6\u00dfte Cyber-Bedrohung f\u00fcr die Sicherheit von Unternehmen. Und das Ph\u00e4nomen hat sich in den letzten Jahren beschleunigt. Parallel zum Anstieg der Ransomware-Vorf\u00e4lle in Frankreich um 255% haben sich diese Ransomware-Angriffe bis 2021 weltweit verdoppelt.[\/vc_column_text][vc_empty_space height=\"50px\"][\/vc_column_inner][vc_column_inner width=\"1\/2\"][vc_empty_space height=\"50px\"]<div class=\"q_counter_holder  center\" style=\"\" data-digit=\"255%\"><span class=\"counter  zero\" style=\"font-size: 100px;font-weight: 900;\">255%<\/span><span class=\"separator small\" style=\"background-color: #00aeef;\"><\/span><p class=\"counter_text\" style=\"font-size: 14px;font-weight: 200;\">Die franz\u00f6sische Beh\u00f6rde ANSSI berichtete von einem Anstieg der gemeldeten Ransomware-Angriffe in Frankreich um 255%. Eine Zahl, die diejenigen nicht ber\u00fccksichtigt, die nicht einmal \u00f6ffentlich gemacht wurden \u2026<\/p><\/div>[\/vc_column_inner][\/vc_row_inner][\/vc_column][\/vc_row][vc_row css_animation=\"\" row_type=\"row\" use_row_as_full_screen_section=\"no\" type=\"grid\" angled_section=\"no\" text_align=\"left\" background_image_as_pattern=\"without_pattern\" z_index=\"\" css=\".vc_custom_1645784645892{padding-top: 50px !important;}\" background_color=\"#ffffff\"][vc_column][vc_row_inner row_type=\"row\" type=\"full_width\" text_align=\"left\" css_animation=\"\"][vc_column_inner width=\"1\/2\"][vc_empty_space height=\"50px\"]<div class=\"q_counter_holder  center\" style=\"\" data-digit=\"40\"><span class=\"counter  zero\" style=\"font-size: 100px;font-weight: 900;\">40<\/span><span class=\"separator small\" style=\"background-color: #00aeef;\"><\/span><p class=\"counter_text\" style=\"font-size: 14px;font-weight: 200;\">Unter den Ransomware-Angriffen, die sie f\u00fcr das Jahr 2021 gez\u00e4hlt haben, haben die ANSSI-Teams etwa 40 verschiedene Ransomwares aufgelistet.<\/p><\/div>[\/vc_column_inner][vc_column_inner width=\"1\/2\"][vc_empty_space height=\"20px\"][vc_column_text]<span style=\"color: #000; font-size: 12px; text-transform: uppercase; font-weight: 300;\">50 Nuancen von Ransomware<\/span>[\/vc_column_text][vc_column_text]<\/p>\n<h2 style=\"text-align: left;\"><span style=\"text-transform: uppercase; font-size: 30pt; color: #000;\"><strong>Ransomware, eine vielf\u00e4ltige Bedrohung<\/strong><\/span><\/h2>\n<p>Vom Kleinstunternehmen bis zum internationalen Gro\u00dfkonzern kann das gesamte globale Wirtschaftsgef\u00fcge ins Visier genommen werden: Gruppen von Cyberkriminellen haben es in der Regel nicht auf ein bestimmtes Unternehmen abgesehen. Dazu greifen sie auf Ransomware-Familien zur\u00fcck, von denen einige in den letzten zw\u00f6lf Monaten durch ihr wiederholtes Auftreten auffielen: REvil, BlackMatter oder LockBit 2.0.[\/vc_column_text][vc_empty_space height=\"50px\"][\/vc_column_inner][\/vc_row_inner][\/vc_column][\/vc_row][vc_row css_animation=\"\" row_type=\"row\" use_row_as_full_screen_section=\"yes\" type=\"full_width\" angled_section=\"no\" text_align=\"left\" background_image_as_pattern=\"without_pattern\" z_index=\"\" background_image=\"316069\" background_color=\"#f9f9f9\" padding_top=\"50\" padding_bottom=\"50\"][vc_column][vc_row_inner row_type=\"row\" type=\"grid\" text_align=\"left\" css_animation=\"\"][vc_column_inner width=\"1\/2\"][vc_column_text]<span style=\"color: #ffffff; font-size: 12px; text-transform: uppercase; font-weight: 300;\">Was man nach einem Ransomware-Angriff tun kann<\/span><\/p>\n<p style=\"text-align: left;\"><span style=\"color: #ffffff;\"><span style=\"font-size: 40px; text-transform: uppercase;\">Ein interaktives Webinar <strong>\u00fcber Ransomware<\/strong><\/span><\/span><\/p>\n<p>[\/vc_column_text][vc_column_text]<span style=\"color: #ffffff;\">Anl\u00e4sslich der Ver\u00f6ffentlichung der Version von Stormshield Endpoint Security Evolution, die den Schutz vor Ransomware verst\u00e4rkt, l\u00e4dt Sie <strong>Manuel Jordan<\/strong>, Product Marketing Manager, zu einem weiteren Treffen mit <strong>S\u00e9bastien Viou<\/strong>, Product Cybersecurity Director, und <strong>Mark Johnson<\/strong>, PreSales Engineer, ein, um alle Ihre Fragen zu diesem wichtigen Fortschritt beim Schutz Ihrer Unternehmensressourcen zu beantworten.<\/span>[\/vc_column_text][\/vc_column_inner][vc_column_inner width=\"1\/2\"][vc_empty_space][vc_video link=\"https:\/\/youtu.be\/BGCp1-sXwns\" align=\"center\"][vc_empty_space][\/vc_column_inner][\/vc_row_inner][\/vc_column][\/vc_row][vc_row css_animation=\"\" row_type=\"row\" use_row_as_full_screen_section=\"no\" type=\"grid\" angled_section=\"no\" text_align=\"left\" background_image_as_pattern=\"without_pattern\" z_index=\"\" css=\".vc_custom_1647514809998{padding-top: 50px !important;}\" background_color=\"#00aeef\"][vc_column][vc_row_inner row_type=\"row\" type=\"full_width\" text_align=\"left\" css_animation=\"\"][vc_column_inner][vc_column_text]<span style=\"color: #ffffff; font-size: 12px; text-transform: uppercase; font-weight: 300;\">Ransomware-as-a-service<\/span><\/p>\n<p style=\"text-align: left;\"><span style=\"text-transform: uppercase; font-size: 30pt; color: #ffffff;\">Ein Fokus auf die Ransomware LockBit 2.0<\/span><\/p>\n<p>[\/vc_column_text][vc_column_text]<\/p>\n<p style=\"text-align: left;\"><span style=\"color: #ffffff;\">LockBit ist eine Gruppe von Cyberkriminellen, die nach einem Ransomware-as-a-Service-Modell (RaaS) wie ein schl\u00fcsselfertiges Produkt operiert. LockBit geh\u00f6rt zu den Gruppen, die am st\u00e4rksten auf franz\u00f6sische Unternehmen abzielen, und bietet seine Ransomware-Plattform anderen Organisationen oder Einzelpersonen an, die sie nach einem Partnerschaftsmodell nutzen. Hier finden Sie unsere technische Analyse der Ransomware.<\/span><\/p>\n<p>[\/vc_column_text][vc_empty_space]<a  itemprop=\"url\" href=\"https:\/\/www.stormshield.com\/wp-content\/uploads\/SES-DE-LockBit2.0-ThreatAdvisory-202203.pdf\" target=\"_blank\"  class=\"qbutton  white default\" style=\"\">Technische Erkl\u00e4rung der Ransomware LockBit<i class=\"qode_icon_font_awesome fa fa-angle-right qode_button_icon_element\"><\/i><\/a>[vc_empty_space height=\"50px\"][\/vc_column_inner][\/vc_row_inner][\/vc_column][\/vc_row][vc_row css_animation=\"\" row_type=\"row\" use_row_as_full_screen_section=\"no\" type=\"grid\" angled_section=\"no\" text_align=\"left\" background_image_as_pattern=\"without_pattern\" z_index=\"\"][vc_column][vc_row_inner row_type=\"row\" type=\"full_width\" text_align=\"left\" css_animation=\"\"][vc_column_inner width=\"1\/2\"][vc_empty_space height=\"50px\"][vc_single_image image=\"278642\" img_size=\"full\" css=\"\" qode_css_animation=\"\"][\/vc_column_inner][vc_column_inner width=\"1\/2\"][vc_empty_space height=\"50px\"][vc_column_text]<span style=\"color: #000; font-size: 12px; text-transform: uppercase; font-weight: 300;\">L\u00f6sung f\u00fcr Ransomware<\/span><\/p>\n<p style=\"text-align: left;\"><span style=\"text-transform: uppercase; font-size: 30pt; color: #000;\">Mehr erfahren \u00fcber <strong>Stormshield Endpoint Security Evolution<\/strong><\/span><\/p>\n<p>[\/vc_column_text][vc_column_text]Stormshield Endpoint Security Evolution schl\u00e4gt Ihnen eine neue Generation f\u00fcr L\u00f6sungen f\u00fcr Cybersicherheit vor, um einen kompletten Schutz der Terminals und Server vor Ransomware zu garantieren. Die L\u00f6sung verbindet Funktionen zum Schutz von Arbeitspl\u00e4tzen (EPP) und zur Erkennung (EDR), womit auf proaktive Weise auch die raffiniertesten Angriffe blockiert und im Nachhinein Analyseelemente bereitgestellt werden.[\/vc_column_text][vc_empty_space height=\"50px\"][\/vc_column_inner][\/vc_row_inner][vc_row_inner row_type=\"row\" type=\"full_width\" text_align=\"left\" css_animation=\"\"][vc_column_inner width=\"1\/4\"]<span data-type=\"normal\" data-hover-icon-color=\"#00aeef\" class=\"qode_icon_shortcode  q_font_awsome_icon fa-4x pull-center \" style=\" \"><a  itemprop=\"url\" href=\"https:\/\/www.stormshield.com\/de\/ressourcescenter\/endpoint-security-datasheet\/\" target=\"_blank\"><span aria-hidden=\"true\" class=\"qode_icon_font_elegant icon_document qode_icon_element\" style=\"color: #e8e8e8;\" ><\/span><\/a><\/span>[vc_empty_space height=\"20px\"][vc_column_text]<\/p>\n<p style=\"text-align: center;\"><strong>Produktdatenblatt<\/strong> Stormshield Endpoint Security Evolution<\/p>\n<p>[\/vc_column_text][\/vc_column_inner][vc_column_inner width=\"1\/4\"]<span data-type=\"normal\" data-hover-icon-color=\"#00aeef\" class=\"qode_icon_shortcode  q_font_awsome_icon fa-4x pull-center \" style=\" \"><a  itemprop=\"url\" href=\"https:\/\/www.stormshield.com\/de\/ressourcescenter\/broschueren-endpoint-security\/\" target=\"_blank\"><span aria-hidden=\"true\" class=\"qode_icon_font_elegant icon_documents qode_icon_element\" style=\"color: #e8e8e8;\" ><\/span><\/a><\/span>[vc_empty_space height=\"20px\"][vc_column_text]<\/p>\n<p style=\"text-align: center;\">Stormshield Endpoint Security Evolution <strong>entdecken<\/strong><\/p>\n<p>[\/vc_column_text][\/vc_column_inner][vc_column_inner width=\"1\/4\"]<span data-type=\"normal\" data-hover-icon-color=\"#00aeef\" class=\"qode_icon_shortcode  q_font_awsome_icon fa-4x pull-center \" style=\" \"><a  itemprop=\"url\" href=\"https:\/\/www.stormshield.com\/wp-content\/uploads\/SES-DE-Ransomware-Infographics-202204-1.pdf\" target=\"_blank\"><span aria-hidden=\"true\" class=\"qode_icon_font_elegant icon_datareport qode_icon_element\" style=\"color: #e8e8e8;\" ><\/span><\/a><\/span>[vc_empty_space height=\"20px\"][vc_column_text]<\/p>\n<p style=\"text-align: center;\"><strong>Infografik<\/strong> angesichts von Ransomware<\/p>\n<p>[\/vc_column_text][\/vc_column_inner][vc_column_inner width=\"1\/4\"]<span data-type=\"normal\" data-hover-icon-color=\"#00aeef\" class=\"qode_icon_shortcode  q_font_awsome_icon fa-4x pull-center \" style=\" \"><a  itemprop=\"url\" href=\"https:\/\/www.stormshield.com\/de\/produkte-und-services\/produkte\/schutz-von-workstations-und-servern\/stormshield-endpoint-security\/\" target=\"_self\"><span aria-hidden=\"true\" class=\"qode_icon_font_elegant icon_desktop qode_icon_element\" style=\"color: #e8e8e8;\" ><\/span><\/a><\/span>[vc_empty_space height=\"20px\"][vc_column_text]<\/p>\n<p style=\"text-align: center;\"><strong>Produktseite<\/strong> Stormshield Endpoint Security Evolution<\/p>\n<p>[\/vc_column_text][\/vc_column_inner][\/vc_row_inner][\/vc_column][\/vc_row][vc_row css_animation=\"\" row_type=\"row\" use_row_as_full_screen_section=\"no\" type=\"full_width\" angled_section=\"no\" text_align=\"left\" background_image_as_pattern=\"without_pattern\"][vc_column][vc_empty_space][\/vc_column][\/vc_row]<\/p>\n<\/div>","protected":false},"excerpt":{"rendered":"<p>[vc_row css_animation=&#8220;&#8220; row_type=&#8220;row&#8220; use_row_as_full_screen_section=&#8220;no&#8220; type=&#8220;full_width&#8220; angled_section=&#8220;no&#8220; text_align=&#8220;left&#8220; background_image_as_pattern=&#8220;without_pattern&#8220; z_index=&#8220;&#8220;][vc_column][vc_row_inner row_type=&#8220;row&#8220; type=&#8220;grid&#8220; text_align=&#8220;right&#8220; css_animation=&#8220;&#8220;][vc_column_inner width=&#8220;1\/2&#8243; css=&#8220;.vc_custom_1646747775392{padding-top: 15px !important;}&#8220;][vc_single_image image=&#8220;109493&#8243; img_size=&#8220;full&#8220; qode_css_animation=&#8220;&#8220;][\/vc_column_inner][vc_column_inner width=&#8220;1\/6&#8243;][\/vc_column_inner][vc_column_inner width=&#8220;1\/6&#8243;][\/vc_column_inner][vc_column_inner width=&#8220;1\/6&#8243;][\/vc_column_inner][\/vc_row_inner][vc_empty_space height=&#8220;12px&#8220;][\/vc_column][\/vc_row][vc_row css_animation=&#8220;&#8220; row_type=&#8220;row&#8220; use_row_as_full_screen_section=&#8220;yes&#8220; type=&#8220;full_width&#8220; header_style=&#8220;light&#8220; angled_section=&#8220;no&#8220; text_align=&#8220;left&#8220; background_image_as_pattern=&#8220;without_pattern&#8220; z_index=&#8220;&#8220;][vc_column][vc_row_inner row_type=&#8220;row&#8220; type=&#8220;grid&#8220; text_align=&#8220;left&#8220; css_animation=&#8220;&#8220;][vc_column_inner width=&#8220;1\/2&#8243; css=&#8220;.vc_custom_1647426012138{padding-top: 100px !important;padding-bottom: 100px !important;}&#8220;][vc_column_text]Ransomware[\/vc_column_text][vc_column_text] Zahlen Sie&#8230;<\/p>\n","protected":false},"author":31,"featured_media":0,"parent":0,"menu_order":0,"comment_status":"closed","ping_status":"closed","template":"landing_page.php","meta":{"_acf_changed":false,"footnotes":""},"class_list":["post-270809","page","type-page","status-publish","hentry"],"acf":[],"yoast_head":"<!-- This site is optimized with the Yoast SEO plugin v27.0 - https:\/\/yoast.com\/product\/yoast-seo-wordpress\/ -->\n<title>Ransomware: bek\u00e4mpfen, erkennen, vermeiden | Stormshield<\/title>\n<meta name=\"description\" content=\"Im Angesicht von Ransomware: Entdecken Sie Stormshield Endpoint Security Evolution, unsere L\u00f6sung gegen Ransomware.\" \/>\n<meta name=\"robots\" content=\"index, follow, max-snippet:-1, max-image-preview:large, max-video-preview:-1\" \/>\n<link rel=\"canonical\" href=\"https:\/\/www.stormshield.com\/de\/no-ransomware\/\" \/>\n<meta property=\"og:locale\" content=\"de_DE\" \/>\n<meta property=\"og:type\" content=\"article\" \/>\n<meta property=\"og:title\" content=\"Ransomware: bek\u00e4mpfen, erkennen, vermeiden | Stormshield\" \/>\n<meta property=\"og:description\" content=\"Im Angesicht von Ransomware: Entdecken Sie Stormshield Endpoint Security Evolution, unsere L\u00f6sung gegen Ransomware.\" \/>\n<meta property=\"og:url\" content=\"https:\/\/www.stormshield.com\/de\/no-ransomware\/\" \/>\n<meta property=\"og:site_name\" content=\"Stormshield\" \/>\n<meta property=\"article:modified_time\" content=\"2024-07-16T10:23:30+00:00\" \/>\n<meta property=\"og:image\" content=\"https:\/\/www.stormshield.com\/wp-content\/uploads\/stormshield_logo.png\" \/>\n\t<meta property=\"og:image:width\" content=\"204\" \/>\n\t<meta property=\"og:image:height\" content=\"94\" \/>\n\t<meta property=\"og:image:type\" content=\"image\/png\" \/>\n<meta name=\"twitter:card\" content=\"summary_large_image\" \/>\n<meta name=\"twitter:site\" content=\"@Stormshield\" \/>\n<meta name=\"twitter:label1\" content=\"Gesch\u00e4tzte Lesezeit\" \/>\n\t<meta name=\"twitter:data1\" content=\"4\u00a0Minuten\" \/>\n<script type=\"application\/ld+json\" class=\"yoast-schema-graph\">{\"@context\":\"https:\/\/schema.org\",\"@graph\":[{\"@type\":\"WebPage\",\"@id\":\"https:\/\/www.stormshield.com\/de\/no-ransomware\/\",\"url\":\"https:\/\/www.stormshield.com\/de\/no-ransomware\/\",\"name\":\"Ransomware: bek\u00e4mpfen, erkennen, vermeiden | Stormshield\",\"isPartOf\":{\"@id\":\"https:\/\/www.stormshield.com\/de\/#website\"},\"datePublished\":\"2022-04-15T12:13:18+00:00\",\"dateModified\":\"2024-07-16T10:23:30+00:00\",\"description\":\"Im Angesicht von Ransomware: Entdecken Sie Stormshield Endpoint Security Evolution, unsere L\u00f6sung gegen Ransomware.\",\"breadcrumb\":{\"@id\":\"https:\/\/www.stormshield.com\/de\/no-ransomware\/#breadcrumb\"},\"inLanguage\":\"de\",\"potentialAction\":[{\"@type\":\"ReadAction\",\"target\":[\"https:\/\/www.stormshield.com\/de\/no-ransomware\/\"]}]},{\"@type\":\"BreadcrumbList\",\"@id\":\"https:\/\/www.stormshield.com\/de\/no-ransomware\/#breadcrumb\",\"itemListElement\":[{\"@type\":\"ListItem\",\"position\":1,\"name\":\"Home\",\"item\":\"https:\/\/www.stormshield.com\/de\/\"},{\"@type\":\"ListItem\",\"position\":2,\"name\":\"No ransomware\"}]},{\"@type\":\"WebSite\",\"@id\":\"https:\/\/www.stormshield.com\/de\/#website\",\"url\":\"https:\/\/www.stormshield.com\/de\/\",\"name\":\"Stormshield\",\"description\":\"Stormshield\",\"potentialAction\":[{\"@type\":\"SearchAction\",\"target\":{\"@type\":\"EntryPoint\",\"urlTemplate\":\"https:\/\/www.stormshield.com\/de\/?s={search_term_string}\"},\"query-input\":{\"@type\":\"PropertyValueSpecification\",\"valueRequired\":true,\"valueName\":\"search_term_string\"}}],\"inLanguage\":\"de\"}]}<\/script>\n<!-- \/ Yoast SEO plugin. -->","yoast_head_json":{"title":"Ransomware: bek\u00e4mpfen, erkennen, vermeiden | Stormshield","description":"Im Angesicht von Ransomware: Entdecken Sie Stormshield Endpoint Security Evolution, unsere L\u00f6sung gegen Ransomware.","robots":{"index":"index","follow":"follow","max-snippet":"max-snippet:-1","max-image-preview":"max-image-preview:large","max-video-preview":"max-video-preview:-1"},"canonical":"https:\/\/www.stormshield.com\/de\/no-ransomware\/","og_locale":"de_DE","og_type":"article","og_title":"Ransomware: bek\u00e4mpfen, erkennen, vermeiden | Stormshield","og_description":"Im Angesicht von Ransomware: Entdecken Sie Stormshield Endpoint Security Evolution, unsere L\u00f6sung gegen Ransomware.","og_url":"https:\/\/www.stormshield.com\/de\/no-ransomware\/","og_site_name":"Stormshield","article_modified_time":"2024-07-16T10:23:30+00:00","og_image":[{"width":204,"height":94,"url":"https:\/\/www.stormshield.com\/wp-content\/uploads\/stormshield_logo.png","type":"image\/png"}],"twitter_card":"summary_large_image","twitter_site":"@Stormshield","twitter_misc":{"Gesch\u00e4tzte Lesezeit":"4\u00a0Minuten"},"schema":{"@context":"https:\/\/schema.org","@graph":[{"@type":"WebPage","@id":"https:\/\/www.stormshield.com\/de\/no-ransomware\/","url":"https:\/\/www.stormshield.com\/de\/no-ransomware\/","name":"Ransomware: bek\u00e4mpfen, erkennen, vermeiden | Stormshield","isPartOf":{"@id":"https:\/\/www.stormshield.com\/de\/#website"},"datePublished":"2022-04-15T12:13:18+00:00","dateModified":"2024-07-16T10:23:30+00:00","description":"Im Angesicht von Ransomware: Entdecken Sie Stormshield Endpoint Security Evolution, unsere L\u00f6sung gegen Ransomware.","breadcrumb":{"@id":"https:\/\/www.stormshield.com\/de\/no-ransomware\/#breadcrumb"},"inLanguage":"de","potentialAction":[{"@type":"ReadAction","target":["https:\/\/www.stormshield.com\/de\/no-ransomware\/"]}]},{"@type":"BreadcrumbList","@id":"https:\/\/www.stormshield.com\/de\/no-ransomware\/#breadcrumb","itemListElement":[{"@type":"ListItem","position":1,"name":"Home","item":"https:\/\/www.stormshield.com\/de\/"},{"@type":"ListItem","position":2,"name":"No ransomware"}]},{"@type":"WebSite","@id":"https:\/\/www.stormshield.com\/de\/#website","url":"https:\/\/www.stormshield.com\/de\/","name":"Stormshield","description":"Stormshield","potentialAction":[{"@type":"SearchAction","target":{"@type":"EntryPoint","urlTemplate":"https:\/\/www.stormshield.com\/de\/?s={search_term_string}"},"query-input":{"@type":"PropertyValueSpecification","valueRequired":true,"valueName":"search_term_string"}}],"inLanguage":"de"}]}},"_links":{"self":[{"href":"https:\/\/www.stormshield.com\/de\/wp-json\/wp\/v2\/pages\/270809","targetHints":{"allow":["GET"]}}],"collection":[{"href":"https:\/\/www.stormshield.com\/de\/wp-json\/wp\/v2\/pages"}],"about":[{"href":"https:\/\/www.stormshield.com\/de\/wp-json\/wp\/v2\/types\/page"}],"author":[{"embeddable":true,"href":"https:\/\/www.stormshield.com\/de\/wp-json\/wp\/v2\/users\/31"}],"replies":[{"embeddable":true,"href":"https:\/\/www.stormshield.com\/de\/wp-json\/wp\/v2\/comments?post=270809"}],"version-history":[{"count":11,"href":"https:\/\/www.stormshield.com\/de\/wp-json\/wp\/v2\/pages\/270809\/revisions"}],"predecessor-version":[{"id":553476,"href":"https:\/\/www.stormshield.com\/de\/wp-json\/wp\/v2\/pages\/270809\/revisions\/553476"}],"wp:attachment":[{"href":"https:\/\/www.stormshield.com\/de\/wp-json\/wp\/v2\/media?parent=270809"}],"curies":[{"name":"wp","href":"https:\/\/api.w.org\/{rel}","templated":true}]}}