{"id":270342,"date":"2022-03-07T13:39:04","date_gmt":"2022-03-07T12:39:04","guid":{"rendered":"https:\/\/www.stormshield.com\/?page_id=270342"},"modified":"2023-11-15T09:30:50","modified_gmt":"2023-11-15T08:30:50","slug":"ses","status":"publish","type":"page","link":"https:\/\/www.stormshield.com\/de\/unsere-unterstuetzung\/services\/schulung\/ses\/","title":{"rendered":"Stormshield Endpoint Security"},"content":{"rendered":"<div class=\"wpb-content-wrapper\"><p>[vc_row css_animation=\"\" row_type=\"row\" use_row_as_full_screen_section=\"no\" type=\"grid\" angled_section=\"no\" text_align=\"left\" background_image_as_pattern=\"without_pattern\" z_index=\"\" padding_top=\"50\" padding_bottom=\"50\"][vc_column][vc_empty_space][vc_column_text]<\/p>\n<h1 style=\"text-align: center;\"><span style=\"color: #00aaf5;\"><span style=\"font-weight: 900; font-size: 1.5em;\">SES-Schulungen: <\/span><\/span><span style=\"color: #00aaf5;\"><span style=\"font-weight: 300; font-size: 1.5em;\">Informieren Sie sich bei uns \u00fcber Endpunktschutz<\/span><\/span><\/h1>\n<p>[\/vc_column_text][vc_empty_space][\/vc_column][\/vc_row][vc_row css_animation=\"\" row_type=\"row\" use_row_as_full_screen_section=\"no\" type=\"grid\" angled_section=\"no\" text_align=\"left\" background_image_as_pattern=\"without_pattern\" z_index=\"\"][vc_column width=\"2\/3\"][vc_column_text]<span style=\"color: #000; font-size: 1.1em;\"><strong>Mit unseren Stormshield Endpoint Security-Schulungen erweitern Sie Ihr Wissen \u00fcber Desktop- und Serverschutz.<\/strong> Sensitive to vulnerabilities and cyberattacks of all kinds, your employees' desktops and your company's servers deserve special attention. Our Certified Stormshield Endpoint Administrator (CSEA) and Certified Stormshield Endpoint Expert (CSEE) training courses will help you deploy and master our Stormshield Endpoint Security solution.<\/span>[\/vc_column_text][\/vc_column][vc_column width=\"1\/3\"][vc_single_image image=\"456835\" img_size=\"medium\" alignment=\"center\" qode_css_animation=\"\"][\/vc_column][\/vc_row][vc_row css_animation=\"\" row_type=\"row\" use_row_as_full_screen_section=\"no\" type=\"grid\" angled_section=\"no\" text_align=\"left\" background_image_as_pattern=\"without_pattern\" z_index=\"\" padding_bottom=\"50\" css=\".vc_custom_1699974777591{background-color: #ffffff !important;}\" padding_top=\"50\"][vc_column][vc_row_inner row_type=\"row\" type=\"full_width\" text_align=\"left\" css_animation=\"\" background_color=\"#f9f9f9\" css=\".vc_custom_1699973877944{padding-top: 32px !important;padding-right: 32px !important;padding-bottom: 32px !important;padding-left: 32px !important;}\"][vc_column_inner width=\"1\/2\"][vc_column_text]<\/p>\n<h2 style=\"text-align: left;\"><span style=\"color: #000; font-size: 1.2em; font-weight: 900;\">CSEA-Schulung: Werden sie ein ass in Enterprise Endpoint Protection<\/span><\/h2>\n<p><span style=\"color: #000; font-size: 1.1em;\">Spearphishing, Ransomware, Software-Missbrauch... Ist der Schutz von Desktops, Servern und Terminals Ihr Schwachpunkt? In zwei Tagen werden Sicherheit und vollst\u00e4ndige Kontrolle \u00fcber Anwendungen, Ger\u00e4te und Netzwerkverbindungen mit unserer Schulung zum Certified Stormshield Endpoint Administrator (CSEA) zum Kinderspiel.<\/span>[\/vc_column_text][vc_empty_space]<a  itemprop=\"url\" href=\"https:\/\/www.stormshield.com\/de\/ressourcescenter\/kurzbeschreibung-csea-schulung\/\" target=\"_blank\" data-hover-background-color=\"#d23467\" data-hover-border-color=\"#ffffff\" class=\"qbutton  white enlarge\" style=\"border-color: #ffffff; background-color:#060051;\">CSEA<i class=\"qode_icon_font_awesome fa fa-angle-right qode_button_icon_element\"><\/i><\/a>[\/vc_column_inner][vc_column_inner width=\"1\/2\"][vc_column_text]<\/p>\n<h2 style=\"text-align: left;\"><span style=\"color: #000; font-size: 1.2em; font-weight: 900;\">CSEE-Schulung: Werden sie ein Experte f\u00fcr Enterprise Endpoint Protection<\/span><\/h2>\n<p><span style=\"color: #000; font-size: 1.1em;\">Und wenn Sie noch einen Schritt weiter gehen m\u00f6chten, w\u00e4hlen Sie unsere Schulung zum Certified Stormshield Endpoint Expert (CSEE) und beherrschen Sie die Konfiguration aller Stormshield Endpoint Security-Funktionen. F\u00fcr die Teilnahme an dieser Schulung, die eine Zertifizierungspr\u00fcfung beinhaltet, ist die CSEA-Zertifizierung erforderlich.<\/span>[\/vc_column_text][vc_empty_space]<a  itemprop=\"url\" href=\"https:\/\/www.stormshield.com\/de\/ressourcescenter\/kurzbeschreibung-csee-schulung\/\" target=\"_blank\" data-hover-background-color=\"#d23467\" data-hover-border-color=\"#ffffff\" class=\"qbutton  white enlarge\" style=\"border-color: #ffffff; background-color:#060051;\">CSEE<i class=\"qode_icon_font_awesome fa fa-angle-right qode_button_icon_element\"><\/i><\/a>[\/vc_column_inner][\/vc_row_inner][\/vc_column][\/vc_row][vc_row css_animation=\"\" row_type=\"row\" use_row_as_full_screen_section=\"no\" type=\"grid\" angled_section=\"no\" text_align=\"left\" background_image_as_pattern=\"without_pattern\" z_index=\"\" padding_top=\"50\" padding_bottom=\"50\"][vc_column width=\"2\/3\"][vc_empty_space][vc_column_text]<\/p>\n<h2 style=\"text-align: left;\"><span style=\"color: #000; font-size: 1.2em; font-weight: 900;\">Rezertifizierungspakete<\/span><\/h2>\n<p><span style=\"color: #000; font-size: 1.1em;\">Wie bei jeder guten Software ist sp\u00e4testens drei Jahre nach Ihrer Zertifizierung ein Update Ihrer Endpoint-\/Sicherheitsexpertise erforderlich. Nutzen Sie daf\u00fcr unsere Online-Rezertifizierungspakete, mit denen Sie Ihre Zertifizierung f\u00fcr 3 weitere Jahre verl\u00e4ngern k\u00f6nnen.<\/span>[\/vc_column_text][vc_empty_space]<a  itemprop=\"url\" href=\"https:\/\/www.stormshield.com\/de\/kontakt\/anfrage-zu-schulungen\/\" target=\"_blank\" data-hover-background-color=\"#d23467\" data-hover-border-color=\"#ffffff\" class=\"qbutton  white enlarge\" style=\"border-color: #ffffff; background-color:#060051;\">Kontakt<i class=\"qode_icon_font_awesome fa fa-angle-right qode_button_icon_element\"><\/i><\/a>[vc_empty_space][\/vc_column][vc_column width=\"1\/3\" css=\".vc_custom_1699970948115{padding-right: 12px !important;padding-left: 12px !important;background-color: #f9f9f9 !important;}\"][vc_column_text]<\/p>\n<h2 style=\"text-align: left;\"><span style=\"color: #000; font-size: 1.2em; font-weight: 900;\">Kalender<\/span><\/h2>\n<p><span style=\"color: #000; font-size: 1.1em;\">Sie m\u00f6chten wissen, wann die Schulungen zum Thema Endpoint Protection stattfinden? Sehen Sie sich unseren SES-Schulungskalender an.<\/span>[\/vc_column_text][vc_empty_space]<a  itemprop=\"url\" href=\"https:\/\/www.stormshield.com\/de\/unsere-unterstuetzung\/services\/schulung\/schulungskalender\/\" target=\"_blank\" data-hover-background-color=\"#d23467\" data-hover-border-color=\"#ffffff\" class=\"qbutton  white enlarge\" style=\"border-color: #ffffff; background-color:#060051;\">Kalender<i class=\"qode_icon_font_awesome fa fa-angle-right qode_button_icon_element\"><\/i><\/a>[vc_empty_space][\/vc_column][\/vc_row]<\/p>\n<\/div>","protected":false},"excerpt":{"rendered":"<p>[vc_row css_animation=&#8220;&#8220; row_type=&#8220;row&#8220; use_row_as_full_screen_section=&#8220;no&#8220; type=&#8220;grid&#8220; angled_section=&#8220;no&#8220; text_align=&#8220;left&#8220; background_image_as_pattern=&#8220;without_pattern&#8220; z_index=&#8220;&#8220; padding_top=&#8220;50&#8243; padding_bottom=&#8220;50&#8243;][vc_column][vc_empty_space][vc_column_text] SES-Schulungen: Informieren Sie sich bei uns \u00fcber Endpunktschutz [\/vc_column_text][vc_empty_space][\/vc_column][\/vc_row][vc_row css_animation=&#8220;&#8220; row_type=&#8220;row&#8220; use_row_as_full_screen_section=&#8220;no&#8220; type=&#8220;grid&#8220; angled_section=&#8220;no&#8220; text_align=&#8220;left&#8220; background_image_as_pattern=&#8220;without_pattern&#8220; z_index=&#8220;&#8220;][vc_column width=&#8220;2\/3&#8243;][vc_column_text]Mit unseren Stormshield Endpoint Security-Schulungen erweitern Sie Ihr Wissen \u00fcber Desktop- und Serverschutz. Sensitive to vulnerabilities and&#8230;<\/p>\n","protected":false},"author":31,"featured_media":0,"parent":10936,"menu_order":3,"comment_status":"closed","ping_status":"closed","template":"full_width.php","meta":{"_acf_changed":false,"footnotes":""},"class_list":["post-270342","page","type-page","status-publish","hentry"],"acf":[],"yoast_head":"<!-- This site is optimized with the Yoast SEO plugin v27.0 - https:\/\/yoast.com\/product\/yoast-seo-wordpress\/ -->\n<title>Cybersicherheit: SES-Trainingskurs | Stormshield<\/title>\n<meta name=\"description\" content=\"Lernen Sie den Endpunktschutz kennen: Mit unseren Schulungen zu Stormshield Endpoint Security vertiefen Sie Ihre Kenntnisse zum Schutz von Endger\u00e4ten und Servern.\" \/>\n<meta name=\"robots\" content=\"index, follow, max-snippet:-1, max-image-preview:large, max-video-preview:-1\" \/>\n<link rel=\"canonical\" href=\"https:\/\/www.stormshield.com\/de\/unsere-unterstuetzung\/services\/schulung\/ses\/\" \/>\n<meta property=\"og:locale\" content=\"de_DE\" \/>\n<meta property=\"og:type\" content=\"article\" \/>\n<meta property=\"og:title\" content=\"Cybersicherheit: SES-Trainingskurs | Stormshield\" \/>\n<meta property=\"og:description\" content=\"Lernen Sie den Endpunktschutz kennen: Mit unseren Schulungen zu Stormshield Endpoint Security vertiefen Sie Ihre Kenntnisse zum Schutz von Endger\u00e4ten und Servern.\" \/>\n<meta property=\"og:url\" content=\"https:\/\/www.stormshield.com\/de\/unsere-unterstuetzung\/services\/schulung\/ses\/\" \/>\n<meta property=\"og:site_name\" content=\"Stormshield\" \/>\n<meta property=\"article:modified_time\" content=\"2023-11-15T08:30:50+00:00\" \/>\n<meta property=\"og:image\" content=\"https:\/\/www.stormshield.com\/wp-content\/uploads\/stormshield_logo.png\" \/>\n\t<meta property=\"og:image:width\" content=\"204\" \/>\n\t<meta property=\"og:image:height\" content=\"94\" \/>\n\t<meta property=\"og:image:type\" content=\"image\/png\" \/>\n<meta name=\"twitter:card\" content=\"summary_large_image\" \/>\n<meta name=\"twitter:site\" content=\"@Stormshield\" \/>\n<meta name=\"twitter:label1\" content=\"Gesch\u00e4tzte Lesezeit\" \/>\n\t<meta name=\"twitter:data1\" content=\"2\u00a0Minuten\" \/>\n<script type=\"application\/ld+json\" class=\"yoast-schema-graph\">{\"@context\":\"https:\/\/schema.org\",\"@graph\":[{\"@type\":\"WebPage\",\"@id\":\"https:\/\/www.stormshield.com\/de\/unsere-unterstuetzung\/services\/schulung\/ses\/\",\"url\":\"https:\/\/www.stormshield.com\/de\/unsere-unterstuetzung\/services\/schulung\/ses\/\",\"name\":\"Cybersicherheit: SES-Trainingskurs | Stormshield\",\"isPartOf\":{\"@id\":\"https:\/\/www.stormshield.com\/de\/#website\"},\"datePublished\":\"2022-03-07T12:39:04+00:00\",\"dateModified\":\"2023-11-15T08:30:50+00:00\",\"description\":\"Lernen Sie den Endpunktschutz kennen: Mit unseren Schulungen zu Stormshield Endpoint Security vertiefen Sie Ihre Kenntnisse zum Schutz von Endger\u00e4ten und Servern.\",\"breadcrumb\":{\"@id\":\"https:\/\/www.stormshield.com\/de\/unsere-unterstuetzung\/services\/schulung\/ses\/#breadcrumb\"},\"inLanguage\":\"de\",\"potentialAction\":[{\"@type\":\"ReadAction\",\"target\":[\"https:\/\/www.stormshield.com\/de\/unsere-unterstuetzung\/services\/schulung\/ses\/\"]}]},{\"@type\":\"BreadcrumbList\",\"@id\":\"https:\/\/www.stormshield.com\/de\/unsere-unterstuetzung\/services\/schulung\/ses\/#breadcrumb\",\"itemListElement\":[{\"@type\":\"ListItem\",\"position\":1,\"name\":\"Home\",\"item\":\"https:\/\/www.stormshield.com\/de\/\"},{\"@type\":\"ListItem\",\"position\":2,\"name\":\"Unsere Unterst\u00fctzung\",\"item\":\"https:\/\/www.stormshield.com\/de\/unsere-unterstuetzung\/\"},{\"@type\":\"ListItem\",\"position\":3,\"name\":\"Services\",\"item\":\"https:\/\/www.stormshield.com\/de\/unsere-unterstuetzung\/services\/\"},{\"@type\":\"ListItem\",\"position\":4,\"name\":\"Schulung\",\"item\":\"https:\/\/www.stormshield.com\/de\/unsere-unterstuetzung\/services\/schulung\/\"},{\"@type\":\"ListItem\",\"position\":5,\"name\":\"Stormshield Endpoint Security\"}]},{\"@type\":\"WebSite\",\"@id\":\"https:\/\/www.stormshield.com\/de\/#website\",\"url\":\"https:\/\/www.stormshield.com\/de\/\",\"name\":\"Stormshield\",\"description\":\"Stormshield\",\"potentialAction\":[{\"@type\":\"SearchAction\",\"target\":{\"@type\":\"EntryPoint\",\"urlTemplate\":\"https:\/\/www.stormshield.com\/de\/?s={search_term_string}\"},\"query-input\":{\"@type\":\"PropertyValueSpecification\",\"valueRequired\":true,\"valueName\":\"search_term_string\"}}],\"inLanguage\":\"de\"}]}<\/script>\n<!-- \/ Yoast SEO plugin. -->","yoast_head_json":{"title":"Cybersicherheit: SES-Trainingskurs | Stormshield","description":"Lernen Sie den Endpunktschutz kennen: Mit unseren Schulungen zu Stormshield Endpoint Security vertiefen Sie Ihre Kenntnisse zum Schutz von Endger\u00e4ten und Servern.","robots":{"index":"index","follow":"follow","max-snippet":"max-snippet:-1","max-image-preview":"max-image-preview:large","max-video-preview":"max-video-preview:-1"},"canonical":"https:\/\/www.stormshield.com\/de\/unsere-unterstuetzung\/services\/schulung\/ses\/","og_locale":"de_DE","og_type":"article","og_title":"Cybersicherheit: SES-Trainingskurs | Stormshield","og_description":"Lernen Sie den Endpunktschutz kennen: Mit unseren Schulungen zu Stormshield Endpoint Security vertiefen Sie Ihre Kenntnisse zum Schutz von Endger\u00e4ten und Servern.","og_url":"https:\/\/www.stormshield.com\/de\/unsere-unterstuetzung\/services\/schulung\/ses\/","og_site_name":"Stormshield","article_modified_time":"2023-11-15T08:30:50+00:00","og_image":[{"width":204,"height":94,"url":"https:\/\/www.stormshield.com\/wp-content\/uploads\/stormshield_logo.png","type":"image\/png"}],"twitter_card":"summary_large_image","twitter_site":"@Stormshield","twitter_misc":{"Gesch\u00e4tzte Lesezeit":"2\u00a0Minuten"},"schema":{"@context":"https:\/\/schema.org","@graph":[{"@type":"WebPage","@id":"https:\/\/www.stormshield.com\/de\/unsere-unterstuetzung\/services\/schulung\/ses\/","url":"https:\/\/www.stormshield.com\/de\/unsere-unterstuetzung\/services\/schulung\/ses\/","name":"Cybersicherheit: SES-Trainingskurs | Stormshield","isPartOf":{"@id":"https:\/\/www.stormshield.com\/de\/#website"},"datePublished":"2022-03-07T12:39:04+00:00","dateModified":"2023-11-15T08:30:50+00:00","description":"Lernen Sie den Endpunktschutz kennen: Mit unseren Schulungen zu Stormshield Endpoint Security vertiefen Sie Ihre Kenntnisse zum Schutz von Endger\u00e4ten und Servern.","breadcrumb":{"@id":"https:\/\/www.stormshield.com\/de\/unsere-unterstuetzung\/services\/schulung\/ses\/#breadcrumb"},"inLanguage":"de","potentialAction":[{"@type":"ReadAction","target":["https:\/\/www.stormshield.com\/de\/unsere-unterstuetzung\/services\/schulung\/ses\/"]}]},{"@type":"BreadcrumbList","@id":"https:\/\/www.stormshield.com\/de\/unsere-unterstuetzung\/services\/schulung\/ses\/#breadcrumb","itemListElement":[{"@type":"ListItem","position":1,"name":"Home","item":"https:\/\/www.stormshield.com\/de\/"},{"@type":"ListItem","position":2,"name":"Unsere Unterst\u00fctzung","item":"https:\/\/www.stormshield.com\/de\/unsere-unterstuetzung\/"},{"@type":"ListItem","position":3,"name":"Services","item":"https:\/\/www.stormshield.com\/de\/unsere-unterstuetzung\/services\/"},{"@type":"ListItem","position":4,"name":"Schulung","item":"https:\/\/www.stormshield.com\/de\/unsere-unterstuetzung\/services\/schulung\/"},{"@type":"ListItem","position":5,"name":"Stormshield Endpoint Security"}]},{"@type":"WebSite","@id":"https:\/\/www.stormshield.com\/de\/#website","url":"https:\/\/www.stormshield.com\/de\/","name":"Stormshield","description":"Stormshield","potentialAction":[{"@type":"SearchAction","target":{"@type":"EntryPoint","urlTemplate":"https:\/\/www.stormshield.com\/de\/?s={search_term_string}"},"query-input":{"@type":"PropertyValueSpecification","valueRequired":true,"valueName":"search_term_string"}}],"inLanguage":"de"}]}},"_links":{"self":[{"href":"https:\/\/www.stormshield.com\/de\/wp-json\/wp\/v2\/pages\/270342","targetHints":{"allow":["GET"]}}],"collection":[{"href":"https:\/\/www.stormshield.com\/de\/wp-json\/wp\/v2\/pages"}],"about":[{"href":"https:\/\/www.stormshield.com\/de\/wp-json\/wp\/v2\/types\/page"}],"author":[{"embeddable":true,"href":"https:\/\/www.stormshield.com\/de\/wp-json\/wp\/v2\/users\/31"}],"replies":[{"embeddable":true,"href":"https:\/\/www.stormshield.com\/de\/wp-json\/wp\/v2\/comments?post=270342"}],"version-history":[{"count":7,"href":"https:\/\/www.stormshield.com\/de\/wp-json\/wp\/v2\/pages\/270342\/revisions"}],"predecessor-version":[{"id":467273,"href":"https:\/\/www.stormshield.com\/de\/wp-json\/wp\/v2\/pages\/270342\/revisions\/467273"}],"up":[{"embeddable":true,"href":"https:\/\/www.stormshield.com\/de\/wp-json\/wp\/v2\/pages\/10936"}],"wp:attachment":[{"href":"https:\/\/www.stormshield.com\/de\/wp-json\/wp\/v2\/media?parent=270342"}],"curies":[{"name":"wp","href":"https:\/\/api.w.org\/{rel}","templated":true}]}}