{"id":263391,"date":"2022-06-02T06:39:22","date_gmt":"2022-06-02T05:39:22","guid":{"rendered":"https:\/\/www.stormshield.com\/?page_id=263391"},"modified":"2025-11-14T16:59:02","modified_gmt":"2025-11-14T15:59:02","slug":"vpn-client","status":"publish","type":"page","link":"https:\/\/www.stormshield.com\/de\/produkte-und-services\/produkte\/netzwerksicherheit\/unsere-funktionen-sns\/vpn-client\/","title":{"rendered":"VPN"},"content":{"rendered":"<div class=\"wpb-content-wrapper\"><p>[vc_row css_animation=\"\" row_type=\"row\" use_row_as_full_screen_section=\"no\" type=\"grid\" angled_section=\"no\" text_align=\"left\" background_image_as_pattern=\"without_pattern\" z_index=\"\" padding_top=\"100\" padding_bottom=\"100\"][vc_column][vc_column_text css=\"\"]<\/p>\n<h1 style=\"text-align: center;\"><span style=\"color: #00aaf5;\"><span style=\"font-weight: 300; font-size: 1.5em;\">Mit VPN-Technologie<\/span><\/span><span style=\"color: #00aaf5;\"><span style=\"font-weight: 600; font-size: 1.5em;\"> sichern Sie Ihre Kommunikation und Ihren Fernzugriff<\/span><\/span><\/h1>\n<p>[\/vc_column_text][\/vc_column][\/vc_row][vc_row css_animation=\"\" row_type=\"row\" use_row_as_full_screen_section=\"no\" type=\"grid\" angled_section=\"no\" text_align=\"left\" background_image_as_pattern=\"without_pattern\" z_index=\"\" padding_top=\"50\" padding_bottom=\"50\"][vc_column width=\"1\/2\"][vc_column_text css=\"\"]<\/p>\n<h2><span style=\"font-size: 1.4em; font-weight: bold; color: black; line-height: 0.8em;\">Sch\u00fctzen Sie Ihren Datenaustausch<\/span><\/h2>\n<p style=\"text-align: left;\"><span style=\"color: #000000; font-size: 1.1em;\">Sie suchen eine VPN-L\u00f6sung, um den Herausforderungen des Fernzugriffs (Mobilit\u00e4t, Telearbeit, Fernwartung...) und der standort\u00fcbergreifenden Kommunikation gerecht zu werden? <strong>Mit Stormshield k\u00f6nnen Sie sichere Verbindungen zu Ihren komplexen oder umfangreichen Informationssystemen herstellen und ein hohes Ma\u00df an Sicherheit gew\u00e4hrleisten.<\/strong> Mit einer Sicherheitsl\u00f6sung, die einfach zu installieren und zu konfigurieren ist, k\u00f6nnen Sie sich auf andere, wichtigere Aufgaben konzentrieren.<\/span><\/p>\n<p>[\/vc_column_text][vc_empty_space][vc_row_inner row_type=\"row\" type=\"full_width\" text_align=\"center\" css_animation=\"\"][vc_column_inner width=\"1\/5\"][vc_column_text css=\"\"]<\/p>\n<p style=\"text-align: center; font-size: 14px;\"><strong>Sichere<\/strong><br \/>\nVerbindungen<\/p>\n<p>[\/vc_column_text][\/vc_column_inner][vc_column_inner width=\"1\/5\"][vc_empty_space height=\"24px\"]<div class=\"qode_vertical_separator\" style=\"height: 64px;width: 2px;background-color: #00AEEF\">\n<\/div>[\/vc_column_inner][vc_column_inner width=\"1\/5\"][vc_column_text css=\"\"]<\/p>\n<p style=\"text-align: center; font-size: 14px;\"><strong>IPsec<\/strong><br \/>\nVPN<\/p>\n<p>[\/vc_column_text][\/vc_column_inner][vc_column_inner width=\"1\/5\"][vc_empty_space height=\"24px\"]<div class=\"qode_vertical_separator\" style=\"height: 64px;width: 2px;background-color: #00AEEF\">\n<\/div>[\/vc_column_inner][vc_column_inner width=\"1\/5\"][vc_column_text css=\"\"]<\/p>\n<p style=\"text-align: center; font-size: 14px;\"><strong>SSL<\/strong><br \/>\nVPN<\/p>\n<p>[\/vc_column_text][\/vc_column_inner][\/vc_row_inner][\/vc_column][vc_column width=\"1\/2\"][vc_single_image image=\"566412\" img_size=\"350x350\" alignment=\"center\" css=\"\" qode_css_animation=\"\" qode_hover_animation=\"zoom_in\"][\/vc_column][\/vc_row][vc_row css_animation=\"\" row_type=\"row\" use_row_as_full_screen_section=\"no\" type=\"grid\" angled_section=\"no\" text_align=\"left\" background_image_as_pattern=\"without_pattern\" z_index=\"\" padding_top=\"50\" padding_bottom=\"50\"][vc_column width=\"1\/2\"][vc_single_image image=\"566407\" img_size=\"350x350\" alignment=\"center\" css=\"\" qode_css_animation=\"\" qode_hover_animation=\"zoom_in\"][\/vc_column][vc_column width=\"1\/2\"][vc_column_text css=\"\"]<\/p>\n<h2><span style=\"font-size: 1.4em; font-weight: bold; color: #000000; line-height: 0.8em;\">Gehen Sie auf Zero Trust zu<\/span><\/h2>\n<p style=\"text-align: left;\"><span style=\"color: #000000; font-size: 1.1em;\">Die Verwendung eines VPN <strong>ist ein erster Baustein auf dem Weg <span style=\"text-decoration: underline;\"><a style=\"color: #000000; text-decoration: underline;\" href=\"https:\/\/www.stormshield.com\/de\/produkte-und-services\/produkte\/netzwerksicherheit\/unsere-funktionen-sns\/ztna\/\" target=\"_blank\" rel=\"noopener\">zum Zero Trust Network Access (ZTNA)-Modell<\/a><\/span>.<\/strong> Denn die Verbindungen zu Ihren Anwendungen und Ressourcen werden von verschiedenen, oft ungesicherten Orten aus hergestellt, wobei Ihre Mitarbeiter mobil sind oder im Home Office arbeiten. Mit der Host-Check-Funktion \u00fcberpr\u00fcfen Sie die Konformit\u00e4t der Arbeitspl\u00e4tze Ihrer Mitarbeiter, bevor Sie ihnen Zugriff auf Ihre Ressourcen gew\u00e4hren.<\/span><\/p>\n<p>[\/vc_column_text][vc_empty_space][vc_row_inner row_type=\"row\" type=\"full_width\" text_align=\"center\" css_animation=\"\"][vc_column_inner width=\"1\/5\"][vc_column_text css=\"\"]<\/p>\n<p style=\"text-align: center; font-size: 14px;\"><strong>Multifaktor-<\/strong><br \/>\nAuthentifizierung<\/p>\n<p>[\/vc_column_text][\/vc_column_inner][vc_column_inner width=\"1\/5\"][vc_empty_space height=\"24px\"]<div class=\"qode_vertical_separator\" style=\"height: 64px;width: 2px;background-color: #00AEEF\">\n<\/div>[\/vc_column_inner][vc_column_inner width=\"1\/5\"][vc_column_text css=\"\"]<\/p>\n<p style=\"text-align: center; font-size: 14px;\"><strong>Konformit\u00e4t<\/strong><br \/>\nder Arbeitspl\u00e4tze<\/p>\n<p>[\/vc_column_text][\/vc_column_inner][vc_column_inner width=\"1\/5\"][vc_empty_space height=\"24px\"]<div class=\"qode_vertical_separator\" style=\"height: 64px;width: 2px;background-color: #00AEEF\">\n<\/div>[\/vc_column_inner][vc_column_inner width=\"1\/5\"][vc_column_text css=\"\"]<\/p>\n<p style=\"text-align: center; font-size: 14px;\"><strong>Einfache<\/strong><br \/>\nImplementierung<\/p>\n<p>[\/vc_column_text][\/vc_column_inner][\/vc_row_inner][\/vc_column][\/vc_row][vc_row css_animation=\"\" row_type=\"row\" use_row_as_full_screen_section=\"no\" type=\"grid\" angled_section=\"no\" text_align=\"left\" background_image_as_pattern=\"without_pattern\" z_index=\"\" padding_top=\"50\" padding_bottom=\"50\"][vc_column width=\"1\/2\"][vc_column_text css=\"\"]<\/p>\n<h2><span style=\"font-size: 1.4em; font-weight: bold; color: #000000; line-height: 0.8em;\">Fordern Sie mehr Sicherheit<\/span><\/h2>\n<p style=\"text-align: left;\"><span style=\"color: #000000; font-size: 1.1em;\">Stormshield-Technologien werden <strong>strengstens getestet und bieten eine Reihe von Authentifizierungsprotokollen, Algorithmen und Mechanismen.<\/strong> Sie bieten eine starke Authentifizierung f\u00fcr Ihre Benutzer und VPN-Gateways sowie eine post-quantum-resistente Verschl\u00fcsselung.<\/span><\/p>\n<p style=\"text-align: left;\"><span style=\"color: #000000; font-size: 1.1em;\">F\u00fcr Ihre sensiblen Netzwerke sind die L\u00f6sungen von Stormshield mit dem IPsec DR-Standard (Diffusion Restreinted) der franz\u00f6sischen Agentur f\u00fcr Cybersicherheit (ANSSI) kompatibel und helfen Ihnen, die sich st\u00e4ndig \u00e4ndernden Sicherheitsanforderungen zu erf\u00fcllen.<\/span><\/p>\n<p>[\/vc_column_text][vc_empty_space][\/vc_column][vc_column width=\"1\/2\"][vc_single_image image=\"566417\" img_size=\"350x350\" alignment=\"center\" css=\"\" qode_css_animation=\"\" qode_hover_animation=\"zoom_in\"][\/vc_column][\/vc_row][vc_row css_animation=\"\" row_type=\"row\" use_row_as_full_screen_section=\"no\" type=\"grid\" angled_section=\"no\" text_align=\"left\" background_image_as_pattern=\"without_pattern\" z_index=\"\" padding_top=\"100\" padding_bottom=\"100\" el_class=\"fond_gris\"][vc_column width=\"2\/3\"][vc_column_text css=\"\"]<\/p>\n<h2><span style=\"font-size: 1.4em; font-weight: bold; color: #000000; line-height: 0.8em;\">Integrierte VPN-L\u00f6sungen f\u00fcr optimalen Schutz<\/span><\/h2>\n<p style=\"text-align: left;\"><span style=\"color: #000000; font-size: 1.1em;\">Um Ihren Herausforderungen beim Fernzugriff (Mobilit\u00e4t, Telearbeit, Fernwartung) und der Kommunikation zwischen Standorten gerecht zu werden, <strong>bieten wir Ihnen VPN-L\u00f6sungen, die direkt in unsere Firewalls der Stormshield Network Security (SNS)-Reihe integriert sind.<\/strong><\/span><\/p>\n<p style=\"text-align: left;\"><span style=\"color: #000000; font-size: 1.1em;\">Zero-Trust-Zugang, Multi-Faktor-Authentifizierung (MFA), IPsec DR, Post-Quantum-Verschl\u00fcsselung... profitieren Sie von einem anspruchsvollen Sicherheitsniveau f\u00fcr eine kontrollierte Verschl\u00fcsselung, der Sie vertrauen k\u00f6nnen.<\/span><\/p>\n<p>[\/vc_column_text][vc_empty_space]<a  itemprop=\"url\" href=\"https:\/\/www.stormshield.com\/wp-content\/uploads\/SNS-DE-Network-Security-Range-IT-Brochure.pdf\" target=\"_blank\" data-hover-background-color=\"#00AAF5\" data-hover-border-color=\"#FFFFFF\" class=\"qbutton  white enlarge\" style=\"border-color: #FFFFFF; background-color:#060051;\">SNS-Brosch\u00fcre herunterladen<i class=\"qode_icon_font_awesome fa fa-download qode_button_icon_element\"><\/i><\/a>[vc_empty_space][\/vc_column][vc_column width=\"1\/3\"][vc_single_image image=\"397427\" img_size=\"300x400\" alignment=\"center\" onclick=\"custom_link\" img_link_target=\"_blank\" css=\"\" qode_css_animation=\"\" qode_hover_animation=\"zoom_in\" link=\"https:\/\/www.stormshield.com\/de\/produkte-und-services\/produkte\/netzwerksicherheit\/unsere-firewalls-sns\/\"][\/vc_column][\/vc_row][vc_row css_animation=\"\" row_type=\"row\" use_row_as_full_screen_section=\"no\" type=\"grid\" angled_section=\"no\" text_align=\"left\" background_image_as_pattern=\"without_pattern\" z_index=\"\" padding_top=\"50\" padding_bottom=\"50\"][vc_column width=\"2\/3\"][vc_column_text css=\"\"]<\/p>\n<h2><strong><span style=\"font-size: 1.4em; font-weight: bold; color: black; line-height: 0.8em;\">Kontaktieren Sie unsere Teams<\/span><\/strong><\/h2>\n<p style=\"text-align: left;\"><span style=\"color: #000000; font-size: 1.1em;\">Haben Sie eine technische Frage zu den VPN-L\u00f6sungen von Stormshield, einschlie\u00dflich des Stormshield VPN Client-Angebots? Sie ben\u00f6tigen eine Testversion? Eine Preiseinsch\u00e4tzung? <strong>F\u00fcr kommerzielle oder technische Informationen besuchen Sie bitte unsere Dokumentationsseite oder wenden Sie sich an unsere Teams.<\/strong><\/span><\/p>\n<p>[\/vc_column_text][vc_empty_space]<a  itemprop=\"url\" href=\"https:\/\/documentation.stormshield.eu\/SNS\/v5\/en\/Content\/Release_Notes_SSL_VPN_Client\/Getting_Started_RNO.htm\" target=\"_blank\" data-hover-background-color=\"#00AAF5\" data-hover-border-color=\"#FFFFFF\" class=\"qbutton  white enlarge\" style=\"border-color: #FFFFFF; background-color:#060051;\">Sehen Sie sich den Versionshinweis an<i class=\"qode_icon_font_awesome fa fa-angle-right qode_button_icon_element\"><\/i><\/a>[vc_empty_space height=\"12px\"]<a  itemprop=\"url\" href=\"https:\/\/www.stormshield.com\/de\/kontakt\/anfrage-an-den-vertrieb\/\" target=\"_blank\" data-hover-background-color=\"#00AAF5\" data-hover-border-color=\"#FFFFFF\" class=\"qbutton  white enlarge\" style=\"border-color: #FFFFFF; background-color:#060051;\">Kontaktieren Sie unsere Teams<i class=\"qode_icon_font_awesome fa fa-angle-right qode_button_icon_element\"><\/i><\/a>[vc_empty_space][\/vc_column][vc_column width=\"1\/3\"][vc_empty_space][vc_single_image image=\"266673\" img_size=\"\" alignment=\"center\" css=\"\" qode_css_animation=\"\"][vc_single_image image=\"266681\" img_size=\"\" alignment=\"center\" css=\"\" qode_css_animation=\"\"][vc_single_image image=\"266687\" img_size=\"\" alignment=\"center\" css=\"\" qode_css_animation=\"\"][vc_empty_space][\/vc_column][\/vc_row]<\/p>\n<\/div>","protected":false},"excerpt":{"rendered":"<p>[vc_row css_animation=&#8220;&#8220; row_type=&#8220;row&#8220; use_row_as_full_screen_section=&#8220;no&#8220; type=&#8220;grid&#8220; angled_section=&#8220;no&#8220; text_align=&#8220;left&#8220; background_image_as_pattern=&#8220;without_pattern&#8220; z_index=&#8220;&#8220; padding_top=&#8220;100&#8243; padding_bottom=&#8220;100&#8243;][vc_column][vc_column_text css=&#8220;&#8220;] Mit VPN-Technologie sichern Sie Ihre Kommunikation und Ihren Fernzugriff [\/vc_column_text][\/vc_column][\/vc_row][vc_row css_animation=&#8220;&#8220; row_type=&#8220;row&#8220; use_row_as_full_screen_section=&#8220;no&#8220; type=&#8220;grid&#8220; angled_section=&#8220;no&#8220; text_align=&#8220;left&#8220; background_image_as_pattern=&#8220;without_pattern&#8220; z_index=&#8220;&#8220; padding_top=&#8220;50&#8243; padding_bottom=&#8220;50&#8243;][vc_column width=&#8220;1\/2&#8243;][vc_column_text css=&#8220;&#8220;] Sch\u00fctzen Sie Ihren Datenaustausch Sie suchen eine VPN-L\u00f6sung, um den Herausforderungen&#8230;<\/p>\n","protected":false},"author":31,"featured_media":0,"parent":231709,"menu_order":0,"comment_status":"closed","ping_status":"closed","template":"full_width.php","meta":{"_acf_changed":false,"footnotes":""},"class_list":["post-263391","page","type-page","status-publish","hentry"],"acf":[],"yoast_head":"<!-- This site is optimized with the Yoast SEO plugin v27.3 - https:\/\/yoast.com\/product\/yoast-seo-wordpress\/ -->\n<title>Die VPN-L\u00f6sung von Stormshield, Sicherheit f\u00fcr Ihren Fernzugriff<\/title>\n<meta name=\"description\" content=\"Stormshield VPN Client: unsere L\u00f6sung f\u00fcr Ihren Bedarf an Mobilit\u00e4t und sicherer Kommunikation zwischen Standorten\" \/>\n<meta name=\"robots\" content=\"index, follow, max-snippet:-1, max-image-preview:large, max-video-preview:-1\" \/>\n<link rel=\"canonical\" href=\"https:\/\/www.stormshield.com\/de\/produkte-und-services\/produkte\/netzwerksicherheit\/unsere-funktionen-sns\/vpn-client\/\" \/>\n<meta property=\"og:locale\" content=\"de_DE\" \/>\n<meta property=\"og:type\" content=\"article\" \/>\n<meta property=\"og:title\" content=\"Die VPN-L\u00f6sung von Stormshield, Sicherheit f\u00fcr Ihren Fernzugriff\" \/>\n<meta property=\"og:description\" content=\"Stormshield VPN Client: unsere L\u00f6sung f\u00fcr Ihren Bedarf an Mobilit\u00e4t und sicherer Kommunikation zwischen Standorten\" \/>\n<meta property=\"og:url\" content=\"https:\/\/www.stormshield.com\/de\/produkte-und-services\/produkte\/netzwerksicherheit\/unsere-funktionen-sns\/vpn-client\/\" \/>\n<meta property=\"og:site_name\" content=\"Stormshield\" \/>\n<meta property=\"article:modified_time\" content=\"2025-11-14T15:59:02+00:00\" \/>\n<meta property=\"og:image\" content=\"https:\/\/www.stormshield.com\/wp-content\/uploads\/stormshield_logo.png\" \/>\n\t<meta property=\"og:image:width\" content=\"204\" \/>\n\t<meta property=\"og:image:height\" content=\"94\" \/>\n\t<meta property=\"og:image:type\" content=\"image\/png\" \/>\n<meta name=\"twitter:card\" content=\"summary_large_image\" \/>\n<meta name=\"twitter:site\" content=\"@Stormshield\" \/>\n<meta name=\"twitter:label1\" content=\"Gesch\u00e4tzte Lesezeit\" \/>\n\t<meta name=\"twitter:data1\" content=\"4\u00a0Minuten\" \/>\n<script type=\"application\/ld+json\" class=\"yoast-schema-graph\">{\"@context\":\"https:\\\/\\\/schema.org\",\"@graph\":[{\"@type\":\"WebPage\",\"@id\":\"https:\\\/\\\/www.stormshield.com\\\/de\\\/produkte-und-services\\\/produkte\\\/netzwerksicherheit\\\/unsere-funktionen-sns\\\/vpn-client\\\/\",\"url\":\"https:\\\/\\\/www.stormshield.com\\\/de\\\/produkte-und-services\\\/produkte\\\/netzwerksicherheit\\\/unsere-funktionen-sns\\\/vpn-client\\\/\",\"name\":\"Die VPN-L\u00f6sung von Stormshield, Sicherheit f\u00fcr Ihren Fernzugriff\",\"isPartOf\":{\"@id\":\"https:\\\/\\\/www.stormshield.com\\\/de\\\/#website\"},\"datePublished\":\"2022-06-02T05:39:22+00:00\",\"dateModified\":\"2025-11-14T15:59:02+00:00\",\"description\":\"Stormshield VPN Client: unsere L\u00f6sung f\u00fcr Ihren Bedarf an Mobilit\u00e4t und sicherer Kommunikation zwischen Standorten\",\"breadcrumb\":{\"@id\":\"https:\\\/\\\/www.stormshield.com\\\/de\\\/produkte-und-services\\\/produkte\\\/netzwerksicherheit\\\/unsere-funktionen-sns\\\/vpn-client\\\/#breadcrumb\"},\"inLanguage\":\"de\",\"potentialAction\":[{\"@type\":\"ReadAction\",\"target\":[\"https:\\\/\\\/www.stormshield.com\\\/de\\\/produkte-und-services\\\/produkte\\\/netzwerksicherheit\\\/unsere-funktionen-sns\\\/vpn-client\\\/\"]}]},{\"@type\":\"BreadcrumbList\",\"@id\":\"https:\\\/\\\/www.stormshield.com\\\/de\\\/produkte-und-services\\\/produkte\\\/netzwerksicherheit\\\/unsere-funktionen-sns\\\/vpn-client\\\/#breadcrumb\",\"itemListElement\":[{\"@type\":\"ListItem\",\"position\":1,\"name\":\"Home\",\"item\":\"https:\\\/\\\/www.stormshield.com\\\/de\\\/\"},{\"@type\":\"ListItem\",\"position\":2,\"name\":\"Produkte &amp; Solutions\",\"item\":\"https:\\\/\\\/www.stormshield.com\\\/de\\\/produkte-und-services\\\/\"},{\"@type\":\"ListItem\",\"position\":3,\"name\":\"Produkte\",\"item\":\"https:\\\/\\\/www.stormshield.com\\\/de\\\/produkte-und-services\\\/produkte\\\/\"},{\"@type\":\"ListItem\",\"position\":4,\"name\":\"Netzwerksicherheit\",\"item\":\"https:\\\/\\\/www.stormshield.com\\\/de\\\/produkte-und-services\\\/produkte\\\/netzwerksicherheit\\\/\"},{\"@type\":\"ListItem\",\"position\":5,\"name\":\"Unsere Funktionen (SNS)\",\"item\":\"https:\\\/\\\/www.stormshield.com\\\/de\\\/produkte-und-services\\\/produkte\\\/netzwerksicherheit\\\/unsere-funktionen-sns\\\/\"},{\"@type\":\"ListItem\",\"position\":6,\"name\":\"VPN\"}]},{\"@type\":\"WebSite\",\"@id\":\"https:\\\/\\\/www.stormshield.com\\\/de\\\/#website\",\"url\":\"https:\\\/\\\/www.stormshield.com\\\/de\\\/\",\"name\":\"Stormshield\",\"description\":\"Stormshield\",\"potentialAction\":[{\"@type\":\"SearchAction\",\"target\":{\"@type\":\"EntryPoint\",\"urlTemplate\":\"https:\\\/\\\/www.stormshield.com\\\/de\\\/?s={search_term_string}\"},\"query-input\":{\"@type\":\"PropertyValueSpecification\",\"valueRequired\":true,\"valueName\":\"search_term_string\"}}],\"inLanguage\":\"de\"}]}<\/script>\n<!-- \/ Yoast SEO plugin. -->","yoast_head_json":{"title":"Die VPN-L\u00f6sung von Stormshield, Sicherheit f\u00fcr Ihren Fernzugriff","description":"Stormshield VPN Client: unsere L\u00f6sung f\u00fcr Ihren Bedarf an Mobilit\u00e4t und sicherer Kommunikation zwischen Standorten","robots":{"index":"index","follow":"follow","max-snippet":"max-snippet:-1","max-image-preview":"max-image-preview:large","max-video-preview":"max-video-preview:-1"},"canonical":"https:\/\/www.stormshield.com\/de\/produkte-und-services\/produkte\/netzwerksicherheit\/unsere-funktionen-sns\/vpn-client\/","og_locale":"de_DE","og_type":"article","og_title":"Die VPN-L\u00f6sung von Stormshield, Sicherheit f\u00fcr Ihren Fernzugriff","og_description":"Stormshield VPN Client: unsere L\u00f6sung f\u00fcr Ihren Bedarf an Mobilit\u00e4t und sicherer Kommunikation zwischen Standorten","og_url":"https:\/\/www.stormshield.com\/de\/produkte-und-services\/produkte\/netzwerksicherheit\/unsere-funktionen-sns\/vpn-client\/","og_site_name":"Stormshield","article_modified_time":"2025-11-14T15:59:02+00:00","og_image":[{"width":204,"height":94,"url":"https:\/\/www.stormshield.com\/wp-content\/uploads\/stormshield_logo.png","type":"image\/png"}],"twitter_card":"summary_large_image","twitter_site":"@Stormshield","twitter_misc":{"Gesch\u00e4tzte Lesezeit":"4\u00a0Minuten"},"schema":{"@context":"https:\/\/schema.org","@graph":[{"@type":"WebPage","@id":"https:\/\/www.stormshield.com\/de\/produkte-und-services\/produkte\/netzwerksicherheit\/unsere-funktionen-sns\/vpn-client\/","url":"https:\/\/www.stormshield.com\/de\/produkte-und-services\/produkte\/netzwerksicherheit\/unsere-funktionen-sns\/vpn-client\/","name":"Die VPN-L\u00f6sung von Stormshield, Sicherheit f\u00fcr Ihren Fernzugriff","isPartOf":{"@id":"https:\/\/www.stormshield.com\/de\/#website"},"datePublished":"2022-06-02T05:39:22+00:00","dateModified":"2025-11-14T15:59:02+00:00","description":"Stormshield VPN Client: unsere L\u00f6sung f\u00fcr Ihren Bedarf an Mobilit\u00e4t und sicherer Kommunikation zwischen Standorten","breadcrumb":{"@id":"https:\/\/www.stormshield.com\/de\/produkte-und-services\/produkte\/netzwerksicherheit\/unsere-funktionen-sns\/vpn-client\/#breadcrumb"},"inLanguage":"de","potentialAction":[{"@type":"ReadAction","target":["https:\/\/www.stormshield.com\/de\/produkte-und-services\/produkte\/netzwerksicherheit\/unsere-funktionen-sns\/vpn-client\/"]}]},{"@type":"BreadcrumbList","@id":"https:\/\/www.stormshield.com\/de\/produkte-und-services\/produkte\/netzwerksicherheit\/unsere-funktionen-sns\/vpn-client\/#breadcrumb","itemListElement":[{"@type":"ListItem","position":1,"name":"Home","item":"https:\/\/www.stormshield.com\/de\/"},{"@type":"ListItem","position":2,"name":"Produkte &amp; Solutions","item":"https:\/\/www.stormshield.com\/de\/produkte-und-services\/"},{"@type":"ListItem","position":3,"name":"Produkte","item":"https:\/\/www.stormshield.com\/de\/produkte-und-services\/produkte\/"},{"@type":"ListItem","position":4,"name":"Netzwerksicherheit","item":"https:\/\/www.stormshield.com\/de\/produkte-und-services\/produkte\/netzwerksicherheit\/"},{"@type":"ListItem","position":5,"name":"Unsere Funktionen (SNS)","item":"https:\/\/www.stormshield.com\/de\/produkte-und-services\/produkte\/netzwerksicherheit\/unsere-funktionen-sns\/"},{"@type":"ListItem","position":6,"name":"VPN"}]},{"@type":"WebSite","@id":"https:\/\/www.stormshield.com\/de\/#website","url":"https:\/\/www.stormshield.com\/de\/","name":"Stormshield","description":"Stormshield","potentialAction":[{"@type":"SearchAction","target":{"@type":"EntryPoint","urlTemplate":"https:\/\/www.stormshield.com\/de\/?s={search_term_string}"},"query-input":{"@type":"PropertyValueSpecification","valueRequired":true,"valueName":"search_term_string"}}],"inLanguage":"de"}]}},"_links":{"self":[{"href":"https:\/\/www.stormshield.com\/de\/wp-json\/wp\/v2\/pages\/263391","targetHints":{"allow":["GET"]}}],"collection":[{"href":"https:\/\/www.stormshield.com\/de\/wp-json\/wp\/v2\/pages"}],"about":[{"href":"https:\/\/www.stormshield.com\/de\/wp-json\/wp\/v2\/types\/page"}],"author":[{"embeddable":true,"href":"https:\/\/www.stormshield.com\/de\/wp-json\/wp\/v2\/users\/31"}],"replies":[{"embeddable":true,"href":"https:\/\/www.stormshield.com\/de\/wp-json\/wp\/v2\/comments?post=263391"}],"version-history":[{"count":20,"href":"https:\/\/www.stormshield.com\/de\/wp-json\/wp\/v2\/pages\/263391\/revisions"}],"predecessor-version":[{"id":696028,"href":"https:\/\/www.stormshield.com\/de\/wp-json\/wp\/v2\/pages\/263391\/revisions\/696028"}],"up":[{"embeddable":true,"href":"https:\/\/www.stormshield.com\/de\/wp-json\/wp\/v2\/pages\/231709"}],"wp:attachment":[{"href":"https:\/\/www.stormshield.com\/de\/wp-json\/wp\/v2\/media?parent=263391"}],"curies":[{"name":"wp","href":"https:\/\/api.w.org\/{rel}","templated":true}]}}