{"id":24,"date":"2016-05-31T10:41:10","date_gmt":"2016-05-31T09:41:10","guid":{"rendered":"https:\/\/www.stormshield.com\/?page_id=24&#038;lang=de"},"modified":"2025-09-11T08:53:23","modified_gmt":"2025-09-11T07:53:23","slug":"willkommen","status":"publish","type":"page","link":"https:\/\/www.stormshield.com\/de\/","title":{"rendered":"Stormshield, die Entscheidung f\u00fcr vertrauensw\u00fcrdige europ\u00e4ische Cyber-Sicherheit"},"content":{"rendered":"<div class=\"wpb-content-wrapper\"><p>[vc_row css_animation=\"\" row_type=\"row\" use_row_as_full_screen_section=\"no\" type=\"grid\" angled_section=\"no\" text_align=\"left\" background_image_as_pattern=\"without_pattern\" z_index=\"\" el_id=\"home-alerte\" el_class=\"d-none\"][vc_column width=\"2\/12\"][vc_column_text el_class=\"alertetitle\"]<\/p>\n<p>Warnung<\/p>\n<p>[\/vc_column_text][\/vc_column][vc_column width=\"8\/12\"][vc_column_text el_class=\"alerteinfo\"]<span style=\"color: #000; font-size: 1.1em;\">The Chinese group LuoYu, creator of the WinDealer malware, is back in the news. Stormshield Customer Security Lab provides an update on the threat.<\/span>[\/vc_column_text][vc_empty_space height=\"8px\"][\/vc_column][vc_column width=\"2\/12\"]<a  itemprop=\"url\" href=\"\" target=\"_self\"  class=\"qbutton  white enlarge\" style=\"\">Mehr erfahren<\/a>[vc_empty_space height=\"8px\"][\/vc_column][\/vc_row][vc_row css_animation=\"\" row_type=\"row\" use_row_as_full_screen_section=\"no\" type=\"grid\" angled_section=\"no\" text_align=\"center\" background_image_as_pattern=\"without_pattern\" z_index=\"\" el_class=\"padding900\"][vc_column][vc_row_inner row_type=\"row\" type=\"full_width\" text_align=\"center\" css_animation=\"\"][vc_column_inner width=\"2\/12\"][\/vc_column_inner][vc_column_inner width=\"8\/12\"][vc_column_text css=\"\"]<\/p>\n<h1 style=\"text-align: center;\"><span style=\"color: #060051;\"><span style=\"font-weight: 900; font-size: 1.7em;\">Stormshield, <\/span><\/span><span style=\"color: #060051;\"><span style=\"font-weight: 300; font-size: 1.7em;\">die europ\u00e4ische Wahl f\u00fcr Cyber-Sicherheit<\/span><\/span><\/h1>\n<p>[\/vc_column_text][vc_empty_space][vc_column_text]<span style=\"color: #000; font-size: 1.1em;\">Stormshield ist ein vertrauensw\u00fcrdiger Anbieter von Cyber-Sicherheitsl\u00f6sungen f\u00fcr den Schutz Ihres Unternehmens. Aber worin besteht wirklich unser Alleinstellungsmerkmal? Vertrauen, Strenge, N\u00e4he und Zusammenarbeit\u00a0\u2013 entdecken Sie, was unseren Ansatz und unsere Produkte so einzigartig macht.[\/vc_column_text][vc_empty_space][vc_video link=\"https:\/\/youtu.be\/302D2d1Eg84\" align=\"center\"][vc_empty_space]<a  itemprop=\"url\" href=\"https:\/\/www.stormshield.com\/de\/unser-unterschied\/\" target=\"_self\"  class=\"qbutton  enlarge\" style=\"\">Unser Alleinstellungsmerkmal<i class=\"qode_icon_font_awesome fa fa-angle-right qode_button_icon_element\"><\/i><\/a>[vc_empty_space][\/vc_column_inner][vc_column_inner width=\"2\/12\"][\/vc_column_inner][\/vc_row_inner][\/vc_column][\/vc_row][vc_row css_animation=\"\" row_type=\"row\" use_row_as_full_screen_section=\"no\" type=\"grid\" angled_section=\"no\" text_align=\"center\" background_image_as_pattern=\"without_pattern\" el_class=\"padding90 home_offre\" z_index=\"\"][vc_column width=\"1\/4\"][vc_single_image image=\"456230\" img_size=\"200x200\" alignment=\"center\" onclick=\"custom_link\" qode_css_animation=\"\" link=\"https:\/\/www.stormshield.com\/de\/produkte-und-services\/produkte\/netzwerksicherheit\/\"][vc_column_text]<span style=\"color: #000; font-size: 1.1em;\">Stormshield Network Security: Sch\u00fctzen Sie Ihre Netzwerke[\/vc_column_text][vc_empty_space]<a  itemprop=\"url\" href=\"https:\/\/www.stormshield.com\/de\/produkte-und-services\/produkte\/netzwerksicherheit\/unsere-firewalls-sns\/\" target=\"_self\"  class=\"qbutton  enlarge\" style=\"\">SNS<i class=\"qode_icon_font_awesome fa fa-angle-right qode_button_icon_element\"><\/i><\/a>[vc_empty_space][\/vc_column][vc_column width=\"1\/4\"][vc_single_image image=\"456345\" img_size=\"200x200\" alignment=\"center\" onclick=\"custom_link\" qode_css_animation=\"\" link=\"https:\/\/www.stormshield.com\/de\/produkte-und-services\/produkte\/schutz-von-workstations-und-servern\/\"][vc_column_text]<span style=\"color: #000; font-size: 1.1em;\">Stormshield Endpoint Security: Sch\u00fctzen Sie Ihre Arbeitsstationen und Server.[\/vc_column_text][vc_empty_space]<a  itemprop=\"url\" href=\"https:\/\/www.stormshield.com\/de\/produkte-und-services\/produkte\/schutz-von-workstations-und-servern\/stormshield-endpoint-security\/\" target=\"_self\"  class=\"qbutton  enlarge\" style=\"\">SES<i class=\"qode_icon_font_awesome fa fa-angle-right qode_button_icon_element\"><\/i><\/a>[vc_empty_space][\/vc_column][vc_column width=\"1\/4\"][vc_single_image image=\"456645\" img_size=\"200x200\" alignment=\"center\" onclick=\"custom_link\" qode_css_animation=\"\" link=\"https:\/\/www.stormshield.com\/de\/produkte-und-services\/produkte\/datenverschluesselung\/\"][vc_column_text]<span style=\"color: #000; font-size: 1.1em;\">Stormshield Data Security: Sch\u00fctzen Sie Ihre sensiblen Daten[\/vc_column_text][vc_empty_space]<a  itemprop=\"url\" href=\"https:\/\/www.stormshield.com\/de\/produkte-und-services\/produkte\/datenverschluesselung\/sds-produktreihe\/\" target=\"_self\"  class=\"qbutton  enlarge\" style=\"\">SDS<i class=\"qode_icon_font_awesome fa fa-angle-right qode_button_icon_element\"><\/i><\/a>[vc_empty_space][\/vc_column][vc_column width=\"1\/4\"][vc_single_image image=\"456245\" img_size=\"200x200\" alignment=\"center\" onclick=\"custom_link\" qode_css_animation=\"\" link=\"https:\/\/www.stormshield.com\/de\/produkte-und-services\/produkte\/industrielle-cybersicherheit-und-ot-schutz\/\"][vc_column_text]<span style=\"color: #000; font-size: 1.1em;\">Cyber-Sicherheit f\u00fcr die Industrie: Sch\u00fctzen Sie Ihre Industrieumgebungen[\/vc_column_text][vc_empty_space]<a  itemprop=\"url\" href=\"https:\/\/www.stormshield.com\/de\/produkte-und-services\/produkte\/industrielle-cybersicherheit-und-ot-schutz\/\" target=\"_self\"  class=\"qbutton  enlarge\" style=\"\">Industrielle Angebote<i class=\"qode_icon_font_awesome fa fa-angle-right qode_button_icon_element\"><\/i><\/a>[vc_empty_space][\/vc_column][\/vc_row][vc_row css_animation=\"\" row_type=\"row\" use_row_as_full_screen_section=\"no\" type=\"grid\" angled_section=\"no\" text_align=\"center\" background_image_as_pattern=\"without_pattern\" z_index=\"\" el_class=\"padding90\" background_color=\"#ececec\"][vc_column][vc_raw_html]JTVCc2VhcmNoYW5kZmlsdGVyJTIwaWQlM0QlMjIzMTU2OTElMjIlNUQ=[\/vc_raw_html][\/vc_column][\/vc_row][vc_row css_animation=\"\" row_type=\"row\" use_row_as_full_screen_section=\"no\" type=\"grid\" angled_section=\"no\" text_align=\"center\" background_image_as_pattern=\"without_pattern\" z_index=\"\" el_class=\"typoWhite padding90\" background_image=\"288276\"][vc_column][vc_column_text css=\"\"]<\/span><\/span><\/span><\/span><\/span><\/p>\n<h2 style=\"text-align: center;\"><span style=\"color: #ffffff; font-size: 1.2em; font-weight: 900;\">Stormshield-L\u00f6sung kaufen<\/span><\/h2>\n<p>[\/vc_column_text][vc_column_text]<\/p>\n<p style=\"text-align: center;\"><span style=\"color: #ffffff; font-size: 1.1em;\">F\u00fcr den Schutz Ihrer Netzwerke, Computer und Daten ben\u00f6tigen Sie eine vertrauensw\u00fcrdige Cybersicherheitsl\u00f6sung. Unser Netz von zertifizierten Einzelhandelspartnern erstreckt sich \u00fcber mehr als 40 L\u00e4nder. Es gibt sicher einen in Ihrer N\u00e4he!<\/span><\/p>\n<p>[\/vc_column_text][vc_empty_space height=\"50px\"]<a  itemprop=\"url\" href=\"https:\/\/www.stormshield.com\/de\/produkte-und-services\/loesung-kaufen\/\" target=\"_self\"  class=\"qbutton  white enlarge\" style=\"\">Kontakt<i class=\"qode_icon_font_awesome fa fa-angle-right qode_button_icon_element\"><\/i><\/a>[\/vc_column][\/vc_row][vc_row css_animation=\"\" row_type=\"row\" use_row_as_full_screen_section=\"no\" type=\"grid\" angled_section=\"no\" text_align=\"center\" background_image_as_pattern=\"without_pattern\" anchor=\"news\" el_class=\"bgNewsHome homepagestorm-actus\" z_index=\"\"][vc_column][vc_column_text]<\/p>\n<h2 style=\"text-align: center;\"><span style=\"color: #060051; font-size: 1.2em; font-weight: 900;\">Verfolgen Sie die Stormshield-Nachrichten<\/span><\/h2>\n<p>[\/vc_column_text][vc_separator type=\"transparent\"]<div class=\"latest_post_holder boxes three_columns one_rows\"><ul><li class=\"clearfix\"><a itemprop=\"url\" href=\"https:\/\/www.stormshield.com\/de\/news\/neues-souveranes-ipsec-vpn-mit-ercom\/\"><div class=\"news-block\" style=\"background: url(https:\/\/www.stormshield.com\/wp-content\/uploads\/stormshield-et-ercom-au-fic-2026.jpg) repeat top left, transparent url(https:\/\/www.stormshield.com\/wp-content\/uploads\/stormshield-et-ercom-au-fic-2026.jpg) no-repeat left center; background-size: cover;\"><div class=\"news-block-info\"><span class=\"news-date\">01 04 2026<\/span><h3 class=\"news-title\">Stormshield und ERCOM bringen neue souver\u00e4ne IPsec-VPN-L\u00f6sung auf den Markt<\/h3><\/div><\/div><\/a><\/li><li class=\"clearfix\"><a itemprop=\"url\" href=\"https:\/\/www.stormshield.com\/de\/news\/cyberverteidigung-souveraenitaet-ist-weit-mehr-als-eine-regulatorische-anforderung\/\"><div class=\"news-block\" style=\"background: url(https:\/\/www.stormshield.com\/wp-content\/uploads\/shutterstock-660792934-800x563.jpg) repeat top left, transparent url(https:\/\/www.stormshield.com\/wp-content\/uploads\/shutterstock-660792934-800x563.jpg) no-repeat left center; background-size: cover;\"><div class=\"news-block-info\"><span class=\"news-date\">05 03 2026<\/span><h3 class=\"news-title\">Cyberverteidigung: Souver\u00e4nit\u00e4t ist weit mehr als eine regulatorische Anforderung<\/h3><\/div><\/div><\/a><\/li><li class=\"clearfix\"><a itemprop=\"url\" href=\"https:\/\/www.stormshield.com\/de\/news\/die-stormshield-academy-wird-mitglied-der-european-cybersecurity-skills-academy\/\"><div class=\"news-block\" style=\"background: url(https:\/\/www.stormshield.com\/wp-content\/uploads\/cyber-skills-academy-pledge-png-2-800x600.png) repeat top left, transparent url(https:\/\/www.stormshield.com\/wp-content\/uploads\/cyber-skills-academy-pledge-png-2-800x600.png) no-repeat left center; background-size: cover;\"><div class=\"news-block-info\"><span class=\"news-date\">02 02 2026<\/span><h3 class=\"news-title\">Die Stormshield Academy wird Mitglied der European Cybersecurity Skills Academy<\/h3><\/div><\/div><\/a><\/li><\/ul><\/div><a  itemprop=\"url\" href=\"https:\/\/www.stormshield.com\/de\/news\/\" target=\"_self\"  class=\"qbutton  enlarge\" style=\"\">Alle unsere Nachrichten<i class=\"qode_icon_font_awesome fa fa-angle-right qode_button_icon_element\"><\/i><\/a>[\/vc_column][\/vc_row][vc_row css_animation=\"\" row_type=\"row\" use_row_as_full_screen_section=\"no\" type=\"grid\" angled_section=\"no\" text_align=\"center\" background_image_as_pattern=\"without_pattern\" z_index=\"\" padding_top=\"80\" padding_bottom=\"100\" el_class=\"typoWhite\" background_image=\"288281\"][vc_column][vc_column_text css=\"\"]<\/p>\n<h2 style=\"text-align: center;\"><span style=\"color: #ffffff; font-size: 1.2em; font-weight: 900;\">Dem Stormshield-Partner- Netzwerk beitreten<\/span><\/h2>\n<p>[\/vc_column_text][vc_column_text]<\/p>\n<p style=\"text-align: center;\"><span style=\"color: #ffffff; font-size: 1.1em;\">M\u00f6chten Sie sich dem Abenteuer anschlie\u00dfen und Wiederverk\u00e4ufer oder Vertriebspartner werden? Stormshield bietet Ihnen eine Partnerschaft, die auf gegenseitigem Nutzen basiert, Ihre Rentabilit\u00e4t steigert und es Ihnen erm\u00f6glicht, Ihren Kunden vertrauensw\u00fcrdige Cybersicherheitsl\u00f6sungen anzubieten.<\/span><\/p>\n<p>[\/vc_column_text][vc_empty_space height=\"50px\"]<a  itemprop=\"url\" href=\"https:\/\/www.stormshield.com\/de\/partner\/\" target=\"_self\"  class=\"qbutton  white enlarge\" style=\"\">Partner werden<i class=\"qode_icon_font_awesome fa fa-angle-right qode_button_icon_element\"><\/i><\/a>[\/vc_column][\/vc_row][vc_row css_animation=\"\" row_type=\"row\" use_row_as_full_screen_section=\"no\" type=\"grid\" angled_section=\"no\" text_align=\"center\" background_image_as_pattern=\"without_pattern\" el_class=\"padding90 home-services\" z_index=\"\"][vc_column][vc_column_text]<\/p>\n<h2 style=\"text-align: center;\"><span style=\"color: #060051; font-size: 1.2em; font-weight: 900;\">Den Stormshield-Service in Anspruch nehmen<\/span><\/h2>\n<p>[\/vc_column_text][vc_empty_space height=\"50px\"][vc_row_inner row_type=\"row\" type=\"full_width\" text_align=\"center\" css_animation=\"\"][vc_column_inner width=\"1\/4\"][vc_single_image image=\"456830\" alignment=\"center\" onclick=\"custom_link\" qode_css_animation=\"\" link=\"https:\/\/www.stormshield.com\/de\/unsere-unterstuetzung\/services\/wartung\/\"][vc_column_text]<\/p>\n<p style=\"text-align: center;\"><span style=\"color: #000000;\"><a style=\"color: #000000;\" href=\"https:\/\/www.stormshield.com\/de\/unsere-unterstuetzung\/services\/wartung\/\"><span style=\"font-size: 1.1em;\">Wartung<\/span><\/a><\/span><\/p>\n<p>[\/vc_column_text][\/vc_column_inner][vc_column_inner width=\"1\/4\"][vc_single_image image=\"456825\" alignment=\"center\" onclick=\"custom_link\" qode_css_animation=\"\" link=\"https:\/\/www.stormshield.com\/de\/unsere-unterstuetzung\/services\/technischer-support\/\"][vc_column_text]<\/p>\n<p style=\"text-align: center;\"><span style=\"color: #000000;\"><a style=\"color: #000000;\" href=\"https:\/\/www.stormshield.com\/de\/unsere-unterstuetzung\/services\/technischer-support\/\"><span style=\"font-size: 1.1em;\">Technischer Support<\/span><\/a><\/span><\/p>\n<p>[\/vc_column_text][\/vc_column_inner][vc_column_inner width=\"1\/4\"][vc_single_image image=\"456845\" alignment=\"center\" onclick=\"custom_link\" qode_css_animation=\"\" link=\"https:\/\/www.stormshield.com\/de\/unsere-unterstuetzung\/services\/schulung\/\"][vc_column_text]<\/p>\n<p style=\"text-align: center;\"><span style=\"color: #000000;\"><a style=\"color: #000000;\" href=\"https:\/\/www.stormshield.com\/de\/unsere-unterstuetzung\/services\/schulung\/\"><span style=\"font-size: 1.1em;\">Schulungen<\/span><\/a><\/span><\/p>\n<p>[\/vc_column_text][\/vc_column_inner][vc_column_inner width=\"1\/4\"][vc_single_image image=\"456620\" alignment=\"center\" onclick=\"custom_link\" qode_css_animation=\"\" link=\"https:\/\/www.stormshield.com\/de\/unsere-unterstuetzung\/services\/professional-services\/\"][vc_column_text]<\/p>\n<p style=\"text-align: center;\"><span style=\"color: #000000;\"><a style=\"color: #000000;\" href=\"https:\/\/www.stormshield.com\/de\/unsere-unterstuetzung\/services\/professional-services\/\"><span style=\"font-size: 1.1em;\">Professioneller Service<\/span><\/a><\/span><\/p>\n<p>[\/vc_column_text][\/vc_column_inner][\/vc_row_inner][\/vc_column][\/vc_row][vc_row css_animation=\"\" row_type=\"row\" use_row_as_full_screen_section=\"no\" type=\"full_width\" angled_section=\"no\" text_align=\"center\" background_image_as_pattern=\"without_pattern\" el_class=\"bgWhite\" z_index=\"\"][vc_column]<div class=\"vc_row wpb_row section vc_row-fluid  bgWhite\" style=\" text-align:center;\"><div class=\" full_section_inner clearfix\"><div class=\"visuel_home_cols right typoWhite wpb_column vc_column_container vc_col-sm-6 vc_col-has-fill\"><div class=\"vc_column-inner\" style=\"background-image: url(https:\/\/www.stormshield.com\/wp-content\/uploads\/paroles-dexpert-firewall-dentreprise-920x520.jpg) !important;\"><div class=\"wpb_wrapper\"><div class=\"wpb_wrapper\"><div class=\"wpb_text_column wpb_content_element \"><h3>Expertenmeinungen<\/h3><h4>Firewall f\u00fcr Unternehmen<\/h4><p>Alles \u00fcber den optimalen Einsatz einer Firewall in Ihrer Netzwerkarchitektur<\/p><\/div><\/div><a itemprop=\"url\" href=\"https:\/\/www.stormshield.com\/de\/news\/firewall-fuer-unternehmen-zurueck-zu-den-wurzeln\/\" target=\"_self\" class=\"qbutton white default\" style=\"\">Zur\u00fcck zu den Wurzeln<\/a><\/div><\/div><\/div><div class=\"visuel_home_cols left typoWhite wpb_column vc_column_container vc_col-sm-6 vc_col-has-fill\"><div class=\"vc_column-inner\" style=\"background-image: url(https:\/\/www.stormshield.com\/wp-content\/uploads\/nouveautes-produits-stormshield-ztna-920x520.jpg) !important;\"><div class=\"wpb_wrapper\"><div class=\"wpb_wrapper\"><div class=\"wpb_text_column wpb_content_element \"><h3>Neuigkeiten<\/h3><h4>Zero Trust Network Access<\/h4><p>Wechseln Sie mit L\u00f6sungen von Stormshield zu einem fortschrittlichen ZTNA<\/p><\/div><\/div><a itemprop=\"url\" href=\"https:\/\/www.stormshield.com\/de\/produkte-und-services\/produkte\/netzwerksicherheit\/unsere-funktionen-sns\/ztna\/\" target=\"_self\" class=\"qbutton white default\" style=\"\">Migrieren Sie zu Zero Trust<\/a><\/div><\/div><\/div><\/div><\/div>[\/vc_column][\/vc_row][vc_row css_animation=\"\" row_type=\"row\" use_row_as_full_screen_section=\"no\" type=\"full_width\" angled_section=\"no\" text_align=\"left\" background_image_as_pattern=\"without_pattern\"][vc_column][vc_empty_space height=\"10px\"][\/vc_column][\/vc_row]<\/p>\n<\/div>","protected":false},"excerpt":{"rendered":"<p>[vc_row css_animation=&#8220;&#8220; row_type=&#8220;row&#8220; use_row_as_full_screen_section=&#8220;no&#8220; type=&#8220;grid&#8220; angled_section=&#8220;no&#8220; text_align=&#8220;left&#8220; background_image_as_pattern=&#8220;without_pattern&#8220; z_index=&#8220;&#8220; el_id=&#8220;home-alerte&#8220; el_class=&#8220;d-none&#8220;][vc_column width=&#8220;2\/12&#8243;][vc_column_text el_class=&#8220;alertetitle&#8220;] Warnung [\/vc_column_text][\/vc_column][vc_column width=&#8220;8\/12&#8243;][vc_column_text el_class=&#8220;alerteinfo&#8220;]The Chinese group LuoYu, creator of the WinDealer malware, is back in the news. Stormshield Customer Security Lab provides an update on the threat.[\/vc_column_text][vc_empty_space height=&#8220;8px&#8220;][\/vc_column][vc_column width=&#8220;2\/12&#8243;][vc_empty_space height=&#8220;8px&#8220;][\/vc_column][\/vc_row][vc_row css_animation=&#8220;&#8220; row_type=&#8220;row&#8220;&#8230;<\/p>\n","protected":false},"author":1,"featured_media":0,"parent":0,"menu_order":448,"comment_status":"closed","ping_status":"closed","template":"full_width.php","meta":{"_acf_changed":false,"footnotes":""},"class_list":["post-24","page","type-page","status-publish","hentry"],"acf":[],"yoast_head":"<!-- This site is optimized with the Yoast SEO plugin v27.3 - https:\/\/yoast.com\/product\/yoast-seo-wordpress\/ -->\n<title>Vertrauensw\u00fcrdige Europ\u00e4ische Cyber-Sicherheit<\/title>\n<meta name=\"description\" content=\"Die Entscheidung f\u00fcr Stormshield ist eine Entscheidung f\u00fcr eine vertrauensw\u00fcrdige Cybersicherheit in Europa.\" \/>\n<meta name=\"robots\" content=\"index, follow, max-snippet:-1, max-image-preview:large, max-video-preview:-1\" \/>\n<link rel=\"canonical\" href=\"https:\/\/www.stormshield.com\/de\/\" \/>\n<meta property=\"og:locale\" content=\"de_DE\" \/>\n<meta property=\"og:type\" content=\"article\" \/>\n<meta property=\"og:title\" content=\"Vertrauensw\u00fcrdige Europ\u00e4ische Cyber-Sicherheit\" \/>\n<meta property=\"og:description\" content=\"Die Entscheidung f\u00fcr Stormshield ist eine Entscheidung f\u00fcr eine vertrauensw\u00fcrdige Cybersicherheit in Europa.\" \/>\n<meta property=\"og:url\" content=\"https:\/\/www.stormshield.com\/de\/\" \/>\n<meta property=\"og:site_name\" content=\"Stormshield\" \/>\n<meta property=\"article:modified_time\" content=\"2025-09-11T07:53:23+00:00\" \/>\n<meta property=\"og:image\" content=\"https:\/\/www.stormshield.com\/wp-content\/uploads\/stormshield_logo.png\" \/>\n\t<meta property=\"og:image:width\" content=\"204\" \/>\n\t<meta property=\"og:image:height\" content=\"94\" \/>\n\t<meta property=\"og:image:type\" content=\"image\/png\" \/>\n<meta name=\"twitter:card\" content=\"summary_large_image\" \/>\n<meta name=\"twitter:site\" content=\"@Stormshield\" \/>\n<meta name=\"twitter:label1\" content=\"Gesch\u00e4tzte Lesezeit\" \/>\n\t<meta name=\"twitter:data1\" content=\"4\u00a0Minuten\" \/>\n<script type=\"application\/ld+json\" class=\"yoast-schema-graph\">{\"@context\":\"https:\\\/\\\/schema.org\",\"@graph\":[{\"@type\":\"WebPage\",\"@id\":\"https:\\\/\\\/www.stormshield.com\\\/de\\\/\",\"url\":\"https:\\\/\\\/www.stormshield.com\\\/de\\\/\",\"name\":\"Vertrauensw\u00fcrdige Europ\u00e4ische Cyber-Sicherheit\",\"isPartOf\":{\"@id\":\"https:\\\/\\\/www.stormshield.com\\\/de\\\/#website\"},\"datePublished\":\"2016-05-31T09:41:10+00:00\",\"dateModified\":\"2025-09-11T07:53:23+00:00\",\"description\":\"Die Entscheidung f\u00fcr Stormshield ist eine Entscheidung f\u00fcr eine vertrauensw\u00fcrdige Cybersicherheit in Europa.\",\"breadcrumb\":{\"@id\":\"https:\\\/\\\/www.stormshield.com\\\/de\\\/#breadcrumb\"},\"inLanguage\":\"de\",\"potentialAction\":[{\"@type\":\"ReadAction\",\"target\":[\"https:\\\/\\\/www.stormshield.com\\\/de\\\/\"]}]},{\"@type\":\"BreadcrumbList\",\"@id\":\"https:\\\/\\\/www.stormshield.com\\\/de\\\/#breadcrumb\",\"itemListElement\":[{\"@type\":\"ListItem\",\"position\":1,\"name\":\"Home\",\"item\":\"https:\\\/\\\/www.stormshield.com\\\/de\\\/\"},{\"@type\":\"ListItem\",\"position\":2,\"name\":\"Stormshield, die Entscheidung f\u00fcr vertrauensw\u00fcrdige europ\u00e4ische Cyber-Sicherheit\"}]},{\"@type\":\"WebSite\",\"@id\":\"https:\\\/\\\/www.stormshield.com\\\/de\\\/#website\",\"url\":\"https:\\\/\\\/www.stormshield.com\\\/de\\\/\",\"name\":\"Stormshield\",\"description\":\"Stormshield\",\"potentialAction\":[{\"@type\":\"SearchAction\",\"target\":{\"@type\":\"EntryPoint\",\"urlTemplate\":\"https:\\\/\\\/www.stormshield.com\\\/de\\\/?s={search_term_string}\"},\"query-input\":{\"@type\":\"PropertyValueSpecification\",\"valueRequired\":true,\"valueName\":\"search_term_string\"}}],\"inLanguage\":\"de\"}]}<\/script>\n<!-- \/ Yoast SEO plugin. -->","yoast_head_json":{"title":"Vertrauensw\u00fcrdige Europ\u00e4ische Cyber-Sicherheit","description":"Die Entscheidung f\u00fcr Stormshield ist eine Entscheidung f\u00fcr eine vertrauensw\u00fcrdige Cybersicherheit in Europa.","robots":{"index":"index","follow":"follow","max-snippet":"max-snippet:-1","max-image-preview":"max-image-preview:large","max-video-preview":"max-video-preview:-1"},"canonical":"https:\/\/www.stormshield.com\/de\/","og_locale":"de_DE","og_type":"article","og_title":"Vertrauensw\u00fcrdige Europ\u00e4ische Cyber-Sicherheit","og_description":"Die Entscheidung f\u00fcr Stormshield ist eine Entscheidung f\u00fcr eine vertrauensw\u00fcrdige Cybersicherheit in Europa.","og_url":"https:\/\/www.stormshield.com\/de\/","og_site_name":"Stormshield","article_modified_time":"2025-09-11T07:53:23+00:00","og_image":[{"width":204,"height":94,"url":"https:\/\/www.stormshield.com\/wp-content\/uploads\/stormshield_logo.png","type":"image\/png"}],"twitter_card":"summary_large_image","twitter_site":"@Stormshield","twitter_misc":{"Gesch\u00e4tzte Lesezeit":"4\u00a0Minuten"},"schema":{"@context":"https:\/\/schema.org","@graph":[{"@type":"WebPage","@id":"https:\/\/www.stormshield.com\/de\/","url":"https:\/\/www.stormshield.com\/de\/","name":"Vertrauensw\u00fcrdige Europ\u00e4ische Cyber-Sicherheit","isPartOf":{"@id":"https:\/\/www.stormshield.com\/de\/#website"},"datePublished":"2016-05-31T09:41:10+00:00","dateModified":"2025-09-11T07:53:23+00:00","description":"Die Entscheidung f\u00fcr Stormshield ist eine Entscheidung f\u00fcr eine vertrauensw\u00fcrdige Cybersicherheit in Europa.","breadcrumb":{"@id":"https:\/\/www.stormshield.com\/de\/#breadcrumb"},"inLanguage":"de","potentialAction":[{"@type":"ReadAction","target":["https:\/\/www.stormshield.com\/de\/"]}]},{"@type":"BreadcrumbList","@id":"https:\/\/www.stormshield.com\/de\/#breadcrumb","itemListElement":[{"@type":"ListItem","position":1,"name":"Home","item":"https:\/\/www.stormshield.com\/de\/"},{"@type":"ListItem","position":2,"name":"Stormshield, die Entscheidung f\u00fcr vertrauensw\u00fcrdige europ\u00e4ische Cyber-Sicherheit"}]},{"@type":"WebSite","@id":"https:\/\/www.stormshield.com\/de\/#website","url":"https:\/\/www.stormshield.com\/de\/","name":"Stormshield","description":"Stormshield","potentialAction":[{"@type":"SearchAction","target":{"@type":"EntryPoint","urlTemplate":"https:\/\/www.stormshield.com\/de\/?s={search_term_string}"},"query-input":{"@type":"PropertyValueSpecification","valueRequired":true,"valueName":"search_term_string"}}],"inLanguage":"de"}]}},"_links":{"self":[{"href":"https:\/\/www.stormshield.com\/de\/wp-json\/wp\/v2\/pages\/24","targetHints":{"allow":["GET"]}}],"collection":[{"href":"https:\/\/www.stormshield.com\/de\/wp-json\/wp\/v2\/pages"}],"about":[{"href":"https:\/\/www.stormshield.com\/de\/wp-json\/wp\/v2\/types\/page"}],"author":[{"embeddable":true,"href":"https:\/\/www.stormshield.com\/de\/wp-json\/wp\/v2\/users\/1"}],"replies":[{"embeddable":true,"href":"https:\/\/www.stormshield.com\/de\/wp-json\/wp\/v2\/comments?post=24"}],"version-history":[{"count":44,"href":"https:\/\/www.stormshield.com\/de\/wp-json\/wp\/v2\/pages\/24\/revisions"}],"predecessor-version":[{"id":655858,"href":"https:\/\/www.stormshield.com\/de\/wp-json\/wp\/v2\/pages\/24\/revisions\/655858"}],"wp:attachment":[{"href":"https:\/\/www.stormshield.com\/de\/wp-json\/wp\/v2\/media?parent=24"}],"curies":[{"name":"wp","href":"https:\/\/api.w.org\/{rel}","templated":true}]}}