{"id":238854,"date":"2021-09-20T14:49:38","date_gmt":"2021-09-20T13:49:38","guid":{"rendered":"https:\/\/www.stormshield.com\/produkte-und-services\/produkte\/industrielle-cybersicherheit-und-ot-schutz\/our-range-ot\/"},"modified":"2024-12-02T15:50:30","modified_gmt":"2024-12-02T14:50:30","slug":"produktauswahl","status":"publish","type":"page","link":"https:\/\/www.stormshield.com\/de\/produkte-und-services\/produkte\/industrielle-cybersicherheit-und-ot-schutz\/produktauswahl\/","title":{"rendered":"Produktauswahl"},"content":{"rendered":"<div class=\"wpb-content-wrapper\"><p>[vc_row css_animation=\"\" row_type=\"row\" use_row_as_full_screen_section=\"no\" type=\"grid\" angled_section=\"no\" text_align=\"left\" background_image_as_pattern=\"without_pattern\" z_index=\"\" padding_top=\"50\" padding_bottom=\"50\"][vc_column][vc_column_text css=\"\"]<\/p>\n<h1 style=\"text-align: center;\"><span style=\"color: #00aaf5;\"><span style=\"font-weight: 300; font-size: 1.5em;\">Unser Angebot an L\u00f6sungen f\u00fcr die Cybersicherheit von Industrieanlagen:<\/span><\/span><span style=\"color: #00aaf5;\"><span style=\"font-weight: 900; font-size: 1.5em;\"> Stormshield-Produkte<\/span><\/span><\/h1>\n<p>[\/vc_column_text][\/vc_column][\/vc_row][vc_row css_animation=\"\" row_type=\"row\" use_row_as_full_screen_section=\"no\" type=\"grid\" angled_section=\"no\" text_align=\"left\" background_image_as_pattern=\"without_pattern\" z_index=\"\" padding_top=\"50\" padding_bottom=\"50\"][vc_column][vc_row_inner row_type=\"row\" type=\"full_width\" text_align=\"left\" css_animation=\"\"][vc_column_inner width=\"2\/3\"][vc_empty_space][vc_column_text css=\"\"]<span style=\"color: #000; font-size: 1.1em;\">Es gibt viele Cyberbedrohungen, die die IT-Systeme und -Infrastrukturen Ihrer Branche bedrohen. <strong>Um diesen Herausforderungen zu begegnen, bietet Stormshield Antworten, die speziell auf den Schutz Ihrer Industrieanlagen ausgerichtet sind, sei es mit den industriellen Firewalls (SNi10, SNi20 und SNi40) oder der L\u00f6sung Stormshield Endpoint Security (SES), die auf die Sicherung von Remote-Stationen ausgerichtet ist.<\/strong><\/span>[\/vc_column_text][vc_empty_space][\/vc_column_inner][vc_column_inner width=\"1\/3\"][vc_single_image image=\"267313\" img_size=\"300x300\" alignment=\"center\" css=\"\" qode_css_animation=\"\" qode_hover_animation=\"zoom_in\"][vc_empty_space][\/vc_column_inner][\/vc_row_inner][\/vc_column][\/vc_row][vc_row css_animation=\"\" row_type=\"row\" use_row_as_full_screen_section=\"no\" type=\"grid\" angled_section=\"no\" text_align=\"left\" background_image_as_pattern=\"without_pattern\" z_index=\"\" padding_top=\"50\" padding_bottom=\"50\" el_class=\"fond_gris_gris\"][vc_column][vc_row_inner row_type=\"row\" type=\"full_width\" text_align=\"left\" css_animation=\"\"][vc_column_inner][vc_column_text css=\"\"]<\/p>\n<h2><span style=\"color: #000; font-size: 1.2em; font-weight: 900;\">Stormshield Network Security: unsere Firewall-L\u00f6sungen in der Industrie<\/span><\/h2>\n<p><span style=\"color: #000; font-size: 1.1em;\">Mit Stormshield Network Security (SNS) bietet Stormshield eine Reihe von anerkannten industriellen Firewalls f\u00fcr mehr Netzwerksicherheit, die auf h\u00f6chstem europ\u00e4ischen Niveau zertifiziert und qualifiziert sind. <strong>Die Industrie-Firewalls SNi10, SNi20 und SNi40 sind f\u00fcr den Einsatz in schwierigen Betriebs- und Industrieumgebungen konzipiert und sch\u00fctzen Ihre Anlagen und Ihre Produktion vor allen Netzwerkbedrohungen.<\/strong><\/span><\/p>\n<p><span style=\"color: #000; font-size: 1.1em;\">Diese einzigartige Kombination aus Schutzma\u00dfnahmen beinhaltet mehrere Punkte: Identifizierung und Zuordnung sensibler G\u00fcter, Netzwerksegmentierung zur Abschottung von Elementen und zur Verhinderung der Ausbreitung von Angriffen, Gew\u00e4hrleistung der Betriebskontinuit\u00e4t dank Hochverf\u00fcgbarkeit und des Sicherheitsmodus der Industrial Firewalls, Sicherung programmierbarer Industriesteuerungen (SPS), Schutz von Mensch-Maschine-Schnittstellen (MMS), Sicherung von speicherprogrammierbaren Steuerungssystemen (PLC), H\u00e4rtung von Kontrollstationen oder \u00dcberwachungssoftware (SCADA), eingehende Pr\u00fcfung des Betriebsnetz-Traffics (IPS), um das Risiko der Manipulation von Datenstr\u00f6men und Gesch\u00e4ftsanwendungen zu minimieren, zentrale und gemeinsame \u00dcberwachung von IT- und OT-Infrastrukturen und vieles mehr.<\/span>[\/vc_column_text][vc_empty_space][\/vc_column_inner][\/vc_row_inner][vc_row_inner row_type=\"row\" type=\"full_width\" text_align=\"left\" css_animation=\"\"][vc_column_inner width=\"1\/3\"][vc_column_text css=\"\"]<\/p>\n<h3 style=\"text-align: center;\"><span style=\"color: #000; font-size: 2em; font-weight: 100;\">SNi<strong>10<\/strong><\/span><\/h3>\n<p>[\/vc_column_text][vc_single_image image=\"575850\" img_size=\"150x300\" alignment=\"center\" onclick=\"custom_link\" img_link_target=\"_blank\" css=\"\" qode_css_animation=\"\" qode_hover_animation=\"zoom_in\" link=\"https:\/\/www.stormshield.com\/de\/produkte\/sni10\/\"][\/vc_column_inner][vc_column_inner width=\"1\/3\"][vc_column_text css=\"\"]<\/p>\n<h3 style=\"text-align: center;\"><span style=\"color: #000; font-size: 2em; font-weight: 100;\">SNi<strong>20<\/strong><\/span><\/h3>\n<p>[\/vc_column_text][vc_single_image image=\"231651\" img_size=\"150x300\" alignment=\"center\" onclick=\"custom_link\" img_link_target=\"_blank\" css=\"\" qode_css_animation=\"\" qode_hover_animation=\"zoom_in\" link=\"https:\/\/www.stormshield.com\/de\/produkte\/sni20\/\"][\/vc_column_inner][vc_column_inner width=\"1\/3\"][vc_column_text css=\"\"]<\/p>\n<h3 style=\"text-align: center;\"><span style=\"color: #000; font-size: 2em; font-weight: 100;\">SNi<strong>40<\/strong><\/span><\/h3>\n<p>[\/vc_column_text][vc_single_image image=\"249512\" img_size=\"150x300\" alignment=\"center\" onclick=\"custom_link\" img_link_target=\"_blank\" css=\"\" qode_css_animation=\"\" qode_hover_animation=\"zoom_in\" link=\"https:\/\/www.stormshield.com\/de\/produkte\/sni40\/\"][\/vc_column_inner][\/vc_row_inner][vc_row_inner row_type=\"row\" type=\"full_width\" text_align=\"left\" css_animation=\"\"][vc_column_inner][vc_empty_space]<a  itemprop=\"url\" href=\"https:\/\/www.stormshield.com\/de\/produkte-und-services\/produktvergleich\/?p1=196190&#038;p2=285&#038;p3=575907\" target=\"_blank\" data-hover-background-color=\"#00aeef\" data-hover-border-color=\"#00aeef\" class=\"qbutton  white enlarge\" style=\"border-color: #ffffff; background-color:#060051;\">Vergleichen Sie die Industrie-Firewalls von Stormshield<i class=\"qode_icon_font_awesome fa fa-angle-right qode_button_icon_element\"><\/i><\/a>[vc_empty_space height=\"12px\"]<a  itemprop=\"url\" href=\"https:\/\/www.stormshield.com\/de\/produkte-und-services\/produkte\/netzwerksicherheit\/unsere-firewalls-sns\/\" target=\"_blank\" data-hover-background-color=\"#00aeef\" data-hover-border-color=\"#00aeef\" class=\"qbutton  white enlarge\" style=\"border-color: #ffffff; background-color:#060051;\">Entdecken Sie den Rest der SNS-Reihe<i class=\"qode_icon_font_awesome fa fa-angle-right qode_button_icon_element\"><\/i><\/a>[vc_empty_space height=\"12px\"]<a  itemprop=\"url\" href=\"https:\/\/www.stormshield.com\/de\/produkte-und-services\/produkte\/industrielle-cybersicherheit-und-ot-schutz\/unsere-ot-branchenfunktionen\/\" target=\"_blank\" data-hover-background-color=\"#00aeef\" data-hover-border-color=\"#00aeef\" class=\"qbutton  white enlarge\" style=\"border-color: #ffffff; background-color:#060051;\">Entdecken Sie die Funktionen der SNS-L\u00f6sungen<i class=\"qode_icon_font_awesome fa fa-angle-right qode_button_icon_element\"><\/i><\/a>[vc_empty_space][\/vc_column_inner][\/vc_row_inner][\/vc_column][\/vc_row][vc_row css_animation=\"\" row_type=\"row\" use_row_as_full_screen_section=\"no\" type=\"grid\" angled_section=\"no\" text_align=\"left\" background_image_as_pattern=\"without_pattern\" z_index=\"\" padding_top=\"50\" padding_bottom=\"50\" css=\".vc_custom_1729169257179{background-color: #06005100 !important;}\"][vc_column][vc_row_inner row_type=\"row\" type=\"full_width\" text_align=\"left\" css_animation=\"\"][vc_column_inner width=\"2\/3\"][vc_column_text css=\"\"]<\/p>\n<h2><span style=\"font-size: 1.2em; font-weight: 900; color: #000000;\">Stormshield Endpoint Security: die L\u00f6sung f\u00fcr den Schutz von Industriearbeitspl\u00e4tzen<\/span><\/h2>\n<p><span style=\"font-size: 1.1em; color: #000000;\">Mit Stormshield Endpoint Security (SES) profitieren Sie von einer Kombination aus Verhaltensanalyse, kontextabh\u00e4ngigem Schutz und verst\u00e4rkter L\u00f6sung, um Ihre Desktops zu sichern und den Schutz zu erh\u00f6hen.<\/span>[\/vc_column_text][vc_empty_space]<a  itemprop=\"url\" href=\"https:\/\/www.stormshield.com\/de\/produkte-und-services\/produkte\/schutz-von-workstations-und-servern\/stormshield-endpoint-security\/\" target=\"_blank\" data-hover-background-color=\"#00aeef\" data-hover-border-color=\"#00aeef\" class=\"qbutton  white enlarge\" style=\"border-color: #ffffff; background-color:#060051;\">Entdecken Sie die SES-L\u00f6sung<i class=\"qode_icon_font_awesome fa fa-angle-right qode_button_icon_element\"><\/i><\/a>[vc_empty_space][\/vc_column_inner][vc_column_inner width=\"1\/3\"][vc_empty_space][vc_single_image image=\"267298\" img_size=\"300x300\" alignment=\"center\" onclick=\"custom_link\" img_link_target=\"_blank\" css=\"\" qode_css_animation=\"\" qode_hover_animation=\"zoom_in\" link=\"https:\/\/www.stormshield.com\/de\/produkte-und-services\/produkte\/schutz-von-workstations-und-servern\/stormshield-endpoint-security\/\"][vc_empty_space][\/vc_column_inner][\/vc_row_inner][\/vc_column][\/vc_row][vc_row css_animation=\"\" row_type=\"row\" use_row_as_full_screen_section=\"no\" type=\"grid\" angled_section=\"no\" text_align=\"left\" background_image_as_pattern=\"without_pattern\" z_index=\"\" padding_top=\"50\" padding_bottom=\"50\" css=\".vc_custom_1716896629849{background-color: #060051 !important;}\"][vc_column][vc_row_inner row_type=\"row\" type=\"full_width\" text_align=\"left\" css_animation=\"\"][vc_column_inner width=\"2\/3\"][vc_column_text css=\"\"]<\/p>\n<h2><span style=\"font-size: 1.2em; font-weight: 900; color: #ffffff;\">Die Technologien sind Gem\u00e4ss den H\u00f6chsten Europ\u00e4ischen Standards Zertifiziert<\/span><\/h2>\n<p><span style=\"font-size: 1.1em; color: #ffffff;\"><strong>Als vertrauensw\u00fcrdiger Anbieter gew\u00e4hrleisten unsere auf h\u00f6chstem europ\u00e4ischen Niveau zertifizierten Technologien einen angemessenen Schutz, um Ihre gesamten Produktionsketten zu sch\u00fctzen.<\/strong> Bis heute bleibt Stormshield Network Security die einzige Produktreihe industrieller Firewalls, die von der ANSSI als Industrie-Firewall CSPN zertifiziert wurde und somit vom franz\u00f6sischen Staat als vertrauensw\u00fcrdig anerkannt wird. Sind Sie bereit, den n\u00e4chsten Schritt zu gehen? Wenden Sie sich an unsere Wiederverkaufspartner. <strong>Parallel dazu ist die Stormshield Network Security-Reihe auch die einzige reine Cyber-L\u00f6sung, <span style=\"text-decoration: underline;\"><a style=\"color: #ffffff; text-decoration: underline;\" href=\"https:\/\/www.stormshield.com\/de\/ressourcescenter\/whitepaper-alles-ueber-die-norm-iec-62443-zur-verbesserung-des-schutzes-ihres-betriebssystems\/\" target=\"_blank\" rel=\"noopener\">die nach IEC 62443-4-1 zertifiziert ist<\/a><\/span>, um Ihnen den Einsatz von Produkten zu garantieren, die mit einem optimalen Sicherheitsniveau entwickelt, produziert und gewartet werden.<\/strong><\/span>[\/vc_column_text][vc_empty_space][\/vc_column_inner][vc_column_inner width=\"1\/3\"][vc_empty_space][vc_single_image image=\"195495\" img_size=\"large\" alignment=\"center\" onclick=\"custom_link\" img_link_target=\"_blank\" css=\"\" qode_css_animation=\"\" qode_hover_animation=\"zoom_in\" link=\"https:\/\/www.stormshield.com\/de\/ressourcescenter\/whitepaper-alles-ueber-die-norm-iec-62443-zur-verbesserung-des-schutzes-ihres-betriebssystems\/\"][vc_empty_space][\/vc_column_inner][\/vc_row_inner][\/vc_column][\/vc_row][vc_row css_animation=\"\" row_type=\"row\" use_row_as_full_screen_section=\"yes\" type=\"grid\" angled_section=\"no\" text_align=\"left\" background_image_as_pattern=\"without_pattern\" background_image=\"248585\" z_index=\"\" padding_top=\"100\" padding_bottom=\"100\"][vc_column][vc_row_inner row_type=\"row\" type=\"full_width\" text_align=\"left\" css_animation=\"\"][vc_column_inner width=\"1\/2\"][vc_column_text css=\"\"]<\/p>\n<h2><span style=\"color: #000; font-size: 1.2em; font-weight: 900;\">Ein team zur L\u00f6sung ihrer Branche Herausforderungen<\/span><\/h2>\n<p><span style=\"color: #000000;\"><span style=\"font-size: 1.1em;\">Luft- und Raumfahrt, Wasser, Strom, Schifffahrt, Transport, Gesundheit und alle anderen Sektoren... Jeder Markt oder Bereich, der von den Problemen der industriellen Cybersicherheit betroffen ist, hat spezifische Herausforderungen. Und verdient daher besondere Aufmerksamkeit. Um Ihre Navigation fortzusetzen, gelangen Sie zu weiteren Themenseiten, die sich auf Ihre Projekte zur industriellen Cybersicherheit und die Besonderheiten Ihres Marktsektors konzentrieren.<\/span><\/span><\/p>\n<p><span style=\"color: #000000;\"><span style=\"font-size: 1.1em;\">Vertrieb, Energie, Wasserwirtschaft, Stromerzeugung\u2026 Was auch immer Ihre Herausforderungen sind, ein spezialisiertes, multidisziplin\u00e4res Team, das in der Lage ist, die Probleme und Besonderheiten Ihrer Branche zu ber\u00fccksichtigen, ist stets f\u00fcr Sie da. Es wird durch ein F&amp;E-Team unterst\u00fctzt, das sich ausschlie\u00dflich mit operativen Systemen besch\u00e4ftigt. <strong>Wenn Sie sich f\u00fcr Stormshield entscheiden, profitieren Sie au\u00dferdem von der kontinuierlichen Unterst\u00fctzung und N\u00e4he unserer Vertriebs- und Technikmitarbeiter.<\/strong><\/span><\/span>[\/vc_column_text][vc_empty_space]<a  itemprop=\"url\" href=\"https:\/\/www.stormshield.com\/de\/kontakt\/anfrage-an-den-vertrieb\/\" target=\"_blank\" data-hover-background-color=\"#00aeef\" data-hover-border-color=\"#00aeef\" class=\"qbutton  white enlarge\" style=\"border-color: #ffffff; background-color:#060051;\">Kontaktieren Sie uns<i class=\"qode_icon_font_awesome fa fa-angle-right qode_button_icon_element\"><\/i><\/a>[vc_empty_space][\/vc_column_inner][vc_column_inner width=\"1\/2\"][\/vc_column_inner][\/vc_row_inner][\/vc_column][\/vc_row]<\/p>\n<\/div>","protected":false},"excerpt":{"rendered":"<p>[vc_row css_animation=&#8220;&#8220; row_type=&#8220;row&#8220; use_row_as_full_screen_section=&#8220;no&#8220; type=&#8220;grid&#8220; angled_section=&#8220;no&#8220; text_align=&#8220;left&#8220; background_image_as_pattern=&#8220;without_pattern&#8220; z_index=&#8220;&#8220; padding_top=&#8220;50&#8243; padding_bottom=&#8220;50&#8243;][vc_column][vc_column_text css=&#8220;&#8220;] Unser Angebot an L\u00f6sungen f\u00fcr die Cybersicherheit von Industrieanlagen: Stormshield-Produkte [\/vc_column_text][\/vc_column][\/vc_row][vc_row css_animation=&#8220;&#8220; row_type=&#8220;row&#8220; use_row_as_full_screen_section=&#8220;no&#8220; type=&#8220;grid&#8220; angled_section=&#8220;no&#8220; text_align=&#8220;left&#8220; background_image_as_pattern=&#8220;without_pattern&#8220; z_index=&#8220;&#8220; padding_top=&#8220;50&#8243; padding_bottom=&#8220;50&#8243;][vc_column][vc_row_inner row_type=&#8220;row&#8220; type=&#8220;full_width&#8220; text_align=&#8220;left&#8220; css_animation=&#8220;&#8220;][vc_column_inner width=&#8220;2\/3&#8243;][vc_empty_space][vc_column_text css=&#8220;&#8220;]Es gibt viele Cyberbedrohungen, die die IT-Systeme&#8230;<\/p>\n","protected":false},"author":31,"featured_media":0,"parent":232650,"menu_order":160,"comment_status":"closed","ping_status":"closed","template":"full_width.php","meta":{"_acf_changed":false,"footnotes":""},"class_list":["post-238854","page","type-page","status-publish","hentry"],"acf":[],"yoast_head":"<!-- This site is optimized with the Yoast SEO plugin v27.3 - https:\/\/yoast.com\/product\/yoast-seo-wordpress\/ -->\n<title>Palette an Cybersicherheitsl\u00f6sungen f\u00fcr die Industrie | Stormshield<\/title>\n<meta name=\"description\" content=\"Zahlreiche Cyberbedrohungen belasten die OT- und IT-Infrastrukturen Ihrer Industrie: Stormshield bietet eine Reihe von L\u00f6sungen zum Schutz Ihrer Industrieanlagen.\" \/>\n<meta name=\"robots\" content=\"index, follow, max-snippet:-1, max-image-preview:large, max-video-preview:-1\" \/>\n<link rel=\"canonical\" href=\"https:\/\/www.stormshield.com\/de\/produkte-und-services\/produkte\/industrielle-cybersicherheit-und-ot-schutz\/produktauswahl\/\" \/>\n<meta property=\"og:locale\" content=\"de_DE\" \/>\n<meta property=\"og:type\" content=\"article\" \/>\n<meta property=\"og:title\" content=\"Palette an Cybersicherheitsl\u00f6sungen f\u00fcr die Industrie | Stormshield\" \/>\n<meta property=\"og:description\" content=\"Zahlreiche Cyberbedrohungen belasten die OT- und IT-Infrastrukturen Ihrer Industrie: Stormshield bietet eine Reihe von L\u00f6sungen zum Schutz Ihrer Industrieanlagen.\" \/>\n<meta property=\"og:url\" content=\"https:\/\/www.stormshield.com\/de\/produkte-und-services\/produkte\/industrielle-cybersicherheit-und-ot-schutz\/produktauswahl\/\" \/>\n<meta property=\"og:site_name\" content=\"Stormshield\" \/>\n<meta property=\"article:modified_time\" content=\"2024-12-02T14:50:30+00:00\" \/>\n<meta property=\"og:image\" content=\"https:\/\/www.stormshield.com\/wp-content\/uploads\/stormshield_logo.png\" \/>\n\t<meta property=\"og:image:width\" content=\"204\" \/>\n\t<meta property=\"og:image:height\" content=\"94\" \/>\n\t<meta property=\"og:image:type\" content=\"image\/png\" \/>\n<meta name=\"twitter:card\" content=\"summary_large_image\" \/>\n<meta name=\"twitter:site\" content=\"@Stormshield\" \/>\n<meta name=\"twitter:label1\" content=\"Gesch\u00e4tzte Lesezeit\" \/>\n\t<meta name=\"twitter:data1\" content=\"5\u00a0Minuten\" \/>\n<script type=\"application\/ld+json\" class=\"yoast-schema-graph\">{\"@context\":\"https:\\\/\\\/schema.org\",\"@graph\":[{\"@type\":\"WebPage\",\"@id\":\"https:\\\/\\\/www.stormshield.com\\\/de\\\/produkte-und-services\\\/produkte\\\/industrielle-cybersicherheit-und-ot-schutz\\\/produktauswahl\\\/\",\"url\":\"https:\\\/\\\/www.stormshield.com\\\/de\\\/produkte-und-services\\\/produkte\\\/industrielle-cybersicherheit-und-ot-schutz\\\/produktauswahl\\\/\",\"name\":\"Palette an Cybersicherheitsl\u00f6sungen f\u00fcr die Industrie | Stormshield\",\"isPartOf\":{\"@id\":\"https:\\\/\\\/www.stormshield.com\\\/de\\\/#website\"},\"datePublished\":\"2021-09-20T13:49:38+00:00\",\"dateModified\":\"2024-12-02T14:50:30+00:00\",\"description\":\"Zahlreiche Cyberbedrohungen belasten die OT- und IT-Infrastrukturen Ihrer Industrie: Stormshield bietet eine Reihe von L\u00f6sungen zum Schutz Ihrer Industrieanlagen.\",\"breadcrumb\":{\"@id\":\"https:\\\/\\\/www.stormshield.com\\\/de\\\/produkte-und-services\\\/produkte\\\/industrielle-cybersicherheit-und-ot-schutz\\\/produktauswahl\\\/#breadcrumb\"},\"inLanguage\":\"de\",\"potentialAction\":[{\"@type\":\"ReadAction\",\"target\":[\"https:\\\/\\\/www.stormshield.com\\\/de\\\/produkte-und-services\\\/produkte\\\/industrielle-cybersicherheit-und-ot-schutz\\\/produktauswahl\\\/\"]}]},{\"@type\":\"BreadcrumbList\",\"@id\":\"https:\\\/\\\/www.stormshield.com\\\/de\\\/produkte-und-services\\\/produkte\\\/industrielle-cybersicherheit-und-ot-schutz\\\/produktauswahl\\\/#breadcrumb\",\"itemListElement\":[{\"@type\":\"ListItem\",\"position\":1,\"name\":\"Home\",\"item\":\"https:\\\/\\\/www.stormshield.com\\\/de\\\/\"},{\"@type\":\"ListItem\",\"position\":2,\"name\":\"Produkte &amp; Solutions\",\"item\":\"https:\\\/\\\/www.stormshield.com\\\/de\\\/produkte-und-services\\\/\"},{\"@type\":\"ListItem\",\"position\":3,\"name\":\"Produkte\",\"item\":\"https:\\\/\\\/www.stormshield.com\\\/de\\\/produkte-und-services\\\/produkte\\\/\"},{\"@type\":\"ListItem\",\"position\":4,\"name\":\"Industrielle Cybersicherheit und OT-Schutz\",\"item\":\"https:\\\/\\\/www.stormshield.com\\\/de\\\/produkte-und-services\\\/produkte\\\/industrielle-cybersicherheit-und-ot-schutz\\\/\"},{\"@type\":\"ListItem\",\"position\":5,\"name\":\"Produktauswahl\"}]},{\"@type\":\"WebSite\",\"@id\":\"https:\\\/\\\/www.stormshield.com\\\/de\\\/#website\",\"url\":\"https:\\\/\\\/www.stormshield.com\\\/de\\\/\",\"name\":\"Stormshield\",\"description\":\"Stormshield\",\"potentialAction\":[{\"@type\":\"SearchAction\",\"target\":{\"@type\":\"EntryPoint\",\"urlTemplate\":\"https:\\\/\\\/www.stormshield.com\\\/de\\\/?s={search_term_string}\"},\"query-input\":{\"@type\":\"PropertyValueSpecification\",\"valueRequired\":true,\"valueName\":\"search_term_string\"}}],\"inLanguage\":\"de\"}]}<\/script>\n<!-- \/ Yoast SEO plugin. -->","yoast_head_json":{"title":"Palette an Cybersicherheitsl\u00f6sungen f\u00fcr die Industrie | Stormshield","description":"Zahlreiche Cyberbedrohungen belasten die OT- und IT-Infrastrukturen Ihrer Industrie: Stormshield bietet eine Reihe von L\u00f6sungen zum Schutz Ihrer Industrieanlagen.","robots":{"index":"index","follow":"follow","max-snippet":"max-snippet:-1","max-image-preview":"max-image-preview:large","max-video-preview":"max-video-preview:-1"},"canonical":"https:\/\/www.stormshield.com\/de\/produkte-und-services\/produkte\/industrielle-cybersicherheit-und-ot-schutz\/produktauswahl\/","og_locale":"de_DE","og_type":"article","og_title":"Palette an Cybersicherheitsl\u00f6sungen f\u00fcr die Industrie | Stormshield","og_description":"Zahlreiche Cyberbedrohungen belasten die OT- und IT-Infrastrukturen Ihrer Industrie: Stormshield bietet eine Reihe von L\u00f6sungen zum Schutz Ihrer Industrieanlagen.","og_url":"https:\/\/www.stormshield.com\/de\/produkte-und-services\/produkte\/industrielle-cybersicherheit-und-ot-schutz\/produktauswahl\/","og_site_name":"Stormshield","article_modified_time":"2024-12-02T14:50:30+00:00","og_image":[{"width":204,"height":94,"url":"https:\/\/www.stormshield.com\/wp-content\/uploads\/stormshield_logo.png","type":"image\/png"}],"twitter_card":"summary_large_image","twitter_site":"@Stormshield","twitter_misc":{"Gesch\u00e4tzte Lesezeit":"5\u00a0Minuten"},"schema":{"@context":"https:\/\/schema.org","@graph":[{"@type":"WebPage","@id":"https:\/\/www.stormshield.com\/de\/produkte-und-services\/produkte\/industrielle-cybersicherheit-und-ot-schutz\/produktauswahl\/","url":"https:\/\/www.stormshield.com\/de\/produkte-und-services\/produkte\/industrielle-cybersicherheit-und-ot-schutz\/produktauswahl\/","name":"Palette an Cybersicherheitsl\u00f6sungen f\u00fcr die Industrie | Stormshield","isPartOf":{"@id":"https:\/\/www.stormshield.com\/de\/#website"},"datePublished":"2021-09-20T13:49:38+00:00","dateModified":"2024-12-02T14:50:30+00:00","description":"Zahlreiche Cyberbedrohungen belasten die OT- und IT-Infrastrukturen Ihrer Industrie: Stormshield bietet eine Reihe von L\u00f6sungen zum Schutz Ihrer Industrieanlagen.","breadcrumb":{"@id":"https:\/\/www.stormshield.com\/de\/produkte-und-services\/produkte\/industrielle-cybersicherheit-und-ot-schutz\/produktauswahl\/#breadcrumb"},"inLanguage":"de","potentialAction":[{"@type":"ReadAction","target":["https:\/\/www.stormshield.com\/de\/produkte-und-services\/produkte\/industrielle-cybersicherheit-und-ot-schutz\/produktauswahl\/"]}]},{"@type":"BreadcrumbList","@id":"https:\/\/www.stormshield.com\/de\/produkte-und-services\/produkte\/industrielle-cybersicherheit-und-ot-schutz\/produktauswahl\/#breadcrumb","itemListElement":[{"@type":"ListItem","position":1,"name":"Home","item":"https:\/\/www.stormshield.com\/de\/"},{"@type":"ListItem","position":2,"name":"Produkte &amp; Solutions","item":"https:\/\/www.stormshield.com\/de\/produkte-und-services\/"},{"@type":"ListItem","position":3,"name":"Produkte","item":"https:\/\/www.stormshield.com\/de\/produkte-und-services\/produkte\/"},{"@type":"ListItem","position":4,"name":"Industrielle Cybersicherheit und OT-Schutz","item":"https:\/\/www.stormshield.com\/de\/produkte-und-services\/produkte\/industrielle-cybersicherheit-und-ot-schutz\/"},{"@type":"ListItem","position":5,"name":"Produktauswahl"}]},{"@type":"WebSite","@id":"https:\/\/www.stormshield.com\/de\/#website","url":"https:\/\/www.stormshield.com\/de\/","name":"Stormshield","description":"Stormshield","potentialAction":[{"@type":"SearchAction","target":{"@type":"EntryPoint","urlTemplate":"https:\/\/www.stormshield.com\/de\/?s={search_term_string}"},"query-input":{"@type":"PropertyValueSpecification","valueRequired":true,"valueName":"search_term_string"}}],"inLanguage":"de"}]}},"_links":{"self":[{"href":"https:\/\/www.stormshield.com\/de\/wp-json\/wp\/v2\/pages\/238854","targetHints":{"allow":["GET"]}}],"collection":[{"href":"https:\/\/www.stormshield.com\/de\/wp-json\/wp\/v2\/pages"}],"about":[{"href":"https:\/\/www.stormshield.com\/de\/wp-json\/wp\/v2\/types\/page"}],"author":[{"embeddable":true,"href":"https:\/\/www.stormshield.com\/de\/wp-json\/wp\/v2\/users\/31"}],"replies":[{"embeddable":true,"href":"https:\/\/www.stormshield.com\/de\/wp-json\/wp\/v2\/comments?post=238854"}],"version-history":[{"count":11,"href":"https:\/\/www.stormshield.com\/de\/wp-json\/wp\/v2\/pages\/238854\/revisions"}],"predecessor-version":[{"id":592156,"href":"https:\/\/www.stormshield.com\/de\/wp-json\/wp\/v2\/pages\/238854\/revisions\/592156"}],"up":[{"embeddable":true,"href":"https:\/\/www.stormshield.com\/de\/wp-json\/wp\/v2\/pages\/232650"}],"wp:attachment":[{"href":"https:\/\/www.stormshield.com\/de\/wp-json\/wp\/v2\/media?parent=238854"}],"curies":[{"name":"wp","href":"https:\/\/api.w.org\/{rel}","templated":true}]}}