{"id":232838,"date":"2021-09-24T09:48:12","date_gmt":"2021-09-24T08:48:12","guid":{"rendered":"https:\/\/www.stormshield.com\/partner\/unterstuetzung-fuer-ihre-kunden\/"},"modified":"2025-11-03T10:23:45","modified_gmt":"2025-11-03T09:23:45","slug":"unterstuetzung-fuer-ihre-kunden","status":"publish","type":"page","link":"https:\/\/www.stormshield.com\/de\/partner\/unterstuetzung-fuer-ihre-kunden\/","title":{"rendered":"Unterst\u00fctzung f\u00fcr Ihre Kunden"},"content":{"rendered":"<div class=\"wpb-content-wrapper\"><p>[vc_row css_animation=\"\" row_type=\"row\" use_row_as_full_screen_section=\"no\" type=\"grid\" angled_section=\"no\" text_align=\"left\" background_image_as_pattern=\"without_pattern\" z_index=\"\" padding_top=\"50\" padding_bottom=\"50\"][vc_column][vc_empty_space][vc_column_text]<\/p>\n<h1 style=\"text-align: center;\"><span style=\"color: #00aaf5;\"><span style=\"font-weight: 900; font-size: 1.6em;\">Unterst\u00fctzung f\u00fcr Ihre Kunden in Bezug auf Cybersicherheit, <\/span><span style=\"font-weight: 300; font-size: 1.5em;\">mit Fortbildung, Fachwissen und Analysen<\/span><\/span><\/h1>\n<p>[\/vc_column_text][vc_empty_space][\/vc_column][\/vc_row][vc_row css_animation=\"\" row_type=\"row\" use_row_as_full_screen_section=\"no\" type=\"grid\" angled_section=\"no\" text_align=\"left\" background_image_as_pattern=\"without_pattern\" z_index=\"\" padding_bottom=\"50\"][vc_column][vc_row_inner row_type=\"row\" type=\"full_width\" text_align=\"left\" css_animation=\"\"][vc_column_inner width=\"2\/3\"][vc_column_text]<\/p>\n<h2><span style=\"color: #000; font-size: 1.2em; font-weight: 900;\">Fortbildung Zwecks Bewusstseinsbildung<\/span><\/h2>\n<p><span style=\"color: #000; font-size: 1.1em;\">F\u00fcr die Gesch\u00e4ftsf\u00fchrung kleiner Unternehmen wirkt das Thema Cybersicherheit h\u00e4ufig sehr abstrakt. Cyberbedrohungen verschonen jedoch niemanden und bergen sehr reale Risiken f\u00fcr die IT-Systeme in Unternehmen. Das \u00d6ffnen eines Anhangs, die Verwendung eines USB-Sticks oder ein versehentlicher Klick auf ein Fenster k\u00f6nnen schon gen\u00fcgen, um Cyberkriminellen T\u00fcr und Tor zu \u00f6ffnen.<\/span><\/p>\n<p><span style=\"color: #000; font-size: 1.1em;\">Um die Herausforderungen der Cybersicherheit verst\u00e4ndlicher zu machen und die Anforderungen in dieser Hinsicht besser zu erf\u00fcllen, produziert Stormshield Inhalte zur Bewusstseinsbildung. Diese sind leicht verst\u00e4ndlich und gut zug\u00e4nglich und sollen f\u00fcr Ihre Partner sowohl zum Vertriebs- als auch zur Entscheidungshilfe werden. <strong>St\u00f6bern Sie in unseren Bildungsinhalten: ein wertvolles Paket zur Bewusstseinsbildung zum Weitergeben und Verbreiten.<\/strong>[\/vc_column_text][vc_empty_space][\/vc_column_inner][vc_column_inner width=\"1\/3\"][vc_single_image image=\"456505\" img_size=\"medium\" qode_css_animation=\"\"][vc_empty_space]<a  itemprop=\"url\" href=\"https:\/\/www.stormshield.com\/de\/tag\/cybersecurity-erste-schritte\/\" target=\"_blank\" data-hover-background-color=\"#d23467\" data-hover-border-color=\"#ffffff\" class=\"qbutton  white enlarge\" style=\"border-color: #ffffff; background-color:#060051;\">P\u00e4dagogische Inhalte<i class=\"qode_icon_font_awesome fa fa-angle-right qode_button_icon_element\"><\/i><\/a>[vc_empty_space][\/vc_column_inner][\/vc_row_inner][\/vc_column][\/vc_row][vc_row css_animation=\"\" row_type=\"row\" use_row_as_full_screen_section=\"no\" type=\"grid\" angled_section=\"no\" text_align=\"left\" background_image_as_pattern=\"without_pattern\" z_index=\"\" padding_bottom=\"50\" css=\".vc_custom_1697804221509{background-color: #ffffff !important;}\" padding_top=\"50\"][vc_column][vc_row_inner row_type=\"row\" type=\"full_width\" text_align=\"left\" css_animation=\"\" background_color=\"#f9f9f9\" css=\".vc_custom_1697805747463{padding-top: 32px !important;padding-right: 32px !important;padding-bottom: 32px !important;padding-left: 32px !important;}\"][vc_column_inner width=\"2\/3\"][vc_column_text]<\/span><\/p>\n<h2><span style=\"color: #000; font-size: 1.2em; font-weight: 900;\">Fachwissen zur Entschl\u00fcsselung von Cybersicherheitsproblemen<\/span><\/h2>\n<p><span style=\"color: #000; font-size: 1.1em;\">Manche erfahrenen Profis suchen nach Antworten und Inhalten mit hohem Mehrwert. Nachrichten aus der Cyberwelt, Sicherheits\u00fcberwachung, Produktwarnungen, Experteninterviews\u2026 Wir ver\u00f6ffentlichen regelm\u00e4\u00dfig Inhalte, die sich mit Branchen- oder Unternehmensfragen befassen.<\/span><\/p>\n<p><span style=\"color: #000; font-size: 1.1em;\">Um sie f\u00fcr Sie unentbehrlich zu machen, st\u00fctzen wir uns auf Produktmanager sowie unsere Forschungs- &amp; Entwicklungsteams, welche die Geschehnisse in der Branche beobachten, um die Cybersicherheit von morgen besser antizipieren und verstehen zu k\u00f6nnen. <strong>Machen Sie sich ein genaueres Bild und lesen Sie unsere Artikel mit Analysen und Prognosen.<\/strong><\/span>[\/vc_column_text][vc_empty_space][\/vc_column_inner][vc_column_inner width=\"1\/3\"][vc_single_image image=\"456500\" img_size=\"medium\" qode_css_animation=\"\"][vc_empty_space]<a  itemprop=\"url\" href=\"https:\/\/www.stormshield.com\/de\/tag\/cybersecurity-von-stormshield\/\" target=\"_blank\" data-hover-background-color=\"#d23467\" data-hover-border-color=\"#ffffff\" class=\"qbutton  white enlarge\" style=\"border-color: #ffffff; background-color:#060051;\">Expertenmeinungen<i class=\"qode_icon_font_awesome fa fa-angle-right qode_button_icon_element\"><\/i><\/a>[vc_empty_space height=\"12px\"]<a  itemprop=\"url\" href=\"https:\/\/www.stormshield.com\/de\/dokumentation\/?_sft_rc_type=whitepaper-de\" target=\"_blank\" data-hover-background-color=\"#d23467\" data-hover-border-color=\"#ffffff\" class=\"qbutton  white enlarge\" style=\"border-color: #ffffff; background-color:#060051;\">Whitepaper<i class=\"qode_icon_font_awesome fa fa-angle-right qode_button_icon_element\"><\/i><\/a>[vc_empty_space][\/vc_column_inner][\/vc_row_inner][\/vc_column][\/vc_row][vc_row css_animation=\"\" row_type=\"row\" use_row_as_full_screen_section=\"no\" type=\"grid\" angled_section=\"no\" text_align=\"left\" background_image_as_pattern=\"without_pattern\" z_index=\"\" padding_bottom=\"50\"][vc_column][vc_row_inner row_type=\"row\" type=\"full_width\" text_align=\"left\" css_animation=\"\"][vc_column_inner width=\"2\/3\"][vc_column_text]<\/p>\n<h2><span style=\"color: #000; font-size: 1.2em; font-weight: 900;\">Analyse f\u00fcr den Ausbau der Community<\/span><\/h2>\n<p><span style=\"color: #000; font-size: 1.1em;\">Um die Anforderungen von Sicherheitsexperten zu erf\u00fcllen, betreut unser Cyber-Threat-Intelligence-Team einen Blog, der sich mit den technischen Seiten der Cybersicherheit befasst.<\/span><\/p>\n<p><span style=\"color: #000; font-size: 1.1em;\">Unsere unternehmensinternen Spezialisten tauchen tief in den Code ein, nehmen Malware-Mechanismen unter die Lupe und liefern technisch anspruchsvolle Analysen \u2013 mitunter bereits im Voraus. <strong>Tauchen Sie jetzt in unsere Inhalte f\u00fcr fachkundige Leser ein.<\/strong><\/span>[\/vc_column_text][vc_empty_space][\/vc_column_inner][vc_column_inner width=\"1\/3\"][vc_single_image image=\"456605\" img_size=\"medium\" qode_css_animation=\"\"][vc_empty_space]<a  itemprop=\"url\" href=\"https:\/\/www.stormshield.com\/category\/alert\/\" target=\"_blank\" data-hover-background-color=\"#d23467\" data-hover-border-color=\"#ffffff\" class=\"qbutton  white enlarge\" style=\"border-color: #ffffff; background-color:#060051;\">Security alerts<i class=\"qode_icon_font_awesome fa fa-angle-right qode_button_icon_element\"><\/i><\/a>[vc_empty_space height=\"12px\"]<a  itemprop=\"url\" href=\"https:\/\/www.stormshield.com\/category\/technical-posts\/\" target=\"_blank\" data-hover-background-color=\"#d23467\" data-hover-border-color=\"#ffffff\" class=\"qbutton  white enlarge\" style=\"border-color: #ffffff; background-color:#060051;\">Technische Artikel<i class=\"qode_icon_font_awesome fa fa-angle-right qode_button_icon_element\"><\/i><\/a>[vc_empty_space][\/vc_column_inner][\/vc_row_inner][\/vc_column][\/vc_row]<\/p>\n<\/div>","protected":false},"excerpt":{"rendered":"<p>[vc_row css_animation=&#8220;&#8220; row_type=&#8220;row&#8220; use_row_as_full_screen_section=&#8220;no&#8220; type=&#8220;grid&#8220; angled_section=&#8220;no&#8220; text_align=&#8220;left&#8220; background_image_as_pattern=&#8220;without_pattern&#8220; z_index=&#8220;&#8220; padding_top=&#8220;50&#8243; padding_bottom=&#8220;50&#8243;][vc_column][vc_empty_space][vc_column_text] Unterst\u00fctzung f\u00fcr Ihre Kunden in Bezug auf Cybersicherheit, mit Fortbildung, Fachwissen und Analysen [\/vc_column_text][vc_empty_space][\/vc_column][\/vc_row][vc_row css_animation=&#8220;&#8220; row_type=&#8220;row&#8220; use_row_as_full_screen_section=&#8220;no&#8220; type=&#8220;grid&#8220; angled_section=&#8220;no&#8220; text_align=&#8220;left&#8220; background_image_as_pattern=&#8220;without_pattern&#8220; z_index=&#8220;&#8220; padding_bottom=&#8220;50&#8243;][vc_column][vc_row_inner row_type=&#8220;row&#8220; type=&#8220;full_width&#8220; text_align=&#8220;left&#8220; css_animation=&#8220;&#8220;][vc_column_inner width=&#8220;2\/3&#8243;][vc_column_text] Fortbildung Zwecks Bewusstseinsbildung F\u00fcr die Gesch\u00e4ftsf\u00fchrung&#8230;<\/p>\n","protected":false},"author":31,"featured_media":0,"parent":22044,"menu_order":275,"comment_status":"closed","ping_status":"closed","template":"full_width.php","meta":{"_acf_changed":false,"footnotes":""},"class_list":["post-232838","page","type-page","status-publish","hentry"],"acf":[],"yoast_head":"<!-- This site is optimized with the Yoast SEO plugin v27.0 - https:\/\/yoast.com\/product\/yoast-seo-wordpress\/ -->\n<title>Begleiten Sie Ihre Kunden bei der Cybersicherheit | Stormshield<\/title>\n<meta name=\"description\" content=\"Vom CISO \u00fcber den Vertriebsingenieur bis hin zu Herrn Jedermann: Stormshield macht die Herausforderungen der Cybersicherheit leicht verst\u00e4ndlich.\" \/>\n<meta name=\"robots\" content=\"index, follow, max-snippet:-1, max-image-preview:large, max-video-preview:-1\" \/>\n<link rel=\"canonical\" href=\"https:\/\/www.stormshield.com\/de\/partner\/unterstuetzung-fuer-ihre-kunden\/\" \/>\n<meta property=\"og:locale\" content=\"de_DE\" \/>\n<meta property=\"og:type\" content=\"article\" \/>\n<meta property=\"og:title\" content=\"Begleiten Sie Ihre Kunden bei der Cybersicherheit | Stormshield\" \/>\n<meta property=\"og:description\" content=\"Vom CISO \u00fcber den Vertriebsingenieur bis hin zu Herrn Jedermann: Stormshield macht die Herausforderungen der Cybersicherheit leicht verst\u00e4ndlich.\" \/>\n<meta property=\"og:url\" content=\"https:\/\/www.stormshield.com\/de\/partner\/unterstuetzung-fuer-ihre-kunden\/\" \/>\n<meta property=\"og:site_name\" content=\"Stormshield\" \/>\n<meta property=\"article:modified_time\" content=\"2025-11-03T09:23:45+00:00\" \/>\n<meta property=\"og:image\" content=\"https:\/\/www.stormshield.com\/wp-content\/uploads\/stormshield_logo.png\" \/>\n\t<meta property=\"og:image:width\" content=\"204\" \/>\n\t<meta property=\"og:image:height\" content=\"94\" \/>\n\t<meta property=\"og:image:type\" content=\"image\/png\" \/>\n<meta name=\"twitter:card\" content=\"summary_large_image\" \/>\n<meta name=\"twitter:site\" content=\"@Stormshield\" \/>\n<meta name=\"twitter:label1\" content=\"Gesch\u00e4tzte Lesezeit\" \/>\n\t<meta name=\"twitter:data1\" content=\"3\u00a0Minuten\" \/>\n<script type=\"application\/ld+json\" class=\"yoast-schema-graph\">{\"@context\":\"https:\/\/schema.org\",\"@graph\":[{\"@type\":\"WebPage\",\"@id\":\"https:\/\/www.stormshield.com\/de\/partner\/unterstuetzung-fuer-ihre-kunden\/\",\"url\":\"https:\/\/www.stormshield.com\/de\/partner\/unterstuetzung-fuer-ihre-kunden\/\",\"name\":\"Begleiten Sie Ihre Kunden bei der Cybersicherheit | Stormshield\",\"isPartOf\":{\"@id\":\"https:\/\/www.stormshield.com\/de\/#website\"},\"datePublished\":\"2021-09-24T08:48:12+00:00\",\"dateModified\":\"2025-11-03T09:23:45+00:00\",\"description\":\"Vom CISO \u00fcber den Vertriebsingenieur bis hin zu Herrn Jedermann: Stormshield macht die Herausforderungen der Cybersicherheit leicht verst\u00e4ndlich.\",\"breadcrumb\":{\"@id\":\"https:\/\/www.stormshield.com\/de\/partner\/unterstuetzung-fuer-ihre-kunden\/#breadcrumb\"},\"inLanguage\":\"de\",\"potentialAction\":[{\"@type\":\"ReadAction\",\"target\":[\"https:\/\/www.stormshield.com\/de\/partner\/unterstuetzung-fuer-ihre-kunden\/\"]}]},{\"@type\":\"BreadcrumbList\",\"@id\":\"https:\/\/www.stormshield.com\/de\/partner\/unterstuetzung-fuer-ihre-kunden\/#breadcrumb\",\"itemListElement\":[{\"@type\":\"ListItem\",\"position\":1,\"name\":\"Home\",\"item\":\"https:\/\/www.stormshield.com\/de\/\"},{\"@type\":\"ListItem\",\"position\":2,\"name\":\"Partner\",\"item\":\"https:\/\/www.stormshield.com\/de\/partner\/\"},{\"@type\":\"ListItem\",\"position\":3,\"name\":\"Unterst\u00fctzung f\u00fcr Ihre Kunden\"}]},{\"@type\":\"WebSite\",\"@id\":\"https:\/\/www.stormshield.com\/de\/#website\",\"url\":\"https:\/\/www.stormshield.com\/de\/\",\"name\":\"Stormshield\",\"description\":\"Stormshield\",\"potentialAction\":[{\"@type\":\"SearchAction\",\"target\":{\"@type\":\"EntryPoint\",\"urlTemplate\":\"https:\/\/www.stormshield.com\/de\/?s={search_term_string}\"},\"query-input\":{\"@type\":\"PropertyValueSpecification\",\"valueRequired\":true,\"valueName\":\"search_term_string\"}}],\"inLanguage\":\"de\"}]}<\/script>\n<!-- \/ Yoast SEO plugin. -->","yoast_head_json":{"title":"Begleiten Sie Ihre Kunden bei der Cybersicherheit | Stormshield","description":"Vom CISO \u00fcber den Vertriebsingenieur bis hin zu Herrn Jedermann: Stormshield macht die Herausforderungen der Cybersicherheit leicht verst\u00e4ndlich.","robots":{"index":"index","follow":"follow","max-snippet":"max-snippet:-1","max-image-preview":"max-image-preview:large","max-video-preview":"max-video-preview:-1"},"canonical":"https:\/\/www.stormshield.com\/de\/partner\/unterstuetzung-fuer-ihre-kunden\/","og_locale":"de_DE","og_type":"article","og_title":"Begleiten Sie Ihre Kunden bei der Cybersicherheit | Stormshield","og_description":"Vom CISO \u00fcber den Vertriebsingenieur bis hin zu Herrn Jedermann: Stormshield macht die Herausforderungen der Cybersicherheit leicht verst\u00e4ndlich.","og_url":"https:\/\/www.stormshield.com\/de\/partner\/unterstuetzung-fuer-ihre-kunden\/","og_site_name":"Stormshield","article_modified_time":"2025-11-03T09:23:45+00:00","og_image":[{"width":204,"height":94,"url":"https:\/\/www.stormshield.com\/wp-content\/uploads\/stormshield_logo.png","type":"image\/png"}],"twitter_card":"summary_large_image","twitter_site":"@Stormshield","twitter_misc":{"Gesch\u00e4tzte Lesezeit":"3\u00a0Minuten"},"schema":{"@context":"https:\/\/schema.org","@graph":[{"@type":"WebPage","@id":"https:\/\/www.stormshield.com\/de\/partner\/unterstuetzung-fuer-ihre-kunden\/","url":"https:\/\/www.stormshield.com\/de\/partner\/unterstuetzung-fuer-ihre-kunden\/","name":"Begleiten Sie Ihre Kunden bei der Cybersicherheit | Stormshield","isPartOf":{"@id":"https:\/\/www.stormshield.com\/de\/#website"},"datePublished":"2021-09-24T08:48:12+00:00","dateModified":"2025-11-03T09:23:45+00:00","description":"Vom CISO \u00fcber den Vertriebsingenieur bis hin zu Herrn Jedermann: Stormshield macht die Herausforderungen der Cybersicherheit leicht verst\u00e4ndlich.","breadcrumb":{"@id":"https:\/\/www.stormshield.com\/de\/partner\/unterstuetzung-fuer-ihre-kunden\/#breadcrumb"},"inLanguage":"de","potentialAction":[{"@type":"ReadAction","target":["https:\/\/www.stormshield.com\/de\/partner\/unterstuetzung-fuer-ihre-kunden\/"]}]},{"@type":"BreadcrumbList","@id":"https:\/\/www.stormshield.com\/de\/partner\/unterstuetzung-fuer-ihre-kunden\/#breadcrumb","itemListElement":[{"@type":"ListItem","position":1,"name":"Home","item":"https:\/\/www.stormshield.com\/de\/"},{"@type":"ListItem","position":2,"name":"Partner","item":"https:\/\/www.stormshield.com\/de\/partner\/"},{"@type":"ListItem","position":3,"name":"Unterst\u00fctzung f\u00fcr Ihre Kunden"}]},{"@type":"WebSite","@id":"https:\/\/www.stormshield.com\/de\/#website","url":"https:\/\/www.stormshield.com\/de\/","name":"Stormshield","description":"Stormshield","potentialAction":[{"@type":"SearchAction","target":{"@type":"EntryPoint","urlTemplate":"https:\/\/www.stormshield.com\/de\/?s={search_term_string}"},"query-input":{"@type":"PropertyValueSpecification","valueRequired":true,"valueName":"search_term_string"}}],"inLanguage":"de"}]}},"_links":{"self":[{"href":"https:\/\/www.stormshield.com\/de\/wp-json\/wp\/v2\/pages\/232838","targetHints":{"allow":["GET"]}}],"collection":[{"href":"https:\/\/www.stormshield.com\/de\/wp-json\/wp\/v2\/pages"}],"about":[{"href":"https:\/\/www.stormshield.com\/de\/wp-json\/wp\/v2\/types\/page"}],"author":[{"embeddable":true,"href":"https:\/\/www.stormshield.com\/de\/wp-json\/wp\/v2\/users\/31"}],"replies":[{"embeddable":true,"href":"https:\/\/www.stormshield.com\/de\/wp-json\/wp\/v2\/comments?post=232838"}],"version-history":[{"count":14,"href":"https:\/\/www.stormshield.com\/de\/wp-json\/wp\/v2\/pages\/232838\/revisions"}],"predecessor-version":[{"id":691709,"href":"https:\/\/www.stormshield.com\/de\/wp-json\/wp\/v2\/pages\/232838\/revisions\/691709"}],"up":[{"embeddable":true,"href":"https:\/\/www.stormshield.com\/de\/wp-json\/wp\/v2\/pages\/22044"}],"wp:attachment":[{"href":"https:\/\/www.stormshield.com\/de\/wp-json\/wp\/v2\/media?parent=232838"}],"curies":[{"name":"wp","href":"https:\/\/api.w.org\/{rel}","templated":true}]}}