{"id":232774,"date":"2021-08-09T08:58:17","date_gmt":"2021-08-09T07:58:17","guid":{"rendered":"https:\/\/www.stormshield.com\/unsere-unterstuetzung\/services\/professional-services\/"},"modified":"2025-11-17T14:43:29","modified_gmt":"2025-11-17T13:43:29","slug":"professional-services","status":"publish","type":"page","link":"https:\/\/www.stormshield.com\/de\/unsere-unterstuetzung\/services\/professional-services\/","title":{"rendered":"Professional Services"},"content":{"rendered":"<div class=\"wpb-content-wrapper\"><p>[vc_row css_animation=\"\" row_type=\"row\" use_row_as_full_screen_section=\"no\" type=\"grid\" angled_section=\"no\" text_align=\"left\" background_image_as_pattern=\"without_pattern\" z_index=\"\" padding_top=\"50\" padding_bottom=\"50\"][vc_column][vc_empty_space][vc_column_text]<\/p>\n<h1 style=\"text-align: center;\"><span style=\"color: #00aaf5;\"><span style=\"font-weight: 900; font-size: 1.5em;\">Mit den Stormshield Professional Services <\/span><\/span><span style=\"color: #00aaf5;\"><span style=\"font-weight: 300; font-size: 1.5em;\">steht Ihnen die Expertise des Herausgebers zur Seite<\/span><\/span><\/h1>\n<p>[\/vc_column_text][vc_empty_space][\/vc_column][\/vc_row][vc_row css_animation=\"\" row_type=\"row\" use_row_as_full_screen_section=\"no\" type=\"grid\" angled_section=\"no\" text_align=\"left\" background_image_as_pattern=\"without_pattern\" z_index=\"\" padding_bottom=\"50\"][vc_column width=\"2\/3\"][vc_column_text]<\/p>\n<h2><span style=\"color: #000; font-size: 1.2em; font-weight: 900;\">Betreuung durch Experten f\u00fcr Cybersicherheit<\/span><\/h2>\n<p><span style=\"color: #000; font-size: 1.1em;\">Ob Partner, Lieferant oder Kunde, wir unterst\u00fctzen Sie beim Aufbau Ihrer komplexen Infrastruktur. Unsere Professional-Services-Teams sorgen f\u00fcr eine optimale Implementierung (Installation, Aktualisierung, Betrieb).<\/span><\/p>\n<p><span style=\"color: #000; font-size: 1.1em;\">Planen Sie, Ihre Sicherheitsl\u00f6sungen in einer speziellen Konfiguration einzuf\u00fchren? Ben\u00f6tigen Sie Unterst\u00fctzung angesichts einer komplexen Infrastruktur?<\/span>[\/vc_column_text][vc_empty_space]<a  itemprop=\"url\" href=\"https:\/\/www.stormshield.com\/de\/kontakt\/anfrage-an-den-vertrieb\/\" target=\"_blank\" data-hover-background-color=\"#d23467\" data-hover-border-color=\"#ffffff\" class=\"qbutton  white enlarge\" style=\"border-color: #ffffff; background-color:#060051;\">Kontakt<i class=\"qode_icon_font_awesome fa fa-angle-right qode_button_icon_element\"><\/i><\/a>[\/vc_column][vc_column width=\"1\/3\"][vc_single_image image=\"456470\" img_size=\"medium\" qode_css_animation=\"\"][\/vc_column][\/vc_row][vc_row css_animation=\"\" row_type=\"row\" use_row_as_full_screen_section=\"no\" type=\"grid\" angled_section=\"no\" text_align=\"left\" background_image_as_pattern=\"without_pattern\" z_index=\"\" padding_bottom=\"50\" css=\".vc_custom_1697804221509{background-color: #ffffff !important;}\" padding_top=\"50\"][vc_column][vc_row_inner row_type=\"row\" type=\"full_width\" text_align=\"left\" css_animation=\"\" background_color=\"#f9f9f9\" css=\".vc_custom_1697805785032{padding-top: 32px !important;padding-right: 32px !important;padding-bottom: 32px !important;padding-left: 32px !important;}\"][vc_column_inner][vc_column_text]<\/p>\n<h2><span style=\"color: #000; font-size: 1.2em; font-weight: 900;\">Beratung zu allen Komplexen Fragen der Cybersicherheit<\/span><\/h2>\n<p><span style=\"color: #000; font-size: 1.1em;\"><strong>Die Beratung ist das Herzst\u00fcck unseres Professional-Services-Angebots.<\/strong> Profitieren Sie von den ma\u00dfgeschneiderten, strategischen L\u00f6sungen aus unseren drei Produktfamilien.<\/span>[\/vc_column_text][\/vc_column_inner][\/vc_row_inner][vc_row_inner row_type=\"row\" type=\"full_width\" text_align=\"left\" css_animation=\"\" background_color=\"#f9f9f9\" css=\".vc_custom_1697805785032{padding-top: 32px !important;padding-right: 32px !important;padding-bottom: 32px !important;padding-left: 32px !important;}\"][vc_column_inner width=\"1\/3\"][vc_column_text]<span style=\"color: #000; font-size: 1.3em; font-weight: 900;\">Stormshield Network Security<\/span><\/p>\n<ul>\n<li><span style=\"color: #000; font-size: 1.1em;\">\u00dcberpr\u00fcfung der Netzwerkarchitektur,<br \/>\n<\/span><\/li>\n<li><span style=\"color: #000; font-size: 1.1em;\">Technischer Support bei der Einf\u00fchrung oder Inbetriebnahme einer erweiterten Funktion,<br \/>\n<\/span><\/li>\n<li><span style=\"color: #000; font-size: 1.1em;\">Betreuung bei gr\u00f6\u00dferen Updates,<br \/>\n<\/span><\/li>\n<li><span style=\"color: #000; font-size: 1.1em;\">Sicherheits- und Gesundheitsaudits f\u00fcr Ihre Firewalls.<br \/>\n<\/span><\/li>\n<li><span style=\"color: #000; font-size: 1.1em;\">... <\/span><\/li>\n<\/ul>\n<p>[\/vc_column_text][\/vc_column_inner][vc_column_inner width=\"1\/3\"][vc_column_text]<span style=\"color: #000; font-size: 1.3em; font-weight: 900;\">Stormshield Endpoint Security<\/span><\/p>\n<ul>\n<li><span style=\"color: #000; font-size: 1.1em;\">Audit und Pr\u00fcfung Ihrer Sicherheitsrichtlinien,<br \/>\n<\/span><\/li>\n<li><span style=\"color: #000; font-size: 1.1em;\">Vermittlung von Kenntnissen,<br \/>\n<\/span><\/li>\n<li><span style=\"color: #000; font-size: 1.1em;\">Support bei Installation und Updates.<br \/>\n<\/span><\/li>\n<li><span style=\"color: #000; font-size: 1.1em;\">... <\/span><\/li>\n<\/ul>\n<p>[\/vc_column_text][\/vc_column_inner][vc_column_inner width=\"1\/3\"][vc_column_text]<span style=\"color: #000; font-size: 1.3em; font-weight: 900;\">Stormshield Data Security<\/span><\/p>\n<ul>\n<li><span style=\"color: #000; font-size: 1.1em;\">\u00dcberarbeitung der Infrastruktur f\u00fcr \u00f6ffentliche Schl\u00fcssel (<em>PKI Rebuilt<\/em>),<br \/>\n<\/span><\/li>\n<li><span style=\"color: #000; font-size: 1.1em;\">Aufrechterhaltung der Betriebsbedingungen entsprechend der Entwicklung Ihrer Ger\u00e4teflotte,<br \/>\n<\/span><\/li>\n<li><span style=\"color: #000; font-size: 1.1em;\">Unterst\u00fctzung bei Installation und Updates.<br \/>\n<\/span><\/li>\n<li><span style=\"color: #000; font-size: 1.1em;\">... <\/span><\/li>\n<\/ul>\n<p>[\/vc_column_text][\/vc_column_inner][\/vc_row_inner][\/vc_column][\/vc_row][vc_row css_animation=\"\" row_type=\"row\" use_row_as_full_screen_section=\"no\" type=\"grid\" angled_section=\"no\" text_align=\"left\" background_image_as_pattern=\"without_pattern\" z_index=\"\" padding_bottom=\"50\" padding_top=\"50\"][vc_column width=\"2\/3\"][vc_column_text]<\/p>\n<h2><span style=\"color: #000; font-size: 1.2em; font-weight: 900;\">Technical Account Management<\/span><\/h2>\n<p><span style=\"color: #000; font-size: 1.1em;\">Diese Unterst\u00fctzung umfasst die \u00dcberwachung von Kundenprojekten (<em>Technical Account Management<\/em>), die Vermittlung von Fachkenntnissen zu verschiedenen Themen rund um Ihren Einsatz sowie die Vermittlung einer bevorzugten Kontaktperson f\u00fcr die Wartung unter Sicherheitsbedingungen.<\/span>[\/vc_column_text][vc_empty_space]<a  itemprop=\"url\" href=\"https:\/\/www.stormshield.com\/wp-content\/uploads\/Stormshield-EN-TAM-Service.pdf\" target=\"_blank\" data-hover-background-color=\"#d23467\" data-hover-border-color=\"#ffffff\" class=\"qbutton  white enlarge\" style=\"border-color: #ffffff; background-color:#060051;\">Technical Account Management<i class=\"qode_icon_font_awesome fa fa-angle-right qode_button_icon_element\"><\/i><\/a>[vc_empty_space height=\"12px\"]<a  itemprop=\"url\" href=\"https:\/\/www.stormshield.com\/de\/kontakt\/anfrage-an-den-vertrieb\/\" target=\"_blank\" data-hover-background-color=\"#d23467\" data-hover-border-color=\"#ffffff\" class=\"qbutton  white enlarge\" style=\"border-color: #ffffff; background-color:#060051;\">Kontakt<i class=\"qode_icon_font_awesome fa fa-angle-right qode_button_icon_element\"><\/i><\/a>[\/vc_column][vc_column width=\"1\/3\"][vc_single_image image=\"456620\" img_size=\"medium\" qode_css_animation=\"\"][\/vc_column][\/vc_row]<\/p>\n<\/div>","protected":false},"excerpt":{"rendered":"<p>[vc_row css_animation=&#8220;&#8220; row_type=&#8220;row&#8220; use_row_as_full_screen_section=&#8220;no&#8220; type=&#8220;grid&#8220; angled_section=&#8220;no&#8220; text_align=&#8220;left&#8220; background_image_as_pattern=&#8220;without_pattern&#8220; z_index=&#8220;&#8220; padding_top=&#8220;50&#8243; padding_bottom=&#8220;50&#8243;][vc_column][vc_empty_space][vc_column_text] Mit den Stormshield Professional Services steht Ihnen die Expertise des Herausgebers zur Seite [\/vc_column_text][vc_empty_space][\/vc_column][\/vc_row][vc_row css_animation=&#8220;&#8220; row_type=&#8220;row&#8220; use_row_as_full_screen_section=&#8220;no&#8220; type=&#8220;grid&#8220; angled_section=&#8220;no&#8220; text_align=&#8220;left&#8220; background_image_as_pattern=&#8220;without_pattern&#8220; z_index=&#8220;&#8220; padding_bottom=&#8220;50&#8243;][vc_column width=&#8220;2\/3&#8243;][vc_column_text] Betreuung durch Experten f\u00fcr Cybersicherheit Ob Partner, Lieferant oder Kunde,&#8230;<\/p>\n","protected":false},"author":31,"featured_media":0,"parent":22208,"menu_order":288,"comment_status":"closed","ping_status":"closed","template":"full_width.php","meta":{"_acf_changed":false,"footnotes":""},"class_list":["post-232774","page","type-page","status-publish","hentry"],"acf":[],"yoast_head":"<!-- This site is optimized with the Yoast SEO plugin v27.0 - https:\/\/yoast.com\/product\/yoast-seo-wordpress\/ -->\n<title>Professionelle: Expertise in Cybersecurity | Stormshield<\/title>\n<meta name=\"description\" content=\"Als Partner, Lieferant und Kunde unterst\u00fctzt Stormshield Sie bei der Sicherung Ihrer Infrastruktur.\" \/>\n<meta name=\"robots\" content=\"index, follow, max-snippet:-1, max-image-preview:large, max-video-preview:-1\" \/>\n<link rel=\"canonical\" href=\"https:\/\/www.stormshield.com\/de\/unsere-unterstuetzung\/services\/professional-services\/\" \/>\n<meta property=\"og:locale\" content=\"de_DE\" \/>\n<meta property=\"og:type\" content=\"article\" \/>\n<meta property=\"og:title\" content=\"Professionelle: Expertise in Cybersecurity | Stormshield\" \/>\n<meta property=\"og:description\" content=\"Als Partner, Lieferant und Kunde unterst\u00fctzt Stormshield Sie bei der Sicherung Ihrer Infrastruktur.\" \/>\n<meta property=\"og:url\" content=\"https:\/\/www.stormshield.com\/de\/unsere-unterstuetzung\/services\/professional-services\/\" \/>\n<meta property=\"og:site_name\" content=\"Stormshield\" \/>\n<meta property=\"article:modified_time\" content=\"2025-11-17T13:43:29+00:00\" \/>\n<meta property=\"og:image\" content=\"https:\/\/www.stormshield.com\/wp-content\/uploads\/stormshield_logo.png\" \/>\n\t<meta property=\"og:image:width\" content=\"204\" \/>\n\t<meta property=\"og:image:height\" content=\"94\" \/>\n\t<meta property=\"og:image:type\" content=\"image\/png\" \/>\n<meta name=\"twitter:card\" content=\"summary_large_image\" \/>\n<meta name=\"twitter:site\" content=\"@Stormshield\" \/>\n<meta name=\"twitter:label1\" content=\"Gesch\u00e4tzte Lesezeit\" \/>\n\t<meta name=\"twitter:data1\" content=\"2\u00a0Minuten\" \/>\n<script type=\"application\/ld+json\" class=\"yoast-schema-graph\">{\"@context\":\"https:\/\/schema.org\",\"@graph\":[{\"@type\":\"WebPage\",\"@id\":\"https:\/\/www.stormshield.com\/de\/unsere-unterstuetzung\/services\/professional-services\/\",\"url\":\"https:\/\/www.stormshield.com\/de\/unsere-unterstuetzung\/services\/professional-services\/\",\"name\":\"Professionelle: Expertise in Cybersecurity | Stormshield\",\"isPartOf\":{\"@id\":\"https:\/\/www.stormshield.com\/de\/#website\"},\"datePublished\":\"2021-08-09T07:58:17+00:00\",\"dateModified\":\"2025-11-17T13:43:29+00:00\",\"description\":\"Als Partner, Lieferant und Kunde unterst\u00fctzt Stormshield Sie bei der Sicherung Ihrer Infrastruktur.\",\"breadcrumb\":{\"@id\":\"https:\/\/www.stormshield.com\/de\/unsere-unterstuetzung\/services\/professional-services\/#breadcrumb\"},\"inLanguage\":\"de\",\"potentialAction\":[{\"@type\":\"ReadAction\",\"target\":[\"https:\/\/www.stormshield.com\/de\/unsere-unterstuetzung\/services\/professional-services\/\"]}]},{\"@type\":\"BreadcrumbList\",\"@id\":\"https:\/\/www.stormshield.com\/de\/unsere-unterstuetzung\/services\/professional-services\/#breadcrumb\",\"itemListElement\":[{\"@type\":\"ListItem\",\"position\":1,\"name\":\"Home\",\"item\":\"https:\/\/www.stormshield.com\/de\/\"},{\"@type\":\"ListItem\",\"position\":2,\"name\":\"Unsere Unterst\u00fctzung\",\"item\":\"https:\/\/www.stormshield.com\/de\/unsere-unterstuetzung\/\"},{\"@type\":\"ListItem\",\"position\":3,\"name\":\"Services\",\"item\":\"https:\/\/www.stormshield.com\/de\/unsere-unterstuetzung\/services\/\"},{\"@type\":\"ListItem\",\"position\":4,\"name\":\"Professional Services\"}]},{\"@type\":\"WebSite\",\"@id\":\"https:\/\/www.stormshield.com\/de\/#website\",\"url\":\"https:\/\/www.stormshield.com\/de\/\",\"name\":\"Stormshield\",\"description\":\"Stormshield\",\"potentialAction\":[{\"@type\":\"SearchAction\",\"target\":{\"@type\":\"EntryPoint\",\"urlTemplate\":\"https:\/\/www.stormshield.com\/de\/?s={search_term_string}\"},\"query-input\":{\"@type\":\"PropertyValueSpecification\",\"valueRequired\":true,\"valueName\":\"search_term_string\"}}],\"inLanguage\":\"de\"}]}<\/script>\n<!-- \/ Yoast SEO plugin. -->","yoast_head_json":{"title":"Professionelle: Expertise in Cybersecurity | Stormshield","description":"Als Partner, Lieferant und Kunde unterst\u00fctzt Stormshield Sie bei der Sicherung Ihrer Infrastruktur.","robots":{"index":"index","follow":"follow","max-snippet":"max-snippet:-1","max-image-preview":"max-image-preview:large","max-video-preview":"max-video-preview:-1"},"canonical":"https:\/\/www.stormshield.com\/de\/unsere-unterstuetzung\/services\/professional-services\/","og_locale":"de_DE","og_type":"article","og_title":"Professionelle: Expertise in Cybersecurity | Stormshield","og_description":"Als Partner, Lieferant und Kunde unterst\u00fctzt Stormshield Sie bei der Sicherung Ihrer Infrastruktur.","og_url":"https:\/\/www.stormshield.com\/de\/unsere-unterstuetzung\/services\/professional-services\/","og_site_name":"Stormshield","article_modified_time":"2025-11-17T13:43:29+00:00","og_image":[{"width":204,"height":94,"url":"https:\/\/www.stormshield.com\/wp-content\/uploads\/stormshield_logo.png","type":"image\/png"}],"twitter_card":"summary_large_image","twitter_site":"@Stormshield","twitter_misc":{"Gesch\u00e4tzte Lesezeit":"2\u00a0Minuten"},"schema":{"@context":"https:\/\/schema.org","@graph":[{"@type":"WebPage","@id":"https:\/\/www.stormshield.com\/de\/unsere-unterstuetzung\/services\/professional-services\/","url":"https:\/\/www.stormshield.com\/de\/unsere-unterstuetzung\/services\/professional-services\/","name":"Professionelle: Expertise in Cybersecurity | Stormshield","isPartOf":{"@id":"https:\/\/www.stormshield.com\/de\/#website"},"datePublished":"2021-08-09T07:58:17+00:00","dateModified":"2025-11-17T13:43:29+00:00","description":"Als Partner, Lieferant und Kunde unterst\u00fctzt Stormshield Sie bei der Sicherung Ihrer Infrastruktur.","breadcrumb":{"@id":"https:\/\/www.stormshield.com\/de\/unsere-unterstuetzung\/services\/professional-services\/#breadcrumb"},"inLanguage":"de","potentialAction":[{"@type":"ReadAction","target":["https:\/\/www.stormshield.com\/de\/unsere-unterstuetzung\/services\/professional-services\/"]}]},{"@type":"BreadcrumbList","@id":"https:\/\/www.stormshield.com\/de\/unsere-unterstuetzung\/services\/professional-services\/#breadcrumb","itemListElement":[{"@type":"ListItem","position":1,"name":"Home","item":"https:\/\/www.stormshield.com\/de\/"},{"@type":"ListItem","position":2,"name":"Unsere Unterst\u00fctzung","item":"https:\/\/www.stormshield.com\/de\/unsere-unterstuetzung\/"},{"@type":"ListItem","position":3,"name":"Services","item":"https:\/\/www.stormshield.com\/de\/unsere-unterstuetzung\/services\/"},{"@type":"ListItem","position":4,"name":"Professional Services"}]},{"@type":"WebSite","@id":"https:\/\/www.stormshield.com\/de\/#website","url":"https:\/\/www.stormshield.com\/de\/","name":"Stormshield","description":"Stormshield","potentialAction":[{"@type":"SearchAction","target":{"@type":"EntryPoint","urlTemplate":"https:\/\/www.stormshield.com\/de\/?s={search_term_string}"},"query-input":{"@type":"PropertyValueSpecification","valueRequired":true,"valueName":"search_term_string"}}],"inLanguage":"de"}]}},"_links":{"self":[{"href":"https:\/\/www.stormshield.com\/de\/wp-json\/wp\/v2\/pages\/232774","targetHints":{"allow":["GET"]}}],"collection":[{"href":"https:\/\/www.stormshield.com\/de\/wp-json\/wp\/v2\/pages"}],"about":[{"href":"https:\/\/www.stormshield.com\/de\/wp-json\/wp\/v2\/types\/page"}],"author":[{"embeddable":true,"href":"https:\/\/www.stormshield.com\/de\/wp-json\/wp\/v2\/users\/31"}],"replies":[{"embeddable":true,"href":"https:\/\/www.stormshield.com\/de\/wp-json\/wp\/v2\/comments?post=232774"}],"version-history":[{"count":12,"href":"https:\/\/www.stormshield.com\/de\/wp-json\/wp\/v2\/pages\/232774\/revisions"}],"predecessor-version":[{"id":700115,"href":"https:\/\/www.stormshield.com\/de\/wp-json\/wp\/v2\/pages\/232774\/revisions\/700115"}],"up":[{"embeddable":true,"href":"https:\/\/www.stormshield.com\/de\/wp-json\/wp\/v2\/pages\/22208"}],"wp:attachment":[{"href":"https:\/\/www.stormshield.com\/de\/wp-json\/wp\/v2\/media?parent=232774"}],"curies":[{"name":"wp","href":"https:\/\/api.w.org\/{rel}","templated":true}]}}