{"id":232724,"date":"2021-09-23T08:23:37","date_gmt":"2021-09-23T07:23:37","guid":{"rendered":"https:\/\/www.stormshield.com\/unsere-unterstuetzung\/zusammen-mit-unseren-partnern\/"},"modified":"2023-11-16T09:41:49","modified_gmt":"2023-11-16T08:41:49","slug":"zusammen-mit-unseren-partnern","status":"publish","type":"page","link":"https:\/\/www.stormshield.com\/de\/unsere-unterstuetzung\/zusammen-mit-unseren-partnern\/","title":{"rendered":"Zusammen mit unseren Partnern"},"content":{"rendered":"<div class=\"wpb-content-wrapper\"><p>[vc_row css_animation=\"\" row_type=\"row\" use_row_as_full_screen_section=\"no\" type=\"grid\" angled_section=\"no\" text_align=\"left\" background_image_as_pattern=\"without_pattern\" z_index=\"\" padding_top=\"50\" padding_bottom=\"50\"][vc_column][vc_empty_space][vc_column_text]<\/p>\n<h1 style=\"text-align: center;\"><span style=\"color: #00aaf5;\"><span style=\"font-weight: 900; font-size: 1.5em;\">Stormshield-Partner, <\/span><\/span><span style=\"color: #00aaf5;\"><span style=\"font-weight: 300; font-size: 1.5em;\">ein weltweites Vertriebs- und H\u00e4ndlernetzwerk<\/span><\/span><\/h1>\n<p>[\/vc_column_text][\/vc_column][\/vc_row][vc_row css_animation=\"\" row_type=\"row\" use_row_as_full_screen_section=\"no\" type=\"grid\" angled_section=\"no\" text_align=\"left\" background_image_as_pattern=\"without_pattern\" z_index=\"\" padding_bottom=\"50\"][vc_column width=\"2\/3\"][vc_empty_space][vc_column_text]<span style=\"color: #000; font-size: 1.1em;\"><strong>Seit nunmehr fast 20 Jahren unterh\u00e4lt Stormshield sein Partnernetzwerk,<\/strong> das heute \u00fcber 800 Vertriebspartner und H\u00e4ndler in \u00fcber 40 L\u00e4ndern umfasst.<\/span><\/p>\n<p><span style=\"color: #000; font-size: 1.1em;\">Die Welt von Stormshield besteht aus einem weltweiten Netz aus Vertriebspartnern und H\u00e4ndlern. Als echte Vermittler vor Ort setzen sie unsere Strategie um, global zu denken und lokal zu handeln. Wir unterhalten eine enge Beziehung mit ihnen, die auf wechselseitigem Vertrauen und N\u00e4he beruht.<\/span>[\/vc_column_text][vc_empty_space][\/vc_column][vc_column width=\"1\/3\" css=\".vc_custom_1697803119835{padding-top: 24px !important;padding-right: 24px !important;padding-bottom: 24px !important;padding-left: 24px !important;background-color: #060051 !important;}\"][vc_empty_space][vc_column_text]<span style=\"color: #ffffff; font-size: 4em;\"><strong>+800<\/strong><\/span><br \/>\n<span style=\"color: #ffffff; font-size: 1.1em;\">Vertriebspartner und H\u00e4ndler weltweit<\/span>[\/vc_column_text][vc_empty_space][\/vc_column][\/vc_row][vc_row css_animation=\"\" row_type=\"row\" use_row_as_full_screen_section=\"no\" type=\"grid\" angled_section=\"no\" text_align=\"left\" background_image_as_pattern=\"without_pattern\" z_index=\"\" padding_bottom=\"50\" css=\".vc_custom_1697804221509{background-color: #ffffff !important;}\" padding_top=\"50\"][vc_column][vc_row_inner row_type=\"row\" type=\"full_width\" text_align=\"left\" css_animation=\"\" background_color=\"#f9f9f9\" css=\".vc_custom_1697805785032{padding-top: 32px !important;padding-right: 32px !important;padding-bottom: 32px !important;padding-left: 32px !important;}\"][vc_column_inner][vc_column_text]<\/p>\n<h2><span style=\"color: #000; font-size: 1.2em; font-weight: 900;\">Ein Vertrauensw\u00fcrdiges Netzwerk<\/span><\/h2>\n<p><span style=\"color: #000; font-size: 1.1em;\">Diese Unternehmenspartnerschaften zeugen von gegenseitigem Vertrauen und spiegeln die gemeinsame Verpflichtung wider, gemeinsam die besten Serviceangebote f\u00fcr unsere Kunden zu entwickeln. Eine solche Zusammenarbeit erfordert die notwendigen technischen Zertifizierungen, um sich unserem Partner-Connect-Programm anzuschlie\u00dfen. Auch Vertrauen in die Digitalisierung ist in unseren Partnerbeziehungen unerl\u00e4sslich. <\/span><\/p>\n<p><span style=\"color: #000; font-size: 1.1em;\">Nun, <strong>m\u00f6chten Sie Ihren Endkunden vertrauensw\u00fcrdige europ\u00e4ische L\u00f6sungen anbieten?<\/strong><\/span>[\/vc_column_text][vc_empty_space]<a  itemprop=\"url\" href=\"https:\/\/www.stormshield.com\/de\/ressourcescenter\/partnerprogramm-partner-connect\/\" target=\"_blank\" data-hover-background-color=\"#d23467\" data-hover-border-color=\"#ffffff\" class=\"qbutton  white enlarge\" style=\"border-color: #ffffff; background-color:#060051;\">Partner Connect<i class=\"qode_icon_font_awesome fa fa-angle-right qode_button_icon_element\"><\/i><\/a>[\/vc_column_inner][\/vc_row_inner][\/vc_column][\/vc_row][vc_row css_animation=\"\" row_type=\"row\" use_row_as_full_screen_section=\"no\" type=\"grid\" angled_section=\"no\" text_align=\"left\" background_image_as_pattern=\"without_pattern\" z_index=\"\" padding_bottom=\"50\" padding_top=\"50\"][vc_column][vc_row_inner row_type=\"row\" type=\"full_width\" text_align=\"left\" css_animation=\"\" css=\".vc_custom_1700123155302{padding-top: 32px !important;padding-right: 32px !important;padding-bottom: 32px !important;padding-left: 32px !important;}\"][vc_column_inner width=\"2\/3\"][vc_column_text]<\/p>\n<h2><span style=\"color: #000; font-size: 1.2em; font-weight: 900;\">N\u00e4he als Kernst\u00fcck Unserer Partnerschaften<\/span><\/h2>\n<p><span style=\"color: #000; font-size: 1.1em;\">Diese Partnerunternehmen bilden die weltweite Pr\u00e4senz von Stormshield. Aus rein geografischer Sicht erm\u00f6glicht uns dies einen sehr fein abgestimmten Marktansatz mit lokaler \u00dcberwachung f\u00fcr eine bessere Reaktionsf\u00e4higkeit und Anpassung der Reaktion an den jeweiligen Kontext.<\/span><\/p>\n<p><span style=\"color: #000; font-size: 1.1em;\">Aus Beziehungssicht bietet die N\u00e4he durch diese Partnerschaften eine h\u00f6here Verf\u00fcgbarkeit und wird durch den regelm\u00e4\u00dfigen Austausch mit dem Channel-Team gest\u00e4rkt.<\/span>[\/vc_column_text][vc_empty_space]<a  itemprop=\"url\" href=\"https:\/\/www.stormshield.com\/de\/kontakt\/anfrage-zu-partnern\/\" target=\"_blank\" data-hover-background-color=\"#d23467\" data-hover-border-color=\"#ffffff\" class=\"qbutton  white enlarge\" style=\"border-color: #ffffff; background-color:#060051;\">Kontakt<i class=\"qode_icon_font_awesome fa fa-angle-right qode_button_icon_element\"><\/i><\/a>[\/vc_column_inner][vc_column_inner width=\"1\/3\"][vc_single_image image=\"456825\" img_size=\"medium\" alignment=\"center\" qode_css_animation=\"\"][\/vc_column_inner][\/vc_row_inner][\/vc_column][\/vc_row][vc_row css_animation=\"\" row_type=\"row\" use_row_as_full_screen_section=\"no\" type=\"grid\" angled_section=\"no\" text_align=\"left\" background_image_as_pattern=\"without_pattern\" z_index=\"\" padding_bottom=\"50\" css=\".vc_custom_1697804221509{background-color: #ffffff !important;}\" padding_top=\"50\"][vc_column][vc_row_inner row_type=\"row\" type=\"full_width\" text_align=\"left\" css_animation=\"\" background_color=\"#f9f9f9\" css=\".vc_custom_1697805785032{padding-top: 32px !important;padding-right: 32px !important;padding-bottom: 32px !important;padding-left: 32px !important;}\"][vc_column_inner][vc_column_text]<\/p>\n<h2><span style=\"color: #000; font-size: 1.2em; font-weight: 900;\">Finden Sie Ihren Gro\u00dfhandelspartner<\/span><\/h2>\n<p><span style=\"color: #000; font-size: 1.1em;\"><strong>Sind Sie als H\u00e4ndler auf der Suche nach einem Gro\u00dfh\u00e4ndler?<\/strong> Finden Sie Ihren Stormshield-Vertrieb mit zwei Klicks in unserem Online-Tool.<\/span>[\/vc_column_text][vc_empty_space]<a  itemprop=\"url\" href=\"https:\/\/www.stormshield.com\/de\/partner\/partner-finden\/\" target=\"_blank\" data-hover-background-color=\"#d23467\" data-hover-border-color=\"#ffffff\" class=\"qbutton  white enlarge\" style=\"border-color: #ffffff; background-color:#060051;\">Partner Finder<i class=\"qode_icon_font_awesome fa fa-angle-right qode_button_icon_element\"><\/i><\/a>[\/vc_column_inner][\/vc_row_inner][\/vc_column][\/vc_row]<\/p>\n<\/div>","protected":false},"excerpt":{"rendered":"<p>[vc_row css_animation=&#8220;&#8220; row_type=&#8220;row&#8220; use_row_as_full_screen_section=&#8220;no&#8220; type=&#8220;grid&#8220; angled_section=&#8220;no&#8220; text_align=&#8220;left&#8220; background_image_as_pattern=&#8220;without_pattern&#8220; z_index=&#8220;&#8220; padding_top=&#8220;50&#8243; padding_bottom=&#8220;50&#8243;][vc_column][vc_empty_space][vc_column_text] Stormshield-Partner, ein weltweites Vertriebs- und H\u00e4ndlernetzwerk [\/vc_column_text][\/vc_column][\/vc_row][vc_row css_animation=&#8220;&#8220; row_type=&#8220;row&#8220; use_row_as_full_screen_section=&#8220;no&#8220; type=&#8220;grid&#8220; angled_section=&#8220;no&#8220; text_align=&#8220;left&#8220; background_image_as_pattern=&#8220;without_pattern&#8220; z_index=&#8220;&#8220; padding_bottom=&#8220;50&#8243;][vc_column width=&#8220;2\/3&#8243;][vc_empty_space][vc_column_text]Seit nunmehr fast 20 Jahren unterh\u00e4lt Stormshield sein Partnernetzwerk, das heute \u00fcber 800 Vertriebspartner und H\u00e4ndler in \u00fcber&#8230;<\/p>\n","protected":false},"author":31,"featured_media":0,"parent":232720,"menu_order":12,"comment_status":"closed","ping_status":"closed","template":"full_width.php","meta":{"_acf_changed":false,"footnotes":""},"class_list":["post-232724","page","type-page","status-publish","hentry"],"acf":[],"yoast_head":"<!-- This site is optimized with the Yoast SEO plugin v27.0 - https:\/\/yoast.com\/product\/yoast-seo-wordpress\/ -->\n<title>Vertriebs- und Wiederverkaufspartner | Stormshield<\/title>\n<meta name=\"description\" content=\"Ein weltweites Netz von Vertriebspartnern und Wiederverk\u00e4ufern, die die L\u00f6sungen von Stormshield in die Praxis umsetzen.\" \/>\n<meta name=\"robots\" content=\"index, follow, max-snippet:-1, max-image-preview:large, max-video-preview:-1\" \/>\n<link rel=\"canonical\" href=\"https:\/\/www.stormshield.com\/de\/unsere-unterstuetzung\/zusammen-mit-unseren-partnern\/\" \/>\n<meta property=\"og:locale\" content=\"de_DE\" \/>\n<meta property=\"og:type\" content=\"article\" \/>\n<meta property=\"og:title\" content=\"Vertriebs- und Wiederverkaufspartner | Stormshield\" \/>\n<meta property=\"og:description\" content=\"Ein weltweites Netz von Vertriebspartnern und Wiederverk\u00e4ufern, die die L\u00f6sungen von Stormshield in die Praxis umsetzen.\" \/>\n<meta property=\"og:url\" content=\"https:\/\/www.stormshield.com\/de\/unsere-unterstuetzung\/zusammen-mit-unseren-partnern\/\" \/>\n<meta property=\"og:site_name\" content=\"Stormshield\" \/>\n<meta property=\"article:modified_time\" content=\"2023-11-16T08:41:49+00:00\" \/>\n<meta property=\"og:image\" content=\"https:\/\/www.stormshield.com\/wp-content\/uploads\/stormshield_logo.png\" \/>\n\t<meta property=\"og:image:width\" content=\"204\" \/>\n\t<meta property=\"og:image:height\" content=\"94\" \/>\n\t<meta property=\"og:image:type\" content=\"image\/png\" \/>\n<meta name=\"twitter:card\" content=\"summary_large_image\" \/>\n<meta name=\"twitter:site\" content=\"@Stormshield\" \/>\n<meta name=\"twitter:label1\" content=\"Gesch\u00e4tzte Lesezeit\" \/>\n\t<meta name=\"twitter:data1\" content=\"2\u00a0Minuten\" \/>\n<script type=\"application\/ld+json\" class=\"yoast-schema-graph\">{\"@context\":\"https:\/\/schema.org\",\"@graph\":[{\"@type\":\"WebPage\",\"@id\":\"https:\/\/www.stormshield.com\/de\/unsere-unterstuetzung\/zusammen-mit-unseren-partnern\/\",\"url\":\"https:\/\/www.stormshield.com\/de\/unsere-unterstuetzung\/zusammen-mit-unseren-partnern\/\",\"name\":\"Vertriebs- und Wiederverkaufspartner | Stormshield\",\"isPartOf\":{\"@id\":\"https:\/\/www.stormshield.com\/de\/#website\"},\"datePublished\":\"2021-09-23T07:23:37+00:00\",\"dateModified\":\"2023-11-16T08:41:49+00:00\",\"description\":\"Ein weltweites Netz von Vertriebspartnern und Wiederverk\u00e4ufern, die die L\u00f6sungen von Stormshield in die Praxis umsetzen.\",\"breadcrumb\":{\"@id\":\"https:\/\/www.stormshield.com\/de\/unsere-unterstuetzung\/zusammen-mit-unseren-partnern\/#breadcrumb\"},\"inLanguage\":\"de\",\"potentialAction\":[{\"@type\":\"ReadAction\",\"target\":[\"https:\/\/www.stormshield.com\/de\/unsere-unterstuetzung\/zusammen-mit-unseren-partnern\/\"]}]},{\"@type\":\"BreadcrumbList\",\"@id\":\"https:\/\/www.stormshield.com\/de\/unsere-unterstuetzung\/zusammen-mit-unseren-partnern\/#breadcrumb\",\"itemListElement\":[{\"@type\":\"ListItem\",\"position\":1,\"name\":\"Home\",\"item\":\"https:\/\/www.stormshield.com\/de\/\"},{\"@type\":\"ListItem\",\"position\":2,\"name\":\"Unsere Unterst\u00fctzung\",\"item\":\"https:\/\/www.stormshield.com\/de\/unsere-unterstuetzung\/\"},{\"@type\":\"ListItem\",\"position\":3,\"name\":\"Zusammen mit unseren Partnern\"}]},{\"@type\":\"WebSite\",\"@id\":\"https:\/\/www.stormshield.com\/de\/#website\",\"url\":\"https:\/\/www.stormshield.com\/de\/\",\"name\":\"Stormshield\",\"description\":\"Stormshield\",\"potentialAction\":[{\"@type\":\"SearchAction\",\"target\":{\"@type\":\"EntryPoint\",\"urlTemplate\":\"https:\/\/www.stormshield.com\/de\/?s={search_term_string}\"},\"query-input\":{\"@type\":\"PropertyValueSpecification\",\"valueRequired\":true,\"valueName\":\"search_term_string\"}}],\"inLanguage\":\"de\"}]}<\/script>\n<!-- \/ Yoast SEO plugin. -->","yoast_head_json":{"title":"Vertriebs- und Wiederverkaufspartner | Stormshield","description":"Ein weltweites Netz von Vertriebspartnern und Wiederverk\u00e4ufern, die die L\u00f6sungen von Stormshield in die Praxis umsetzen.","robots":{"index":"index","follow":"follow","max-snippet":"max-snippet:-1","max-image-preview":"max-image-preview:large","max-video-preview":"max-video-preview:-1"},"canonical":"https:\/\/www.stormshield.com\/de\/unsere-unterstuetzung\/zusammen-mit-unseren-partnern\/","og_locale":"de_DE","og_type":"article","og_title":"Vertriebs- und Wiederverkaufspartner | Stormshield","og_description":"Ein weltweites Netz von Vertriebspartnern und Wiederverk\u00e4ufern, die die L\u00f6sungen von Stormshield in die Praxis umsetzen.","og_url":"https:\/\/www.stormshield.com\/de\/unsere-unterstuetzung\/zusammen-mit-unseren-partnern\/","og_site_name":"Stormshield","article_modified_time":"2023-11-16T08:41:49+00:00","og_image":[{"width":204,"height":94,"url":"https:\/\/www.stormshield.com\/wp-content\/uploads\/stormshield_logo.png","type":"image\/png"}],"twitter_card":"summary_large_image","twitter_site":"@Stormshield","twitter_misc":{"Gesch\u00e4tzte Lesezeit":"2\u00a0Minuten"},"schema":{"@context":"https:\/\/schema.org","@graph":[{"@type":"WebPage","@id":"https:\/\/www.stormshield.com\/de\/unsere-unterstuetzung\/zusammen-mit-unseren-partnern\/","url":"https:\/\/www.stormshield.com\/de\/unsere-unterstuetzung\/zusammen-mit-unseren-partnern\/","name":"Vertriebs- und Wiederverkaufspartner | Stormshield","isPartOf":{"@id":"https:\/\/www.stormshield.com\/de\/#website"},"datePublished":"2021-09-23T07:23:37+00:00","dateModified":"2023-11-16T08:41:49+00:00","description":"Ein weltweites Netz von Vertriebspartnern und Wiederverk\u00e4ufern, die die L\u00f6sungen von Stormshield in die Praxis umsetzen.","breadcrumb":{"@id":"https:\/\/www.stormshield.com\/de\/unsere-unterstuetzung\/zusammen-mit-unseren-partnern\/#breadcrumb"},"inLanguage":"de","potentialAction":[{"@type":"ReadAction","target":["https:\/\/www.stormshield.com\/de\/unsere-unterstuetzung\/zusammen-mit-unseren-partnern\/"]}]},{"@type":"BreadcrumbList","@id":"https:\/\/www.stormshield.com\/de\/unsere-unterstuetzung\/zusammen-mit-unseren-partnern\/#breadcrumb","itemListElement":[{"@type":"ListItem","position":1,"name":"Home","item":"https:\/\/www.stormshield.com\/de\/"},{"@type":"ListItem","position":2,"name":"Unsere Unterst\u00fctzung","item":"https:\/\/www.stormshield.com\/de\/unsere-unterstuetzung\/"},{"@type":"ListItem","position":3,"name":"Zusammen mit unseren Partnern"}]},{"@type":"WebSite","@id":"https:\/\/www.stormshield.com\/de\/#website","url":"https:\/\/www.stormshield.com\/de\/","name":"Stormshield","description":"Stormshield","potentialAction":[{"@type":"SearchAction","target":{"@type":"EntryPoint","urlTemplate":"https:\/\/www.stormshield.com\/de\/?s={search_term_string}"},"query-input":{"@type":"PropertyValueSpecification","valueRequired":true,"valueName":"search_term_string"}}],"inLanguage":"de"}]}},"_links":{"self":[{"href":"https:\/\/www.stormshield.com\/de\/wp-json\/wp\/v2\/pages\/232724","targetHints":{"allow":["GET"]}}],"collection":[{"href":"https:\/\/www.stormshield.com\/de\/wp-json\/wp\/v2\/pages"}],"about":[{"href":"https:\/\/www.stormshield.com\/de\/wp-json\/wp\/v2\/types\/page"}],"author":[{"embeddable":true,"href":"https:\/\/www.stormshield.com\/de\/wp-json\/wp\/v2\/users\/31"}],"replies":[{"embeddable":true,"href":"https:\/\/www.stormshield.com\/de\/wp-json\/wp\/v2\/comments?post=232724"}],"version-history":[{"count":6,"href":"https:\/\/www.stormshield.com\/de\/wp-json\/wp\/v2\/pages\/232724\/revisions"}],"predecessor-version":[{"id":467357,"href":"https:\/\/www.stormshield.com\/de\/wp-json\/wp\/v2\/pages\/232724\/revisions\/467357"}],"up":[{"embeddable":true,"href":"https:\/\/www.stormshield.com\/de\/wp-json\/wp\/v2\/pages\/232720"}],"wp:attachment":[{"href":"https:\/\/www.stormshield.com\/de\/wp-json\/wp\/v2\/media?parent=232724"}],"curies":[{"name":"wp","href":"https:\/\/api.w.org\/{rel}","templated":true}]}}