{"id":232720,"date":"2021-09-23T08:25:37","date_gmt":"2021-09-23T07:25:37","guid":{"rendered":"https:\/\/www.stormshield.com\/unsere-unterstuetzung\/"},"modified":"2023-11-16T11:01:29","modified_gmt":"2023-11-16T10:01:29","slug":"unsere-unterstuetzung","status":"publish","type":"page","link":"https:\/\/www.stormshield.com\/de\/unsere-unterstuetzung\/","title":{"rendered":"Unsere Unterst\u00fctzung"},"content":{"rendered":"<div class=\"wpb-content-wrapper\"><p>[vc_row css_animation=\"\" row_type=\"row\" use_row_as_full_screen_section=\"no\" type=\"grid\" angled_section=\"no\" text_align=\"left\" background_image_as_pattern=\"without_pattern\" z_index=\"\" padding_top=\"50\" padding_bottom=\"50\"][vc_column][vc_empty_space][vc_column_text]<\/p>\n<h1 style=\"text-align: center;\"><span style=\"color: #00aaf5;\"><span style=\"font-weight: 900; font-size: 1.5em;\">Unterst\u00fctzung Stormshield, <\/span><\/span><span style=\"color: #00aaf5;\"><span style=\"font-weight: 300; font-size: 1.5em;\">von Unternehmen und Organisationen in Bezug auf Cybersicherheit<\/span><\/span><\/h1>\n<p>[\/vc_column_text][\/vc_column][\/vc_row][vc_row css_animation=\"\" row_type=\"row\" use_row_as_full_screen_section=\"no\" type=\"grid\" angled_section=\"no\" text_align=\"left\" background_image_as_pattern=\"without_pattern\" z_index=\"\" padding_bottom=\"50\" css=\".vc_custom_1697804221509{background-color: #ffffff !important;}\" padding_top=\"50\"][vc_column][vc_row_inner row_type=\"row\" type=\"full_width\" text_align=\"left\" css_animation=\"\" background_color=\"#f9f9f9\" css=\".vc_custom_1697805785032{padding-top: 32px !important;padding-right: 32px !important;padding-bottom: 32px !important;padding-left: 32px !important;}\"][vc_column_inner][vc_column_text]<\/p>\n<h2><span style=\"color: #000; font-size: 1.2em; font-weight: 900;\">Unser Netzwerk aus H\u00e4ndlern in Ihrer N\u00e4he<\/span><\/h2>\n<p><span style=\"color: #000; font-size: 1.1em;\">Stormshields Credo? Wir m\u00f6chten eine vertrauensvolle Beziehung zu unseren Partnern kn\u00fcpfen. Wir teilen die gleiche Philosophie: \u201e<em>Zusammenarbeit zum besseren Schutz von anspruchsvollen Umgebungen<\/em>\u201c.<\/span><\/p>\n<p><span style=\"color: #000; font-size: 1.1em;\">Um Ihnen ein h\u00f6chstm\u00f6gliches Ma\u00df an Cybersicherheit zu bieten, f\u00fchren wir enge Beziehungen zu unserem Vertriebs- und H\u00e4ndlernetzwerk, das Herz von Stormshield bildet. Unser Ziel ist es, Ihnen im richtigen Moment den richtigen Service zu bieten. Unsere Endkunden und Partner <strong>profitieren von vielen verschiedenen Services mit ein und demselben Ziel: Cybersicherheit.<\/strong><\/span>[\/vc_column_text][vc_empty_space]<a  itemprop=\"url\" href=\"https:\/\/www.stormshield.com\/de\/unsere-unterstuetzung\/zusammen-mit-unseren-partnern\/\" target=\"_blank\" data-hover-background-color=\"#d23467\" data-hover-border-color=\"#ffffff\" class=\"qbutton  white enlarge\" style=\"border-color: #ffffff; background-color:#060051;\">Partner<i class=\"qode_icon_font_awesome fa fa-angle-right qode_button_icon_element\"><\/i><\/a>[\/vc_column_inner][\/vc_row_inner][\/vc_column][\/vc_row][vc_row css_animation=\"\" row_type=\"row\" use_row_as_full_screen_section=\"no\" type=\"grid\" angled_section=\"no\" text_align=\"left\" background_image_as_pattern=\"without_pattern\" z_index=\"\" padding_bottom=\"50\"][vc_column width=\"2\/3\"][vc_empty_space][vc_column_text]<\/p>\n<h2><span style=\"color: #000; font-size: 1.2em; font-weight: 900;\">Services zur Schnellen Reaktion auf Kritische Situationen<\/span><\/h2>\n<p><span style=\"color: #000; font-size: 1.1em;\">Wir unterst\u00fctzen <strong>Sie mit einer Reihe von Services, die an Ihre Anforderungen angepasst sind, und reagieren bei komplexen Situationen,<\/strong> insbesondere durch Wartung, technischen Support und ein Professional-Services-Team, das Ihnen immer zur Seite steht.<\/span><\/p>\n<p><span style=\"color: #000; font-size: 1.1em;\">Wohlwissend um die Probleme und Anforderungen von Endkunden unterst\u00fctzen wir Sie auch bei der Erweiterung Ihrer Kompetenzen.<\/span>[\/vc_column_text][vc_empty_space]<a  itemprop=\"url\" href=\"https:\/\/www.stormshield.com\/de\/unsere-unterstuetzung\/services\/\" target=\"_blank\" data-hover-background-color=\"#d23467\" data-hover-border-color=\"#ffffff\" class=\"qbutton  white enlarge\" style=\"border-color: #ffffff; background-color:#060051;\">Services<i class=\"qode_icon_font_awesome fa fa-angle-right qode_button_icon_element\"><\/i><\/a>[\/vc_column][vc_column width=\"1\/3\" css=\".vc_custom_1697803119835{padding-top: 24px !important;padding-right: 24px !important;padding-bottom: 24px !important;padding-left: 24px !important;background-color: #060051 !important;}\"][vc_empty_space][vc_column_text]<span style=\"color: #ffffff; font-size: 1.1em;\">Auf unserer Website zur Produktsicherheit k\u00f6nnen Sie sich in Echtzeit \u00fcber den Schutz informieren, den unsere Produkte bieten. Eine kostenlose Website erm\u00f6glicht mehrere Sicherheitsaktionen: Sie k\u00f6nnen herausfinden, ob eine IP-Adresse in unseren IP-Reputationsdatenbanken enthalten ist, die bestehenden Schutzma\u00dfnahmen unserer Produkte abrufen oder auf die Liste der CVE (Bekannte Schwachstellen und Anf\u00e4lligkeiten) zugreifen, die von unserem SNVM-Modul f\u00fcr das Vulnerability Management entdeckt wurden. Und mit der Bedrohungs\u00fcbersicht bleiben Sie in Echtzeit \u00fcber den Stand der weltweiten Cyberbedrohung auf dem Laufenden.<\/span>[\/vc_column_text][vc_empty_space]<a  itemprop=\"url\" href=\"https:\/\/security.stormshield.eu\/\" target=\"_blank\" data-hover-background-color=\"#d23467\" data-hover-border-color=\"#ffffff\" class=\"qbutton  white enlarge\" style=\"border-color: #ffffff; background-color:#060051;\">Security Portal<i class=\"qode_icon_font_awesome fa fa-angle-right qode_button_icon_element\"><\/i><\/a>[vc_empty_space][\/vc_column][\/vc_row][vc_row css_animation=\"\" row_type=\"row\" use_row_as_full_screen_section=\"no\" type=\"grid\" angled_section=\"no\" text_align=\"left\" background_image_as_pattern=\"without_pattern\" z_index=\"\" padding_bottom=\"50\" css=\".vc_custom_1697804221509{background-color: #ffffff !important;}\" padding_top=\"50\"][vc_column][vc_row_inner row_type=\"row\" type=\"full_width\" text_align=\"left\" css_animation=\"\" css=\".vc_custom_1700123155302{padding-top: 32px !important;padding-right: 32px !important;padding-bottom: 32px !important;padding-left: 32px !important;}\"][vc_column_inner][vc_column_text]<\/p>\n<h2><span style=\"color: #000; font-size: 1.2em; font-weight: 900;\">Schulungen f\u00fcr Unsere Kunden und Partner<\/span><\/h2>\n<p><span style=\"color: #000; font-size: 1.1em;\">Unser nat\u00fcrliches Streben nach Zusammenarbeit und unsere engen Beziehungen zum Bildungssektor haben dazu gef\u00fchrt, dass wir uns in einem \u00e4u\u00dferst technischen Bereich f\u00fcr einen p\u00e4dagogischen und menschlichen Ansatz entschieden haben.<\/span><\/p>\n<p><span style=\"color: #000; font-size: 1.1em;\">Mit unseren Produktschulungen k\u00f6nnen <strong>Sie das Beste aus unseren innovativen End-to-End-Sicherheitsl\u00f6sungen<\/strong> herausholen und Netzwerke (Stormshield Network Security), Workstations (Stormshield Endpoint Security) sowie Daten (Stormshield Data Security) sch\u00fctzen.<\/span>[\/vc_column_text][vc_empty_space]<a  itemprop=\"url\" href=\"https:\/\/www.stormshield.com\/de\/unsere-unterstuetzung\/services\/schulung\/\" target=\"_blank\" data-hover-background-color=\"#d23467\" data-hover-border-color=\"#ffffff\" class=\"qbutton  white enlarge\" style=\"border-color: #ffffff; background-color:#060051;\">Schulungen<i class=\"qode_icon_font_awesome fa fa-angle-right qode_button_icon_element\"><\/i><\/a>[\/vc_column_inner][\/vc_row_inner][\/vc_column][\/vc_row][vc_row css_animation=\"\" row_type=\"row\" use_row_as_full_screen_section=\"no\" type=\"grid\" angled_section=\"no\" text_align=\"left\" background_image_as_pattern=\"without_pattern\" z_index=\"\" padding_bottom=\"50\" padding_top=\"50\"][vc_column][vc_row_inner row_type=\"row\" type=\"full_width\" text_align=\"left\" css_animation=\"\" background_color=\"#f9f9f9\" css=\".vc_custom_1697805785032{padding-top: 32px !important;padding-right: 32px !important;padding-bottom: 32px !important;padding-left: 32px !important;}\"][vc_column_inner width=\"2\/3\"][vc_column_text]<\/p>\n<h2><span style=\"color: #000; font-size: 1.2em; font-weight: 900;\">Bildungsinhalte zum Thema Cybersicherheit<\/span><\/h2>\n<p><span style=\"color: #000; font-size: 1.1em;\">Unser p\u00e4dagogischer Ansatz zeigt sich auch in Form einer Reihe von Inhalten, die wir regelm\u00e4\u00dfig mit Referenten aus der Welt der Cybersicherheit produzieren. Lesen Sie hier unsere Artikel \u00fcber Cybersicherheit und erweitern Sie Ihre Cyberkenntnisse mit Wissen rund um die Entschl\u00fcsselung.<\/span>[\/vc_column_text][vc_empty_space]<a  itemprop=\"url\" href=\"https:\/\/www.stormshield.com\/de\/news\/\" target=\"_blank\" data-hover-background-color=\"#d23467\" data-hover-border-color=\"#ffffff\" class=\"qbutton  white enlarge\" style=\"border-color: #ffffff; background-color:#060051;\">Aktuelles<i class=\"qode_icon_font_awesome fa fa-angle-right qode_button_icon_element\"><\/i><\/a>[vc_empty_space height=\"12px\"]<a  itemprop=\"url\" href=\"https:\/\/www.stormshield.com\/de\/dokumentation\/?_sft_rc_type=whitepaper-de\" target=\"_blank\" data-hover-background-color=\"#d23467\" data-hover-border-color=\"#ffffff\" class=\"qbutton  white enlarge\" style=\"border-color: #ffffff; background-color:#060051;\">Whitepaper<i class=\"qode_icon_font_awesome fa fa-angle-right qode_button_icon_element\"><\/i><\/a>[\/vc_column_inner][vc_column_inner width=\"1\/3\"][vc_single_image image=\"456505\" img_size=\"medium\" alignment=\"center\" qode_css_animation=\"\"][\/vc_column_inner][\/vc_row_inner][\/vc_column][\/vc_row][vc_row css_animation=\"\" row_type=\"row\" use_row_as_full_screen_section=\"no\" type=\"grid\" angled_section=\"no\" text_align=\"left\" background_image_as_pattern=\"without_pattern\" z_index=\"\" padding_bottom=\"50\" css=\".vc_custom_1697804221509{background-color: #ffffff !important;}\" padding_top=\"50\"][vc_column][vc_row_inner row_type=\"row\" type=\"full_width\" text_align=\"left\" css_animation=\"\" css=\".vc_custom_1700123155302{padding-top: 32px !important;padding-right: 32px !important;padding-bottom: 32px !important;padding-left: 32px !important;}\"][vc_column_inner][vc_column_text]<\/p>\n<h2><span style=\"color: #000; font-size: 1.2em; font-weight: 900;\">Stormshield-Dokumentation<\/span><\/h2>\n<p><span style=\"color: #000; font-size: 1.1em;\">Infografiken, Expertenmeinungen, White Papers, Kundenberichte, Videos und Webinare, aber auch Produktbl\u00e4tter und Brosch\u00fcren: Hier finden Sie unsere gesamte Marketingkommunikation.<\/span><\/p>\n<p><span style=\"color: #000; font-size: 1.1em;\">Techniker auf der Suche nach Bedienungsanleitungen, Installationsanweisungen und anderen Versionshinweisen finden die technische Dokumentation zu allen Stormshield-Produkten auf einer gesonderten Seite.<\/span>[\/vc_column_text][vc_empty_space]<a  itemprop=\"url\" href=\"https:\/\/www.stormshield.com\/de\/dokumentation\/\" target=\"_blank\" data-hover-background-color=\"#d23467\" data-hover-border-color=\"#ffffff\" class=\"qbutton  white enlarge\" style=\"border-color: #ffffff; background-color:#060051;\">Marketing-Dokumentation<i class=\"qode_icon_font_awesome fa fa-angle-right qode_button_icon_element\"><\/i><\/a>[vc_empty_space height=\"12px\"]<a  itemprop=\"url\" href=\"https:\/\/documentation.stormshield.eu\/\" target=\"_blank\" data-hover-background-color=\"#d23467\" data-hover-border-color=\"#ffffff\" class=\"qbutton  white enlarge\" style=\"border-color: #ffffff; background-color:#060051;\">Technische Dokumentation<i class=\"qode_icon_font_awesome fa fa-angle-right qode_button_icon_element\"><\/i><\/a>[\/vc_column_inner][\/vc_row_inner][\/vc_column][\/vc_row]<\/p>\n<\/div>","protected":false},"excerpt":{"rendered":"<p>[vc_row css_animation=&#8220;&#8220; row_type=&#8220;row&#8220; use_row_as_full_screen_section=&#8220;no&#8220; type=&#8220;grid&#8220; angled_section=&#8220;no&#8220; text_align=&#8220;left&#8220; background_image_as_pattern=&#8220;without_pattern&#8220; z_index=&#8220;&#8220; padding_top=&#8220;50&#8243; padding_bottom=&#8220;50&#8243;][vc_column][vc_empty_space][vc_column_text] Unterst\u00fctzung Stormshield, von Unternehmen und Organisationen in Bezug auf Cybersicherheit [\/vc_column_text][\/vc_column][\/vc_row][vc_row css_animation=&#8220;&#8220; row_type=&#8220;row&#8220; use_row_as_full_screen_section=&#8220;no&#8220; type=&#8220;grid&#8220; angled_section=&#8220;no&#8220; text_align=&#8220;left&#8220; background_image_as_pattern=&#8220;without_pattern&#8220; z_index=&#8220;&#8220; padding_bottom=&#8220;50&#8243; css=&#8220;.vc_custom_1697804221509{background-color: #ffffff !important;}&#8220; padding_top=&#8220;50&#8243;][vc_column][vc_row_inner row_type=&#8220;row&#8220; type=&#8220;full_width&#8220; text_align=&#8220;left&#8220; css_animation=&#8220;&#8220; background_color=&#8220;#f9f9f9&#8243; css=&#8220;.vc_custom_1697805785032{padding-top: 32px !important;padding-right: 32px !important;padding-bottom:&#8230;<\/p>\n","protected":false},"author":31,"featured_media":0,"parent":0,"menu_order":393,"comment_status":"closed","ping_status":"closed","template":"full_width.php","meta":{"_acf_changed":false,"footnotes":""},"class_list":["post-232720","page","type-page","status-publish","hentry"],"acf":[],"yoast_head":"<!-- This site is optimized with the Yoast SEO plugin v27.0 - https:\/\/yoast.com\/product\/yoast-seo-wordpress\/ -->\n<title>Unterst\u00fctzung im Bereich Cybersicherheit | Stormshield<\/title>\n<meta name=\"description\" content=\"Stormshield bietet Ihnen Unterst\u00fctzung in den Bereichen Vertrieb, Marketing und Technik. Mit einem einzigen Ziel: Ihnen das Beste in Sachen Cybersicherheit zu bieten.\" \/>\n<meta name=\"robots\" content=\"index, follow, max-snippet:-1, max-image-preview:large, max-video-preview:-1\" \/>\n<link rel=\"canonical\" href=\"https:\/\/www.stormshield.com\/de\/unsere-unterstuetzung\/\" \/>\n<meta property=\"og:locale\" content=\"de_DE\" \/>\n<meta property=\"og:type\" content=\"article\" \/>\n<meta property=\"og:title\" content=\"Unterst\u00fctzung im Bereich Cybersicherheit | Stormshield\" \/>\n<meta property=\"og:description\" content=\"Stormshield bietet Ihnen Unterst\u00fctzung in den Bereichen Vertrieb, Marketing und Technik. Mit einem einzigen Ziel: Ihnen das Beste in Sachen Cybersicherheit zu bieten.\" \/>\n<meta property=\"og:url\" content=\"https:\/\/www.stormshield.com\/de\/unsere-unterstuetzung\/\" \/>\n<meta property=\"og:site_name\" content=\"Stormshield\" \/>\n<meta property=\"article:modified_time\" content=\"2023-11-16T10:01:29+00:00\" \/>\n<meta property=\"og:image\" content=\"https:\/\/www.stormshield.com\/wp-content\/uploads\/stormshield_logo.png\" \/>\n\t<meta property=\"og:image:width\" content=\"204\" \/>\n\t<meta property=\"og:image:height\" content=\"94\" \/>\n\t<meta property=\"og:image:type\" content=\"image\/png\" \/>\n<meta name=\"twitter:card\" content=\"summary_large_image\" \/>\n<meta name=\"twitter:site\" content=\"@Stormshield\" \/>\n<meta name=\"twitter:label1\" content=\"Gesch\u00e4tzte Lesezeit\" \/>\n\t<meta name=\"twitter:data1\" content=\"3\u00a0Minuten\" \/>\n<script type=\"application\/ld+json\" class=\"yoast-schema-graph\">{\"@context\":\"https:\/\/schema.org\",\"@graph\":[{\"@type\":\"WebPage\",\"@id\":\"https:\/\/www.stormshield.com\/de\/unsere-unterstuetzung\/\",\"url\":\"https:\/\/www.stormshield.com\/de\/unsere-unterstuetzung\/\",\"name\":\"Unterst\u00fctzung im Bereich Cybersicherheit | Stormshield\",\"isPartOf\":{\"@id\":\"https:\/\/www.stormshield.com\/de\/#website\"},\"datePublished\":\"2021-09-23T07:25:37+00:00\",\"dateModified\":\"2023-11-16T10:01:29+00:00\",\"description\":\"Stormshield bietet Ihnen Unterst\u00fctzung in den Bereichen Vertrieb, Marketing und Technik. Mit einem einzigen Ziel: Ihnen das Beste in Sachen Cybersicherheit zu bieten.\",\"breadcrumb\":{\"@id\":\"https:\/\/www.stormshield.com\/de\/unsere-unterstuetzung\/#breadcrumb\"},\"inLanguage\":\"de\",\"potentialAction\":[{\"@type\":\"ReadAction\",\"target\":[\"https:\/\/www.stormshield.com\/de\/unsere-unterstuetzung\/\"]}]},{\"@type\":\"BreadcrumbList\",\"@id\":\"https:\/\/www.stormshield.com\/de\/unsere-unterstuetzung\/#breadcrumb\",\"itemListElement\":[{\"@type\":\"ListItem\",\"position\":1,\"name\":\"Home\",\"item\":\"https:\/\/www.stormshield.com\/de\/\"},{\"@type\":\"ListItem\",\"position\":2,\"name\":\"Unsere Unterst\u00fctzung\"}]},{\"@type\":\"WebSite\",\"@id\":\"https:\/\/www.stormshield.com\/de\/#website\",\"url\":\"https:\/\/www.stormshield.com\/de\/\",\"name\":\"Stormshield\",\"description\":\"Stormshield\",\"potentialAction\":[{\"@type\":\"SearchAction\",\"target\":{\"@type\":\"EntryPoint\",\"urlTemplate\":\"https:\/\/www.stormshield.com\/de\/?s={search_term_string}\"},\"query-input\":{\"@type\":\"PropertyValueSpecification\",\"valueRequired\":true,\"valueName\":\"search_term_string\"}}],\"inLanguage\":\"de\"}]}<\/script>\n<!-- \/ Yoast SEO plugin. -->","yoast_head_json":{"title":"Unterst\u00fctzung im Bereich Cybersicherheit | Stormshield","description":"Stormshield bietet Ihnen Unterst\u00fctzung in den Bereichen Vertrieb, Marketing und Technik. Mit einem einzigen Ziel: Ihnen das Beste in Sachen Cybersicherheit zu bieten.","robots":{"index":"index","follow":"follow","max-snippet":"max-snippet:-1","max-image-preview":"max-image-preview:large","max-video-preview":"max-video-preview:-1"},"canonical":"https:\/\/www.stormshield.com\/de\/unsere-unterstuetzung\/","og_locale":"de_DE","og_type":"article","og_title":"Unterst\u00fctzung im Bereich Cybersicherheit | Stormshield","og_description":"Stormshield bietet Ihnen Unterst\u00fctzung in den Bereichen Vertrieb, Marketing und Technik. Mit einem einzigen Ziel: Ihnen das Beste in Sachen Cybersicherheit zu bieten.","og_url":"https:\/\/www.stormshield.com\/de\/unsere-unterstuetzung\/","og_site_name":"Stormshield","article_modified_time":"2023-11-16T10:01:29+00:00","og_image":[{"width":204,"height":94,"url":"https:\/\/www.stormshield.com\/wp-content\/uploads\/stormshield_logo.png","type":"image\/png"}],"twitter_card":"summary_large_image","twitter_site":"@Stormshield","twitter_misc":{"Gesch\u00e4tzte Lesezeit":"3\u00a0Minuten"},"schema":{"@context":"https:\/\/schema.org","@graph":[{"@type":"WebPage","@id":"https:\/\/www.stormshield.com\/de\/unsere-unterstuetzung\/","url":"https:\/\/www.stormshield.com\/de\/unsere-unterstuetzung\/","name":"Unterst\u00fctzung im Bereich Cybersicherheit | Stormshield","isPartOf":{"@id":"https:\/\/www.stormshield.com\/de\/#website"},"datePublished":"2021-09-23T07:25:37+00:00","dateModified":"2023-11-16T10:01:29+00:00","description":"Stormshield bietet Ihnen Unterst\u00fctzung in den Bereichen Vertrieb, Marketing und Technik. Mit einem einzigen Ziel: Ihnen das Beste in Sachen Cybersicherheit zu bieten.","breadcrumb":{"@id":"https:\/\/www.stormshield.com\/de\/unsere-unterstuetzung\/#breadcrumb"},"inLanguage":"de","potentialAction":[{"@type":"ReadAction","target":["https:\/\/www.stormshield.com\/de\/unsere-unterstuetzung\/"]}]},{"@type":"BreadcrumbList","@id":"https:\/\/www.stormshield.com\/de\/unsere-unterstuetzung\/#breadcrumb","itemListElement":[{"@type":"ListItem","position":1,"name":"Home","item":"https:\/\/www.stormshield.com\/de\/"},{"@type":"ListItem","position":2,"name":"Unsere Unterst\u00fctzung"}]},{"@type":"WebSite","@id":"https:\/\/www.stormshield.com\/de\/#website","url":"https:\/\/www.stormshield.com\/de\/","name":"Stormshield","description":"Stormshield","potentialAction":[{"@type":"SearchAction","target":{"@type":"EntryPoint","urlTemplate":"https:\/\/www.stormshield.com\/de\/?s={search_term_string}"},"query-input":{"@type":"PropertyValueSpecification","valueRequired":true,"valueName":"search_term_string"}}],"inLanguage":"de"}]}},"_links":{"self":[{"href":"https:\/\/www.stormshield.com\/de\/wp-json\/wp\/v2\/pages\/232720","targetHints":{"allow":["GET"]}}],"collection":[{"href":"https:\/\/www.stormshield.com\/de\/wp-json\/wp\/v2\/pages"}],"about":[{"href":"https:\/\/www.stormshield.com\/de\/wp-json\/wp\/v2\/types\/page"}],"author":[{"embeddable":true,"href":"https:\/\/www.stormshield.com\/de\/wp-json\/wp\/v2\/users\/31"}],"replies":[{"embeddable":true,"href":"https:\/\/www.stormshield.com\/de\/wp-json\/wp\/v2\/comments?post=232720"}],"version-history":[{"count":12,"href":"https:\/\/www.stormshield.com\/de\/wp-json\/wp\/v2\/pages\/232720\/revisions"}],"predecessor-version":[{"id":467369,"href":"https:\/\/www.stormshield.com\/de\/wp-json\/wp\/v2\/pages\/232720\/revisions\/467369"}],"wp:attachment":[{"href":"https:\/\/www.stormshield.com\/de\/wp-json\/wp\/v2\/media?parent=232720"}],"curies":[{"name":"wp","href":"https:\/\/api.w.org\/{rel}","templated":true}]}}