{"id":232650,"date":"2021-09-20T14:56:41","date_gmt":"2021-09-20T13:56:41","guid":{"rendered":"https:\/\/www.stormshield.com\/produkte-und-services\/produkte\/industrielle-cybersicherheit-und-ot-schutz\/"},"modified":"2024-12-02T15:22:46","modified_gmt":"2024-12-02T14:22:46","slug":"industrielle-cybersicherheit-und-ot-schutz","status":"publish","type":"page","link":"https:\/\/www.stormshield.com\/de\/produkte-und-services\/produkte\/industrielle-cybersicherheit-und-ot-schutz\/","title":{"rendered":"Industrielle Cybersicherheit und OT-Schutz"},"content":{"rendered":"<div class=\"wpb-content-wrapper\"><p>[vc_row css_animation=\"\" row_type=\"row\" use_row_as_full_screen_section=\"no\" type=\"grid\" angled_section=\"no\" text_align=\"left\" background_image_as_pattern=\"without_pattern\" z_index=\"\" padding_top=\"50\" padding_bottom=\"50\"][vc_column][vc_column_text css=\"\"]<\/p>\n<h1 style=\"text-align: center;\"><span style=\"color: #00aaf5;\"><span style=\"font-weight: 900; font-size: 1.5em;\">Industrielle Cybersicherheit und OT-Schutz:<\/span><\/span><span style=\"color: #00aaf5;\"><span style=\"font-weight: 300; font-size: 1.5em;\"> eine globale Methode von Stormshield<\/span><\/span><\/h1>\n<p>[\/vc_column_text][\/vc_column][\/vc_row][vc_row css_animation=\"\" row_type=\"row\" use_row_as_full_screen_section=\"no\" type=\"grid\" angled_section=\"no\" text_align=\"left\" background_image_as_pattern=\"without_pattern\" z_index=\"\" padding_top=\"50\" padding_bottom=\"50\"][vc_column][vc_row_inner row_type=\"row\" type=\"full_width\" text_align=\"left\" css_animation=\"\"][vc_column_inner width=\"2\/3\"][vc_column_text css=\"\"]<span style=\"color: #000; font-size: 1.1em;\"><strong>Um Cyberbedrohungen f\u00fcr Unternehmensnetzwerke (OT) zu bek\u00e4mpfen, die mit dem Einsatz von Industrie 4.0 &amp; Industrie 5.0 (Cloud, Big Data, 5G, IoT) immer mehr zunehmen, empfiehlt Stormshield einen einheitlichen, umfassenden Ansatz.<\/strong> Das Ziel ist es, das ordnungsgem\u00e4\u00dfe Funktionieren der Netze und die Kontinuit\u00e4t der T\u00e4tigkeit aller Akteure zu gew\u00e4hrleisten: Energie, Verkehr, Industrie, Gesundheit und vieles mehr.<\/span>[\/vc_column_text][vc_empty_space][\/vc_column_inner][vc_column_inner width=\"1\/3\"][vc_single_image image=\"456870\" alignment=\"center\" css=\"\" qode_css_animation=\"\" qode_hover_animation=\"zoom_in\"][vc_empty_space][\/vc_column_inner][\/vc_row_inner][\/vc_column][\/vc_row][vc_row css_animation=\"\" row_type=\"row\" use_row_as_full_screen_section=\"no\" type=\"grid\" angled_section=\"no\" text_align=\"left\" background_image_as_pattern=\"without_pattern\" z_index=\"\" padding_bottom=\"50\" padding_top=\"50\"][vc_column][vc_row_inner row_type=\"row\" type=\"full_width\" text_align=\"left\" css_animation=\"\" css=\".vc_custom_1716896100163{padding-top: 32px !important;padding-right: 32px !important;padding-bottom: 32px !important;padding-left: 32px !important;background-color: #f9f9f9 !important;}\"][vc_column_inner width=\"1\/2\"][vc_column_text css=\"\"]<\/p>\n<h2><span style=\"color: #000; font-size: 1.2em; font-weight: 900;\">Wachsende Cyberbedrohungen f\u00fcr OT<\/span><\/h2>\n<p><span style=\"color: #000; font-size: 1.1em;\">Im Zuge der Digitalisierung und Automatisierung von Prozessen sind operative Netze (OT) zunehmend offen und mit dem Internet verbunden, was zu einer Konvergenz von IT- und OT-Infrastrukturen f\u00fchrt. <strong>Infolgedessen sind Unternehmen, die industrielle Systeme verwalten, erh\u00f6hten Risiken in Bezug auf industrielle Cybersicherheit ausgesetzt: Spionage, Sabotage, Datenmanipulation usw. Und ihre Angriffsfl\u00e4che w\u00e4chst mit einem hohen Risiko: dem v\u00f6lligen Stillstand ihrer Produktion. Dies warnt vor der Bedeutung des Schutzes kritischer Infrastrukturen.<\/strong><\/span><\/p>\n<p><span style=\"color: #000; font-size: 1.1em;\">Dies warnt vor der Bedeutung des Schutzes kritischer Infrastrukturen und einer wirksamen industriellen Cybersicherheit. <\/span>[\/vc_column_text][vc_empty_space][\/vc_column_inner][vc_column_inner width=\"1\/2\"][vc_empty_space][vc_single_image image=\"252898\" img_size=\"large\" alignment=\"center\" css=\"\" qode_css_animation=\"\" qode_hover_animation=\"zoom_in\"][vc_empty_space][\/vc_column_inner][\/vc_row_inner][\/vc_column][\/vc_row][vc_row css_animation=\"\" row_type=\"row\" use_row_as_full_screen_section=\"no\" type=\"grid\" angled_section=\"no\" text_align=\"left\" background_image_as_pattern=\"without_pattern\" z_index=\"\" padding_top=\"50\" padding_bottom=\"50\" css=\".vc_custom_1716896629849{background-color: #060051 !important;}\"][vc_column][vc_row_inner row_type=\"row\" type=\"full_width\" text_align=\"left\" css_animation=\"\"][vc_column_inner width=\"2\/3\"][vc_column_text css=\"\"]<\/p>\n<h2><span style=\"font-size: 1.2em; font-weight: 900; color: #ffffff;\">Erkennen sie die Bedrohungen und Sch\u00fctzen sie ihre Industriellen Aktivit\u00e4ten mit Stormshield<\/span><\/h2>\n<p><span style=\"font-size: 1.1em; color: #ffffff;\">Stormshield, ein engagierter Akteur f\u00fcr OT-Sicherheit. <strong>Vor diesem Hintergrund bietet Stormshield einen ganzheitlichen Ansatz zur Sicherung der gesamten operativen Kette, der die Verf\u00fcgbarkeit, Integrit\u00e4t und das ordnungsgem\u00e4\u00dfe Funktionieren von Gesch\u00e4ftsprozessen gew\u00e4hrleistet und die Gesch\u00e4ftskontinuit\u00e4t erm\u00f6glicht.<\/strong> Dieser Ansatz basiert auf einem Sicherheitsmix: Schutz des Netzes, der Workstations und Server, Interoperabilit\u00e4t, \u00dcberwachung und Netzverwaltung. Und er beruht auf einer einzigartigen Kombination aus Schutzl\u00f6sungen f\u00fcr IT- und OT-Umgebungen.<\/span>[\/vc_column_text][vc_empty_space]<a  itemprop=\"url\" href=\"https:\/\/www.stormshield.com\/wp-content\/uploads\/SNS-DE-Security-Solutions-for-Industrial-Brochure.pdf\" target=\"_blank\" data-hover-background-color=\"#00aeef\" data-hover-border-color=\"#00aeef\" class=\"qbutton  white enlarge\" style=\"border-color: #ffffff; background-color:#060051;\">Laden Sie die Stormshield-Brosch\u00fcre herunter<i class=\"qode_icon_font_awesome fa fa-download qode_button_icon_element\"><\/i><\/a>[vc_empty_space height=\"12px\"]<a  itemprop=\"url\" href=\"https:\/\/www.stormshield.com\/de\/produkte-und-services\/produkte\/industrielle-cybersicherheit-und-ot-schutz\/unsere-ot-branchenfunktionen\/\" target=\"_blank\" data-hover-background-color=\"#00aeef\" data-hover-border-color=\"#00aeef\" class=\"qbutton  white enlarge\" style=\"border-color: #ffffff; background-color:#060051;\">Entdecken Sie die Funktionen von Stormshield<i class=\"qode_icon_font_awesome fa fa-angle-right qode_button_icon_element\"><\/i><\/a>[vc_empty_space height=\"12px\"]<a  itemprop=\"url\" href=\"https:\/\/www.stormshield.com\/de\/produkte-und-services\/produkte\/industrielle-cybersicherheit-und-ot-schutz\/produktauswahl\/\" target=\"_blank\" data-hover-background-color=\"#00aeef\" data-hover-border-color=\"#00aeef\" class=\"qbutton  white enlarge\" style=\"border-color: #ffffff; background-color:#060051;\">Entdecken Sie die industriellen Firewalls von Stormshield<i class=\"qode_icon_font_awesome fa fa-angle-right qode_button_icon_element\"><\/i><\/a>[vc_empty_space][\/vc_column_inner][vc_column_inner width=\"1\/3\"][vc_single_image image=\"195465\" img_size=\"300x300\" alignment=\"center\" onclick=\"custom_link\" img_link_target=\"_blank\" css=\"\" qode_css_animation=\"\" qode_hover_animation=\"zoom_in\" link=\"https:\/\/www.stormshield.com\/de\/produkte-und-services\/produkte\/industrielle-cybersicherheit-und-ot-schutz\/produktauswahl\/\"][vc_single_image image=\"195495\" img_size=\"300x300\" alignment=\"center\" onclick=\"custom_link\" img_link_target=\"_blank\" css=\"\" qode_css_animation=\"\" qode_hover_animation=\"zoom_in\" link=\"https:\/\/www.stormshield.com\/de\/produkte-und-services\/produkte\/industrielle-cybersicherheit-und-ot-schutz\/produktauswahl\/\"][\/vc_column_inner][\/vc_row_inner][\/vc_column][\/vc_row][vc_row css_animation=\"\" row_type=\"row\" use_row_as_full_screen_section=\"no\" type=\"grid\" angled_section=\"no\" text_align=\"left\" background_image_as_pattern=\"without_pattern\" z_index=\"\" padding_bottom=\"50\" padding_top=\"50\"][vc_column][vc_row_inner row_type=\"row\" type=\"full_width\" text_align=\"left\" css_animation=\"\" css=\".vc_custom_1716896100163{padding-top: 32px !important;padding-right: 32px !important;padding-bottom: 32px !important;padding-left: 32px !important;background-color: #f9f9f9 !important;}\"][vc_column_inner width=\"2\/3\"][vc_column_text css=\"\"]<\/p>\n<h2><span style=\"color: #000; font-size: 1.2em; font-weight: 900;\">Machen Sie sich mit der Norm und der Zertifizierung nach IEC 62443 vertraut<\/span><\/h2>\n<p><span style=\"color: #000; font-size: 1.1em;\"><strong>Der Zertifizierungszweig IEC 62443-4 bescheinigt, dass ein Produkt (Hardware, Komponente oder System) den in Teil 62443-4 der Norm IEC 62443 beschriebenen Anforderungen entspricht.<\/strong> Dieser Zweig betrifft daher Produkte, die in industriellen Automatisierungs- und Steuerungssystemen eingesetzt und verwendet werden. Im Einzelnen legt Teil IEC 62443-4-1 der Norm die Anforderungen fest, um einen sicheren Entwicklungslebenszyklus zu gew\u00e4hrleisten. Das Hauptziel dieser Anforderungen besteht darin, einen Rahmen f\u00fcr die Anwendung eines tiefgreifenden Sicherheits- und Verteidigungskonzepts f\u00fcr die Entwicklung, den Bau, die Wartung und die Au\u00dferbetriebnahme von Produkten zu schaffen, die in industriellen Automatisierungs- und Steuerungssystemen verwendet werden.<\/span><\/p>\n<p><span style=\"color: #000; font-size: 1.1em;\"><strong>Die drei Produktreihen von Stormshield erf\u00fcllen die Sicherheitsregeln der grundlegenden Anforderungen des Standards.<\/strong> Sie unterst\u00fctzen industrielle Automatisierungs- und Kontrollsysteme bei der Einhaltung der IEC 62443, indem sie Peripherieschutz, Arbeitsplatzschutz und End-to-End-Datenschutz bieten. Erfahren Sie mehr in unserem Whitepaper zu diesem Thema.<\/span>[\/vc_column_text][vc_empty_space]<a  itemprop=\"url\" href=\"https:\/\/www.stormshield.com\/de\/ressourcescenter\/whitepaper-alles-ueber-die-norm-iec-62443-zur-verbesserung-des-schutzes-ihres-betriebssystems\/\" target=\"_blank\" data-hover-background-color=\"#00aeef\" data-hover-border-color=\"#00aeef\" class=\"qbutton  white enlarge\" style=\"border-color: #ffffff; background-color:#060051;\">Laden Sie unser Wei\u00dfbuch herunter<i class=\"qode_icon_font_awesome fa fa-download qode_button_icon_element\"><\/i><\/a>[vc_empty_space][\/vc_column_inner][vc_column_inner width=\"1\/3\"][vc_empty_space][vc_single_image image=\"592100\" img_size=\"large\" alignment=\"center\" onclick=\"custom_link\" img_link_target=\"_blank\" css=\"\" qode_css_animation=\"\" qode_hover_animation=\"zoom_in\" link=\"https:\/\/www.stormshield.com\/de\/ressourcescenter\/whitepaper-alles-ueber-die-norm-iec-62443-zur-verbesserung-des-schutzes-ihres-betriebssystems\/\"][vc_empty_space][\/vc_column_inner][\/vc_row_inner][\/vc_column][\/vc_row][vc_row css_animation=\"\" row_type=\"row\" use_row_as_full_screen_section=\"no\" type=\"grid\" angled_section=\"no\" text_align=\"left\" background_image_as_pattern=\"without_pattern\" z_index=\"\" padding_top=\"50\" padding_bottom=\"50\"][vc_column][vc_row_inner row_type=\"row\" type=\"full_width\" text_align=\"left\" css_animation=\"\"][vc_column_inner width=\"1\/2\"][vc_column_text css=\"\"]<\/p>\n<h2><span style=\"color: #000; font-size: 1.2em; font-weight: 900;\">Ein \u00d6kosystem von Technologiepartnern<\/span><\/h2>\n<p><span style=\"color: #000; font-size: 1.1em;\">Bei der Bek\u00e4mpfung von Cyberbedrohungen setzen wir auf Austausch und Zusammenarbeit. Deshalb arbeiten wir mit zahlreichen franz\u00f6sischen und internationalen Industrieunternehmen (Nozomi Networks, Schneider Electric, Seclab, Siemens und Yokogawa) zusammen, <strong>mit denen wir vertrauensvolle Partnerschaften eingegangen sind, um die Industrie von morgen zu sch\u00fctzen.<\/strong><\/span>[\/vc_column_text][vc_empty_space]<a  itemprop=\"url\" href=\"https:\/\/www.stormshield.com\/de\/ueber-uns\/das-oekosystem-der-technologie-partner-von-stormshield\/\" target=\"_blank\" data-hover-background-color=\"#00aeef\" data-hover-border-color=\"#00aeef\" class=\"qbutton  white enlarge\" style=\"border-color: #ffffff; background-color:#060051;\">Entdecken sie unser \u00f6kosystem<i class=\"qode_icon_font_awesome fa fa-angle-right qode_button_icon_element\"><\/i><\/a>[vc_empty_space][\/vc_column_inner][vc_column_inner width=\"1\/2\"][vc_empty_space][vc_video link=\"https:\/\/youtu.be\/l6mod0aHe38\" align=\"center\"][\/vc_column_inner][\/vc_row_inner][\/vc_column][\/vc_row]<\/p>\n<\/div>","protected":false},"excerpt":{"rendered":"<p>[vc_row css_animation=&#8220;&#8220; row_type=&#8220;row&#8220; use_row_as_full_screen_section=&#8220;no&#8220; type=&#8220;grid&#8220; angled_section=&#8220;no&#8220; text_align=&#8220;left&#8220; background_image_as_pattern=&#8220;without_pattern&#8220; z_index=&#8220;&#8220; padding_top=&#8220;50&#8243; padding_bottom=&#8220;50&#8243;][vc_column][vc_column_text css=&#8220;&#8220;] Industrielle Cybersicherheit und OT-Schutz: eine globale Methode von Stormshield [\/vc_column_text][\/vc_column][\/vc_row][vc_row css_animation=&#8220;&#8220; row_type=&#8220;row&#8220; use_row_as_full_screen_section=&#8220;no&#8220; type=&#8220;grid&#8220; angled_section=&#8220;no&#8220; text_align=&#8220;left&#8220; background_image_as_pattern=&#8220;without_pattern&#8220; z_index=&#8220;&#8220; padding_top=&#8220;50&#8243; padding_bottom=&#8220;50&#8243;][vc_column][vc_row_inner row_type=&#8220;row&#8220; type=&#8220;full_width&#8220; text_align=&#8220;left&#8220; css_animation=&#8220;&#8220;][vc_column_inner width=&#8220;2\/3&#8243;][vc_column_text css=&#8220;&#8220;]Um Cyberbedrohungen f\u00fcr Unternehmensnetzwerke (OT) zu bek\u00e4mpfen, die&#8230;<\/p>\n","protected":false},"author":31,"featured_media":0,"parent":22202,"menu_order":278,"comment_status":"closed","ping_status":"closed","template":"full_width.php","meta":{"_acf_changed":false,"footnotes":""},"class_list":["post-232650","page","type-page","status-publish","hentry"],"acf":[],"yoast_head":"<!-- This site is optimized with the Yoast SEO plugin v27.3 - https:\/\/yoast.com\/product\/yoast-seo-wordpress\/ -->\n<title>Industrielle Cybersicherheit und OT-Schutz - Stormshield<\/title>\n<meta name=\"robots\" content=\"index, follow, max-snippet:-1, max-image-preview:large, max-video-preview:-1\" \/>\n<link rel=\"canonical\" href=\"https:\/\/www.stormshield.com\/de\/produkte-und-services\/produkte\/industrielle-cybersicherheit-und-ot-schutz\/\" \/>\n<meta property=\"og:locale\" content=\"de_DE\" \/>\n<meta property=\"og:type\" content=\"article\" \/>\n<meta property=\"og:title\" content=\"Industrielle Cybersicherheit und OT-Schutz - Stormshield\" \/>\n<meta property=\"og:description\" content=\"[vc_row css_animation=&quot;&quot; row_type=&quot;row&quot; use_row_as_full_screen_section=&quot;no&quot; type=&quot;grid&quot; angled_section=&quot;no&quot; text_align=&quot;left&quot; background_image_as_pattern=&quot;without_pattern&quot; z_index=&quot;&quot; padding_top=&quot;50&quot; padding_bottom=&quot;50&quot;][vc_column][vc_column_text css=&quot;&quot;] Industrielle Cybersicherheit und OT-Schutz: eine globale Methode von Stormshield [\/vc_column_text][\/vc_column][\/vc_row][vc_row css_animation=&quot;&quot; row_type=&quot;row&quot; use_row_as_full_screen_section=&quot;no&quot; type=&quot;grid&quot; angled_section=&quot;no&quot; text_align=&quot;left&quot; background_image_as_pattern=&quot;without_pattern&quot; z_index=&quot;&quot; padding_top=&quot;50&quot; padding_bottom=&quot;50&quot;][vc_column][vc_row_inner row_type=&quot;row&quot; type=&quot;full_width&quot; text_align=&quot;left&quot; css_animation=&quot;&quot;][vc_column_inner width=&quot;2\/3&quot;][vc_column_text css=&quot;&quot;]Um Cyberbedrohungen f\u00fcr Unternehmensnetzwerke (OT) zu bek\u00e4mpfen, die...\" \/>\n<meta property=\"og:url\" content=\"https:\/\/www.stormshield.com\/de\/produkte-und-services\/produkte\/industrielle-cybersicherheit-und-ot-schutz\/\" \/>\n<meta property=\"og:site_name\" content=\"Stormshield\" \/>\n<meta property=\"article:modified_time\" content=\"2024-12-02T14:22:46+00:00\" \/>\n<meta property=\"og:image\" content=\"https:\/\/www.stormshield.com\/wp-content\/uploads\/stormshield_logo.png\" \/>\n\t<meta property=\"og:image:width\" content=\"204\" \/>\n\t<meta property=\"og:image:height\" content=\"94\" \/>\n\t<meta property=\"og:image:type\" content=\"image\/png\" \/>\n<meta name=\"twitter:card\" content=\"summary_large_image\" \/>\n<meta name=\"twitter:site\" content=\"@Stormshield\" \/>\n<meta name=\"twitter:label1\" content=\"Gesch\u00e4tzte Lesezeit\" \/>\n\t<meta name=\"twitter:data1\" content=\"4\u00a0Minuten\" \/>\n<script type=\"application\/ld+json\" class=\"yoast-schema-graph\">{\"@context\":\"https:\\\/\\\/schema.org\",\"@graph\":[{\"@type\":\"WebPage\",\"@id\":\"https:\\\/\\\/www.stormshield.com\\\/de\\\/produkte-und-services\\\/produkte\\\/industrielle-cybersicherheit-und-ot-schutz\\\/\",\"url\":\"https:\\\/\\\/www.stormshield.com\\\/de\\\/produkte-und-services\\\/produkte\\\/industrielle-cybersicherheit-und-ot-schutz\\\/\",\"name\":\"Industrielle Cybersicherheit und OT-Schutz - Stormshield\",\"isPartOf\":{\"@id\":\"https:\\\/\\\/www.stormshield.com\\\/de\\\/#website\"},\"datePublished\":\"2021-09-20T13:56:41+00:00\",\"dateModified\":\"2024-12-02T14:22:46+00:00\",\"breadcrumb\":{\"@id\":\"https:\\\/\\\/www.stormshield.com\\\/de\\\/produkte-und-services\\\/produkte\\\/industrielle-cybersicherheit-und-ot-schutz\\\/#breadcrumb\"},\"inLanguage\":\"de\",\"potentialAction\":[{\"@type\":\"ReadAction\",\"target\":[\"https:\\\/\\\/www.stormshield.com\\\/de\\\/produkte-und-services\\\/produkte\\\/industrielle-cybersicherheit-und-ot-schutz\\\/\"]}]},{\"@type\":\"BreadcrumbList\",\"@id\":\"https:\\\/\\\/www.stormshield.com\\\/de\\\/produkte-und-services\\\/produkte\\\/industrielle-cybersicherheit-und-ot-schutz\\\/#breadcrumb\",\"itemListElement\":[{\"@type\":\"ListItem\",\"position\":1,\"name\":\"Home\",\"item\":\"https:\\\/\\\/www.stormshield.com\\\/de\\\/\"},{\"@type\":\"ListItem\",\"position\":2,\"name\":\"Produkte &amp; Solutions\",\"item\":\"https:\\\/\\\/www.stormshield.com\\\/de\\\/produkte-und-services\\\/\"},{\"@type\":\"ListItem\",\"position\":3,\"name\":\"Produkte\",\"item\":\"https:\\\/\\\/www.stormshield.com\\\/de\\\/produkte-und-services\\\/produkte\\\/\"},{\"@type\":\"ListItem\",\"position\":4,\"name\":\"Industrielle Cybersicherheit und OT-Schutz\"}]},{\"@type\":\"WebSite\",\"@id\":\"https:\\\/\\\/www.stormshield.com\\\/de\\\/#website\",\"url\":\"https:\\\/\\\/www.stormshield.com\\\/de\\\/\",\"name\":\"Stormshield\",\"description\":\"Stormshield\",\"potentialAction\":[{\"@type\":\"SearchAction\",\"target\":{\"@type\":\"EntryPoint\",\"urlTemplate\":\"https:\\\/\\\/www.stormshield.com\\\/de\\\/?s={search_term_string}\"},\"query-input\":{\"@type\":\"PropertyValueSpecification\",\"valueRequired\":true,\"valueName\":\"search_term_string\"}}],\"inLanguage\":\"de\"}]}<\/script>\n<!-- \/ Yoast SEO plugin. -->","yoast_head_json":{"title":"Industrielle Cybersicherheit und OT-Schutz - Stormshield","robots":{"index":"index","follow":"follow","max-snippet":"max-snippet:-1","max-image-preview":"max-image-preview:large","max-video-preview":"max-video-preview:-1"},"canonical":"https:\/\/www.stormshield.com\/de\/produkte-und-services\/produkte\/industrielle-cybersicherheit-und-ot-schutz\/","og_locale":"de_DE","og_type":"article","og_title":"Industrielle Cybersicherheit und OT-Schutz - Stormshield","og_description":"[vc_row css_animation=\"\" row_type=\"row\" use_row_as_full_screen_section=\"no\" type=\"grid\" angled_section=\"no\" text_align=\"left\" background_image_as_pattern=\"without_pattern\" z_index=\"\" padding_top=\"50\" padding_bottom=\"50\"][vc_column][vc_column_text css=\"\"] Industrielle Cybersicherheit und OT-Schutz: eine globale Methode von Stormshield [\/vc_column_text][\/vc_column][\/vc_row][vc_row css_animation=\"\" row_type=\"row\" use_row_as_full_screen_section=\"no\" type=\"grid\" angled_section=\"no\" text_align=\"left\" background_image_as_pattern=\"without_pattern\" z_index=\"\" padding_top=\"50\" padding_bottom=\"50\"][vc_column][vc_row_inner row_type=\"row\" type=\"full_width\" text_align=\"left\" css_animation=\"\"][vc_column_inner width=\"2\/3\"][vc_column_text css=\"\"]Um Cyberbedrohungen f\u00fcr Unternehmensnetzwerke (OT) zu bek\u00e4mpfen, die...","og_url":"https:\/\/www.stormshield.com\/de\/produkte-und-services\/produkte\/industrielle-cybersicherheit-und-ot-schutz\/","og_site_name":"Stormshield","article_modified_time":"2024-12-02T14:22:46+00:00","og_image":[{"width":204,"height":94,"url":"https:\/\/www.stormshield.com\/wp-content\/uploads\/stormshield_logo.png","type":"image\/png"}],"twitter_card":"summary_large_image","twitter_site":"@Stormshield","twitter_misc":{"Gesch\u00e4tzte Lesezeit":"4\u00a0Minuten"},"schema":{"@context":"https:\/\/schema.org","@graph":[{"@type":"WebPage","@id":"https:\/\/www.stormshield.com\/de\/produkte-und-services\/produkte\/industrielle-cybersicherheit-und-ot-schutz\/","url":"https:\/\/www.stormshield.com\/de\/produkte-und-services\/produkte\/industrielle-cybersicherheit-und-ot-schutz\/","name":"Industrielle Cybersicherheit und OT-Schutz - Stormshield","isPartOf":{"@id":"https:\/\/www.stormshield.com\/de\/#website"},"datePublished":"2021-09-20T13:56:41+00:00","dateModified":"2024-12-02T14:22:46+00:00","breadcrumb":{"@id":"https:\/\/www.stormshield.com\/de\/produkte-und-services\/produkte\/industrielle-cybersicherheit-und-ot-schutz\/#breadcrumb"},"inLanguage":"de","potentialAction":[{"@type":"ReadAction","target":["https:\/\/www.stormshield.com\/de\/produkte-und-services\/produkte\/industrielle-cybersicherheit-und-ot-schutz\/"]}]},{"@type":"BreadcrumbList","@id":"https:\/\/www.stormshield.com\/de\/produkte-und-services\/produkte\/industrielle-cybersicherheit-und-ot-schutz\/#breadcrumb","itemListElement":[{"@type":"ListItem","position":1,"name":"Home","item":"https:\/\/www.stormshield.com\/de\/"},{"@type":"ListItem","position":2,"name":"Produkte &amp; Solutions","item":"https:\/\/www.stormshield.com\/de\/produkte-und-services\/"},{"@type":"ListItem","position":3,"name":"Produkte","item":"https:\/\/www.stormshield.com\/de\/produkte-und-services\/produkte\/"},{"@type":"ListItem","position":4,"name":"Industrielle Cybersicherheit und OT-Schutz"}]},{"@type":"WebSite","@id":"https:\/\/www.stormshield.com\/de\/#website","url":"https:\/\/www.stormshield.com\/de\/","name":"Stormshield","description":"Stormshield","potentialAction":[{"@type":"SearchAction","target":{"@type":"EntryPoint","urlTemplate":"https:\/\/www.stormshield.com\/de\/?s={search_term_string}"},"query-input":{"@type":"PropertyValueSpecification","valueRequired":true,"valueName":"search_term_string"}}],"inLanguage":"de"}]}},"_links":{"self":[{"href":"https:\/\/www.stormshield.com\/de\/wp-json\/wp\/v2\/pages\/232650","targetHints":{"allow":["GET"]}}],"collection":[{"href":"https:\/\/www.stormshield.com\/de\/wp-json\/wp\/v2\/pages"}],"about":[{"href":"https:\/\/www.stormshield.com\/de\/wp-json\/wp\/v2\/types\/page"}],"author":[{"embeddable":true,"href":"https:\/\/www.stormshield.com\/de\/wp-json\/wp\/v2\/users\/31"}],"replies":[{"embeddable":true,"href":"https:\/\/www.stormshield.com\/de\/wp-json\/wp\/v2\/comments?post=232650"}],"version-history":[{"count":21,"href":"https:\/\/www.stormshield.com\/de\/wp-json\/wp\/v2\/pages\/232650\/revisions"}],"predecessor-version":[{"id":592147,"href":"https:\/\/www.stormshield.com\/de\/wp-json\/wp\/v2\/pages\/232650\/revisions\/592147"}],"up":[{"embeddable":true,"href":"https:\/\/www.stormshield.com\/de\/wp-json\/wp\/v2\/pages\/22202"}],"wp:attachment":[{"href":"https:\/\/www.stormshield.com\/de\/wp-json\/wp\/v2\/media?parent=232650"}],"curies":[{"name":"wp","href":"https:\/\/api.w.org\/{rel}","templated":true}]}}