{"id":232499,"date":"2021-09-20T13:05:33","date_gmt":"2021-09-20T12:05:33","guid":{"rendered":"https:\/\/www.stormshield.com\/schutz-von-workstations-und-servern\/schutz-fuer-server\/"},"modified":"2024-02-08T17:17:10","modified_gmt":"2024-02-08T16:17:10","slug":"schutz-fuer-server","status":"publish","type":"page","link":"https:\/\/www.stormshield.com\/de\/produkte-und-services\/produkte\/schutz-von-workstations-und-servern\/schutz-fuer-server\/","title":{"rendered":"Schutz f\u00fcr Server"},"content":{"rendered":"<div class=\"wpb-content-wrapper\"><p>[vc_row css_animation=\"\" row_type=\"row\" use_row_as_full_screen_section=\"no\" type=\"grid\" angled_section=\"no\" text_align=\"left\" background_image_as_pattern=\"without_pattern\" z_index=\"\" padding_top=\"50\" padding_bottom=\"50\"][vc_column][vc_column_text]<\/p>\n<h1 style=\"text-align: center;\"><span style=\"color: #00aaf5;\"><span style=\"font-weight: 300; font-size: 1.5em;\">Endger\u00e4te und Cyberrisiken:<\/span><\/span><span style=\"color: #00aaf5;\"><span style=\"font-weight: 900; font-size: 1.5em;\"> serverschutz f\u00fcr Ihr Unternehmen<\/span><\/span><\/h1>\n<p>[\/vc_column_text][\/vc_column][\/vc_row][vc_row css_animation=\"\" row_type=\"row\" use_row_as_full_screen_section=\"no\" type=\"grid\" angled_section=\"no\" text_align=\"left\" background_image_as_pattern=\"without_pattern\" z_index=\"\"][vc_column][vc_empty_space][vc_column_text]<span style=\"color: #000; font-size: 1.1em;\"><strong>Server bilden das Herzst\u00fcck des IT-Systems Ihres Unternehmens. Um die Integrit\u00e4t von zirkulierenden Daten zu gew\u00e4hrleisten sowie einen optimalen und unterbrechungsfreien Betrieb der Server zu garantieren, ist ein ma\u00dfgeschneiderter Schutz erforderlich.<\/strong><\/span>[\/vc_column_text][vc_empty_space][\/vc_column][\/vc_row][vc_row css_animation=\"\" row_type=\"row\" use_row_as_full_screen_section=\"no\" type=\"grid\" angled_section=\"no\" text_align=\"left\" background_image_as_pattern=\"without_pattern\" z_index=\"\" padding_bottom=\"50\" padding_top=\"50\"][vc_column][vc_row_inner row_type=\"row\" type=\"full_width\" text_align=\"left\" css_animation=\"\"][vc_column_inner width=\"2\/3\" css=\".vc_custom_1707301100379{padding-right: 32px !important;}\"][vc_column_text]<\/p>\n<h2><span style=\"color: #000; font-size: 1.2em; font-weight: 900;\">Why protect your IT servers?<\/span><\/h2>\n<p><span style=\"color: #000; font-size: 1.1em;\"><strong>Alle lebenswichtigen Funktionen in Ihrem Unternehmen k\u00f6nnten ohne Ihre IT-Server nicht ausgef\u00fchrt werden.<\/strong><\/span><\/p>\n<p><span style=\"color: #000; font-size: 1.1em;\">Sie \u00fcbernehmen zahlreiche Aufgaben, die f\u00fcr Ihr Unternehmen und Ihre IT-Flotte unerl\u00e4sslich sind: Sie sorgen daf\u00fcr, dass die verschiedenen Workstations in Ihrem Unternehmen als Netzwerk funktionieren, sich mit Ihrem E-Mail-Dienst und mit gehosteter Software verbinden und auf Ihre Daten zugreifen und sie speichern k\u00f6nnen. Zudem verwalten sie auch die Authentifizierung und die Kontrolle des Zugriffs auf Ihr internes Netzwerk.<\/span>[\/vc_column_text][\/vc_column_inner][vc_column_inner width=\"1\/3\" css=\".vc_custom_1707300913998{padding-top: 32px !important;padding-right: 32px !important;padding-bottom: 32px !important;padding-left: 32px !important;background-color: #060051 !important;}\"][vc_column_text]<span style=\"font-size: 1.1em; color: #ffffff;\"><strong>Und gerade weil sie die Voraussetzung f\u00fcr den reibungslosen Betrieb Ihres Unternehmens bilden, sind Server ein bevorzugtes Ziel f\u00fcr Cyberkriminelle.<\/strong> Cyberangriffe mit verschiedenen Formen von Malware k\u00f6nnen Ihr Unternehmen deshalb vielen Risiken aussetzen. Dies kann schlicht und einfach dazu f\u00fchren, dass Ihr Unternehmen seine Gesch\u00e4ftst\u00e4tigkeit einstellen muss. Oder weniger brutal, aber ebenso schmerzlich, kann dies zum Verlust, zur eingeschr\u00e4nkten Verf\u00fcgbarkeit oder zum Diebstahl Ihrer Daten f\u00fchren. Ganz zu schweigen von Industriespionage oder der Sperrung des Zugangs zu bestimmten Diensten f\u00fcr Ihre Kunden\u2026<\/span>[\/vc_column_text][\/vc_column_inner][\/vc_row_inner][\/vc_column][\/vc_row][vc_row row_type=\"parallax\" parallax_content_width=\"in_grid\" text_align=\"left\" full_screen_section_height=\"yes\" vertically_align_content_in_middle=\"yes\" background_image=\"224708\"][vc_column][vc_row_inner row_type=\"row\" type=\"full_width\" text_align=\"left\" css_animation=\"\"][vc_column_inner width=\"3\/5\"][\/vc_column_inner][vc_column_inner width=\"2\/5\"][vc_column_text]<\/p>\n<h2><span style=\"color: #000; font-size: 1.2em; font-weight: 900;\">Stormshield Endpoint Security, <strong>Robuste und Proaktive Produkte f\u00fcr den Schutz Ihrer Server<\/strong><\/span><\/h2>\n<p><span style=\"color: #000; font-size: 1.1em;\"><strong>Durch Stormshield Endpoint Security (SES) profitieren Sie von der bestm\u00f6glichen Sicherheit f\u00fcr Ihre Server.<\/strong> Mit Stormshield Endpoint Security Evolution erhalten Sie eine L\u00f6sung, die st\u00e4ndig aktive Schutz- (EPP) und Erkennungsfunktionen (EDR) miteinander kombiniert, um nach potenziellen Bedrohungen zu suchen und diese so schnell wie m\u00f6glich abzuwehren. Und als Reaktion auf die zunehmenden Bedrohungen f\u00fcr Sicherheitsl\u00f6sungen selbst wird die Robustheit der L\u00f6sung durch einen einzigartigen Selbstschutz- und Selbstreparaturmechanismus verbessert.<\/span>[\/vc_column_text][vc_empty_space]<a  itemprop=\"url\" href=\"https:\/\/www.stormshield.com\/de\/produkte-und-services\/produkte\/schutz-von-workstations-und-servern\/stormshield-endpoint-security\/\" target=\"_self\" data-hover-background-color=\"#00aeef\" data-hover-border-color=\"#00aeef\" class=\"qbutton  white enlarge\" style=\"border-color: #ffffff; background-color:#060051;\">SES-Reihe<i class=\"qode_icon_font_awesome fa fa-angle-right qode_button_icon_element\"><\/i><\/a>[\/vc_column_inner][\/vc_row_inner][\/vc_column][\/vc_row][vc_row css_animation=\"\" row_type=\"row\" use_row_as_full_screen_section=\"no\" type=\"grid\" angled_section=\"no\" text_align=\"left\" background_image_as_pattern=\"without_pattern\" z_index=\"\" padding_top=\"50\" padding_bottom=\"50\"][vc_column][vc_row_inner row_type=\"row\" type=\"grid\" text_align=\"left\" css_animation=\"\" css=\".vc_custom_1707301249345{padding-top: 32px !important;padding-right: 32px !important;padding-bottom: 32px !important;padding-left: 32px !important;background-color: #f9f9f9 !important;}\"][vc_column_inner width=\"2\/3\"][vc_column_text]<span style=\"color: #000; font-size: 1.1em;\">M\u00f6chten Sie mehr \u00fcber die wichtigsten Ma\u00dfnahmen erfahren, die Sie zum Schutz Ihrer Server ergreifen k\u00f6nnen? <strong>Wenden Sie sich direkt an unsere Vertriebs- und Beratungsteams, um mehr \u00fcber bew\u00e4hrte Verfahren und geeignete L\u00f6sungen f\u00fcr Ihr Unternehmen zu erfahren.<\/strong><\/span>[\/vc_column_text][vc_empty_space]<a  itemprop=\"url\" href=\"https:\/\/www.stormshield.com\/de\/kontakt\/anfrage-an-den-vertrieb\/\" target=\"_self\" data-hover-background-color=\"#00aeef\" data-hover-border-color=\"#00aeef\" class=\"qbutton  white enlarge\" style=\"border-color: #ffffff; background-color:#060051;\">Kontakt<i class=\"qode_icon_font_awesome fa fa-angle-right qode_button_icon_element\"><\/i><\/a>[vc_empty_space][\/vc_column_inner][vc_column_inner width=\"1\/3\"][vc_single_image image=\"456270\" alignment=\"center\" qode_css_animation=\"\"][\/vc_column_inner][\/vc_row_inner][\/vc_column][\/vc_row]<\/p>\n<\/div>","protected":false},"excerpt":{"rendered":"<p>[vc_row css_animation=&#8220;&#8220; row_type=&#8220;row&#8220; use_row_as_full_screen_section=&#8220;no&#8220; type=&#8220;grid&#8220; angled_section=&#8220;no&#8220; text_align=&#8220;left&#8220; background_image_as_pattern=&#8220;without_pattern&#8220; z_index=&#8220;&#8220; padding_top=&#8220;50&#8243; padding_bottom=&#8220;50&#8243;][vc_column][vc_column_text] Endger\u00e4te und Cyberrisiken: serverschutz f\u00fcr Ihr Unternehmen [\/vc_column_text][\/vc_column][\/vc_row][vc_row css_animation=&#8220;&#8220; row_type=&#8220;row&#8220; use_row_as_full_screen_section=&#8220;no&#8220; type=&#8220;grid&#8220; angled_section=&#8220;no&#8220; text_align=&#8220;left&#8220; background_image_as_pattern=&#8220;without_pattern&#8220; z_index=&#8220;&#8220;][vc_column][vc_empty_space][vc_column_text]Server bilden das Herzst\u00fcck des IT-Systems Ihres Unternehmens. Um die Integrit\u00e4t von zirkulierenden Daten zu gew\u00e4hrleisten sowie einen optimalen&#8230;<\/p>\n","protected":false},"author":31,"featured_media":0,"parent":232489,"menu_order":163,"comment_status":"closed","ping_status":"closed","template":"full_width.php","meta":{"_acf_changed":false,"footnotes":""},"class_list":["post-232499","page","type-page","status-publish","hentry"],"acf":[],"yoast_head":"<!-- This site is optimized with the Yoast SEO plugin v27.0 - https:\/\/yoast.com\/product\/yoast-seo-wordpress\/ -->\n<title>Cybersicherheit und Unternehmensserver | Stormshield<\/title>\n<meta name=\"description\" content=\"Um die Integrit\u00e4t der Daten, die \u00fcber die Server Ihres Unternehmens laufen, zu gew\u00e4hrleisten, w\u00e4hlen Sie den richtigen Schutz aus den Stormshield-Dienstleistungen.\" \/>\n<meta name=\"robots\" content=\"index, follow, max-snippet:-1, max-image-preview:large, max-video-preview:-1\" \/>\n<link rel=\"canonical\" href=\"https:\/\/www.stormshield.com\/de\/produkte-und-services\/produkte\/schutz-von-workstations-und-servern\/schutz-fuer-server\/\" \/>\n<meta property=\"og:locale\" content=\"de_DE\" \/>\n<meta property=\"og:type\" content=\"article\" \/>\n<meta property=\"og:title\" content=\"Cybersicherheit und Unternehmensserver | Stormshield\" \/>\n<meta property=\"og:description\" content=\"Um die Integrit\u00e4t der Daten, die \u00fcber die Server Ihres Unternehmens laufen, zu gew\u00e4hrleisten, w\u00e4hlen Sie den richtigen Schutz aus den Stormshield-Dienstleistungen.\" \/>\n<meta property=\"og:url\" content=\"https:\/\/www.stormshield.com\/de\/produkte-und-services\/produkte\/schutz-von-workstations-und-servern\/schutz-fuer-server\/\" \/>\n<meta property=\"og:site_name\" content=\"Stormshield\" \/>\n<meta property=\"article:modified_time\" content=\"2024-02-08T16:17:10+00:00\" \/>\n<meta property=\"og:image\" content=\"https:\/\/www.stormshield.com\/wp-content\/uploads\/stormshield_logo.png\" \/>\n\t<meta property=\"og:image:width\" content=\"204\" \/>\n\t<meta property=\"og:image:height\" content=\"94\" \/>\n\t<meta property=\"og:image:type\" content=\"image\/png\" \/>\n<meta name=\"twitter:card\" content=\"summary_large_image\" \/>\n<meta name=\"twitter:site\" content=\"@Stormshield\" \/>\n<meta name=\"twitter:label1\" content=\"Gesch\u00e4tzte Lesezeit\" \/>\n\t<meta name=\"twitter:data1\" content=\"3\u00a0Minuten\" \/>\n<script type=\"application\/ld+json\" class=\"yoast-schema-graph\">{\"@context\":\"https:\/\/schema.org\",\"@graph\":[{\"@type\":\"WebPage\",\"@id\":\"https:\/\/www.stormshield.com\/de\/produkte-und-services\/produkte\/schutz-von-workstations-und-servern\/schutz-fuer-server\/\",\"url\":\"https:\/\/www.stormshield.com\/de\/produkte-und-services\/produkte\/schutz-von-workstations-und-servern\/schutz-fuer-server\/\",\"name\":\"Cybersicherheit und Unternehmensserver | Stormshield\",\"isPartOf\":{\"@id\":\"https:\/\/www.stormshield.com\/de\/#website\"},\"datePublished\":\"2021-09-20T12:05:33+00:00\",\"dateModified\":\"2024-02-08T16:17:10+00:00\",\"description\":\"Um die Integrit\u00e4t der Daten, die \u00fcber die Server Ihres Unternehmens laufen, zu gew\u00e4hrleisten, w\u00e4hlen Sie den richtigen Schutz aus den Stormshield-Dienstleistungen.\",\"breadcrumb\":{\"@id\":\"https:\/\/www.stormshield.com\/de\/produkte-und-services\/produkte\/schutz-von-workstations-und-servern\/schutz-fuer-server\/#breadcrumb\"},\"inLanguage\":\"de\",\"potentialAction\":[{\"@type\":\"ReadAction\",\"target\":[\"https:\/\/www.stormshield.com\/de\/produkte-und-services\/produkte\/schutz-von-workstations-und-servern\/schutz-fuer-server\/\"]}]},{\"@type\":\"BreadcrumbList\",\"@id\":\"https:\/\/www.stormshield.com\/de\/produkte-und-services\/produkte\/schutz-von-workstations-und-servern\/schutz-fuer-server\/#breadcrumb\",\"itemListElement\":[{\"@type\":\"ListItem\",\"position\":1,\"name\":\"Home\",\"item\":\"https:\/\/www.stormshield.com\/de\/\"},{\"@type\":\"ListItem\",\"position\":2,\"name\":\"Produkte &amp; Solutions\",\"item\":\"https:\/\/www.stormshield.com\/de\/produkte-und-services\/\"},{\"@type\":\"ListItem\",\"position\":3,\"name\":\"Produkte\",\"item\":\"https:\/\/www.stormshield.com\/de\/produkte-und-services\/produkte\/\"},{\"@type\":\"ListItem\",\"position\":4,\"name\":\"Schutz von Workstations und Servern\",\"item\":\"https:\/\/www.stormshield.com\/de\/produkte-und-services\/produkte\/schutz-von-workstations-und-servern\/\"},{\"@type\":\"ListItem\",\"position\":5,\"name\":\"Schutz f\u00fcr Server\"}]},{\"@type\":\"WebSite\",\"@id\":\"https:\/\/www.stormshield.com\/de\/#website\",\"url\":\"https:\/\/www.stormshield.com\/de\/\",\"name\":\"Stormshield\",\"description\":\"Stormshield\",\"potentialAction\":[{\"@type\":\"SearchAction\",\"target\":{\"@type\":\"EntryPoint\",\"urlTemplate\":\"https:\/\/www.stormshield.com\/de\/?s={search_term_string}\"},\"query-input\":{\"@type\":\"PropertyValueSpecification\",\"valueRequired\":true,\"valueName\":\"search_term_string\"}}],\"inLanguage\":\"de\"}]}<\/script>\n<!-- \/ Yoast SEO plugin. -->","yoast_head_json":{"title":"Cybersicherheit und Unternehmensserver | Stormshield","description":"Um die Integrit\u00e4t der Daten, die \u00fcber die Server Ihres Unternehmens laufen, zu gew\u00e4hrleisten, w\u00e4hlen Sie den richtigen Schutz aus den Stormshield-Dienstleistungen.","robots":{"index":"index","follow":"follow","max-snippet":"max-snippet:-1","max-image-preview":"max-image-preview:large","max-video-preview":"max-video-preview:-1"},"canonical":"https:\/\/www.stormshield.com\/de\/produkte-und-services\/produkte\/schutz-von-workstations-und-servern\/schutz-fuer-server\/","og_locale":"de_DE","og_type":"article","og_title":"Cybersicherheit und Unternehmensserver | Stormshield","og_description":"Um die Integrit\u00e4t der Daten, die \u00fcber die Server Ihres Unternehmens laufen, zu gew\u00e4hrleisten, w\u00e4hlen Sie den richtigen Schutz aus den Stormshield-Dienstleistungen.","og_url":"https:\/\/www.stormshield.com\/de\/produkte-und-services\/produkte\/schutz-von-workstations-und-servern\/schutz-fuer-server\/","og_site_name":"Stormshield","article_modified_time":"2024-02-08T16:17:10+00:00","og_image":[{"width":204,"height":94,"url":"https:\/\/www.stormshield.com\/wp-content\/uploads\/stormshield_logo.png","type":"image\/png"}],"twitter_card":"summary_large_image","twitter_site":"@Stormshield","twitter_misc":{"Gesch\u00e4tzte Lesezeit":"3\u00a0Minuten"},"schema":{"@context":"https:\/\/schema.org","@graph":[{"@type":"WebPage","@id":"https:\/\/www.stormshield.com\/de\/produkte-und-services\/produkte\/schutz-von-workstations-und-servern\/schutz-fuer-server\/","url":"https:\/\/www.stormshield.com\/de\/produkte-und-services\/produkte\/schutz-von-workstations-und-servern\/schutz-fuer-server\/","name":"Cybersicherheit und Unternehmensserver | Stormshield","isPartOf":{"@id":"https:\/\/www.stormshield.com\/de\/#website"},"datePublished":"2021-09-20T12:05:33+00:00","dateModified":"2024-02-08T16:17:10+00:00","description":"Um die Integrit\u00e4t der Daten, die \u00fcber die Server Ihres Unternehmens laufen, zu gew\u00e4hrleisten, w\u00e4hlen Sie den richtigen Schutz aus den Stormshield-Dienstleistungen.","breadcrumb":{"@id":"https:\/\/www.stormshield.com\/de\/produkte-und-services\/produkte\/schutz-von-workstations-und-servern\/schutz-fuer-server\/#breadcrumb"},"inLanguage":"de","potentialAction":[{"@type":"ReadAction","target":["https:\/\/www.stormshield.com\/de\/produkte-und-services\/produkte\/schutz-von-workstations-und-servern\/schutz-fuer-server\/"]}]},{"@type":"BreadcrumbList","@id":"https:\/\/www.stormshield.com\/de\/produkte-und-services\/produkte\/schutz-von-workstations-und-servern\/schutz-fuer-server\/#breadcrumb","itemListElement":[{"@type":"ListItem","position":1,"name":"Home","item":"https:\/\/www.stormshield.com\/de\/"},{"@type":"ListItem","position":2,"name":"Produkte &amp; Solutions","item":"https:\/\/www.stormshield.com\/de\/produkte-und-services\/"},{"@type":"ListItem","position":3,"name":"Produkte","item":"https:\/\/www.stormshield.com\/de\/produkte-und-services\/produkte\/"},{"@type":"ListItem","position":4,"name":"Schutz von Workstations und Servern","item":"https:\/\/www.stormshield.com\/de\/produkte-und-services\/produkte\/schutz-von-workstations-und-servern\/"},{"@type":"ListItem","position":5,"name":"Schutz f\u00fcr Server"}]},{"@type":"WebSite","@id":"https:\/\/www.stormshield.com\/de\/#website","url":"https:\/\/www.stormshield.com\/de\/","name":"Stormshield","description":"Stormshield","potentialAction":[{"@type":"SearchAction","target":{"@type":"EntryPoint","urlTemplate":"https:\/\/www.stormshield.com\/de\/?s={search_term_string}"},"query-input":{"@type":"PropertyValueSpecification","valueRequired":true,"valueName":"search_term_string"}}],"inLanguage":"de"}]}},"_links":{"self":[{"href":"https:\/\/www.stormshield.com\/de\/wp-json\/wp\/v2\/pages\/232499","targetHints":{"allow":["GET"]}}],"collection":[{"href":"https:\/\/www.stormshield.com\/de\/wp-json\/wp\/v2\/pages"}],"about":[{"href":"https:\/\/www.stormshield.com\/de\/wp-json\/wp\/v2\/types\/page"}],"author":[{"embeddable":true,"href":"https:\/\/www.stormshield.com\/de\/wp-json\/wp\/v2\/users\/31"}],"replies":[{"embeddable":true,"href":"https:\/\/www.stormshield.com\/de\/wp-json\/wp\/v2\/comments?post=232499"}],"version-history":[{"count":9,"href":"https:\/\/www.stormshield.com\/de\/wp-json\/wp\/v2\/pages\/232499\/revisions"}],"predecessor-version":[{"id":493299,"href":"https:\/\/www.stormshield.com\/de\/wp-json\/wp\/v2\/pages\/232499\/revisions\/493299"}],"up":[{"embeddable":true,"href":"https:\/\/www.stormshield.com\/de\/wp-json\/wp\/v2\/pages\/232489"}],"wp:attachment":[{"href":"https:\/\/www.stormshield.com\/de\/wp-json\/wp\/v2\/media?parent=232499"}],"curies":[{"name":"wp","href":"https:\/\/api.w.org\/{rel}","templated":true}]}}