{"id":232494,"date":"2021-09-20T13:05:50","date_gmt":"2021-09-20T12:05:50","guid":{"rendered":"https:\/\/www.stormshield.com\/schutz-von-workstations-und-servern\/endgeraeteschutz\/"},"modified":"2024-02-08T17:09:49","modified_gmt":"2024-02-08T16:09:49","slug":"endgeraeteschutz","status":"publish","type":"page","link":"https:\/\/www.stormshield.com\/de\/produkte-und-services\/produkte\/schutz-von-workstations-und-servern\/endgeraeteschutz\/","title":{"rendered":"Endger\u00e4teschutz"},"content":{"rendered":"<div class=\"wpb-content-wrapper\"><p>[vc_row css_animation=\"\" row_type=\"row\" use_row_as_full_screen_section=\"no\" type=\"grid\" angled_section=\"no\" text_align=\"left\" background_image_as_pattern=\"without_pattern\" z_index=\"\" padding_top=\"50\" padding_bottom=\"50\"][vc_column][vc_column_text]<\/p>\n<h1 style=\"text-align: center;\"><span style=\"color: #00aaf5;\"><span style=\"font-weight: 300; font-size: 1.5em;\">Endger\u00e4te und Cyberrisiken: <\/span><\/span><span style=\"color: #00aaf5;\"><span style=\"font-weight: 900; font-size: 1.5em;\">Schutz von Workstations in Ihrem Unternehmen<\/span><\/span><\/h1>\n<p>[\/vc_column_text][\/vc_column][\/vc_row][vc_row css_animation=\"\" row_type=\"row\" use_row_as_full_screen_section=\"no\" type=\"grid\" angled_section=\"no\" text_align=\"left\" background_image_as_pattern=\"without_pattern\" z_index=\"\"][vc_column][vc_empty_space][vc_column_text]<span style=\"color: #000; font-size: 1.1em;\"><strong>Menschliches Versagen und neue Arbeitsweisen \u2013 insbesondere im Zusammenhang mit Telearbeit und Mobilit\u00e4t \u2013 werden im Zusammenhang mit Cybersicherheit h\u00e4ufig genannt. Die Sicherheit Ihrer Workstations wird zu einem wichtigen und heiklen Thema, da sie die Computerhygiene aller Mitarbeiter Ihres Unternehmens betrifft.<\/strong><\/span>[\/vc_column_text][vc_empty_space][\/vc_column][\/vc_row][vc_row css_animation=\"\" row_type=\"row\" use_row_as_full_screen_section=\"no\" type=\"grid\" angled_section=\"no\" text_align=\"left\" background_image_as_pattern=\"without_pattern\" z_index=\"\" padding_bottom=\"50\"][vc_column][vc_row_inner row_type=\"row\" type=\"full_width\" text_align=\"left\" css_animation=\"\"][vc_column_inner width=\"2\/3\"][vc_column_text]<\/p>\n<h2><span style=\"color: #000; font-size: 1.2em; font-weight: 900;\">Zwischen Bildschrim und Standort: die Schwachstelle Ihrer IT-Sicherheit?<\/span><\/h2>\n<p><span style=\"color: #000; font-size: 1.1em;\">Alle Mitarbeiter, die unbesorgt an ihren Workstations arbeiten, k\u00f6nnen durch ihre Handlungen eine Infektion verursachen oder Ihre Daten gef\u00e4hrden. Wie? Zum Beispiel durch einen einfachen Klick auf einen manipulierten Link in einer E-Mail (<em>Phishing<\/em>). Eine Unachtsamkeit, ein Mangel an Aufmerksamkeit oder ein vorschneller Klick bilden ein gro\u00dfes Einfallstor zu Ihrem System.<\/span><\/p>\n<p><span style=\"color: #000; font-size: 1.1em;\">Alle Arten von Cyberangriffen (<em>Spear-Phishing<\/em> oder <em>Water Holing<\/em>\u2026) erfolgen auf dieselbe Weise: <strong>Mitarbeiter werden in eine Falle gelockt und dazu gebracht, eine Ma\u00dfnahme zu ergreifen, die zur Installation von Schadsoftware auf ihren Workstations f\u00fchrt und Cyberkriminellen Zugang zu Ihrem Netzwerk verschafft.<\/strong><\/span>[\/vc_column_text][\/vc_column_inner][vc_column_inner width=\"1\/3\"][vc_empty_space][vc_single_image image=\"456755\" img_size=\"medium\" qode_css_animation=\"\"][\/vc_column_inner][\/vc_row_inner][\/vc_column][\/vc_row][vc_row css_animation=\"\" row_type=\"row\" use_row_as_full_screen_section=\"no\" type=\"grid\" angled_section=\"no\" text_align=\"left\" background_image_as_pattern=\"without_pattern\" z_index=\"\" padding_top=\"50\" padding_bottom=\"50\"][vc_column][vc_row_inner row_type=\"row\" type=\"full_width\" text_align=\"left\" css_animation=\"\" css=\".vc_custom_1707235657947{padding-top: 32px !important;padding-right: 32px !important;padding-left: 32px !important;background-color: #f9f9f9 !important;}\"][vc_column_inner][vc_column_text]<\/p>\n<h2><span style=\"color: #000; font-size: 1.2em; font-weight: 900;\">Wechseldatentr\u00e4ger und Mobile Mitarbeiter als Weitere Gefahrenquellen<\/span><\/h2>\n<p><span style=\"color: #000; font-size: 1.1em;\">Auch wenn das Internet nach wie vor den wichtigsten Vektor f\u00fcr IT-Bedrohungen darstellt, m\u00fcssen Sie Ihr Netzwerk auch vor der Gefahr der Infiltration oder Infektion durch Malware sch\u00fctzen, die von Wechseldatentr\u00e4gern ausgeht. Dazu z\u00e4hlen USB-Sticks oder externe Festplatten sowie die mobilen Workstations Ihrer Mitarbeiter oder Ihre externen Dienstleister. Ohne die grundlegenden Regeln einer guten IT-Hygiene vervielfachen mobile Mitarbeiter das Infektionsrisiko f\u00fcr ihre Ger\u00e4te.<\/span>[\/vc_column_text][\/vc_column_inner][\/vc_row_inner][vc_row_inner row_type=\"row\" type=\"grid\" text_align=\"left\" css_animation=\"\" css=\".vc_custom_1707235610517{padding-top: 32px !important;padding-right: 32px !important;padding-bottom: 32px !important;padding-left: 32px !important;background-color: #f9f9f9 !important;}\"][vc_column_inner width=\"1\/2\" css=\".vc_custom_1707235448090{padding-top: 32px !important;padding-right: 32px !important;padding-bottom: 32px !important;padding-left: 32px !important;}\"][vc_single_image image=\"456300\" qode_css_animation=\"\"][vc_column_text]<\/p>\n<h3><span style=\"color: #000; font-size: 1.1em; font-weight: 900;\">Wechseldatentr\u00e4ger: Vorsicht vor Kaskadierender Malware<\/span><\/h3>\n<p><span style=\"color: #000; font-size: 1.1em;\">Wechseldatentr\u00e4ger sind im Wesentlichen so konzipiert, dass sie installiert und dann je nach Anforderungen der Benutzer zum Datenaustausch an verschiedene Workstations angeschlossen, getrennt und erneut angeschlossen werden k\u00f6nnen. <strong>Dabei k\u00f6nnen sie potenziell Malware auf verschiedene Ger\u00e4te \u00fcbertragen, die ihrerseits mit dem Unternehmensnetzwerk verbunden sind und als Vektoren f\u00fcr eine Kontamination dienen.<\/strong><\/span>[\/vc_column_text][\/vc_column_inner][vc_column_inner width=\"1\/2\" css=\".vc_custom_1707235524367{padding-top: 32px !important;padding-right: 32px !important;padding-bottom: 32px !important;padding-left: 32px !important;}\"][vc_single_image image=\"456355\" qode_css_animation=\"\"][vc_column_text]<\/p>\n<h3><span style=\"color: #000; font-size: 1.1em; font-weight: 900;\">Mobile Mitarbeiter: Schwankende Sicherheitsniveaus<\/span><\/h3>\n<p><span style=\"color: #000; font-size: 1.1em;\">Im Rahmen ihrer Aufgaben m\u00fcssen mobile Mitarbeiter mit ihrem Laptop, Tablet oder Mobiltelefon an verschiedenen Orten mit unterschiedlichen Sicherheitsniveaus arbeiten. Dies ist vor allem dann der Fall, wenn sie den Internetzugang eines Kunden (das m\u00f6glicherweise mit anderen Einrichtungen gemeinsam genutzt wird), ihren privaten Internetzugang oder offene WLAN-Netze (z.B. in einer Cafeteria oder im Hotel) nutzen.<\/span><\/p>\n<p><span style=\"color: #000; font-size: 1.1em;\">Ihre Verbindung kann dann abgefangen werden, so dass ihre Daten gestohlen oder ihr Computer mit Malware infiziert werden kann. In letzterem Fall besteht die Gefahr, <strong>dass Mitarbeiter Malware auf das Computernetz des Unternehmens \u00fcbertragen, wenn sie sich wieder mit dem infizierten Computer verbinden.<\/strong><\/span>[\/vc_column_text][\/vc_column_inner][\/vc_row_inner][\/vc_column][\/vc_row][vc_row row_type=\"parallax\" parallax_content_width=\"in_grid\" text_align=\"left\" full_screen_section_height=\"yes\" vertically_align_content_in_middle=\"yes\" background_image=\"224708\"][vc_column][vc_row_inner row_type=\"row\" type=\"full_width\" text_align=\"left\" css_animation=\"\"][vc_column_inner width=\"3\/5\"][\/vc_column_inner][vc_column_inner width=\"2\/5\"][vc_column_text]<\/p>\n<h2><span style=\"color: #000; font-size: 1.2em; font-weight: 900;\">Stormshield Endpoint Security, <strong>eine Dynamische und Zuverl\u00e4ssige L\u00f6sung f\u00fcr Ihre Workstations<\/strong><\/span><\/h2>\n<p><span style=\"color: #000; font-size: 1.1em;\"><strong>Um diese Probleme zu l\u00f6sen, haben unsere Teams die Stormshield Endpoint Security (SES)-Produktfamilie entwickelt.<\/strong> Mit diesem unabh\u00e4ngigen Schutz k\u00f6nnen Sie Sicherheitsma\u00dfnahmen je nach Umgebung dynamisch anpassen. Gleichzeitig kann der Zugang zu Anwendungen und Unternehmensressourcen je nach Standort der Workstation analysiert werden.<\/span>[\/vc_column_text][vc_empty_space]<a  itemprop=\"url\" href=\"https:\/\/www.stormshield.com\/de\/produkte-und-services\/produkte\/schutz-von-workstations-und-servern\/stormshield-endpoint-security\/\" target=\"_self\" data-hover-background-color=\"#00aeef\" data-hover-border-color=\"#00aeef\" class=\"qbutton  white enlarge\" style=\"border-color: #ffffff; background-color:#060051;\">SES-Reihe<i class=\"qode_icon_font_awesome fa fa-angle-right qode_button_icon_element\"><\/i><\/a>[vc_empty_space][\/vc_column_inner][\/vc_row_inner][\/vc_column][\/vc_row][vc_row css_animation=\"\" row_type=\"row\" use_row_as_full_screen_section=\"no\" type=\"grid\" angled_section=\"no\" text_align=\"left\" background_image_as_pattern=\"without_pattern\" z_index=\"\" padding_top=\"50\" padding_bottom=\"50\"][vc_column][vc_row_inner row_type=\"row\" type=\"grid\" text_align=\"left\" css_animation=\"\" css=\".vc_custom_1707235755442{padding-top: 32px !important;padding-right: 32px !important;padding-bottom: 32px !important;padding-left: 32px !important;background-color: #060051 !important;}\"][vc_column_inner css=\".vc_custom_1707235851945{padding-right: 32px !important;}\"][vc_column_text]<span style=\"color: #ffffff; font-size: 1.1em;\"><strong>Haben Sie nicht auch Zweifel an der letzten E-Mail, die Sie erhalten haben? Vor allem gegen\u00fcber dem Anhang, der ihr beigef\u00fcgt war? Wenden Sie sich an das Breach Fighter Portal,<\/strong> ein frei zug\u00e4ngliches Suchwerkzeug, das m\u00f6gliches b\u00f6sartiges Verhalten in den Dateien, die Sie erhalten, aufsp\u00fcrt.<\/span><\/p>\n<p><span style=\"color: #ffffff; font-size: 1.1em;\">Dieser Malware-Erkennungsdienst ist ein integraler Bestandteil unserer Sandboxing-L\u00f6sung Breach Fighter. Eine L\u00f6sung, die auf der Verhaltensanalyse aus unserem Produkt Stormshield Endpoint Security Evolution und der Forschung unseres Cyber Threat Intelligence-Teams basiert. So kann Breach Fighter b\u00f6sartiges Verhalten in E-Mails mit Anh\u00e4ngen und in Dateien vom Typ Microsoft Office, PDF, JAR- und Java-Dateien, Skripts (Powershell, Jscript...), ausf\u00fchrbaren Windows-Dateien oder Archiven (ZIP, RAR, 7zip...) analysieren und erkennen.<\/span>[\/vc_column_text][vc_empty_space]<a  itemprop=\"url\" href=\"https:\/\/breachfighter.stormshieldcs.eu\/\" target=\"_blank\" data-hover-background-color=\"#00aeef\" data-hover-border-color=\"#00aeef\" class=\"qbutton  white enlarge\" style=\"border-color: #ffffff; background-color:#060051;\">Zugang zum Portal<i class=\"qode_icon_font_awesome fa fa-angle-right qode_button_icon_element\"><\/i><\/a>[vc_empty_space][\/vc_column_inner][\/vc_row_inner][\/vc_column][\/vc_row]<\/p>\n<\/div>","protected":false},"excerpt":{"rendered":"<p>[vc_row css_animation=&#8220;&#8220; row_type=&#8220;row&#8220; use_row_as_full_screen_section=&#8220;no&#8220; type=&#8220;grid&#8220; angled_section=&#8220;no&#8220; text_align=&#8220;left&#8220; background_image_as_pattern=&#8220;without_pattern&#8220; z_index=&#8220;&#8220; padding_top=&#8220;50&#8243; padding_bottom=&#8220;50&#8243;][vc_column][vc_column_text] Endger\u00e4te und Cyberrisiken: Schutz von Workstations in Ihrem Unternehmen [\/vc_column_text][\/vc_column][\/vc_row][vc_row css_animation=&#8220;&#8220; row_type=&#8220;row&#8220; use_row_as_full_screen_section=&#8220;no&#8220; type=&#8220;grid&#8220; angled_section=&#8220;no&#8220; text_align=&#8220;left&#8220; background_image_as_pattern=&#8220;without_pattern&#8220; z_index=&#8220;&#8220;][vc_column][vc_empty_space][vc_column_text]Menschliches Versagen und neue Arbeitsweisen \u2013 insbesondere im Zusammenhang mit Telearbeit und Mobilit\u00e4t \u2013 werden im Zusammenhang&#8230;<\/p>\n","protected":false},"author":31,"featured_media":0,"parent":232489,"menu_order":103,"comment_status":"closed","ping_status":"closed","template":"full_width.php","meta":{"_acf_changed":false,"footnotes":""},"class_list":["post-232494","page","type-page","status-publish","hentry"],"acf":[],"yoast_head":"<!-- This site is optimized with the Yoast SEO plugin v27.3 - https:\/\/yoast.com\/product\/yoast-seo-wordpress\/ -->\n<title>Endpoint protection : Desktops &amp; Cybersecurity | Stormshield<\/title>\n<meta name=\"description\" content=\"Die Sicherheit von Desktops wirkt sich auf die IT-Gesundheit Ihres Unternehmens aus: Verhindern Sie Sicherheitsprobleme &amp; vertrauen Sie auf Stormshield-L\u00f6sungen.\" \/>\n<meta name=\"robots\" content=\"index, follow, max-snippet:-1, max-image-preview:large, max-video-preview:-1\" \/>\n<link rel=\"canonical\" href=\"https:\/\/www.stormshield.com\/de\/produkte-und-services\/produkte\/schutz-von-workstations-und-servern\/endgeraeteschutz\/\" \/>\n<meta property=\"og:locale\" content=\"de_DE\" \/>\n<meta property=\"og:type\" content=\"article\" \/>\n<meta property=\"og:title\" content=\"Endpoint protection : Desktops &amp; Cybersecurity | Stormshield\" \/>\n<meta property=\"og:description\" content=\"Die Sicherheit von Desktops wirkt sich auf die IT-Gesundheit Ihres Unternehmens aus: Verhindern Sie Sicherheitsprobleme &amp; vertrauen Sie auf Stormshield-L\u00f6sungen.\" \/>\n<meta property=\"og:url\" content=\"https:\/\/www.stormshield.com\/de\/produkte-und-services\/produkte\/schutz-von-workstations-und-servern\/endgeraeteschutz\/\" \/>\n<meta property=\"og:site_name\" content=\"Stormshield\" \/>\n<meta property=\"article:modified_time\" content=\"2024-02-08T16:09:49+00:00\" \/>\n<meta property=\"og:image\" content=\"https:\/\/www.stormshield.com\/wp-content\/uploads\/stormshield_logo.png\" \/>\n\t<meta property=\"og:image:width\" content=\"204\" \/>\n\t<meta property=\"og:image:height\" content=\"94\" \/>\n\t<meta property=\"og:image:type\" content=\"image\/png\" \/>\n<meta name=\"twitter:card\" content=\"summary_large_image\" \/>\n<meta name=\"twitter:site\" content=\"@Stormshield\" \/>\n<meta name=\"twitter:label1\" content=\"Gesch\u00e4tzte Lesezeit\" \/>\n\t<meta name=\"twitter:data1\" content=\"5\u00a0Minuten\" \/>\n<script type=\"application\/ld+json\" class=\"yoast-schema-graph\">{\"@context\":\"https:\\\/\\\/schema.org\",\"@graph\":[{\"@type\":\"WebPage\",\"@id\":\"https:\\\/\\\/www.stormshield.com\\\/de\\\/produkte-und-services\\\/produkte\\\/schutz-von-workstations-und-servern\\\/endgeraeteschutz\\\/\",\"url\":\"https:\\\/\\\/www.stormshield.com\\\/de\\\/produkte-und-services\\\/produkte\\\/schutz-von-workstations-und-servern\\\/endgeraeteschutz\\\/\",\"name\":\"Endpoint protection : Desktops & Cybersecurity | Stormshield\",\"isPartOf\":{\"@id\":\"https:\\\/\\\/www.stormshield.com\\\/de\\\/#website\"},\"datePublished\":\"2021-09-20T12:05:50+00:00\",\"dateModified\":\"2024-02-08T16:09:49+00:00\",\"description\":\"Die Sicherheit von Desktops wirkt sich auf die IT-Gesundheit Ihres Unternehmens aus: Verhindern Sie Sicherheitsprobleme & vertrauen Sie auf Stormshield-L\u00f6sungen.\",\"breadcrumb\":{\"@id\":\"https:\\\/\\\/www.stormshield.com\\\/de\\\/produkte-und-services\\\/produkte\\\/schutz-von-workstations-und-servern\\\/endgeraeteschutz\\\/#breadcrumb\"},\"inLanguage\":\"de\",\"potentialAction\":[{\"@type\":\"ReadAction\",\"target\":[\"https:\\\/\\\/www.stormshield.com\\\/de\\\/produkte-und-services\\\/produkte\\\/schutz-von-workstations-und-servern\\\/endgeraeteschutz\\\/\"]}]},{\"@type\":\"BreadcrumbList\",\"@id\":\"https:\\\/\\\/www.stormshield.com\\\/de\\\/produkte-und-services\\\/produkte\\\/schutz-von-workstations-und-servern\\\/endgeraeteschutz\\\/#breadcrumb\",\"itemListElement\":[{\"@type\":\"ListItem\",\"position\":1,\"name\":\"Home\",\"item\":\"https:\\\/\\\/www.stormshield.com\\\/de\\\/\"},{\"@type\":\"ListItem\",\"position\":2,\"name\":\"Produkte &amp; Solutions\",\"item\":\"https:\\\/\\\/www.stormshield.com\\\/de\\\/produkte-und-services\\\/\"},{\"@type\":\"ListItem\",\"position\":3,\"name\":\"Produkte\",\"item\":\"https:\\\/\\\/www.stormshield.com\\\/de\\\/produkte-und-services\\\/produkte\\\/\"},{\"@type\":\"ListItem\",\"position\":4,\"name\":\"Schutz von Workstations und Servern\",\"item\":\"https:\\\/\\\/www.stormshield.com\\\/de\\\/produkte-und-services\\\/produkte\\\/schutz-von-workstations-und-servern\\\/\"},{\"@type\":\"ListItem\",\"position\":5,\"name\":\"Endger\u00e4teschutz\"}]},{\"@type\":\"WebSite\",\"@id\":\"https:\\\/\\\/www.stormshield.com\\\/de\\\/#website\",\"url\":\"https:\\\/\\\/www.stormshield.com\\\/de\\\/\",\"name\":\"Stormshield\",\"description\":\"Stormshield\",\"potentialAction\":[{\"@type\":\"SearchAction\",\"target\":{\"@type\":\"EntryPoint\",\"urlTemplate\":\"https:\\\/\\\/www.stormshield.com\\\/de\\\/?s={search_term_string}\"},\"query-input\":{\"@type\":\"PropertyValueSpecification\",\"valueRequired\":true,\"valueName\":\"search_term_string\"}}],\"inLanguage\":\"de\"}]}<\/script>\n<!-- \/ Yoast SEO plugin. -->","yoast_head_json":{"title":"Endpoint protection : Desktops & Cybersecurity | Stormshield","description":"Die Sicherheit von Desktops wirkt sich auf die IT-Gesundheit Ihres Unternehmens aus: Verhindern Sie Sicherheitsprobleme & vertrauen Sie auf Stormshield-L\u00f6sungen.","robots":{"index":"index","follow":"follow","max-snippet":"max-snippet:-1","max-image-preview":"max-image-preview:large","max-video-preview":"max-video-preview:-1"},"canonical":"https:\/\/www.stormshield.com\/de\/produkte-und-services\/produkte\/schutz-von-workstations-und-servern\/endgeraeteschutz\/","og_locale":"de_DE","og_type":"article","og_title":"Endpoint protection : Desktops & Cybersecurity | Stormshield","og_description":"Die Sicherheit von Desktops wirkt sich auf die IT-Gesundheit Ihres Unternehmens aus: Verhindern Sie Sicherheitsprobleme & vertrauen Sie auf Stormshield-L\u00f6sungen.","og_url":"https:\/\/www.stormshield.com\/de\/produkte-und-services\/produkte\/schutz-von-workstations-und-servern\/endgeraeteschutz\/","og_site_name":"Stormshield","article_modified_time":"2024-02-08T16:09:49+00:00","og_image":[{"width":204,"height":94,"url":"https:\/\/www.stormshield.com\/wp-content\/uploads\/stormshield_logo.png","type":"image\/png"}],"twitter_card":"summary_large_image","twitter_site":"@Stormshield","twitter_misc":{"Gesch\u00e4tzte Lesezeit":"5\u00a0Minuten"},"schema":{"@context":"https:\/\/schema.org","@graph":[{"@type":"WebPage","@id":"https:\/\/www.stormshield.com\/de\/produkte-und-services\/produkte\/schutz-von-workstations-und-servern\/endgeraeteschutz\/","url":"https:\/\/www.stormshield.com\/de\/produkte-und-services\/produkte\/schutz-von-workstations-und-servern\/endgeraeteschutz\/","name":"Endpoint protection : Desktops & Cybersecurity | Stormshield","isPartOf":{"@id":"https:\/\/www.stormshield.com\/de\/#website"},"datePublished":"2021-09-20T12:05:50+00:00","dateModified":"2024-02-08T16:09:49+00:00","description":"Die Sicherheit von Desktops wirkt sich auf die IT-Gesundheit Ihres Unternehmens aus: Verhindern Sie Sicherheitsprobleme & vertrauen Sie auf Stormshield-L\u00f6sungen.","breadcrumb":{"@id":"https:\/\/www.stormshield.com\/de\/produkte-und-services\/produkte\/schutz-von-workstations-und-servern\/endgeraeteschutz\/#breadcrumb"},"inLanguage":"de","potentialAction":[{"@type":"ReadAction","target":["https:\/\/www.stormshield.com\/de\/produkte-und-services\/produkte\/schutz-von-workstations-und-servern\/endgeraeteschutz\/"]}]},{"@type":"BreadcrumbList","@id":"https:\/\/www.stormshield.com\/de\/produkte-und-services\/produkte\/schutz-von-workstations-und-servern\/endgeraeteschutz\/#breadcrumb","itemListElement":[{"@type":"ListItem","position":1,"name":"Home","item":"https:\/\/www.stormshield.com\/de\/"},{"@type":"ListItem","position":2,"name":"Produkte &amp; Solutions","item":"https:\/\/www.stormshield.com\/de\/produkte-und-services\/"},{"@type":"ListItem","position":3,"name":"Produkte","item":"https:\/\/www.stormshield.com\/de\/produkte-und-services\/produkte\/"},{"@type":"ListItem","position":4,"name":"Schutz von Workstations und Servern","item":"https:\/\/www.stormshield.com\/de\/produkte-und-services\/produkte\/schutz-von-workstations-und-servern\/"},{"@type":"ListItem","position":5,"name":"Endger\u00e4teschutz"}]},{"@type":"WebSite","@id":"https:\/\/www.stormshield.com\/de\/#website","url":"https:\/\/www.stormshield.com\/de\/","name":"Stormshield","description":"Stormshield","potentialAction":[{"@type":"SearchAction","target":{"@type":"EntryPoint","urlTemplate":"https:\/\/www.stormshield.com\/de\/?s={search_term_string}"},"query-input":{"@type":"PropertyValueSpecification","valueRequired":true,"valueName":"search_term_string"}}],"inLanguage":"de"}]}},"_links":{"self":[{"href":"https:\/\/www.stormshield.com\/de\/wp-json\/wp\/v2\/pages\/232494","targetHints":{"allow":["GET"]}}],"collection":[{"href":"https:\/\/www.stormshield.com\/de\/wp-json\/wp\/v2\/pages"}],"about":[{"href":"https:\/\/www.stormshield.com\/de\/wp-json\/wp\/v2\/types\/page"}],"author":[{"embeddable":true,"href":"https:\/\/www.stormshield.com\/de\/wp-json\/wp\/v2\/users\/31"}],"replies":[{"embeddable":true,"href":"https:\/\/www.stormshield.com\/de\/wp-json\/wp\/v2\/comments?post=232494"}],"version-history":[{"count":9,"href":"https:\/\/www.stormshield.com\/de\/wp-json\/wp\/v2\/pages\/232494\/revisions"}],"predecessor-version":[{"id":493297,"href":"https:\/\/www.stormshield.com\/de\/wp-json\/wp\/v2\/pages\/232494\/revisions\/493297"}],"up":[{"embeddable":true,"href":"https:\/\/www.stormshield.com\/de\/wp-json\/wp\/v2\/pages\/232489"}],"wp:attachment":[{"href":"https:\/\/www.stormshield.com\/de\/wp-json\/wp\/v2\/media?parent=232494"}],"curies":[{"name":"wp","href":"https:\/\/api.w.org\/{rel}","templated":true}]}}