{"id":232167,"date":"2021-09-13T13:09:26","date_gmt":"2021-09-13T12:09:26","guid":{"rendered":"https:\/\/www.stormshield.com\/datenverschluesselung\/"},"modified":"2024-02-05T14:30:08","modified_gmt":"2024-02-05T13:30:08","slug":"datenverschluesselung","status":"publish","type":"page","link":"https:\/\/www.stormshield.com\/de\/produkte-und-services\/produkte\/datenverschluesselung\/","title":{"rendered":"Datenverschl\u00fcsselung"},"content":{"rendered":"<div class=\"wpb-content-wrapper\"><p>[vc_row css_animation=\"\" row_type=\"row\" use_row_as_full_screen_section=\"no\" type=\"grid\" angled_section=\"no\" text_align=\"left\" background_image_as_pattern=\"without_pattern\" z_index=\"\" padding_top=\"50\" padding_bottom=\"50\"][vc_column][vc_column_text]<\/p>\n<h1 style=\"text-align: center;\"><span style=\"color: #00aaf5;\"><span style=\"font-weight: 300; font-size: 1.5em;\">Datenverschl\u00fcsselung:<\/span><\/span><span style=\"color: #00aaf5;\"><span style=\"font-weight: 900; font-size: 1.5em;\"> Verwalten Sie Ihre sensiblen Daten mit der entsprechenden Sicherheit<\/span><\/span><\/h1>\n<p>[\/vc_column_text][\/vc_column][\/vc_row][vc_row css_animation=\"\" row_type=\"row\" use_row_as_full_screen_section=\"no\" type=\"grid\" angled_section=\"no\" text_align=\"left\" background_image_as_pattern=\"without_pattern\" z_index=\"\"][vc_column][vc_empty_space][vc_column_text]<span style=\"color: #000; font-size: 1.1em;\"><strong>Diebstahl, Leckage oder Exfiltration sind Bedrohungen f\u00fcr Ihre Daten, die ein beliebtes Ziel f\u00fcr Cyber-Malware sind. Jeder Austausch kann auch zu einer Quelle von Risiken werden, denn sobald Ihre Daten von einem Bereich zum anderen wandern, k\u00f6nnen sie abgefangen, ver\u00e4ndert oder zerst\u00f6rt werden. F\u00fcr eine bessere Datensicherheit sollten Ihre IT-Sicherheitsteams eine Reihe von Best Practices anwenden. Die wichtigste davon ist die Datenverschl\u00fcsselung.<\/strong><\/span>[\/vc_column_text][vc_empty_space][\/vc_column][\/vc_row][vc_row css_animation=\"\" row_type=\"row\" use_row_as_full_screen_section=\"no\" type=\"grid\" angled_section=\"no\" text_align=\"left\" background_image_as_pattern=\"without_pattern\" z_index=\"\" padding_bottom=\"50\"][vc_column][vc_row_inner row_type=\"row\" type=\"full_width\" text_align=\"left\" css_animation=\"\"][vc_column_inner width=\"2\/3\" css=\".vc_custom_1706883041833{padding-right: 32px !important;}\"][vc_column_text]<\/p>\n<h2><span style=\"color: #000; font-size: 1.2em; font-weight: 900;\">Warum Sollte man seine Daten Verschl\u00fcsseln?<\/span><\/h2>\n<p><span style=\"color: #000; font-size: 1.1em;\">Die Datensicherheit in Organisationen wird regelm\u00e4\u00dfig auf die Probe gestellt. <strong>Das Verschl\u00fcsseln von Daten bietet somit Schutz vor Diebstahl und Datenlecks.<\/strong> Die Ursachen f\u00fcr diese Anf\u00e4lligkeit sind vielf\u00e4ltig und reichen von Nachl\u00e4ssigkeit \u00fcber Industriespionage bis hin zu neuen mobilen Nutzungsformen und dem massiven Einsatz von kollaborativen Tools. Das Konzept des Datenschutzes ist daher eng mit den Risiken in Bezug auf Vertraulichkeit, Integrit\u00e4t und Verf\u00fcgbarkeit verkn\u00fcpft. Zusammen mit dem Begriff der R\u00fcckverfolgbarkeit sind diese Aspekte die grundlegenden Kriterien f\u00fcr Informationssicherheit.<\/span><\/p>\n<p><span style=\"color: #000; font-size: 1.1em;\">Und die allgemeine Antwort zum Schutz der Integrit\u00e4t und Vertraulichkeit dieser Daten besteht in einer einzigen Ma\u00dfnahme: der <strong>Verschl\u00fcsselung<\/strong>.<\/span>[\/vc_column_text][vc_empty_space][\/vc_column_inner][vc_column_inner width=\"1\/3\" css=\".vc_custom_1706882945370{padding-top: 32px !important;padding-right: 32px !important;padding-bottom: 32px !important;padding-left: 32px !important;background-color: #f9f9f9 !important;}\"][vc_column_text]<span style=\"color: #000; font-size: 1.1em;\">Um agiler zu sein, haben immer mehr Organisationen beschlossen, von \"klassischen\" Arbeitspl\u00e4tzen - mit ihren zahlreichen Fat Clients - auf Thin Clients oder virtuelle Desktops umzusteigen. Diese zunehmende Nutzung von SaaS-Anwendungen zwingt die Hersteller von Sicherheitsl\u00f6sungen dazu, neue Wege zu gehen und insbesondere die Verschl\u00fcsselung von Daten direkt in den Browser zu integrieren.<\/span><\/p>\n<p><span style=\"color: #000; font-size: 1.1em;\"><strong>Datenschutzl\u00f6sungen: Auf dem Weg zu einem Einsatz ohne Einschr\u00e4nkungen?<\/strong> Ein Thema, das Sie in unserem Stormshield-<strong>whitepaper<\/strong> finden.<\/span>[\/vc_column_text][vc_empty_space]<a  itemprop=\"url\" href=\"https:\/\/www.stormshield.com\/de\/ressourcescenter\/datenschutzloesungen-auf-dem-weg-zu-einem-einsatz-ohne-einschraenkungen\/\" target=\"_blank\" data-hover-background-color=\"#00aeef\" data-hover-border-color=\"#00aeef\" class=\"qbutton  white enlarge\" style=\"border-color: #ffffff; background-color:#060051;\">Download<i class=\"qode_icon_font_awesome fa fa-download qode_button_icon_element\"><\/i><\/a>[vc_empty_space][\/vc_column_inner][\/vc_row_inner][\/vc_column][\/vc_row][vc_row css_animation=\"\" row_type=\"row\" use_row_as_full_screen_section=\"no\" type=\"grid\" angled_section=\"no\" text_align=\"left\" background_image_as_pattern=\"without_pattern\" z_index=\"\" padding_bottom=\"50\" padding_top=\"50\" background_color=\"#060051\"][vc_column][vc_row_inner row_type=\"row\" type=\"full_width\" text_align=\"left\" css_animation=\"\"][vc_column_inner][vc_column_text]<\/p>\n<h2><span style=\"color: #ffffff; font-size: 1.2em; font-weight: 900;\">Wie Funktioniert die Verschl\u00fcsselung?<\/span><\/h2>\n<p><span style=\"color: #ffffff; font-size: 1.1em;\">Wie kann man Daten verschl\u00fcsseln? Die Verschl\u00fcsselung unstrukturierter Daten kann verschiedene Formen annehmen. Zus\u00e4tzlich zur Oberfl\u00e4chenverschl\u00fcsselung ist es m\u00f6glich, <strong>eine Datei oder auch eine E-Mail einzeln zu verschl\u00fcsseln.<\/strong> Nach der Verschl\u00fcsselung sind die Elemente somit nur f\u00fcr den Absender und den Empf\u00e4nger lesbar. Und zwar unabh\u00e4ngig vom verwendeten Medium oder Endger\u00e4t (Arbeitsplatzrechner, Tablet, Handy, USB-Stick, Dateiserver oder auch \u00f6ffentliche und private Cloud). Schutz vor b\u00f6swilligen Handlungen wie Datenlecks oder Abfangangriffen.<\/span><\/p>\n<p><span style=\"color: #ffffff; font-size: 1.1em;\">Damit sie von Ihren Teams integriert wird, muss sich Ihre Datenverschl\u00fcsselungsl\u00f6sung dem Arbeitsalltag anpassen und nicht umgekehrt. So erm\u00f6glicht ihnen die L\u00f6sung einen sicheren Zugriff auf Daten, egal wo sie sich befinden, in einer Reihe von Anwendungsf\u00e4llen, die auf die heutigen Kommunikations- und Zusammenarbeitstools zugeschnitten sind.<\/span>[\/vc_column_text][vc_empty_space][\/vc_column_inner][\/vc_row_inner][vc_row_inner row_type=\"row\" type=\"full_width\" text_align=\"left\" css_animation=\"\"][vc_column_inner width=\"1\/4\"]<a  itemprop=\"url\" href=\"https:\/\/www.stormshield.com\/de\/produkte-und-services\/produkte\/datenverschluesselung\/in-google-workspace\/\" target=\"_self\" data-hover-background-color=\"#00aeef\" data-hover-border-color=\"#00aeef\" class=\"qbutton  white enlarge\" style=\"border-color: #ffffff; background-color:#060051;\">Google Workspace<i class=\"qode_icon_font_awesome fa fa-angle-right qode_button_icon_element\"><\/i><\/a>[vc_empty_space height=\"12px\"]<a  itemprop=\"url\" href=\"https:\/\/www.stormshield.com\/de\/produkte-und-services\/produkte\/datenverschluesselung\/in-gmail\/\" target=\"_self\" data-hover-background-color=\"#00aeef\" data-hover-border-color=\"#00aeef\" class=\"qbutton  white enlarge\" style=\"border-color: #ffffff; background-color:#060051;\">Gmail<i class=\"qode_icon_font_awesome fa fa-angle-right qode_button_icon_element\"><\/i><\/a>[vc_empty_space height=\"12px\"][\/vc_column_inner][vc_column_inner width=\"1\/4\"]<a  itemprop=\"url\" href=\"https:\/\/www.stormshield.com\/de\/produkte-und-services\/produkte\/datenverschluesselung\/in-outlook\/\" target=\"_self\" data-hover-background-color=\"#00aeef\" data-hover-border-color=\"#00aeef\" class=\"qbutton  white enlarge\" style=\"border-color: #ffffff; background-color:#060051;\">Outlook<i class=\"qode_icon_font_awesome fa fa-angle-right qode_button_icon_element\"><\/i><\/a>[vc_empty_space height=\"12px\"][\/vc_column_inner][vc_column_inner width=\"1\/4\"]<a  itemprop=\"url\" href=\"https:\/\/www.stormshield.com\/de\/produkte-und-services\/produkte\/datenverschluesselung\/in-microsoft365\/\" target=\"_self\" data-hover-background-color=\"#00aeef\" data-hover-border-color=\"#00aeef\" class=\"qbutton  white enlarge\" style=\"border-color: #ffffff; background-color:#060051;\">Onedrive \/ Sharepoint<i class=\"qode_icon_font_awesome fa fa-angle-right qode_button_icon_element\"><\/i><\/a>[vc_empty_space height=\"12px\"][\/vc_column_inner][vc_column_inner width=\"1\/4\"]<a  itemprop=\"url\" href=\"https:\/\/www.stormshield.com\/de\/produkte-und-services\/produkte\/datenverschluesselung\/auf-rechnern\/\" target=\"_self\" data-hover-background-color=\"#00aeef\" data-hover-border-color=\"#00aeef\" class=\"qbutton  white enlarge\" style=\"border-color: #ffffff; background-color:#060051;\">Workstations and servers<i class=\"qode_icon_font_awesome fa fa-angle-right qode_button_icon_element\"><\/i><\/a>[\/vc_column_inner][\/vc_row_inner][\/vc_column][\/vc_row][vc_row row_type=\"parallax\" parallax_content_width=\"in_grid\" text_align=\"center\" full_screen_section_height=\"yes\" vertically_align_content_in_middle=\"yes\" background_image=\"224720\"][vc_column][vc_row_inner row_type=\"row\" type=\"full_width\" text_align=\"left\" css_animation=\"\"][vc_column_inner width=\"1\/2\"][vc_column_text]<\/p>\n<h2><span style=\"color: #000; font-size: 1.2em; font-weight: 900;\">Datenverschl\u00fcsselung mit Stormshield<\/span><\/h2>\n<p><span style=\"color: #000; font-size: 1.1em;\">Wie sichert man sensible Daten? Um den Schutz der Daten zu gew\u00e4hrleisten, <strong>verwendet Stormshield die End-to-End-Verschl\u00fcsselung.<\/strong> Ob DKE-Verschl\u00fcsselung (<em>Double Key Encryption<\/em>, Verschl\u00fcsselung mit zwei Schl\u00fcsseln) oder CSE-Verschl\u00fcsselung (<em>Client-Side Encryption<\/em>, Verschl\u00fcsselung auf der Clientseite), das verschl\u00fcsselte Medium nimmt ihre eigenen Schutzmechanismen mit und kann auf verschiedenen Plattformen in der Cloud oder im Unternehmen sicher genutzt werden, weil die L\u00f6sung plattform\u00fcbergreifend arbeitet.<\/span><\/p>\n<p><span style=\"color: #000; font-size: 1.1em;\">Mit der Datenschutzsoftware Stormshield Data Security (SDS) erleben Sie eine einfache Verschl\u00fcsselungsl\u00f6sung, <strong>die f\u00fcr den Benutzer transparent ist und seine Arbeitsgewohnheiten aufrechterh\u00e4lt.<\/strong> Im Zentrum der Datensicherheit steht der Nutzer, der festlegt, wer auf Informationen zugreifen darf, und Bereiche f\u00fcr sichere Zusammenarbeit schafft. Ein Datenschutzangebot, das auf der Zuverl\u00e4ssigkeit seiner L\u00f6sungen beruht, die auf hohem europ\u00e4ischem Niveau anerkannt sind.<\/span>[\/vc_column_text][vc_empty_space]<a  itemprop=\"url\" href=\"https:\/\/www.stormshield.com\/de\/produkte-und-services\/produkte\/datenverschluesselung\/sds-produktreihe\/\" target=\"_blank\" data-hover-background-color=\"#00aeef\" data-hover-border-color=\"#00aeef\" class=\"qbutton  white enlarge\" style=\"border-color: #ffffff; background-color:#d23467;\">SDS-Produktreihe<i class=\"qode_icon_font_awesome fa fa-angle-right qode_button_icon_element\"><\/i><\/a>[vc_empty_space height=\"12px\"]<a  itemprop=\"url\" href=\"https:\/\/www.stormshield.com\/de\/ressourcescenter\/zuverlaessige-loesung-fuer-den-schutz-sensibler-daten\/\" target=\"_blank\" data-hover-background-color=\"#00aeef\" data-hover-border-color=\"#00aeef\" class=\"qbutton  white enlarge\" style=\"border-color: #ffffff; background-color:#060051;\">Brosch\u00fcren SDS<i class=\"qode_icon_font_awesome fa fa-angle-right qode_button_icon_element\"><\/i><\/a>[vc_empty_space][\/vc_column_inner][vc_column_inner width=\"1\/2\"][vc_empty_space][vc_video link=\"https:\/\/youtu.be\/FkuDQaeKwrE\" align=\"center\"][vc_empty_space][\/vc_column_inner][\/vc_row_inner][\/vc_column][\/vc_row][vc_row css_animation=\"\" row_type=\"row\" use_row_as_full_screen_section=\"no\" type=\"grid\" angled_section=\"no\" text_align=\"left\" background_image_as_pattern=\"without_pattern\" z_index=\"\" padding_bottom=\"50\" padding_top=\"50\"][vc_column][vc_row_inner row_type=\"row\" type=\"full_width\" text_align=\"left\" css_animation=\"\" css=\".vc_custom_1706883499003{padding-top: 32px !important;padding-right: 32px !important;padding-bottom: 32px !important;padding-left: 32px !important;background-color: #f9f9f9 !important;}\"][vc_column_inner][vc_column_text]<\/p>\n<h2><span style=\"color: #000; font-size: 1.2em; font-weight: 900;\">Datenverschl\u00fcsselung und Regulierung<\/span><\/h2>\n<p><span style=\"color: #000; font-size: 1.1em;\">Auf europ\u00e4ischer Ebene ist die Datenschutz-Grundverordnung (DSGVO) in <a style=\"color: #000000;\" href=\"https:\/\/eur-lex.europa.eu\/legal-content\/FR\/TXT\/?uri=CELEX:32016R0679\" target=\"_blank\" rel=\"noopener\">Erw\u00e4gungsgrund 83<\/a> eindeutig und erw\u00e4hnt die Verschl\u00fcsselungstechnik: \u201e<em>Um die Sicherheit zu gew\u00e4hrleisten und eine Verarbeitung zu verhindern, die gegen diese Verordnung verst\u00f6\u00dft, ist es wichtig, dass der f\u00fcr die Verarbeitung Verantwortliche oder der Auftragsverarbeiter die der Verarbeitung innewohnenden Risiken bewertet und Ma\u00dfnahmen zur Minderung dieser Risiken, wie z. B. Verschl\u00fcsselung, durchf\u00fchrt.<\/em>\u201c <\/span><\/p>\n<p><span style=\"color: #000000;\"><span style=\"font-size: 1.1em;\">In Frankreich erg\u00e4nzt die <strong>CNIL<\/strong> diesen Ansatz und listet elementare Vorsichtsma\u00dfnahmen auf, die bei der Verschl\u00fcsselung von Daten zu beachten sind: Verwendung eines anerkannten und sicheren Algorithmus, Verwendung einer ausreichenden Schl\u00fcsselgr\u00f6\u00dfe, Schutz geheimer Schl\u00fcssel... <\/span><span style=\"font-size: 1.1em;\">Schlie\u00dflich unterliegt die Datenverschl\u00fcsselung von <strong>PCI DSS<\/strong> im Bankensektor bis hin zu <strong>HIPAA<\/strong> im Gesundheitswesen auch branchenspezifischen Vorschriften.<\/span><\/span>[\/vc_column_text][vc_empty_space][\/vc_column_inner][\/vc_row_inner][\/vc_column][\/vc_row][vc_row css_animation=\"\" row_type=\"row\" use_row_as_full_screen_section=\"no\" type=\"grid\" angled_section=\"no\" text_align=\"left\" background_image_as_pattern=\"without_pattern\" z_index=\"\" padding_bottom=\"50\" padding_top=\"50\"][vc_column][vc_row_inner row_type=\"row\" type=\"full_width\" text_align=\"left\" css_animation=\"\"][vc_column_inner width=\"2\/3\"][vc_column_text]<\/p>\n<h2><span style=\"color: #000; font-size: 1.2em; font-weight: 900;\">Muss alles Verschl\u00fcsselt Werden?<\/span><\/h2>\n<p><span style=\"color: #000; font-size: 1.1em;\">Welche Daten m\u00fcssen verschl\u00fcsselt werden? <strong>Wichtige Daten, sensible Daten oder kritische Daten, aber auch pers\u00f6nliche Daten,<\/strong> es ist leicht, sich in den Begriffen zu diesem Thema zu verlieren. Viele Unternehmen glauben daher, dass sie nicht betroffen sind und deswegen ihre Dateien und den Datenaustausch nicht sch\u00fctzen m\u00fcssen. Dennoch sind alle Unternehmen von diesem notwendigen Datenschutz betroffen. Produktionsdaten, Finanzdaten, F&amp;E-Daten, HR-Daten sind allesamt Elemente, die den t\u00e4glichen Betrieb eines Unternehmens erm\u00f6glichen.<\/span><\/p>\n<p><span style=\"color: #000; font-size: 1.1em;\">Um sich zurechtzufinden, muss jeder definieren, welche Informationen f\u00fcr das jeweilige Unternehmen oder die Institution strategisch wichtig sind, wobei zu ber\u00fccksichtigen ist, dass alle erzeugten Daten wertvoll sind.<\/span>[\/vc_column_text][vc_empty_space][\/vc_column_inner][vc_column_inner width=\"1\/3\"][vc_empty_space][vc_video link=\"https:\/\/youtu.be\/khuvPagNP0A\" align=\"center\"][vc_empty_space][\/vc_column_inner][\/vc_row_inner][\/vc_column][\/vc_row]<\/p>\n<\/div>","protected":false},"excerpt":{"rendered":"<p>[vc_row css_animation=&#8220;&#8220; row_type=&#8220;row&#8220; use_row_as_full_screen_section=&#8220;no&#8220; type=&#8220;grid&#8220; angled_section=&#8220;no&#8220; text_align=&#8220;left&#8220; background_image_as_pattern=&#8220;without_pattern&#8220; z_index=&#8220;&#8220; padding_top=&#8220;50&#8243; padding_bottom=&#8220;50&#8243;][vc_column][vc_column_text] Datenverschl\u00fcsselung: Verwalten Sie Ihre sensiblen Daten mit der entsprechenden Sicherheit [\/vc_column_text][\/vc_column][\/vc_row][vc_row css_animation=&#8220;&#8220; row_type=&#8220;row&#8220; use_row_as_full_screen_section=&#8220;no&#8220; type=&#8220;grid&#8220; angled_section=&#8220;no&#8220; text_align=&#8220;left&#8220; background_image_as_pattern=&#8220;without_pattern&#8220; z_index=&#8220;&#8220;][vc_column][vc_empty_space][vc_column_text]Diebstahl, Leckage oder Exfiltration sind Bedrohungen f\u00fcr Ihre Daten, die ein beliebtes Ziel f\u00fcr Cyber-Malware sind&#8230;.<\/p>\n","protected":false},"author":31,"featured_media":0,"parent":22202,"menu_order":169,"comment_status":"closed","ping_status":"closed","template":"full_width.php","meta":{"_acf_changed":false,"footnotes":""},"class_list":["post-232167","page","type-page","status-publish","hentry"],"acf":[],"yoast_head":"<!-- This site is optimized with the Yoast SEO plugin v27.3 - https:\/\/yoast.com\/product\/yoast-seo-wordpress\/ -->\n<title>Datenverschl\u00fcsselung: Sch\u00fctzen Sie Ihre Daten | Stormshield.<\/title>\n<meta name=\"description\" content=\"Verschl\u00fcsselung mit Stormshield: ein vertrauensw\u00fcrdiger Ansatz f\u00fcr Datensicherheit, Integrit\u00e4t und Vertraulichkeit Ihrer Daten.\" \/>\n<meta name=\"robots\" content=\"index, follow, max-snippet:-1, max-image-preview:large, max-video-preview:-1\" \/>\n<link rel=\"canonical\" href=\"https:\/\/www.stormshield.com\/de\/produkte-und-services\/produkte\/datenverschluesselung\/\" \/>\n<meta property=\"og:locale\" content=\"de_DE\" \/>\n<meta property=\"og:type\" content=\"article\" \/>\n<meta property=\"og:title\" content=\"Datenverschl\u00fcsselung: Sch\u00fctzen Sie Ihre Daten | Stormshield.\" \/>\n<meta property=\"og:description\" content=\"Verschl\u00fcsselung mit Stormshield: ein vertrauensw\u00fcrdiger Ansatz f\u00fcr Datensicherheit, Integrit\u00e4t und Vertraulichkeit Ihrer Daten.\" \/>\n<meta property=\"og:url\" content=\"https:\/\/www.stormshield.com\/de\/produkte-und-services\/produkte\/datenverschluesselung\/\" \/>\n<meta property=\"og:site_name\" content=\"Stormshield\" \/>\n<meta property=\"article:modified_time\" content=\"2024-02-05T13:30:08+00:00\" \/>\n<meta property=\"og:image\" content=\"https:\/\/www.stormshield.com\/wp-content\/uploads\/stormshield_logo.png\" \/>\n\t<meta property=\"og:image:width\" content=\"204\" \/>\n\t<meta property=\"og:image:height\" content=\"94\" \/>\n\t<meta property=\"og:image:type\" content=\"image\/png\" \/>\n<meta name=\"twitter:card\" content=\"summary_large_image\" \/>\n<meta name=\"twitter:site\" content=\"@Stormshield\" \/>\n<meta name=\"twitter:label1\" content=\"Gesch\u00e4tzte Lesezeit\" \/>\n\t<meta name=\"twitter:data1\" content=\"5\u00a0Minuten\" \/>\n<script type=\"application\/ld+json\" class=\"yoast-schema-graph\">{\"@context\":\"https:\\\/\\\/schema.org\",\"@graph\":[{\"@type\":\"WebPage\",\"@id\":\"https:\\\/\\\/www.stormshield.com\\\/de\\\/produkte-und-services\\\/produkte\\\/datenverschluesselung\\\/\",\"url\":\"https:\\\/\\\/www.stormshield.com\\\/de\\\/produkte-und-services\\\/produkte\\\/datenverschluesselung\\\/\",\"name\":\"Datenverschl\u00fcsselung: Sch\u00fctzen Sie Ihre Daten | Stormshield.\",\"isPartOf\":{\"@id\":\"https:\\\/\\\/www.stormshield.com\\\/de\\\/#website\"},\"datePublished\":\"2021-09-13T12:09:26+00:00\",\"dateModified\":\"2024-02-05T13:30:08+00:00\",\"description\":\"Verschl\u00fcsselung mit Stormshield: ein vertrauensw\u00fcrdiger Ansatz f\u00fcr Datensicherheit, Integrit\u00e4t und Vertraulichkeit Ihrer Daten.\",\"breadcrumb\":{\"@id\":\"https:\\\/\\\/www.stormshield.com\\\/de\\\/produkte-und-services\\\/produkte\\\/datenverschluesselung\\\/#breadcrumb\"},\"inLanguage\":\"de\",\"potentialAction\":[{\"@type\":\"ReadAction\",\"target\":[\"https:\\\/\\\/www.stormshield.com\\\/de\\\/produkte-und-services\\\/produkte\\\/datenverschluesselung\\\/\"]}]},{\"@type\":\"BreadcrumbList\",\"@id\":\"https:\\\/\\\/www.stormshield.com\\\/de\\\/produkte-und-services\\\/produkte\\\/datenverschluesselung\\\/#breadcrumb\",\"itemListElement\":[{\"@type\":\"ListItem\",\"position\":1,\"name\":\"Home\",\"item\":\"https:\\\/\\\/www.stormshield.com\\\/de\\\/\"},{\"@type\":\"ListItem\",\"position\":2,\"name\":\"Produkte &amp; Solutions\",\"item\":\"https:\\\/\\\/www.stormshield.com\\\/de\\\/produkte-und-services\\\/\"},{\"@type\":\"ListItem\",\"position\":3,\"name\":\"Produkte\",\"item\":\"https:\\\/\\\/www.stormshield.com\\\/de\\\/produkte-und-services\\\/produkte\\\/\"},{\"@type\":\"ListItem\",\"position\":4,\"name\":\"Datenverschl\u00fcsselung\"}]},{\"@type\":\"WebSite\",\"@id\":\"https:\\\/\\\/www.stormshield.com\\\/de\\\/#website\",\"url\":\"https:\\\/\\\/www.stormshield.com\\\/de\\\/\",\"name\":\"Stormshield\",\"description\":\"Stormshield\",\"potentialAction\":[{\"@type\":\"SearchAction\",\"target\":{\"@type\":\"EntryPoint\",\"urlTemplate\":\"https:\\\/\\\/www.stormshield.com\\\/de\\\/?s={search_term_string}\"},\"query-input\":{\"@type\":\"PropertyValueSpecification\",\"valueRequired\":true,\"valueName\":\"search_term_string\"}}],\"inLanguage\":\"de\"}]}<\/script>\n<!-- \/ Yoast SEO plugin. -->","yoast_head_json":{"title":"Datenverschl\u00fcsselung: Sch\u00fctzen Sie Ihre Daten | Stormshield.","description":"Verschl\u00fcsselung mit Stormshield: ein vertrauensw\u00fcrdiger Ansatz f\u00fcr Datensicherheit, Integrit\u00e4t und Vertraulichkeit Ihrer Daten.","robots":{"index":"index","follow":"follow","max-snippet":"max-snippet:-1","max-image-preview":"max-image-preview:large","max-video-preview":"max-video-preview:-1"},"canonical":"https:\/\/www.stormshield.com\/de\/produkte-und-services\/produkte\/datenverschluesselung\/","og_locale":"de_DE","og_type":"article","og_title":"Datenverschl\u00fcsselung: Sch\u00fctzen Sie Ihre Daten | Stormshield.","og_description":"Verschl\u00fcsselung mit Stormshield: ein vertrauensw\u00fcrdiger Ansatz f\u00fcr Datensicherheit, Integrit\u00e4t und Vertraulichkeit Ihrer Daten.","og_url":"https:\/\/www.stormshield.com\/de\/produkte-und-services\/produkte\/datenverschluesselung\/","og_site_name":"Stormshield","article_modified_time":"2024-02-05T13:30:08+00:00","og_image":[{"width":204,"height":94,"url":"https:\/\/www.stormshield.com\/wp-content\/uploads\/stormshield_logo.png","type":"image\/png"}],"twitter_card":"summary_large_image","twitter_site":"@Stormshield","twitter_misc":{"Gesch\u00e4tzte Lesezeit":"5\u00a0Minuten"},"schema":{"@context":"https:\/\/schema.org","@graph":[{"@type":"WebPage","@id":"https:\/\/www.stormshield.com\/de\/produkte-und-services\/produkte\/datenverschluesselung\/","url":"https:\/\/www.stormshield.com\/de\/produkte-und-services\/produkte\/datenverschluesselung\/","name":"Datenverschl\u00fcsselung: Sch\u00fctzen Sie Ihre Daten | Stormshield.","isPartOf":{"@id":"https:\/\/www.stormshield.com\/de\/#website"},"datePublished":"2021-09-13T12:09:26+00:00","dateModified":"2024-02-05T13:30:08+00:00","description":"Verschl\u00fcsselung mit Stormshield: ein vertrauensw\u00fcrdiger Ansatz f\u00fcr Datensicherheit, Integrit\u00e4t und Vertraulichkeit Ihrer Daten.","breadcrumb":{"@id":"https:\/\/www.stormshield.com\/de\/produkte-und-services\/produkte\/datenverschluesselung\/#breadcrumb"},"inLanguage":"de","potentialAction":[{"@type":"ReadAction","target":["https:\/\/www.stormshield.com\/de\/produkte-und-services\/produkte\/datenverschluesselung\/"]}]},{"@type":"BreadcrumbList","@id":"https:\/\/www.stormshield.com\/de\/produkte-und-services\/produkte\/datenverschluesselung\/#breadcrumb","itemListElement":[{"@type":"ListItem","position":1,"name":"Home","item":"https:\/\/www.stormshield.com\/de\/"},{"@type":"ListItem","position":2,"name":"Produkte &amp; Solutions","item":"https:\/\/www.stormshield.com\/de\/produkte-und-services\/"},{"@type":"ListItem","position":3,"name":"Produkte","item":"https:\/\/www.stormshield.com\/de\/produkte-und-services\/produkte\/"},{"@type":"ListItem","position":4,"name":"Datenverschl\u00fcsselung"}]},{"@type":"WebSite","@id":"https:\/\/www.stormshield.com\/de\/#website","url":"https:\/\/www.stormshield.com\/de\/","name":"Stormshield","description":"Stormshield","potentialAction":[{"@type":"SearchAction","target":{"@type":"EntryPoint","urlTemplate":"https:\/\/www.stormshield.com\/de\/?s={search_term_string}"},"query-input":{"@type":"PropertyValueSpecification","valueRequired":true,"valueName":"search_term_string"}}],"inLanguage":"de"}]}},"_links":{"self":[{"href":"https:\/\/www.stormshield.com\/de\/wp-json\/wp\/v2\/pages\/232167","targetHints":{"allow":["GET"]}}],"collection":[{"href":"https:\/\/www.stormshield.com\/de\/wp-json\/wp\/v2\/pages"}],"about":[{"href":"https:\/\/www.stormshield.com\/de\/wp-json\/wp\/v2\/types\/page"}],"author":[{"embeddable":true,"href":"https:\/\/www.stormshield.com\/de\/wp-json\/wp\/v2\/users\/31"}],"replies":[{"embeddable":true,"href":"https:\/\/www.stormshield.com\/de\/wp-json\/wp\/v2\/comments?post=232167"}],"version-history":[{"count":17,"href":"https:\/\/www.stormshield.com\/de\/wp-json\/wp\/v2\/pages\/232167\/revisions"}],"predecessor-version":[{"id":493157,"href":"https:\/\/www.stormshield.com\/de\/wp-json\/wp\/v2\/pages\/232167\/revisions\/493157"}],"up":[{"embeddable":true,"href":"https:\/\/www.stormshield.com\/de\/wp-json\/wp\/v2\/pages\/22202"}],"wp:attachment":[{"href":"https:\/\/www.stormshield.com\/de\/wp-json\/wp\/v2\/media?parent=232167"}],"curies":[{"name":"wp","href":"https:\/\/api.w.org\/{rel}","templated":true}]}}