{"id":232163,"date":"2021-09-13T13:09:07","date_gmt":"2021-09-13T12:09:07","guid":{"rendered":"https:\/\/www.stormshield.com\/stormshield-data-connector\/"},"modified":"2024-01-19T11:29:49","modified_gmt":"2024-01-19T10:29:49","slug":"sds-data-connector","status":"publish","type":"page","link":"https:\/\/www.stormshield.com\/de\/produkte-und-services\/produkte\/datenverschluesselung\/sds-produktreihe\/sds-data-connector\/","title":{"rendered":"Stormshield Data Connector"},"content":{"rendered":"<div class=\"wpb-content-wrapper\"><p>[vc_row css_animation=\"\" row_type=\"row\" use_row_as_full_screen_section=\"no\" type=\"grid\" angled_section=\"no\" text_align=\"left\" background_image_as_pattern=\"without_pattern\" background_image=\"227768\" z_index=\"\" padding_bottom=\"125\" padding_top=\"125\"][vc_column][vc_column_text]<\/p>\n<h1><span style=\"color: #000000;\"><strong>Stormshield Data Connector<\/strong><\/span><\/h1>\n<p><span style=\"color: #000000;\">Die L\u00f6sung zum Schutz von Branchendaten<\/span>[\/vc_column_text][\/vc_column][\/vc_row][vc_row css_animation=\"\" row_type=\"row\" use_row_as_full_screen_section=\"no\" type=\"grid\" angled_section=\"no\" text_align=\"left\" background_image_as_pattern=\"without_pattern\" z_index=\"\" padding_top=\"50\" padding_bottom=\"50\"][vc_column][vc_row_inner row_type=\"row\" type=\"full_width\" text_align=\"left\" css_animation=\"\"][vc_column_inner width=\"1\/2\"][vc_column_text]<\/p>\n<h2><span style=\"color: #000; font-size: 1.2em; font-weight: 900;\">Schutz f\u00fcr Ihre Gesch\u00e4ftsanwendungen<\/span><\/h2>\n<p><span style=\"color: #000; font-size: 1.1em;\">Angesichts der zunehmenden Auslagerung von IT-Infrastrukturen gew\u00e4hrleistet Stormshield Data Connector einen transparenten und einfachen Schutz Ihrer Gesch\u00e4ftsdaten.<\/span><\/p>\n<p><span style=\"color: #000; font-size: 1.1em;\">Mit Stormshield Data Connector k\u00f6nnen Sie sensible Daten in Ihren Branchenanwendungen sch\u00fctzen. Diese L\u00f6sung l\u00e4sst sich bequem in alle Ihre Gesch\u00e4ftsabl\u00e4ufe integrieren.<\/span>[\/vc_column_text][vc_empty_space]<a  itemprop=\"url\" href=\"https:\/\/www.stormshield.com\/de\/ressourcescenter\/data-connector\/\" target=\"_blank\" data-hover-background-color=\"#00aeef\" data-hover-border-color=\"#ffffff\" class=\"qbutton  white enlarge\" style=\"border-color: #ffffff; background-color:#060051;\">Produktblatt<i class=\"qode_icon_font_awesome fa fa-angle-right qode_button_icon_element\"><\/i><\/a>[vc_empty_space height=\"12px\"]<a  itemprop=\"url\" href=\"https:\/\/www.stormshield.com\/de\/ressourcescenter\/zuverlaessige-loesung-fuer-den-schutz-sensibler-daten\/\" target=\"_blank\" data-hover-background-color=\"#00aeef\" data-hover-border-color=\"#ffffff\" class=\"qbutton  white enlarge\" style=\"border-color: #ffffff; background-color:#060051;\">SDS Brosch\u00fcren<i class=\"qode_icon_font_awesome fa fa-angle-right qode_button_icon_element\"><\/i><\/a>[vc_empty_space][\/vc_column_inner][vc_column_inner width=\"1\/2\"][vc_empty_space][vc_single_image image=\"255554\" img_size=\"large\" alignment=\"center\" qode_css_animation=\"\"][\/vc_column_inner][\/vc_row_inner][\/vc_column][\/vc_row][vc_row css_animation=\"\" row_type=\"row\" use_row_as_full_screen_section=\"no\" type=\"grid\" angled_section=\"no\" text_align=\"left\" background_image_as_pattern=\"without_pattern\" z_index=\"\" padding_top=\"50\" padding_bottom=\"50\"][vc_column][vc_row_inner row_type=\"row\" type=\"grid\" text_align=\"left\" css_animation=\"\" css=\".vc_custom_1705573414394{padding-top: 32px !important;padding-right: 32px !important;padding-bottom: 32px !important;padding-left: 32px !important;background-color: #f9f9f9 !important;}\"][vc_column_inner][vc_column_text]<\/p>\n<h2><span style=\"color: #000; font-size: 1.2em; font-weight: 900;\">Ein Angepasster und Transparenter Schutz<\/span><\/h2>\n<p><span style=\"color: #000; font-size: 1.1em;\">Stormshield Data Connector basiert auf einer Verschl\u00fcsselung, die so nah wie m\u00f6glich an der Datenverarbeitung erfolgt. Dies vereinfacht die Nutzung durch alle Benutzer. Durch diese vollst\u00e4ndige Transparenz bietet Ihnen die L\u00f6sung auch die M\u00f6glichkeit, die von Ihren Anwendungen ausgegebenen Informationen zu kontrollieren und die durchgef\u00fchrten Operationen nachzuverfolgen.<\/span>[\/vc_column_text][vc_empty_space][\/vc_column_inner][\/vc_row_inner][\/vc_column][\/vc_row][vc_row css_animation=\"\" row_type=\"row\" use_row_as_full_screen_section=\"no\" type=\"grid\" angled_section=\"no\" text_align=\"left\" background_image_as_pattern=\"without_pattern\" z_index=\"\" padding_top=\"50\" padding_bottom=\"50\"][vc_column][vc_row_inner row_type=\"row\" type=\"full_width\" text_align=\"left\" css_animation=\"\"][vc_column_inner width=\"1\/2\" css=\".vc_custom_1705573685249{padding-right: 32px !important;}\"][vc_column_text]<\/p>\n<h2><span style=\"color: #000; font-size: 1.2em; font-weight: 900;\">Eine Vertrauensw\u00fcrdige L\u00f6sung<\/span><\/h2>\n<p><span style=\"color: #000; font-size: 1.1em;\">Mit Stormshield Data Connector ist Ihnen ein vertrauensw\u00fcrdiger Schutz garantiert \u2013 dank des Produkts Stormshield Data Security, das auf h\u00f6chster europ\u00e4ischer Ebene zertifiziert wurde. Es erf\u00fcllt auch die Anforderungen der Datenschutz-Grundverordnung. Wenn Sie sich f\u00fcr diese L\u00f6sung entscheiden, setzen Sie auf einen optimalen und zuverl\u00e4ssigen Schutz Ihrer Gesch\u00e4ftsdaten.<\/span>[\/vc_column_text][\/vc_column_inner][vc_column_inner width=\"1\/2\" css=\".vc_custom_1705573478354{padding-top: 32px !important;padding-right: 32px !important;padding-bottom: 32px !important;padding-left: 32px !important;background-color: #060051 !important;}\"][vc_column_text]<span style=\"color: #ffffff; font-size: 1.1em;\"><strong>Haben Sie eine technische Frage zu Stormshield Data Connector?<\/strong> M\u00f6chten Sie die L\u00f6sung testen, bevor Sie Ihre Wahl treffen? Kontaktieren Sie die Vertriebs- und Beratungsteams von Stormshield und erhalten Sie Zugang zu unserer Demo-Umgebung.<\/span>[\/vc_column_text][vc_empty_space]<a  itemprop=\"url\" href=\"https:\/\/www.stormshield.com\/de\/kontakt\/anfrage-an-den-vertrieb\/\" target=\"_blank\" data-hover-background-color=\"#00aeef\" data-hover-border-color=\"#ffffff\" class=\"qbutton  white enlarge\" style=\"border-color: #ffffff; background-color:#060051;\">Kontakt<i class=\"qode_icon_font_awesome fa fa-angle-right qode_button_icon_element\"><\/i><\/a>[\/vc_column_inner][\/vc_row_inner][\/vc_column][\/vc_row][vc_row css_animation=\"\" row_type=\"row\" use_row_as_full_screen_section=\"no\" type=\"full_width\" angled_section=\"no\" text_align=\"left\" background_image_as_pattern=\"without_pattern\"][vc_column][vc_empty_space][\/vc_column][\/vc_row]<\/p>\n<\/div>","protected":false},"excerpt":{"rendered":"<p>[vc_row css_animation=&#8220;&#8220; row_type=&#8220;row&#8220; use_row_as_full_screen_section=&#8220;no&#8220; type=&#8220;grid&#8220; angled_section=&#8220;no&#8220; text_align=&#8220;left&#8220; background_image_as_pattern=&#8220;without_pattern&#8220; background_image=&#8220;227768&#8243; z_index=&#8220;&#8220; padding_bottom=&#8220;125&#8243; padding_top=&#8220;125&#8243;][vc_column][vc_column_text] Stormshield Data Connector Die L\u00f6sung zum Schutz von Branchendaten[\/vc_column_text][\/vc_column][\/vc_row][vc_row css_animation=&#8220;&#8220; row_type=&#8220;row&#8220; use_row_as_full_screen_section=&#8220;no&#8220; type=&#8220;grid&#8220; angled_section=&#8220;no&#8220; text_align=&#8220;left&#8220; background_image_as_pattern=&#8220;without_pattern&#8220; z_index=&#8220;&#8220; padding_top=&#8220;50&#8243; padding_bottom=&#8220;50&#8243;][vc_column][vc_row_inner row_type=&#8220;row&#8220; type=&#8220;full_width&#8220; text_align=&#8220;left&#8220; css_animation=&#8220;&#8220;][vc_column_inner width=&#8220;1\/2&#8243;][vc_column_text] Schutz f\u00fcr Ihre Gesch\u00e4ftsanwendungen Angesichts der zunehmenden Auslagerung von&#8230;<\/p>\n","protected":false},"author":31,"featured_media":0,"parent":315862,"menu_order":3,"comment_status":"closed","ping_status":"closed","template":"full_width.php","meta":{"_acf_changed":false,"footnotes":""},"class_list":["post-232163","page","type-page","status-publish","hentry"],"acf":[],"yoast_head":"<!-- This site is optimized with the Yoast SEO plugin v27.3 - https:\/\/yoast.com\/product\/yoast-seo-wordpress\/ -->\n<title>Datenschutz: Stormshield Data Connector | Stormshield<\/title>\n<meta name=\"description\" content=\"Angesichts der zunehmenden Auslagerung der IT-Infrastruktur sch\u00fctzt der Stormshield Data Connector Ihre Gesch\u00e4ftsdaten auf transparente und einfache Weise.\" \/>\n<meta name=\"robots\" content=\"index, follow, max-snippet:-1, max-image-preview:large, max-video-preview:-1\" \/>\n<link rel=\"canonical\" href=\"https:\/\/www.stormshield.com\/de\/produkte-und-services\/produkte\/datenverschluesselung\/sds-produktreihe\/sds-data-connector\/\" \/>\n<meta property=\"og:locale\" content=\"de_DE\" \/>\n<meta property=\"og:type\" content=\"article\" \/>\n<meta property=\"og:title\" content=\"Datenschutz: Stormshield Data Connector | Stormshield\" \/>\n<meta property=\"og:description\" content=\"Angesichts der zunehmenden Auslagerung der IT-Infrastruktur sch\u00fctzt der Stormshield Data Connector Ihre Gesch\u00e4ftsdaten auf transparente und einfache Weise.\" \/>\n<meta property=\"og:url\" content=\"https:\/\/www.stormshield.com\/de\/produkte-und-services\/produkte\/datenverschluesselung\/sds-produktreihe\/sds-data-connector\/\" \/>\n<meta property=\"og:site_name\" content=\"Stormshield\" \/>\n<meta property=\"article:modified_time\" content=\"2024-01-19T10:29:49+00:00\" \/>\n<meta property=\"og:image\" content=\"https:\/\/www.stormshield.com\/wp-content\/uploads\/stormshield_logo.png\" \/>\n\t<meta property=\"og:image:width\" content=\"204\" \/>\n\t<meta property=\"og:image:height\" content=\"94\" \/>\n\t<meta property=\"og:image:type\" content=\"image\/png\" \/>\n<meta name=\"twitter:card\" content=\"summary_large_image\" \/>\n<meta name=\"twitter:site\" content=\"@Stormshield\" \/>\n<meta name=\"twitter:label1\" content=\"Gesch\u00e4tzte Lesezeit\" \/>\n\t<meta name=\"twitter:data1\" content=\"3\u00a0Minuten\" \/>\n<script type=\"application\/ld+json\" class=\"yoast-schema-graph\">{\"@context\":\"https:\\\/\\\/schema.org\",\"@graph\":[{\"@type\":\"WebPage\",\"@id\":\"https:\\\/\\\/www.stormshield.com\\\/de\\\/produkte-und-services\\\/produkte\\\/datenverschluesselung\\\/sds-produktreihe\\\/sds-data-connector\\\/\",\"url\":\"https:\\\/\\\/www.stormshield.com\\\/de\\\/produkte-und-services\\\/produkte\\\/datenverschluesselung\\\/sds-produktreihe\\\/sds-data-connector\\\/\",\"name\":\"Datenschutz: Stormshield Data Connector | Stormshield\",\"isPartOf\":{\"@id\":\"https:\\\/\\\/www.stormshield.com\\\/de\\\/#website\"},\"datePublished\":\"2021-09-13T12:09:07+00:00\",\"dateModified\":\"2024-01-19T10:29:49+00:00\",\"description\":\"Angesichts der zunehmenden Auslagerung der IT-Infrastruktur sch\u00fctzt der Stormshield Data Connector Ihre Gesch\u00e4ftsdaten auf transparente und einfache Weise.\",\"breadcrumb\":{\"@id\":\"https:\\\/\\\/www.stormshield.com\\\/de\\\/produkte-und-services\\\/produkte\\\/datenverschluesselung\\\/sds-produktreihe\\\/sds-data-connector\\\/#breadcrumb\"},\"inLanguage\":\"de\",\"potentialAction\":[{\"@type\":\"ReadAction\",\"target\":[\"https:\\\/\\\/www.stormshield.com\\\/de\\\/produkte-und-services\\\/produkte\\\/datenverschluesselung\\\/sds-produktreihe\\\/sds-data-connector\\\/\"]}]},{\"@type\":\"BreadcrumbList\",\"@id\":\"https:\\\/\\\/www.stormshield.com\\\/de\\\/produkte-und-services\\\/produkte\\\/datenverschluesselung\\\/sds-produktreihe\\\/sds-data-connector\\\/#breadcrumb\",\"itemListElement\":[{\"@type\":\"ListItem\",\"position\":1,\"name\":\"Home\",\"item\":\"https:\\\/\\\/www.stormshield.com\\\/de\\\/\"},{\"@type\":\"ListItem\",\"position\":2,\"name\":\"Produkte &amp; Solutions\",\"item\":\"https:\\\/\\\/www.stormshield.com\\\/de\\\/produkte-und-services\\\/\"},{\"@type\":\"ListItem\",\"position\":3,\"name\":\"Produkte\",\"item\":\"https:\\\/\\\/www.stormshield.com\\\/de\\\/produkte-und-services\\\/produkte\\\/\"},{\"@type\":\"ListItem\",\"position\":4,\"name\":\"Datenverschl\u00fcsselung\",\"item\":\"https:\\\/\\\/www.stormshield.com\\\/de\\\/produkte-und-services\\\/produkte\\\/datenverschluesselung\\\/\"},{\"@type\":\"ListItem\",\"position\":5,\"name\":\"SDS Produktreihe\",\"item\":\"https:\\\/\\\/www.stormshield.com\\\/de\\\/produkte-und-services\\\/produkte\\\/datenverschluesselung\\\/sds-produktreihe\\\/\"},{\"@type\":\"ListItem\",\"position\":6,\"name\":\"Stormshield Data Connector\"}]},{\"@type\":\"WebSite\",\"@id\":\"https:\\\/\\\/www.stormshield.com\\\/de\\\/#website\",\"url\":\"https:\\\/\\\/www.stormshield.com\\\/de\\\/\",\"name\":\"Stormshield\",\"description\":\"Stormshield\",\"potentialAction\":[{\"@type\":\"SearchAction\",\"target\":{\"@type\":\"EntryPoint\",\"urlTemplate\":\"https:\\\/\\\/www.stormshield.com\\\/de\\\/?s={search_term_string}\"},\"query-input\":{\"@type\":\"PropertyValueSpecification\",\"valueRequired\":true,\"valueName\":\"search_term_string\"}}],\"inLanguage\":\"de\"}]}<\/script>\n<!-- \/ Yoast SEO plugin. -->","yoast_head_json":{"title":"Datenschutz: Stormshield Data Connector | Stormshield","description":"Angesichts der zunehmenden Auslagerung der IT-Infrastruktur sch\u00fctzt der Stormshield Data Connector Ihre Gesch\u00e4ftsdaten auf transparente und einfache Weise.","robots":{"index":"index","follow":"follow","max-snippet":"max-snippet:-1","max-image-preview":"max-image-preview:large","max-video-preview":"max-video-preview:-1"},"canonical":"https:\/\/www.stormshield.com\/de\/produkte-und-services\/produkte\/datenverschluesselung\/sds-produktreihe\/sds-data-connector\/","og_locale":"de_DE","og_type":"article","og_title":"Datenschutz: Stormshield Data Connector | Stormshield","og_description":"Angesichts der zunehmenden Auslagerung der IT-Infrastruktur sch\u00fctzt der Stormshield Data Connector Ihre Gesch\u00e4ftsdaten auf transparente und einfache Weise.","og_url":"https:\/\/www.stormshield.com\/de\/produkte-und-services\/produkte\/datenverschluesselung\/sds-produktreihe\/sds-data-connector\/","og_site_name":"Stormshield","article_modified_time":"2024-01-19T10:29:49+00:00","og_image":[{"width":204,"height":94,"url":"https:\/\/www.stormshield.com\/wp-content\/uploads\/stormshield_logo.png","type":"image\/png"}],"twitter_card":"summary_large_image","twitter_site":"@Stormshield","twitter_misc":{"Gesch\u00e4tzte Lesezeit":"3\u00a0Minuten"},"schema":{"@context":"https:\/\/schema.org","@graph":[{"@type":"WebPage","@id":"https:\/\/www.stormshield.com\/de\/produkte-und-services\/produkte\/datenverschluesselung\/sds-produktreihe\/sds-data-connector\/","url":"https:\/\/www.stormshield.com\/de\/produkte-und-services\/produkte\/datenverschluesselung\/sds-produktreihe\/sds-data-connector\/","name":"Datenschutz: Stormshield Data Connector | Stormshield","isPartOf":{"@id":"https:\/\/www.stormshield.com\/de\/#website"},"datePublished":"2021-09-13T12:09:07+00:00","dateModified":"2024-01-19T10:29:49+00:00","description":"Angesichts der zunehmenden Auslagerung der IT-Infrastruktur sch\u00fctzt der Stormshield Data Connector Ihre Gesch\u00e4ftsdaten auf transparente und einfache Weise.","breadcrumb":{"@id":"https:\/\/www.stormshield.com\/de\/produkte-und-services\/produkte\/datenverschluesselung\/sds-produktreihe\/sds-data-connector\/#breadcrumb"},"inLanguage":"de","potentialAction":[{"@type":"ReadAction","target":["https:\/\/www.stormshield.com\/de\/produkte-und-services\/produkte\/datenverschluesselung\/sds-produktreihe\/sds-data-connector\/"]}]},{"@type":"BreadcrumbList","@id":"https:\/\/www.stormshield.com\/de\/produkte-und-services\/produkte\/datenverschluesselung\/sds-produktreihe\/sds-data-connector\/#breadcrumb","itemListElement":[{"@type":"ListItem","position":1,"name":"Home","item":"https:\/\/www.stormshield.com\/de\/"},{"@type":"ListItem","position":2,"name":"Produkte &amp; Solutions","item":"https:\/\/www.stormshield.com\/de\/produkte-und-services\/"},{"@type":"ListItem","position":3,"name":"Produkte","item":"https:\/\/www.stormshield.com\/de\/produkte-und-services\/produkte\/"},{"@type":"ListItem","position":4,"name":"Datenverschl\u00fcsselung","item":"https:\/\/www.stormshield.com\/de\/produkte-und-services\/produkte\/datenverschluesselung\/"},{"@type":"ListItem","position":5,"name":"SDS Produktreihe","item":"https:\/\/www.stormshield.com\/de\/produkte-und-services\/produkte\/datenverschluesselung\/sds-produktreihe\/"},{"@type":"ListItem","position":6,"name":"Stormshield Data Connector"}]},{"@type":"WebSite","@id":"https:\/\/www.stormshield.com\/de\/#website","url":"https:\/\/www.stormshield.com\/de\/","name":"Stormshield","description":"Stormshield","potentialAction":[{"@type":"SearchAction","target":{"@type":"EntryPoint","urlTemplate":"https:\/\/www.stormshield.com\/de\/?s={search_term_string}"},"query-input":{"@type":"PropertyValueSpecification","valueRequired":true,"valueName":"search_term_string"}}],"inLanguage":"de"}]}},"_links":{"self":[{"href":"https:\/\/www.stormshield.com\/de\/wp-json\/wp\/v2\/pages\/232163","targetHints":{"allow":["GET"]}}],"collection":[{"href":"https:\/\/www.stormshield.com\/de\/wp-json\/wp\/v2\/pages"}],"about":[{"href":"https:\/\/www.stormshield.com\/de\/wp-json\/wp\/v2\/types\/page"}],"author":[{"embeddable":true,"href":"https:\/\/www.stormshield.com\/de\/wp-json\/wp\/v2\/users\/31"}],"replies":[{"embeddable":true,"href":"https:\/\/www.stormshield.com\/de\/wp-json\/wp\/v2\/comments?post=232163"}],"version-history":[{"count":7,"href":"https:\/\/www.stormshield.com\/de\/wp-json\/wp\/v2\/pages\/232163\/revisions"}],"predecessor-version":[{"id":484654,"href":"https:\/\/www.stormshield.com\/de\/wp-json\/wp\/v2\/pages\/232163\/revisions\/484654"}],"up":[{"embeddable":true,"href":"https:\/\/www.stormshield.com\/de\/wp-json\/wp\/v2\/pages\/315862"}],"wp:attachment":[{"href":"https:\/\/www.stormshield.com\/de\/wp-json\/wp\/v2\/media?parent=232163"}],"curies":[{"name":"wp","href":"https:\/\/api.w.org\/{rel}","templated":true}]}}