{"id":231738,"date":"2021-09-07T07:00:46","date_gmt":"2021-09-07T06:00:46","guid":{"rendered":"https:\/\/www.stormshield.com\/?page_id=231738"},"modified":"2025-09-18T16:29:55","modified_gmt":"2025-09-18T15:29:55","slug":"option-breach-fighter","status":"publish","type":"page","link":"https:\/\/www.stormshield.com\/de\/produkte-und-services\/produkte\/netzwerksicherheit\/unsere-firewalls-sns\/option-breach-fighter\/","title":{"rendered":"Option Breach Fighter"},"content":{"rendered":"<div class=\"wpb-content-wrapper\"><p>[vc_row css_animation=\"\" row_type=\"row\" use_row_as_full_screen_section=\"no\" type=\"grid\" angled_section=\"no\" text_align=\"left\" background_image_as_pattern=\"without_pattern\" background_image=\"224556\" z_index=\"\" padding_top=\"125\" padding_bottom=\"125\"][vc_column][vc_column_text]<\/p>\n<h1 style=\"text-align: left;\"><strong><span style=\"color: #000;\">Breach Fighter<\/span><\/strong><\/h1>\n<p style=\"text-align: left;\"><span style=\"color: #000000;\">Unsere L\u00f6sung zur dynamischen Erkennung von hochentwickelter Malware<\/span><\/p>\n<p>[\/vc_column_text][\/vc_column][\/vc_row][vc_row css_animation=\"\" row_type=\"row\" use_row_as_full_screen_section=\"no\" type=\"grid\" angled_section=\"no\" text_align=\"left\" background_image_as_pattern=\"without_pattern\" z_index=\"\"][vc_column][vc_empty_space][vc_column_text css=\"\"]<span style=\"color: #000; font-size: 1.1em;\"><strong>Mit unserer Option \u201eBreach Fighter\u201c k\u00f6nnen Sie die Funktionen Ihrer Stormshield-Appliances durch Sandboxing, sowie die Analyse von verd\u00e4chtigen Dateien erg\u00e4nzen. Erweitern Sie Ihre Cybersicherheitsl\u00f6sungen um einen dynamischen Schutz vor unbekannten Angriffen. Und analysieren Sie Cyberbedrohungen dank k\u00fcnstlicher Intelligenz noch schneller.<\/strong><\/span>[\/vc_column_text][vc_empty_space][vc_separator type=\"normal\" color=\"#015ca7\"][\/vc_column][\/vc_row][vc_row css_animation=\"\" row_type=\"row\" use_row_as_full_screen_section=\"no\" type=\"grid\" angled_section=\"no\" text_align=\"left\" background_image_as_pattern=\"without_pattern\" z_index=\"\" padding_bottom=\"50\"][vc_column][vc_row_inner row_type=\"row\" type=\"full_width\" text_align=\"left\" css_animation=\"\"][vc_column_inner width=\"2\/3\"][vc_column_text css=\"\"]<\/p>\n<h2><span style=\"color: #000; font-size: 1.2em; font-weight: 900;\">Optimaler Schutz vor Cyberangriffen<\/span><\/h2>\n<p><span style=\"color: #000; font-size: 1.1em;\">Breach Fighter ist die perfekte Erg\u00e4nzung zur Technologie unserer Stormshield Network Security-Firewalls und analysiert potenziell gef\u00e4hrliche Dateien die aus dem Internet heruntergeladen, oder als E-Mail-Anhang verschickt wurden. <strong>Dank der Kombination aus drei Schutzebenen (IPS, Antivirus und Verhaltensanalyse in einer Sandbox)<\/strong> k\u00f6nnen Sie Ihre content coltrol level st\u00e4rken und Ihre Anf\u00e4lligkeit gegen\u00fcber bekannten und unbekannten Cyberbedrohungen begrenzen.<\/span>[\/vc_column_text][vc_empty_space]<a  itemprop=\"url\" href=\"https:\/\/www.stormshield.com\/wp-content\/uploads\/SNS-DE-BreachFighter-Datasheet.pdf\" target=\"_blank\" data-hover-background-color=\"#00aeef\" data-hover-border-color=\"#ffffff\" class=\"qbutton  white enlarge\" style=\"border-color: #ffffff; background-color:#060051;\">Produktblatt Breach Fighter<i class=\"qode_icon_font_awesome fa fa-download qode_button_icon_element\"><\/i><\/a>[vc_empty_space height=\"12px\"]<a  itemprop=\"url\" href=\"https:\/\/www.stormshield.com\/wp-content\/uploads\/SNS-DE-Network-Security-Range-IT-Brochure.pdf\" target=\"_blank\" data-hover-background-color=\"#00aeef\" data-hover-border-color=\"#ffffff\" class=\"qbutton  white enlarge\" style=\"border-color: #ffffff; background-color:#060051;\">SNS Brosch\u00fcre<i class=\"qode_icon_font_awesome fa fa-angle-right qode_button_icon_element\"><\/i><\/a>[vc_empty_space][\/vc_column_inner][vc_column_inner width=\"1\/3\"][vc_single_image image=\"456740\" img_size=\"medium\" alignment=\"center\" css=\"\" qode_css_animation=\"\" qode_hover_animation=\"zoom_in\"][\/vc_column_inner][\/vc_row_inner][\/vc_column][\/vc_row][vc_row css_animation=\"\" row_type=\"row\" use_row_as_full_screen_section=\"no\" type=\"grid\" angled_section=\"no\" text_align=\"left\" background_image_as_pattern=\"without_pattern\" z_index=\"\" padding_top=\"50\" padding_bottom=\"50\" el_class=\"fond_gris\"][vc_column][vc_row_inner row_type=\"row\" type=\"full_width\" text_align=\"left\" css_animation=\"\"][vc_column_inner][vc_column_text css=\"\"]<\/p>\n<h2><span style=\"color: #000; font-size: 1.2em; font-weight: 900;\">Erh\u00f6hte Erkennungseffizienz durch KI<\/span><\/h2>\n<p><span style=\"color: #000; font-size: 1.1em;\"><strong>Durch die Integration von KI-Analysen in seine Sandbox-Umgebung<\/strong> hat Breach Fighter seinen Erkennungsprozess effizienter gestaltet. Das bedeutet, dass Sie die Anzahl der beim ersten Scan gestoppten sch\u00e4dlichen Dateien erh\u00f6hen k\u00f6nnen.<\/span>[\/vc_column_text][vc_empty_space][\/vc_column_inner][\/vc_row_inner][\/vc_column][\/vc_row][vc_row css_animation=\"\" row_type=\"row\" use_row_as_full_screen_section=\"no\" type=\"grid\" angled_section=\"no\" text_align=\"left\" background_image_as_pattern=\"without_pattern\" z_index=\"\" padding_top=\"50\" padding_bottom=\"50\"][vc_column][vc_row_inner row_type=\"row\" type=\"full_width\" text_align=\"left\" css_animation=\"\"][vc_column_inner][vc_column_text css=\"\"]<\/p>\n<h2><span style=\"color: #000; font-size: 1.2em; font-weight: 900;\">Vertrauensw\u00fcrdiger Cloud-Zugriff<\/span><\/h2>\n<p><span style=\"color: #000; font-size: 1.1em;\"><strong>Cybersicherheit ist (auch) eine Frage des Vertrauens.<\/strong> Im Einklang mit den Cloud-Angeboten von Stormshield wird Breach Fighter in vertrauensw\u00fcrdigen europ\u00e4ischen Rechenzentren gehostet um die gesetzlichne Anforderungen zu erf\u00fcllen und die europ\u00e4ische Datenschutz-Grundverordnung (DSGVO) einzuhalten.<\/span>[\/vc_column_text][vc_empty_space][\/vc_column_inner][\/vc_row_inner][\/vc_column][\/vc_row][vc_row css_animation=\"\" row_type=\"row\" use_row_as_full_screen_section=\"no\" type=\"grid\" angled_section=\"no\" text_align=\"left\" background_image_as_pattern=\"without_pattern\" z_index=\"\" padding_top=\"50\" padding_bottom=\"50\" el_class=\"fond_gris\"][vc_column][vc_row_inner row_type=\"row\" type=\"full_width\" text_align=\"left\" css_animation=\"\"][vc_column_inner][vc_column_text]<\/p>\n<h2><span style=\"color: #000; font-size: 1.2em; font-weight: 900;\">Eine Leicht zu Integrierende Option<\/span><\/h2>\n<p><span style=\"color: #000; font-size: 1.1em;\"><strong>Die L\u00f6sung \u201eBreach Fighter\u201c wird mit einem einzigen Klick in einer Stormshield-Firewall aktiviert.<\/strong> Es sind keine zus\u00e4tzlichen Ger\u00e4te erforderlich, sodass es keine Auswirkungen auf die Infrastruktur gibt.<\/span>[\/vc_column_text][vc_empty_space][\/vc_column_inner][\/vc_row_inner][\/vc_column][\/vc_row][vc_row row_type=\"parallax\" parallax_content_width=\"full_width\" text_align=\"left\" full_screen_section_height=\"yes\" vertically_align_content_in_middle=\"yes\" background_image=\"121200\"][vc_column][vc_row_inner row_type=\"row\" type=\"grid\" text_align=\"left\" css_animation=\"\"][vc_column_inner width=\"1\/2\"][vc_column_text]<span style=\"color: #ffffff; font-size: 1.1em;\">Zweifeln Sie, ob Sie den Anhang der letzten E-Mail, die Sie erhalten haben, \u00f6ffnen sollten? <strong>Breach Fighter ist auch ein kostenloses Portal zur Erkennung von Malware in verd\u00e4chtigen Dateien.<\/strong> Mit diesem cloudbasierten Sandboxing-Service k\u00f6nnen Sie alle Dateien vor dem \u00d6ffnen pr\u00fcfen.<\/span>[\/vc_column_text][vc_empty_space]<a  itemprop=\"url\" href=\"https:\/\/breachfighter.stormshieldcs.eu\/\" target=\"_blank\" data-hover-background-color=\"#d23467\" data-hover-border-color=\"#d23467\" class=\"qbutton  white enlarge\" style=\"border-color: #ffffff; background-color:#d23467;\">Zum Breach Fighter portal<i class=\"qode_icon_font_awesome fa fa-angle-right qode_button_icon_element\"><\/i><\/a>[vc_empty_space][\/vc_column_inner][vc_column_inner width=\"1\/2\"][\/vc_column_inner][\/vc_row_inner][\/vc_column][\/vc_row][vc_row css_animation=\"\" row_type=\"row\" use_row_as_full_screen_section=\"no\" type=\"grid\" angled_section=\"no\" text_align=\"left\" background_image_as_pattern=\"without_pattern\" z_index=\"\" padding_top=\"50\" padding_bottom=\"50\"][vc_column][vc_row_inner row_type=\"row\" type=\"full_width\" text_align=\"left\" css_animation=\"\"][vc_column_inner][vc_column_text css=\"\"]<span style=\"color: #000000; font-size: 1.1em;\"><strong>Breach Fighter: Fragen &amp; Antworten.<\/strong> Haben Sie eine technische Frage zu Breach Fighter? W\u00fcnschen Sie eine Testversion? Oder ein Preisangebot? F\u00fcr alle kommerziellen oder technischen Informationen wenden Sie sich bitte an unsere Teams.<\/span>[\/vc_column_text][vc_empty_space]<a  itemprop=\"url\" href=\"https:\/\/www.stormshield.com\/de\/kontakt\/anfrage-an-den-vertrieb\/\" target=\"_blank\" data-hover-background-color=\"#00aeef\" data-hover-border-color=\"#ffffff\" class=\"qbutton  white enlarge\" style=\"border-color: #ffffff; background-color:#060051;\">Kontakt<i class=\"qode_icon_font_awesome fa fa-angle-right qode_button_icon_element\"><\/i><\/a>[vc_empty_space][\/vc_column_inner][\/vc_row_inner][\/vc_column][\/vc_row]<\/p>\n<\/div>","protected":false},"excerpt":{"rendered":"<p>[vc_row css_animation=&#8220;&#8220; row_type=&#8220;row&#8220; use_row_as_full_screen_section=&#8220;no&#8220; type=&#8220;grid&#8220; angled_section=&#8220;no&#8220; text_align=&#8220;left&#8220; background_image_as_pattern=&#8220;without_pattern&#8220; background_image=&#8220;224556&#8243; z_index=&#8220;&#8220; padding_top=&#8220;125&#8243; padding_bottom=&#8220;125&#8243;][vc_column][vc_column_text] Breach Fighter Unsere L\u00f6sung zur dynamischen Erkennung von hochentwickelter Malware [\/vc_column_text][\/vc_column][\/vc_row][vc_row css_animation=&#8220;&#8220; row_type=&#8220;row&#8220; use_row_as_full_screen_section=&#8220;no&#8220; type=&#8220;grid&#8220; angled_section=&#8220;no&#8220; text_align=&#8220;left&#8220; background_image_as_pattern=&#8220;without_pattern&#8220; z_index=&#8220;&#8220;][vc_column][vc_empty_space][vc_column_text css=&#8220;&#8220;]Mit unserer Option \u201eBreach Fighter\u201c k\u00f6nnen Sie die Funktionen Ihrer Stormshield-Appliances durch Sandboxing, sowie&#8230;<\/p>\n","protected":false},"author":31,"featured_media":0,"parent":231706,"menu_order":231,"comment_status":"closed","ping_status":"closed","template":"full_width.php","meta":{"_acf_changed":false,"footnotes":""},"class_list":["post-231738","page","type-page","status-publish","hentry"],"acf":[],"yoast_head":"<!-- This site is optimized with the Yoast SEO plugin v27.3 - https:\/\/yoast.com\/product\/yoast-seo-wordpress\/ -->\n<title>Breach Fighter: Erkennen Sie raffinierte Malware | Stormshield<\/title>\n<meta name=\"description\" content=\"Die Sandbox Stormshield Breach Fighter verbessert die Funktionalit\u00e4t Ihrer SNS-Firewalls, indem sie verd\u00e4chtige Dateien analysiert.\" \/>\n<meta name=\"robots\" content=\"index, follow, max-snippet:-1, max-image-preview:large, max-video-preview:-1\" \/>\n<link rel=\"canonical\" href=\"https:\/\/www.stormshield.com\/de\/produkte-und-services\/produkte\/netzwerksicherheit\/unsere-firewalls-sns\/option-breach-fighter\/\" \/>\n<meta property=\"og:locale\" content=\"de_DE\" \/>\n<meta property=\"og:type\" content=\"article\" \/>\n<meta property=\"og:title\" content=\"Breach Fighter: Erkennen Sie raffinierte Malware | Stormshield\" \/>\n<meta property=\"og:description\" content=\"Die Sandbox Stormshield Breach Fighter verbessert die Funktionalit\u00e4t Ihrer SNS-Firewalls, indem sie verd\u00e4chtige Dateien analysiert.\" \/>\n<meta property=\"og:url\" content=\"https:\/\/www.stormshield.com\/de\/produkte-und-services\/produkte\/netzwerksicherheit\/unsere-firewalls-sns\/option-breach-fighter\/\" \/>\n<meta property=\"og:site_name\" content=\"Stormshield\" \/>\n<meta property=\"article:modified_time\" content=\"2025-09-18T15:29:55+00:00\" \/>\n<meta property=\"og:image\" content=\"https:\/\/www.stormshield.com\/wp-content\/uploads\/stormshield_logo.png\" \/>\n\t<meta property=\"og:image:width\" content=\"204\" \/>\n\t<meta property=\"og:image:height\" content=\"94\" \/>\n\t<meta property=\"og:image:type\" content=\"image\/png\" \/>\n<meta name=\"twitter:card\" content=\"summary_large_image\" \/>\n<meta name=\"twitter:site\" content=\"@Stormshield\" \/>\n<meta name=\"twitter:label1\" content=\"Gesch\u00e4tzte Lesezeit\" \/>\n\t<meta name=\"twitter:data1\" content=\"3\u00a0Minuten\" \/>\n<script type=\"application\/ld+json\" class=\"yoast-schema-graph\">{\"@context\":\"https:\\\/\\\/schema.org\",\"@graph\":[{\"@type\":\"WebPage\",\"@id\":\"https:\\\/\\\/www.stormshield.com\\\/de\\\/produkte-und-services\\\/produkte\\\/netzwerksicherheit\\\/unsere-firewalls-sns\\\/option-breach-fighter\\\/\",\"url\":\"https:\\\/\\\/www.stormshield.com\\\/de\\\/produkte-und-services\\\/produkte\\\/netzwerksicherheit\\\/unsere-firewalls-sns\\\/option-breach-fighter\\\/\",\"name\":\"Breach Fighter: Erkennen Sie raffinierte Malware | Stormshield\",\"isPartOf\":{\"@id\":\"https:\\\/\\\/www.stormshield.com\\\/de\\\/#website\"},\"datePublished\":\"2021-09-07T06:00:46+00:00\",\"dateModified\":\"2025-09-18T15:29:55+00:00\",\"description\":\"Die Sandbox Stormshield Breach Fighter verbessert die Funktionalit\u00e4t Ihrer SNS-Firewalls, indem sie verd\u00e4chtige Dateien analysiert.\",\"breadcrumb\":{\"@id\":\"https:\\\/\\\/www.stormshield.com\\\/de\\\/produkte-und-services\\\/produkte\\\/netzwerksicherheit\\\/unsere-firewalls-sns\\\/option-breach-fighter\\\/#breadcrumb\"},\"inLanguage\":\"de\",\"potentialAction\":[{\"@type\":\"ReadAction\",\"target\":[\"https:\\\/\\\/www.stormshield.com\\\/de\\\/produkte-und-services\\\/produkte\\\/netzwerksicherheit\\\/unsere-firewalls-sns\\\/option-breach-fighter\\\/\"]}]},{\"@type\":\"BreadcrumbList\",\"@id\":\"https:\\\/\\\/www.stormshield.com\\\/de\\\/produkte-und-services\\\/produkte\\\/netzwerksicherheit\\\/unsere-firewalls-sns\\\/option-breach-fighter\\\/#breadcrumb\",\"itemListElement\":[{\"@type\":\"ListItem\",\"position\":1,\"name\":\"Home\",\"item\":\"https:\\\/\\\/www.stormshield.com\\\/de\\\/\"},{\"@type\":\"ListItem\",\"position\":2,\"name\":\"Produkte &amp; Solutions\",\"item\":\"https:\\\/\\\/www.stormshield.com\\\/de\\\/produkte-und-services\\\/\"},{\"@type\":\"ListItem\",\"position\":3,\"name\":\"Produkte\",\"item\":\"https:\\\/\\\/www.stormshield.com\\\/de\\\/produkte-und-services\\\/produkte\\\/\"},{\"@type\":\"ListItem\",\"position\":4,\"name\":\"Netzwerksicherheit\",\"item\":\"https:\\\/\\\/www.stormshield.com\\\/de\\\/produkte-und-services\\\/produkte\\\/netzwerksicherheit\\\/\"},{\"@type\":\"ListItem\",\"position\":5,\"name\":\"Unsere Firewalls (SNS)\",\"item\":\"https:\\\/\\\/www.stormshield.com\\\/de\\\/produkte-und-services\\\/produkte\\\/netzwerksicherheit\\\/unsere-firewalls-sns\\\/\"},{\"@type\":\"ListItem\",\"position\":6,\"name\":\"Option Breach Fighter\"}]},{\"@type\":\"WebSite\",\"@id\":\"https:\\\/\\\/www.stormshield.com\\\/de\\\/#website\",\"url\":\"https:\\\/\\\/www.stormshield.com\\\/de\\\/\",\"name\":\"Stormshield\",\"description\":\"Stormshield\",\"potentialAction\":[{\"@type\":\"SearchAction\",\"target\":{\"@type\":\"EntryPoint\",\"urlTemplate\":\"https:\\\/\\\/www.stormshield.com\\\/de\\\/?s={search_term_string}\"},\"query-input\":{\"@type\":\"PropertyValueSpecification\",\"valueRequired\":true,\"valueName\":\"search_term_string\"}}],\"inLanguage\":\"de\"}]}<\/script>\n<!-- \/ Yoast SEO plugin. -->","yoast_head_json":{"title":"Breach Fighter: Erkennen Sie raffinierte Malware | Stormshield","description":"Die Sandbox Stormshield Breach Fighter verbessert die Funktionalit\u00e4t Ihrer SNS-Firewalls, indem sie verd\u00e4chtige Dateien analysiert.","robots":{"index":"index","follow":"follow","max-snippet":"max-snippet:-1","max-image-preview":"max-image-preview:large","max-video-preview":"max-video-preview:-1"},"canonical":"https:\/\/www.stormshield.com\/de\/produkte-und-services\/produkte\/netzwerksicherheit\/unsere-firewalls-sns\/option-breach-fighter\/","og_locale":"de_DE","og_type":"article","og_title":"Breach Fighter: Erkennen Sie raffinierte Malware | Stormshield","og_description":"Die Sandbox Stormshield Breach Fighter verbessert die Funktionalit\u00e4t Ihrer SNS-Firewalls, indem sie verd\u00e4chtige Dateien analysiert.","og_url":"https:\/\/www.stormshield.com\/de\/produkte-und-services\/produkte\/netzwerksicherheit\/unsere-firewalls-sns\/option-breach-fighter\/","og_site_name":"Stormshield","article_modified_time":"2025-09-18T15:29:55+00:00","og_image":[{"width":204,"height":94,"url":"https:\/\/www.stormshield.com\/wp-content\/uploads\/stormshield_logo.png","type":"image\/png"}],"twitter_card":"summary_large_image","twitter_site":"@Stormshield","twitter_misc":{"Gesch\u00e4tzte Lesezeit":"3\u00a0Minuten"},"schema":{"@context":"https:\/\/schema.org","@graph":[{"@type":"WebPage","@id":"https:\/\/www.stormshield.com\/de\/produkte-und-services\/produkte\/netzwerksicherheit\/unsere-firewalls-sns\/option-breach-fighter\/","url":"https:\/\/www.stormshield.com\/de\/produkte-und-services\/produkte\/netzwerksicherheit\/unsere-firewalls-sns\/option-breach-fighter\/","name":"Breach Fighter: Erkennen Sie raffinierte Malware | Stormshield","isPartOf":{"@id":"https:\/\/www.stormshield.com\/de\/#website"},"datePublished":"2021-09-07T06:00:46+00:00","dateModified":"2025-09-18T15:29:55+00:00","description":"Die Sandbox Stormshield Breach Fighter verbessert die Funktionalit\u00e4t Ihrer SNS-Firewalls, indem sie verd\u00e4chtige Dateien analysiert.","breadcrumb":{"@id":"https:\/\/www.stormshield.com\/de\/produkte-und-services\/produkte\/netzwerksicherheit\/unsere-firewalls-sns\/option-breach-fighter\/#breadcrumb"},"inLanguage":"de","potentialAction":[{"@type":"ReadAction","target":["https:\/\/www.stormshield.com\/de\/produkte-und-services\/produkte\/netzwerksicherheit\/unsere-firewalls-sns\/option-breach-fighter\/"]}]},{"@type":"BreadcrumbList","@id":"https:\/\/www.stormshield.com\/de\/produkte-und-services\/produkte\/netzwerksicherheit\/unsere-firewalls-sns\/option-breach-fighter\/#breadcrumb","itemListElement":[{"@type":"ListItem","position":1,"name":"Home","item":"https:\/\/www.stormshield.com\/de\/"},{"@type":"ListItem","position":2,"name":"Produkte &amp; Solutions","item":"https:\/\/www.stormshield.com\/de\/produkte-und-services\/"},{"@type":"ListItem","position":3,"name":"Produkte","item":"https:\/\/www.stormshield.com\/de\/produkte-und-services\/produkte\/"},{"@type":"ListItem","position":4,"name":"Netzwerksicherheit","item":"https:\/\/www.stormshield.com\/de\/produkte-und-services\/produkte\/netzwerksicherheit\/"},{"@type":"ListItem","position":5,"name":"Unsere Firewalls (SNS)","item":"https:\/\/www.stormshield.com\/de\/produkte-und-services\/produkte\/netzwerksicherheit\/unsere-firewalls-sns\/"},{"@type":"ListItem","position":6,"name":"Option Breach Fighter"}]},{"@type":"WebSite","@id":"https:\/\/www.stormshield.com\/de\/#website","url":"https:\/\/www.stormshield.com\/de\/","name":"Stormshield","description":"Stormshield","potentialAction":[{"@type":"SearchAction","target":{"@type":"EntryPoint","urlTemplate":"https:\/\/www.stormshield.com\/de\/?s={search_term_string}"},"query-input":{"@type":"PropertyValueSpecification","valueRequired":true,"valueName":"search_term_string"}}],"inLanguage":"de"}]}},"_links":{"self":[{"href":"https:\/\/www.stormshield.com\/de\/wp-json\/wp\/v2\/pages\/231738","targetHints":{"allow":["GET"]}}],"collection":[{"href":"https:\/\/www.stormshield.com\/de\/wp-json\/wp\/v2\/pages"}],"about":[{"href":"https:\/\/www.stormshield.com\/de\/wp-json\/wp\/v2\/types\/page"}],"author":[{"embeddable":true,"href":"https:\/\/www.stormshield.com\/de\/wp-json\/wp\/v2\/users\/31"}],"replies":[{"embeddable":true,"href":"https:\/\/www.stormshield.com\/de\/wp-json\/wp\/v2\/comments?post=231738"}],"version-history":[{"count":13,"href":"https:\/\/www.stormshield.com\/de\/wp-json\/wp\/v2\/pages\/231738\/revisions"}],"predecessor-version":[{"id":669256,"href":"https:\/\/www.stormshield.com\/de\/wp-json\/wp\/v2\/pages\/231738\/revisions\/669256"}],"up":[{"embeddable":true,"href":"https:\/\/www.stormshield.com\/de\/wp-json\/wp\/v2\/pages\/231706"}],"wp:attachment":[{"href":"https:\/\/www.stormshield.com\/de\/wp-json\/wp\/v2\/media?parent=231738"}],"curies":[{"name":"wp","href":"https:\/\/api.w.org\/{rel}","templated":true}]}}