{"id":231046,"date":"2021-09-27T14:56:40","date_gmt":"2021-09-27T13:56:40","guid":{"rendered":"https:\/\/www.stormshield.com\/?page_id=231046"},"modified":"2024-11-12T16:51:57","modified_gmt":"2024-11-12T15:51:57","slug":"facility-management","status":"publish","type":"page","link":"https:\/\/www.stormshield.com\/de\/produkte-und-services\/branche\/facility-management\/","title":{"rendered":"Facility Management"},"content":{"rendered":"<div class=\"wpb-content-wrapper\"><p>[vc_row css_animation=\"\" row_type=\"row\" use_row_as_full_screen_section=\"no\" type=\"grid\" angled_section=\"no\" text_align=\"left\" background_image_as_pattern=\"without_pattern\" z_index=\"\" padding_top=\"50\" padding_bottom=\"50\"][vc_column][vc_empty_space][vc_column_text css=\"\"]<\/p>\n<h1 style=\"text-align: center;\"><span style=\"color: #00aaf5;\"><span style=\"font-weight: 900; font-size: 1.5em;\">Facility Management, Logistik und Cybersicherheit:<\/span><\/span><span style=\"color: #00aaf5;\"><span style=\"font-weight: 300; font-size: 1.5em;\"> Steuerung verbundener und intelligenter Netze<\/span><\/span><\/h1>\n<p>[\/vc_column_text][vc_empty_space][\/vc_column][\/vc_row][vc_row css_animation=\"\" row_type=\"row\" use_row_as_full_screen_section=\"no\" type=\"grid\" angled_section=\"no\" text_align=\"left\" background_image_as_pattern=\"without_pattern\" z_index=\"\" padding_top=\"50\" padding_bottom=\"50\"][vc_column][vc_row_inner row_type=\"row\" type=\"full_width\" text_align=\"left\" css_animation=\"\"][vc_column_inner width=\"2\/3\"][vc_column_text css=\"\"]<span style=\"color: #000; font-size: 1.1em;\"><strong>Mit dem Siegeszug des Smart-Building-Konzepts basiert die technische Geb\u00e4udeverwaltung immer mehr auf untereinander verbundenen, komplexen und sensiblen IT-Netzen.<\/strong> Wie k\u00f6nnen vor diesem Hintergrund Cyberangriffe mit m\u00f6glicherweise schwerwiegenden Folgen f\u00fcr Mensch und Material vermieden werden?<\/span>[\/vc_column_text][vc_empty_space][\/vc_column_inner][vc_column_inner width=\"1\/3\"][vc_empty_space][vc_single_image image=\"456865\" alignment=\"center\" css=\"\" qode_css_animation=\"\" qode_hover_animation=\"zoom_in\"][\/vc_column_inner][\/vc_row_inner][\/vc_column][\/vc_row][vc_row css_animation=\"\" row_type=\"row\" use_row_as_full_screen_section=\"no\" type=\"grid\" angled_section=\"no\" text_align=\"left\" background_image_as_pattern=\"without_pattern\" z_index=\"\" padding_bottom=\"50\" el_class=\"fond_gris\" padding_top=\"50\"][vc_column][vc_row_inner row_type=\"row\" type=\"full_width\" text_align=\"left\" css_animation=\"\"][vc_column_inner][vc_column_text css=\"\"]<\/p>\n<h2><span style=\"color: #000; font-size: 1.2em; font-weight: 900;\">Geb\u00e4ude und Zwischenlager: achtung vor Cyberbedrohungen<\/span><\/h2>\n<p><span style=\"color: #000; font-size: 1.1em;\"><strong>Automatisierte Supply Chain und Zwischenlager (technisches Geb\u00e4udemanagement\/zentralisierte technische Verwaltung)\u2026 Die Logistik wird \u201eintelligent\u201c und birgt somit auch hohe Risiken in Sachen Cybersicherheit.<\/strong> Auf diese Weise bieten Geb\u00e4ude und Zwischenlager Angriffsfl\u00e4chen f\u00fcr Cyberangriffe auf verschiedene Installationen: Aufz\u00fcge, Notausg\u00e4nge, Brandschutzt\u00fcren, Schleusen, Rauchmelder, Klimaanlagen, Heizung, Video\u00fcberwachung\u2026 Diese Cyberbedrohungen k\u00f6nnen zu hohen Materialsch\u00e4den oder im schlimmsten Fall zu Personensch\u00e4den f\u00fchren.<\/span>[\/vc_column_text][vc_empty_space][\/vc_column_inner][\/vc_row_inner][\/vc_column][\/vc_row][vc_row css_animation=\"\" row_type=\"row\" use_row_as_full_screen_section=\"no\" type=\"grid\" angled_section=\"no\" text_align=\"left\" background_image_as_pattern=\"without_pattern\" z_index=\"\" padding_top=\"50\" padding_bottom=\"50\"][vc_column][vc_row_inner row_type=\"row\" type=\"full_width\" text_align=\"left\" css_animation=\"\"][vc_column_inner][vc_column_text css=\"\"]<\/p>\n<h2><span style=\"color: #000; font-size: 1.2em; font-weight: 900;\">Angepasste, vollst\u00e4ndige und Entwicklungsf\u00e4hige L\u00f6sungen von Stormshield<\/span><\/h2>\n<p><span style=\"color: #000; font-size: 1.1em;\">Um sich vor Angriffen auf OT-Netzkomponenten und Workstations zu sch\u00fctzen und die Leistungsf\u00e4higkeit und Verf\u00fcgbarkeit der Netze zu garantieren, bietet Ihnen Stormshield eine gro\u00dfe Palette an L\u00f6sungen mit auf h\u00f6chster europ\u00e4ischer Ebene zertifizierten Produkten.\/span&gt;[\/vc_column_text][vc_empty_space][\/vc_column_inner][\/vc_row_inner][vc_row_inner row_type=\"row\" type=\"full_width\" text_align=\"left\" css_animation=\"\"][vc_column_inner width=\"1\/3\"][vc_column_text css=\"\"]<\/span><\/p>\n<h3><span style=\"color: #000; font-size: 1.1em; font-weight: 400;\">Schutz ihrer Netzwerke<\/span><\/h3>\n<p><span style=\"color: #000; font-size: 1.1em;\">Mit den Firewalls Stormshield Network Security (<strong>SNS<\/strong>) k\u00f6nnen Sie Ihre Netze segmentieren und eine detaillierte, kontextbezogene Analyse der OT-Protokolle (darunter Profinet) ausf\u00fchren, um bekannte und unbekannte Angriffe abzuwehren. Sie k\u00f6nnen auch zul\u00e4ssige Nachrichten feiner steuern und personalisierte Signaturen (custom patterns) zu Ihren Sicherheitsrichtlinien hinzuf\u00fcgen.<\/span>[\/vc_column_text][vc_empty_space]<a  itemprop=\"url\" href=\"https:\/\/www.stormshield.com\/de\/produkte-und-services\/produkte\/netzwerksicherheit\/\" target=\"_blank\" data-hover-background-color=\"#d23467\" data-hover-border-color=\"#d23467\" class=\"qbutton  left white enlarge\" style=\"border-color: #ffffff; background-color:#060051;\">SNS-L\u00f6sungen<i class=\"qode_icon_font_awesome fa fa-angle-right qode_button_icon_element\"><\/i><\/a>[vc_empty_space][\/vc_column_inner][vc_column_inner width=\"1\/3\"][vc_column_text css=\"\"]<\/p>\n<h3><span style=\"color: #000; font-size: 1.1em; font-weight: 400;\">Angriffe auf ihre Workstations<\/span><\/h3>\n<p><span style=\"color: #000; font-size: 1.1em;\">Mit unserer L\u00f6sung zum Schutz von Produktionssystemen \u2013 Stormshield Endpoint Security (<strong>SES<\/strong>) \u2013 erh\u00f6hen Sie das Sicherheitsniveau mithilfe einer verst\u00e4rkten Softwarearchitektur. So k\u00f6nnen Sie fortgeschrittene Cyberangriffe abwehren, die auf Ihre Workstations abzielen, und Sie profitieren von kontextbezogenem Schutz f\u00fcr Ihre mobilen Mitarbeitenden.<\/span>[\/vc_column_text][vc_empty_space]<a  itemprop=\"url\" href=\"https:\/\/www.stormshield.com\/de\/produkte-und-services\/produkte\/schutz-von-workstations-und-servern\/stormshield-endpoint-security\/\" target=\"_blank\" data-hover-background-color=\"#d23467\" data-hover-border-color=\"#d23467\" class=\"qbutton  left white enlarge\" style=\"border-color: #ffffff; background-color:#060051;\">SES-L\u00f6sungen<i class=\"qode_icon_font_awesome fa fa-angle-right qode_button_icon_element\"><\/i><\/a>[vc_empty_space][\/vc_column_inner][vc_column_inner width=\"1\/3\" css=\".vc_custom_1713882353421{padding-right: 32px !important;padding-bottom: 32px !important;padding-left: 32px !important;background-color: #f9f9f9 !important;}\"][vc_column_text css=\"\"]<\/p>\n<h3><span style=\"color: #000; font-size: 1.1em; font-weight: 400;\">Sch\u00fctzen sie ihre Infrastrukturen<\/span><\/h3>\n<p><span style=\"color: #000; font-size: 1.1em;\">Im Hinblick auf Betriebsumgebungen profitieren Sie von unseren speziellen <strong>Branchen-Firewalls<\/strong> mit Bypassmodus, der Ihrer Infrastruktur Betriebssicherheit verleiht. In einer feindlichen Umgebung voller Einschr\u00e4nkungen zeichnen sich unsere Produkte durch ihre hohe Resilienz aus.<\/span>[\/vc_column_text][vc_empty_space]<a  itemprop=\"url\" href=\"https:\/\/www.stormshield.com\/de\/produkte-und-services\/produkte\/industrielle-cybersicherheit-und-ot-schutz\/produktauswahl\/\" target=\"_blank\" data-hover-background-color=\"#d23467\" data-hover-border-color=\"#d23467\" class=\"qbutton  left white enlarge\" style=\"border-color: #ffffff; background-color:#060051;\">Branchen-Firewalls<i class=\"qode_icon_font_awesome fa fa-angle-right qode_button_icon_element\"><\/i><\/a>[vc_empty_space][\/vc_column_inner][\/vc_row_inner][\/vc_column][\/vc_row][vc_row css_animation=\"\" row_type=\"row\" use_row_as_full_screen_section=\"no\" type=\"grid\" angled_section=\"no\" text_align=\"left\" background_image_as_pattern=\"without_pattern\" z_index=\"\" padding_top=\"50\" padding_bottom=\"50\" el_class=\"fond_gris\"][vc_column][vc_row_inner row_type=\"row\" type=\"full_width\" text_align=\"left\" css_animation=\"\"][vc_column_inner][vc_column_text css=\"\"]<\/p>\n<h2><span style=\"color: #000; font-size: 1.2em; font-weight: 900;\">Erleichtern sie Ferneingriffe und Wartungsmassnahmen<\/span><\/h2>\n<p><span style=\"color: #000; font-size: 1.1em;\"><strong>Der Wartungsbedarf (Wartung, schnelle Reaktion bei Zwischenf\u00e4llen in Geb\u00e4uden) \u2013 manchmal ohne die M\u00f6glichkeit des direkten physischen Zugangs \u2013 und die hohe Anzahl an notwendigen Zulieferern f\u00fcr technisches Geb\u00e4udemanagement\/zentralisierte technische Verwaltung k\u00f6nnen zu Sicherheitsl\u00fccken f\u00fchren.<\/strong> Zudem ist es in \u00e4lteren Geb\u00e4uden, die sich oft in physischen Umgebungen mit wesentlichen Einschr\u00e4nkungen (Temperatur, Staub, Feuchtigkeit\u2026) befinden und sich von klassischen IT-Umgebungen unterscheiden, zum Schutz von Daten manchmal erforderlich, Sicherheitskomponenten auch ohne Schaltschrank so nah wie m\u00f6glich an den zu sch\u00fctzenden Elementen zu installieren.<\/span><\/p>\n<p><span style=\"color: #000; font-size: 1.1em;\">Um Technikern oder Drittanbietern Fernzugang zu gew\u00e4hren, ohne Sicherheitsl\u00fccken zu schaffen, k\u00f6nnen Sie auf mehrere L\u00f6sungen zur\u00fcckgreifen, wie z.B. auf die Stormshield Network Security-Produktfamilie (<strong>SNS<\/strong>)\u00a0mit ihren nomadischen SSL-VPN- oder IPSec-Funktionen sowie der Option zur Authentifizierung von Benutzern in Netzwerkstr\u00f6men. Mithilfe der Stormshield Endpoint Security-L\u00f6sung (<strong>SES<\/strong>) k\u00f6nnen Sie die Ger\u00e4te Ihrer mobilen Mitarbeitenden auch kontextabh\u00e4ngig sch\u00fctzen.<\/span>[\/vc_column_text][vc_empty_space][\/vc_column_inner][\/vc_row_inner][\/vc_column][\/vc_row][vc_row css_animation=\"\" row_type=\"row\" use_row_as_full_screen_section=\"no\" type=\"grid\" angled_section=\"no\" text_align=\"left\" background_image_as_pattern=\"without_pattern\" z_index=\"\" padding_top=\"50\" padding_bottom=\"50\"][vc_column][vc_row_inner row_type=\"row\" type=\"full_width\" text_align=\"left\" css_animation=\"\"][vc_column_inner][vc_column_text css=\"\"]<\/p>\n<h2><span style=\"color: #000; font-size: 1.2em; font-weight: 900;\">Daten und ihre Beherrschung im Herzen der Geb\u00e4udesicherheit<\/span><\/h2>\n<p><span style=\"color: #000; font-size: 1.1em;\">Das technische Geb\u00e4udemanagement bzw. die zentralisierte technische Verwaltung beruhen auf zahlreichen Informationen, die zwischen mehreren Au\u00dfenstellen oder innerhalb desselben Standorts ausgetauscht werden. Diese Technologie gew\u00e4hrleistet die Steuerung der Servicefunktionen, bei der auch die geografische Verteilung der Zwischenlager ber\u00fccksichtigt wird. Um den Datenaustausch zu sch\u00fctzen, m\u00fcssen vertrauensw\u00fcrdige Kommunikationskan\u00e4le eingerichtet werden (Authentifizierung, Vertraulichkeit, Integrit\u00e4t), d.h. sie m\u00fcssen auf Datenverschl\u00fcsselung beruhen. Auch m\u00fcssen sich Sicherheitsausr\u00fcstungen in einer umfassenden Infrastruktur von einem gro\u00dfen Admin-Team, aber ohne Experten vor Ort, einfach implementieren und verwalten lassen. Daf\u00fcr k\u00f6nnen Sie unsere Verwaltungstools der <strong>SNS<\/strong>-Produktfamilie einsetzen. Die Stormshield Management Center-L\u00f6sung (<strong>SMC<\/strong>) erf\u00fcllt Ihre Anforderungen an die zentrale Sicherheitsverhaltung f\u00fcr Infrastrukturen mit mehreren Standorten, w\u00e4hrend die Stormshield Log Supervisor-L\u00f6sung (<strong>SLS<\/strong>) den Einsatz von Ereignisverwaltungsverfahren erm\u00f6glicht. So erhalten Sie eine Gesamt\u00fcbersicht \u00fcber die Ereignisprotokolle (Logs) Ihrer <strong>SNS<\/strong>-Firewalls und k\u00f6nnen Zwischenf\u00e4lle verwalten.<\/span><\/p>\n<p><span style=\"color: #000; font-size: 1.1em;\">Mit dem <strong>Stormshield XDR<\/strong>-Angebot kombinieren Sie die Stormshield-L\u00f6sungen effektiv miteinander. Lassen Sie sich \u00fcber Vorf\u00e4lle aufgrund von Analysen auf Ihren Endger\u00e4ten, Netzwerken, Webdateien und E-Mails benachrichtigen, bevor Sie die Reaktion mit Ihren verschiedenen Sicherheitsprodukten verwalten, gesteuert durch ein zentrales Vorfallsmanagement. Eine ideale Kombination, um Sie in Echtzeit zu benachrichtigen und eine schnelle und nachhaltige Reaktion sowohl im Netzwerk als auch auf den Endger\u00e4ten zu steuern.<\/span>[\/vc_column_text][vc_empty_space]<a  itemprop=\"url\" href=\"https:\/\/www.stormshield.com\/de\/produkte-und-services\/produkte\/netzwerksicherheit\/verwaltungstools-fuer-sns-firewalls\/sls-stormshield-log-supervisor\/\" target=\"_blank\" data-hover-background-color=\"#d23467\" data-hover-border-color=\"#d23467\" class=\"qbutton  left white enlarge\" style=\"border-color: #ffffff; background-color:#060051;\">SLS-L\u00f6sung<i class=\"qode_icon_font_awesome fa fa-angle-right qode_button_icon_element\"><\/i><\/a>[vc_empty_space height=\"12px\"]<a  itemprop=\"url\" href=\"https:\/\/www.stormshield.com\/de\/produkte-und-services\/produkte\/netzwerksicherheit\/verwaltungstools-fuer-sns-firewalls\/stormshield-management-center\/\" target=\"_blank\" data-hover-background-color=\"#d23467\" data-hover-border-color=\"#d23467\" class=\"qbutton  left white enlarge\" style=\"border-color: #ffffff; background-color:#060051;\">SMC-L\u00f6sung<i class=\"qode_icon_font_awesome fa fa-angle-right qode_button_icon_element\"><\/i><\/a>[vc_empty_space height=\"12px\"]<a  itemprop=\"url\" href=\"https:\/\/www.stormshield.com\/de\/produkte-und-services\/produkte\/stormshield-xdr\/\" target=\"_blank\" data-hover-background-color=\"#d23467\" data-hover-border-color=\"#d23467\" class=\"qbutton  left white enlarge\" style=\"border-color: #ffffff; background-color:#060051;\">XDR-Angebot<i class=\"qode_icon_font_awesome fa fa-angle-right qode_button_icon_element\"><\/i><\/a>[vc_empty_space][\/vc_column_inner][\/vc_row_inner][\/vc_column][\/vc_row][vc_row css_animation=\"\" row_type=\"row\" use_row_as_full_screen_section=\"no\" type=\"grid\" angled_section=\"no\" text_align=\"left\" background_image_as_pattern=\"without_pattern\" z_index=\"\" background_color=\"#060051\" padding_top=\"100\" padding_bottom=\"100\"][vc_column][vc_column_text css=\"\"]<span style=\"color: #ffffff; font-size: 1.1em;\"><strong>Mit Stormshield setzen Sie deshalb ganz beruhigt auf ein in allen Situationen effizientes Kommunikationsnetz f\u00fcr Ihre Geb\u00e4ude und Zwischenlager.<\/strong> Unsere Teams sind f\u00fcr Sie da, um die speziellen Anforderungen Ihres Kommunikationsnetzes zu ermitteln und Ihnen die leistungsf\u00e4higsten L\u00f6sungen vorzustellen.<\/span>[\/vc_column_text][vc_empty_space]<a  itemprop=\"url\" href=\"https:\/\/www.stormshield.com\/de\/kontakt\/anfrage-an-den-vertrieb\/\" target=\"_self\" data-hover-background-color=\"#d23467\" data-hover-border-color=\"#d23467\" class=\"qbutton  white enlarge\" style=\"border-color: #ffffff; background-color:#00aeef;\">Kontakt<i class=\"qode_icon_font_awesome fa fa-angle-right qode_button_icon_element\"><\/i><\/a>[vc_empty_space][\/vc_column][\/vc_row]<\/p>\n<\/div>","protected":false},"excerpt":{"rendered":"<p>[vc_row css_animation=&#8220;&#8220; row_type=&#8220;row&#8220; use_row_as_full_screen_section=&#8220;no&#8220; type=&#8220;grid&#8220; angled_section=&#8220;no&#8220; text_align=&#8220;left&#8220; background_image_as_pattern=&#8220;without_pattern&#8220; z_index=&#8220;&#8220; padding_top=&#8220;50&#8243; padding_bottom=&#8220;50&#8243;][vc_column][vc_empty_space][vc_column_text css=&#8220;&#8220;] Facility Management, Logistik und Cybersicherheit: Steuerung verbundener und intelligenter Netze [\/vc_column_text][vc_empty_space][\/vc_column][\/vc_row][vc_row css_animation=&#8220;&#8220; row_type=&#8220;row&#8220; use_row_as_full_screen_section=&#8220;no&#8220; type=&#8220;grid&#8220; angled_section=&#8220;no&#8220; text_align=&#8220;left&#8220; background_image_as_pattern=&#8220;without_pattern&#8220; z_index=&#8220;&#8220; padding_top=&#8220;50&#8243; padding_bottom=&#8220;50&#8243;][vc_column][vc_row_inner row_type=&#8220;row&#8220; type=&#8220;full_width&#8220; text_align=&#8220;left&#8220; css_animation=&#8220;&#8220;][vc_column_inner width=&#8220;2\/3&#8243;][vc_column_text css=&#8220;&#8220;]Mit dem Siegeszug des Smart-Building-Konzepts basiert die&#8230;<\/p>\n","protected":false},"author":31,"featured_media":0,"parent":11056,"menu_order":219,"comment_status":"closed","ping_status":"closed","template":"full_width.php","meta":{"_acf_changed":false,"footnotes":""},"class_list":["post-231046","page","type-page","status-publish","hentry"],"acf":[],"yoast_head":"<!-- This site is optimized with the Yoast SEO plugin v27.3 - https:\/\/yoast.com\/product\/yoast-seo-wordpress\/ -->\n<title>Cybersicherheit, Facility Management und Logistik | Stormshield<\/title>\n<meta name=\"description\" content=\"Sch\u00fctzen Sie Ihre Netzwerke, blockieren Sie Angriffe und sichern Sie Ihre Infrastruktur mit den umfassenden und skalierbaren L\u00f6sungen von Stormshield!\" \/>\n<meta name=\"robots\" content=\"index, follow, max-snippet:-1, max-image-preview:large, max-video-preview:-1\" \/>\n<link rel=\"canonical\" href=\"https:\/\/www.stormshield.com\/de\/produkte-und-services\/branche\/facility-management\/\" \/>\n<meta property=\"og:locale\" content=\"de_DE\" \/>\n<meta property=\"og:type\" content=\"article\" \/>\n<meta property=\"og:title\" content=\"Cybersicherheit, Facility Management und Logistik | Stormshield\" \/>\n<meta property=\"og:description\" content=\"Sch\u00fctzen Sie Ihre Netzwerke, blockieren Sie Angriffe und sichern Sie Ihre Infrastruktur mit den umfassenden und skalierbaren L\u00f6sungen von Stormshield!\" \/>\n<meta property=\"og:url\" content=\"https:\/\/www.stormshield.com\/de\/produkte-und-services\/branche\/facility-management\/\" \/>\n<meta property=\"og:site_name\" content=\"Stormshield\" \/>\n<meta property=\"article:modified_time\" content=\"2024-11-12T15:51:57+00:00\" \/>\n<meta property=\"og:image\" content=\"https:\/\/www.stormshield.com\/wp-content\/uploads\/stormshield_logo.png\" \/>\n\t<meta property=\"og:image:width\" content=\"204\" \/>\n\t<meta property=\"og:image:height\" content=\"94\" \/>\n\t<meta property=\"og:image:type\" content=\"image\/png\" \/>\n<meta name=\"twitter:card\" content=\"summary_large_image\" \/>\n<meta name=\"twitter:site\" content=\"@Stormshield\" \/>\n<meta name=\"twitter:label1\" content=\"Gesch\u00e4tzte Lesezeit\" \/>\n\t<meta name=\"twitter:data1\" content=\"5\u00a0Minuten\" \/>\n<script type=\"application\/ld+json\" class=\"yoast-schema-graph\">{\"@context\":\"https:\\\/\\\/schema.org\",\"@graph\":[{\"@type\":\"WebPage\",\"@id\":\"https:\\\/\\\/www.stormshield.com\\\/de\\\/produkte-und-services\\\/branche\\\/facility-management\\\/\",\"url\":\"https:\\\/\\\/www.stormshield.com\\\/de\\\/produkte-und-services\\\/branche\\\/facility-management\\\/\",\"name\":\"Cybersicherheit, Facility Management und Logistik | Stormshield\",\"isPartOf\":{\"@id\":\"https:\\\/\\\/www.stormshield.com\\\/de\\\/#website\"},\"datePublished\":\"2021-09-27T13:56:40+00:00\",\"dateModified\":\"2024-11-12T15:51:57+00:00\",\"description\":\"Sch\u00fctzen Sie Ihre Netzwerke, blockieren Sie Angriffe und sichern Sie Ihre Infrastruktur mit den umfassenden und skalierbaren L\u00f6sungen von Stormshield!\",\"breadcrumb\":{\"@id\":\"https:\\\/\\\/www.stormshield.com\\\/de\\\/produkte-und-services\\\/branche\\\/facility-management\\\/#breadcrumb\"},\"inLanguage\":\"de\",\"potentialAction\":[{\"@type\":\"ReadAction\",\"target\":[\"https:\\\/\\\/www.stormshield.com\\\/de\\\/produkte-und-services\\\/branche\\\/facility-management\\\/\"]}]},{\"@type\":\"BreadcrumbList\",\"@id\":\"https:\\\/\\\/www.stormshield.com\\\/de\\\/produkte-und-services\\\/branche\\\/facility-management\\\/#breadcrumb\",\"itemListElement\":[{\"@type\":\"ListItem\",\"position\":1,\"name\":\"Home\",\"item\":\"https:\\\/\\\/www.stormshield.com\\\/de\\\/\"},{\"@type\":\"ListItem\",\"position\":2,\"name\":\"Produkte &amp; Solutions\",\"item\":\"https:\\\/\\\/www.stormshield.com\\\/de\\\/produkte-und-services\\\/\"},{\"@type\":\"ListItem\",\"position\":3,\"name\":\"Nach Branche\",\"item\":\"https:\\\/\\\/www.stormshield.com\\\/de\\\/produkte-und-services\\\/branche\\\/\"},{\"@type\":\"ListItem\",\"position\":4,\"name\":\"Facility Management\"}]},{\"@type\":\"WebSite\",\"@id\":\"https:\\\/\\\/www.stormshield.com\\\/de\\\/#website\",\"url\":\"https:\\\/\\\/www.stormshield.com\\\/de\\\/\",\"name\":\"Stormshield\",\"description\":\"Stormshield\",\"potentialAction\":[{\"@type\":\"SearchAction\",\"target\":{\"@type\":\"EntryPoint\",\"urlTemplate\":\"https:\\\/\\\/www.stormshield.com\\\/de\\\/?s={search_term_string}\"},\"query-input\":{\"@type\":\"PropertyValueSpecification\",\"valueRequired\":true,\"valueName\":\"search_term_string\"}}],\"inLanguage\":\"de\"}]}<\/script>\n<!-- \/ Yoast SEO plugin. -->","yoast_head_json":{"title":"Cybersicherheit, Facility Management und Logistik | Stormshield","description":"Sch\u00fctzen Sie Ihre Netzwerke, blockieren Sie Angriffe und sichern Sie Ihre Infrastruktur mit den umfassenden und skalierbaren L\u00f6sungen von Stormshield!","robots":{"index":"index","follow":"follow","max-snippet":"max-snippet:-1","max-image-preview":"max-image-preview:large","max-video-preview":"max-video-preview:-1"},"canonical":"https:\/\/www.stormshield.com\/de\/produkte-und-services\/branche\/facility-management\/","og_locale":"de_DE","og_type":"article","og_title":"Cybersicherheit, Facility Management und Logistik | Stormshield","og_description":"Sch\u00fctzen Sie Ihre Netzwerke, blockieren Sie Angriffe und sichern Sie Ihre Infrastruktur mit den umfassenden und skalierbaren L\u00f6sungen von Stormshield!","og_url":"https:\/\/www.stormshield.com\/de\/produkte-und-services\/branche\/facility-management\/","og_site_name":"Stormshield","article_modified_time":"2024-11-12T15:51:57+00:00","og_image":[{"width":204,"height":94,"url":"https:\/\/www.stormshield.com\/wp-content\/uploads\/stormshield_logo.png","type":"image\/png"}],"twitter_card":"summary_large_image","twitter_site":"@Stormshield","twitter_misc":{"Gesch\u00e4tzte Lesezeit":"5\u00a0Minuten"},"schema":{"@context":"https:\/\/schema.org","@graph":[{"@type":"WebPage","@id":"https:\/\/www.stormshield.com\/de\/produkte-und-services\/branche\/facility-management\/","url":"https:\/\/www.stormshield.com\/de\/produkte-und-services\/branche\/facility-management\/","name":"Cybersicherheit, Facility Management und Logistik | Stormshield","isPartOf":{"@id":"https:\/\/www.stormshield.com\/de\/#website"},"datePublished":"2021-09-27T13:56:40+00:00","dateModified":"2024-11-12T15:51:57+00:00","description":"Sch\u00fctzen Sie Ihre Netzwerke, blockieren Sie Angriffe und sichern Sie Ihre Infrastruktur mit den umfassenden und skalierbaren L\u00f6sungen von Stormshield!","breadcrumb":{"@id":"https:\/\/www.stormshield.com\/de\/produkte-und-services\/branche\/facility-management\/#breadcrumb"},"inLanguage":"de","potentialAction":[{"@type":"ReadAction","target":["https:\/\/www.stormshield.com\/de\/produkte-und-services\/branche\/facility-management\/"]}]},{"@type":"BreadcrumbList","@id":"https:\/\/www.stormshield.com\/de\/produkte-und-services\/branche\/facility-management\/#breadcrumb","itemListElement":[{"@type":"ListItem","position":1,"name":"Home","item":"https:\/\/www.stormshield.com\/de\/"},{"@type":"ListItem","position":2,"name":"Produkte &amp; Solutions","item":"https:\/\/www.stormshield.com\/de\/produkte-und-services\/"},{"@type":"ListItem","position":3,"name":"Nach Branche","item":"https:\/\/www.stormshield.com\/de\/produkte-und-services\/branche\/"},{"@type":"ListItem","position":4,"name":"Facility Management"}]},{"@type":"WebSite","@id":"https:\/\/www.stormshield.com\/de\/#website","url":"https:\/\/www.stormshield.com\/de\/","name":"Stormshield","description":"Stormshield","potentialAction":[{"@type":"SearchAction","target":{"@type":"EntryPoint","urlTemplate":"https:\/\/www.stormshield.com\/de\/?s={search_term_string}"},"query-input":{"@type":"PropertyValueSpecification","valueRequired":true,"valueName":"search_term_string"}}],"inLanguage":"de"}]}},"_links":{"self":[{"href":"https:\/\/www.stormshield.com\/de\/wp-json\/wp\/v2\/pages\/231046","targetHints":{"allow":["GET"]}}],"collection":[{"href":"https:\/\/www.stormshield.com\/de\/wp-json\/wp\/v2\/pages"}],"about":[{"href":"https:\/\/www.stormshield.com\/de\/wp-json\/wp\/v2\/types\/page"}],"author":[{"embeddable":true,"href":"https:\/\/www.stormshield.com\/de\/wp-json\/wp\/v2\/users\/31"}],"replies":[{"embeddable":true,"href":"https:\/\/www.stormshield.com\/de\/wp-json\/wp\/v2\/comments?post=231046"}],"version-history":[{"count":13,"href":"https:\/\/www.stormshield.com\/de\/wp-json\/wp\/v2\/pages\/231046\/revisions"}],"predecessor-version":[{"id":588034,"href":"https:\/\/www.stormshield.com\/de\/wp-json\/wp\/v2\/pages\/231046\/revisions\/588034"}],"up":[{"embeddable":true,"href":"https:\/\/www.stormshield.com\/de\/wp-json\/wp\/v2\/pages\/11056"}],"wp:attachment":[{"href":"https:\/\/www.stormshield.com\/de\/wp-json\/wp\/v2\/media?parent=231046"}],"curies":[{"name":"wp","href":"https:\/\/api.w.org\/{rel}","templated":true}]}}