{"id":231042,"date":"2021-09-27T15:19:08","date_gmt":"2021-09-27T14:19:08","guid":{"rendered":"https:\/\/www.stormshield.com\/?page_id=231042"},"modified":"2024-11-12T15:21:34","modified_gmt":"2024-11-12T14:21:34","slug":"kritische-kommunikation","status":"publish","type":"page","link":"https:\/\/www.stormshield.com\/de\/produkte-und-services\/branche\/kritische-kommunikation\/","title":{"rendered":"Kritische Kommunikation"},"content":{"rendered":"<div class=\"wpb-content-wrapper\"><p>[vc_row css_animation=\"\" row_type=\"row\" use_row_as_full_screen_section=\"no\" type=\"grid\" angled_section=\"no\" text_align=\"left\" background_image_as_pattern=\"without_pattern\" z_index=\"\" padding_top=\"50\" padding_bottom=\"50\"][vc_column][vc_empty_space][vc_column_text css=\"\"]<\/p>\n<h1 style=\"text-align: center;\"><span style=\"color: #00aaf5;\"><span style=\"font-weight: 900; font-size: 1.5em;\">Kritische Kommunikation und Cybersicherheit:<\/span><\/span><span style=\"color: #00aaf5;\"><span style=\"font-weight: 300; font-size: 1.5em;\"> Gute Ausstattung f\u00fcr einen gesch\u00fctzten Betrieb<\/span><\/span><\/h1>\n<p>[\/vc_column_text][vc_empty_space][\/vc_column][\/vc_row][vc_row css_animation=\"\" row_type=\"row\" use_row_as_full_screen_section=\"no\" type=\"grid\" angled_section=\"no\" text_align=\"left\" background_image_as_pattern=\"without_pattern\" z_index=\"\" padding_top=\"50\" padding_bottom=\"50\"][vc_column][vc_row_inner row_type=\"row\" type=\"full_width\" text_align=\"left\" css_animation=\"\"][vc_column_inner width=\"2\/3\"][vc_column_text css=\"\"]<\/p>\n<h2><span style=\"color: #000; font-size: 1.2em; font-weight: 900;\">Durchg\u00e4ngiger Betrieb allen Widrigkeiten zum Trotz<\/span><\/h2>\n<p><span style=\"color: #000; font-size: 1.1em;\"><strong>Kritische Kommunikationsnetzwerke m\u00fcssen auch dann noch funktionieren, wenn alles andere schief l\u00e4uft.<\/strong> Es handelt sich dabei um Netze, deren durchg\u00e4ngiger Betrieb f\u00fcr den Staat und die Gesellschaft unerl\u00e4sslich ist. Notfalldienste, wie Feuerwehr oder Polizei, z\u00e4hlen zu ihren wichtigsten Nutzern. Bei einem koordinierten Einsatz durch ein Polizeipr\u00e4sidium oder eine Beh\u00f6rde m\u00fcssen Abteilungen intern, aber auch untereinander kommunizieren m\u00fcssen.<\/span>[\/vc_column_text][vc_empty_space][\/vc_column_inner][vc_column_inner width=\"1\/3\"][vc_empty_space][vc_single_image image=\"456875\" alignment=\"center\" css=\"\" qode_css_animation=\"\" qode_hover_animation=\"zoom_in\"][\/vc_column_inner][\/vc_row_inner][\/vc_column][\/vc_row][vc_row css_animation=\"\" row_type=\"row\" use_row_as_full_screen_section=\"no\" type=\"grid\" angled_section=\"no\" text_align=\"left\" background_image_as_pattern=\"without_pattern\" el_class=\"fond_gris\" z_index=\"\" padding_top=\"50\" padding_bottom=\"50\"][vc_column][vc_row_inner row_type=\"row\" type=\"full_width\" text_align=\"left\" css_animation=\"\"][vc_column_inner][vc_column_text css=\"\"]<\/p>\n<h2><span style=\"color: #000; font-size: 1.2em; font-weight: 900;\">Kritische Infrastrukturen Mittels Antizipation besser Abzusichern<\/span><\/h2>\n<p><span style=\"color: #000; font-size: 1.1em;\"><strong>Um dies zu erreichen, m\u00fcssen Unternehmen unter allen Umst\u00e4nden sichere Kommunikationsnetze nutzen.<\/strong> Doch vor allem durch die zunehmende Migration zu moderneren, komplexen und leistungsstarken Architekturen, die das IP-Protokoll mobilisieren, sehen sich diese Netzwerke zahlreichen Cyberbedrohungen ausgesetzt: Abfangen oder Manipulation wichtiger Mitteilungen; Noteinsatz von Sicherheitsausr\u00fcstung bei Rettungseins\u00e4tzen oder anderen strategischen Eins\u00e4tzen vor Ort; hohe Anzahl an Standorten und Benutzern an verschiedenen geografischen Punkten, wie Workstations und Kommunikationsrelais..<\/span><\/p>\n<p><span style=\"color: #000; font-size: 1.1em;\"><strong>Wie kann ich mich vor Mehrfachattacken mit h\u00f6chster Sicherheitsstufe sch\u00fctzen?<\/strong> Stormshield entwickelt technologische L\u00f6sungen f\u00fcr Ihre Anforderungen \u2013 unter Ber\u00fccksichtigung zahlreicher Verordnungen im Bereich kritischer Kommunikation (franz\u00f6sisches Milit\u00e4rplanungsgesetz, europ\u00e4ische NIS-Richtlinie\u2026). Je nach Fall m\u00fcssen Sie zu Folgendem in der Lage sein:<\/span><\/p>\n<ul>\n<li><span style=\"color: #000; font-size: 1.1em;\">Einrichtung verschl\u00fcsselter, vertrauensw\u00fcrdiger Kommunikationskan\u00e4le (und Gew\u00e4hrleistung der Authentifizierung, Vertraulichkeit und Integrit\u00e4t der Mitteilungen) bei sensiblen Operationen;<br \/>\n<\/span><\/li>\n<li><span style=\"color: #000; font-size: 1.1em;\">Nutzung der maximalen Leistung und Verf\u00fcgbarkeit der Netze f\u00fcr die Notfallkommunikation;<br \/>\n<\/span><\/li>\n<li><span style=\"color: #000; font-size: 1.1em;\">Einsatz und Verwaltung von Sicherheitsausr\u00fcstung in einer umfassenden Topologie f\u00fcr ein gro\u00dfes Verwaltungsteam;<br \/>\n<\/span><\/li>\n<li><span style=\"color: #000; font-size: 1.1em;\">Bereitstellung von Produkten mit vertrauensw\u00fcrdigen Zertifizierungen und Bescheinigungen;<br \/>\n<\/span><\/li>\n<li><span style=\"color: #000; font-size: 1.1em;\">Nutzung von Sicherheitsausr\u00fcstung, die in wenigen Minuten betriebsbereit ist, z.B. am Unfallort, ohne dass Experten vor Ort anwesend sein m\u00fcssen;<br \/>\n<\/span><\/li>\n<li><span style=\"color: #000; font-size: 1.1em;\">Sicherstellung des Systembetriebs und der Sicherheitsbedingungen.<\/span><\/li>\n<\/ul>\n<p>[\/vc_column_text][\/vc_column_inner][\/vc_row_inner][\/vc_column][\/vc_row][vc_row css_animation=\"\" row_type=\"row\" use_row_as_full_screen_section=\"no\" type=\"grid\" angled_section=\"no\" text_align=\"left\" background_image_as_pattern=\"without_pattern\" z_index=\"\" padding_top=\"50\" padding_bottom=\"50\"][vc_column][vc_row_inner row_type=\"row\" type=\"full_width\" text_align=\"left\" css_animation=\"\"][vc_column_inner width=\"2\/3\"][vc_column_text css=\"\"]<\/p>\n<h2><span style=\"color: #000; font-size: 1.2em; font-weight: 900;\">Angepasste, Vollst\u00e4ndige und Zuverl\u00e4ssige L\u00f6sungen von Stormshield<\/span><\/h2>\n<p>[\/vc_column_text][\/vc_column_inner][vc_column_inner width=\"1\/3\"][\/vc_column_inner][\/vc_row_inner][vc_row_inner row_type=\"row\" type=\"full_width\" text_align=\"left\" css_animation=\"\"][vc_column_inner width=\"2\/3\"][vc_column_text css=\"\"]<\/p>\n<h3><span style=\"color: #000; font-size: 1.1em; font-weight: 400;\">Stormshield Network Security: Garantierte Leistung und Verf\u00fcgbarkeit der Netze<\/span><\/h3>\n<p><span style=\"color: #000; font-size: 1.1em;\">Unsere Firewall-Produktfamilie Stormshield Network Security (<strong>SNS<\/strong>) bietet eine L\u00f6sung f\u00fcr Ihre Herausforderungen \u2013 und eine Garantie f\u00fcr Leistung und Sicherheit. Je nach gew\u00e4hlter L\u00f6sung k\u00f6nnen Sie folgende Vorteile nutzen:<\/span><\/p>\n<ul>\n<li><span style=\"color: #000; font-size: 1.1em;\">Einrichtung <strong>verschl\u00fcsselter, vertrauensw\u00fcrdiger Kommunikationskan\u00e4le<\/strong> (VPN IPSec, Sicherung durch TPM\u2026);<br \/>\n<\/span><\/li>\n<li><span style=\"color: #000; font-size: 1.1em;\"><strong>Hohe Verf\u00fcgbarkeit<\/strong> mit optimierten Wechselzeiten;<br \/>\n<\/span><\/li>\n<li><span style=\"color: #000; font-size: 1.1em;\"><strong>Zertifizierung<\/strong> EAL3+\/EAL4+, <strong>Qualifizierung<\/strong> gem\u00e4\u00df ANSSI-Standard oder Kennzeichnungen \u201eNur f\u00fcr den Dienstgebrauch\u201c oder \u201eEU-Verschlusssache\u201c;<br \/>\n<\/span><\/li>\n<li><span style=\"color: #000; font-size: 1.1em;\"><strong>Hardware- und Softwarewartung<\/strong> m\u00f6glich f\u00fcr lange Lebensdauer;<br \/>\n<\/span><\/li>\n<li><span style=\"color: #000; font-size: 1.1em;\"><strong>Einsatz<\/strong> betriebsbereiter Sicherheitsausr\u00fcstungen innerhalb von wenigen Minuten\u2026<\/span><\/li>\n<\/ul>\n<p><span style=\"color: #000; font-size: 1.1em;\">W\u00fcnschen Sie n\u00e4here Informationen zu unseren L\u00f6sungen? Lernen Sie die Funktionen unserer Stormshield Network Security-Firewalls (SNS) im Detail kennen oder vereinbaren Sie einen Termin mit einem Experten von Stormshield.<\/span>[\/vc_column_text][vc_empty_space]<a  itemprop=\"url\" href=\"https:\/\/www.stormshield.com\/de\/produkte-und-services\/produkte\/netzwerksicherheit\/\" target=\"_blank\" data-hover-background-color=\"#d23467\" data-hover-border-color=\"#d23467\" class=\"qbutton  white enlarge\" style=\"border-color: #ffffff; background-color:#060051;\">SNS-L\u00f6sung<i class=\"qode_icon_font_awesome fa fa-angle-right qode_button_icon_element\"><\/i><\/a>[vc_empty_space][\/vc_column_inner][vc_column_inner width=\"1\/3\"][vc_empty_space][vc_single_image image=\"497912\" img_size=\"large\" alignment=\"center\" onclick=\"custom_link\" img_link_target=\"_blank\" css=\"\" qode_css_animation=\"\" qode_hover_animation=\"zoom_in\" link=\"https:\/\/www.stormshield.com\/de\/produkte-und-services\/produkte\/netzwerksicherheit\/\"][vc_empty_space height=\"12px\"][vc_single_image image=\"397493\" img_size=\"large\" alignment=\"center\" onclick=\"custom_link\" img_link_target=\"_blank\" css=\"\" qode_css_animation=\"\" qode_hover_animation=\"zoom_in\" link=\"https:\/\/www.stormshield.com\/de\/produkte-und-services\/produkte\/netzwerksicherheit\/\"][vc_empty_space][\/vc_column_inner][\/vc_row_inner][\/vc_column][\/vc_row][vc_row css_animation=\"\" row_type=\"row\" use_row_as_full_screen_section=\"no\" type=\"grid\" angled_section=\"no\" text_align=\"left\" background_image_as_pattern=\"without_pattern\" z_index=\"\" padding_top=\"50\" padding_bottom=\"50\"][vc_column][vc_row_inner row_type=\"row\" type=\"full_width\" text_align=\"left\" css_animation=\"\" css=\".vc_custom_1713864735008{padding-top: 32px !important;padding-right: 32px !important;padding-bottom: 32px !important;padding-left: 32px !important;background-color: #f9f9f9 !important;}\"][vc_column_inner width=\"2\/3\"][vc_column_text css=\"\"]<\/p>\n<h3><span style=\"color: #000; font-size: 1.1em; font-weight: 400;\">Stormshield Endpoint Security: garantierter Schutz f\u00fcr Kritische Bereiche<\/span><\/h3>\n<p><span style=\"color: #000; font-size: 1.1em;\">Die L\u00f6sung Stormshield Endpoint Security (<strong>SES<\/strong>) wurde auch f\u00fcr den optimalen Schutz und zur umfassenden \u00dcberwachung von Anwendungen, Endger\u00e4ten und Netzanschl\u00fcssen Ihrer Windows-PCs konzipiert. Als echter, verst\u00e4rkter Schutz vereint sie die Schutzfunktionen von Workstations (EPP \u2013 Endpoint Protection Platform) mit der Angriffserkennung (EDR \u2013 Endpoint Detection &amp; Response), um ausgefeilteste Cyberangriffe proaktiv abzuwehren und weitere Analysefunktionen bereitzustellen. Um einen unterbrechungsfreien Betrieb zu gew\u00e4hrleisten, <strong>nutzen Sie den besten Schutz f\u00fcr die kritischen Workstations in Ihrer Infrastruktur.<\/strong><\/span><\/p>\n<p><span style=\"color: #000; font-size: 1.1em;\">Sie interessieren sich f\u00fcr diese verbesserte Softwarel\u00f6sung? Erfahren Sie mehr \u00fcber diesen widerstandsf\u00e4higen Schutz Ihrer Workstations.<\/span>[\/vc_column_text][vc_empty_space]<a  itemprop=\"url\" href=\"https:\/\/www.stormshield.com\/de\/produkte-und-services\/produkte\/schutz-von-workstations-und-servern\/stormshield-endpoint-security\/\" target=\"_blank\" data-hover-background-color=\"#d23467\" data-hover-border-color=\"#d23467\" class=\"qbutton  white enlarge\" style=\"border-color: #ffffff; background-color:#060051;\">SES-L\u00f6sung<i class=\"qode_icon_font_awesome fa fa-angle-right qode_button_icon_element\"><\/i><\/a>[vc_empty_space][\/vc_column_inner][vc_column_inner width=\"1\/3\"][vc_empty_space][vc_single_image image=\"126211\" img_size=\"large\" alignment=\"center\" onclick=\"custom_link\" img_link_target=\"_blank\" css=\"\" qode_css_animation=\"\" link=\"https:\/\/www.stormshield.com\/de\/produkte-und-services\/produkte\/schutz-von-workstations-und-servern\/stormshield-endpoint-security\/\"][vc_empty_space][\/vc_column_inner][\/vc_row_inner][\/vc_column][\/vc_row][vc_row css_animation=\"\" row_type=\"row\" use_row_as_full_screen_section=\"no\" type=\"grid\" angled_section=\"no\" text_align=\"left\" background_image_as_pattern=\"without_pattern\" z_index=\"\" padding_top=\"50\" padding_bottom=\"50\"][vc_column][vc_row_inner row_type=\"row\" type=\"full_width\" text_align=\"left\" css_animation=\"\"][vc_column_inner][vc_column_text css=\"\"]<\/p>\n<h3><span style=\"color: #000; font-size: 1.1em; font-weight: 400;\">Stormshield XDR: Ein vollst\u00e4ndig integriertes und kontrolliertes XDR-Angebot<\/span><\/h3>\n<p><span style=\"color: #000; font-size: 1.1em;\"><strong>Mit dem Stormshield XDR-Angebot k\u00f6nnen Sie die Stormshield-L\u00f6sungen effektiv miteinander kombinieren.<\/strong> Sie werden \u00fcber Vorf\u00e4lle aus Analysen auf Ihren Endpunkten, Netzwerken, Webdateien und E-Mails benachrichtigt, bevor Sie die Reaktion mit Ihren verschiedenen Sicherheitsprodukten verwalten, gesteuert durch ein zentralisiertes Vorfallsmanagement. Eine ideale Kombination, um Sie in Echtzeit zu alarmieren und eine schnelle, langfristige Reaktion sowohl im Netzwerk als auch auf den Endpunkten zu verwalten.<\/span>[\/vc_column_text][vc_empty_space]<a  itemprop=\"url\" href=\"https:\/\/www.stormshield.com\/de\/produkte-und-services\/produkte\/stormshield-xdr\/\" target=\"_blank\" data-hover-background-color=\"#d23467\" data-hover-border-color=\"#d23467\" class=\"qbutton  white enlarge\" style=\"border-color: #ffffff; background-color:#060051;\">XDR-Angebot<i class=\"qode_icon_font_awesome fa fa-angle-right qode_button_icon_element\"><\/i><\/a>[vc_empty_space][\/vc_column_inner][\/vc_row_inner][\/vc_column][\/vc_row][vc_row css_animation=\"\" row_type=\"row\" use_row_as_full_screen_section=\"no\" type=\"grid\" angled_section=\"no\" text_align=\"left\" background_image_as_pattern=\"without_pattern\" z_index=\"\" background_color=\"#060051\" padding_top=\"100\" padding_bottom=\"100\"][vc_column][vc_row_inner row_type=\"row\" type=\"full_width\" text_align=\"left\" css_animation=\"\"][vc_column_inner][vc_column_text css=\"\"]<span style=\"color: #ffffff; font-size: 1.1em;\"><strong>Was sind die Ergebnisse?<\/strong> Die L\u00f6sungen von Stormshield sch\u00fctzen Ihre sensiblen Infrastrukturen vor Cyberangriffen. Antizipation, Schutz, Qualifikation und Konformit\u00e4t sind deshalb die richtigen Reaktionen, um die Sicherheit Ihrer IT- und Betriebssysteme zu gew\u00e4hrleisten. <strong>Mit Stormshield setzen Sie deshalb ganz beruhigt auf ein in allen Situationen effizientes Kommunikationsnetz.<\/strong> Unsere Teams sind f\u00fcr Sie da, um die speziellen Anforderungen Ihres Kommunikationsnetzes zu ermitteln und Ihnen die leistungsf\u00e4higsten L\u00f6sungen vorzustellen.<\/span>[\/vc_column_text][vc_empty_space]<a  itemprop=\"url\" href=\"https:\/\/www.stormshield.com\/de\/kontakt\/anfrage-an-den-vertrieb\/\" target=\"_blank\" data-hover-background-color=\"#d23467\" data-hover-border-color=\"#d23467\" class=\"qbutton  white enlarge\" style=\"border-color: #ffffff; background-color:#060051;\">Wenden sie sich an die experten von Stormshield<i class=\"qode_icon_font_awesome fa fa-angle-right qode_button_icon_element\"><\/i><\/a>[vc_empty_space][\/vc_column_inner][\/vc_row_inner][\/vc_column][\/vc_row]<\/p>\n<\/div>","protected":false},"excerpt":{"rendered":"<p>[vc_row css_animation=&#8220;&#8220; row_type=&#8220;row&#8220; use_row_as_full_screen_section=&#8220;no&#8220; type=&#8220;grid&#8220; angled_section=&#8220;no&#8220; text_align=&#8220;left&#8220; background_image_as_pattern=&#8220;without_pattern&#8220; z_index=&#8220;&#8220; padding_top=&#8220;50&#8243; padding_bottom=&#8220;50&#8243;][vc_column][vc_empty_space][vc_column_text css=&#8220;&#8220;] Kritische Kommunikation und Cybersicherheit: Gute Ausstattung f\u00fcr einen gesch\u00fctzten Betrieb [\/vc_column_text][vc_empty_space][\/vc_column][\/vc_row][vc_row css_animation=&#8220;&#8220; row_type=&#8220;row&#8220; use_row_as_full_screen_section=&#8220;no&#8220; type=&#8220;grid&#8220; angled_section=&#8220;no&#8220; text_align=&#8220;left&#8220; background_image_as_pattern=&#8220;without_pattern&#8220; z_index=&#8220;&#8220; padding_top=&#8220;50&#8243; padding_bottom=&#8220;50&#8243;][vc_column][vc_row_inner row_type=&#8220;row&#8220; type=&#8220;full_width&#8220; text_align=&#8220;left&#8220; css_animation=&#8220;&#8220;][vc_column_inner width=&#8220;2\/3&#8243;][vc_column_text css=&#8220;&#8220;] Durchg\u00e4ngiger Betrieb allen Widrigkeiten zum Trotz&#8230;<\/p>\n","protected":false},"author":31,"featured_media":0,"parent":11056,"menu_order":268,"comment_status":"closed","ping_status":"closed","template":"full_width.php","meta":{"_acf_changed":false,"footnotes":""},"class_list":["post-231042","page","type-page","status-publish","hentry"],"acf":[],"yoast_head":"<!-- This site is optimized with the Yoast SEO plugin v27.0 - https:\/\/yoast.com\/product\/yoast-seo-wordpress\/ -->\n<title>Cybersicherheit und kritische Kommunikation | Stormshield<\/title>\n<meta name=\"description\" content=\"Kritische Kommunikationsnetzwerke m\u00fcssen von maximaler Sicherheit und unterbrechungsfreien Diensten profitieren. Eine Reihe von Stormshield-Produkten, die darauf abgestimmt sind.\" \/>\n<meta name=\"robots\" content=\"index, follow, max-snippet:-1, max-image-preview:large, max-video-preview:-1\" \/>\n<link rel=\"canonical\" href=\"https:\/\/www.stormshield.com\/de\/produkte-und-services\/branche\/kritische-kommunikation\/\" \/>\n<meta property=\"og:locale\" content=\"de_DE\" \/>\n<meta property=\"og:type\" content=\"article\" \/>\n<meta property=\"og:title\" content=\"Cybersicherheit und kritische Kommunikation | Stormshield\" \/>\n<meta property=\"og:description\" content=\"Kritische Kommunikationsnetzwerke m\u00fcssen von maximaler Sicherheit und unterbrechungsfreien Diensten profitieren. Eine Reihe von Stormshield-Produkten, die darauf abgestimmt sind.\" \/>\n<meta property=\"og:url\" content=\"https:\/\/www.stormshield.com\/de\/produkte-und-services\/branche\/kritische-kommunikation\/\" \/>\n<meta property=\"og:site_name\" content=\"Stormshield\" \/>\n<meta property=\"article:modified_time\" content=\"2024-11-12T14:21:34+00:00\" \/>\n<meta property=\"og:image\" content=\"https:\/\/www.stormshield.com\/wp-content\/uploads\/stormshield_logo.png\" \/>\n\t<meta property=\"og:image:width\" content=\"204\" \/>\n\t<meta property=\"og:image:height\" content=\"94\" \/>\n\t<meta property=\"og:image:type\" content=\"image\/png\" \/>\n<meta name=\"twitter:card\" content=\"summary_large_image\" \/>\n<meta name=\"twitter:site\" content=\"@Stormshield\" \/>\n<meta name=\"twitter:label1\" content=\"Gesch\u00e4tzte Lesezeit\" \/>\n\t<meta name=\"twitter:data1\" content=\"5\u00a0Minuten\" \/>\n<script type=\"application\/ld+json\" class=\"yoast-schema-graph\">{\"@context\":\"https:\/\/schema.org\",\"@graph\":[{\"@type\":\"WebPage\",\"@id\":\"https:\/\/www.stormshield.com\/de\/produkte-und-services\/branche\/kritische-kommunikation\/\",\"url\":\"https:\/\/www.stormshield.com\/de\/produkte-und-services\/branche\/kritische-kommunikation\/\",\"name\":\"Cybersicherheit und kritische Kommunikation | Stormshield\",\"isPartOf\":{\"@id\":\"https:\/\/www.stormshield.com\/de\/#website\"},\"datePublished\":\"2021-09-27T14:19:08+00:00\",\"dateModified\":\"2024-11-12T14:21:34+00:00\",\"description\":\"Kritische Kommunikationsnetzwerke m\u00fcssen von maximaler Sicherheit und unterbrechungsfreien Diensten profitieren. Eine Reihe von Stormshield-Produkten, die darauf abgestimmt sind.\",\"breadcrumb\":{\"@id\":\"https:\/\/www.stormshield.com\/de\/produkte-und-services\/branche\/kritische-kommunikation\/#breadcrumb\"},\"inLanguage\":\"de\",\"potentialAction\":[{\"@type\":\"ReadAction\",\"target\":[\"https:\/\/www.stormshield.com\/de\/produkte-und-services\/branche\/kritische-kommunikation\/\"]}]},{\"@type\":\"BreadcrumbList\",\"@id\":\"https:\/\/www.stormshield.com\/de\/produkte-und-services\/branche\/kritische-kommunikation\/#breadcrumb\",\"itemListElement\":[{\"@type\":\"ListItem\",\"position\":1,\"name\":\"Home\",\"item\":\"https:\/\/www.stormshield.com\/de\/\"},{\"@type\":\"ListItem\",\"position\":2,\"name\":\"Produkte &amp; Solutions\",\"item\":\"https:\/\/www.stormshield.com\/de\/produkte-und-services\/\"},{\"@type\":\"ListItem\",\"position\":3,\"name\":\"Nach Branche\",\"item\":\"https:\/\/www.stormshield.com\/de\/produkte-und-services\/branche\/\"},{\"@type\":\"ListItem\",\"position\":4,\"name\":\"Kritische Kommunikation\"}]},{\"@type\":\"WebSite\",\"@id\":\"https:\/\/www.stormshield.com\/de\/#website\",\"url\":\"https:\/\/www.stormshield.com\/de\/\",\"name\":\"Stormshield\",\"description\":\"Stormshield\",\"potentialAction\":[{\"@type\":\"SearchAction\",\"target\":{\"@type\":\"EntryPoint\",\"urlTemplate\":\"https:\/\/www.stormshield.com\/de\/?s={search_term_string}\"},\"query-input\":{\"@type\":\"PropertyValueSpecification\",\"valueRequired\":true,\"valueName\":\"search_term_string\"}}],\"inLanguage\":\"de\"}]}<\/script>\n<!-- \/ Yoast SEO plugin. -->","yoast_head_json":{"title":"Cybersicherheit und kritische Kommunikation | Stormshield","description":"Kritische Kommunikationsnetzwerke m\u00fcssen von maximaler Sicherheit und unterbrechungsfreien Diensten profitieren. Eine Reihe von Stormshield-Produkten, die darauf abgestimmt sind.","robots":{"index":"index","follow":"follow","max-snippet":"max-snippet:-1","max-image-preview":"max-image-preview:large","max-video-preview":"max-video-preview:-1"},"canonical":"https:\/\/www.stormshield.com\/de\/produkte-und-services\/branche\/kritische-kommunikation\/","og_locale":"de_DE","og_type":"article","og_title":"Cybersicherheit und kritische Kommunikation | Stormshield","og_description":"Kritische Kommunikationsnetzwerke m\u00fcssen von maximaler Sicherheit und unterbrechungsfreien Diensten profitieren. Eine Reihe von Stormshield-Produkten, die darauf abgestimmt sind.","og_url":"https:\/\/www.stormshield.com\/de\/produkte-und-services\/branche\/kritische-kommunikation\/","og_site_name":"Stormshield","article_modified_time":"2024-11-12T14:21:34+00:00","og_image":[{"width":204,"height":94,"url":"https:\/\/www.stormshield.com\/wp-content\/uploads\/stormshield_logo.png","type":"image\/png"}],"twitter_card":"summary_large_image","twitter_site":"@Stormshield","twitter_misc":{"Gesch\u00e4tzte Lesezeit":"5\u00a0Minuten"},"schema":{"@context":"https:\/\/schema.org","@graph":[{"@type":"WebPage","@id":"https:\/\/www.stormshield.com\/de\/produkte-und-services\/branche\/kritische-kommunikation\/","url":"https:\/\/www.stormshield.com\/de\/produkte-und-services\/branche\/kritische-kommunikation\/","name":"Cybersicherheit und kritische Kommunikation | Stormshield","isPartOf":{"@id":"https:\/\/www.stormshield.com\/de\/#website"},"datePublished":"2021-09-27T14:19:08+00:00","dateModified":"2024-11-12T14:21:34+00:00","description":"Kritische Kommunikationsnetzwerke m\u00fcssen von maximaler Sicherheit und unterbrechungsfreien Diensten profitieren. Eine Reihe von Stormshield-Produkten, die darauf abgestimmt sind.","breadcrumb":{"@id":"https:\/\/www.stormshield.com\/de\/produkte-und-services\/branche\/kritische-kommunikation\/#breadcrumb"},"inLanguage":"de","potentialAction":[{"@type":"ReadAction","target":["https:\/\/www.stormshield.com\/de\/produkte-und-services\/branche\/kritische-kommunikation\/"]}]},{"@type":"BreadcrumbList","@id":"https:\/\/www.stormshield.com\/de\/produkte-und-services\/branche\/kritische-kommunikation\/#breadcrumb","itemListElement":[{"@type":"ListItem","position":1,"name":"Home","item":"https:\/\/www.stormshield.com\/de\/"},{"@type":"ListItem","position":2,"name":"Produkte &amp; Solutions","item":"https:\/\/www.stormshield.com\/de\/produkte-und-services\/"},{"@type":"ListItem","position":3,"name":"Nach Branche","item":"https:\/\/www.stormshield.com\/de\/produkte-und-services\/branche\/"},{"@type":"ListItem","position":4,"name":"Kritische Kommunikation"}]},{"@type":"WebSite","@id":"https:\/\/www.stormshield.com\/de\/#website","url":"https:\/\/www.stormshield.com\/de\/","name":"Stormshield","description":"Stormshield","potentialAction":[{"@type":"SearchAction","target":{"@type":"EntryPoint","urlTemplate":"https:\/\/www.stormshield.com\/de\/?s={search_term_string}"},"query-input":{"@type":"PropertyValueSpecification","valueRequired":true,"valueName":"search_term_string"}}],"inLanguage":"de"}]}},"_links":{"self":[{"href":"https:\/\/www.stormshield.com\/de\/wp-json\/wp\/v2\/pages\/231042","targetHints":{"allow":["GET"]}}],"collection":[{"href":"https:\/\/www.stormshield.com\/de\/wp-json\/wp\/v2\/pages"}],"about":[{"href":"https:\/\/www.stormshield.com\/de\/wp-json\/wp\/v2\/types\/page"}],"author":[{"embeddable":true,"href":"https:\/\/www.stormshield.com\/de\/wp-json\/wp\/v2\/users\/31"}],"replies":[{"embeddable":true,"href":"https:\/\/www.stormshield.com\/de\/wp-json\/wp\/v2\/comments?post=231042"}],"version-history":[{"count":11,"href":"https:\/\/www.stormshield.com\/de\/wp-json\/wp\/v2\/pages\/231042\/revisions"}],"predecessor-version":[{"id":588018,"href":"https:\/\/www.stormshield.com\/de\/wp-json\/wp\/v2\/pages\/231042\/revisions\/588018"}],"up":[{"embeddable":true,"href":"https:\/\/www.stormshield.com\/de\/wp-json\/wp\/v2\/pages\/11056"}],"wp:attachment":[{"href":"https:\/\/www.stormshield.com\/de\/wp-json\/wp\/v2\/media?parent=231042"}],"curies":[{"name":"wp","href":"https:\/\/api.w.org\/{rel}","templated":true}]}}