{"id":228305,"date":"2021-10-04T13:48:55","date_gmt":"2021-10-04T12:48:55","guid":{"rendered":"https:\/\/www.stormshield.com\/?page_id=228305"},"modified":"2025-02-21T11:48:23","modified_gmt":"2025-02-21T10:48:23","slug":"unser-unterschied","status":"publish","type":"page","link":"https:\/\/www.stormshield.com\/de\/unser-unterschied\/","title":{"rendered":"Unser Unterschied"},"content":{"rendered":"<div class=\"wpb-content-wrapper\"><p>[vc_row css_animation=\"\" row_type=\"row\" use_row_as_full_screen_section=\"no\" type=\"grid\" angled_section=\"no\" text_align=\"left\" background_image_as_pattern=\"without_pattern\" z_index=\"\" padding_top=\"50\" padding_bottom=\"50\"][vc_column][vc_empty_space][vc_column_text]<\/p>\n<h1 style=\"text-align: center;\"><span style=\"color: #00aaf5;\"><span style=\"font-weight: 300; font-size: 1.5em;\">Vertrauensvolle Cybersicherheit mit Stormshield | <\/span><\/span><span style=\"color: #00aaf5;\"><span style=\"font-weight: 900; font-size: 1.5em;\">Gemeinsamer Aufbau einer nachhaltigen Beziehung<\/span><\/span><\/h1>\n<p>[\/vc_column_text][vc_empty_space][\/vc_column][\/vc_row][vc_row css_animation=\"\" row_type=\"row\" use_row_as_full_screen_section=\"no\" type=\"grid\" angled_section=\"no\" text_align=\"left\" background_image_as_pattern=\"without_pattern\" z_index=\"\" padding_bottom=\"50\"][vc_column width=\"1\/2\"][vc_column_text]<span style=\"color: #000; font-size: 1.1em;\">Mit der Wahl von Stormshield haben Sie sich f\u00fcr einen seri\u00f6sen Anbieter f\u00fcr die Cybersicherheit in Europa entschieden. Doch worauf beruht dieser Unterschied wirklich? Entdecken Sie, was die Einzigartigkeit unseres Ansatzes ausmacht, der auf Elementen wie Vertrauen, Pr\u00e4zision, N\u00e4he und Zusammenarbeit basiert!<\/span><\/p>\n<p><span style=\"color: #000; font-size: 1.1em;\"><strong>Es gibt zahlreiche Cybersicherheitsl\u00f6sungen, jedoch bieten sie nicht alle dasselbe Ma\u00df an Effizienz, Robustheit und vor allem Vertrauen.<\/strong> Diese Eigenschaften zeichnen den Ansatz und das Angebot von Stormshield aus, weshalb die Firma f\u00fcr die Qualit\u00e4t ihrer L\u00f6sungen gesch\u00e4tzt wird.<\/span>[\/vc_column_text][vc_empty_space]<a  itemprop=\"url\" href=\"https:\/\/www.stormshield.com\/wp-content\/uploads\/Stormshield-DE-Corporate-Brochure.pdf\" target=\"_blank\" data-hover-background-color=\"#d23467\" data-hover-border-color=\"#ffffff\" class=\"qbutton  white enlarge\" style=\"border-color: #ffffff; background-color:#060051;\">Brosch\u00fcren<i class=\"qode_icon_font_awesome fa fa-angle-right qode_button_icon_element\"><\/i><\/a>[vc_empty_space][\/vc_column][vc_column width=\"1\/2\"][vc_empty_space][vc_video link=\"https:\/\/youtu.be\/302D2d1Eg84\" align=\"center\"][vc_empty_space][\/vc_column][\/vc_row][vc_row css_animation=\"\" row_type=\"row\" use_row_as_full_screen_section=\"no\" type=\"grid\" angled_section=\"no\" text_align=\"left\" background_image_as_pattern=\"without_pattern\" z_index=\"\" padding_bottom=\"50\"][vc_column width=\"1\/6\"][vc_single_image image=\"393180\" alignment=\"center\" css=\"\" qode_css_animation=\"\" qode_hover_animation=\"zoom_in\"][vc_column_text]<\/p>\n<p style=\"text-align: center;\"><span style=\"color: #000; font-size: 0.9em;\"><strong>Souver\u00e4ne<\/strong> L\u00f6sungen<\/span><\/p>\n<p>[\/vc_column_text][\/vc_column][vc_column width=\"1\/6\"][vc_single_image image=\"456845\" alignment=\"center\" css=\"\" qode_css_animation=\"\" qode_hover_animation=\"zoom_in\"][vc_column_text]<\/p>\n<p style=\"text-align: center;\"><span style=\"color: #000; font-size: 0.9em;\"><strong>Zertifizierte und qualifizierte<\/strong> produkte<\/span><\/p>\n<p>[\/vc_column_text][\/vc_column][vc_column width=\"1\/6\"][vc_single_image image=\"456245\" alignment=\"center\" css=\"\" qode_css_animation=\"\" qode_hover_animation=\"zoom_in\"][vc_column_text]<\/p>\n<p style=\"text-align: center;\"><span style=\"color: #000; font-size: 0.9em;\">Ein \u00f6kosystem f\u00fcr <strong>integrierte L\u00f6sungen<\/strong><\/span><\/p>\n<p>[\/vc_column_text][\/vc_column][vc_column width=\"1\/6\"][vc_single_image image=\"456320\" alignment=\"center\" css=\"\" qode_css_animation=\"\" qode_hover_animation=\"zoom_in\"][vc_column_text]<\/p>\n<p style=\"text-align: center;\"><span style=\"color: #000; font-size: 0.9em;\">Ein Netzwerk von <strong>kompetenten Partnern<\/strong><\/span><\/p>\n<p>[\/vc_column_text][\/vc_column][vc_column width=\"1\/6\"][vc_single_image image=\"456590\" alignment=\"center\" css=\"\" qode_css_animation=\"\" qode_hover_animation=\"zoom_in\"][vc_column_text]<\/p>\n<p style=\"text-align: center;\"><span style=\"color: #000; font-size: 0.9em;\"><strong>User-centric<\/strong> produkte<\/span><\/p>\n<p>[\/vc_column_text][\/vc_column][vc_column width=\"1\/6\"][vc_single_image image=\"456830\" alignment=\"center\" css=\"\" qode_css_animation=\"\" qode_hover_animation=\"zoom_in\"][vc_column_text]<\/p>\n<p style=\"text-align: center;\"><span style=\"color: #000; font-size: 0.9em;\">Au\u00dfergew\u00f6hnliche\u00a0<strong>Kundendienste<\/strong><\/span><\/p>\n<p>[\/vc_column_text][\/vc_column][\/vc_row][vc_row css_animation=\"\" row_type=\"row\" use_row_as_full_screen_section=\"no\" type=\"grid\" angled_section=\"no\" text_align=\"left\" background_image_as_pattern=\"without_pattern\" z_index=\"\" padding_bottom=\"50\" css=\".vc_custom_1697804221509{background-color: #ffffff !important;}\" padding_top=\"50\"][vc_column][vc_row_inner row_type=\"row\" type=\"full_width\" text_align=\"left\" css_animation=\"\" background_color=\"#f9f9f9\" css=\".vc_custom_1697805785032{padding-top: 32px !important;padding-right: 32px !important;padding-bottom: 32px !important;padding-left: 32px !important;}\"][vc_column_inner][vc_column_text]<\/p>\n<h2><span style=\"color: #000; font-size: 1.2em; font-weight: 900;\">Die Cyber-Gelassenheit Liegt in ihren H\u00e4nden<\/span><\/h2>\n<p><span style=\"color: #000; font-size: 1.1em;\">Entdecken Sie selbst den Unterschied von Stormshield und informieren Sie sich \u00fcber unser komplettes Angebot. Vertrauensw\u00fcrdige L\u00f6sungen zum Schutz Ihrer Netzwerke, Nutzerinnen und Nutzer und\/oder Daten.<\/span>[\/vc_column_text][vc_empty_space]<a  itemprop=\"url\" href=\"https:\/\/www.stormshield.com\/de\/produkte-und-services\/\" target=\"_blank\" data-hover-background-color=\"#d23467\" data-hover-border-color=\"#ffffff\" class=\"qbutton  white enlarge\" style=\"border-color: #ffffff; background-color:#060051;\">Produkte<i class=\"qode_icon_font_awesome fa fa-angle-right qode_button_icon_element\"><\/i><\/a>[vc_empty_space height=\"12px\"]<a  itemprop=\"url\" href=\"https:\/\/www.stormshield.com\/de\/unsere-unterstuetzung\/services\/\" target=\"_blank\" data-hover-background-color=\"#d23467\" data-hover-border-color=\"#ffffff\" class=\"qbutton  white enlarge\" style=\"border-color: #ffffff; background-color:#060051;\">Services<i class=\"qode_icon_font_awesome fa fa-angle-right qode_button_icon_element\"><\/i><\/a>[vc_empty_space][\/vc_column_inner][\/vc_row_inner][\/vc_column][\/vc_row][vc_row css_animation=\"\" row_type=\"row\" use_row_as_full_screen_section=\"no\" type=\"grid\" angled_section=\"no\" text_align=\"left\" background_image_as_pattern=\"without_pattern\" z_index=\"\" padding_bottom=\"50\" padding_top=\"50\"][vc_column width=\"2\/3\"][vc_column_text]<\/p>\n<h2><span style=\"color: #000; font-size: 1.2em; font-weight: 900;\">Zertifizierung und Qualifizierung der Produkte auf Europ\u00e4ischer Ebene<\/span><\/h2>\n<p><span style=\"color: #000; font-size: 1.1em;\">Vertrauen ist der zentrale Punkt bei allen Sicherheits- und Schutzl\u00f6sungen f\u00fcr IT-Systeme. Und davon h\u00e4ngt auch die Wirksamkeit der Produkte ab. Daher sind unsere verschiedenen Angebote und L\u00f6sungen integraler Bestandteil eines freiwilligen Transparenzansatzes.<\/span><\/p>\n<p><span style=\"color: #000; font-size: 1.1em;\"><strong>Wir sind daher Teil eines stetigen Qualifikations- und Zertifizierungsansatzes f\u00fcr die Sicherheit bei den zust\u00e4ndigen europ\u00e4ischen Beh\u00f6rden.<\/strong> Alle unsere F&amp;E-Teams sind in Frankreich ans\u00e4ssig, wo unsere komplette Entwicklung erfolgt und wo wir eng mit der franz\u00f6sischen Nationalen Agentur f\u00fcr Sicherheit der Informationssysteme (ANSSI) zusammenarbeiten, und zwar vor allem bei der Pr\u00fcfung der Sourcecodes unserer L\u00f6sungen, um zu gew\u00e4hrleisten, dass keine Backdoors vorhanden sind. Bei der Einf\u00fchrung der franz\u00f6sischen Sicherheitsvisa im Jahre 2018 ist Stormshield mit der gr\u00f6\u00dften Reichweite an Sicherheitsbedarf zum Herausgeber des Vertrauens geworden. In Spanien sind wir heute der einzige Herausgeber von Firewalls, der gleichzeitig die spanischen Qualifizierungen Producto CCN Aprobado und Producto CCN Cualificado erhalten hat, die vom Nationalen Zentrum f\u00fcr Kryptologie (Centro Criptol\u00f3gico Nacional, CCN) erteilt werden.<\/span>[\/vc_column_text][vc_empty_space]<a  itemprop=\"url\" href=\"https:\/\/www.stormshield.com\/de\/zertifizierte-und-qualifizierte-produkte\/\" target=\"_blank\" data-hover-background-color=\"#d23467\" data-hover-border-color=\"#ffffff\" class=\"qbutton  white enlarge\" style=\"border-color: #ffffff; background-color:#060051;\">Zertifizierte und qualifizierte Stormshield-Produkte<i class=\"qode_icon_font_awesome fa fa-angle-right qode_button_icon_element\"><\/i><\/a>[vc_empty_space][\/vc_column][vc_column width=\"1\/3\" css=\".vc_custom_1697803119835{padding-top: 24px !important;padding-right: 24px !important;padding-bottom: 24px !important;padding-left: 24px !important;background-color: #060051 !important;}\"][vc_column_text css=\"\"]<span style=\"color: #ffffff; font-size: 1.1em;\">Dabei orientiert sich die Entwicklung unserer Produkte und L\u00f6sungen an den h\u00f6chsten Sicherheitsanforderungen auf europ\u00e4ischer Ebene. Unsere Stormshield-Produkte und -L\u00f6sungen profitieren daher von Labels wie Common Criteria EAL3+ und EAL4+, Certifications of First Level Security (CSPN), ANSSI Standard Qualifications, den Marken Diffusion Restreinted (DR), NATO Restricted, EU Restricted Classification oder auch dem Label Cybersecurity - Made in Europe.<\/span><\/p>\n<p><strong><span style=\"color: #ffffff; font-size: 1.1em;\">Stormshield-Produkte, die sich ideal f\u00fcr die Einhaltung von Vorschriften f\u00fcr Betreiber wesentlicher Dienste in Europa eignen.<\/span><\/strong>[\/vc_column_text][vc_empty_space]<a  itemprop=\"url\" href=\"https:\/\/www.stormshield.com\/de\/loesungen-fuer-betreiber-wesentlicher-dienste\/\" target=\"_blank\" data-hover-background-color=\"#d23467\" data-hover-border-color=\"#ffffff\" class=\"qbutton  white enlarge\" style=\"border-color: #ffffff; background-color:#060051;\">NIS-Richtlinie<i class=\"qode_icon_font_awesome fa fa-angle-right qode_button_icon_element\"><\/i><\/a>[vc_empty_space][\/vc_column][\/vc_row][vc_row css_animation=\"\" row_type=\"row\" use_row_as_full_screen_section=\"no\" type=\"grid\" angled_section=\"no\" text_align=\"left\" background_image_as_pattern=\"without_pattern\" z_index=\"\" padding_bottom=\"50\" css=\".vc_custom_1697804221509{background-color: #ffffff !important;}\" padding_top=\"50\"][vc_column][vc_row_inner row_type=\"row\" type=\"full_width\" text_align=\"left\" css_animation=\"\" background_color=\"#f9f9f9\" css=\".vc_custom_1697805747463{padding-top: 32px !important;padding-right: 32px !important;padding-bottom: 32px !important;padding-left: 32px !important;}\"][vc_column_inner width=\"2\/3\"][vc_column_text]<\/p>\n<h2><span style=\"color: #000; font-size: 1.2em; font-weight: 900;\">Ein Ansatz Basierend auf N\u00e4he<\/span><\/h2>\n<p><span style=\"color: #000; font-size: 1.1em;\">Unsere Teams geben ihr Bestes f\u00fcr Sie. Unsere zertifizierten und qualifizierten Angebote und L\u00f6sungen werden in den Unternehmen, industriellen Infrastrukturen und Regierungs- und Verteidigungsbeh\u00f6rden <strong>\u00fcber ein weites Netzwerk aus \u00fcber 800 Partnern, Vertreibern und Wiederverk\u00e4ufern verbreitet, die in \u00fcber 40 L\u00e4ndern vertreten sind.<\/strong> Eine Vorgehensweise ganz nach unserem Motto: \u201eGlobal denken, lokal handeln\u201c.<\/span><\/p>\n<p><span style=\"color: #000; font-size: 1.1em;\">Durch den t\u00e4glichen Austausch \u00fcber das Channel-Team schaffen wir eine gro\u00dfe N\u00e4he zu unseren Partnern. Dies geschieht auch durch die Aktionen, die wir mit diesen Partnern durchf\u00fchren, um nah an unserer Kundschaft zu sein und sie bei ihren \u00dcberlegungen zu unterst\u00fctzen.<\/span>[\/vc_column_text][vc_empty_space]<a  itemprop=\"url\" href=\"https:\/\/www.stormshield.com\/de\/unsere-unterstuetzung\/\" target=\"_blank\" data-hover-background-color=\"#d23467\" data-hover-border-color=\"#ffffff\" class=\"qbutton  white enlarge\" style=\"border-color: #ffffff; background-color:#060051;\">Unsere Unterstuetzung<i class=\"qode_icon_font_awesome fa fa-angle-right qode_button_icon_element\"><\/i><\/a>[vc_empty_space][\/vc_column_inner][vc_column_inner width=\"1\/3\"][vc_single_image image=\"456320\" img_size=\"medium\" css=\"\" qode_css_animation=\"\" qode_hover_animation=\"zoom_in\"][\/vc_column_inner][\/vc_row_inner][\/vc_column][\/vc_row]<\/p>\n<\/div>","protected":false},"excerpt":{"rendered":"<p>[vc_row css_animation=&#8220;&#8220; row_type=&#8220;row&#8220; use_row_as_full_screen_section=&#8220;no&#8220; type=&#8220;grid&#8220; angled_section=&#8220;no&#8220; text_align=&#8220;left&#8220; background_image_as_pattern=&#8220;without_pattern&#8220; z_index=&#8220;&#8220; padding_top=&#8220;50&#8243; padding_bottom=&#8220;50&#8243;][vc_column][vc_empty_space][vc_column_text] Vertrauensvolle Cybersicherheit mit Stormshield | Gemeinsamer Aufbau einer nachhaltigen Beziehung [\/vc_column_text][vc_empty_space][\/vc_column][\/vc_row][vc_row css_animation=&#8220;&#8220; row_type=&#8220;row&#8220; use_row_as_full_screen_section=&#8220;no&#8220; type=&#8220;grid&#8220; angled_section=&#8220;no&#8220; text_align=&#8220;left&#8220; background_image_as_pattern=&#8220;without_pattern&#8220; z_index=&#8220;&#8220; padding_bottom=&#8220;50&#8243;][vc_column width=&#8220;1\/2&#8243;][vc_column_text]Mit der Wahl von Stormshield haben Sie sich f\u00fcr einen seri\u00f6sen Anbieter f\u00fcr die&#8230;<\/p>\n","protected":false},"author":31,"featured_media":0,"parent":0,"menu_order":347,"comment_status":"closed","ping_status":"closed","template":"full_width.php","meta":{"_acf_changed":false,"footnotes":""},"class_list":["post-228305","page","type-page","status-publish","hentry"],"acf":[],"yoast_head":"<!-- This site is optimized with the Yoast SEO plugin v27.0 - https:\/\/yoast.com\/product\/yoast-seo-wordpress\/ -->\n<title>Vertrauensw\u00fcrdige L\u00f6sungen f\u00fcr Cybersicherheit | Stormshield<\/title>\n<meta name=\"description\" content=\"Mit Stormshield arbeiten Sie mit einem vertrauensw\u00fcrdigen Akteur zusammen, um Ihr Unternehmen sicher zu machen.\" \/>\n<meta name=\"robots\" content=\"index, follow, max-snippet:-1, max-image-preview:large, max-video-preview:-1\" \/>\n<link rel=\"canonical\" href=\"https:\/\/www.stormshield.com\/de\/unser-unterschied\/\" \/>\n<meta property=\"og:locale\" content=\"de_DE\" \/>\n<meta property=\"og:type\" content=\"article\" \/>\n<meta property=\"og:title\" content=\"Vertrauensw\u00fcrdige L\u00f6sungen f\u00fcr Cybersicherheit | Stormshield\" \/>\n<meta property=\"og:description\" content=\"Mit Stormshield arbeiten Sie mit einem vertrauensw\u00fcrdigen Akteur zusammen, um Ihr Unternehmen sicher zu machen.\" \/>\n<meta property=\"og:url\" content=\"https:\/\/www.stormshield.com\/de\/unser-unterschied\/\" \/>\n<meta property=\"og:site_name\" content=\"Stormshield\" \/>\n<meta property=\"article:modified_time\" content=\"2025-02-21T10:48:23+00:00\" \/>\n<meta property=\"og:image\" content=\"https:\/\/www.stormshield.com\/wp-content\/uploads\/stormshield_logo.png\" \/>\n\t<meta property=\"og:image:width\" content=\"204\" \/>\n\t<meta property=\"og:image:height\" content=\"94\" \/>\n\t<meta property=\"og:image:type\" content=\"image\/png\" \/>\n<meta name=\"twitter:card\" content=\"summary_large_image\" \/>\n<meta name=\"twitter:site\" content=\"@Stormshield\" \/>\n<meta name=\"twitter:label1\" content=\"Gesch\u00e4tzte Lesezeit\" \/>\n\t<meta name=\"twitter:data1\" content=\"5\u00a0Minuten\" \/>\n<script type=\"application\/ld+json\" class=\"yoast-schema-graph\">{\"@context\":\"https:\/\/schema.org\",\"@graph\":[{\"@type\":\"WebPage\",\"@id\":\"https:\/\/www.stormshield.com\/de\/unser-unterschied\/\",\"url\":\"https:\/\/www.stormshield.com\/de\/unser-unterschied\/\",\"name\":\"Vertrauensw\u00fcrdige L\u00f6sungen f\u00fcr Cybersicherheit | Stormshield\",\"isPartOf\":{\"@id\":\"https:\/\/www.stormshield.com\/de\/#website\"},\"datePublished\":\"2021-10-04T12:48:55+00:00\",\"dateModified\":\"2025-02-21T10:48:23+00:00\",\"description\":\"Mit Stormshield arbeiten Sie mit einem vertrauensw\u00fcrdigen Akteur zusammen, um Ihr Unternehmen sicher zu machen.\",\"breadcrumb\":{\"@id\":\"https:\/\/www.stormshield.com\/de\/unser-unterschied\/#breadcrumb\"},\"inLanguage\":\"de\",\"potentialAction\":[{\"@type\":\"ReadAction\",\"target\":[\"https:\/\/www.stormshield.com\/de\/unser-unterschied\/\"]}]},{\"@type\":\"BreadcrumbList\",\"@id\":\"https:\/\/www.stormshield.com\/de\/unser-unterschied\/#breadcrumb\",\"itemListElement\":[{\"@type\":\"ListItem\",\"position\":1,\"name\":\"Home\",\"item\":\"https:\/\/www.stormshield.com\/de\/\"},{\"@type\":\"ListItem\",\"position\":2,\"name\":\"Unser Unterschied\"}]},{\"@type\":\"WebSite\",\"@id\":\"https:\/\/www.stormshield.com\/de\/#website\",\"url\":\"https:\/\/www.stormshield.com\/de\/\",\"name\":\"Stormshield\",\"description\":\"Stormshield\",\"potentialAction\":[{\"@type\":\"SearchAction\",\"target\":{\"@type\":\"EntryPoint\",\"urlTemplate\":\"https:\/\/www.stormshield.com\/de\/?s={search_term_string}\"},\"query-input\":{\"@type\":\"PropertyValueSpecification\",\"valueRequired\":true,\"valueName\":\"search_term_string\"}}],\"inLanguage\":\"de\"}]}<\/script>\n<!-- \/ Yoast SEO plugin. -->","yoast_head_json":{"title":"Vertrauensw\u00fcrdige L\u00f6sungen f\u00fcr Cybersicherheit | Stormshield","description":"Mit Stormshield arbeiten Sie mit einem vertrauensw\u00fcrdigen Akteur zusammen, um Ihr Unternehmen sicher zu machen.","robots":{"index":"index","follow":"follow","max-snippet":"max-snippet:-1","max-image-preview":"max-image-preview:large","max-video-preview":"max-video-preview:-1"},"canonical":"https:\/\/www.stormshield.com\/de\/unser-unterschied\/","og_locale":"de_DE","og_type":"article","og_title":"Vertrauensw\u00fcrdige L\u00f6sungen f\u00fcr Cybersicherheit | Stormshield","og_description":"Mit Stormshield arbeiten Sie mit einem vertrauensw\u00fcrdigen Akteur zusammen, um Ihr Unternehmen sicher zu machen.","og_url":"https:\/\/www.stormshield.com\/de\/unser-unterschied\/","og_site_name":"Stormshield","article_modified_time":"2025-02-21T10:48:23+00:00","og_image":[{"width":204,"height":94,"url":"https:\/\/www.stormshield.com\/wp-content\/uploads\/stormshield_logo.png","type":"image\/png"}],"twitter_card":"summary_large_image","twitter_site":"@Stormshield","twitter_misc":{"Gesch\u00e4tzte Lesezeit":"5\u00a0Minuten"},"schema":{"@context":"https:\/\/schema.org","@graph":[{"@type":"WebPage","@id":"https:\/\/www.stormshield.com\/de\/unser-unterschied\/","url":"https:\/\/www.stormshield.com\/de\/unser-unterschied\/","name":"Vertrauensw\u00fcrdige L\u00f6sungen f\u00fcr Cybersicherheit | Stormshield","isPartOf":{"@id":"https:\/\/www.stormshield.com\/de\/#website"},"datePublished":"2021-10-04T12:48:55+00:00","dateModified":"2025-02-21T10:48:23+00:00","description":"Mit Stormshield arbeiten Sie mit einem vertrauensw\u00fcrdigen Akteur zusammen, um Ihr Unternehmen sicher zu machen.","breadcrumb":{"@id":"https:\/\/www.stormshield.com\/de\/unser-unterschied\/#breadcrumb"},"inLanguage":"de","potentialAction":[{"@type":"ReadAction","target":["https:\/\/www.stormshield.com\/de\/unser-unterschied\/"]}]},{"@type":"BreadcrumbList","@id":"https:\/\/www.stormshield.com\/de\/unser-unterschied\/#breadcrumb","itemListElement":[{"@type":"ListItem","position":1,"name":"Home","item":"https:\/\/www.stormshield.com\/de\/"},{"@type":"ListItem","position":2,"name":"Unser Unterschied"}]},{"@type":"WebSite","@id":"https:\/\/www.stormshield.com\/de\/#website","url":"https:\/\/www.stormshield.com\/de\/","name":"Stormshield","description":"Stormshield","potentialAction":[{"@type":"SearchAction","target":{"@type":"EntryPoint","urlTemplate":"https:\/\/www.stormshield.com\/de\/?s={search_term_string}"},"query-input":{"@type":"PropertyValueSpecification","valueRequired":true,"valueName":"search_term_string"}}],"inLanguage":"de"}]}},"_links":{"self":[{"href":"https:\/\/www.stormshield.com\/de\/wp-json\/wp\/v2\/pages\/228305","targetHints":{"allow":["GET"]}}],"collection":[{"href":"https:\/\/www.stormshield.com\/de\/wp-json\/wp\/v2\/pages"}],"about":[{"href":"https:\/\/www.stormshield.com\/de\/wp-json\/wp\/v2\/types\/page"}],"author":[{"embeddable":true,"href":"https:\/\/www.stormshield.com\/de\/wp-json\/wp\/v2\/users\/31"}],"replies":[{"embeddable":true,"href":"https:\/\/www.stormshield.com\/de\/wp-json\/wp\/v2\/comments?post=228305"}],"version-history":[{"count":23,"href":"https:\/\/www.stormshield.com\/de\/wp-json\/wp\/v2\/pages\/228305\/revisions"}],"predecessor-version":[{"id":617582,"href":"https:\/\/www.stormshield.com\/de\/wp-json\/wp\/v2\/pages\/228305\/revisions\/617582"}],"wp:attachment":[{"href":"https:\/\/www.stormshield.com\/de\/wp-json\/wp\/v2\/media?parent=228305"}],"curies":[{"name":"wp","href":"https:\/\/api.w.org\/{rel}","templated":true}]}}