{"id":228267,"date":"2021-10-05T09:06:21","date_gmt":"2021-10-05T08:06:21","guid":{"rendered":"https:\/\/www.stormshield.com\/?page_id=228267"},"modified":"2025-05-19T10:23:12","modified_gmt":"2025-05-19T09:23:12","slug":"der-europaeische-anbieter-der-wahl-in-sachen-cybersicherheit","status":"publish","type":"page","link":"https:\/\/www.stormshield.com\/de\/ueber-uns\/der-europaeische-anbieter-der-wahl-in-sachen-cybersicherheit\/","title":{"rendered":"Der europ\u00e4ische Anbieter der Wahl in Sachen Cybersicherheit"},"content":{"rendered":"<div class=\"wpb-content-wrapper\"><p>[vc_row css_animation=\"\" row_type=\"row\" use_row_as_full_screen_section=\"no\" type=\"grid\" angled_section=\"no\" text_align=\"left\" background_image_as_pattern=\"without_pattern\" z_index=\"\" padding_top=\"50\" padding_bottom=\"50\"][vc_column][vc_empty_space][vc_column_text]<\/p>\n<h1 style=\"text-align: center;\"><span style=\"color: #00aaf5;\"><span style=\"font-weight: 300; font-size: 1.5em;\">\u00dcber Stormshield: <\/span><strong><span style=\"font-size: 1.5em;\">der europ\u00e4ische Anbieter der Wahl in Sachen Cybersicherheit<\/span><\/strong><\/span><\/h1>\n<p>[\/vc_column_text][vc_empty_space][\/vc_column][\/vc_row][vc_row css_animation=\"\" row_type=\"row\" use_row_as_full_screen_section=\"no\" type=\"grid\" angled_section=\"no\" text_align=\"left\" background_image_as_pattern=\"without_pattern\" z_index=\"\" padding_bottom=\"50\"][vc_column width=\"1\/2\"][vc_column_text css=\"\"]<span style=\"color: #000; font-size: 1.1em;\"><strong>Als unumg\u00e4nglicher Akteur in Sachen Cybersicherheit bietet Stormshield Unternehmen auf der ganzen Welt eine seri\u00f6se europ\u00e4ische Alternative, wenn es um den Schutz von kritischen Infrastrukturen, sensiblen Daten und Betriebsumgebungen geht.<\/strong> Vor einem immer komplexer werdenden geopolitischen Hintergrund, bei dem Staaten und gro\u00dfe Digitalakteure nicht mehr klar umrissen sind, verpflichtet sich Stormshield zu einem ehrgeizigen Vorhaben: Das Unternehmen m\u00f6chte die erste Wahl in Sachen Cybersicherheit werden.<\/span><\/p>\n<p><span style=\"color: #000; font-size: 1.1em;\">Als Tochterunternehmen von <strong><a style=\"color: #000000;\" href=\"https:\/\/www.cyber.airbus.com\/de\/\" target=\"_blank\" rel=\"noopener\">Airbus Defence and Space Cyber Programmes<\/a><\/strong> reiht sich Stormshield in die gr\u00f6\u00dften europ\u00e4ischen Erfolge der Branche ein. Ein Zeichen der Vertrauensw\u00fcrdigkeit und der St\u00e4rke f\u00fcr die Zukunft des Unternehmens.<\/span>[\/vc_column_text][vc_empty_space]<a  itemprop=\"url\" href=\"https:\/\/www.stormshield.com\/wp-content\/uploads\/Stormshield-DE-Corporate-Brochure.pdf\" target=\"_blank\" data-hover-background-color=\"#d23467\" data-hover-border-color=\"#ffffff\" class=\"qbutton  white enlarge\" style=\"border-color: #ffffff; background-color:#060051;\">Stormshield-Brosch\u00fcre herunterladen<i class=\"qode_icon_font_awesome fa fa-download qode_button_icon_element\"><\/i><\/a>[vc_empty_space][\/vc_column][vc_column width=\"1\/2\"][vc_video link=\"https:\/\/www.youtube.com\/watch?v=302D2d1Eg84\" align=\"center\"][\/vc_column][\/vc_row][vc_row css_animation=\"\" row_type=\"row\" use_row_as_full_screen_section=\"no\" type=\"grid\" angled_section=\"no\" text_align=\"left\" background_image_as_pattern=\"without_pattern\" z_index=\"\" padding_bottom=\"50\" css=\".vc_custom_1697804221509{background-color: #ffffff !important;}\" padding_top=\"50\"][vc_column][vc_row_inner row_type=\"row\" type=\"full_width\" text_align=\"left\" css_animation=\"\" background_color=\"#f9f9f9\" css=\".vc_custom_1697805785032{padding-top: 32px !important;padding-right: 32px !important;padding-bottom: 32px !important;padding-left: 32px !important;}\"][vc_column_inner][vc_column_text]<\/p>\n<h2><span style=\"color: #000; font-size: 1.2em; font-weight: 900;\">Vertrauensw\u00fcrdige Cybersicherheitsl\u00f6sungen<\/span><\/h2>\n<p><span style=\"color: #000; font-size: 1.1em;\">In dem Ma\u00dfe, wie unsere Gesellschaft immer digitaler wird und internationale Spannungen zunehmen, werden geopolitische Erw\u00e4gungen zu Kriterien bei der Auswahl von Lieferanten und den von ihnen entwickelten Produkten. Europa kommt daher eine entscheidende Rolle zu: Es muss zuverl\u00e4ssige und sichere Cybersicherheitsl\u00f6sungen anbieten, die von seinen Werten gepr\u00e4gt sind. <strong>Um zu dieser Cybersicherheit made in EU beizutragen, hat sich Stormshield seit vielen Jahren als vertrauensw\u00fcrdige europ\u00e4ische Alternative etabliert.<\/strong><\/span><\/p>\n<p><span style=\"color: #000; font-size: 1.1em;\">Da Vertrauen in erster Linie auf Technologie beruht, haben wir die Integrit\u00e4t und Qualit\u00e4t unserer Produkte in den Mittelpunkt unseres Auftrags gestellt. <strong>Und uns zu einem kontinuierlichen Zertifizierungs- und Qualifizierungsprozess mit den nationalen europ\u00e4ischen Cybersicherheitsbeh\u00f6rden verpflichtet.<\/strong> Dazu geh\u00f6rt auch eine unabh\u00e4ngige Pr\u00fcfung unseres Quellcodes und unserer Entwicklungsumgebungen - der Schl\u00fcssel zu echter Transparenz. Dieser Gedanke steht im Mittelpunkt des europ\u00e4ischen Ansatzes von Stormshield. Unsere Cybersicherheitsprodukte werden in Frankreich regelm\u00e4\u00dfig von der ANSSI (<em>Agence nationale de la s\u00e9curit\u00e9 des syst\u00e8mes d'information<\/em>) und in Spanien vom CCN (<em>Centro Criptol\u00f3gico Nacional<\/em>) zertifiziert und qualifiziert. Und mit der Unterzeichnung eines Abkommens \u00fcber die gegenseitige Anerkennung von IT-Sicherheitszertifikaten zwischen dem BSI und der ANSSI haben die Produkte von Stormshield an Sichtbarkeit und Glaubw\u00fcrdigkeit in Deutschland gewonnen. Damit richten sich die Produkte von Stormshield an Organisationen, die kritische und sensible Infrastrukturen betreiben, sowie an alle Wirtschaftsakteure, die sich um die Integrit\u00e4t der von ihnen eingesetzten L\u00f6sungen sorgen.<\/span><\/p>\n<p><span style=\"color: #000; font-size: 1.1em;\">Unsere Strategie f\u00fcr eine vertrauensw\u00fcrdige europ\u00e4ische Cybersicherheit basiert auf der Einbeziehung unserer Produkte in das k\u00fcnftige europ\u00e4ische Zertifizierungssystem, das von der ENISA und dem Cybersecurity Act definiert wird. Andere wichtige Vorschriften, wie der Cyber Resilience Act und die NIS2-Richtlinie, verst\u00e4rken ebenfalls die Anforderungen an das Vertrauen in die L\u00f6sungen, die es unseren Unternehmen und Verwaltungen erm\u00f6glichen werden, ihr Cybersicherheitsniveau zu erh\u00f6hen. <strong>Diese Entwicklungen bieten die M\u00f6glichkeit, die zun\u00e4chst in Frankreich und dann nach und nach auch in anderen europ\u00e4ischen L\u00e4ndern erworbene Legitimit\u00e4t \u00fcberall auf internationaler Ebene auszubauen.<\/strong><\/span>[\/vc_column_text][vc_empty_space]<a  itemprop=\"url\" href=\"https:\/\/www.stormshield.com\/de\/produkte-und-services\/\" target=\"_blank\" data-hover-background-color=\"#d23467\" data-hover-border-color=\"#ffffff\" class=\"qbutton  white enlarge\" style=\"border-color: #ffffff; background-color:#060051;\">Produkte &amp; L\u00f6sungen<i class=\"qode_icon_font_awesome fa fa-angle-right qode_button_icon_element\"><\/i><\/a>[vc_empty_space][\/vc_column_inner][\/vc_row_inner][\/vc_column][\/vc_row][vc_row css_animation=\"\" row_type=\"row\" use_row_as_full_screen_section=\"no\" type=\"grid\" angled_section=\"no\" text_align=\"left\" background_image_as_pattern=\"without_pattern\" z_index=\"\" padding_bottom=\"50\" padding_top=\"50\"][vc_column][vc_row_inner row_type=\"row\" type=\"full_width\" text_align=\"left\" css_animation=\"\"][vc_column_inner width=\"1\/5\"][\/vc_column_inner][vc_column_inner width=\"1\/5\"][vc_single_image image=\"255518\" alignment=\"center\" onclick=\"custom_link\" img_link_target=\"_blank\" css=\"\" qode_css_animation=\"\" qode_hover_animation=\"zoom_in\" link=\"https:\/\/www.stormshield.com\/de\/produkte-und-services\/produkte\/netzwerksicherheit\/\"][vc_column_text]<\/p>\n<p style=\"text-align: center;\"><span style=\"color: #000; font-size: 1.1em;\">Netzwerkschutz mit Stormshield Network Security<\/span><\/p>\n<p>[\/vc_column_text][\/vc_column_inner][vc_column_inner width=\"1\/5\"][vc_single_image image=\"255578\" alignment=\"center\" onclick=\"custom_link\" img_link_target=\"_blank\" css=\"\" qode_css_animation=\"\" qode_hover_animation=\"zoom_in\" link=\"https:\/\/www.stormshield.com\/de\/produkte-und-services\/produkte\/schutz-von-workstations-und-servern\/stormshield-endpoint-security\/\"][vc_column_text]<\/p>\n<p style=\"text-align: center;\"><span style=\"color: #000; font-size: 1.1em;\">Server und desktopschutz mit Stormshield Endpoint Security<\/span><\/p>\n<p>[\/vc_column_text][\/vc_column_inner][vc_column_inner width=\"1\/5\"][vc_single_image image=\"255574\" alignment=\"center\" onclick=\"custom_link\" img_link_target=\"_blank\" css=\"\" qode_css_animation=\"\" qode_hover_animation=\"zoom_in\" link=\"https:\/\/www.stormshield.com\/de\/produkte-und-services\/produkte\/datenverschluesselung\/\"][vc_column_text]<\/p>\n<p style=\"text-align: center;\"><span style=\"color: #000; font-size: 1.1em;\">Datenschutz mit Stormshield Data Security<\/span><\/p>\n<p>[\/vc_column_text][\/vc_column_inner][vc_column_inner width=\"1\/5\"][\/vc_column_inner][\/vc_row_inner][\/vc_column][\/vc_row][vc_row css_animation=\"\" row_type=\"row\" use_row_as_full_screen_section=\"no\" type=\"grid\" angled_section=\"no\" text_align=\"left\" background_image_as_pattern=\"without_pattern\" z_index=\"\" padding_bottom=\"50\" css=\".vc_custom_1697804221509{background-color: #ffffff !important;}\" padding_top=\"50\"][vc_column][vc_row_inner row_type=\"row\" type=\"full_width\" text_align=\"left\" css_animation=\"\" background_color=\"#f9f9f9\" css=\".vc_custom_1697805785032{padding-top: 32px !important;padding-right: 32px !important;padding-bottom: 32px !important;padding-left: 32px !important;}\"][vc_column_inner width=\"2\/3\"][vc_column_text]<\/p>\n<h2><span style=\"color: #000; font-size: 1.2em; font-weight: 900;\">Cybersicherheit von Infrastrukturen und Informationssystemen der Branche<\/span><\/h2>\n<p><span style=\"color: #000; font-size: 1.1em;\"><strong>Als Spezialist f\u00fcr OT-Umgebungen und kritische Umgebungen stellen wir unseren Kundinnen und Kunden unsere technologischen Fortschritte auf dem Markt der industriellen Cybersicherheit zur Verf\u00fcgung.<\/strong> Der einmalige Support standardisierter oder eigener Branchenprotokolle (BACNet Ip, CIP, IEC 60870, IEC 61850, IEC 62443 etc.) sowie die F\u00e4higkeit zur Tiefenanalyse derselben sind entscheidend, um optimale Sicherheit zu gew\u00e4hrleisten.<\/span><\/p>\n<p><span style=\"color: #000; font-size: 1.1em;\"><strong>Legen Sie besonderen Wert auf Cyberanforderungen im industriellen Bereich?<\/strong> Dann informieren Sie sich \u00fcber unseren Ansatz f\u00fcr industrielle Cybersicherheit.<\/span>[\/vc_column_text][vc_empty_space]<a  itemprop=\"url\" href=\"https:\/\/www.stormshield.com\/de\/produkte-und-services\/produkte\/industrielle-cybersicherheit-und-ot-schutz\/\" target=\"_blank\" data-hover-background-color=\"#d23467\" data-hover-border-color=\"#ffffff\" class=\"qbutton  white enlarge\" style=\"border-color: #ffffff; background-color:#060051;\">Industrielle cybersicherheit<i class=\"qode_icon_font_awesome fa fa-angle-right qode_button_icon_element\"><\/i><\/a>[vc_empty_space][\/vc_column_inner][vc_column_inner width=\"1\/3\"][vc_empty_space][vc_single_image image=\"195495\" img_size=\"large\" alignment=\"center\" onclick=\"custom_link\" img_link_target=\"_blank\" css=\"\" qode_css_animation=\"\" qode_hover_animation=\"zoom_in\" link=\"https:\/\/www.stormshield.com\/de\/produkte-und-services\/produkte\/industrielle-cybersicherheit-und-ot-schutz\/produktauswahl\/\"][\/vc_column_inner][\/vc_row_inner][\/vc_column][\/vc_row][vc_row css_animation=\"\" row_type=\"row\" use_row_as_full_screen_section=\"no\" type=\"grid\" angled_section=\"no\" text_align=\"left\" background_image_as_pattern=\"without_pattern\" z_index=\"\" padding_bottom=\"50\" padding_top=\"50\"][vc_column width=\"1\/2\"][vc_column_text]<\/p>\n<h2><span style=\"color: #000; font-size: 1.2em; font-weight: 900;\">Menschliche Herausforderungen<\/span><\/h2>\n<p><span style=\"color: #000; font-size: 1.1em;\">Doch der Schutz von Daten oder von Netzwerken eines Unternehmens ist nicht nur ein technologisches Problem. Zu den technischen \u00dcberlegungen gesellen sich auch menschliche Probleme. Bei Stormshield helfen uns unsere Fertigkeiten in der Betreuung und Beratung sowie in der Anpassung unserer Produkte oder Dienstleistungen an die Kundenanforderungen bei unserer t\u00e4glichen Arbeit. Den Kern unserer t\u00e4glichen Arbeit bildet der Dreiklang aus \u201eReaktion, N\u00e4he und Agilit\u00e4t\u201c.<\/span><\/p>\n<p><span style=\"color: #000; font-size: 1.1em;\"><strong>Teilen Sie unsere Unternehmenswerte?<\/strong> Reizt Sie unsere einzigartige Platzierung auf dem europ\u00e4ischen Markt? Dann informieren Sie sich \u00fcber unsere Stellenangebote.<\/span>[\/vc_column_text][vc_empty_space]<a  itemprop=\"url\" href=\"https:\/\/www.stormshield.com\/de\/mitarbeit\/\" target=\"_blank\" data-hover-background-color=\"#d23467\" data-hover-border-color=\"#ffffff\" class=\"qbutton  white enlarge\" style=\"border-color: #ffffff; background-color:#060051;\">Cyber-jobs<i class=\"qode_icon_font_awesome fa fa-angle-right qode_button_icon_element\"><\/i><\/a>[vc_empty_space][\/vc_column][vc_column width=\"1\/2\"][vc_empty_space][vc_single_image image=\"536581\" img_size=\"large\" alignment=\"center\" onclick=\"custom_link\" img_link_target=\"_blank\" css=\"\" qode_css_animation=\"\" qode_hover_animation=\"zoom_in\" link=\"https:\/\/www.stormshield.com\/de\/mitarbeit\/\"][\/vc_column][\/vc_row][vc_row css_animation=\"\" row_type=\"row\" use_row_as_full_screen_section=\"no\" type=\"grid\" angled_section=\"no\" text_align=\"left\" background_image_as_pattern=\"without_pattern\" z_index=\"\" padding_bottom=\"75\" padding_top=\"75\"][vc_column][vc_row_inner row_type=\"row\" type=\"full_width\" text_align=\"left\" css_animation=\"\" background_color=\"#f9f9f9\" css=\".vc_custom_1703235930482{padding-top: 32px !important;padding-right: 32px !important;padding-bottom: 32px !important;padding-left: 32px !important;background-color: #060051 !important;}\"][vc_column_inner][vc_column_text]<span style=\"color: #ffffff; font-size: 1.1em;\"><strong>Neben dem Aufbau einer sichereren digitalen Welt setzen wir uns auch f\u00fcr eine verantwortungsvollere und umweltfreundlichere Wirtschaft ein und haben daher die gro\u00dfen Herausforderungen der CSR (<em>Corporate Social Responsibility<\/em>) in den Mittelpunkt unserer Entwicklung gestellt.<\/strong> Zu diesen Herausforderungen geh\u00f6ren insbesondere die Ausbildung und Besch\u00e4ftigung junger Menschen, die Stellung der Frauen in der Unternehmenswelt und im Bereich der Cybersicherheit, das Wohlbefinden unserer Mitarbeiter und die Aufteilung des Wertes, die Reduzierung unseres CO2-Fu\u00dfabdrucks.<\/span>[\/vc_column_text][vc_empty_space][\/vc_column_inner][\/vc_row_inner][\/vc_column][\/vc_row][vc_row css_animation=\"\" row_type=\"row\" use_row_as_full_screen_section=\"no\" type=\"full_width\" angled_section=\"no\" text_align=\"left\" background_image_as_pattern=\"without_pattern\"][vc_column][vc_empty_space][\/vc_column][\/vc_row]<\/p>\n<\/div>","protected":false},"excerpt":{"rendered":"<p>[vc_row css_animation=&#8220;&#8220; row_type=&#8220;row&#8220; use_row_as_full_screen_section=&#8220;no&#8220; type=&#8220;grid&#8220; angled_section=&#8220;no&#8220; text_align=&#8220;left&#8220; background_image_as_pattern=&#8220;without_pattern&#8220; z_index=&#8220;&#8220; padding_top=&#8220;50&#8243; padding_bottom=&#8220;50&#8243;][vc_column][vc_empty_space][vc_column_text] \u00dcber Stormshield: der europ\u00e4ische Anbieter der Wahl in Sachen Cybersicherheit [\/vc_column_text][vc_empty_space][\/vc_column][\/vc_row][vc_row css_animation=&#8220;&#8220; row_type=&#8220;row&#8220; use_row_as_full_screen_section=&#8220;no&#8220; type=&#8220;grid&#8220; angled_section=&#8220;no&#8220; text_align=&#8220;left&#8220; background_image_as_pattern=&#8220;without_pattern&#8220; z_index=&#8220;&#8220; padding_bottom=&#8220;50&#8243;][vc_column width=&#8220;1\/2&#8243;][vc_column_text css=&#8220;&#8220;]Als unumg\u00e4nglicher Akteur in Sachen Cybersicherheit bietet Stormshield Unternehmen auf der ganzen Welt&#8230;<\/p>\n","protected":false},"author":31,"featured_media":0,"parent":22529,"menu_order":84,"comment_status":"closed","ping_status":"closed","template":"full_width.php","meta":{"_acf_changed":false,"footnotes":""},"class_list":["post-228267","page","type-page","status-publish","hentry"],"acf":[],"yoast_head":"<!-- This site is optimized with the Yoast SEO plugin v27.0 - https:\/\/yoast.com\/product\/yoast-seo-wordpress\/ -->\n<title>Die europ\u00e4ische Wahl f\u00fcr Cybersicherheit | Stormshield<\/title>\n<meta name=\"description\" content=\"Stormshield bietet eine vertrauensw\u00fcrdige europ\u00e4ische Alternative zum Schutz kritischer Infrastrukturen und sensibler Daten.\" \/>\n<meta name=\"robots\" content=\"index, follow, max-snippet:-1, max-image-preview:large, max-video-preview:-1\" \/>\n<link rel=\"canonical\" href=\"https:\/\/www.stormshield.com\/de\/ueber-uns\/der-europaeische-anbieter-der-wahl-in-sachen-cybersicherheit\/\" \/>\n<meta property=\"og:locale\" content=\"de_DE\" \/>\n<meta property=\"og:type\" content=\"article\" \/>\n<meta property=\"og:title\" content=\"Die europ\u00e4ische Wahl f\u00fcr Cybersicherheit | Stormshield\" \/>\n<meta property=\"og:description\" content=\"Stormshield bietet eine vertrauensw\u00fcrdige europ\u00e4ische Alternative zum Schutz kritischer Infrastrukturen und sensibler Daten.\" \/>\n<meta property=\"og:url\" content=\"https:\/\/www.stormshield.com\/de\/ueber-uns\/der-europaeische-anbieter-der-wahl-in-sachen-cybersicherheit\/\" \/>\n<meta property=\"og:site_name\" content=\"Stormshield\" \/>\n<meta property=\"article:modified_time\" content=\"2025-05-19T09:23:12+00:00\" \/>\n<meta property=\"og:image\" content=\"https:\/\/www.stormshield.com\/wp-content\/uploads\/stormshield_logo.png\" \/>\n\t<meta property=\"og:image:width\" content=\"204\" \/>\n\t<meta property=\"og:image:height\" content=\"94\" \/>\n\t<meta property=\"og:image:type\" content=\"image\/png\" \/>\n<meta name=\"twitter:card\" content=\"summary_large_image\" \/>\n<meta name=\"twitter:site\" content=\"@Stormshield\" \/>\n<meta name=\"twitter:label1\" content=\"Gesch\u00e4tzte Lesezeit\" \/>\n\t<meta name=\"twitter:data1\" content=\"5\u00a0Minuten\" \/>\n<script type=\"application\/ld+json\" class=\"yoast-schema-graph\">{\"@context\":\"https:\/\/schema.org\",\"@graph\":[{\"@type\":\"WebPage\",\"@id\":\"https:\/\/www.stormshield.com\/de\/ueber-uns\/der-europaeische-anbieter-der-wahl-in-sachen-cybersicherheit\/\",\"url\":\"https:\/\/www.stormshield.com\/de\/ueber-uns\/der-europaeische-anbieter-der-wahl-in-sachen-cybersicherheit\/\",\"name\":\"Die europ\u00e4ische Wahl f\u00fcr Cybersicherheit | Stormshield\",\"isPartOf\":{\"@id\":\"https:\/\/www.stormshield.com\/de\/#website\"},\"datePublished\":\"2021-10-05T08:06:21+00:00\",\"dateModified\":\"2025-05-19T09:23:12+00:00\",\"description\":\"Stormshield bietet eine vertrauensw\u00fcrdige europ\u00e4ische Alternative zum Schutz kritischer Infrastrukturen und sensibler Daten.\",\"breadcrumb\":{\"@id\":\"https:\/\/www.stormshield.com\/de\/ueber-uns\/der-europaeische-anbieter-der-wahl-in-sachen-cybersicherheit\/#breadcrumb\"},\"inLanguage\":\"de\",\"potentialAction\":[{\"@type\":\"ReadAction\",\"target\":[\"https:\/\/www.stormshield.com\/de\/ueber-uns\/der-europaeische-anbieter-der-wahl-in-sachen-cybersicherheit\/\"]}]},{\"@type\":\"BreadcrumbList\",\"@id\":\"https:\/\/www.stormshield.com\/de\/ueber-uns\/der-europaeische-anbieter-der-wahl-in-sachen-cybersicherheit\/#breadcrumb\",\"itemListElement\":[{\"@type\":\"ListItem\",\"position\":1,\"name\":\"Home\",\"item\":\"https:\/\/www.stormshield.com\/de\/\"},{\"@type\":\"ListItem\",\"position\":2,\"name\":\"\u00dcber uns\",\"item\":\"https:\/\/www.stormshield.com\/de\/ueber-uns\/\"},{\"@type\":\"ListItem\",\"position\":3,\"name\":\"Der europ\u00e4ische Anbieter der Wahl in Sachen Cybersicherheit\"}]},{\"@type\":\"WebSite\",\"@id\":\"https:\/\/www.stormshield.com\/de\/#website\",\"url\":\"https:\/\/www.stormshield.com\/de\/\",\"name\":\"Stormshield\",\"description\":\"Stormshield\",\"potentialAction\":[{\"@type\":\"SearchAction\",\"target\":{\"@type\":\"EntryPoint\",\"urlTemplate\":\"https:\/\/www.stormshield.com\/de\/?s={search_term_string}\"},\"query-input\":{\"@type\":\"PropertyValueSpecification\",\"valueRequired\":true,\"valueName\":\"search_term_string\"}}],\"inLanguage\":\"de\"}]}<\/script>\n<!-- \/ Yoast SEO plugin. -->","yoast_head_json":{"title":"Die europ\u00e4ische Wahl f\u00fcr Cybersicherheit | Stormshield","description":"Stormshield bietet eine vertrauensw\u00fcrdige europ\u00e4ische Alternative zum Schutz kritischer Infrastrukturen und sensibler Daten.","robots":{"index":"index","follow":"follow","max-snippet":"max-snippet:-1","max-image-preview":"max-image-preview:large","max-video-preview":"max-video-preview:-1"},"canonical":"https:\/\/www.stormshield.com\/de\/ueber-uns\/der-europaeische-anbieter-der-wahl-in-sachen-cybersicherheit\/","og_locale":"de_DE","og_type":"article","og_title":"Die europ\u00e4ische Wahl f\u00fcr Cybersicherheit | Stormshield","og_description":"Stormshield bietet eine vertrauensw\u00fcrdige europ\u00e4ische Alternative zum Schutz kritischer Infrastrukturen und sensibler Daten.","og_url":"https:\/\/www.stormshield.com\/de\/ueber-uns\/der-europaeische-anbieter-der-wahl-in-sachen-cybersicherheit\/","og_site_name":"Stormshield","article_modified_time":"2025-05-19T09:23:12+00:00","og_image":[{"width":204,"height":94,"url":"https:\/\/www.stormshield.com\/wp-content\/uploads\/stormshield_logo.png","type":"image\/png"}],"twitter_card":"summary_large_image","twitter_site":"@Stormshield","twitter_misc":{"Gesch\u00e4tzte Lesezeit":"5\u00a0Minuten"},"schema":{"@context":"https:\/\/schema.org","@graph":[{"@type":"WebPage","@id":"https:\/\/www.stormshield.com\/de\/ueber-uns\/der-europaeische-anbieter-der-wahl-in-sachen-cybersicherheit\/","url":"https:\/\/www.stormshield.com\/de\/ueber-uns\/der-europaeische-anbieter-der-wahl-in-sachen-cybersicherheit\/","name":"Die europ\u00e4ische Wahl f\u00fcr Cybersicherheit | Stormshield","isPartOf":{"@id":"https:\/\/www.stormshield.com\/de\/#website"},"datePublished":"2021-10-05T08:06:21+00:00","dateModified":"2025-05-19T09:23:12+00:00","description":"Stormshield bietet eine vertrauensw\u00fcrdige europ\u00e4ische Alternative zum Schutz kritischer Infrastrukturen und sensibler Daten.","breadcrumb":{"@id":"https:\/\/www.stormshield.com\/de\/ueber-uns\/der-europaeische-anbieter-der-wahl-in-sachen-cybersicherheit\/#breadcrumb"},"inLanguage":"de","potentialAction":[{"@type":"ReadAction","target":["https:\/\/www.stormshield.com\/de\/ueber-uns\/der-europaeische-anbieter-der-wahl-in-sachen-cybersicherheit\/"]}]},{"@type":"BreadcrumbList","@id":"https:\/\/www.stormshield.com\/de\/ueber-uns\/der-europaeische-anbieter-der-wahl-in-sachen-cybersicherheit\/#breadcrumb","itemListElement":[{"@type":"ListItem","position":1,"name":"Home","item":"https:\/\/www.stormshield.com\/de\/"},{"@type":"ListItem","position":2,"name":"\u00dcber uns","item":"https:\/\/www.stormshield.com\/de\/ueber-uns\/"},{"@type":"ListItem","position":3,"name":"Der europ\u00e4ische Anbieter der Wahl in Sachen Cybersicherheit"}]},{"@type":"WebSite","@id":"https:\/\/www.stormshield.com\/de\/#website","url":"https:\/\/www.stormshield.com\/de\/","name":"Stormshield","description":"Stormshield","potentialAction":[{"@type":"SearchAction","target":{"@type":"EntryPoint","urlTemplate":"https:\/\/www.stormshield.com\/de\/?s={search_term_string}"},"query-input":{"@type":"PropertyValueSpecification","valueRequired":true,"valueName":"search_term_string"}}],"inLanguage":"de"}]}},"_links":{"self":[{"href":"https:\/\/www.stormshield.com\/de\/wp-json\/wp\/v2\/pages\/228267","targetHints":{"allow":["GET"]}}],"collection":[{"href":"https:\/\/www.stormshield.com\/de\/wp-json\/wp\/v2\/pages"}],"about":[{"href":"https:\/\/www.stormshield.com\/de\/wp-json\/wp\/v2\/types\/page"}],"author":[{"embeddable":true,"href":"https:\/\/www.stormshield.com\/de\/wp-json\/wp\/v2\/users\/31"}],"replies":[{"embeddable":true,"href":"https:\/\/www.stormshield.com\/de\/wp-json\/wp\/v2\/comments?post=228267"}],"version-history":[{"count":19,"href":"https:\/\/www.stormshield.com\/de\/wp-json\/wp\/v2\/pages\/228267\/revisions"}],"predecessor-version":[{"id":638508,"href":"https:\/\/www.stormshield.com\/de\/wp-json\/wp\/v2\/pages\/228267\/revisions\/638508"}],"up":[{"embeddable":true,"href":"https:\/\/www.stormshield.com\/de\/wp-json\/wp\/v2\/pages\/22529"}],"wp:attachment":[{"href":"https:\/\/www.stormshield.com\/de\/wp-json\/wp\/v2\/media?parent=228267"}],"curies":[{"name":"wp","href":"https:\/\/api.w.org\/{rel}","templated":true}]}}