{"id":227466,"date":"2021-02-09T16:39:50","date_gmt":"2021-02-09T15:39:50","guid":{"rendered":"https:\/\/www.stormshield.com\/?page_id=227466"},"modified":"2026-03-27T14:47:29","modified_gmt":"2026-03-27T13:47:29","slug":"verwaltungstools-fuer-sns-firewalls","status":"publish","type":"page","link":"https:\/\/www.stormshield.com\/de\/produkte-und-services\/produkte\/netzwerksicherheit\/verwaltungstools-fuer-sns-firewalls\/","title":{"rendered":"Verwaltungstools f\u00fcr SNS-Firewalls"},"content":{"rendered":"<div class=\"wpb-content-wrapper\"><p>[vc_row css_animation=\"\" row_type=\"row\" use_row_as_full_screen_section=\"no\" type=\"grid\" angled_section=\"no\" text_align=\"left\" background_image_as_pattern=\"without_pattern\" z_index=\"\" padding_top=\"50\" padding_bottom=\"50\"][vc_column][vc_row_inner row_type=\"row\" type=\"full_width\" text_align=\"left\" css_animation=\"\"][vc_column_inner][vc_column_text]<\/p>\n<h1 style=\"text-align: center;\"><span style=\"color: #00aaf5;\"><span style=\"font-weight: 300; font-size: 1.5em;\">Optimieren Sie Ihre Sicherheit und die Wirksamkeit Ihres Netzwerkschutzes<\/span><\/span><span style=\"color: #00aaf5;\"><span style=\"font-weight: 900; font-size: 1.5em;\">\u00a0mit den Verwaltungstools f\u00fcr SNS-Firewalls<\/span><\/span><\/h1>\n<p>[\/vc_column_text][\/vc_column_inner][\/vc_row_inner][\/vc_column][\/vc_row][vc_row css_animation=\"\" row_type=\"row\" use_row_as_full_screen_section=\"no\" type=\"grid\" angled_section=\"no\" text_align=\"left\" background_image_as_pattern=\"without_pattern\" z_index=\"\"][vc_column][vc_row_inner row_type=\"row\" type=\"full_width\" text_align=\"left\" css_animation=\"\"][vc_column_inner width=\"1\/2\" css=\".vc_custom_1706169633299{padding-top: 32px !important;padding-right: 32px !important;padding-bottom: 32px !important;padding-left: 32px !important;}\"][vc_single_image image=\"253798\" img_size=\"medium\" alignment=\"center\" qode_css_animation=\"\"][vc_column_text]<\/p>\n<h2><span style=\"color: #000; font-size: 1.2em; font-weight: 900;\">SMC, die Zentrale Verwaltung von Stormshield-Firewalls<\/span><\/h2>\n<p><span style=\"color: #000; font-size: 1.1em;\">Mit der L\u00f6sung <strong>Stormshield Management Center (SMC)<\/strong> verwalten Sie Ihre Stormshield Network Security Firewalls zentral und sicher.<\/span><\/p>\n<p><span style=\"color: #000; font-size: 1.1em;\">Und dank der Funktionalit\u00e4ten und der intuitiven grafischen Oberfl\u00e4che von SMC optimieren Sie Ihre \u00dcberwachungs-, Konfigurations- und Wartungsaufgaben. Schluss mit sich wiederholenden Aufgaben.<\/span>[\/vc_column_text][vc_empty_space]<a  itemprop=\"url\" href=\"https:\/\/www.stormshield.com\/de\/produkte-und-services\/produkte\/netzwerksicherheit\/verwaltungstools-fuer-sns-firewalls\/smc\/\" target=\"_self\" data-hover-background-color=\"#00aeef\" data-hover-border-color=\"#ffffff\" class=\"qbutton  white enlarge\" style=\"border-color: #ffffff; background-color:#060051;\">SMC<i class=\"qode_icon_font_awesome fa fa-angle-right qode_button_icon_element\"><\/i><\/a>[vc_empty_space][\/vc_column_inner][vc_column_inner width=\"1\/2\" css=\".vc_custom_1706169941322{padding-top: 32px !important;padding-right: 32px !important;padding-bottom: 32px !important;padding-left: 32px !important;}\"][vc_single_image image=\"769486\" img_size=\"medium\" alignment=\"center\" css=\"\" qode_css_animation=\"\"][vc_column_text]<\/p>\n<h2><span style=\"color: #000; font-size: 1.2em; font-weight: 900;\">SLS, die Umfangreiche Protokollerwaltung von Stormshield<\/span><\/h2>\n<p><span style=\"color: #000; font-size: 1.1em;\">Es ist schon aufwendig genug, Ihre Sicherheitsereignisse auf potenzielle Probleme zu analysieren, ganz zu schweigen von der Suche nach einem bestimmten Ereignis in dieser Menge von Protokollen. Mit <strong>Stormshield Log Supervisor (SLS)<\/strong> sehen Sie den Status und die Ereignisse Ihres Netzwerks auf einen Blick.<\/span><\/p>\n<p><span style=\"color: #000; font-size: 1.1em;\">Verbessern Sie die Sichtbarkeit von Protokollen in Ihrem Netzwerk und optimieren Sie die Antwortprozesse bei Vorf\u00e4llen.<\/span>[\/vc_column_text][vc_empty_space]<a  itemprop=\"url\" href=\"https:\/\/www.stormshield.com\/de\/produkte-und-services\/produkte\/netzwerksicherheit\/verwaltungstools-fuer-sns-firewalls\/sls\/\" target=\"_self\" data-hover-background-color=\"#00aeef\" data-hover-border-color=\"#ffffff\" class=\"qbutton  white enlarge\" style=\"border-color: #ffffff; background-color:#060051;\">SLS<i class=\"qode_icon_font_awesome fa fa-angle-right qode_button_icon_element\"><\/i><\/a>[vc_empty_space][\/vc_column_inner][\/vc_row_inner][\/vc_column][\/vc_row][vc_row css_animation=\"\" row_type=\"row\" use_row_as_full_screen_section=\"no\" type=\"grid\" angled_section=\"no\" text_align=\"left\" background_image_as_pattern=\"without_pattern\" z_index=\"\"][vc_column][vc_row_inner row_type=\"row\" type=\"full_width\" text_align=\"left\" css_animation=\"\" css=\".vc_custom_1706170044204{padding-top: 32px !important;padding-right: 32px !important;padding-bottom: 32px !important;padding-left: 32px !important;background-color: #f9f9f9 !important;}\"][vc_column_inner css=\".vc_custom_1706169633299{padding-top: 32px !important;padding-right: 32px !important;padding-bottom: 32px !important;padding-left: 32px !important;}\"][vc_column_text css=\"\"]<span style=\"color: #000; font-size: 1.1em;\">SLS st\u00fctzt sich auf die EAL3+-zertifizierte L\u00f6sung guardsix \u2013 den europ\u00e4i-schen Marktf\u00fchrer f\u00fcr SIEM-L\u00f6sungen \u2013 <strong>und ber\u00fccksichtigt auch gesetzli-che Bestimmungen und betriebliche Probleme im Zusammenhang mit der langfristigen Speicherung und Nutzung von Protokollen.<\/strong><\/span>[\/vc_column_text][\/vc_column_inner][\/vc_row_inner][\/vc_column][\/vc_row][vc_row css_animation=\"\" row_type=\"row\" use_row_as_full_screen_section=\"no\" type=\"grid\" angled_section=\"no\" text_align=\"left\" background_image_as_pattern=\"without_pattern\" z_index=\"\"][vc_column][vc_row_inner row_type=\"row\" type=\"full_width\" text_align=\"left\" css_animation=\"\"][vc_column_inner css=\".vc_custom_1706169633299{padding-top: 32px !important;padding-right: 32px !important;padding-bottom: 32px !important;padding-left: 32px !important;}\"][vc_empty_space][\/vc_column_inner][\/vc_row_inner][\/vc_column][\/vc_row][vc_row css_animation=\"\" row_type=\"row\" use_row_as_full_screen_section=\"no\" type=\"grid\" angled_section=\"no\" text_align=\"left\" background_image_as_pattern=\"without_pattern\" z_index=\"\"][vc_column][vc_row_inner row_type=\"row\" type=\"full_width\" text_align=\"left\" css_animation=\"\" css=\".vc_custom_1706170197876{padding-top: 32px !important;padding-right: 32px !important;padding-bottom: 32px !important;padding-left: 32px !important;background-color: #060051 !important;}\"][vc_column_inner css=\".vc_custom_1706169633299{padding-top: 32px !important;padding-right: 32px !important;padding-bottom: 32px !important;padding-left: 32px !important;}\"][vc_column_text]<span style=\"color: #000; font-size: 1.1em;\"><span style=\"color: #ffffff;\">Zus\u00e4tzlich zu den Administrationstools k\u00f6nnen Sie auf den technischen Support von Stormshield z\u00e4hlen. <strong>Selbst in den komplexesten Situationen ist es unsere Aufgabe, schnell und effizient zu reagieren, um Ihre \u201eCyber Serenity\u201c zu gew\u00e4hrleisten.<\/strong><\/span><\/span>[\/vc_column_text][vc_empty_space]<a  itemprop=\"url\" href=\"https:\/\/www.stormshield.com\/de\/kontakt\/technischer-support\/\" target=\"_blank\" data-hover-background-color=\"#00aeef\" data-hover-border-color=\"#ffffff\" class=\"qbutton  white enlarge\" style=\"border-color: #ffffff; background-color:#060051;\">Technischen support<i class=\"qode_icon_font_awesome fa fa-angle-right qode_button_icon_element\"><\/i><\/a>[\/vc_column_inner][\/vc_row_inner][\/vc_column][\/vc_row][vc_row css_animation=\"\" row_type=\"row\" use_row_as_full_screen_section=\"no\" type=\"grid\" angled_section=\"no\" text_align=\"left\" background_image_as_pattern=\"without_pattern\" z_index=\"\"][vc_column][vc_row_inner row_type=\"row\" type=\"full_width\" text_align=\"left\" css_animation=\"\"][vc_column_inner css=\".vc_custom_1706169633299{padding-top: 32px !important;padding-right: 32px !important;padding-bottom: 32px !important;padding-left: 32px !important;}\"][vc_empty_space][\/vc_column_inner][\/vc_row_inner][\/vc_column][\/vc_row]<\/p>\n<\/div>","protected":false},"excerpt":{"rendered":"<p>[vc_row css_animation=&#8220;&#8220; row_type=&#8220;row&#8220; use_row_as_full_screen_section=&#8220;no&#8220; type=&#8220;grid&#8220; angled_section=&#8220;no&#8220; text_align=&#8220;left&#8220; background_image_as_pattern=&#8220;without_pattern&#8220; z_index=&#8220;&#8220; padding_top=&#8220;50&#8243; padding_bottom=&#8220;50&#8243;][vc_column][vc_row_inner row_type=&#8220;row&#8220; type=&#8220;full_width&#8220; text_align=&#8220;left&#8220; css_animation=&#8220;&#8220;][vc_column_inner][vc_column_text] Optimieren Sie Ihre Sicherheit und die Wirksamkeit Ihres Netzwerkschutzes\u00a0mit den Verwaltungstools f\u00fcr SNS-Firewalls [\/vc_column_text][\/vc_column_inner][\/vc_row_inner][\/vc_column][\/vc_row][vc_row css_animation=&#8220;&#8220; row_type=&#8220;row&#8220; use_row_as_full_screen_section=&#8220;no&#8220; type=&#8220;grid&#8220; angled_section=&#8220;no&#8220; text_align=&#8220;left&#8220; background_image_as_pattern=&#8220;without_pattern&#8220; z_index=&#8220;&#8220;][vc_column][vc_row_inner row_type=&#8220;row&#8220; type=&#8220;full_width&#8220; text_align=&#8220;left&#8220; css_animation=&#8220;&#8220;][vc_column_inner width=&#8220;1\/2&#8243; css=&#8220;.vc_custom_1706169633299{padding-top: 32px !important;padding-right:&#8230;<\/p>\n","protected":false},"author":31,"featured_media":0,"parent":22306,"menu_order":239,"comment_status":"closed","ping_status":"closed","template":"full_width.php","meta":{"_acf_changed":false,"footnotes":""},"class_list":["post-227466","page","type-page","status-publish","hentry"],"acf":[],"yoast_head":"<!-- This site is optimized with the Yoast SEO plugin v27.3 - https:\/\/yoast.com\/product\/yoast-seo-wordpress\/ -->\n<title>Administrations-Tools f\u00fcr SNS-Firewalls | Stormshield<\/title>\n<meta name=\"description\" content=\"Mit den Stormshield-Administrationstools k\u00f6nnen Sie Ihre Stormshield Network Security (SNS)-Firewalls zentral und sicher verwalten.\" \/>\n<meta name=\"robots\" content=\"index, follow, max-snippet:-1, max-image-preview:large, max-video-preview:-1\" \/>\n<link rel=\"canonical\" href=\"https:\/\/www.stormshield.com\/de\/produkte-und-services\/produkte\/netzwerksicherheit\/verwaltungstools-fuer-sns-firewalls\/\" \/>\n<meta property=\"og:locale\" content=\"de_DE\" \/>\n<meta property=\"og:type\" content=\"article\" \/>\n<meta property=\"og:title\" content=\"Administrations-Tools f\u00fcr SNS-Firewalls | Stormshield\" \/>\n<meta property=\"og:description\" content=\"Mit den Stormshield-Administrationstools k\u00f6nnen Sie Ihre Stormshield Network Security (SNS)-Firewalls zentral und sicher verwalten.\" \/>\n<meta property=\"og:url\" content=\"https:\/\/www.stormshield.com\/de\/produkte-und-services\/produkte\/netzwerksicherheit\/verwaltungstools-fuer-sns-firewalls\/\" \/>\n<meta property=\"og:site_name\" content=\"Stormshield\" \/>\n<meta property=\"article:modified_time\" content=\"2026-03-27T13:47:29+00:00\" \/>\n<meta property=\"og:image\" content=\"https:\/\/www.stormshield.com\/wp-content\/uploads\/stormshield_logo.png\" \/>\n\t<meta property=\"og:image:width\" content=\"204\" \/>\n\t<meta property=\"og:image:height\" content=\"94\" \/>\n\t<meta property=\"og:image:type\" content=\"image\/png\" \/>\n<meta name=\"twitter:card\" content=\"summary_large_image\" \/>\n<meta name=\"twitter:site\" content=\"@Stormshield\" \/>\n<meta name=\"twitter:label1\" content=\"Gesch\u00e4tzte Lesezeit\" \/>\n\t<meta name=\"twitter:data1\" content=\"3\u00a0Minuten\" \/>\n<script type=\"application\/ld+json\" class=\"yoast-schema-graph\">{\"@context\":\"https:\\\/\\\/schema.org\",\"@graph\":[{\"@type\":\"WebPage\",\"@id\":\"https:\\\/\\\/www.stormshield.com\\\/de\\\/produkte-und-services\\\/produkte\\\/netzwerksicherheit\\\/verwaltungstools-fuer-sns-firewalls\\\/\",\"url\":\"https:\\\/\\\/www.stormshield.com\\\/de\\\/produkte-und-services\\\/produkte\\\/netzwerksicherheit\\\/verwaltungstools-fuer-sns-firewalls\\\/\",\"name\":\"Administrations-Tools f\u00fcr SNS-Firewalls | Stormshield\",\"isPartOf\":{\"@id\":\"https:\\\/\\\/www.stormshield.com\\\/de\\\/#website\"},\"datePublished\":\"2021-02-09T15:39:50+00:00\",\"dateModified\":\"2026-03-27T13:47:29+00:00\",\"description\":\"Mit den Stormshield-Administrationstools k\u00f6nnen Sie Ihre Stormshield Network Security (SNS)-Firewalls zentral und sicher verwalten.\",\"breadcrumb\":{\"@id\":\"https:\\\/\\\/www.stormshield.com\\\/de\\\/produkte-und-services\\\/produkte\\\/netzwerksicherheit\\\/verwaltungstools-fuer-sns-firewalls\\\/#breadcrumb\"},\"inLanguage\":\"de\",\"potentialAction\":[{\"@type\":\"ReadAction\",\"target\":[\"https:\\\/\\\/www.stormshield.com\\\/de\\\/produkte-und-services\\\/produkte\\\/netzwerksicherheit\\\/verwaltungstools-fuer-sns-firewalls\\\/\"]}]},{\"@type\":\"BreadcrumbList\",\"@id\":\"https:\\\/\\\/www.stormshield.com\\\/de\\\/produkte-und-services\\\/produkte\\\/netzwerksicherheit\\\/verwaltungstools-fuer-sns-firewalls\\\/#breadcrumb\",\"itemListElement\":[{\"@type\":\"ListItem\",\"position\":1,\"name\":\"Home\",\"item\":\"https:\\\/\\\/www.stormshield.com\\\/de\\\/\"},{\"@type\":\"ListItem\",\"position\":2,\"name\":\"Produkte &amp; Solutions\",\"item\":\"https:\\\/\\\/www.stormshield.com\\\/de\\\/produkte-und-services\\\/\"},{\"@type\":\"ListItem\",\"position\":3,\"name\":\"Produkte\",\"item\":\"https:\\\/\\\/www.stormshield.com\\\/de\\\/produkte-und-services\\\/produkte\\\/\"},{\"@type\":\"ListItem\",\"position\":4,\"name\":\"Netzwerksicherheit\",\"item\":\"https:\\\/\\\/www.stormshield.com\\\/de\\\/produkte-und-services\\\/produkte\\\/netzwerksicherheit\\\/\"},{\"@type\":\"ListItem\",\"position\":5,\"name\":\"Verwaltungstools f\u00fcr SNS-Firewalls\"}]},{\"@type\":\"WebSite\",\"@id\":\"https:\\\/\\\/www.stormshield.com\\\/de\\\/#website\",\"url\":\"https:\\\/\\\/www.stormshield.com\\\/de\\\/\",\"name\":\"Stormshield\",\"description\":\"Stormshield\",\"potentialAction\":[{\"@type\":\"SearchAction\",\"target\":{\"@type\":\"EntryPoint\",\"urlTemplate\":\"https:\\\/\\\/www.stormshield.com\\\/de\\\/?s={search_term_string}\"},\"query-input\":{\"@type\":\"PropertyValueSpecification\",\"valueRequired\":true,\"valueName\":\"search_term_string\"}}],\"inLanguage\":\"de\"}]}<\/script>\n<!-- \/ Yoast SEO plugin. -->","yoast_head_json":{"title":"Administrations-Tools f\u00fcr SNS-Firewalls | Stormshield","description":"Mit den Stormshield-Administrationstools k\u00f6nnen Sie Ihre Stormshield Network Security (SNS)-Firewalls zentral und sicher verwalten.","robots":{"index":"index","follow":"follow","max-snippet":"max-snippet:-1","max-image-preview":"max-image-preview:large","max-video-preview":"max-video-preview:-1"},"canonical":"https:\/\/www.stormshield.com\/de\/produkte-und-services\/produkte\/netzwerksicherheit\/verwaltungstools-fuer-sns-firewalls\/","og_locale":"de_DE","og_type":"article","og_title":"Administrations-Tools f\u00fcr SNS-Firewalls | Stormshield","og_description":"Mit den Stormshield-Administrationstools k\u00f6nnen Sie Ihre Stormshield Network Security (SNS)-Firewalls zentral und sicher verwalten.","og_url":"https:\/\/www.stormshield.com\/de\/produkte-und-services\/produkte\/netzwerksicherheit\/verwaltungstools-fuer-sns-firewalls\/","og_site_name":"Stormshield","article_modified_time":"2026-03-27T13:47:29+00:00","og_image":[{"width":204,"height":94,"url":"https:\/\/www.stormshield.com\/wp-content\/uploads\/stormshield_logo.png","type":"image\/png"}],"twitter_card":"summary_large_image","twitter_site":"@Stormshield","twitter_misc":{"Gesch\u00e4tzte Lesezeit":"3\u00a0Minuten"},"schema":{"@context":"https:\/\/schema.org","@graph":[{"@type":"WebPage","@id":"https:\/\/www.stormshield.com\/de\/produkte-und-services\/produkte\/netzwerksicherheit\/verwaltungstools-fuer-sns-firewalls\/","url":"https:\/\/www.stormshield.com\/de\/produkte-und-services\/produkte\/netzwerksicherheit\/verwaltungstools-fuer-sns-firewalls\/","name":"Administrations-Tools f\u00fcr SNS-Firewalls | Stormshield","isPartOf":{"@id":"https:\/\/www.stormshield.com\/de\/#website"},"datePublished":"2021-02-09T15:39:50+00:00","dateModified":"2026-03-27T13:47:29+00:00","description":"Mit den Stormshield-Administrationstools k\u00f6nnen Sie Ihre Stormshield Network Security (SNS)-Firewalls zentral und sicher verwalten.","breadcrumb":{"@id":"https:\/\/www.stormshield.com\/de\/produkte-und-services\/produkte\/netzwerksicherheit\/verwaltungstools-fuer-sns-firewalls\/#breadcrumb"},"inLanguage":"de","potentialAction":[{"@type":"ReadAction","target":["https:\/\/www.stormshield.com\/de\/produkte-und-services\/produkte\/netzwerksicherheit\/verwaltungstools-fuer-sns-firewalls\/"]}]},{"@type":"BreadcrumbList","@id":"https:\/\/www.stormshield.com\/de\/produkte-und-services\/produkte\/netzwerksicherheit\/verwaltungstools-fuer-sns-firewalls\/#breadcrumb","itemListElement":[{"@type":"ListItem","position":1,"name":"Home","item":"https:\/\/www.stormshield.com\/de\/"},{"@type":"ListItem","position":2,"name":"Produkte &amp; Solutions","item":"https:\/\/www.stormshield.com\/de\/produkte-und-services\/"},{"@type":"ListItem","position":3,"name":"Produkte","item":"https:\/\/www.stormshield.com\/de\/produkte-und-services\/produkte\/"},{"@type":"ListItem","position":4,"name":"Netzwerksicherheit","item":"https:\/\/www.stormshield.com\/de\/produkte-und-services\/produkte\/netzwerksicherheit\/"},{"@type":"ListItem","position":5,"name":"Verwaltungstools f\u00fcr SNS-Firewalls"}]},{"@type":"WebSite","@id":"https:\/\/www.stormshield.com\/de\/#website","url":"https:\/\/www.stormshield.com\/de\/","name":"Stormshield","description":"Stormshield","potentialAction":[{"@type":"SearchAction","target":{"@type":"EntryPoint","urlTemplate":"https:\/\/www.stormshield.com\/de\/?s={search_term_string}"},"query-input":{"@type":"PropertyValueSpecification","valueRequired":true,"valueName":"search_term_string"}}],"inLanguage":"de"}]}},"_links":{"self":[{"href":"https:\/\/www.stormshield.com\/de\/wp-json\/wp\/v2\/pages\/227466","targetHints":{"allow":["GET"]}}],"collection":[{"href":"https:\/\/www.stormshield.com\/de\/wp-json\/wp\/v2\/pages"}],"about":[{"href":"https:\/\/www.stormshield.com\/de\/wp-json\/wp\/v2\/types\/page"}],"author":[{"embeddable":true,"href":"https:\/\/www.stormshield.com\/de\/wp-json\/wp\/v2\/users\/31"}],"replies":[{"embeddable":true,"href":"https:\/\/www.stormshield.com\/de\/wp-json\/wp\/v2\/comments?post=227466"}],"version-history":[{"count":12,"href":"https:\/\/www.stormshield.com\/de\/wp-json\/wp\/v2\/pages\/227466\/revisions"}],"predecessor-version":[{"id":769496,"href":"https:\/\/www.stormshield.com\/de\/wp-json\/wp\/v2\/pages\/227466\/revisions\/769496"}],"up":[{"embeddable":true,"href":"https:\/\/www.stormshield.com\/de\/wp-json\/wp\/v2\/pages\/22306"}],"wp:attachment":[{"href":"https:\/\/www.stormshield.com\/de\/wp-json\/wp\/v2\/media?parent=227466"}],"curies":[{"name":"wp","href":"https:\/\/api.w.org\/{rel}","templated":true}]}}