{"id":22327,"date":"2016-06-03T11:19:53","date_gmt":"2016-06-03T10:19:53","guid":{"rendered":"https:\/\/www.stormshield.com\/?page_id=22327\/"},"modified":"2026-04-08T16:06:29","modified_gmt":"2026-04-08T15:06:29","slug":"mitarbeit","status":"publish","type":"page","link":"https:\/\/www.stormshield.com\/de\/mitarbeit\/","title":{"rendered":"Mitarbeit"},"content":{"rendered":"<div class=\"wpb-content-wrapper\"><p>[vc_row css_animation=\"\" row_type=\"row\" use_row_as_full_screen_section=\"no\" type=\"grid\" angled_section=\"no\" text_align=\"left\" background_image_as_pattern=\"without_pattern\" z_index=\"\" padding_bottom=\"50\" padding_top=\"50\"][vc_column][vc_empty_space][vc_column_text css=\"\"]<\/p>\n<h1 style=\"text-align: center;\"><span style=\"color: #00aaf5;\"><span style=\"font-weight: 300; font-size: 1.5em;\">Sind Sie bereit, neue Chancen zu ergreifen? <\/span><span style=\"color: #00aaf5;\"><span style=\"font-weight: 900; font-size: 1.5em;\">Dann Finden sie hier die Stellenanzeigen von Stormshield<\/span><\/span><\/span><\/h1>\n<p>[\/vc_column_text][vc_empty_space][\/vc_column][\/vc_row][vc_row css_animation=\"\" row_type=\"row\" use_row_as_full_screen_section=\"no\" type=\"grid\" angled_section=\"no\" text_align=\"left\" background_image_as_pattern=\"without_pattern\" z_index=\"\" padding_bottom=\"50\" padding_top=\"50\" background_color=\"#060051\" css=\".vc_custom_1775659636448{background-color: #060051 !important;}\"][vc_column][vc_row_inner row_type=\"row\" type=\"full_width\" text_align=\"left\" css_animation=\"\" css=\".vc_custom_1721639857986{padding-top: 32px !important;padding-right: 32px !important;padding-bottom: 32px !important;padding-left: 32px !important;}\"][vc_column_inner width=\"1\/2\"][vc_column_text css=\"\"]<span style=\"color: #ffffff; font-size: 1.1em;\">M\u00f6chten Sie im Bereich Cybersicherheit arbeiten? Ob Sie Spezialist, Berufseinsteiger oder erfahrener Experte im Bereich Cybersicherheit sind \u2013 suchen Sie einen dualen Studienplatz oder eine neue Herausforderung? Entdecken Sie alle offenen Stellen in unserem <strong>Karrierebereich<\/strong> oder bewerben Sie sich initiativ. Sie k\u00f6nnen sich auch an unser Personalteam wenden.<\/span>[\/vc_column_text][vc_empty_space][\/vc_column_inner][vc_column_inner width=\"1\/2\"][vc_empty_space]<a  itemprop=\"url\" href=\"https:\/\/careers.stormshield.eu\/en\" target=\"_blank\" data-hover-background-color=\"#D23467\" data-hover-border-color=\"#ffffff\" data-hover-color=\"#FFFFFF\" class=\"qbutton  big_large white enlarge\" style=\"color: #FFFFFF; border-color: #ffffff; background-color:#D23467;\">St\u00f6bern Sie in unseren Stellenangeboten<i class=\"qode_icon_font_awesome fa fa-angle-double-right qode_button_icon_element\"><\/i><\/a>[vc_empty_space height=\"12px\"]<a  itemprop=\"url\" href=\"https:\/\/www.stormshield.com\/de\/kontakt\/personalabteilung\/\" target=\"_self\" data-hover-background-color=\"#d23467\" data-hover-border-color=\"#ffffff\" data-hover-color=\"#FFFFFF\" class=\"qbutton  white enlarge\" style=\"color: #FFFFFF; border-color: #ffffff; background-color:#00000000;\">Kontaktieren Sie uns<i class=\"qode_icon_font_awesome fa fa-angle-right qode_button_icon_element\"><\/i><\/a>[vc_empty_space][\/vc_column_inner][\/vc_row_inner][\/vc_column][\/vc_row][vc_row css_animation=\"\" row_type=\"row\" use_row_as_full_screen_section=\"no\" type=\"grid\" angled_section=\"no\" text_align=\"left\" background_image_as_pattern=\"without_pattern\" z_index=\"\" padding_bottom=\"50\" padding_top=\"50\"][vc_column width=\"2\/3\"][vc_column_text css=\"\"]<\/p>\n<h2><span style=\"color: #000; font-size: 1.2em; font-weight: 900;\">Eine offene Einstellung f\u00fcr alle, von Anf\u00e4ngern bis zu Spezialisten<\/span><\/h2>\n<p><span style=\"color: #000; font-size: 1.1em;\">Als Unternehmen mitten in der Entwicklung <strong>sucht Stormshield neue Talente, vom Anf\u00e4nger bis zum Profi.<\/strong> Um dem wachsenden Bedarf und den immer umfangreicheren Aufgaben gerecht zu werden, haben wir viele Stellen zu besetzen.<\/span><\/p>\n<p><span style=\"color: #000; font-size: 1.1em;\">Wenn Sie sich f\u00fcr Stormshield entscheiden, kommen Sie zu einem Unternehmen von internationalem Rang, einem Tochterunternehmen von Airbus Defence and Space Cyber Programmes von \u00fcberschaubarer Gr\u00f6\u00dfe. Dort k\u00f6nnen Sie sich in einem jungen, leistungsstarken und dynamischen Unternehmen weiterentwickeln.<\/span>[\/vc_column_text][vc_empty_space][\/vc_column][vc_column width=\"1\/3\" css=\".vc_custom_1775659657909{padding-top: 24px !important;padding-right: 24px !important;padding-bottom: 24px !important;padding-left: 24px !important;background-color: #ECECEC !important;}\"][vc_column_text css=\"\"]<span style=\"color: #000000; font-size: 1.3em;\"><strong>Welche Berufe gibt es im Bereich der Cybersicherheit?<\/strong> <\/span><\/p>\n<p><span style=\"color: #000000; font-size: 1.1em;\">Ob im Bereich Ingenieurwesen, Entwicklung, Systemadministration, technische Leitung oder Teamleitung \u2026 Die Stellen sind vielseitig und umfassen verschiedene Hierarchieebenen. Wenn Sie neugierig, leidenschaftlich und genau sind, entfalten Sie Ihr Potenzial, entwickeln Sie Ihre F\u00e4higkeiten weiter und helfen Sie uns, das Unternehmen von morgen aufzubauen.<\/span>[\/vc_column_text][vc_empty_space][\/vc_column][\/vc_row][vc_row css_animation=\"\" row_type=\"row\" use_row_as_full_screen_section=\"no\" type=\"grid\" angled_section=\"no\" text_align=\"left\" background_image_as_pattern=\"without_pattern\" z_index=\"\"][vc_column width=\"1\/3\"][vc_empty_space][vc_video link=\"https:\/\/youtu.be\/ktcfgyz4uUY\" align=\"center\"][vc_column_text]<span style=\"color: #000; font-size: 0.9em; font-weight: 300;\">Entdecken Sie Stormshield mit Sophie, Scrum Master<\/span>[\/vc_column_text][vc_empty_space][\/vc_column][vc_column width=\"1\/3\"][vc_empty_space][vc_video link=\"https:\/\/youtu.be\/76J7a05FSQ0\" align=\"center\" css=\"\"][vc_column_text css=\"\"]<span style=\"color: #000; font-size: 0.9em; font-weight: 300;\">Entdecken Sie Stormshield mit Rita, QA Engineer<\/span>[\/vc_column_text][vc_empty_space][\/vc_column][vc_column width=\"1\/3\"][vc_empty_space][vc_video link=\"https:\/\/youtu.be\/bDbZ46aoqnQ\" align=\"center\"][vc_column_text]<span style=\"color: #000; font-size: 0.9em; font-weight: 300;\">Entdecken Sie Stormshield mit with R\u00e9my, Support Manager<\/span>[\/vc_column_text][vc_empty_space][\/vc_column][\/vc_row][vc_row css_animation=\"\" row_type=\"row\" use_row_as_full_screen_section=\"no\" type=\"grid\" angled_section=\"no\" text_align=\"left\" background_image_as_pattern=\"without_pattern\" z_index=\"\" padding_bottom=\"50\" css=\".vc_custom_1697804221509{background-color: #ffffff !important;}\" padding_top=\"50\"][vc_column][vc_row_inner row_type=\"row\" type=\"full_width\" text_align=\"left\" css_animation=\"\" background_color=\"#f9f9f9\" css=\".vc_custom_1697805785032{padding-top: 32px !important;padding-right: 32px !important;padding-bottom: 32px !important;padding-left: 32px !important;}\"][vc_column_inner width=\"1\/2\" css=\".vc_custom_1721639995205{padding-right: 32px !important;padding-left: 32px !important;}\"][vc_column_text css=\"\"]<\/p>\n<h2><span style=\"color: #000; font-size: 1.2em; font-weight: 900;\">Beitritt zu einem Team von Cybersicherheits-enthusiasten<\/span><\/h2>\n<p><span style=\"color: #000; font-size: 1.1em;\">Wir, die Mitarbeitenden und Teams von Stormshield, bilden eine eingeschworene und leidenschaftliche Gemeinschaft f\u00fcr Cybersicherheit, die ihre St\u00e4rke aus der Vielfalt und den sich erg\u00e4nzenden Profilen sch\u00f6pft.<\/span><\/p>\n<p><span style=\"color: #000; font-size: 1.1em;\">\u201eStormshielder\u201c zu sein, bedeutet, ein einzigartiges Mitglied einer engagierten und agilen Gemeinschaft zu sein. Wer unsere Unternehmenskultur und Geisteshaltung teilt, wird seine Arbeit auf drei S\u00e4ulen aufbauen: drei starke Werte, die von unseren Teams geteilt werden (\u201e<em>Customer Centric<\/em>\u201c, \u201e<em>Collaborative Success<\/em>\u201c und \u201e<em>Build Trust<\/em>\u201c) und eine gute Portion \u201e<em>Work Hard, Play Hard<\/em>\u201c. Und schlie\u00dflich noch die Lust an der Innovation \u2026 So \u00fcbernehmen Sie die Haltung, die Sie <strong>im Berufsalltag weiterbringt: der Einsatz f\u00fcr den Dienst an unseren Kundinnen und Kunden.<\/strong> Warten Sie nicht l\u00e4nger, werden Sie Teil von Stormshield.<\/span>[\/vc_column_text][vc_empty_space]<a  itemprop=\"url\" href=\"https:\/\/stories.stormshield.com\/en\/\" target=\"_blank\" data-hover-background-color=\"#d23467\" data-hover-border-color=\"#ffffff\" class=\"qbutton  white enlarge\" style=\"border-color: #ffffff; background-color:#060051;\">Die Hinterb\u00fchnen<i class=\"qode_icon_font_awesome fa fa-angle-right qode_button_icon_element\"><\/i><\/a>[vc_empty_space][\/vc_column_inner][vc_column_inner width=\"1\/2\"][vc_empty_space][vc_single_image image=\"536581\" img_size=\"large\" alignment=\"center\" onclick=\"custom_link\" img_link_target=\"_blank\" css=\"\" qode_css_animation=\"\" qode_hover_animation=\"zoom_in\" link=\"https:\/\/stories.stormshield.com\/en\/\"][vc_empty_space][\/vc_column_inner][\/vc_row_inner][\/vc_column][\/vc_row][vc_row css_animation=\"\" row_type=\"row\" use_row_as_full_screen_section=\"no\" type=\"grid\" angled_section=\"no\" text_align=\"left\" background_image_as_pattern=\"without_pattern\" z_index=\"\"][vc_column width=\"1\/3\"][vc_empty_space][vc_video link=\"https:\/\/youtu.be\/l-ijQBCS2Kc\" align=\"center\"][vc_column_text]<span style=\"color: #000; font-size: 0.9em; font-weight: 300;\">Entdecken Sie Stormshield mit Yvan, Technical Leader<\/span>[\/vc_column_text][vc_empty_space][\/vc_column][vc_column width=\"1\/3\"][vc_empty_space][vc_video link=\"https:\/\/youtu.be\/aFY4V4w3Dcw\" align=\"center\"][vc_column_text]<span style=\"color: #000; font-size: 0.9em; font-weight: 300;\">Entdecken Sie Stormshield mit Laurence, Sales Manager<\/span>[\/vc_column_text][vc_empty_space][\/vc_column][vc_column width=\"1\/3\"][vc_empty_space][vc_video link=\"https:\/\/youtu.be\/zvKzG33OhJA\" align=\"center\"][vc_column_text]<span style=\"color: #000; font-size: 0.9em; font-weight: 300;\">Entdecken Sie Stormshield mit Pierre-Yves, CEO<\/span>[\/vc_column_text][vc_empty_space][\/vc_column][\/vc_row][vc_row css_animation=\"\" row_type=\"row\" use_row_as_full_screen_section=\"no\" type=\"grid\" angled_section=\"no\" text_align=\"left\" background_image_as_pattern=\"without_pattern\" z_index=\"\" padding_bottom=\"50\" padding_top=\"50\"][vc_column][vc_column_text]<\/p>\n<h2><span style=\"color: #000; font-size: 1.2em; font-weight: 900;\">Unsere unternehmerischen Verpflichtungen<\/span><\/h2>\n<p><span style=\"color: #000; font-size: 1.1em;\"><strong>Unser Einstellungsverfahren beruht auf zwei Prinzipien: Reaktionsschnelligkeit und Zusammenarbeit.<\/strong> In einer umk\u00e4mpften und zukunftstr\u00e4chtigen Umgebung gilt es, keine Zeit zu verlieren. Und um noch schneller zu werden, wird das Einstellungverfahren bei uns auf die Teams aus Management, Mitarbeitenden und unsere Personalabteilungen aufgeteilt.<\/span><\/p>\n<p><span style=\"color: #000; font-size: 1.1em;\">Nach Ihrer Bewerbung treffen Sie zuerst das Team sowie das Management und nehmen an Tests teil. Anschlie\u00dfend erfolgt ein tiefergehendes Gespr\u00e4ch mit der Personalabteilung. Schlie\u00dflich erhalten Sie schnell ein Angebot, das zu Ihrem Lebenslauf und zu Ihren F\u00e4higkeiten passt. Einfach, schnell und effizient.<\/span>[\/vc_column_text][vc_empty_space][\/vc_column][\/vc_row][vc_row css_animation=\"\" row_type=\"row\" use_row_as_full_screen_section=\"no\" type=\"grid\" angled_section=\"no\" text_align=\"left\" background_image_as_pattern=\"without_pattern\" z_index=\"\" padding_bottom=\"50\" css=\".vc_custom_1697804221509{background-color: #ffffff !important;}\" padding_top=\"50\"][vc_column][vc_row_inner row_type=\"row\" type=\"full_width\" text_align=\"left\" css_animation=\"\" background_color=\"#f9f9f9\" css=\".vc_custom_1697805747463{padding-top: 32px !important;padding-right: 32px !important;padding-bottom: 32px !important;padding-left: 32px !important;}\"][vc_column_inner][vc_column_text]<\/p>\n<h2><span style=\"color: #000; font-size: 1.2em; font-weight: 900;\">Beziehungen Zu Hochschulen: Enge Verbindungen Zur Welt Der Studierenden<\/span><\/h2>\n<p><span style=\"color: #000; font-size: 1.1em;\">Wir pflegen eine enge Verbindung zur Welt der Studierenden: Ob \u00fcber den Empfang von Studierenden (durch Praktika, Vertretungen, Teilnahme an Projekten im Unternehmen) oder bei der Ausbildung mit Referentinnen und Referenten sowie Stormshield-Produkten in Hochschulseminaren. Um diesen Ansatz noch weiter zu verfolgen, haben wir ein Partnerschaftsprogramm mit Schulen und Universit\u00e4ten geschaffen: <strong>Willkommen bei der Stormshield Academy.<\/strong><\/span>[\/vc_column_text][vc_empty_space]<a  itemprop=\"url\" href=\"https:\/\/www.stormshield.com\/de\/unsere-unterstuetzung\/services\/stormshield-academy\/\" target=\"_self\" data-hover-background-color=\"#d23467\" data-hover-border-color=\"#ffffff\" class=\"qbutton  white enlarge\" style=\"border-color: #ffffff; background-color:#060051;\">Stormshield Academy<i class=\"qode_icon_font_awesome fa fa-angle-right qode_button_icon_element\"><\/i><\/a>[vc_empty_space][\/vc_column_inner][\/vc_row_inner][\/vc_column][\/vc_row]<\/p>\n<\/div>","protected":false},"excerpt":{"rendered":"<p>[vc_row css_animation=&#8220;&#8220; row_type=&#8220;row&#8220; use_row_as_full_screen_section=&#8220;no&#8220; type=&#8220;grid&#8220; angled_section=&#8220;no&#8220; text_align=&#8220;left&#8220; background_image_as_pattern=&#8220;without_pattern&#8220; z_index=&#8220;&#8220; padding_bottom=&#8220;50&#8243; padding_top=&#8220;50&#8243;][vc_column][vc_empty_space][vc_column_text css=&#8220;&#8220;] Sind Sie bereit, neue Chancen zu ergreifen? Dann Finden sie hier die Stellenanzeigen von Stormshield [\/vc_column_text][vc_empty_space][\/vc_column][\/vc_row][vc_row css_animation=&#8220;&#8220; row_type=&#8220;row&#8220; use_row_as_full_screen_section=&#8220;no&#8220; type=&#8220;grid&#8220; angled_section=&#8220;no&#8220; text_align=&#8220;left&#8220; background_image_as_pattern=&#8220;without_pattern&#8220; z_index=&#8220;&#8220; padding_bottom=&#8220;50&#8243; padding_top=&#8220;50&#8243; background_color=&#8220;#060051&#8243; css=&#8220;.vc_custom_1775659636448{background-color: #060051 !important;}&#8220;][vc_column][vc_row_inner row_type=&#8220;row&#8220; type=&#8220;full_width&#8220; text_align=&#8220;left&#8220;&#8230;<\/p>\n","protected":false},"author":1,"featured_media":255645,"parent":0,"menu_order":467,"comment_status":"closed","ping_status":"closed","template":"full_width.php","meta":{"_acf_changed":false,"footnotes":""},"class_list":["post-22327","page","type-page","status-publish","has-post-thumbnail","hentry"],"acf":[],"yoast_head":"<!-- This site is optimized with the Yoast SEO plugin v27.3 - https:\/\/yoast.com\/product\/yoast-seo-wordpress\/ -->\n<title>Stellenangebote im Bereich Cybersicherheit: Bewerben Sie sich<\/title>\n<meta name=\"description\" content=\"Werden Sie Teil unseres Teams von Cybersicherheitsexperten. Erfahren Sie mehr \u00fcber unsere Unternehmenswerte und unseren Einstellungsprozess.\" \/>\n<meta name=\"robots\" content=\"index, follow, max-snippet:-1, max-image-preview:large, max-video-preview:-1\" \/>\n<link rel=\"canonical\" href=\"https:\/\/www.stormshield.com\/de\/mitarbeit\/\" \/>\n<meta property=\"og:locale\" content=\"de_DE\" \/>\n<meta property=\"og:type\" content=\"article\" \/>\n<meta property=\"og:title\" content=\"Stellenangebote im Bereich Cybersicherheit: Bewerben Sie sich\" \/>\n<meta property=\"og:description\" content=\"Werden Sie Teil unseres Teams von Cybersicherheitsexperten. Erfahren Sie mehr \u00fcber unsere Unternehmenswerte und unseren Einstellungsprozess.\" \/>\n<meta property=\"og:url\" content=\"https:\/\/www.stormshield.com\/de\/mitarbeit\/\" \/>\n<meta property=\"og:site_name\" content=\"Stormshield\" \/>\n<meta property=\"article:modified_time\" content=\"2026-04-08T15:06:29+00:00\" \/>\n<meta property=\"og:image\" content=\"https:\/\/www.stormshield.com\/wp-content\/uploads\/page-rh-2.png\" \/>\n\t<meta property=\"og:image:width\" content=\"600\" \/>\n\t<meta property=\"og:image:height\" content=\"600\" \/>\n\t<meta property=\"og:image:type\" content=\"image\/png\" \/>\n<meta name=\"twitter:card\" content=\"summary_large_image\" \/>\n<meta name=\"twitter:site\" content=\"@Stormshield\" \/>\n<meta name=\"twitter:label1\" content=\"Gesch\u00e4tzte Lesezeit\" \/>\n\t<meta name=\"twitter:data1\" content=\"4\u00a0Minuten\" \/>\n<script type=\"application\/ld+json\" class=\"yoast-schema-graph\">{\"@context\":\"https:\\\/\\\/schema.org\",\"@graph\":[{\"@type\":\"WebPage\",\"@id\":\"https:\\\/\\\/www.stormshield.com\\\/de\\\/mitarbeit\\\/\",\"url\":\"https:\\\/\\\/www.stormshield.com\\\/de\\\/mitarbeit\\\/\",\"name\":\"Stellenangebote im Bereich Cybersicherheit: Bewerben Sie sich\",\"isPartOf\":{\"@id\":\"https:\\\/\\\/www.stormshield.com\\\/de\\\/#website\"},\"primaryImageOfPage\":{\"@id\":\"https:\\\/\\\/www.stormshield.com\\\/de\\\/mitarbeit\\\/#primaryimage\"},\"image\":{\"@id\":\"https:\\\/\\\/www.stormshield.com\\\/de\\\/mitarbeit\\\/#primaryimage\"},\"thumbnailUrl\":\"https:\\\/\\\/www.stormshield.com\\\/wp-content\\\/uploads\\\/page-rh-2.png\",\"datePublished\":\"2016-06-03T10:19:53+00:00\",\"dateModified\":\"2026-04-08T15:06:29+00:00\",\"description\":\"Werden Sie Teil unseres Teams von Cybersicherheitsexperten. Erfahren Sie mehr \u00fcber unsere Unternehmenswerte und unseren Einstellungsprozess.\",\"breadcrumb\":{\"@id\":\"https:\\\/\\\/www.stormshield.com\\\/de\\\/mitarbeit\\\/#breadcrumb\"},\"inLanguage\":\"de\",\"potentialAction\":[{\"@type\":\"ReadAction\",\"target\":[\"https:\\\/\\\/www.stormshield.com\\\/de\\\/mitarbeit\\\/\"]}]},{\"@type\":\"ImageObject\",\"inLanguage\":\"de\",\"@id\":\"https:\\\/\\\/www.stormshield.com\\\/de\\\/mitarbeit\\\/#primaryimage\",\"url\":\"https:\\\/\\\/www.stormshield.com\\\/wp-content\\\/uploads\\\/page-rh-2.png\",\"contentUrl\":\"https:\\\/\\\/www.stormshield.com\\\/wp-content\\\/uploads\\\/page-rh-2.png\",\"width\":600,\"height\":600},{\"@type\":\"BreadcrumbList\",\"@id\":\"https:\\\/\\\/www.stormshield.com\\\/de\\\/mitarbeit\\\/#breadcrumb\",\"itemListElement\":[{\"@type\":\"ListItem\",\"position\":1,\"name\":\"Home\",\"item\":\"https:\\\/\\\/www.stormshield.com\\\/de\\\/\"},{\"@type\":\"ListItem\",\"position\":2,\"name\":\"Mitarbeit\"}]},{\"@type\":\"WebSite\",\"@id\":\"https:\\\/\\\/www.stormshield.com\\\/de\\\/#website\",\"url\":\"https:\\\/\\\/www.stormshield.com\\\/de\\\/\",\"name\":\"Stormshield\",\"description\":\"Stormshield\",\"potentialAction\":[{\"@type\":\"SearchAction\",\"target\":{\"@type\":\"EntryPoint\",\"urlTemplate\":\"https:\\\/\\\/www.stormshield.com\\\/de\\\/?s={search_term_string}\"},\"query-input\":{\"@type\":\"PropertyValueSpecification\",\"valueRequired\":true,\"valueName\":\"search_term_string\"}}],\"inLanguage\":\"de\"}]}<\/script>\n<!-- \/ Yoast SEO plugin. -->","yoast_head_json":{"title":"Stellenangebote im Bereich Cybersicherheit: Bewerben Sie sich","description":"Werden Sie Teil unseres Teams von Cybersicherheitsexperten. Erfahren Sie mehr \u00fcber unsere Unternehmenswerte und unseren Einstellungsprozess.","robots":{"index":"index","follow":"follow","max-snippet":"max-snippet:-1","max-image-preview":"max-image-preview:large","max-video-preview":"max-video-preview:-1"},"canonical":"https:\/\/www.stormshield.com\/de\/mitarbeit\/","og_locale":"de_DE","og_type":"article","og_title":"Stellenangebote im Bereich Cybersicherheit: Bewerben Sie sich","og_description":"Werden Sie Teil unseres Teams von Cybersicherheitsexperten. Erfahren Sie mehr \u00fcber unsere Unternehmenswerte und unseren Einstellungsprozess.","og_url":"https:\/\/www.stormshield.com\/de\/mitarbeit\/","og_site_name":"Stormshield","article_modified_time":"2026-04-08T15:06:29+00:00","og_image":[{"width":600,"height":600,"url":"https:\/\/www.stormshield.com\/wp-content\/uploads\/page-rh-2.png","type":"image\/png"}],"twitter_card":"summary_large_image","twitter_site":"@Stormshield","twitter_misc":{"Gesch\u00e4tzte Lesezeit":"4\u00a0Minuten"},"schema":{"@context":"https:\/\/schema.org","@graph":[{"@type":"WebPage","@id":"https:\/\/www.stormshield.com\/de\/mitarbeit\/","url":"https:\/\/www.stormshield.com\/de\/mitarbeit\/","name":"Stellenangebote im Bereich Cybersicherheit: Bewerben Sie sich","isPartOf":{"@id":"https:\/\/www.stormshield.com\/de\/#website"},"primaryImageOfPage":{"@id":"https:\/\/www.stormshield.com\/de\/mitarbeit\/#primaryimage"},"image":{"@id":"https:\/\/www.stormshield.com\/de\/mitarbeit\/#primaryimage"},"thumbnailUrl":"https:\/\/www.stormshield.com\/wp-content\/uploads\/page-rh-2.png","datePublished":"2016-06-03T10:19:53+00:00","dateModified":"2026-04-08T15:06:29+00:00","description":"Werden Sie Teil unseres Teams von Cybersicherheitsexperten. Erfahren Sie mehr \u00fcber unsere Unternehmenswerte und unseren Einstellungsprozess.","breadcrumb":{"@id":"https:\/\/www.stormshield.com\/de\/mitarbeit\/#breadcrumb"},"inLanguage":"de","potentialAction":[{"@type":"ReadAction","target":["https:\/\/www.stormshield.com\/de\/mitarbeit\/"]}]},{"@type":"ImageObject","inLanguage":"de","@id":"https:\/\/www.stormshield.com\/de\/mitarbeit\/#primaryimage","url":"https:\/\/www.stormshield.com\/wp-content\/uploads\/page-rh-2.png","contentUrl":"https:\/\/www.stormshield.com\/wp-content\/uploads\/page-rh-2.png","width":600,"height":600},{"@type":"BreadcrumbList","@id":"https:\/\/www.stormshield.com\/de\/mitarbeit\/#breadcrumb","itemListElement":[{"@type":"ListItem","position":1,"name":"Home","item":"https:\/\/www.stormshield.com\/de\/"},{"@type":"ListItem","position":2,"name":"Mitarbeit"}]},{"@type":"WebSite","@id":"https:\/\/www.stormshield.com\/de\/#website","url":"https:\/\/www.stormshield.com\/de\/","name":"Stormshield","description":"Stormshield","potentialAction":[{"@type":"SearchAction","target":{"@type":"EntryPoint","urlTemplate":"https:\/\/www.stormshield.com\/de\/?s={search_term_string}"},"query-input":{"@type":"PropertyValueSpecification","valueRequired":true,"valueName":"search_term_string"}}],"inLanguage":"de"}]}},"_links":{"self":[{"href":"https:\/\/www.stormshield.com\/de\/wp-json\/wp\/v2\/pages\/22327","targetHints":{"allow":["GET"]}}],"collection":[{"href":"https:\/\/www.stormshield.com\/de\/wp-json\/wp\/v2\/pages"}],"about":[{"href":"https:\/\/www.stormshield.com\/de\/wp-json\/wp\/v2\/types\/page"}],"author":[{"embeddable":true,"href":"https:\/\/www.stormshield.com\/de\/wp-json\/wp\/v2\/users\/1"}],"replies":[{"embeddable":true,"href":"https:\/\/www.stormshield.com\/de\/wp-json\/wp\/v2\/comments?post=22327"}],"version-history":[{"count":64,"href":"https:\/\/www.stormshield.com\/de\/wp-json\/wp\/v2\/pages\/22327\/revisions"}],"predecessor-version":[{"id":773937,"href":"https:\/\/www.stormshield.com\/de\/wp-json\/wp\/v2\/pages\/22327\/revisions\/773937"}],"wp:featuredmedia":[{"embeddable":true,"href":"https:\/\/www.stormshield.com\/de\/wp-json\/wp\/v2\/media\/255645"}],"wp:attachment":[{"href":"https:\/\/www.stormshield.com\/de\/wp-json\/wp\/v2\/media?parent=22327"}],"curies":[{"name":"wp","href":"https:\/\/api.w.org\/{rel}","templated":true}]}}