{"id":22208,"date":"2016-12-05T16:24:25","date_gmt":"2016-12-05T15:24:25","guid":{"rendered":"https:\/\/www.stormshield.com\/?page_id=22208\/"},"modified":"2025-10-27T08:45:12","modified_gmt":"2025-10-27T07:45:12","slug":"services","status":"publish","type":"page","link":"https:\/\/www.stormshield.com\/de\/unsere-unterstuetzung\/services\/","title":{"rendered":"Services"},"content":{"rendered":"<div class=\"wpb-content-wrapper\"><p>[vc_row css_animation=\"\" row_type=\"row\" use_row_as_full_screen_section=\"no\" type=\"grid\" angled_section=\"no\" text_align=\"left\" background_image_as_pattern=\"without_pattern\" z_index=\"\" padding_top=\"50\" padding_bottom=\"50\"][vc_column][vc_empty_space][vc_column_text]<\/p>\n<h1 style=\"text-align: center;\"><span style=\"color: #00aaf5;\"><span style=\"font-weight: 300; font-size: 1.5em;\">Ein gutes Gef\u00fchl in Bezug auf Cybersicherheit <\/span><\/span><span style=\"color: #00aaf5;\"><span style=\"font-weight: 900; font-size: 1.5em;\">mit dem Stormshield-Dienstangebot<\/span><\/span><\/h1>\n<p>[\/vc_column_text][vc_empty_space][\/vc_column][\/vc_row][vc_row css_animation=\"\" row_type=\"row\" use_row_as_full_screen_section=\"no\" type=\"grid\" angled_section=\"no\" text_align=\"left\" background_image_as_pattern=\"without_pattern\" z_index=\"\" padding_bottom=\"50\"][vc_column][vc_column_text]<span style=\"color: #000; font-size: 1.1em;\">IT-Sicherheit ist kein langer, stetiger Fluss. Durch immer neue Bedrohungen ist es erforderlich, die Cybersicherheit aus einer viel breiteren Perspektive zu betrachten. Um Sie zu unterst\u00fctzen, handeln wir auf allen Ebenen, um die Angriffsfl\u00e4chen zu reduzieren und ein hohes Schutzniveau zu gew\u00e4hrleisten. Dank unseres breitgef\u00e4cherten Serviceangebots k\u00f6nnen Sie sich in Bezug auf Cybersicherheit entspannt zur\u00fccklehnen!<\/span>[\/vc_column_text][\/vc_column][\/vc_row][vc_row css_animation=\"\" row_type=\"row\" use_row_as_full_screen_section=\"no\" type=\"grid\" angled_section=\"no\" text_align=\"left\" background_image_as_pattern=\"without_pattern\" z_index=\"\"][vc_column width=\"1\/6\"][vc_single_image image=\"456830\" alignment=\"center\" onclick=\"custom_link\" img_link_target=\"_blank\" qode_css_animation=\"\" link=\"https:\/\/www.stormshield.com\/de\/unsere-unterstuetzung\/services\/wartung\/\"][\/vc_column][vc_column width=\"1\/3\"][vc_column_text]<\/p>\n<h2><span style=\"color: #00aeef; font-size: 1.2em; font-weight: 900;\">Wartung<\/span><\/h2>\n<p><span style=\"color: #000; font-size: 1.1em;\">Im \u00dcbrigen k\u00f6nnen Sie sich auf unser Hersteller-Knowhow und die pr\u00e4ventive Logik unserer IT-Wartung verlassen. Dank dieses Dienstes k\u00f6nnen Sie m\u00f6gliche Probleme vorhersehen und Ihre Produkte so schnell wie m\u00f6glich ersetzen.<\/span>[\/vc_column_text][\/vc_column][vc_column width=\"1\/6\"][vc_single_image image=\"456805\" alignment=\"center\" onclick=\"custom_link\" img_link_target=\"_blank\" qode_css_animation=\"\" link=\"https:\/\/www.stormshield.com\/de\/unsere-unterstuetzung\/services\/technischer-support\/\"][\/vc_column][vc_column width=\"1\/3\"][vc_column_text]<\/p>\n<h2><span style=\"color: #00aeef; font-size: 1.2em; font-weight: 900;\">Technischer Support<\/span><\/h2>\n<p><span style=\"color: #000; font-size: 1.1em;\">Selbst in komplexen Situationen steht Ihnen der technische Support von Stormshield zur Seite, um die Gesch\u00e4ftskontinuit\u00e4t zu gew\u00e4hrleisten und Ihre Benutzer und Infrastruktur zu sch\u00fctzen.<\/span>[\/vc_column_text][\/vc_column][\/vc_row][vc_row css_animation=\"\" row_type=\"row\" use_row_as_full_screen_section=\"no\" type=\"grid\" angled_section=\"no\" text_align=\"left\" background_image_as_pattern=\"without_pattern\" z_index=\"\"][vc_column][vc_empty_space][\/vc_column][\/vc_row][vc_row css_animation=\"\" row_type=\"row\" use_row_as_full_screen_section=\"no\" type=\"grid\" angled_section=\"no\" text_align=\"left\" background_image_as_pattern=\"without_pattern\" z_index=\"\"][vc_column width=\"1\/6\"][vc_single_image image=\"456835\" alignment=\"center\" onclick=\"custom_link\" img_link_target=\"_blank\" qode_css_animation=\"\" link=\"https:\/\/www.stormshield.com\/de\/unsere-unterstuetzung\/services\/schulung\/\"][\/vc_column][vc_column width=\"1\/3\"][vc_column_text]<\/p>\n<h2><span style=\"color: #00aeef; font-size: 1.2em; font-weight: 900;\">Schulungen<\/span><\/h2>\n<p><span style=\"color: #000; font-size: 1.1em;\">Schutz von Netzwerken, Daten, Servern und Workstations oder OT-Umgebungen\u2026 Unsere Aufgabe: Ihnen die Schulungen zu bieten, die Ihren Bed\u00fcrfnissen am besten entsprechen.<\/span>[\/vc_column_text][\/vc_column][vc_column width=\"1\/6\"][vc_single_image image=\"456620\" alignment=\"center\" onclick=\"custom_link\" img_link_target=\"_blank\" qode_css_animation=\"\" link=\"https:\/\/www.stormshield.com\/de\/unsere-unterstuetzung\/services\/professional-services\/\"][\/vc_column][vc_column width=\"1\/3\"][vc_column_text]<\/p>\n<h2><span style=\"color: #00aeef; font-size: 1.2em; font-weight: 900;\">Professional Services<\/span><\/h2>\n<p><span style=\"color: #000; font-size: 1.1em;\">Ob Partner, Lieferant oder Kunde, wir unterst\u00fctzen Sie beim Aufbau Ihrer komplexen Infrastruktur. Unsere Professional-Services-Teams sorgen f\u00fcr eine optimale Implementierung.<\/span>[\/vc_column_text][\/vc_column][\/vc_row][vc_row css_animation=\"\" row_type=\"row\" use_row_as_full_screen_section=\"no\" type=\"grid\" angled_section=\"no\" text_align=\"left\" background_image_as_pattern=\"without_pattern\" z_index=\"\"][vc_column][vc_empty_space][\/vc_column][\/vc_row][vc_row css_animation=\"\" row_type=\"row\" use_row_as_full_screen_section=\"no\" type=\"grid\" angled_section=\"no\" text_align=\"left\" background_image_as_pattern=\"without_pattern\" z_index=\"\"][vc_column width=\"1\/6\"][vc_single_image image=\"456840\" alignment=\"center\" onclick=\"custom_link\" img_link_target=\"_blank\" qode_css_animation=\"\" link=\"https:\/\/www.stormshield.com\/de\/unsere-unterstuetzung\/services\/stormshield-academy\/\"][\/vc_column][vc_column width=\"1\/3\"][vc_column_text]<\/p>\n<h2><span style=\"color: #00aeef; font-size: 1.2em; font-weight: 900;\">Beziehungen Zum Bildungssektor<\/span><\/h2>\n<p><span style=\"color: #000; font-size: 1.1em;\">Da das Streben nach Zusammenarbeit ein Teil unserer DNS ist, richten wir unser Augenmerk besonders auf Weiterbildungsangebote.<\/span>[\/vc_column_text][\/vc_column][vc_column width=\"1\/6\"][vc_single_image image=\"456605\" alignment=\"center\" onclick=\"custom_link\" img_link_target=\"_blank\" qode_css_animation=\"\" link=\"https:\/\/www.stormshield.com\/de\/unsere-unterstuetzung\/services\/cyber-threat-intelligence\/\"][\/vc_column][vc_column width=\"1\/3\"][vc_column_text]<\/p>\n<h2><span style=\"color: #00aeef; font-size: 1.2em; font-weight: 900;\">Cyber Threat Intelligence<\/span><\/h2>\n<p><span style=\"color: #000; font-size: 1.1em;\">Unser CTI-Team hat zwei Hauptaufgaben: die Untersuchung von Cyber-Bedrohungen, um sie zu verstehen, und die kontinuierliche Verbesserung des Schutzes, den die Stormshield-Produkte bieten.<\/span>[\/vc_column_text][\/vc_column][\/vc_row][vc_row css_animation=\"\" row_type=\"row\" use_row_as_full_screen_section=\"no\" type=\"grid\" angled_section=\"no\" text_align=\"left\" background_image_as_pattern=\"without_pattern\" z_index=\"\" padding_bottom=\"50\" css=\".vc_custom_1697804221509{background-color: #ffffff !important;}\" padding_top=\"50\"][vc_column][vc_row_inner row_type=\"row\" type=\"full_width\" text_align=\"left\" css_animation=\"\" background_color=\"#f9f9f9\" css=\".vc_custom_1697805785032{padding-top: 32px !important;padding-right: 32px !important;padding-bottom: 32px !important;padding-left: 32px !important;}\"][vc_column_inner][vc_column_text css=\"\"]<\/p>\n<h2><span style=\"color: #000; font-size: 1.2em; font-weight: 900;\">Stormshield Sicherheitsportal<\/span><\/h2>\n<p><span style=\"color: #000000;\"><span style=\"font-size: 1.1em;\">Unser Sicherheitsportal erm\u00f6glicht mehrere Sicherheitsaktionen: Sie k\u00f6nnen herausfinden, ob eine IP-Adresse in unseren IP-Reputationsdatenbanken enthalten ist, die bestehenden Schutzma\u00dfnahmen unserer Produkte (SNS-Signaturen wie SES-Regeln) abrufen oder auf die Liste der CVE (Bekannte Schwachstellen und Anf\u00e4lligkeiten) zugreifen... Und mit der Bedrohungs\u00fcbersicht bleiben Sie in Echtzeit \u00fcber den Stand der weltweiten Cyberbedrohung auf dem Laufenden.<\/span><\/span>[\/vc_column_text][vc_empty_space]<a  itemprop=\"url\" href=\"https:\/\/security.stormshield.eu\/\" target=\"_blank\" data-hover-background-color=\"#d23467\" data-hover-border-color=\"#ffffff\" class=\"qbutton  center white enlarge\" style=\"border-color: #ffffff; background-color:#060051;\">Security Portal<i class=\"qode_icon_font_awesome fa fa-angle-right qode_button_icon_element\"><\/i><\/a>[\/vc_column_inner][\/vc_row_inner][\/vc_column][\/vc_row][vc_row css_animation=\"\" row_type=\"row\" use_row_as_full_screen_section=\"no\" type=\"grid\" angled_section=\"no\" text_align=\"left\" background_image_as_pattern=\"without_pattern\" z_index=\"\" padding_bottom=\"50\" padding_top=\"50\"][vc_column][vc_row_inner row_type=\"row\" type=\"full_width\" text_align=\"left\" css_animation=\"\"][vc_column_inner][vc_column_text]<\/p>\n<h2><span style=\"color: #000; font-size: 1.2em; font-weight: 900;\">Management information base und SNMP-abfragen<\/span><\/h2>\n<p><span style=\"color: #000000;\"><span style=\"font-size: 1.1em;\"><strong>Sind Sie auf der Suche nach den Stormshield MIBS?<\/strong> Diese gebrauchsfertigen Skripte f\u00fcr die Stormshield Network Security-L\u00f6sungen sorgen daf\u00fcr, dass Ihr Netzwerk und Ihre Ger\u00e4te optimal gesch\u00fctzt sind. F\u00fcr Systemadministratoren bestimmt, beschreiben diese Dateien eine Datenstruktur, die in eine \u00dcberwachungsl\u00f6sung repatriiert und zentralisiert werden kann. Jede Datei beschreibt eine Reihe von Daten, die mit einem bestimmten Modul unserer Stormshield Network Security-Firewalls oder einer bestimmten Art von Informationen verkn\u00fcpft sind. Die Funktionsweise, die Verfahren sowie die Stormshield MIBS-Dateien finden Sie jetzt in Ihrem gesicherten MyStormshield-Bereich.<\/span><\/span>[\/vc_column_text][vc_empty_space]<a  itemprop=\"url\" href=\"https:\/\/mystormshield.eu\/\" target=\"_blank\" data-hover-background-color=\"#d23467\" data-hover-border-color=\"#ffffff\" class=\"qbutton  center white enlarge\" style=\"border-color: #ffffff; background-color:#060051;\">MyStormshield<i class=\"qode_icon_font_awesome fa fa-angle-right qode_button_icon_element\"><\/i><\/a>[\/vc_column_inner][\/vc_row_inner][\/vc_column][\/vc_row][vc_row css_animation=\"\" row_type=\"row\" use_row_as_full_screen_section=\"no\" type=\"grid\" angled_section=\"no\" text_align=\"left\" background_image_as_pattern=\"without_pattern\" z_index=\"\" padding_bottom=\"50\" css=\".vc_custom_1697804221509{background-color: #ffffff !important;}\" padding_top=\"50\"][vc_column][vc_row_inner row_type=\"row\" type=\"full_width\" text_align=\"left\" css_animation=\"\" background_color=\"#f9f9f9\" css=\".vc_custom_1697805785032{padding-top: 32px !important;padding-right: 32px !important;padding-bottom: 32px !important;padding-left: 32px !important;}\"][vc_column_inner][vc_column_text]<\/p>\n<h2><span style=\"color: #000; font-size: 1.2em; font-weight: 900;\">Dokumentation von Stormshield<br \/>\n<\/span><\/h2>\n<p><span style=\"color: #000000;\"><span style=\"font-size: 1.1em;\">Sind Sie eher auf der Suche nach Produktdatenbl\u00e4ttern, Brosch\u00fcren, Pr\u00e4sentationsvideos, Webinaren oder auch Kundenberichten, Expertenmeinungen und Whitepapers? All diese Marketinginformationen sind auf dieser Website zu finden.<\/span><\/span><\/p>\n<p><span style=\"color: #000000;\"><span style=\"font-size: 1.1em;\">Wenn Sie eher auf der Suche nach Benutzerhandb\u00fcchern, Installationsanleitungen und anderen Versionshinweisen f\u00fcr Ihre Stormshield-Produkte sind, besuchen Sie die Website der Technischen Dokumentation.<\/span><\/span>[\/vc_column_text][vc_empty_space]<a  itemprop=\"url\" href=\"https:\/\/www.stormshield.com\/de\/dokumentation\/\" target=\"_blank\" data-hover-background-color=\"#d23467\" data-hover-border-color=\"#ffffff\" class=\"qbutton  center white enlarge\" style=\"border-color: #ffffff; background-color:#060051;\">Marketing-Dokumentation<i class=\"qode_icon_font_awesome fa fa-angle-right qode_button_icon_element\"><\/i><\/a>[vc_empty_space height=\"12px\"]<a  itemprop=\"url\" href=\"https:\/\/documentation.stormshield.eu\/\" target=\"_blank\" data-hover-background-color=\"#d23467\" data-hover-border-color=\"#ffffff\" class=\"qbutton  center white enlarge\" style=\"border-color: #ffffff; background-color:#060051;\">Technische Dokumentation<i class=\"qode_icon_font_awesome fa fa-angle-right qode_button_icon_element\"><\/i><\/a>[\/vc_column_inner][\/vc_row_inner][\/vc_column][\/vc_row]<\/p>\n<\/div>","protected":false},"excerpt":{"rendered":"<p>[vc_row css_animation=&#8220;&#8220; row_type=&#8220;row&#8220; use_row_as_full_screen_section=&#8220;no&#8220; type=&#8220;grid&#8220; angled_section=&#8220;no&#8220; text_align=&#8220;left&#8220; background_image_as_pattern=&#8220;without_pattern&#8220; z_index=&#8220;&#8220; padding_top=&#8220;50&#8243; padding_bottom=&#8220;50&#8243;][vc_column][vc_empty_space][vc_column_text] Ein gutes Gef\u00fchl in Bezug auf Cybersicherheit mit dem Stormshield-Dienstangebot [\/vc_column_text][vc_empty_space][\/vc_column][\/vc_row][vc_row css_animation=&#8220;&#8220; row_type=&#8220;row&#8220; use_row_as_full_screen_section=&#8220;no&#8220; type=&#8220;grid&#8220; angled_section=&#8220;no&#8220; text_align=&#8220;left&#8220; background_image_as_pattern=&#8220;without_pattern&#8220; z_index=&#8220;&#8220; padding_bottom=&#8220;50&#8243;][vc_column][vc_column_text]IT-Sicherheit ist kein langer, stetiger Fluss. Durch immer neue Bedrohungen ist es erforderlich, die Cybersicherheit&#8230;<\/p>\n","protected":false},"author":1,"featured_media":0,"parent":232720,"menu_order":208,"comment_status":"closed","ping_status":"closed","template":"full_width.php","meta":{"_acf_changed":false,"footnotes":""},"class_list":["post-22208","page","type-page","status-publish","hentry"],"acf":[],"yoast_head":"<!-- This site is optimized with the Yoast SEO plugin v27.0 - https:\/\/yoast.com\/product\/yoast-seo-wordpress\/ -->\n<title>Nahe Dienstleistungen, die Sie begleiten | Stormshield<\/title>\n<meta name=\"description\" content=\"Entdecken Sie die breite Palette an Dienstleistungen von Stormshield. Wartung, technischer Support, Schulungen: ein weiterer Schritt in Richtung Cyber-Gelassenheit!\" \/>\n<meta name=\"robots\" content=\"index, follow, max-snippet:-1, max-image-preview:large, max-video-preview:-1\" \/>\n<link rel=\"canonical\" href=\"https:\/\/www.stormshield.com\/de\/unsere-unterstuetzung\/services\/\" \/>\n<meta property=\"og:locale\" content=\"de_DE\" \/>\n<meta property=\"og:type\" content=\"article\" \/>\n<meta property=\"og:title\" content=\"Nahe Dienstleistungen, die Sie begleiten | Stormshield\" \/>\n<meta property=\"og:description\" content=\"Entdecken Sie die breite Palette an Dienstleistungen von Stormshield. Wartung, technischer Support, Schulungen: ein weiterer Schritt in Richtung Cyber-Gelassenheit!\" \/>\n<meta property=\"og:url\" content=\"https:\/\/www.stormshield.com\/de\/unsere-unterstuetzung\/services\/\" \/>\n<meta property=\"og:site_name\" content=\"Stormshield\" \/>\n<meta property=\"article:modified_time\" content=\"2025-10-27T07:45:12+00:00\" \/>\n<meta property=\"og:image\" content=\"https:\/\/www.stormshield.com\/wp-content\/uploads\/stormshield_logo.png\" \/>\n\t<meta property=\"og:image:width\" content=\"204\" \/>\n\t<meta property=\"og:image:height\" content=\"94\" \/>\n\t<meta property=\"og:image:type\" content=\"image\/png\" \/>\n<meta name=\"twitter:card\" content=\"summary_large_image\" \/>\n<meta name=\"twitter:site\" content=\"@Stormshield\" \/>\n<meta name=\"twitter:label1\" content=\"Gesch\u00e4tzte Lesezeit\" \/>\n\t<meta name=\"twitter:data1\" content=\"5\u00a0Minuten\" \/>\n<script type=\"application\/ld+json\" class=\"yoast-schema-graph\">{\"@context\":\"https:\/\/schema.org\",\"@graph\":[{\"@type\":\"WebPage\",\"@id\":\"https:\/\/www.stormshield.com\/de\/unsere-unterstuetzung\/services\/\",\"url\":\"https:\/\/www.stormshield.com\/de\/unsere-unterstuetzung\/services\/\",\"name\":\"Nahe Dienstleistungen, die Sie begleiten | Stormshield\",\"isPartOf\":{\"@id\":\"https:\/\/www.stormshield.com\/de\/#website\"},\"datePublished\":\"2016-12-05T15:24:25+00:00\",\"dateModified\":\"2025-10-27T07:45:12+00:00\",\"description\":\"Entdecken Sie die breite Palette an Dienstleistungen von Stormshield. Wartung, technischer Support, Schulungen: ein weiterer Schritt in Richtung Cyber-Gelassenheit!\",\"breadcrumb\":{\"@id\":\"https:\/\/www.stormshield.com\/de\/unsere-unterstuetzung\/services\/#breadcrumb\"},\"inLanguage\":\"de\",\"potentialAction\":[{\"@type\":\"ReadAction\",\"target\":[\"https:\/\/www.stormshield.com\/de\/unsere-unterstuetzung\/services\/\"]}]},{\"@type\":\"BreadcrumbList\",\"@id\":\"https:\/\/www.stormshield.com\/de\/unsere-unterstuetzung\/services\/#breadcrumb\",\"itemListElement\":[{\"@type\":\"ListItem\",\"position\":1,\"name\":\"Home\",\"item\":\"https:\/\/www.stormshield.com\/de\/\"},{\"@type\":\"ListItem\",\"position\":2,\"name\":\"Unsere Unterst\u00fctzung\",\"item\":\"https:\/\/www.stormshield.com\/de\/unsere-unterstuetzung\/\"},{\"@type\":\"ListItem\",\"position\":3,\"name\":\"Services\"}]},{\"@type\":\"WebSite\",\"@id\":\"https:\/\/www.stormshield.com\/de\/#website\",\"url\":\"https:\/\/www.stormshield.com\/de\/\",\"name\":\"Stormshield\",\"description\":\"Stormshield\",\"potentialAction\":[{\"@type\":\"SearchAction\",\"target\":{\"@type\":\"EntryPoint\",\"urlTemplate\":\"https:\/\/www.stormshield.com\/de\/?s={search_term_string}\"},\"query-input\":{\"@type\":\"PropertyValueSpecification\",\"valueRequired\":true,\"valueName\":\"search_term_string\"}}],\"inLanguage\":\"de\"}]}<\/script>\n<!-- \/ Yoast SEO plugin. -->","yoast_head_json":{"title":"Nahe Dienstleistungen, die Sie begleiten | Stormshield","description":"Entdecken Sie die breite Palette an Dienstleistungen von Stormshield. Wartung, technischer Support, Schulungen: ein weiterer Schritt in Richtung Cyber-Gelassenheit!","robots":{"index":"index","follow":"follow","max-snippet":"max-snippet:-1","max-image-preview":"max-image-preview:large","max-video-preview":"max-video-preview:-1"},"canonical":"https:\/\/www.stormshield.com\/de\/unsere-unterstuetzung\/services\/","og_locale":"de_DE","og_type":"article","og_title":"Nahe Dienstleistungen, die Sie begleiten | Stormshield","og_description":"Entdecken Sie die breite Palette an Dienstleistungen von Stormshield. Wartung, technischer Support, Schulungen: ein weiterer Schritt in Richtung Cyber-Gelassenheit!","og_url":"https:\/\/www.stormshield.com\/de\/unsere-unterstuetzung\/services\/","og_site_name":"Stormshield","article_modified_time":"2025-10-27T07:45:12+00:00","og_image":[{"width":204,"height":94,"url":"https:\/\/www.stormshield.com\/wp-content\/uploads\/stormshield_logo.png","type":"image\/png"}],"twitter_card":"summary_large_image","twitter_site":"@Stormshield","twitter_misc":{"Gesch\u00e4tzte Lesezeit":"5\u00a0Minuten"},"schema":{"@context":"https:\/\/schema.org","@graph":[{"@type":"WebPage","@id":"https:\/\/www.stormshield.com\/de\/unsere-unterstuetzung\/services\/","url":"https:\/\/www.stormshield.com\/de\/unsere-unterstuetzung\/services\/","name":"Nahe Dienstleistungen, die Sie begleiten | Stormshield","isPartOf":{"@id":"https:\/\/www.stormshield.com\/de\/#website"},"datePublished":"2016-12-05T15:24:25+00:00","dateModified":"2025-10-27T07:45:12+00:00","description":"Entdecken Sie die breite Palette an Dienstleistungen von Stormshield. Wartung, technischer Support, Schulungen: ein weiterer Schritt in Richtung Cyber-Gelassenheit!","breadcrumb":{"@id":"https:\/\/www.stormshield.com\/de\/unsere-unterstuetzung\/services\/#breadcrumb"},"inLanguage":"de","potentialAction":[{"@type":"ReadAction","target":["https:\/\/www.stormshield.com\/de\/unsere-unterstuetzung\/services\/"]}]},{"@type":"BreadcrumbList","@id":"https:\/\/www.stormshield.com\/de\/unsere-unterstuetzung\/services\/#breadcrumb","itemListElement":[{"@type":"ListItem","position":1,"name":"Home","item":"https:\/\/www.stormshield.com\/de\/"},{"@type":"ListItem","position":2,"name":"Unsere Unterst\u00fctzung","item":"https:\/\/www.stormshield.com\/de\/unsere-unterstuetzung\/"},{"@type":"ListItem","position":3,"name":"Services"}]},{"@type":"WebSite","@id":"https:\/\/www.stormshield.com\/de\/#website","url":"https:\/\/www.stormshield.com\/de\/","name":"Stormshield","description":"Stormshield","potentialAction":[{"@type":"SearchAction","target":{"@type":"EntryPoint","urlTemplate":"https:\/\/www.stormshield.com\/de\/?s={search_term_string}"},"query-input":{"@type":"PropertyValueSpecification","valueRequired":true,"valueName":"search_term_string"}}],"inLanguage":"de"}]}},"_links":{"self":[{"href":"https:\/\/www.stormshield.com\/de\/wp-json\/wp\/v2\/pages\/22208","targetHints":{"allow":["GET"]}}],"collection":[{"href":"https:\/\/www.stormshield.com\/de\/wp-json\/wp\/v2\/pages"}],"about":[{"href":"https:\/\/www.stormshield.com\/de\/wp-json\/wp\/v2\/types\/page"}],"author":[{"embeddable":true,"href":"https:\/\/www.stormshield.com\/de\/wp-json\/wp\/v2\/users\/1"}],"replies":[{"embeddable":true,"href":"https:\/\/www.stormshield.com\/de\/wp-json\/wp\/v2\/comments?post=22208"}],"version-history":[{"count":22,"href":"https:\/\/www.stormshield.com\/de\/wp-json\/wp\/v2\/pages\/22208\/revisions"}],"predecessor-version":[{"id":691631,"href":"https:\/\/www.stormshield.com\/de\/wp-json\/wp\/v2\/pages\/22208\/revisions\/691631"}],"up":[{"embeddable":true,"href":"https:\/\/www.stormshield.com\/de\/wp-json\/wp\/v2\/pages\/232720"}],"wp:attachment":[{"href":"https:\/\/www.stormshield.com\/de\/wp-json\/wp\/v2\/media?parent=22208"}],"curies":[{"name":"wp","href":"https:\/\/api.w.org\/{rel}","templated":true}]}}