{"id":22044,"date":"2016-06-03T11:19:22","date_gmt":"2016-06-03T10:19:22","guid":{"rendered":"https:\/\/www.stormshield.com\/partner\/"},"modified":"2025-01-13T15:19:34","modified_gmt":"2025-01-13T14:19:34","slug":"partner","status":"publish","type":"page","link":"https:\/\/www.stormshield.com\/de\/partner\/","title":{"rendered":"Partner"},"content":{"rendered":"<div class=\"wpb-content-wrapper\"><p>[vc_row css_animation=\"\" row_type=\"row\" use_row_as_full_screen_section=\"no\" type=\"grid\" angled_section=\"no\" text_align=\"left\" background_image_as_pattern=\"without_pattern\" z_index=\"\" padding_top=\"50\" padding_bottom=\"50\"][vc_column][vc_empty_space][vc_column_text]<\/p>\n<h1 style=\"text-align: center;\"><span style=\"color: #00aaf5;\"><span style=\"font-weight: 900; font-size: 1.6em;\">Werden Sie Teil unseres Partnernetzwerks,<\/span><span style=\"font-weight: 300; font-size: 1.5em;\"> mit dem Stormshield Partner Connect Programm<\/span><\/span><\/h1>\n<p>[\/vc_column_text][vc_empty_space][\/vc_column][\/vc_row][vc_row css_animation=\"\" row_type=\"row\" use_row_as_full_screen_section=\"no\" type=\"grid\" angled_section=\"no\" text_align=\"left\" background_image_as_pattern=\"without_pattern\" z_index=\"\" padding_bottom=\"50\"][vc_column width=\"2\/3\"][vc_column_text]<\/p>\n<h2><span style=\"color: #000; font-size: 1.2em; font-weight: 900;\">Sieben Gr\u00fcnde, ein Stormshield-Partner zu Werden<\/span><\/h2>\n<p><span style=\"color: #000; font-size: 1.1em;\">Hier die wichtigsten sieben Gr\u00fcnde f\u00fcr eine Partnerschaft mit Stormshield.<\/span><\/p>\n<ol>\n<li><span style=\"color: #000; font-size: 1.1em;\">Schlie\u00dfen Sie sich mit einem europ\u00e4ischen Akteur zusammen und bieten Sie Ihren Kunden vertrauensw\u00fcrdige L\u00f6sungen, die auf h\u00f6chstem Marktniveau zertifiziert wurden.<br \/>\n<\/span><\/li>\n<li><span style=\"color: #000; font-size: 1.1em;\">Optimieren Sie Ihre Gewinnspanne und steigern Sie Ihren Umsatz ganzj\u00e4hrig mit unserem individuellen Vertriebssupport.<br \/>\n<\/span><\/li>\n<li><span style=\"color: #000; font-size: 1.1em;\">Erschlie\u00dfen Sie neue Absatzchancen durch die exklusive Kofinanzierung von Marketingma\u00dfnahmen.<br \/>\n<\/span><\/li>\n<li><span style=\"color: #000; font-size: 1.1em;\">Behalten Sie die Exklusivrechte an den Projekten, die Sie f\u00fcr Stormshield-Produkte identifizieren.<br \/>\n<\/span><\/li>\n<li><span style=\"color: #000; font-size: 1.1em;\">Gewinnen Sie Glaubw\u00fcrdigkeit und Fachwissen in Bezug auf IT- und OT-Sicherheit in unseren Schulungen und durch unseren zugeh\u00f6rigen technischen Support.<br \/>\n<\/span><\/li>\n<li><span style=\"color: #000; font-size: 1.1em;\">Steigern Sie den Bekanntheitsgrad Ihrer Marke mithilfe unserer Kommunikationsinitiativen f\u00fcr unsere Partner.<br \/>\n<\/span><\/li>\n<li><span style=\"color: #000; font-size: 1.1em;\">Profitieren Sie von der Reaktionsgeschwindigkeit unseres Unternehmens in menschlicher Gr\u00f6\u00dfe, das in \u00fcber 40 L\u00e4ndern vertreten ist.<\/span><\/li>\n<\/ol>\n<p>[\/vc_column_text][\/vc_column][vc_column width=\"1\/3\" css=\".vc_custom_1697803119835{padding-top: 24px !important;padding-right: 24px !important;padding-bottom: 24px !important;padding-left: 24px !important;background-color: #060051 !important;}\"][vc_column_text]<span style=\"color: #ffffff; font-size: 1.1em;\"><strong>Warum Stormshield-Partner werden?<\/strong> Erfahren Sie mehr \u00fcber die verschiedenen Pakete und ihre Vorteile.<\/span>[\/vc_column_text][vc_empty_space]<a  itemprop=\"url\" href=\"https:\/\/www.stormshield.com\/wp-content\/uploads\/Stormshield-DE-Partner-Connect-program.pdf\" target=\"_blank\" data-hover-background-color=\"#d23467\" data-hover-border-color=\"#ffffff\" class=\"qbutton  white enlarge\" style=\"border-color: #ffffff; background-color:#060051;\">Brosch\u00fcre<i class=\"qode_icon_font_awesome fa fa-handshake-o qode_button_icon_element\"><\/i><\/a>[vc_empty_space height=\"12px\"]<a  itemprop=\"url\" href=\"https:\/\/www.stormshield.com\/de\/kontakt\/anfrage-zu-partnern\/\" target=\"_blank\" data-hover-background-color=\"#d23467\" data-hover-border-color=\"#ffffff\" class=\"qbutton  white enlarge\" style=\"border-color: #ffffff; background-color:#060051;\">Kontakt<i class=\"qode_icon_font_awesome fa fa-envelope qode_button_icon_element\"><\/i><\/a>[vc_empty_space height=\"12px\"]<a  itemprop=\"url\" href=\"https:\/\/www.stormshield.com\/de\/partner\/partner-werden\/\" target=\"_blank\" data-hover-background-color=\"#d23467\" data-hover-border-color=\"#ffffff\" class=\"qbutton  white enlarge\" style=\"border-color: #ffffff; background-color:#060051;\">Werden sie Partner<i class=\"qode_icon_font_awesome fa fa-envelope qode_button_icon_element\"><\/i><\/a>[vc_empty_space][\/vc_column][\/vc_row][vc_row css_animation=\"\" row_type=\"row\" use_row_as_full_screen_section=\"no\" type=\"grid\" angled_section=\"no\" text_align=\"left\" background_image_as_pattern=\"without_pattern\" z_index=\"\" padding_bottom=\"50\" css=\".vc_custom_1697804221509{background-color: #ffffff !important;}\" padding_top=\"50\"][vc_column][vc_row_inner row_type=\"row\" type=\"full_width\" text_align=\"left\" css_animation=\"\" background_color=\"#f9f9f9\" css=\".vc_custom_1697805785032{padding-top: 32px !important;padding-right: 32px !important;padding-bottom: 32px !important;padding-left: 32px !important;}\"][vc_column_inner width=\"1\/3\"][vc_column_text]<\/p>\n<h3><span style=\"color: #000; font-size: 1.1em; font-weight: 900;\">Silber-partner: die Grundlagen, die Sie brauchen, um Ihr Profil zu sch\u00e4rfen<\/span><\/h3>\n<p><span style=\"color: #000; font-size: 1.1em;\">Erweitern Sie Ihre Gesch\u00e4ftschancen und erh\u00f6hen Sie Ihre Sichtbarkeit in der IT-Security-Branche.<\/span>[\/vc_column_text][vc_empty_space]<a  itemprop=\"url\" href=\"https:\/\/www.stormshield.com\/wp-content\/uploads\/Stormshield-EN-Partner-Connect-Datasheet-Silver.pdf\" target=\"_blank\" data-hover-background-color=\"#d23467\" data-hover-border-color=\"#ffffff\" class=\"qbutton  white enlarge\" style=\"border-color: #ffffff; background-color:#060051;\">Silber (EN)<i class=\"qode_icon_font_awesome fa fa-angle-right qode_button_icon_element\"><\/i><\/a>[\/vc_column_inner][vc_column_inner width=\"1\/3\"][vc_column_text]<\/p>\n<h3><span style=\"color: #000; font-size: 1.1em; font-weight: 900;\">Gold-partner: lokale Vertriebsunterst\u00fctzung<\/span><\/h3>\n<p><span style=\"color: #000; font-size: 1.1em;\">Nutzen Sie unseren spezifischen Vertriebssupport in Ihrer N\u00e4he. Sie k\u00f6nnen vor allem die Exklusivrechte an neuen Vertriebsprojekten bei Stormshield anmelden und erhalten.<\/span>[\/vc_column_text][vc_empty_space]<a  itemprop=\"url\" href=\"https:\/\/www.stormshield.com\/wp-content\/uploads\/Stormshield-EN-Partner-Connect-Datasheet-Gold.pdf\" target=\"_blank\" data-hover-background-color=\"#d23467\" data-hover-border-color=\"#ffffff\" class=\"qbutton  white enlarge\" style=\"border-color: #ffffff; background-color:#060051;\">Gold (EN)<i class=\"qode_icon_font_awesome fa fa-angle-right qode_button_icon_element\"><\/i><\/a>[\/vc_column_inner][vc_column_inner width=\"1\/3\"][vc_column_text]<\/p>\n<h3><span style=\"color: #000; font-size: 1.1em; font-weight: 900;\">Platinum-partner: Ihren Kunden einen ma\u00dfgeschneiderten Service bieten<\/span><\/h3>\n<p><span style=\"color: #000; font-size: 1.1em;\">Gewinnen Sie an Flexibilit\u00e4t und Autonomie und bieten Sie Ihren Kunden einen individuellen Service.<\/span>[\/vc_column_text][vc_empty_space]<a  itemprop=\"url\" href=\"https:\/\/www.stormshield.com\/wp-content\/uploads\/Stormshield-EN-Partner-Connect-Datasheet-Platinum.pdf\" target=\"_blank\" data-hover-background-color=\"#d23467\" data-hover-border-color=\"#ffffff\" class=\"qbutton  white enlarge\" style=\"border-color: #ffffff; background-color:#060051;\">Platinum (EN)<i class=\"qode_icon_font_awesome fa fa-angle-right qode_button_icon_element\"><\/i><\/a>[\/vc_column_inner][\/vc_row_inner][\/vc_column][\/vc_row][vc_row css_animation=\"\" row_type=\"row\" use_row_as_full_screen_section=\"no\" type=\"grid\" angled_section=\"no\" text_align=\"left\" background_image_as_pattern=\"without_pattern\" z_index=\"\" padding_bottom=\"50\" padding_top=\"50\"][vc_column][vc_row_inner row_type=\"row\" type=\"full_width\" text_align=\"left\" css_animation=\"\"][vc_column_inner width=\"2\/3\"][vc_column_text]<\/p>\n<h2><span style=\"color: #000; font-size: 1.2em; font-weight: 900;\">Finden Sie einen Stormshield-Partner<\/span><\/h2>\n<p><span style=\"color: #000; font-size: 1.1em;\">Sind Sie als H\u00e4ndler auf der Suche nach einem Gro\u00dfh\u00e4ndler? Finden Sie Ihren Stormshield-Vertrieb mit zwei Klicks in unserem Online-Tool.<\/span>[\/vc_column_text][vc_empty_space]<a  itemprop=\"url\" href=\"https:\/\/www.stormshield.com\/de\/partner\/partner-finden\/\" target=\"_blank\" data-hover-background-color=\"#d23467\" data-hover-border-color=\"#ffffff\" class=\"qbutton  white enlarge\" style=\"border-color: #ffffff; background-color:#060051;\">Partner Finder<i class=\"qode_icon_font_awesome fa fa-angle-right qode_button_icon_element\"><\/i><\/a>[\/vc_column_inner][vc_column_inner width=\"1\/3\"][vc_single_image image=\"462306\" img_size=\"large\" alignment=\"center\" onclick=\"custom_link\" img_link_target=\"_blank\" qode_css_animation=\"\" qode_hover_animation=\"darken\" link=\"https:\/\/www.stormshield.com\/partner\/partner-finder\/\"][\/vc_column_inner][\/vc_row_inner][\/vc_column][\/vc_row][vc_row css_animation=\"\" row_type=\"row\" use_row_as_full_screen_section=\"no\" type=\"grid\" angled_section=\"no\" text_align=\"left\" background_image_as_pattern=\"without_pattern\" z_index=\"\" padding_bottom=\"50\" css=\".vc_custom_1697804221509{background-color: #ffffff !important;}\" padding_top=\"50\"][vc_column][vc_row_inner row_type=\"row\" type=\"full_width\" text_align=\"left\" css_animation=\"\" background_color=\"#f9f9f9\" css=\".vc_custom_1697805747463{padding-top: 32px !important;padding-right: 32px !important;padding-bottom: 32px !important;padding-left: 32px !important;}\"][vc_column_inner width=\"2\/3\"][vc_column_text]<\/p>\n<h2><span style=\"color: #000; font-size: 1.2em; font-weight: 900;\">Unterst\u00fctzung f\u00fcr Ihre Kunden<\/span><\/h2>\n<p><span style=\"color: #000; font-size: 1.1em;\">Vom CIO \u00fcber den Vertriebsingenieur bis hin zu Endbenutzern: Stormshield macht die Herausforderungen der Cybersicherheit deutlich. Denn wir verfolgen zwei Ziele: Wir m\u00f6chten Ihnen dabei helfen, Ihr Fachwissen in diesem sich st\u00e4ndig wandelnden Bereich zu vertiefen, und wir m\u00f6chten Ihre Kunden angesichts der Cyberbedrohungen unterst\u00fctzen, mit denen sie konfrontiert sind.<\/span>[\/vc_column_text][vc_empty_space]<a  itemprop=\"url\" href=\"https:\/\/www.stormshield.com\/de\/partner\/unterstuetzung-fuer-ihre-kunden\/\" target=\"_self\" data-hover-background-color=\"#d23467\" data-hover-border-color=\"#ffffff\" class=\"qbutton  white enlarge\" style=\"border-color: #ffffff; background-color:#060051;\">Stormshield inhalt<i class=\"qode_icon_font_awesome fa fa-angle-right qode_button_icon_element\"><\/i><\/a>[vc_empty_space][\/vc_column_inner][vc_column_inner width=\"1\/3\"][vc_video link=\"https:\/\/www.youtube.com\/watch?v=302D2d1Eg84\" align=\"center\"][\/vc_column_inner][\/vc_row_inner][\/vc_column][\/vc_row]<\/p>\n<\/div>","protected":false},"excerpt":{"rendered":"<p>[vc_row css_animation=&#8220;&#8220; row_type=&#8220;row&#8220; use_row_as_full_screen_section=&#8220;no&#8220; type=&#8220;grid&#8220; angled_section=&#8220;no&#8220; text_align=&#8220;left&#8220; background_image_as_pattern=&#8220;without_pattern&#8220; z_index=&#8220;&#8220; padding_top=&#8220;50&#8243; padding_bottom=&#8220;50&#8243;][vc_column][vc_empty_space][vc_column_text] Werden Sie Teil unseres Partnernetzwerks, mit dem Stormshield Partner Connect Programm [\/vc_column_text][vc_empty_space][\/vc_column][\/vc_row][vc_row css_animation=&#8220;&#8220; row_type=&#8220;row&#8220; use_row_as_full_screen_section=&#8220;no&#8220; type=&#8220;grid&#8220; angled_section=&#8220;no&#8220; text_align=&#8220;left&#8220; background_image_as_pattern=&#8220;without_pattern&#8220; z_index=&#8220;&#8220; padding_bottom=&#8220;50&#8243;][vc_column width=&#8220;2\/3&#8243;][vc_column_text] Sieben Gr\u00fcnde, ein Stormshield-Partner zu Werden Hier die wichtigsten sieben Gr\u00fcnde f\u00fcr&#8230;<\/p>\n","protected":false},"author":1,"featured_media":0,"parent":0,"menu_order":456,"comment_status":"closed","ping_status":"closed","template":"full_width.php","meta":{"_acf_changed":false,"footnotes":""},"class_list":["post-22044","page","type-page","status-publish","hentry"],"acf":[],"yoast_head":"<!-- This site is optimized with the Yoast SEO plugin v27.0 - https:\/\/yoast.com\/product\/yoast-seo-wordpress\/ -->\n<title>Das Partner Connect-Programm | Stormshield<\/title>\n<meta name=\"description\" content=\"Warum sollten Sie Stormshield-Partner werden? Erfahren Sie mehr \u00fcber die Vorteile einer Stormshield-Partnerschaft und wie Sie unserem Netzwerk beitreten k\u00f6nnen.\" \/>\n<meta name=\"robots\" content=\"index, follow, max-snippet:-1, max-image-preview:large, max-video-preview:-1\" \/>\n<link rel=\"canonical\" href=\"https:\/\/www.stormshield.com\/de\/partner\/\" \/>\n<meta property=\"og:locale\" content=\"de_DE\" \/>\n<meta property=\"og:type\" content=\"article\" \/>\n<meta property=\"og:title\" content=\"Das Partner Connect-Programm | Stormshield\" \/>\n<meta property=\"og:description\" content=\"Warum sollten Sie Stormshield-Partner werden? Erfahren Sie mehr \u00fcber die Vorteile einer Stormshield-Partnerschaft und wie Sie unserem Netzwerk beitreten k\u00f6nnen.\" \/>\n<meta property=\"og:url\" content=\"https:\/\/www.stormshield.com\/de\/partner\/\" \/>\n<meta property=\"og:site_name\" content=\"Stormshield\" \/>\n<meta property=\"article:modified_time\" content=\"2025-01-13T14:19:34+00:00\" \/>\n<meta property=\"og:image\" content=\"https:\/\/www.stormshield.com\/wp-content\/uploads\/stormshield_logo.png\" \/>\n\t<meta property=\"og:image:width\" content=\"204\" \/>\n\t<meta property=\"og:image:height\" content=\"94\" \/>\n\t<meta property=\"og:image:type\" content=\"image\/png\" \/>\n<meta name=\"twitter:card\" content=\"summary_large_image\" \/>\n<meta name=\"twitter:site\" content=\"@Stormshield\" \/>\n<meta name=\"twitter:label1\" content=\"Gesch\u00e4tzte Lesezeit\" \/>\n\t<meta name=\"twitter:data1\" content=\"3\u00a0Minuten\" \/>\n<script type=\"application\/ld+json\" class=\"yoast-schema-graph\">{\"@context\":\"https:\/\/schema.org\",\"@graph\":[{\"@type\":\"WebPage\",\"@id\":\"https:\/\/www.stormshield.com\/de\/partner\/\",\"url\":\"https:\/\/www.stormshield.com\/de\/partner\/\",\"name\":\"Das Partner Connect-Programm | Stormshield\",\"isPartOf\":{\"@id\":\"https:\/\/www.stormshield.com\/de\/#website\"},\"datePublished\":\"2016-06-03T10:19:22+00:00\",\"dateModified\":\"2025-01-13T14:19:34+00:00\",\"description\":\"Warum sollten Sie Stormshield-Partner werden? Erfahren Sie mehr \u00fcber die Vorteile einer Stormshield-Partnerschaft und wie Sie unserem Netzwerk beitreten k\u00f6nnen.\",\"breadcrumb\":{\"@id\":\"https:\/\/www.stormshield.com\/de\/partner\/#breadcrumb\"},\"inLanguage\":\"de\",\"potentialAction\":[{\"@type\":\"ReadAction\",\"target\":[\"https:\/\/www.stormshield.com\/de\/partner\/\"]}]},{\"@type\":\"BreadcrumbList\",\"@id\":\"https:\/\/www.stormshield.com\/de\/partner\/#breadcrumb\",\"itemListElement\":[{\"@type\":\"ListItem\",\"position\":1,\"name\":\"Home\",\"item\":\"https:\/\/www.stormshield.com\/de\/\"},{\"@type\":\"ListItem\",\"position\":2,\"name\":\"Partner\"}]},{\"@type\":\"WebSite\",\"@id\":\"https:\/\/www.stormshield.com\/de\/#website\",\"url\":\"https:\/\/www.stormshield.com\/de\/\",\"name\":\"Stormshield\",\"description\":\"Stormshield\",\"potentialAction\":[{\"@type\":\"SearchAction\",\"target\":{\"@type\":\"EntryPoint\",\"urlTemplate\":\"https:\/\/www.stormshield.com\/de\/?s={search_term_string}\"},\"query-input\":{\"@type\":\"PropertyValueSpecification\",\"valueRequired\":true,\"valueName\":\"search_term_string\"}}],\"inLanguage\":\"de\"}]}<\/script>\n<!-- \/ Yoast SEO plugin. -->","yoast_head_json":{"title":"Das Partner Connect-Programm | Stormshield","description":"Warum sollten Sie Stormshield-Partner werden? Erfahren Sie mehr \u00fcber die Vorteile einer Stormshield-Partnerschaft und wie Sie unserem Netzwerk beitreten k\u00f6nnen.","robots":{"index":"index","follow":"follow","max-snippet":"max-snippet:-1","max-image-preview":"max-image-preview:large","max-video-preview":"max-video-preview:-1"},"canonical":"https:\/\/www.stormshield.com\/de\/partner\/","og_locale":"de_DE","og_type":"article","og_title":"Das Partner Connect-Programm | Stormshield","og_description":"Warum sollten Sie Stormshield-Partner werden? Erfahren Sie mehr \u00fcber die Vorteile einer Stormshield-Partnerschaft und wie Sie unserem Netzwerk beitreten k\u00f6nnen.","og_url":"https:\/\/www.stormshield.com\/de\/partner\/","og_site_name":"Stormshield","article_modified_time":"2025-01-13T14:19:34+00:00","og_image":[{"width":204,"height":94,"url":"https:\/\/www.stormshield.com\/wp-content\/uploads\/stormshield_logo.png","type":"image\/png"}],"twitter_card":"summary_large_image","twitter_site":"@Stormshield","twitter_misc":{"Gesch\u00e4tzte Lesezeit":"3\u00a0Minuten"},"schema":{"@context":"https:\/\/schema.org","@graph":[{"@type":"WebPage","@id":"https:\/\/www.stormshield.com\/de\/partner\/","url":"https:\/\/www.stormshield.com\/de\/partner\/","name":"Das Partner Connect-Programm | Stormshield","isPartOf":{"@id":"https:\/\/www.stormshield.com\/de\/#website"},"datePublished":"2016-06-03T10:19:22+00:00","dateModified":"2025-01-13T14:19:34+00:00","description":"Warum sollten Sie Stormshield-Partner werden? Erfahren Sie mehr \u00fcber die Vorteile einer Stormshield-Partnerschaft und wie Sie unserem Netzwerk beitreten k\u00f6nnen.","breadcrumb":{"@id":"https:\/\/www.stormshield.com\/de\/partner\/#breadcrumb"},"inLanguage":"de","potentialAction":[{"@type":"ReadAction","target":["https:\/\/www.stormshield.com\/de\/partner\/"]}]},{"@type":"BreadcrumbList","@id":"https:\/\/www.stormshield.com\/de\/partner\/#breadcrumb","itemListElement":[{"@type":"ListItem","position":1,"name":"Home","item":"https:\/\/www.stormshield.com\/de\/"},{"@type":"ListItem","position":2,"name":"Partner"}]},{"@type":"WebSite","@id":"https:\/\/www.stormshield.com\/de\/#website","url":"https:\/\/www.stormshield.com\/de\/","name":"Stormshield","description":"Stormshield","potentialAction":[{"@type":"SearchAction","target":{"@type":"EntryPoint","urlTemplate":"https:\/\/www.stormshield.com\/de\/?s={search_term_string}"},"query-input":{"@type":"PropertyValueSpecification","valueRequired":true,"valueName":"search_term_string"}}],"inLanguage":"de"}]}},"_links":{"self":[{"href":"https:\/\/www.stormshield.com\/de\/wp-json\/wp\/v2\/pages\/22044","targetHints":{"allow":["GET"]}}],"collection":[{"href":"https:\/\/www.stormshield.com\/de\/wp-json\/wp\/v2\/pages"}],"about":[{"href":"https:\/\/www.stormshield.com\/de\/wp-json\/wp\/v2\/types\/page"}],"author":[{"embeddable":true,"href":"https:\/\/www.stormshield.com\/de\/wp-json\/wp\/v2\/users\/1"}],"replies":[{"embeddable":true,"href":"https:\/\/www.stormshield.com\/de\/wp-json\/wp\/v2\/comments?post=22044"}],"version-history":[{"count":61,"href":"https:\/\/www.stormshield.com\/de\/wp-json\/wp\/v2\/pages\/22044\/revisions"}],"predecessor-version":[{"id":604895,"href":"https:\/\/www.stormshield.com\/de\/wp-json\/wp\/v2\/pages\/22044\/revisions\/604895"}],"wp:attachment":[{"href":"https:\/\/www.stormshield.com\/de\/wp-json\/wp\/v2\/media?parent=22044"}],"curies":[{"name":"wp","href":"https:\/\/api.w.org\/{rel}","templated":true}]}}