{"id":21867,"date":"2016-12-05T18:16:43","date_gmt":"2016-12-05T17:16:43","guid":{"rendered":"https:\/\/www.stormshield.com\/?page_id=21867\/"},"modified":"2024-01-03T11:09:49","modified_gmt":"2024-01-03T10:09:49","slug":"sds","status":"publish","type":"page","link":"https:\/\/www.stormshield.com\/de\/unsere-unterstuetzung\/services\/schulung\/sds\/","title":{"rendered":"Stormshield Data Security"},"content":{"rendered":"<div class=\"wpb-content-wrapper\"><p>[vc_row css_animation=\"\" row_type=\"row\" use_row_as_full_screen_section=\"no\" type=\"grid\" angled_section=\"no\" text_align=\"left\" background_image_as_pattern=\"without_pattern\" z_index=\"\" padding_top=\"50\" padding_bottom=\"50\"][vc_column][vc_empty_space][vc_column_text]<\/p>\n<h1 style=\"text-align: center;\"><span style=\"color: #00aaf5;\"><span style=\"font-weight: 900; font-size: 1.5em;\">SDS-Schulung: <\/span><\/span><span style=\"color: #00aaf5;\"><span style=\"font-weight: 300; font-size: 1.5em;\">Erfahren Sie bei uns mehr \u00fcber Datenschutz<\/span><\/span><\/h1>\n<p>[\/vc_column_text][vc_empty_space][\/vc_column][\/vc_row][vc_row css_animation=\"\" row_type=\"row\" use_row_as_full_screen_section=\"no\" type=\"grid\" angled_section=\"no\" text_align=\"left\" background_image_as_pattern=\"without_pattern\" z_index=\"\"][vc_column width=\"2\/3\"][vc_column_text]<span style=\"color: #000; font-size: 1.1em;\"><strong>In den Stormshield Data Security-Schulung lernen Sie, wie Sie eine starke Verschl\u00fcsselung und Datenschutz f\u00fcr Ihr Unternehmen erzielen.<\/strong> Der Schutz der sensiblen Daten eines Unternehmens ist besonders heikel und verdient besondere Aufmerksamkeit. So k\u00f6nnen Sie jeden Abfangversuch, jedes Datenleck oder andere Arten von Cyberangriffen vereiteln und den Schutz Ihrer sensiblen Daten undurchdringlich machen.<\/span>[\/vc_column_text][\/vc_column][vc_column width=\"1\/3\"][vc_single_image image=\"456835\" img_size=\"medium\" alignment=\"center\" qode_css_animation=\"\"][\/vc_column][\/vc_row][vc_row css_animation=\"\" row_type=\"row\" use_row_as_full_screen_section=\"no\" type=\"grid\" angled_section=\"no\" text_align=\"left\" background_image_as_pattern=\"without_pattern\" z_index=\"\" padding_bottom=\"50\" css=\".vc_custom_1699974777591{background-color: #ffffff !important;}\" padding_top=\"50\"][vc_column][vc_row_inner row_type=\"row\" type=\"full_width\" text_align=\"left\" css_animation=\"\" background_color=\"#f9f9f9\" css=\".vc_custom_1699973877944{padding-top: 32px !important;padding-right: 32px !important;padding-bottom: 32px !important;padding-left: 32px !important;}\"][vc_column_inner width=\"2\/3\"][vc_column_text]<\/p>\n<h2 style=\"text-align: left;\"><span style=\"color: #000; font-size: 1.2em; font-weight: 900;\">Dank Unserer CSDA-Schulung Sind Verschl\u00fcsselungstools f\u00fcr sie Kein Buch mit Sieben Siegeln mehr<\/span><\/h2>\n<p><span style=\"color: #000; font-size: 1.1em;\">Diese Schulung vermittelt die wichtigsten Kenntnisse, um die Stormshield Data Security Enterprise (SDSE)-L\u00f6sung einzusetzen und zu verwalten. Sie lernen auch, die Verwaltungskonsole Stormshield Data Management Center (SDMC) zu nutzen, Sicherheitsrichtlinien zu konfigurieren, um alle Daten Ihres Unternehmens (E-Mail, Cloud, lokal, Server) optimal zu sch\u00fctzen, und die SDSE-L\u00f6sung zu warten.<\/span>[\/vc_column_text][vc_empty_space]<a  itemprop=\"url\" href=\"https:\/\/www.stormshield.com\/de\/ressourcescenter\/kurzbeschreibung-csda-schulung\/\" target=\"_blank\" data-hover-background-color=\"#d23467\" data-hover-border-color=\"#ffffff\" class=\"qbutton  white enlarge\" style=\"border-color: #ffffff; background-color:#060051;\">CSDA<i class=\"qode_icon_font_awesome fa fa-angle-right qode_button_icon_element\"><\/i><\/a>[\/vc_column_inner][vc_column_inner width=\"1\/3\"][\/vc_column_inner][\/vc_row_inner][\/vc_column][\/vc_row][vc_row css_animation=\"\" row_type=\"row\" use_row_as_full_screen_section=\"no\" type=\"grid\" angled_section=\"no\" text_align=\"left\" background_image_as_pattern=\"without_pattern\" z_index=\"\" padding_top=\"50\" padding_bottom=\"50\"][vc_column width=\"2\/3\"][vc_empty_space][vc_column_text]<\/p>\n<h2 style=\"text-align: left;\"><span style=\"color: #000; font-size: 1.2em; font-weight: 900;\">Rezertifizierungspakete<\/span><\/h2>\n<p><span style=\"color: #000; font-size: 1.1em;\">Wie bei jeder guten Software ist sp\u00e4testens drei Jahre nach Ihrer Zertifizierung ein Update Ihrer Data-\/Sicherheitsexpertise erforderlich. Nutzen Sie daf\u00fcr unsere Online-Rezertifizierungspakete, mit denen Sie Ihre Zertifizierung f\u00fcr 3 weitere Jahre verl\u00e4ngern k\u00f6nnen.<\/span>[\/vc_column_text][vc_empty_space]<a  itemprop=\"url\" href=\"https:\/\/www.stormshield.com\/de\/kontakt\/anfrage-zu-schulungen\/\" target=\"_blank\" data-hover-background-color=\"#d23467\" data-hover-border-color=\"#ffffff\" class=\"qbutton  white enlarge\" style=\"border-color: #ffffff; background-color:#060051;\">Kontakt<i class=\"qode_icon_font_awesome fa fa-angle-right qode_button_icon_element\"><\/i><\/a>[vc_empty_space][\/vc_column][vc_column width=\"1\/3\" css=\".vc_custom_1699970948115{padding-right: 12px !important;padding-left: 12px !important;background-color: #f9f9f9 !important;}\"][vc_column_text]<\/p>\n<h2 style=\"text-align: left;\"><span style=\"color: #000; font-size: 1.2em; font-weight: 900;\">Kalender<\/span><\/h2>\n<p><span style=\"color: #000; font-size: 1.1em;\">M\u00f6chten Sie erfahren, wann unsere Schulungen zur Datensicherheit stattfinden? Entdecken sie Unseren SDS-Schulungskalender.<\/span>[\/vc_column_text][vc_empty_space]<a  itemprop=\"url\" href=\"https:\/\/www.stormshield.com\/de\/unsere-unterstuetzung\/services\/schulung\/schulungskalender\/\" target=\"_blank\" data-hover-background-color=\"#d23467\" data-hover-border-color=\"#ffffff\" class=\"qbutton  white enlarge\" style=\"border-color: #ffffff; background-color:#060051;\">Kalender<i class=\"qode_icon_font_awesome fa fa-angle-right qode_button_icon_element\"><\/i><\/a>[vc_empty_space][\/vc_column][\/vc_row]<\/p>\n<\/div>","protected":false},"excerpt":{"rendered":"<p>[vc_row css_animation=&#8220;&#8220; row_type=&#8220;row&#8220; use_row_as_full_screen_section=&#8220;no&#8220; type=&#8220;grid&#8220; angled_section=&#8220;no&#8220; text_align=&#8220;left&#8220; background_image_as_pattern=&#8220;without_pattern&#8220; z_index=&#8220;&#8220; padding_top=&#8220;50&#8243; padding_bottom=&#8220;50&#8243;][vc_column][vc_empty_space][vc_column_text] SDS-Schulung: Erfahren Sie bei uns mehr \u00fcber Datenschutz [\/vc_column_text][vc_empty_space][\/vc_column][\/vc_row][vc_row css_animation=&#8220;&#8220; row_type=&#8220;row&#8220; use_row_as_full_screen_section=&#8220;no&#8220; type=&#8220;grid&#8220; angled_section=&#8220;no&#8220; text_align=&#8220;left&#8220; background_image_as_pattern=&#8220;without_pattern&#8220; z_index=&#8220;&#8220;][vc_column width=&#8220;2\/3&#8243;][vc_column_text]In den Stormshield Data Security-Schulung lernen Sie, wie Sie eine starke Verschl\u00fcsselung und Datenschutz f\u00fcr Ihr Unternehmen&#8230;<\/p>\n","protected":false},"author":1,"featured_media":0,"parent":10936,"menu_order":202,"comment_status":"closed","ping_status":"closed","template":"full_width.php","meta":{"_acf_changed":false,"footnotes":""},"class_list":["post-21867","page","type-page","status-publish","hentry"],"acf":[],"yoast_head":"<!-- This site is optimized with the Yoast SEO plugin v27.3 - https:\/\/yoast.com\/product\/yoast-seo-wordpress\/ -->\n<title>Unsere Schulung zu SDS | Stormshield<\/title>\n<meta name=\"description\" content=\"Mit unseren SDS-Schulung werden Sie in der Lage sein, ein hohes Ma\u00df an Verschl\u00fcsselung und Schutz f\u00fcr die Daten.\" \/>\n<meta name=\"robots\" content=\"index, follow, max-snippet:-1, max-image-preview:large, max-video-preview:-1\" \/>\n<link rel=\"canonical\" href=\"https:\/\/www.stormshield.com\/de\/unsere-unterstuetzung\/services\/schulung\/sds\/\" \/>\n<meta property=\"og:locale\" content=\"de_DE\" \/>\n<meta property=\"og:type\" content=\"article\" \/>\n<meta property=\"og:title\" content=\"Unsere Schulung zu SDS | Stormshield\" \/>\n<meta property=\"og:description\" content=\"Mit unseren SDS-Schulung werden Sie in der Lage sein, ein hohes Ma\u00df an Verschl\u00fcsselung und Schutz f\u00fcr die Daten.\" \/>\n<meta property=\"og:url\" content=\"https:\/\/www.stormshield.com\/de\/unsere-unterstuetzung\/services\/schulung\/sds\/\" \/>\n<meta property=\"og:site_name\" content=\"Stormshield\" \/>\n<meta property=\"article:modified_time\" content=\"2024-01-03T10:09:49+00:00\" \/>\n<meta property=\"og:image\" content=\"https:\/\/www.stormshield.com\/wp-content\/uploads\/stormshield_logo.png\" \/>\n\t<meta property=\"og:image:width\" content=\"204\" \/>\n\t<meta property=\"og:image:height\" content=\"94\" \/>\n\t<meta property=\"og:image:type\" content=\"image\/png\" \/>\n<meta name=\"twitter:card\" content=\"summary_large_image\" \/>\n<meta name=\"twitter:site\" content=\"@Stormshield\" \/>\n<meta name=\"twitter:label1\" content=\"Gesch\u00e4tzte Lesezeit\" \/>\n\t<meta name=\"twitter:data1\" content=\"2\u00a0Minuten\" \/>\n<script type=\"application\/ld+json\" class=\"yoast-schema-graph\">{\"@context\":\"https:\\\/\\\/schema.org\",\"@graph\":[{\"@type\":\"WebPage\",\"@id\":\"https:\\\/\\\/www.stormshield.com\\\/de\\\/unsere-unterstuetzung\\\/services\\\/schulung\\\/sds\\\/\",\"url\":\"https:\\\/\\\/www.stormshield.com\\\/de\\\/unsere-unterstuetzung\\\/services\\\/schulung\\\/sds\\\/\",\"name\":\"Unsere Schulung zu SDS | Stormshield\",\"isPartOf\":{\"@id\":\"https:\\\/\\\/www.stormshield.com\\\/de\\\/#website\"},\"datePublished\":\"2016-12-05T17:16:43+00:00\",\"dateModified\":\"2024-01-03T10:09:49+00:00\",\"description\":\"Mit unseren SDS-Schulung werden Sie in der Lage sein, ein hohes Ma\u00df an Verschl\u00fcsselung und Schutz f\u00fcr die Daten.\",\"breadcrumb\":{\"@id\":\"https:\\\/\\\/www.stormshield.com\\\/de\\\/unsere-unterstuetzung\\\/services\\\/schulung\\\/sds\\\/#breadcrumb\"},\"inLanguage\":\"de\",\"potentialAction\":[{\"@type\":\"ReadAction\",\"target\":[\"https:\\\/\\\/www.stormshield.com\\\/de\\\/unsere-unterstuetzung\\\/services\\\/schulung\\\/sds\\\/\"]}]},{\"@type\":\"BreadcrumbList\",\"@id\":\"https:\\\/\\\/www.stormshield.com\\\/de\\\/unsere-unterstuetzung\\\/services\\\/schulung\\\/sds\\\/#breadcrumb\",\"itemListElement\":[{\"@type\":\"ListItem\",\"position\":1,\"name\":\"Home\",\"item\":\"https:\\\/\\\/www.stormshield.com\\\/de\\\/\"},{\"@type\":\"ListItem\",\"position\":2,\"name\":\"Unsere Unterst\u00fctzung\",\"item\":\"https:\\\/\\\/www.stormshield.com\\\/de\\\/unsere-unterstuetzung\\\/\"},{\"@type\":\"ListItem\",\"position\":3,\"name\":\"Services\",\"item\":\"https:\\\/\\\/www.stormshield.com\\\/de\\\/unsere-unterstuetzung\\\/services\\\/\"},{\"@type\":\"ListItem\",\"position\":4,\"name\":\"Schulung\",\"item\":\"https:\\\/\\\/www.stormshield.com\\\/de\\\/unsere-unterstuetzung\\\/services\\\/schulung\\\/\"},{\"@type\":\"ListItem\",\"position\":5,\"name\":\"Stormshield Data Security\"}]},{\"@type\":\"WebSite\",\"@id\":\"https:\\\/\\\/www.stormshield.com\\\/de\\\/#website\",\"url\":\"https:\\\/\\\/www.stormshield.com\\\/de\\\/\",\"name\":\"Stormshield\",\"description\":\"Stormshield\",\"potentialAction\":[{\"@type\":\"SearchAction\",\"target\":{\"@type\":\"EntryPoint\",\"urlTemplate\":\"https:\\\/\\\/www.stormshield.com\\\/de\\\/?s={search_term_string}\"},\"query-input\":{\"@type\":\"PropertyValueSpecification\",\"valueRequired\":true,\"valueName\":\"search_term_string\"}}],\"inLanguage\":\"de\"}]}<\/script>\n<!-- \/ Yoast SEO plugin. -->","yoast_head_json":{"title":"Unsere Schulung zu SDS | Stormshield","description":"Mit unseren SDS-Schulung werden Sie in der Lage sein, ein hohes Ma\u00df an Verschl\u00fcsselung und Schutz f\u00fcr die Daten.","robots":{"index":"index","follow":"follow","max-snippet":"max-snippet:-1","max-image-preview":"max-image-preview:large","max-video-preview":"max-video-preview:-1"},"canonical":"https:\/\/www.stormshield.com\/de\/unsere-unterstuetzung\/services\/schulung\/sds\/","og_locale":"de_DE","og_type":"article","og_title":"Unsere Schulung zu SDS | Stormshield","og_description":"Mit unseren SDS-Schulung werden Sie in der Lage sein, ein hohes Ma\u00df an Verschl\u00fcsselung und Schutz f\u00fcr die Daten.","og_url":"https:\/\/www.stormshield.com\/de\/unsere-unterstuetzung\/services\/schulung\/sds\/","og_site_name":"Stormshield","article_modified_time":"2024-01-03T10:09:49+00:00","og_image":[{"width":204,"height":94,"url":"https:\/\/www.stormshield.com\/wp-content\/uploads\/stormshield_logo.png","type":"image\/png"}],"twitter_card":"summary_large_image","twitter_site":"@Stormshield","twitter_misc":{"Gesch\u00e4tzte Lesezeit":"2\u00a0Minuten"},"schema":{"@context":"https:\/\/schema.org","@graph":[{"@type":"WebPage","@id":"https:\/\/www.stormshield.com\/de\/unsere-unterstuetzung\/services\/schulung\/sds\/","url":"https:\/\/www.stormshield.com\/de\/unsere-unterstuetzung\/services\/schulung\/sds\/","name":"Unsere Schulung zu SDS | Stormshield","isPartOf":{"@id":"https:\/\/www.stormshield.com\/de\/#website"},"datePublished":"2016-12-05T17:16:43+00:00","dateModified":"2024-01-03T10:09:49+00:00","description":"Mit unseren SDS-Schulung werden Sie in der Lage sein, ein hohes Ma\u00df an Verschl\u00fcsselung und Schutz f\u00fcr die Daten.","breadcrumb":{"@id":"https:\/\/www.stormshield.com\/de\/unsere-unterstuetzung\/services\/schulung\/sds\/#breadcrumb"},"inLanguage":"de","potentialAction":[{"@type":"ReadAction","target":["https:\/\/www.stormshield.com\/de\/unsere-unterstuetzung\/services\/schulung\/sds\/"]}]},{"@type":"BreadcrumbList","@id":"https:\/\/www.stormshield.com\/de\/unsere-unterstuetzung\/services\/schulung\/sds\/#breadcrumb","itemListElement":[{"@type":"ListItem","position":1,"name":"Home","item":"https:\/\/www.stormshield.com\/de\/"},{"@type":"ListItem","position":2,"name":"Unsere Unterst\u00fctzung","item":"https:\/\/www.stormshield.com\/de\/unsere-unterstuetzung\/"},{"@type":"ListItem","position":3,"name":"Services","item":"https:\/\/www.stormshield.com\/de\/unsere-unterstuetzung\/services\/"},{"@type":"ListItem","position":4,"name":"Schulung","item":"https:\/\/www.stormshield.com\/de\/unsere-unterstuetzung\/services\/schulung\/"},{"@type":"ListItem","position":5,"name":"Stormshield Data Security"}]},{"@type":"WebSite","@id":"https:\/\/www.stormshield.com\/de\/#website","url":"https:\/\/www.stormshield.com\/de\/","name":"Stormshield","description":"Stormshield","potentialAction":[{"@type":"SearchAction","target":{"@type":"EntryPoint","urlTemplate":"https:\/\/www.stormshield.com\/de\/?s={search_term_string}"},"query-input":{"@type":"PropertyValueSpecification","valueRequired":true,"valueName":"search_term_string"}}],"inLanguage":"de"}]}},"_links":{"self":[{"href":"https:\/\/www.stormshield.com\/de\/wp-json\/wp\/v2\/pages\/21867","targetHints":{"allow":["GET"]}}],"collection":[{"href":"https:\/\/www.stormshield.com\/de\/wp-json\/wp\/v2\/pages"}],"about":[{"href":"https:\/\/www.stormshield.com\/de\/wp-json\/wp\/v2\/types\/page"}],"author":[{"embeddable":true,"href":"https:\/\/www.stormshield.com\/de\/wp-json\/wp\/v2\/users\/1"}],"replies":[{"embeddable":true,"href":"https:\/\/www.stormshield.com\/de\/wp-json\/wp\/v2\/comments?post=21867"}],"version-history":[{"count":31,"href":"https:\/\/www.stormshield.com\/de\/wp-json\/wp\/v2\/pages\/21867\/revisions"}],"predecessor-version":[{"id":480274,"href":"https:\/\/www.stormshield.com\/de\/wp-json\/wp\/v2\/pages\/21867\/revisions\/480274"}],"up":[{"embeddable":true,"href":"https:\/\/www.stormshield.com\/de\/wp-json\/wp\/v2\/pages\/10936"}],"wp:attachment":[{"href":"https:\/\/www.stormshield.com\/de\/wp-json\/wp\/v2\/media?parent=21867"}],"curies":[{"name":"wp","href":"https:\/\/api.w.org\/{rel}","templated":true}]}}