{"id":21849,"date":"2016-12-05T18:15:57","date_gmt":"2016-12-05T17:15:57","guid":{"rendered":"https:\/\/www.stormshield.com\/?page_id=21849\/"},"modified":"2025-02-06T14:35:50","modified_gmt":"2025-02-06T13:35:50","slug":"sns","status":"publish","type":"page","link":"https:\/\/www.stormshield.com\/de\/unsere-unterstuetzung\/services\/schulung\/sns\/","title":{"rendered":"Stormshield Network Security"},"content":{"rendered":"<div class=\"wpb-content-wrapper\"><p>[vc_row css_animation=\"\" row_type=\"row\" use_row_as_full_screen_section=\"no\" type=\"grid\" angled_section=\"no\" text_align=\"left\" background_image_as_pattern=\"without_pattern\" z_index=\"\" padding_top=\"50\" padding_bottom=\"50\"][vc_column][vc_empty_space][vc_column_text]<\/p>\n<h1 style=\"text-align: center;\"><span style=\"color: #00aaf5;\"><span style=\"font-weight: 900; font-size: 1.5em;\">SNS-Schulungen: <\/span><\/span><span style=\"color: #00aaf5;\"><span style=\"font-weight: 300; font-size: 1.5em;\">Alles \u00fcber den Netzwerkschutz<\/span><\/span><\/h1>\n<p>[\/vc_column_text][vc_empty_space][\/vc_column][\/vc_row][vc_row css_animation=\"\" row_type=\"row\" use_row_as_full_screen_section=\"no\" type=\"grid\" angled_section=\"no\" text_align=\"left\" background_image_as_pattern=\"without_pattern\" z_index=\"\"][vc_column width=\"2\/3\"][vc_column_text css=\"\"]<span style=\"color: #000; font-size: 1.1em;\"><strong>Erfahren Sie alles \u00fcber Netzwerkschutz in unseren spezialisierten Schulungskursen.<\/strong> Stormshield hat Schulungen zum Netzwerkschutz entwickelt, die Ihren jeweiligen Anforderungen und Ihrer Nutzung entsprechen: Beherrschung der Grundfunktionen (CSNA), Einrichtung von Expertenkonfigurationen (CNSE), speziell im Zusammenhang mit SD-WAN (CSNR), mit Analyse und Diagnose von komplexen Architekturen (CSNTS) und nicht zuletzt Verwaltung der zentralen Administrationskonsole (CSMCE) sowie Einbindung unserer L\u00f6sungen in industrielle Umgebungen (CSNOT).<\/span>[\/vc_column_text][\/vc_column][vc_column width=\"1\/3\"][vc_single_image image=\"456835\" img_size=\"medium\" alignment=\"center\" qode_css_animation=\"\"][\/vc_column][\/vc_row][vc_row css_animation=\"\" row_type=\"row\" use_row_as_full_screen_section=\"no\" type=\"grid\" angled_section=\"no\" text_align=\"left\" background_image_as_pattern=\"without_pattern\" z_index=\"\" padding_bottom=\"50\" css=\".vc_custom_1699974777591{background-color: #ffffff !important;}\" padding_top=\"50\"][vc_column][vc_row_inner row_type=\"row\" type=\"full_width\" text_align=\"left\" css_animation=\"\" background_color=\"#f9f9f9\" css=\".vc_custom_1699973877944{padding-top: 32px !important;padding-right: 32px !important;padding-bottom: 32px !important;padding-left: 32px !important;}\"][vc_column_inner width=\"1\/2\"][vc_column_text]<\/p>\n<h2 style=\"text-align: left;\"><span style=\"color: #000; font-size: 1.2em; font-weight: 900;\">CSNA-Schulung: Werden sie zum Experten in Bezug auf Netzwerkschutz<\/span><\/h2>\n<p><span style=\"color: #000; font-size: 1.1em;\">In unserer Zertifizierungsschulung \u201eCertified Stormshield Network Administrator\u201c (CSNA) lernen Sie in 21 Kursstunden alles \u00fcber Funktionen und Verfahren zur Installation der Stormshield Network-Produkte innerhalb einer klassischen Architektur.<\/span>[\/vc_column_text][vc_empty_space]<a  itemprop=\"url\" href=\"https:\/\/www.stormshield.com\/de\/ressourcescenter\/kurzbeschreibung-csna-schulung\/\" target=\"_blank\" data-hover-background-color=\"#d23467\" data-hover-border-color=\"#ffffff\" class=\"qbutton  white enlarge\" style=\"border-color: #ffffff; background-color:#060051;\">CSNA<i class=\"qode_icon_font_awesome fa fa-angle-right qode_button_icon_element\"><\/i><\/a>[\/vc_column_inner][vc_column_inner width=\"1\/2\"][vc_column_text]<\/p>\n<h2 style=\"text-align: left;\"><span style=\"color: #000; font-size: 1.2em; font-weight: 900;\">CSNE-Schulung: Erreichen sie die N\u00e4chste Stufe<\/span><\/h2>\n<p><span style=\"color: #000; font-size: 1.1em;\">W\u00e4hlen Sie unsere Schulung \u201eCertified Stormshield Network Expert\u201c (CSNE), wenn Sie alles \u00fcber die lntegration und Konfiguration der Funktionen Stormshield Network-Produkte innerhalb Ihres Unternehmensnetzwerks erfahren m\u00f6chten. Die Teilnahme an dieser 21-st\u00fcndigen Schulung, die mit einer Zertifizierungspr\u00fcfung abgeschlossen wird, setzt die CSNA-Zertifizierung voraus.<\/span>[\/vc_column_text][vc_empty_space]<a  itemprop=\"url\" href=\"https:\/\/www.stormshield.com\/de\/ressourcescenter\/kurzbeschreibung-csne-schulung\/\" target=\"_blank\" data-hover-background-color=\"#d23467\" data-hover-border-color=\"#ffffff\" class=\"qbutton  white enlarge\" style=\"border-color: #ffffff; background-color:#060051;\">CSNE<i class=\"qode_icon_font_awesome fa fa-angle-right qode_button_icon_element\"><\/i><\/a>[\/vc_column_inner][\/vc_row_inner][\/vc_column][\/vc_row][vc_row css_animation=\"\" row_type=\"row\" use_row_as_full_screen_section=\"no\" type=\"grid\" angled_section=\"no\" text_align=\"left\" background_image_as_pattern=\"without_pattern\" z_index=\"\" padding_top=\"50\" padding_bottom=\"50\"][vc_column][vc_row_inner row_type=\"row\" type=\"full_width\" text_align=\"left\" css_animation=\"\"][vc_column_inner width=\"1\/2\"][vc_column_text]<\/p>\n<h2 style=\"text-align: left;\"><span style=\"color: #000; font-size: 1.2em; font-weight: 900;\">CSNR-Schulung: Nutzen sie das Netzwerkpotenzial Ihrer Firewalls voll aus<\/span><\/h2>\n<p><span style=\"color: #000; font-size: 1.1em;\">Der Zugriff aller Ihrer Standorte auf Ihre verschiedenen Netzwerke erfordert Redundanz, Dienstg\u00fcte und Ausfallsicherheit in Bezug auf Zwischenger\u00e4te. In der CSNR-Schulung lernen Sie, SD-WAN-Konfigurationen, QoS und viele andere fortgeschrittene Netzwerkeinstellungen zu beherrschen. F\u00fcr die Teilnahme an diesem Kurs ist die CSNA-Zertifizierung erforderlich.<\/span>[\/vc_column_text][vc_empty_space]<a  itemprop=\"url\" href=\"https:\/\/www.stormshield.com\/de\/ressourcescenter\/kurzbeschreibung-csnr-schulung\/\" target=\"_blank\" data-hover-background-color=\"#d23467\" data-hover-border-color=\"#ffffff\" class=\"qbutton  white enlarge\" style=\"border-color: #ffffff; background-color:#060051;\">CSNR<i class=\"qode_icon_font_awesome fa fa-angle-right qode_button_icon_element\"><\/i><\/a>[\/vc_column_inner][vc_column_inner width=\"1\/2\"][vc_column_text]<\/p>\n<h2 style=\"text-align: left;\"><span style=\"color: #000; font-size: 1.2em; font-weight: 900;\">CSNTS-Schulung: Erfahren sie Alles \u00fcber Fehlersuche und Netzwerksupport<\/span><\/h2>\n<p><span style=\"color: #000; font-size: 1.1em;\">Certified Stormshield Network Troubleshooting and Support (CSNTS), diese 28 Stunden-Schulung gibt Ihnen die ben\u00f6tigten Werkzeuge an die Hand, um in Ihrem Unternehmen die technische Anlaufstelle f\u00fcr unsere Netzwerkl\u00f6sungen zu werden. Voraussetzung ist die CSNE-Zertifizierung.<\/span>[\/vc_column_text][vc_empty_space]<a  itemprop=\"url\" href=\"https:\/\/www.stormshield.com\/de\/ressourcescenter\/kurzbeschreibung-csnts-schulung\/\" target=\"_blank\" data-hover-background-color=\"#d23467\" data-hover-border-color=\"#ffffff\" class=\"qbutton  white enlarge\" style=\"border-color: #ffffff; background-color:#060051;\">CSNTS<i class=\"qode_icon_font_awesome fa fa-angle-right qode_button_icon_element\"><\/i><\/a>[\/vc_column_inner][\/vc_row_inner][\/vc_column][\/vc_row][vc_row css_animation=\"\" row_type=\"row\" use_row_as_full_screen_section=\"no\" type=\"grid\" angled_section=\"no\" text_align=\"left\" background_image_as_pattern=\"without_pattern\" z_index=\"\" padding_bottom=\"50\" css=\".vc_custom_1699974777591{background-color: #ffffff !important;}\" padding_top=\"50\"][vc_column][vc_row_inner row_type=\"row\" type=\"full_width\" text_align=\"left\" css_animation=\"\" background_color=\"#f9f9f9\" css=\".vc_custom_1699973877944{padding-top: 32px !important;padding-right: 32px !important;padding-bottom: 32px !important;padding-left: 32px !important;}\"][vc_column_inner width=\"1\/2\"][vc_column_text]<\/p>\n<h2 style=\"text-align: left;\"><span style=\"color: #000; font-size: 1.2em; font-weight: 900;\">CSLS-Schulung: Bringen sie die Logs Ihres Netzwerks zum Sprechen!<\/span><\/h2>\n<p><span style=\"color: #000; font-size: 1.1em;\">M\u00f6chten Sie Ihre gesamten Logs einfach durchsuchen, korrelieren und analysieren k\u00f6nnen? M\u00f6chten Sie die Aktivit\u00e4ten Ihrer SNS-Firewalls mithilfe von Dashboards und personalisierten Berichten visualisieren und mit anderen teilen? Dann ist unsere CSLS-Schulung f\u00fcr das Produkt Stormshield Log Supervisor genau das Richtige f\u00fcr Sie. Sie setzt voraus, dass Sie zuvor die CSNA-Zertifizierung erhalten haben.<\/span>[\/vc_column_text][vc_empty_space]<a  itemprop=\"url\" href=\"https:\/\/www.stormshield.com\/de\/ressourcescenter\/kurzbeschreibung-csls-schulung\/\" target=\"_blank\" data-hover-background-color=\"#d23467\" data-hover-border-color=\"#ffffff\" class=\"qbutton  white enlarge\" style=\"border-color: #ffffff; background-color:#060051;\">CSLS<i class=\"qode_icon_font_awesome fa fa-angle-right qode_button_icon_element\"><\/i><\/a>[\/vc_column_inner][vc_column_inner width=\"1\/2\"][vc_column_text]<\/p>\n<h2 style=\"text-align: left;\"><span style=\"color: #000; font-size: 1.2em; font-weight: 900;\">CSMCE-Schulung: Sitzen sie in Ihrem Netzwerk Stets am L\u00e4ngeren Hebel!<\/span><\/h2>\n<p><span style=\"color: #000; font-size: 1.1em;\">Sie m\u00f6chten schnell koh\u00e4rente Sicherheitsrichtlinien f\u00fcr mehrere Firewalls (von zwei bis zu mehreren tausend) einrichten? Dann besuchen Sie unsere Schulung speziell f\u00fcr die Bedienung der Netzwerkadministrationskonsole: den 14-st\u00fcndigen Kurs \u201eStormshield Management Center Expert\u201c (CSMCE). Die Teilnahme an dieser zweit\u00e4gigen Zertifizierungsschulung setzt die CSNA-Zertifizierung voraus.<\/span>[\/vc_column_text][vc_empty_space]<a  itemprop=\"url\" href=\"https:\/\/www.stormshield.com\/de\/ressourcescenter\/csmce-kursgliederung\/\" target=\"_blank\" data-hover-background-color=\"#d23467\" data-hover-border-color=\"#ffffff\" class=\"qbutton  white enlarge\" style=\"border-color: #ffffff; background-color:#060051;\">CSMCE<i class=\"qode_icon_font_awesome fa fa-angle-right qode_button_icon_element\"><\/i><\/a>[\/vc_column_inner][\/vc_row_inner][\/vc_column][\/vc_row][vc_row css_animation=\"\" row_type=\"row\" use_row_as_full_screen_section=\"no\" type=\"grid\" angled_section=\"no\" text_align=\"left\" background_image_as_pattern=\"without_pattern\" z_index=\"\" padding_top=\"50\" padding_bottom=\"50\"][vc_column][vc_row_inner row_type=\"row\" type=\"full_width\" text_align=\"left\" css_animation=\"\"][vc_column_inner width=\"1\/2\"][vc_column_text css=\"\"]<\/p>\n<h2 style=\"text-align: left;\"><span style=\"color: #000; font-size: 1.2em; font-weight: 900;\">CSNOT-Schulung: Werden sie zum Experten f\u00fcr OT-Netze<\/span><\/h2>\n<p><span style=\"color: #000; font-size: 1.1em;\">M\u00f6chten Sie erfahren, wie Sie unsere Produkte in Industrieumgebungen integrieren und einen pr\u00e4zisen Filter auf unsere Industrieprotokolle anwenden? Dann ist unsere Schulung \u201eCertified Stormshield Network Operational Technology\u201c (CSNOT) genau das Richtige f\u00fcr Sie. Sie setzt voraus, dass die CSNA-Zertifizierung nicht l\u00e4nger als drei Jahre zur\u00fcckliegt.<\/span>[\/vc_column_text][vc_empty_space]<a  itemprop=\"url\" href=\"https:\/\/www.stormshield.com\/de\/ressourcescenter\/kurzbeschreibung-csnot-schulung\/\" target=\"_blank\" data-hover-background-color=\"#d23467\" data-hover-border-color=\"#ffffff\" class=\"qbutton  white enlarge\" style=\"border-color: #ffffff; background-color:#060051;\">CSNOT<i class=\"qode_icon_font_awesome fa fa-angle-right qode_button_icon_element\"><\/i><\/a>[\/vc_column_inner][vc_column_inner width=\"1\/2\"][vc_single_image image=\"456370\" img_size=\"medium\" alignment=\"center\" qode_css_animation=\"\"][\/vc_column_inner][\/vc_row_inner][\/vc_column][\/vc_row][vc_row css_animation=\"\" row_type=\"row\" use_row_as_full_screen_section=\"no\" type=\"grid\" angled_section=\"no\" text_align=\"left\" background_image_as_pattern=\"without_pattern\" z_index=\"\" padding_top=\"50\" padding_bottom=\"50\"][vc_column width=\"2\/3\"][vc_empty_space][vc_column_text]<\/p>\n<h2 style=\"text-align: left;\"><span style=\"color: #000; font-size: 1.2em; font-weight: 900;\">Rezertifizierungspakete<\/span><\/h2>\n<p><span style=\"color: #000; font-size: 1.1em;\">Wie bei jeder guten Software ist sp\u00e4testens drei Jahre nach Ihrer Zertifizierung ein Update Ihrer Netzwerk-\/Sicherheitsexpertise erforderlich. Nutzen Sie daf\u00fcr unsere Online-Rezertifizierungspakete, mit denen Sie Ihre Zertifizierung f\u00fcr 3 weitere Jahre verl\u00e4ngern k\u00f6nnen.<\/span>[\/vc_column_text][vc_empty_space]<a  itemprop=\"url\" href=\"https:\/\/www.stormshield.com\/de\/kontakt\/anfrage-zu-schulungen\/\" target=\"_blank\" data-hover-background-color=\"#d23467\" data-hover-border-color=\"#ffffff\" class=\"qbutton  white enlarge\" style=\"border-color: #ffffff; background-color:#060051;\">Kontakt<i class=\"qode_icon_font_awesome fa fa-angle-right qode_button_icon_element\"><\/i><\/a>[vc_empty_space][\/vc_column][vc_column width=\"1\/3\" css=\".vc_custom_1723798806989{padding-right: 32px !important;padding-left: 32px !important;background-color: #f9f9f9 !important;}\"][vc_column_text]<\/p>\n<h2 style=\"text-align: left;\"><span style=\"color: #000; font-size: 1.2em; font-weight: 900;\">Kalender<\/span><\/h2>\n<p><span style=\"color: #000; font-size: 1.1em;\">M\u00f6chten Sie erfahren, wann unsere Schulungen zur Netzwerksicherheit stattfinden? Informieren Sie sich in unserem SNS-Schulungskalender.<\/span>[\/vc_column_text][vc_empty_space]<a  itemprop=\"url\" href=\"https:\/\/www.stormshield.com\/de\/unsere-unterstuetzung\/services\/schulung\/schulungskalender\/\" target=\"_blank\" data-hover-background-color=\"#d23467\" data-hover-border-color=\"#ffffff\" class=\"qbutton  white enlarge\" style=\"border-color: #ffffff; background-color:#060051;\">Schulungskalender<i class=\"qode_icon_font_awesome fa fa-angle-right qode_button_icon_element\"><\/i><\/a>[vc_empty_space][\/vc_column][\/vc_row]<\/p>\n<\/div>","protected":false},"excerpt":{"rendered":"<p>[vc_row css_animation=&#8220;&#8220; row_type=&#8220;row&#8220; use_row_as_full_screen_section=&#8220;no&#8220; type=&#8220;grid&#8220; angled_section=&#8220;no&#8220; text_align=&#8220;left&#8220; background_image_as_pattern=&#8220;without_pattern&#8220; z_index=&#8220;&#8220; padding_top=&#8220;50&#8243; padding_bottom=&#8220;50&#8243;][vc_column][vc_empty_space][vc_column_text] SNS-Schulungen: Alles \u00fcber den Netzwerkschutz [\/vc_column_text][vc_empty_space][\/vc_column][\/vc_row][vc_row css_animation=&#8220;&#8220; row_type=&#8220;row&#8220; use_row_as_full_screen_section=&#8220;no&#8220; type=&#8220;grid&#8220; angled_section=&#8220;no&#8220; text_align=&#8220;left&#8220; background_image_as_pattern=&#8220;without_pattern&#8220; z_index=&#8220;&#8220;][vc_column width=&#8220;2\/3&#8243;][vc_column_text css=&#8220;&#8220;]Erfahren Sie alles \u00fcber Netzwerkschutz in unseren spezialisierten Schulungskursen. Stormshield hat Schulungen zum Netzwerkschutz entwickelt, die Ihren jeweiligen Anforderungen&#8230;<\/p>\n","protected":false},"author":1,"featured_media":0,"parent":10936,"menu_order":66,"comment_status":"closed","ping_status":"closed","template":"full_width.php","meta":{"_acf_changed":false,"footnotes":""},"class_list":["post-21849","page","type-page","status-publish","hentry"],"acf":[],"yoast_head":"<!-- This site is optimized with the Yoast SEO plugin v27.0 - https:\/\/yoast.com\/product\/yoast-seo-wordpress\/ -->\n<title>SNS- und Cybersecurity-Trainingskurse | Stormshield<\/title>\n<meta name=\"description\" content=\"Lernen Sie die Feinheiten des Netzwerkschutzes mit den Schulungen von Stormshield kennen: Sie sind auf Ihre Bed\u00fcrfnisse und Ihren Gebrauch zugeschnitten.\" \/>\n<meta name=\"robots\" content=\"index, follow, max-snippet:-1, max-image-preview:large, max-video-preview:-1\" \/>\n<link rel=\"canonical\" href=\"https:\/\/www.stormshield.com\/de\/unsere-unterstuetzung\/services\/schulung\/sns\/\" \/>\n<meta property=\"og:locale\" content=\"de_DE\" \/>\n<meta property=\"og:type\" content=\"article\" \/>\n<meta property=\"og:title\" content=\"SNS- und Cybersecurity-Trainingskurse | Stormshield\" \/>\n<meta property=\"og:description\" content=\"Lernen Sie die Feinheiten des Netzwerkschutzes mit den Schulungen von Stormshield kennen: Sie sind auf Ihre Bed\u00fcrfnisse und Ihren Gebrauch zugeschnitten.\" \/>\n<meta property=\"og:url\" content=\"https:\/\/www.stormshield.com\/de\/unsere-unterstuetzung\/services\/schulung\/sns\/\" \/>\n<meta property=\"og:site_name\" content=\"Stormshield\" \/>\n<meta property=\"article:modified_time\" content=\"2025-02-06T13:35:50+00:00\" \/>\n<meta property=\"og:image\" content=\"https:\/\/www.stormshield.com\/wp-content\/uploads\/stormshield_logo.png\" \/>\n\t<meta property=\"og:image:width\" content=\"204\" \/>\n\t<meta property=\"og:image:height\" content=\"94\" \/>\n\t<meta property=\"og:image:type\" content=\"image\/png\" \/>\n<meta name=\"twitter:card\" content=\"summary_large_image\" \/>\n<meta name=\"twitter:site\" content=\"@Stormshield\" \/>\n<meta name=\"twitter:label1\" content=\"Gesch\u00e4tzte Lesezeit\" \/>\n\t<meta name=\"twitter:data1\" content=\"4\u00a0Minuten\" \/>\n<script type=\"application\/ld+json\" class=\"yoast-schema-graph\">{\"@context\":\"https:\/\/schema.org\",\"@graph\":[{\"@type\":\"WebPage\",\"@id\":\"https:\/\/www.stormshield.com\/de\/unsere-unterstuetzung\/services\/schulung\/sns\/\",\"url\":\"https:\/\/www.stormshield.com\/de\/unsere-unterstuetzung\/services\/schulung\/sns\/\",\"name\":\"SNS- und Cybersecurity-Trainingskurse | Stormshield\",\"isPartOf\":{\"@id\":\"https:\/\/www.stormshield.com\/de\/#website\"},\"datePublished\":\"2016-12-05T17:15:57+00:00\",\"dateModified\":\"2025-02-06T13:35:50+00:00\",\"description\":\"Lernen Sie die Feinheiten des Netzwerkschutzes mit den Schulungen von Stormshield kennen: Sie sind auf Ihre Bed\u00fcrfnisse und Ihren Gebrauch zugeschnitten.\",\"breadcrumb\":{\"@id\":\"https:\/\/www.stormshield.com\/de\/unsere-unterstuetzung\/services\/schulung\/sns\/#breadcrumb\"},\"inLanguage\":\"de\",\"potentialAction\":[{\"@type\":\"ReadAction\",\"target\":[\"https:\/\/www.stormshield.com\/de\/unsere-unterstuetzung\/services\/schulung\/sns\/\"]}]},{\"@type\":\"BreadcrumbList\",\"@id\":\"https:\/\/www.stormshield.com\/de\/unsere-unterstuetzung\/services\/schulung\/sns\/#breadcrumb\",\"itemListElement\":[{\"@type\":\"ListItem\",\"position\":1,\"name\":\"Home\",\"item\":\"https:\/\/www.stormshield.com\/de\/\"},{\"@type\":\"ListItem\",\"position\":2,\"name\":\"Unsere Unterst\u00fctzung\",\"item\":\"https:\/\/www.stormshield.com\/de\/unsere-unterstuetzung\/\"},{\"@type\":\"ListItem\",\"position\":3,\"name\":\"Services\",\"item\":\"https:\/\/www.stormshield.com\/de\/unsere-unterstuetzung\/services\/\"},{\"@type\":\"ListItem\",\"position\":4,\"name\":\"Schulung\",\"item\":\"https:\/\/www.stormshield.com\/de\/unsere-unterstuetzung\/services\/schulung\/\"},{\"@type\":\"ListItem\",\"position\":5,\"name\":\"Stormshield Network Security\"}]},{\"@type\":\"WebSite\",\"@id\":\"https:\/\/www.stormshield.com\/de\/#website\",\"url\":\"https:\/\/www.stormshield.com\/de\/\",\"name\":\"Stormshield\",\"description\":\"Stormshield\",\"potentialAction\":[{\"@type\":\"SearchAction\",\"target\":{\"@type\":\"EntryPoint\",\"urlTemplate\":\"https:\/\/www.stormshield.com\/de\/?s={search_term_string}\"},\"query-input\":{\"@type\":\"PropertyValueSpecification\",\"valueRequired\":true,\"valueName\":\"search_term_string\"}}],\"inLanguage\":\"de\"}]}<\/script>\n<!-- \/ Yoast SEO plugin. -->","yoast_head_json":{"title":"SNS- und Cybersecurity-Trainingskurse | Stormshield","description":"Lernen Sie die Feinheiten des Netzwerkschutzes mit den Schulungen von Stormshield kennen: Sie sind auf Ihre Bed\u00fcrfnisse und Ihren Gebrauch zugeschnitten.","robots":{"index":"index","follow":"follow","max-snippet":"max-snippet:-1","max-image-preview":"max-image-preview:large","max-video-preview":"max-video-preview:-1"},"canonical":"https:\/\/www.stormshield.com\/de\/unsere-unterstuetzung\/services\/schulung\/sns\/","og_locale":"de_DE","og_type":"article","og_title":"SNS- und Cybersecurity-Trainingskurse | Stormshield","og_description":"Lernen Sie die Feinheiten des Netzwerkschutzes mit den Schulungen von Stormshield kennen: Sie sind auf Ihre Bed\u00fcrfnisse und Ihren Gebrauch zugeschnitten.","og_url":"https:\/\/www.stormshield.com\/de\/unsere-unterstuetzung\/services\/schulung\/sns\/","og_site_name":"Stormshield","article_modified_time":"2025-02-06T13:35:50+00:00","og_image":[{"width":204,"height":94,"url":"https:\/\/www.stormshield.com\/wp-content\/uploads\/stormshield_logo.png","type":"image\/png"}],"twitter_card":"summary_large_image","twitter_site":"@Stormshield","twitter_misc":{"Gesch\u00e4tzte Lesezeit":"4\u00a0Minuten"},"schema":{"@context":"https:\/\/schema.org","@graph":[{"@type":"WebPage","@id":"https:\/\/www.stormshield.com\/de\/unsere-unterstuetzung\/services\/schulung\/sns\/","url":"https:\/\/www.stormshield.com\/de\/unsere-unterstuetzung\/services\/schulung\/sns\/","name":"SNS- und Cybersecurity-Trainingskurse | Stormshield","isPartOf":{"@id":"https:\/\/www.stormshield.com\/de\/#website"},"datePublished":"2016-12-05T17:15:57+00:00","dateModified":"2025-02-06T13:35:50+00:00","description":"Lernen Sie die Feinheiten des Netzwerkschutzes mit den Schulungen von Stormshield kennen: Sie sind auf Ihre Bed\u00fcrfnisse und Ihren Gebrauch zugeschnitten.","breadcrumb":{"@id":"https:\/\/www.stormshield.com\/de\/unsere-unterstuetzung\/services\/schulung\/sns\/#breadcrumb"},"inLanguage":"de","potentialAction":[{"@type":"ReadAction","target":["https:\/\/www.stormshield.com\/de\/unsere-unterstuetzung\/services\/schulung\/sns\/"]}]},{"@type":"BreadcrumbList","@id":"https:\/\/www.stormshield.com\/de\/unsere-unterstuetzung\/services\/schulung\/sns\/#breadcrumb","itemListElement":[{"@type":"ListItem","position":1,"name":"Home","item":"https:\/\/www.stormshield.com\/de\/"},{"@type":"ListItem","position":2,"name":"Unsere Unterst\u00fctzung","item":"https:\/\/www.stormshield.com\/de\/unsere-unterstuetzung\/"},{"@type":"ListItem","position":3,"name":"Services","item":"https:\/\/www.stormshield.com\/de\/unsere-unterstuetzung\/services\/"},{"@type":"ListItem","position":4,"name":"Schulung","item":"https:\/\/www.stormshield.com\/de\/unsere-unterstuetzung\/services\/schulung\/"},{"@type":"ListItem","position":5,"name":"Stormshield Network Security"}]},{"@type":"WebSite","@id":"https:\/\/www.stormshield.com\/de\/#website","url":"https:\/\/www.stormshield.com\/de\/","name":"Stormshield","description":"Stormshield","potentialAction":[{"@type":"SearchAction","target":{"@type":"EntryPoint","urlTemplate":"https:\/\/www.stormshield.com\/de\/?s={search_term_string}"},"query-input":{"@type":"PropertyValueSpecification","valueRequired":true,"valueName":"search_term_string"}}],"inLanguage":"de"}]}},"_links":{"self":[{"href":"https:\/\/www.stormshield.com\/de\/wp-json\/wp\/v2\/pages\/21849","targetHints":{"allow":["GET"]}}],"collection":[{"href":"https:\/\/www.stormshield.com\/de\/wp-json\/wp\/v2\/pages"}],"about":[{"href":"https:\/\/www.stormshield.com\/de\/wp-json\/wp\/v2\/types\/page"}],"author":[{"embeddable":true,"href":"https:\/\/www.stormshield.com\/de\/wp-json\/wp\/v2\/users\/1"}],"replies":[{"embeddable":true,"href":"https:\/\/www.stormshield.com\/de\/wp-json\/wp\/v2\/comments?post=21849"}],"version-history":[{"count":49,"href":"https:\/\/www.stormshield.com\/de\/wp-json\/wp\/v2\/pages\/21849\/revisions"}],"predecessor-version":[{"id":609426,"href":"https:\/\/www.stormshield.com\/de\/wp-json\/wp\/v2\/pages\/21849\/revisions\/609426"}],"up":[{"embeddable":true,"href":"https:\/\/www.stormshield.com\/de\/wp-json\/wp\/v2\/pages\/10936"}],"wp:attachment":[{"href":"https:\/\/www.stormshield.com\/de\/wp-json\/wp\/v2\/media?parent=21849"}],"curies":[{"name":"wp","href":"https:\/\/api.w.org\/{rel}","templated":true}]}}