{"id":21594,"date":"2016-06-03T11:19:39","date_gmt":"2016-06-03T10:19:39","guid":{"rendered":"https:\/\/www.stormshield.com\/?page_id=21594\/"},"modified":"2023-02-17T11:30:31","modified_gmt":"2023-02-17T10:30:31","slug":"dokumentation","status":"publish","type":"page","link":"https:\/\/www.stormshield.com\/de\/dokumentation\/","title":{"rendered":"Dokumentation"},"content":{"rendered":"","protected":false},"excerpt":{"rendered":"","protected":false},"author":1,"featured_media":0,"parent":0,"menu_order":458,"comment_status":"closed","ping_status":"closed","template":"ressources-center.php","meta":{"_acf_changed":false,"footnotes":""},"class_list":["post-21594","page","type-page","status-publish","hentry"],"acf":[],"yoast_head":"<!-- This site is optimized with the Yoast SEO plugin v27.0 - https:\/\/yoast.com\/product\/yoast-seo-wordpress\/ -->\n<title>Dokumentationsressourcen | Stormshield<\/title>\n<meta name=\"description\" content=\"Produktbl\u00e4tter, Expertenmeinungen, Brosch\u00fcren, Wei\u00dfb\u00fccher: Hier finden Sie die gesamte Dokumentation von Stormshield nach Sicherheitstyp oder Produkt.\" \/>\n<meta name=\"robots\" content=\"index, follow, max-snippet:-1, max-image-preview:large, max-video-preview:-1\" \/>\n<link rel=\"canonical\" href=\"https:\/\/www.stormshield.com\/de\/dokumentation\/\" \/>\n<meta property=\"og:locale\" content=\"de_DE\" \/>\n<meta property=\"og:type\" content=\"article\" \/>\n<meta property=\"og:title\" content=\"Dokumentationsressourcen | Stormshield\" \/>\n<meta property=\"og:description\" content=\"Produktbl\u00e4tter, Expertenmeinungen, Brosch\u00fcren, Wei\u00dfb\u00fccher: Hier finden Sie die gesamte Dokumentation von Stormshield nach Sicherheitstyp oder Produkt.\" \/>\n<meta property=\"og:url\" content=\"https:\/\/www.stormshield.com\/de\/dokumentation\/\" \/>\n<meta property=\"og:site_name\" content=\"Stormshield\" \/>\n<meta property=\"article:modified_time\" content=\"2023-02-17T10:30:31+00:00\" \/>\n<meta property=\"og:image\" content=\"https:\/\/www.stormshield.com\/wp-content\/uploads\/stormshield_logo.png\" \/>\n\t<meta property=\"og:image:width\" content=\"204\" \/>\n\t<meta property=\"og:image:height\" content=\"94\" \/>\n\t<meta property=\"og:image:type\" content=\"image\/png\" \/>\n<meta name=\"twitter:card\" content=\"summary_large_image\" \/>\n<meta name=\"twitter:site\" content=\"@Stormshield\" \/>\n<script type=\"application\/ld+json\" class=\"yoast-schema-graph\">{\"@context\":\"https:\/\/schema.org\",\"@graph\":[{\"@type\":\"WebPage\",\"@id\":\"https:\/\/www.stormshield.com\/de\/dokumentation\/\",\"url\":\"https:\/\/www.stormshield.com\/de\/dokumentation\/\",\"name\":\"Dokumentationsressourcen | Stormshield\",\"isPartOf\":{\"@id\":\"https:\/\/www.stormshield.com\/de\/#website\"},\"datePublished\":\"2016-06-03T10:19:39+00:00\",\"dateModified\":\"2023-02-17T10:30:31+00:00\",\"description\":\"Produktbl\u00e4tter, Expertenmeinungen, Brosch\u00fcren, Wei\u00dfb\u00fccher: Hier finden Sie die gesamte Dokumentation von Stormshield nach Sicherheitstyp oder Produkt.\",\"breadcrumb\":{\"@id\":\"https:\/\/www.stormshield.com\/de\/dokumentation\/#breadcrumb\"},\"inLanguage\":\"de\",\"potentialAction\":[{\"@type\":\"ReadAction\",\"target\":[\"https:\/\/www.stormshield.com\/de\/dokumentation\/\"]}]},{\"@type\":\"BreadcrumbList\",\"@id\":\"https:\/\/www.stormshield.com\/de\/dokumentation\/#breadcrumb\",\"itemListElement\":[{\"@type\":\"ListItem\",\"position\":1,\"name\":\"Home\",\"item\":\"https:\/\/www.stormshield.com\/de\/\"},{\"@type\":\"ListItem\",\"position\":2,\"name\":\"Dokumentation\"}]},{\"@type\":\"WebSite\",\"@id\":\"https:\/\/www.stormshield.com\/de\/#website\",\"url\":\"https:\/\/www.stormshield.com\/de\/\",\"name\":\"Stormshield\",\"description\":\"Stormshield\",\"potentialAction\":[{\"@type\":\"SearchAction\",\"target\":{\"@type\":\"EntryPoint\",\"urlTemplate\":\"https:\/\/www.stormshield.com\/de\/?s={search_term_string}\"},\"query-input\":{\"@type\":\"PropertyValueSpecification\",\"valueRequired\":true,\"valueName\":\"search_term_string\"}}],\"inLanguage\":\"de\"}]}<\/script>\n<!-- \/ Yoast SEO plugin. -->","yoast_head_json":{"title":"Dokumentationsressourcen | Stormshield","description":"Produktbl\u00e4tter, Expertenmeinungen, Brosch\u00fcren, Wei\u00dfb\u00fccher: Hier finden Sie die gesamte Dokumentation von Stormshield nach Sicherheitstyp oder Produkt.","robots":{"index":"index","follow":"follow","max-snippet":"max-snippet:-1","max-image-preview":"max-image-preview:large","max-video-preview":"max-video-preview:-1"},"canonical":"https:\/\/www.stormshield.com\/de\/dokumentation\/","og_locale":"de_DE","og_type":"article","og_title":"Dokumentationsressourcen | Stormshield","og_description":"Produktbl\u00e4tter, Expertenmeinungen, Brosch\u00fcren, Wei\u00dfb\u00fccher: Hier finden Sie die gesamte Dokumentation von Stormshield nach Sicherheitstyp oder Produkt.","og_url":"https:\/\/www.stormshield.com\/de\/dokumentation\/","og_site_name":"Stormshield","article_modified_time":"2023-02-17T10:30:31+00:00","og_image":[{"width":204,"height":94,"url":"https:\/\/www.stormshield.com\/wp-content\/uploads\/stormshield_logo.png","type":"image\/png"}],"twitter_card":"summary_large_image","twitter_site":"@Stormshield","schema":{"@context":"https:\/\/schema.org","@graph":[{"@type":"WebPage","@id":"https:\/\/www.stormshield.com\/de\/dokumentation\/","url":"https:\/\/www.stormshield.com\/de\/dokumentation\/","name":"Dokumentationsressourcen | Stormshield","isPartOf":{"@id":"https:\/\/www.stormshield.com\/de\/#website"},"datePublished":"2016-06-03T10:19:39+00:00","dateModified":"2023-02-17T10:30:31+00:00","description":"Produktbl\u00e4tter, Expertenmeinungen, Brosch\u00fcren, Wei\u00dfb\u00fccher: Hier finden Sie die gesamte Dokumentation von Stormshield nach Sicherheitstyp oder Produkt.","breadcrumb":{"@id":"https:\/\/www.stormshield.com\/de\/dokumentation\/#breadcrumb"},"inLanguage":"de","potentialAction":[{"@type":"ReadAction","target":["https:\/\/www.stormshield.com\/de\/dokumentation\/"]}]},{"@type":"BreadcrumbList","@id":"https:\/\/www.stormshield.com\/de\/dokumentation\/#breadcrumb","itemListElement":[{"@type":"ListItem","position":1,"name":"Home","item":"https:\/\/www.stormshield.com\/de\/"},{"@type":"ListItem","position":2,"name":"Dokumentation"}]},{"@type":"WebSite","@id":"https:\/\/www.stormshield.com\/de\/#website","url":"https:\/\/www.stormshield.com\/de\/","name":"Stormshield","description":"Stormshield","potentialAction":[{"@type":"SearchAction","target":{"@type":"EntryPoint","urlTemplate":"https:\/\/www.stormshield.com\/de\/?s={search_term_string}"},"query-input":{"@type":"PropertyValueSpecification","valueRequired":true,"valueName":"search_term_string"}}],"inLanguage":"de"}]}},"_links":{"self":[{"href":"https:\/\/www.stormshield.com\/de\/wp-json\/wp\/v2\/pages\/21594","targetHints":{"allow":["GET"]}}],"collection":[{"href":"https:\/\/www.stormshield.com\/de\/wp-json\/wp\/v2\/pages"}],"about":[{"href":"https:\/\/www.stormshield.com\/de\/wp-json\/wp\/v2\/types\/page"}],"author":[{"embeddable":true,"href":"https:\/\/www.stormshield.com\/de\/wp-json\/wp\/v2\/users\/1"}],"replies":[{"embeddable":true,"href":"https:\/\/www.stormshield.com\/de\/wp-json\/wp\/v2\/comments?post=21594"}],"version-history":[{"count":3,"href":"https:\/\/www.stormshield.com\/de\/wp-json\/wp\/v2\/pages\/21594\/revisions"}],"predecessor-version":[{"id":24796,"href":"https:\/\/www.stormshield.com\/de\/wp-json\/wp\/v2\/pages\/21594\/revisions\/24796"}],"wp:attachment":[{"href":"https:\/\/www.stormshield.com\/de\/wp-json\/wp\/v2\/media?parent=21594"}],"curies":[{"name":"wp","href":"https:\/\/api.w.org\/{rel}","templated":true}]}}