{"id":195299,"date":"2020-08-21T09:38:19","date_gmt":"2020-08-21T08:38:19","guid":{"rendered":"https:\/\/www.stormshield.com\/produkte-und-services\/services\/schulung\/schulung-fuer-ot-umgebungen\/"},"modified":"2025-09-03T16:00:04","modified_gmt":"2025-09-03T15:00:04","slug":"schulung-fuer-ot-umgebungen","status":"publish","type":"page","link":"https:\/\/www.stormshield.com\/de\/unsere-unterstuetzung\/services\/schulung\/schulung-fuer-ot-umgebungen\/","title":{"rendered":"Schulung f\u00fcr OT-Umgebungen"},"content":{"rendered":"<div class=\"wpb-content-wrapper\"><p>[vc_row css_animation=\"\" row_type=\"row\" use_row_as_full_screen_section=\"no\" type=\"grid\" angled_section=\"no\" text_align=\"left\" background_image_as_pattern=\"without_pattern\" z_index=\"\" padding_top=\"50\" padding_bottom=\"50\"][vc_column][vc_empty_space][vc_column_text]<\/p>\n<h1 style=\"text-align: center;\"><span style=\"color: #00aaf5;\"><span style=\"font-weight: 900; font-size: 1.5em;\">OT-Schulungen: <\/span><\/span><span style=\"color: #00aaf5;\"><span style=\"font-weight: 300; font-size: 1.5em;\">netzwerksicherheit in operativen Umgebungen<\/span><\/span><\/h1>\n<p>[\/vc_column_text][vc_empty_space][\/vc_column][\/vc_row][vc_row css_animation=\"\" row_type=\"row\" use_row_as_full_screen_section=\"no\" type=\"grid\" angled_section=\"no\" text_align=\"left\" background_image_as_pattern=\"without_pattern\" z_index=\"\"][vc_column width=\"2\/3\"][vc_column_text]<span style=\"color: #000; font-size: 1.1em;\"><strong>Erfahren Sie, wie Sie unsere Produkte in operative und industrielle Umgebungen integrieren und konfigurieren k\u00f6nnen.<\/strong> Die Stormshield-Schulungen zum Netzwerkschutz sind auf Ihre operativen Anforderungen zugeschnitten und wurden modernisiert, um die besonderen Anforderungen des Industriesektors zu erf\u00fcllen. Werden Sie zum Experten f\u00fcr die Integration und Konfiguration der Produkte von Stormshield Network in operativen Architekturen (FSNOT) und erfahren Sie, wie Sie die speziellen Sicherheitsregeln f\u00fcr Industrieprotokolle umsetzen (CSNOT).<\/span>[\/vc_column_text][\/vc_column][vc_column width=\"1\/3\"][vc_single_image image=\"456835\" img_size=\"medium\" alignment=\"center\" qode_css_animation=\"\"][\/vc_column][\/vc_row][vc_row css_animation=\"\" row_type=\"row\" use_row_as_full_screen_section=\"no\" type=\"grid\" angled_section=\"no\" text_align=\"left\" background_image_as_pattern=\"without_pattern\" z_index=\"\" padding_bottom=\"50\" css=\".vc_custom_1699974777591{background-color: #ffffff !important;}\" padding_top=\"50\"][vc_column][vc_row_inner row_type=\"row\" type=\"full_width\" text_align=\"left\" css_animation=\"\" background_color=\"#f9f9f9\" css=\".vc_custom_1699973877944{padding-top: 32px !important;padding-right: 32px !important;padding-bottom: 32px !important;padding-left: 32px !important;}\"][vc_column_inner width=\"1\/2\"][vc_column_text css=\"\"]<\/p>\n<h2 style=\"text-align: left;\"><span style=\"color: #000; font-size: 1.2em; font-weight: 900;\">FCSNOT-Schulung: Werden sie zum Experten f\u00fcr Netzwerkschutz<\/span><\/h2>\n<p><span style=\"color: #000; font-size: 1.1em;\">In unserer Schulung \u201eFundamentals &amp; Certified Stormshield Network Operational Technology\u201c (FCSNOT) lernen Sie in zwei Tagen die gesamte Palette der Grundfunktionen des Produkts \u201eStormshield Network Security\u201c f\u00fcr den Einsatz in operativen Umgebungen kennen. Diese Schulung wird nicht einzeln angeboten, sondern muss mit einer anschlie\u00dfenden CSNOT-Schulung kombiniert werden.<\/span>[\/vc_column_text][vc_empty_space]<a  itemprop=\"url\" href=\"https:\/\/www.stormshield.com\/de\/ressourcescenter\/kurzbeschreibung-fcsnot-schulung\/\" target=\"_blank\" data-hover-background-color=\"#d23467\" data-hover-border-color=\"#ffffff\" class=\"qbutton  white enlarge\" style=\"border-color: #ffffff; background-color:#060051;\">FCSNOT<i class=\"qode_icon_font_awesome fa fa-angle-right qode_button_icon_element\"><\/i><\/a>[\/vc_column_inner][vc_column_inner width=\"1\/2\"][vc_column_text]<\/p>\n<h2 style=\"text-align: left;\"><span style=\"color: #000; font-size: 1.2em; font-weight: 900;\">CSNOT-Schulung: Werden sie zum Experten f\u00fcr OT-Netze<\/span><\/h2>\n<p><span style=\"color: #000; font-size: 1.1em;\">M\u00f6chten Sie erfahren, wie Sie Ihre industriellen Prozesse mit unseren Produkten sichern k\u00f6nnen? Dann ist unsere Schulung \u201eCertified Stormshield Network Operational Technology\u201c (CSNOT) genau das Richtige f\u00fcr Sie. Diese eint\u00e4gige Schulung setzt die CSNA-Zertifizierung oder die vorherige Teilnahme an der FSNOT-Schulung voraus.<\/span>[\/vc_column_text][vc_empty_space]<a  itemprop=\"url\" href=\"https:\/\/www.stormshield.com\/de\/ressourcescenter\/kurzbeschreibung-csnot-schulung\/\" target=\"_blank\" data-hover-background-color=\"#d23467\" data-hover-border-color=\"#ffffff\" class=\"qbutton  white enlarge\" style=\"border-color: #ffffff; background-color:#060051;\">CSNOT<i class=\"qode_icon_font_awesome fa fa-angle-right qode_button_icon_element\"><\/i><\/a>[\/vc_column_inner][\/vc_row_inner][\/vc_column][\/vc_row][vc_row css_animation=\"\" row_type=\"row\" use_row_as_full_screen_section=\"no\" type=\"grid\" angled_section=\"no\" text_align=\"left\" background_image_as_pattern=\"without_pattern\" z_index=\"\" padding_top=\"50\" padding_bottom=\"50\"][vc_column width=\"2\/3\"][vc_empty_space][vc_column_text]<\/p>\n<h2 style=\"text-align: left;\"><span style=\"color: #000; font-size: 1.2em; font-weight: 900;\">Rezertifizierungspakete<\/span><\/h2>\n<p><span style=\"color: #000; font-size: 1.1em;\">Wie bei jeder guten Software ist sp\u00e4testens drei Jahre nach Ihrer Zertifizierung ein Update Ihrer Netzwerk-\/Sicherheitsexpertise erforderlich. Nutzen Sie daf\u00fcr unsere Online-Rezertifizierungspakete, mit denen Sie Ihre Zertifizierung f\u00fcr 3 weitere Jahre verl\u00e4ngern k\u00f6nnen.<\/span>[\/vc_column_text][vc_empty_space]<a  itemprop=\"url\" href=\"https:\/\/www.stormshield.com\/de\/kontakt\/anfrage-zu-schulungen\/\" target=\"_blank\" data-hover-background-color=\"#d23467\" data-hover-border-color=\"#ffffff\" class=\"qbutton  white enlarge\" style=\"border-color: #ffffff; background-color:#060051;\">Kontakt<i class=\"qode_icon_font_awesome fa fa-angle-right qode_button_icon_element\"><\/i><\/a>[vc_empty_space][\/vc_column][vc_column width=\"1\/3\" css=\".vc_custom_1699970948115{padding-right: 12px !important;padding-left: 12px !important;background-color: #f9f9f9 !important;}\"][vc_column_text]<\/p>\n<h2 style=\"text-align: left;\"><span style=\"color: #000; font-size: 1.2em; font-weight: 900;\">Kalender<\/span><\/h2>\n<p><span style=\"color: #000; font-size: 1.1em;\">M\u00f6chten Sie erfahren, wann unsere Schulungen zur Netzwerksicherheit stattfinden?<\/span>[\/vc_column_text][vc_empty_space]<a  itemprop=\"url\" href=\"https:\/\/www.stormshield.com\/de\/unsere-unterstuetzung\/services\/schulung\/schulungskalender\/\" target=\"_blank\" data-hover-background-color=\"#d23467\" data-hover-border-color=\"#ffffff\" class=\"qbutton  white enlarge\" style=\"border-color: #ffffff; background-color:#060051;\">Kalender<i class=\"qode_icon_font_awesome fa fa-angle-right qode_button_icon_element\"><\/i><\/a>[vc_empty_space][\/vc_column][\/vc_row]<\/p>\n<\/div>","protected":false},"excerpt":{"rendered":"<p>[vc_row css_animation=&#8220;&#8220; row_type=&#8220;row&#8220; use_row_as_full_screen_section=&#8220;no&#8220; type=&#8220;grid&#8220; angled_section=&#8220;no&#8220; text_align=&#8220;left&#8220; background_image_as_pattern=&#8220;without_pattern&#8220; z_index=&#8220;&#8220; padding_top=&#8220;50&#8243; padding_bottom=&#8220;50&#8243;][vc_column][vc_empty_space][vc_column_text] OT-Schulungen: netzwerksicherheit in operativen Umgebungen [\/vc_column_text][vc_empty_space][\/vc_column][\/vc_row][vc_row css_animation=&#8220;&#8220; row_type=&#8220;row&#8220; use_row_as_full_screen_section=&#8220;no&#8220; type=&#8220;grid&#8220; angled_section=&#8220;no&#8220; text_align=&#8220;left&#8220; background_image_as_pattern=&#8220;without_pattern&#8220; z_index=&#8220;&#8220;][vc_column width=&#8220;2\/3&#8243;][vc_column_text]Erfahren Sie, wie Sie unsere Produkte in operative und industrielle Umgebungen integrieren und konfigurieren k\u00f6nnen. Die Stormshield-Schulungen zum Netzwerkschutz sind&#8230;<\/p>\n","protected":false},"author":31,"featured_media":0,"parent":10936,"menu_order":291,"comment_status":"closed","ping_status":"closed","template":"full_width.php","meta":{"_acf_changed":false,"footnotes":""},"class_list":["post-195299","page","type-page","status-publish","hentry"],"acf":[],"yoast_head":"<!-- This site is optimized with the Yoast SEO plugin v27.3 - https:\/\/yoast.com\/product\/yoast-seo-wordpress\/ -->\n<title>Cybersicherheit : OT-Trainingskurse | Stormshield<\/title>\n<meta name=\"description\" content=\"Netzwerksicherheit in einer betrieblichen Umgebung: Lernen Sie, Stormshield-Produkte in betriebliche und industrielle Architekturen zu integrieren und zu konfigurieren.\" \/>\n<meta name=\"robots\" content=\"index, follow, max-snippet:-1, max-image-preview:large, max-video-preview:-1\" \/>\n<link rel=\"canonical\" href=\"https:\/\/www.stormshield.com\/de\/unsere-unterstuetzung\/services\/schulung\/schulung-fuer-ot-umgebungen\/\" \/>\n<meta property=\"og:locale\" content=\"de_DE\" \/>\n<meta property=\"og:type\" content=\"article\" \/>\n<meta property=\"og:title\" content=\"Cybersicherheit : OT-Trainingskurse | Stormshield\" \/>\n<meta property=\"og:description\" content=\"Netzwerksicherheit in einer betrieblichen Umgebung: Lernen Sie, Stormshield-Produkte in betriebliche und industrielle Architekturen zu integrieren und zu konfigurieren.\" \/>\n<meta property=\"og:url\" content=\"https:\/\/www.stormshield.com\/de\/unsere-unterstuetzung\/services\/schulung\/schulung-fuer-ot-umgebungen\/\" \/>\n<meta property=\"og:site_name\" content=\"Stormshield\" \/>\n<meta property=\"article:modified_time\" content=\"2025-09-03T15:00:04+00:00\" \/>\n<meta property=\"og:image\" content=\"https:\/\/www.stormshield.com\/wp-content\/uploads\/stormshield_logo.png\" \/>\n\t<meta property=\"og:image:width\" content=\"204\" \/>\n\t<meta property=\"og:image:height\" content=\"94\" \/>\n\t<meta property=\"og:image:type\" content=\"image\/png\" \/>\n<meta name=\"twitter:card\" content=\"summary_large_image\" \/>\n<meta name=\"twitter:site\" content=\"@Stormshield\" \/>\n<meta name=\"twitter:label1\" content=\"Gesch\u00e4tzte Lesezeit\" \/>\n\t<meta name=\"twitter:data1\" content=\"2\u00a0Minuten\" \/>\n<script type=\"application\/ld+json\" class=\"yoast-schema-graph\">{\"@context\":\"https:\\\/\\\/schema.org\",\"@graph\":[{\"@type\":\"WebPage\",\"@id\":\"https:\\\/\\\/www.stormshield.com\\\/de\\\/unsere-unterstuetzung\\\/services\\\/schulung\\\/schulung-fuer-ot-umgebungen\\\/\",\"url\":\"https:\\\/\\\/www.stormshield.com\\\/de\\\/unsere-unterstuetzung\\\/services\\\/schulung\\\/schulung-fuer-ot-umgebungen\\\/\",\"name\":\"Cybersicherheit : OT-Trainingskurse | Stormshield\",\"isPartOf\":{\"@id\":\"https:\\\/\\\/www.stormshield.com\\\/de\\\/#website\"},\"datePublished\":\"2020-08-21T08:38:19+00:00\",\"dateModified\":\"2025-09-03T15:00:04+00:00\",\"description\":\"Netzwerksicherheit in einer betrieblichen Umgebung: Lernen Sie, Stormshield-Produkte in betriebliche und industrielle Architekturen zu integrieren und zu konfigurieren.\",\"breadcrumb\":{\"@id\":\"https:\\\/\\\/www.stormshield.com\\\/de\\\/unsere-unterstuetzung\\\/services\\\/schulung\\\/schulung-fuer-ot-umgebungen\\\/#breadcrumb\"},\"inLanguage\":\"de\",\"potentialAction\":[{\"@type\":\"ReadAction\",\"target\":[\"https:\\\/\\\/www.stormshield.com\\\/de\\\/unsere-unterstuetzung\\\/services\\\/schulung\\\/schulung-fuer-ot-umgebungen\\\/\"]}]},{\"@type\":\"BreadcrumbList\",\"@id\":\"https:\\\/\\\/www.stormshield.com\\\/de\\\/unsere-unterstuetzung\\\/services\\\/schulung\\\/schulung-fuer-ot-umgebungen\\\/#breadcrumb\",\"itemListElement\":[{\"@type\":\"ListItem\",\"position\":1,\"name\":\"Home\",\"item\":\"https:\\\/\\\/www.stormshield.com\\\/de\\\/\"},{\"@type\":\"ListItem\",\"position\":2,\"name\":\"Unsere Unterst\u00fctzung\",\"item\":\"https:\\\/\\\/www.stormshield.com\\\/de\\\/unsere-unterstuetzung\\\/\"},{\"@type\":\"ListItem\",\"position\":3,\"name\":\"Services\",\"item\":\"https:\\\/\\\/www.stormshield.com\\\/de\\\/unsere-unterstuetzung\\\/services\\\/\"},{\"@type\":\"ListItem\",\"position\":4,\"name\":\"Schulung\",\"item\":\"https:\\\/\\\/www.stormshield.com\\\/de\\\/unsere-unterstuetzung\\\/services\\\/schulung\\\/\"},{\"@type\":\"ListItem\",\"position\":5,\"name\":\"Schulung f\u00fcr OT-Umgebungen\"}]},{\"@type\":\"WebSite\",\"@id\":\"https:\\\/\\\/www.stormshield.com\\\/de\\\/#website\",\"url\":\"https:\\\/\\\/www.stormshield.com\\\/de\\\/\",\"name\":\"Stormshield\",\"description\":\"Stormshield\",\"potentialAction\":[{\"@type\":\"SearchAction\",\"target\":{\"@type\":\"EntryPoint\",\"urlTemplate\":\"https:\\\/\\\/www.stormshield.com\\\/de\\\/?s={search_term_string}\"},\"query-input\":{\"@type\":\"PropertyValueSpecification\",\"valueRequired\":true,\"valueName\":\"search_term_string\"}}],\"inLanguage\":\"de\"}]}<\/script>\n<!-- \/ Yoast SEO plugin. -->","yoast_head_json":{"title":"Cybersicherheit : OT-Trainingskurse | Stormshield","description":"Netzwerksicherheit in einer betrieblichen Umgebung: Lernen Sie, Stormshield-Produkte in betriebliche und industrielle Architekturen zu integrieren und zu konfigurieren.","robots":{"index":"index","follow":"follow","max-snippet":"max-snippet:-1","max-image-preview":"max-image-preview:large","max-video-preview":"max-video-preview:-1"},"canonical":"https:\/\/www.stormshield.com\/de\/unsere-unterstuetzung\/services\/schulung\/schulung-fuer-ot-umgebungen\/","og_locale":"de_DE","og_type":"article","og_title":"Cybersicherheit : OT-Trainingskurse | Stormshield","og_description":"Netzwerksicherheit in einer betrieblichen Umgebung: Lernen Sie, Stormshield-Produkte in betriebliche und industrielle Architekturen zu integrieren und zu konfigurieren.","og_url":"https:\/\/www.stormshield.com\/de\/unsere-unterstuetzung\/services\/schulung\/schulung-fuer-ot-umgebungen\/","og_site_name":"Stormshield","article_modified_time":"2025-09-03T15:00:04+00:00","og_image":[{"width":204,"height":94,"url":"https:\/\/www.stormshield.com\/wp-content\/uploads\/stormshield_logo.png","type":"image\/png"}],"twitter_card":"summary_large_image","twitter_site":"@Stormshield","twitter_misc":{"Gesch\u00e4tzte Lesezeit":"2\u00a0Minuten"},"schema":{"@context":"https:\/\/schema.org","@graph":[{"@type":"WebPage","@id":"https:\/\/www.stormshield.com\/de\/unsere-unterstuetzung\/services\/schulung\/schulung-fuer-ot-umgebungen\/","url":"https:\/\/www.stormshield.com\/de\/unsere-unterstuetzung\/services\/schulung\/schulung-fuer-ot-umgebungen\/","name":"Cybersicherheit : OT-Trainingskurse | Stormshield","isPartOf":{"@id":"https:\/\/www.stormshield.com\/de\/#website"},"datePublished":"2020-08-21T08:38:19+00:00","dateModified":"2025-09-03T15:00:04+00:00","description":"Netzwerksicherheit in einer betrieblichen Umgebung: Lernen Sie, Stormshield-Produkte in betriebliche und industrielle Architekturen zu integrieren und zu konfigurieren.","breadcrumb":{"@id":"https:\/\/www.stormshield.com\/de\/unsere-unterstuetzung\/services\/schulung\/schulung-fuer-ot-umgebungen\/#breadcrumb"},"inLanguage":"de","potentialAction":[{"@type":"ReadAction","target":["https:\/\/www.stormshield.com\/de\/unsere-unterstuetzung\/services\/schulung\/schulung-fuer-ot-umgebungen\/"]}]},{"@type":"BreadcrumbList","@id":"https:\/\/www.stormshield.com\/de\/unsere-unterstuetzung\/services\/schulung\/schulung-fuer-ot-umgebungen\/#breadcrumb","itemListElement":[{"@type":"ListItem","position":1,"name":"Home","item":"https:\/\/www.stormshield.com\/de\/"},{"@type":"ListItem","position":2,"name":"Unsere Unterst\u00fctzung","item":"https:\/\/www.stormshield.com\/de\/unsere-unterstuetzung\/"},{"@type":"ListItem","position":3,"name":"Services","item":"https:\/\/www.stormshield.com\/de\/unsere-unterstuetzung\/services\/"},{"@type":"ListItem","position":4,"name":"Schulung","item":"https:\/\/www.stormshield.com\/de\/unsere-unterstuetzung\/services\/schulung\/"},{"@type":"ListItem","position":5,"name":"Schulung f\u00fcr OT-Umgebungen"}]},{"@type":"WebSite","@id":"https:\/\/www.stormshield.com\/de\/#website","url":"https:\/\/www.stormshield.com\/de\/","name":"Stormshield","description":"Stormshield","potentialAction":[{"@type":"SearchAction","target":{"@type":"EntryPoint","urlTemplate":"https:\/\/www.stormshield.com\/de\/?s={search_term_string}"},"query-input":{"@type":"PropertyValueSpecification","valueRequired":true,"valueName":"search_term_string"}}],"inLanguage":"de"}]}},"_links":{"self":[{"href":"https:\/\/www.stormshield.com\/de\/wp-json\/wp\/v2\/pages\/195299","targetHints":{"allow":["GET"]}}],"collection":[{"href":"https:\/\/www.stormshield.com\/de\/wp-json\/wp\/v2\/pages"}],"about":[{"href":"https:\/\/www.stormshield.com\/de\/wp-json\/wp\/v2\/types\/page"}],"author":[{"embeddable":true,"href":"https:\/\/www.stormshield.com\/de\/wp-json\/wp\/v2\/users\/31"}],"replies":[{"embeddable":true,"href":"https:\/\/www.stormshield.com\/de\/wp-json\/wp\/v2\/comments?post=195299"}],"version-history":[{"count":12,"href":"https:\/\/www.stormshield.com\/de\/wp-json\/wp\/v2\/pages\/195299\/revisions"}],"predecessor-version":[{"id":232764,"href":"https:\/\/www.stormshield.com\/de\/wp-json\/wp\/v2\/pages\/195299\/revisions\/232764"}],"up":[{"embeddable":true,"href":"https:\/\/www.stormshield.com\/de\/wp-json\/wp\/v2\/pages\/10936"}],"wp:attachment":[{"href":"https:\/\/www.stormshield.com\/de\/wp-json\/wp\/v2\/media?parent=195299"}],"curies":[{"name":"wp","href":"https:\/\/api.w.org\/{rel}","templated":true}]}}