{"id":11117,"date":"2016-06-03T11:31:49","date_gmt":"2016-06-03T10:31:49","guid":{"rendered":"https:\/\/www.stormshield.com\/de\/?page_id=11117"},"modified":"2024-11-13T10:01:09","modified_gmt":"2024-11-13T09:01:09","slug":"services-anbieter","status":"publish","type":"page","link":"https:\/\/www.stormshield.com\/de\/produkte-und-services\/branche\/services-anbieter\/","title":{"rendered":"Services-Anbieter"},"content":{"rendered":"<div class=\"wpb-content-wrapper\"><p>[vc_row css_animation=\"\" row_type=\"row\" use_row_as_full_screen_section=\"no\" type=\"grid\" angled_section=\"no\" text_align=\"left\" background_image_as_pattern=\"without_pattern\" z_index=\"\" padding_top=\"50\" padding_bottom=\"50\"][vc_column][vc_empty_space][vc_column_text css=\"\"]<\/p>\n<h1 style=\"text-align: center;\"><span style=\"color: #00aaf5;\"><span style=\"font-weight: 900; font-size: 1.5em;\">Services-Anbieter:<\/span><\/span><span style=\"color: #00aaf5;\"><span style=\"font-weight: 300; font-size: 1.5em;\"> vereinfachte Verwaltung von Ger\u00e4teparks und mehr Effizienz der betrieblichen Abl\u00e4ufe<\/span><\/span><\/h1>\n<p>[\/vc_column_text][vc_empty_space][\/vc_column][\/vc_row][vc_row css_animation=\"\" row_type=\"row\" use_row_as_full_screen_section=\"no\" type=\"grid\" angled_section=\"no\" text_align=\"left\" background_image_as_pattern=\"without_pattern\" z_index=\"\" padding_top=\"50\" padding_bottom=\"50\"][vc_column][vc_row_inner row_type=\"row\" type=\"full_width\" text_align=\"left\" css_animation=\"\"][vc_column_inner width=\"2\/3\"][vc_column_text css=\"\"]<span style=\"color: #000; font-size: 1.1em;\"><strong>Netzbetreiber m\u00fcssen bei den Kunden, f\u00fcr die sie die IT-Systeme verwalten, eine zentrale Verwaltung der installierten Sicherheitsausr\u00fcstungen sicherstellen.<\/strong> Stormshield bietet Ihnen eine vollst\u00e4ndige L\u00f6sung und komplette Serie von Funktionen f\u00fcr die Netzwerksicherheit in einer einzigen L\u00f6sung f\u00fcr alle Ihre Anlagen und Ger\u00e4te zur Senkung der Betriebskosten.<\/span>[\/vc_column_text][vc_empty_space][\/vc_column_inner][vc_column_inner width=\"1\/3\"][vc_single_image image=\"456290\" alignment=\"center\" css=\"\" qode_css_animation=\"\" qode_hover_animation=\"zoom_in\"][\/vc_column_inner][\/vc_row_inner][\/vc_column][\/vc_row][vc_row css_animation=\"\" row_type=\"row\" use_row_as_full_screen_section=\"no\" type=\"grid\" angled_section=\"no\" text_align=\"left\" background_image_as_pattern=\"without_pattern\" z_index=\"\" padding_bottom=\"50\" el_class=\"fond_gris\" padding_top=\"50\"][vc_column][vc_row_inner row_type=\"row\" type=\"full_width\" text_align=\"left\" css_animation=\"\"][vc_column_inner width=\"2\/3\"][vc_column_text css=\"\"]<\/p>\n<h2><span style=\"color: #000; font-size: 1.2em; font-weight: 900;\">Senkung der betriebskosten<\/span><\/h2>\n<p><span style=\"color: #000; font-size: 1.1em;\"><strong>Wie reduzieren Sie die Aufgaben f\u00fcr den Einsatz von Technikern vor Ort auf ein striktes Minimum?<\/strong> Mit unseren Stormshield Network Security-L\u00f6sungen (<strong>SNS<\/strong>) ist dies m\u00f6glich, indem alle Konfigurations- und Wartungsvorg\u00e4nge aus der Leitzentrale vorgenommen werden. Unsere Tools zur \u00dcberwachung und automatischen Beobachtung sind intuitiv, benutzerfreundlich und lassen sich einfach an Ihre Prozesse anpassen. Sie erstellen damit Nutzungsberichte, Berichte zu Service Level Agreements oder Sicherheitsberichte. Sobald OEM-L\u00f6sungen bereitgestellt wurden, bieten die \u00dcberwachungsfunktionen die \u00dcberwachung der IT-Systeme in Echtzeit und erm\u00f6glichen Ihnen einen laufenden \u00dcberblick \u00fcber alle bei Ihren Kunden verwalteten IT-Systeme.<\/span><\/p>\n<p><span style=\"color: #000; font-size: 1.1em;\"><strong>Die Managementtools von Stormshield erm\u00f6glichen Ihnen Eingriffe in allen Sicherheitsbereichen (Firewall, Einbruchsvorbeugung, VPN IPSec, SSL, Antivirus und Antispam, URL-Filterung usw.) \u00fcber eine einzige, zentrale Konsole.<\/strong> Die Konsole kann \u00fcber die Befehlsschnittstelle direkt an Ihre Verfahren angepasst werden, sodass alle Vorg\u00e4nge via Fernsteuerung durchgef\u00fchrt werden k\u00f6nnen. Durch die Optionen der Hochverf\u00fcgbarkeit und der Festplattenredundanz wird die installierte L\u00f6sung zus\u00e4tzlich stabiler gemacht.<\/span>[\/vc_column_text][vc_empty_space]<a  itemprop=\"url\" href=\"https:\/\/www.stormshield.com\/de\/produkte-und-services\/produkte\/netzwerksicherheit\/\" target=\"_blank\" data-hover-background-color=\"#d23467\" data-hover-border-color=\"#d23467\" class=\"qbutton  white enlarge\" style=\"border-color: #ffffff; background-color:#060051;\">Stormshield Network Security<i class=\"qode_icon_font_awesome fa fa-angle-right qode_button_icon_element\"><\/i><\/a>[vc_empty_space][\/vc_column_inner][vc_column_inner width=\"1\/3\"][vc_empty_space][vc_single_image image=\"497912\" img_size=\"large\" alignment=\"center\" onclick=\"custom_link\" img_link_target=\"_blank\" css=\"\" qode_css_animation=\"\" qode_hover_animation=\"zoom_in\" link=\"https:\/\/www.stormshield.com\/de\/produkte-und-services\/produkte\/netzwerksicherheit\/unsere-firewalls-sns\/\"][vc_empty_space height=\"12px\"][vc_single_image image=\"397301\" img_size=\"large\" alignment=\"center\" onclick=\"custom_link\" img_link_target=\"_blank\" css=\"\" qode_css_animation=\"\" qode_hover_animation=\"zoom_in\" link=\"https:\/\/www.stormshield.com\/de\/produkte-und-services\/produkte\/netzwerksicherheit\/unsere-firewalls-sns\/\"][\/vc_column_inner][\/vc_row_inner][\/vc_column][\/vc_row][vc_row css_animation=\"\" row_type=\"row\" use_row_as_full_screen_section=\"no\" type=\"grid\" angled_section=\"no\" text_align=\"left\" background_image_as_pattern=\"without_pattern\" z_index=\"\" padding_top=\"50\" padding_bottom=\"50\"][vc_column][vc_row_inner row_type=\"row\" type=\"full_width\" text_align=\"left\" css_animation=\"\"][vc_column_inner width=\"2\/3\"][vc_column_text css=\"\"]<\/p>\n<h2><span style=\"color: #000; font-size: 1.2em; font-weight: 900;\">Einfache Netzwerkadministration<\/span><\/h2>\n<p><span style=\"color: #000; font-size: 1.1em;\"><strong>Die Entwicklung der IT Infrastruktur und die Trennung von entfernten Netzwerken bringen neue Herausforderungen f\u00fcr operationelle Teams hervor.<\/strong> Die daraus folgende gr\u00f6\u00dfere Anzahl von Sicherheitseinrichtungen f\u00fcr entfernte Netzwerke kann zu einer wesentlichen Steigerung der administrativen Aufgaben f\u00fchren. Externe Standorte verf\u00fcgen nicht immer \u00fcber eigene IT-Fachleute. Sie ben\u00f6tigen daher eine L\u00f6sung mit zentraler Administration, um die Verwaltung der IT-Systeme zu vereinfachen und eine einfache und automatische Aktualisierung von autonomen Produkten zu erm\u00f6glichen.<\/span><\/p>\n<p><span style=\"color: #000; font-size: 1.1em;\">Die von Stormshield Management Center (<strong>SMC<\/strong>) angebotene zentrale Administration erm\u00f6glicht Ihnen:<\/span><\/p>\n<ul>\n<li><span style=\"color: #000; font-size: 1.1em;\">das Delegieren von Berechtigungen und die Rolle des Administrators, die sich mit den IT-Systemen Ihrer Kunden besch\u00e4ftigen.<br \/>\n<\/span><\/li>\n<li><span style=\"color: #000; font-size: 1.1em;\">die Visualisierung aller von diesen Administratoren durchgef\u00fchrten Ver\u00e4nderungen mithilfe von Ereignisjournalen und Berichten.<br \/>\n<\/span><\/li>\n<li><span style=\"color: #000; font-size: 1.1em;\">einen laufend aktualisierten Status von Alarmen, Verbindungen und Informationen \u00fcber die Bandbreite an jedem Standort.<\/span><\/li>\n<\/ul>\n<p><span style=\"color: #000; font-size: 1.1em;\">Die Aktualisierung von Stormshield-Appliances erfolgt im Wesentlichen automatisch. Die Datenbanken von Angriffs-Signaturen, Antivirus-Datenbanken, Antispam-Regeln und Verzeichnisse von URLs werden von den Stormshield-Servern oder Spiegel-Servern, die in Ihrer Infrastruktur integriert sind, automatisch abgerufen.<\/span>[\/vc_column_text][vc_empty_space]<a  itemprop=\"url\" href=\"https:\/\/www.stormshield.com\/de\/produkte-und-services\/produkte\/netzwerksicherheit\/verwaltungstools-fuer-sns-firewalls\/stormshield-management-center\/\" target=\"_blank\" data-hover-background-color=\"#d23467\" data-hover-border-color=\"#d23467\" class=\"qbutton  white enlarge\" style=\"border-color: #ffffff; background-color:#060051;\">Stormshield Management Center<i class=\"qode_icon_font_awesome fa fa-angle-right qode_button_icon_element\"><\/i><\/a>[\/vc_column_inner][vc_column_inner width=\"1\/3\"][vc_empty_space][vc_single_image image=\"438399\" img_size=\"large\" alignment=\"center\" onclick=\"custom_link\" img_link_target=\"_blank\" css=\"\" qode_css_animation=\"\" qode_hover_animation=\"zoom_in\" link=\"https:\/\/www.stormshield.com\/de\/produkte-und-services\/produkte\/netzwerksicherheit\/verwaltungstools-fuer-sns-firewalls\/stormshield-management-center\/\"][\/vc_column_inner][\/vc_row_inner][\/vc_column][\/vc_row][vc_row css_animation=\"\" row_type=\"row\" use_row_as_full_screen_section=\"no\" type=\"grid\" angled_section=\"no\" text_align=\"left\" background_image_as_pattern=\"without_pattern\" z_index=\"\" padding_top=\"50\" padding_bottom=\"50\"][vc_column][vc_row_inner row_type=\"row\" type=\"full_width\" text_align=\"left\" css_animation=\"\" css=\".vc_custom_1714028421773{padding-top: 32px !important;padding-right: 32px !important;padding-bottom: 32px !important;padding-left: 32px !important;background-color: #f9f9f9 !important;}\"][vc_column_inner][vc_column_text css=\"\"]<\/p>\n<h2><span style=\"color: #000; font-size: 1.2em; font-weight: 900;\">Integrierte Funktionen<\/span><\/h2>\n<p><span style=\"color: #000; font-size: 1.1em;\">Vereinfachen Sie die Verwaltung Ihrer Angebote mit unserer multifunktionellen Stormshield Network Security-Firewall (<strong>SNS<\/strong>) und bieten Sie eine umfassende Sicherheitsl\u00f6sung an: Firewall, Engine f\u00fcr die Verhinderung von Eindringversuche (IPS), Web-Filtermodul, Anti Spam, Antivirus, IPsec-Anbindungsfunktionen, umfassende VPN SSL-L\u00f6sung und mehr.<\/span><\/p>\n<p><span style=\"color: #000; font-size: 1.1em;\"><strong>Mit Stormshield Network Security k\u00f6nnen Sie alle Sicherheitsanforderungen Ihrer Kunden mithilfe eines einzigen Systemangebots abdecken.<\/strong><\/span>[\/vc_column_text][vc_empty_space][\/vc_column_inner][\/vc_row_inner][\/vc_column][\/vc_row][vc_row css_animation=\"\" row_type=\"row\" use_row_as_full_screen_section=\"no\" type=\"grid\" angled_section=\"no\" text_align=\"left\" background_image_as_pattern=\"without_pattern\" z_index=\"\" padding_top=\"50\" padding_bottom=\"50\"][vc_column][vc_row_inner row_type=\"row\" type=\"full_width\" text_align=\"left\" css_animation=\"\"][vc_column_inner][vc_column_text css=\"\"]<\/p>\n<h2><span style=\"color: #000; font-size: 1.2em; font-weight: 900;\">Angebot von Kundenspezifischen on-demand-services<\/span><\/h2>\n<p><span style=\"color: #000; font-size: 1.1em;\">F\u00fcr eine massive Bereitstellung von L\u00f6sungen ben\u00f6tigen Anbieter von Managed Services im Rahmen von \u201egenerischen\u201c Konfigurationen die M\u00f6glichkeit, wiederholt einfache Funktionalit\u00e4ten zu implementieren. Manchmal ist es auch erforderlich, Services \u201eon demand\u201c f\u00fcr spezifische Konfigurationen zu aktivieren und in bestimmten F\u00e4llen besondere Angebote f\u00fcr alle Management services auszuarbeiten, beispielsweise \u00dcberwachung, Verwaltung von Updates, Lizenzen, zentrale Administration und Berichterstellung.<\/span><\/p>\n<p><span style=\"color: #000; font-size: 1.1em;\"><strong>Stormshield bietet Ihnen mit seinen L\u00f6sungen einen Rahmen f\u00fcr Konfigurationen, sodass Sie Ihre Angebote kundenspezifisch entwickeln und ein Produkt erstellen k\u00f6nnen, das genau auf bestimmte Anforderungen ausgerichtet ist. Durch die breite Abdeckung von Funktionen haben Sie auch die M\u00f6glichkeit, Services f\u00fcr Ihre Kunden auf Anfrage zu aktivieren.<\/strong> Spezifische Services unterst\u00fctzen Sie bei der Verwaltung des gesamten Systemparks, dem Einsatz von Managementtools sowie bei der \u00dcbernahme von Aufgaben des Berichtswesens und der \u00dcberwachung.<\/span>[\/vc_column_text][vc_empty_space][\/vc_column_inner][\/vc_row_inner][\/vc_column][\/vc_row][vc_row css_animation=\"\" row_type=\"row\" use_row_as_full_screen_section=\"no\" type=\"grid\" angled_section=\"no\" text_align=\"left\" background_image_as_pattern=\"without_pattern\" z_index=\"\" background_color=\"#060051\" padding_top=\"100\" padding_bottom=\"100\"][vc_column][vc_row_inner row_type=\"row\" type=\"full_width\" text_align=\"left\" css_animation=\"\"][vc_column_inner][vc_column_text css=\"\"]<\/p>\n<h2><span style=\"color: #ffffff; font-size: 1.2em; font-weight: 900;\">Support your sales force<\/span><\/h2>\n<p><span style=\"color: #ffffff; font-size: 1.1em;\"><strong>Sie m\u00f6chten Ihr kaufm\u00e4nnisches Angebot erarbeiten, Ihr Vertriebsteam motivieren und den Verkaufsprozess vereinfachen.<\/strong> Die Unterst\u00fctzung des Herstellers ist ein Schl\u00fcsselelement f\u00fcr die Konzentration auf die besonderen Vorteile Ihrer Angebote. Die Schulung von Vertriebsteams und der Verkaufsberater sowie die Dokumentation und die Vertriebstools m\u00fcssen genau auf Ihre Bed\u00fcrfnisse abgestimmt sein. Mithilfe unserer Teams und Services f\u00fcr Netzbetreiber und MSSP stellen wir Ihnen unsere Erfahrungen zur Verf\u00fcgung, um den Erfolg Ihrer Projekte zu gew\u00e4hrleisten. Greifen Sie online auf eine vereinfachte Dokumentation \u00fcber abgesicherte R\u00e4ume zu und nutzen Sie unsere Online-Pr\u00e4sentatoren, um Ihre Kunden mit der Benutzeroberfl\u00e4che unserer L\u00f6sungen vertraut zu machen.<\/span>[\/vc_column_text][vc_empty_space]<a  itemprop=\"url\" href=\"https:\/\/www.stormshield.com\/de\/kontakt\/anfrage-an-den-vertrieb\/\" target=\"_blank\" data-hover-background-color=\"#d23467\" data-hover-border-color=\"#d23467\" class=\"qbutton  white enlarge\" style=\"border-color: #ffffff; background-color:#00aeef;\">Kontakt zu Stormshield-teams<i class=\"qode_icon_font_awesome fa fa-angle-right qode_button_icon_element\"><\/i><\/a>[vc_empty_space][\/vc_column_inner][\/vc_row_inner][\/vc_column][\/vc_row]<\/p>\n<\/div>","protected":false},"excerpt":{"rendered":"<p>[vc_row css_animation=&#8220;&#8220; row_type=&#8220;row&#8220; use_row_as_full_screen_section=&#8220;no&#8220; type=&#8220;grid&#8220; angled_section=&#8220;no&#8220; text_align=&#8220;left&#8220; background_image_as_pattern=&#8220;without_pattern&#8220; z_index=&#8220;&#8220; padding_top=&#8220;50&#8243; padding_bottom=&#8220;50&#8243;][vc_column][vc_empty_space][vc_column_text css=&#8220;&#8220;] Services-Anbieter: vereinfachte Verwaltung von Ger\u00e4teparks und mehr Effizienz der betrieblichen Abl\u00e4ufe [\/vc_column_text][vc_empty_space][\/vc_column][\/vc_row][vc_row css_animation=&#8220;&#8220; row_type=&#8220;row&#8220; use_row_as_full_screen_section=&#8220;no&#8220; type=&#8220;grid&#8220; angled_section=&#8220;no&#8220; text_align=&#8220;left&#8220; background_image_as_pattern=&#8220;without_pattern&#8220; z_index=&#8220;&#8220; padding_top=&#8220;50&#8243; padding_bottom=&#8220;50&#8243;][vc_column][vc_row_inner row_type=&#8220;row&#8220; type=&#8220;full_width&#8220; text_align=&#8220;left&#8220; css_animation=&#8220;&#8220;][vc_column_inner width=&#8220;2\/3&#8243;][vc_column_text css=&#8220;&#8220;]Netzbetreiber m\u00fcssen bei den Kunden, f\u00fcr&#8230;<\/p>\n","protected":false},"author":1,"featured_media":0,"parent":11056,"menu_order":374,"comment_status":"closed","ping_status":"closed","template":"full_width.php","meta":{"_acf_changed":false,"footnotes":""},"class_list":["post-11117","page","type-page","status-publish","hentry"],"acf":[],"yoast_head":"<!-- This site is optimized with the Yoast SEO plugin v27.3 - https:\/\/yoast.com\/product\/yoast-seo-wordpress\/ -->\n<title>Cybersicherheit f\u00fcr MSSPs und Service Provider | Stormshield<\/title>\n<meta name=\"description\" content=\"Stormshield bietet eine umfassende Palette an Netzwerksicherheit, um den gesamten Kundenbestand zu verwalten und die Betriebskosten zu senken.\" \/>\n<meta name=\"robots\" content=\"index, follow, max-snippet:-1, max-image-preview:large, max-video-preview:-1\" \/>\n<link rel=\"canonical\" href=\"https:\/\/www.stormshield.com\/de\/produkte-und-services\/branche\/services-anbieter\/\" \/>\n<meta property=\"og:locale\" content=\"de_DE\" \/>\n<meta property=\"og:type\" content=\"article\" \/>\n<meta property=\"og:title\" content=\"Cybersicherheit f\u00fcr MSSPs und Service Provider | Stormshield\" \/>\n<meta property=\"og:description\" content=\"Stormshield bietet eine umfassende Palette an Netzwerksicherheit, um den gesamten Kundenbestand zu verwalten und die Betriebskosten zu senken.\" \/>\n<meta property=\"og:url\" content=\"https:\/\/www.stormshield.com\/de\/produkte-und-services\/branche\/services-anbieter\/\" \/>\n<meta property=\"og:site_name\" content=\"Stormshield\" \/>\n<meta property=\"article:modified_time\" content=\"2024-11-13T09:01:09+00:00\" \/>\n<meta property=\"og:image\" content=\"https:\/\/www.stormshield.com\/wp-content\/uploads\/stormshield_logo.png\" \/>\n\t<meta property=\"og:image:width\" content=\"204\" \/>\n\t<meta property=\"og:image:height\" content=\"94\" \/>\n\t<meta property=\"og:image:type\" content=\"image\/png\" \/>\n<meta name=\"twitter:card\" content=\"summary_large_image\" \/>\n<meta name=\"twitter:site\" content=\"@Stormshield\" \/>\n<meta name=\"twitter:label1\" content=\"Gesch\u00e4tzte Lesezeit\" \/>\n\t<meta name=\"twitter:data1\" content=\"5\u00a0Minuten\" \/>\n<script type=\"application\/ld+json\" class=\"yoast-schema-graph\">{\"@context\":\"https:\\\/\\\/schema.org\",\"@graph\":[{\"@type\":\"WebPage\",\"@id\":\"https:\\\/\\\/www.stormshield.com\\\/de\\\/produkte-und-services\\\/branche\\\/services-anbieter\\\/\",\"url\":\"https:\\\/\\\/www.stormshield.com\\\/de\\\/produkte-und-services\\\/branche\\\/services-anbieter\\\/\",\"name\":\"Cybersicherheit f\u00fcr MSSPs und Service Provider | Stormshield\",\"isPartOf\":{\"@id\":\"https:\\\/\\\/www.stormshield.com\\\/de\\\/#website\"},\"datePublished\":\"2016-06-03T10:31:49+00:00\",\"dateModified\":\"2024-11-13T09:01:09+00:00\",\"description\":\"Stormshield bietet eine umfassende Palette an Netzwerksicherheit, um den gesamten Kundenbestand zu verwalten und die Betriebskosten zu senken.\",\"breadcrumb\":{\"@id\":\"https:\\\/\\\/www.stormshield.com\\\/de\\\/produkte-und-services\\\/branche\\\/services-anbieter\\\/#breadcrumb\"},\"inLanguage\":\"de\",\"potentialAction\":[{\"@type\":\"ReadAction\",\"target\":[\"https:\\\/\\\/www.stormshield.com\\\/de\\\/produkte-und-services\\\/branche\\\/services-anbieter\\\/\"]}]},{\"@type\":\"BreadcrumbList\",\"@id\":\"https:\\\/\\\/www.stormshield.com\\\/de\\\/produkte-und-services\\\/branche\\\/services-anbieter\\\/#breadcrumb\",\"itemListElement\":[{\"@type\":\"ListItem\",\"position\":1,\"name\":\"Home\",\"item\":\"https:\\\/\\\/www.stormshield.com\\\/de\\\/\"},{\"@type\":\"ListItem\",\"position\":2,\"name\":\"Produkte &amp; Solutions\",\"item\":\"https:\\\/\\\/www.stormshield.com\\\/de\\\/produkte-und-services\\\/\"},{\"@type\":\"ListItem\",\"position\":3,\"name\":\"Nach Branche\",\"item\":\"https:\\\/\\\/www.stormshield.com\\\/de\\\/produkte-und-services\\\/branche\\\/\"},{\"@type\":\"ListItem\",\"position\":4,\"name\":\"Services-Anbieter\"}]},{\"@type\":\"WebSite\",\"@id\":\"https:\\\/\\\/www.stormshield.com\\\/de\\\/#website\",\"url\":\"https:\\\/\\\/www.stormshield.com\\\/de\\\/\",\"name\":\"Stormshield\",\"description\":\"Stormshield\",\"potentialAction\":[{\"@type\":\"SearchAction\",\"target\":{\"@type\":\"EntryPoint\",\"urlTemplate\":\"https:\\\/\\\/www.stormshield.com\\\/de\\\/?s={search_term_string}\"},\"query-input\":{\"@type\":\"PropertyValueSpecification\",\"valueRequired\":true,\"valueName\":\"search_term_string\"}}],\"inLanguage\":\"de\"}]}<\/script>\n<!-- \/ Yoast SEO plugin. -->","yoast_head_json":{"title":"Cybersicherheit f\u00fcr MSSPs und Service Provider | Stormshield","description":"Stormshield bietet eine umfassende Palette an Netzwerksicherheit, um den gesamten Kundenbestand zu verwalten und die Betriebskosten zu senken.","robots":{"index":"index","follow":"follow","max-snippet":"max-snippet:-1","max-image-preview":"max-image-preview:large","max-video-preview":"max-video-preview:-1"},"canonical":"https:\/\/www.stormshield.com\/de\/produkte-und-services\/branche\/services-anbieter\/","og_locale":"de_DE","og_type":"article","og_title":"Cybersicherheit f\u00fcr MSSPs und Service Provider | Stormshield","og_description":"Stormshield bietet eine umfassende Palette an Netzwerksicherheit, um den gesamten Kundenbestand zu verwalten und die Betriebskosten zu senken.","og_url":"https:\/\/www.stormshield.com\/de\/produkte-und-services\/branche\/services-anbieter\/","og_site_name":"Stormshield","article_modified_time":"2024-11-13T09:01:09+00:00","og_image":[{"width":204,"height":94,"url":"https:\/\/www.stormshield.com\/wp-content\/uploads\/stormshield_logo.png","type":"image\/png"}],"twitter_card":"summary_large_image","twitter_site":"@Stormshield","twitter_misc":{"Gesch\u00e4tzte Lesezeit":"5\u00a0Minuten"},"schema":{"@context":"https:\/\/schema.org","@graph":[{"@type":"WebPage","@id":"https:\/\/www.stormshield.com\/de\/produkte-und-services\/branche\/services-anbieter\/","url":"https:\/\/www.stormshield.com\/de\/produkte-und-services\/branche\/services-anbieter\/","name":"Cybersicherheit f\u00fcr MSSPs und Service Provider | Stormshield","isPartOf":{"@id":"https:\/\/www.stormshield.com\/de\/#website"},"datePublished":"2016-06-03T10:31:49+00:00","dateModified":"2024-11-13T09:01:09+00:00","description":"Stormshield bietet eine umfassende Palette an Netzwerksicherheit, um den gesamten Kundenbestand zu verwalten und die Betriebskosten zu senken.","breadcrumb":{"@id":"https:\/\/www.stormshield.com\/de\/produkte-und-services\/branche\/services-anbieter\/#breadcrumb"},"inLanguage":"de","potentialAction":[{"@type":"ReadAction","target":["https:\/\/www.stormshield.com\/de\/produkte-und-services\/branche\/services-anbieter\/"]}]},{"@type":"BreadcrumbList","@id":"https:\/\/www.stormshield.com\/de\/produkte-und-services\/branche\/services-anbieter\/#breadcrumb","itemListElement":[{"@type":"ListItem","position":1,"name":"Home","item":"https:\/\/www.stormshield.com\/de\/"},{"@type":"ListItem","position":2,"name":"Produkte &amp; Solutions","item":"https:\/\/www.stormshield.com\/de\/produkte-und-services\/"},{"@type":"ListItem","position":3,"name":"Nach Branche","item":"https:\/\/www.stormshield.com\/de\/produkte-und-services\/branche\/"},{"@type":"ListItem","position":4,"name":"Services-Anbieter"}]},{"@type":"WebSite","@id":"https:\/\/www.stormshield.com\/de\/#website","url":"https:\/\/www.stormshield.com\/de\/","name":"Stormshield","description":"Stormshield","potentialAction":[{"@type":"SearchAction","target":{"@type":"EntryPoint","urlTemplate":"https:\/\/www.stormshield.com\/de\/?s={search_term_string}"},"query-input":{"@type":"PropertyValueSpecification","valueRequired":true,"valueName":"search_term_string"}}],"inLanguage":"de"}]}},"_links":{"self":[{"href":"https:\/\/www.stormshield.com\/de\/wp-json\/wp\/v2\/pages\/11117","targetHints":{"allow":["GET"]}}],"collection":[{"href":"https:\/\/www.stormshield.com\/de\/wp-json\/wp\/v2\/pages"}],"about":[{"href":"https:\/\/www.stormshield.com\/de\/wp-json\/wp\/v2\/types\/page"}],"author":[{"embeddable":true,"href":"https:\/\/www.stormshield.com\/de\/wp-json\/wp\/v2\/users\/1"}],"replies":[{"embeddable":true,"href":"https:\/\/www.stormshield.com\/de\/wp-json\/wp\/v2\/comments?post=11117"}],"version-history":[{"count":30,"href":"https:\/\/www.stormshield.com\/de\/wp-json\/wp\/v2\/pages\/11117\/revisions"}],"predecessor-version":[{"id":588065,"href":"https:\/\/www.stormshield.com\/de\/wp-json\/wp\/v2\/pages\/11117\/revisions\/588065"}],"up":[{"embeddable":true,"href":"https:\/\/www.stormshield.com\/de\/wp-json\/wp\/v2\/pages\/11056"}],"wp:attachment":[{"href":"https:\/\/www.stormshield.com\/de\/wp-json\/wp\/v2\/media?parent=11117"}],"curies":[{"name":"wp","href":"https:\/\/api.w.org\/{rel}","templated":true}]}}