{"id":11056,"date":"2016-06-03T11:24:49","date_gmt":"2016-06-03T10:24:49","guid":{"rendered":"https:\/\/www.stormshield.com\/de\/?page_id=11056"},"modified":"2024-06-10T10:55:48","modified_gmt":"2024-06-10T09:55:48","slug":"branche","status":"publish","type":"page","link":"https:\/\/www.stormshield.com\/de\/produkte-und-services\/branche\/","title":{"rendered":"Nach Branche"},"content":{"rendered":"<div class=\"wpb-content-wrapper\"><p>[vc_row css_animation=\"\" row_type=\"row\" use_row_as_full_screen_section=\"no\" type=\"grid\" angled_section=\"no\" text_align=\"left\" background_image_as_pattern=\"without_pattern\" z_index=\"\" padding_top=\"50\" padding_bottom=\"50\"][vc_column][vc_empty_space][vc_column_text css=\"\"]<\/p>\n<h1 style=\"text-align: center;\"><span style=\"color: #00aaf5;\"><span style=\"font-weight: 300; font-size: 1.5em;\">Stormshield-L\u00f6sungen f\u00fcr Ihre gesch\u00e4ftlichen Herausforderungen, <\/span><\/span><span style=\"color: #00aaf5;\"><span style=\"font-weight: 900; font-size: 1.5em;\">die auf die Realit\u00e4t Ihrer Branche zugeschnitten sind<\/span><\/span><\/h1>\n<p>[\/vc_column_text][vc_empty_space][\/vc_column][\/vc_row][vc_row css_animation=\"\" row_type=\"row\" use_row_as_full_screen_section=\"no\" type=\"grid\" angled_section=\"no\" text_align=\"left\" background_image_as_pattern=\"without_pattern\" z_index=\"\"][vc_column][vc_row_inner row_type=\"row\" type=\"full_width\" text_align=\"left\" css_animation=\"\"][vc_column_inner width=\"5\/6\"][vc_column_text css=\"\"]<\/p>\n<h2><span style=\"color: #000; font-size: 1.2em; font-weight: 900;\">An Verschiedene Gesch\u00e4ftsbereiche Angepasste Sicherheitsl\u00f6sungen<\/span><\/h2>\n<p><span style=\"color: #000; font-size: 1.1em;\">Industrie, \u00f6ffentliche Verwaltung, Gesundheitswesen... <strong>F\u00fcr jeden Gesch\u00e4ftsbereich bietet Ihnen Stormshield ma\u00dfgeschneiderte L\u00f6sungen, die die speziellen Herausforderungen Ihrer Branche ber\u00fccksichtigen.<\/strong><\/span>[\/vc_column_text][vc_empty_space][\/vc_column_inner][vc_column_inner width=\"1\/6\"][\/vc_column_inner][\/vc_row_inner][\/vc_column][\/vc_row][vc_row css_animation=\"\" row_type=\"row\" use_row_as_full_screen_section=\"no\" type=\"grid\" angled_section=\"no\" text_align=\"left\" background_image_as_pattern=\"without_pattern\" z_index=\"\" padding_bottom=\"32\" padding_top=\"32\"][vc_column width=\"1\/3\" css=\".vc_custom_1714030399519{padding-right: 32px !important;}\"][vc_single_image image=\"456925\" img_size=\"100x100\" onclick=\"custom_link\" css=\"\" qode_css_animation=\"\" link=\"https:\/\/www.stormshield.com\/de\/produkte-und-services\/branche\/luft-und-raumfahrt\/\"][vc_column_text css=\"\"]<a href=\"https:\/\/www.stormshield.com\/de\/produkte-und-services\/branche\/luft-und-raumfahrt\/\"><span style=\"color: #00aeef; line-height: 0.9em; font-size: 2.2em; font-weight: 300;\">Luftfahrt<\/span><\/a><br \/>\n<span style=\"color: #000; font-size: 0.9em;\">Verst\u00e4rkter Schutz der Kommunikationsnetze<\/span>[\/vc_column_text][\/vc_column][vc_column width=\"1\/3\" css=\".vc_custom_1714030419838{padding-right: 16px !important;padding-left: 16px !important;}\"][vc_single_image image=\"456900\" img_size=\"100x100\" onclick=\"custom_link\" css=\"\" qode_css_animation=\"\" link=\"https:\/\/www.stormshield.com\/de\/produkte-und-services\/branche\/oeffentlicher-sektor\/\"][vc_column_text css=\"\"]<a href=\"https:\/\/www.stormshield.com\/de\/produkte-und-services\/branche\/oeffentlicher-sektor\/\"><span style=\"color: #00aeef; line-height: 0.9em; font-size: 2.2em; font-weight: 100;\">\u00d6ffentliche Verwaltung<\/span><\/a><br \/>\n<span style=\"color: #000; font-size: 0.9em;\">Mehr Schutz vor Cyberbedrohungen<\/span>[\/vc_column_text][\/vc_column][vc_column width=\"1\/3\" css=\".vc_custom_1714030412495{padding-left: 32px !important;}\"][vc_single_image image=\"456875\" img_size=\"100x100\" onclick=\"custom_link\" css=\"\" qode_css_animation=\"\" link=\"https:\/\/www.stormshield.com\/de\/produkte-und-services\/branche\/kritische-kommunikation\/\"][vc_column_text css=\"\"]<a href=\"https:\/\/www.stormshield.com\/de\/produkte-und-services\/branche\/kritische-kommunikation\/\"><span style=\"color: #00aeef; line-height: 0.9em; font-size: 2.2em; font-weight: 100;\">Kritische kommunikation<\/span><\/a><br \/>\n<span style=\"color: #000; font-size: 0.9em;\">Gute Ausstattung f\u00fcr einen gesch\u00fctzten Betrieb<\/span>[\/vc_column_text][\/vc_column][\/vc_row][vc_row css_animation=\"\" row_type=\"row\" use_row_as_full_screen_section=\"no\" type=\"grid\" angled_section=\"no\" text_align=\"left\" background_image_as_pattern=\"without_pattern\" z_index=\"\" padding_bottom=\"32\" padding_top=\"32\"][vc_column width=\"1\/3\" css=\".vc_custom_1714030399519{padding-right: 32px !important;}\"][vc_single_image image=\"456885\" img_size=\"100x100\" onclick=\"custom_link\" css=\"\" qode_css_animation=\"\" link=\"https:\/\/www.stormshield.com\/de\/produkte-und-services\/branche\/verteidigung-und-militaer\/\"][vc_column_text css=\"\"]<a href=\"https:\/\/www.stormshield.com\/de\/produkte-und-services\/branche\/verteidigung-und-militaer\/\"><span style=\"color: #00aeef; line-height: 0.9em; font-size: 2.2em; font-weight: 100;\">Verteidigung und Milit\u00e4r<\/span><\/a><br \/>\n<span style=\"color: #000; font-size: 0.9em;\">Garantie der h\u00f6chsten verf\u00fcgbaren Zertifizierungsstufe<\/span>[\/vc_column_text][\/vc_column][vc_column width=\"1\/3\" css=\".vc_custom_1714030419838{padding-right: 16px !important;padding-left: 16px !important;}\"][vc_single_image image=\"456960\" img_size=\"100x100\" onclick=\"custom_link\" css=\"\" qode_css_animation=\"\" link=\"https:\/\/www.stormshield.com\/de\/produkte-und-services\/branche\/wasserversorgung\/\"][vc_column_text css=\"\"]<a href=\"https:\/\/www.stormshield.com\/de\/produkte-und-services\/branche\/wasserversorgung\/\"><span style=\"color: #00aeef; line-height: 0.9em; font-size: 2.2em; font-weight: 100;\">Wasserver-sorgung<\/span><\/a><br \/>\n<span style=\"color: #000; font-size: 0.9em;\">F\u00fcr leistungsstarke Netze in jeder Lage<\/span>[\/vc_column_text][\/vc_column][vc_column width=\"1\/3\" css=\".vc_custom_1714030412495{padding-left: 32px !important;}\"][vc_single_image image=\"456950\" img_size=\"100x100\" onclick=\"custom_link\" css=\"\" qode_css_animation=\"\" link=\"https:\/\/www.stormshield.com\/de\/produkte-und-services\/branche\/energieversorgung\/\"][vc_column_text css=\"\"]<a href=\"https:\/\/www.stormshield.com\/de\/produkte-und-services\/branche\/energieversorgung\/\"><span style=\"color: #00aeef; line-height: 0.9em; font-size: 2.2em; font-weight: 100;\">Energiever-sorgung<\/span><\/a><br \/>\n<span style=\"color: #000; font-size: 0.9em;\">Steuerung gesicherter Verbindungen<\/span>[\/vc_column_text][\/vc_column][\/vc_row][vc_row css_animation=\"\" row_type=\"row\" use_row_as_full_screen_section=\"no\" type=\"grid\" angled_section=\"no\" text_align=\"left\" background_image_as_pattern=\"without_pattern\" z_index=\"\" padding_bottom=\"32\" padding_top=\"32\"][vc_column width=\"1\/3\" css=\".vc_custom_1714030399519{padding-right: 32px !important;}\"][vc_single_image image=\"456920\" img_size=\"100x100\" onclick=\"custom_link\" css=\"\" qode_css_animation=\"\" link=\"https:\/\/www.stormshield.com\/de\/produkte-und-services\/branche\/facility-management\/\"][vc_column_text css=\"\"]<a href=\"https:\/\/www.stormshield.com\/de\/produkte-und-services\/branche\/facility-management\/\"><span style=\"color: #00aeef; line-height: 0.9em; font-size: 2.2em; font-weight: 100;\">Logistik<\/span><\/a><br \/>\n<span style=\"color: #000; font-size: 0.9em;\">Steuerung verbundener und intelligenter Netze<\/span>[\/vc_column_text][\/vc_column][vc_column width=\"1\/3\" css=\".vc_custom_1714030419838{padding-right: 16px !important;padding-left: 16px !important;}\"][vc_single_image image=\"456910\" img_size=\"100x100\" onclick=\"custom_link\" css=\"\" qode_css_animation=\"\" link=\"https:\/\/www.stormshield.com\/de\/produkte-und-services\/branche\/seefahrt\/\"][vc_column_text css=\"\"]<a href=\"https:\/\/www.stormshield.com\/de\/produkte-und-services\/branche\/seefahrt\/\"><span style=\"color: #00aeef; line-height: 0.9em; font-size: 2.2em; font-weight: 100;\">Seefahrt<\/span><\/a><br \/>\n<span style=\"color: #000; font-size: 0.9em;\">Sensibler Cyberschutz zu Wasser und zu Land<\/span>[\/vc_column_text][\/vc_column][vc_column width=\"1\/3\" css=\".vc_custom_1714030412495{padding-left: 32px !important;}\"][vc_single_image image=\"456860\" img_size=\"100x100\" onclick=\"custom_link\" css=\"\" qode_css_animation=\"\" link=\"https:\/\/www.stormshield.com\/de\/produkte-und-services\/branche\/gesundheitswesen\/\"][vc_column_text css=\"\"]<a href=\"https:\/\/www.stormshield.com\/de\/produkte-und-services\/branche\/gesundheitswesen\/\"><span style=\"color: #00aeef; line-height: 0.9em; font-size: 2.2em; font-weight: 100;\">Gesundheit<\/span><\/a><br \/>\n<span style=\"color: #000; font-size: 0.9em;\">Die Bedeutung eines sicheren Schutzes<\/span>[\/vc_column_text][\/vc_column][\/vc_row][vc_row css_animation=\"\" row_type=\"row\" use_row_as_full_screen_section=\"no\" type=\"grid\" angled_section=\"no\" text_align=\"left\" background_image_as_pattern=\"without_pattern\" z_index=\"\" padding_bottom=\"32\" padding_top=\"32\"][vc_column width=\"1\/3\" css=\".vc_custom_1714030399519{padding-right: 32px !important;}\"][vc_single_image image=\"456930\" img_size=\"100x100\" onclick=\"custom_link\" css=\"\" qode_css_animation=\"\" link=\"https:\/\/www.stormshield.com\/de\/produkte-und-services\/branche\/landtransporte\/\"][vc_column_text css=\"\"]<a href=\"https:\/\/www.stormshield.com\/de\/produkte-und-services\/branche\/landtransporte\/\"><span style=\"color: #00aeef; line-height: 0.9em; font-size: 2.2em; font-weight: 100;\">Landtransporte<\/span><\/a><br \/>\n<span style=\"color: #000; font-size: 0.9em;\">Die Bedeutung eines reaktionsschnellen und verf\u00fcgbaren Netzes<\/span>[\/vc_column_text][\/vc_column][vc_column width=\"1\/3\" css=\".vc_custom_1714030419838{padding-right: 16px !important;padding-left: 16px !important;}\"][vc_single_image image=\"456270\" img_size=\"100x100\" onclick=\"custom_link\" css=\"\" qode_css_animation=\"\" link=\"https:\/\/www.stormshield.com\/de\/produkte-und-services\/branche\/services-anbieter\/\"][vc_column_text css=\"\"]<a href=\"https:\/\/www.stormshield.com\/de\/produkte-und-services\/branche\/services-anbieter\/\"><span style=\"color: #00aeef; line-height: 0.9em; font-size: 2.2em; font-weight: 100;\">Services-Anbieter<\/span><\/a><br \/>\n<span style=\"color: #000; font-size: 0.9em;\">Vereinfachte Verwaltung von Ger\u00e4teparks und mehr Effizienz der betrieblichen Abl\u00e4ufe<\/span>[\/vc_column_text][\/vc_column][vc_column width=\"1\/3\" css=\".vc_custom_1714030918128{padding-top: 32px !important;padding-right: 32px !important;padding-bottom: 32px !important;padding-left: 32px !important;background-color: #f9f9f9 !important;}\"][vc_single_image image=\"456475\" img_size=\"100x100\" qode_css_animation=\"\"][vc_column_text css=\"\"]<span style=\"color: #000; font-size: 0.9em;\"><strong>Ihr Markt oder Ihr Gesch\u00e4ftsbereich ist nicht aufgef\u00fchrt?<\/strong> Keine Panik, unsere Sicherheitsl\u00f6sungen sind sicher auch f\u00fcr Ihre Anwendungsf\u00e4lle oder funktionalen Probleme geeignet. Wenden Sie sich direkt an unsere Vertriebs- und Beratungssteams und vereinbaren Sie einen Gespr\u00e4chstermin.<\/span>[\/vc_column_text][vc_empty_space]<a  itemprop=\"url\" href=\"https:\/\/www.stormshield.com\/de\/kontakt\/anfrage-an-den-vertrieb\/\" target=\"_self\" data-hover-background-color=\"#d23467\" data-hover-border-color=\"#d23467\" class=\"qbutton  white enlarge\" style=\"border-color: #ffffff; background-color:#060051;\">Kontakt<i class=\"qode_icon_font_awesome fa fa-angle-right qode_button_icon_element\"><\/i><\/a>[vc_empty_space][\/vc_column][\/vc_row][vc_row css_animation=\"\" row_type=\"row\" use_row_as_full_screen_section=\"no\" type=\"grid\" angled_section=\"no\" text_align=\"left\" background_image_as_pattern=\"without_pattern\" z_index=\"\" background_color=\"#060051\" padding_top=\"50\" padding_bottom=\"50\"][vc_column][vc_row_inner row_type=\"row\" type=\"full_width\" text_align=\"left\" css_animation=\"\"][vc_column_inner][vc_column_text css=\"\"]<\/p>\n<h2><span style=\"color: #ffffff; font-size: 1.2em; font-weight: 900;\">Besonderer Fokus auf kritische Infrastrukturen<\/span><\/h2>\n<p><span style=\"color: #ffffff; font-size: 1.1em;\"><strong>Auf europ\u00e4ischer Ebene zielt die NIS2-Richtlinie darauf ab, ein bestimmtes Sicherheitsniveau f\u00fcr Netze und Informationssysteme kritischer und sensibler Infrastrukturen in den Mitgliedsl\u00e4ndern der Europ\u00e4ischen Union zu gew\u00e4hrleisten.<\/strong> Betreiber wesentlicher Dienste (OSE) gestern, wesentliche Einrichtungen (EE) und wichtige Einrichtungen (EI) morgen - nur das Vokabular \u00e4ndert sich. Mit Stormshield lassen sich die richtigen Reflexe zur Einhaltung der franz\u00f6sischen und europ\u00e4ischen Gesetze in drei Schl\u00fcsselw\u00f6rtern zusammenfassen: Schutz, Qualifikation, Konformit\u00e4t. Entdecken Sie unsere vertrauensw\u00fcrdigen Sicherheitsprodukte.<\/span>[\/vc_column_text][vc_empty_space]<a  itemprop=\"url\" href=\"https:\/\/www.stormshield.com\/de\/loesungen-fuer-betreiber-wesentlicher-dienste\/\" target=\"_blank\" data-hover-background-color=\"#d23467\" data-hover-border-color=\"#d23467\" class=\"qbutton  white enlarge\" style=\"border-color: #ffffff; background-color:#00aeef;\">Betreiber wesentlicher Dienste<i class=\"qode_icon_font_awesome fa fa-angle-right qode_button_icon_element\"><\/i><\/a>[vc_empty_space][\/vc_column_inner][\/vc_row_inner][\/vc_column][\/vc_row][vc_row css_animation=\"\" row_type=\"row\" use_row_as_full_screen_section=\"no\" type=\"grid\" angled_section=\"no\" text_align=\"left\" background_image_as_pattern=\"without_pattern\" z_index=\"\" padding_bottom=\"50\" padding_top=\"50\"][vc_column][vc_row_inner row_type=\"row\" type=\"full_width\" text_align=\"left\" css_animation=\"\"][vc_column_inner][vc_column_text css=\"\"]<span style=\"color: #000; font-size: 1.1em;\"><strong>Lesen Sie eine Reihe von Erfahrungsberichten von Stormshield-Kunden,<\/strong> die \u00fcber den Einsatz von Stormshield-L\u00f6sungen in ihrer Infrastruktur oder in ihren Teams berichten. Netzwerkschutz, Endpunktschutz, Datenschutz: Finden Sie heraus, wie Sie Cybersicherheit, Souver\u00e4nit\u00e4t und Cyber-Schutz miteinander verbinden k\u00f6nnen.<\/span>[\/vc_column_text][vc_empty_space]<a  itemprop=\"url\" href=\"https:\/\/www.stormshield.com\/de\/dokumentation\/?_sft_rc_type=case-studies-de\" target=\"_blank\" data-hover-background-color=\"#d23467\" data-hover-border-color=\"#d23467\" class=\"qbutton  white enlarge\" style=\"border-color: #ffffff; background-color:#060051;\">Fallstudien<i class=\"qode_icon_font_awesome fa fa-angle-right qode_button_icon_element\"><\/i><\/a>[vc_empty_space][\/vc_column_inner][\/vc_row_inner][\/vc_column][\/vc_row]<\/p>\n<\/div>","protected":false},"excerpt":{"rendered":"<p>[vc_row css_animation=&#8220;&#8220; row_type=&#8220;row&#8220; use_row_as_full_screen_section=&#8220;no&#8220; type=&#8220;grid&#8220; angled_section=&#8220;no&#8220; text_align=&#8220;left&#8220; background_image_as_pattern=&#8220;without_pattern&#8220; z_index=&#8220;&#8220; padding_top=&#8220;50&#8243; padding_bottom=&#8220;50&#8243;][vc_column][vc_empty_space][vc_column_text css=&#8220;&#8220;] Stormshield-L\u00f6sungen f\u00fcr Ihre gesch\u00e4ftlichen Herausforderungen, die auf die Realit\u00e4t Ihrer Branche zugeschnitten sind [\/vc_column_text][vc_empty_space][\/vc_column][\/vc_row][vc_row css_animation=&#8220;&#8220; row_type=&#8220;row&#8220; use_row_as_full_screen_section=&#8220;no&#8220; type=&#8220;grid&#8220; angled_section=&#8220;no&#8220; text_align=&#8220;left&#8220; background_image_as_pattern=&#8220;without_pattern&#8220; z_index=&#8220;&#8220;][vc_column][vc_row_inner row_type=&#8220;row&#8220; type=&#8220;full_width&#8220; text_align=&#8220;left&#8220; css_animation=&#8220;&#8220;][vc_column_inner width=&#8220;5\/6&#8243;][vc_column_text css=&#8220;&#8220;] An Verschiedene Gesch\u00e4ftsbereiche Angepasste Sicherheitsl\u00f6sungen&#8230;<\/p>\n","protected":false},"author":1,"featured_media":0,"parent":28,"menu_order":264,"comment_status":"closed","ping_status":"closed","template":"full_width.php","meta":{"_acf_changed":false,"footnotes":""},"class_list":["post-11056","page","type-page","status-publish","hentry"],"acf":[],"yoast_head":"<!-- This site is optimized with the Yoast SEO plugin v27.3 - https:\/\/yoast.com\/product\/yoast-seo-wordpress\/ -->\n<title>Cybersicherheitsl\u00f6sungen nach Branche | Stormshield<\/title>\n<meta name=\"description\" content=\"Mit Stormshield finden Sie das richtige Sicherheitsprodukt oder die richtige Dienstleistung f\u00fcr Ihre Branche und Ihre spezifischen Bed\u00fcrfnisse.\" \/>\n<meta name=\"robots\" content=\"index, follow, max-snippet:-1, max-image-preview:large, max-video-preview:-1\" \/>\n<link rel=\"canonical\" href=\"https:\/\/www.stormshield.com\/de\/produkte-und-services\/branche\/\" \/>\n<meta property=\"og:locale\" content=\"de_DE\" \/>\n<meta property=\"og:type\" content=\"article\" \/>\n<meta property=\"og:title\" content=\"Cybersicherheitsl\u00f6sungen nach Branche | Stormshield\" \/>\n<meta property=\"og:description\" content=\"Mit Stormshield finden Sie das richtige Sicherheitsprodukt oder die richtige Dienstleistung f\u00fcr Ihre Branche und Ihre spezifischen Bed\u00fcrfnisse.\" \/>\n<meta property=\"og:url\" content=\"https:\/\/www.stormshield.com\/de\/produkte-und-services\/branche\/\" \/>\n<meta property=\"og:site_name\" content=\"Stormshield\" \/>\n<meta property=\"article:modified_time\" content=\"2024-06-10T09:55:48+00:00\" \/>\n<meta property=\"og:image\" content=\"https:\/\/www.stormshield.com\/wp-content\/uploads\/stormshield_logo.png\" \/>\n\t<meta property=\"og:image:width\" content=\"204\" \/>\n\t<meta property=\"og:image:height\" content=\"94\" \/>\n\t<meta property=\"og:image:type\" content=\"image\/png\" \/>\n<meta name=\"twitter:card\" content=\"summary_large_image\" \/>\n<meta name=\"twitter:site\" content=\"@Stormshield\" \/>\n<meta name=\"twitter:label1\" content=\"Gesch\u00e4tzte Lesezeit\" \/>\n\t<meta name=\"twitter:data1\" content=\"8\u00a0Minuten\" \/>\n<script type=\"application\/ld+json\" class=\"yoast-schema-graph\">{\"@context\":\"https:\\\/\\\/schema.org\",\"@graph\":[{\"@type\":\"WebPage\",\"@id\":\"https:\\\/\\\/www.stormshield.com\\\/de\\\/produkte-und-services\\\/branche\\\/\",\"url\":\"https:\\\/\\\/www.stormshield.com\\\/de\\\/produkte-und-services\\\/branche\\\/\",\"name\":\"Cybersicherheitsl\u00f6sungen nach Branche | Stormshield\",\"isPartOf\":{\"@id\":\"https:\\\/\\\/www.stormshield.com\\\/de\\\/#website\"},\"datePublished\":\"2016-06-03T10:24:49+00:00\",\"dateModified\":\"2024-06-10T09:55:48+00:00\",\"description\":\"Mit Stormshield finden Sie das richtige Sicherheitsprodukt oder die richtige Dienstleistung f\u00fcr Ihre Branche und Ihre spezifischen Bed\u00fcrfnisse.\",\"breadcrumb\":{\"@id\":\"https:\\\/\\\/www.stormshield.com\\\/de\\\/produkte-und-services\\\/branche\\\/#breadcrumb\"},\"inLanguage\":\"de\",\"potentialAction\":[{\"@type\":\"ReadAction\",\"target\":[\"https:\\\/\\\/www.stormshield.com\\\/de\\\/produkte-und-services\\\/branche\\\/\"]}]},{\"@type\":\"BreadcrumbList\",\"@id\":\"https:\\\/\\\/www.stormshield.com\\\/de\\\/produkte-und-services\\\/branche\\\/#breadcrumb\",\"itemListElement\":[{\"@type\":\"ListItem\",\"position\":1,\"name\":\"Home\",\"item\":\"https:\\\/\\\/www.stormshield.com\\\/de\\\/\"},{\"@type\":\"ListItem\",\"position\":2,\"name\":\"Produkte &amp; Solutions\",\"item\":\"https:\\\/\\\/www.stormshield.com\\\/de\\\/produkte-und-services\\\/\"},{\"@type\":\"ListItem\",\"position\":3,\"name\":\"Nach Branche\"}]},{\"@type\":\"WebSite\",\"@id\":\"https:\\\/\\\/www.stormshield.com\\\/de\\\/#website\",\"url\":\"https:\\\/\\\/www.stormshield.com\\\/de\\\/\",\"name\":\"Stormshield\",\"description\":\"Stormshield\",\"potentialAction\":[{\"@type\":\"SearchAction\",\"target\":{\"@type\":\"EntryPoint\",\"urlTemplate\":\"https:\\\/\\\/www.stormshield.com\\\/de\\\/?s={search_term_string}\"},\"query-input\":{\"@type\":\"PropertyValueSpecification\",\"valueRequired\":true,\"valueName\":\"search_term_string\"}}],\"inLanguage\":\"de\"}]}<\/script>\n<!-- \/ Yoast SEO plugin. -->","yoast_head_json":{"title":"Cybersicherheitsl\u00f6sungen nach Branche | Stormshield","description":"Mit Stormshield finden Sie das richtige Sicherheitsprodukt oder die richtige Dienstleistung f\u00fcr Ihre Branche und Ihre spezifischen Bed\u00fcrfnisse.","robots":{"index":"index","follow":"follow","max-snippet":"max-snippet:-1","max-image-preview":"max-image-preview:large","max-video-preview":"max-video-preview:-1"},"canonical":"https:\/\/www.stormshield.com\/de\/produkte-und-services\/branche\/","og_locale":"de_DE","og_type":"article","og_title":"Cybersicherheitsl\u00f6sungen nach Branche | Stormshield","og_description":"Mit Stormshield finden Sie das richtige Sicherheitsprodukt oder die richtige Dienstleistung f\u00fcr Ihre Branche und Ihre spezifischen Bed\u00fcrfnisse.","og_url":"https:\/\/www.stormshield.com\/de\/produkte-und-services\/branche\/","og_site_name":"Stormshield","article_modified_time":"2024-06-10T09:55:48+00:00","og_image":[{"width":204,"height":94,"url":"https:\/\/www.stormshield.com\/wp-content\/uploads\/stormshield_logo.png","type":"image\/png"}],"twitter_card":"summary_large_image","twitter_site":"@Stormshield","twitter_misc":{"Gesch\u00e4tzte Lesezeit":"8\u00a0Minuten"},"schema":{"@context":"https:\/\/schema.org","@graph":[{"@type":"WebPage","@id":"https:\/\/www.stormshield.com\/de\/produkte-und-services\/branche\/","url":"https:\/\/www.stormshield.com\/de\/produkte-und-services\/branche\/","name":"Cybersicherheitsl\u00f6sungen nach Branche | Stormshield","isPartOf":{"@id":"https:\/\/www.stormshield.com\/de\/#website"},"datePublished":"2016-06-03T10:24:49+00:00","dateModified":"2024-06-10T09:55:48+00:00","description":"Mit Stormshield finden Sie das richtige Sicherheitsprodukt oder die richtige Dienstleistung f\u00fcr Ihre Branche und Ihre spezifischen Bed\u00fcrfnisse.","breadcrumb":{"@id":"https:\/\/www.stormshield.com\/de\/produkte-und-services\/branche\/#breadcrumb"},"inLanguage":"de","potentialAction":[{"@type":"ReadAction","target":["https:\/\/www.stormshield.com\/de\/produkte-und-services\/branche\/"]}]},{"@type":"BreadcrumbList","@id":"https:\/\/www.stormshield.com\/de\/produkte-und-services\/branche\/#breadcrumb","itemListElement":[{"@type":"ListItem","position":1,"name":"Home","item":"https:\/\/www.stormshield.com\/de\/"},{"@type":"ListItem","position":2,"name":"Produkte &amp; Solutions","item":"https:\/\/www.stormshield.com\/de\/produkte-und-services\/"},{"@type":"ListItem","position":3,"name":"Nach Branche"}]},{"@type":"WebSite","@id":"https:\/\/www.stormshield.com\/de\/#website","url":"https:\/\/www.stormshield.com\/de\/","name":"Stormshield","description":"Stormshield","potentialAction":[{"@type":"SearchAction","target":{"@type":"EntryPoint","urlTemplate":"https:\/\/www.stormshield.com\/de\/?s={search_term_string}"},"query-input":{"@type":"PropertyValueSpecification","valueRequired":true,"valueName":"search_term_string"}}],"inLanguage":"de"}]}},"_links":{"self":[{"href":"https:\/\/www.stormshield.com\/de\/wp-json\/wp\/v2\/pages\/11056","targetHints":{"allow":["GET"]}}],"collection":[{"href":"https:\/\/www.stormshield.com\/de\/wp-json\/wp\/v2\/pages"}],"about":[{"href":"https:\/\/www.stormshield.com\/de\/wp-json\/wp\/v2\/types\/page"}],"author":[{"embeddable":true,"href":"https:\/\/www.stormshield.com\/de\/wp-json\/wp\/v2\/users\/1"}],"replies":[{"embeddable":true,"href":"https:\/\/www.stormshield.com\/de\/wp-json\/wp\/v2\/comments?post=11056"}],"version-history":[{"count":37,"href":"https:\/\/www.stormshield.com\/de\/wp-json\/wp\/v2\/pages\/11056\/revisions"}],"predecessor-version":[{"id":536513,"href":"https:\/\/www.stormshield.com\/de\/wp-json\/wp\/v2\/pages\/11056\/revisions\/536513"}],"up":[{"embeddable":true,"href":"https:\/\/www.stormshield.com\/de\/wp-json\/wp\/v2\/pages\/28"}],"wp:attachment":[{"href":"https:\/\/www.stormshield.com\/de\/wp-json\/wp\/v2\/media?parent=11056"}],"curies":[{"name":"wp","href":"https:\/\/api.w.org\/{rel}","templated":true}]}}