{"id":10932,"date":"2016-08-19T14:03:22","date_gmt":"2016-08-19T13:03:22","guid":{"rendered":"https:\/\/www.stormshield.com\/de\/?page_id=10932"},"modified":"2025-02-28T11:51:29","modified_gmt":"2025-02-28T10:51:29","slug":"wartung","status":"publish","type":"page","link":"https:\/\/www.stormshield.com\/de\/unsere-unterstuetzung\/services\/wartung\/","title":{"rendered":"Wartung"},"content":{"rendered":"<div class=\"wpb-content-wrapper\"><p>[vc_row css_animation=\"\" row_type=\"row\" use_row_as_full_screen_section=\"no\" type=\"grid\" angled_section=\"no\" text_align=\"left\" background_image_as_pattern=\"without_pattern\" z_index=\"\" padding_top=\"50\" padding_bottom=\"50\"][vc_column][vc_empty_space][vc_column_text]<\/p>\n<h1 style=\"text-align: center;\"><span style=\"color: #00aaf5;\"><span style=\"font-weight: 300; font-size: 1.5em;\">Eine Garantie f\u00fcr die konstante Effizienz unserer Produkte mit dem <\/span><\/span><span style=\"color: #00aaf5;\"><span style=\"font-weight: 900; font-size: 1.5em;\">Wartungsservice von Stormshield<\/span><\/span><\/h1>\n<p>[\/vc_column_text][\/vc_column][\/vc_row][vc_row css_animation=\"\" row_type=\"row\" use_row_as_full_screen_section=\"no\" type=\"grid\" angled_section=\"no\" text_align=\"left\" background_image_as_pattern=\"without_pattern\" z_index=\"\" padding_bottom=\"50\" css=\".vc_custom_1697804221509{background-color: #ffffff !important;}\" padding_top=\"50\"][vc_column][vc_row_inner row_type=\"row\" type=\"full_width\" text_align=\"left\" css_animation=\"\" background_color=\"#f9f9f9\" css=\".vc_custom_1697805785032{padding-top: 32px !important;padding-right: 32px !important;padding-bottom: 32px !important;padding-left: 32px !important;}\"][vc_column_inner][vc_column_text]<\/p>\n<h2><span style=\"color: #000; font-size: 1.2em; font-weight: 900;\">Wartungs-, service- und sicherheitspakete<\/span><\/h2>\n<p><span style=\"color: #000; font-size: 1.1em;\">Wir helfen Ihnen, in unvorhergesehenen Situationen richtig zu reagieren. Im \u00dcbrigen k\u00f6nnen Sie sich auf unser Hersteller-Knowhow und die pr\u00e4ventive Logik unserer IT-Wartung verlassen. Dank dieses Dienstes k\u00f6nnen Sie m\u00f6gliche Probleme vorhersehen und Ihre Produkte so schnell wie m\u00f6glich ersetzen.<\/span><\/p>\n<p><span style=\"color: #000; font-size: 1.1em;\">Unsere <a style=\"color: #000000;\" href=\"https:\/\/www.stormshield.com\/de\/ressourcescenter\/security-packs-network-security\/\" target=\"_blank\" rel=\"noopener\">Wartungspakete<\/a> sind einfach und zweckm\u00e4\u00dfig: Sie sorgen daf\u00fcr, dass die f\u00fcr die Kontinuit\u00e4t Ihres Unternehmens relevanten Schutzsysteme immer auf dem neuesten Stand sind. Neben der unten beschriebenen Hardware- und\/oder Softwarewartung umfassen die Pakete folgende Leistungen: <\/span><\/p>\n<ul>\n<li><span style=\"color: #000; font-size: 1.1em;\">direkten Zugang zum <a style=\"color: #000000;\" href=\"https:\/\/www.stormshield.com\/de\/kontakt\/technischer-support\/\" target=\"_blank\" rel=\"noopener\">technischen Support<\/a> oder \u00fcber unser <a style=\"color: #000000;\" href=\"https:\/\/www.stormshield.com\/de\/partner\/partner-finden\/\" target=\"_blank\" rel=\"noopener\">Partnernetzwerk<\/a>,<br \/>\n<\/span><\/li>\n<li><span style=\"color: #000; font-size: 1.1em;\">korrigierende und evolution\u00e4re Software-Updates,<br \/>\n<\/span><\/li>\n<li><span style=\"color: #000; font-size: 1.1em;\">kontinuierliche Aktualisierung der Sicherheits-Engines.<\/span><\/li>\n<\/ul>\n<p>[\/vc_column_text][\/vc_column_inner][\/vc_row_inner][\/vc_column][\/vc_row][vc_row css_animation=\"\" row_type=\"row\" use_row_as_full_screen_section=\"no\" type=\"grid\" angled_section=\"no\" text_align=\"left\" background_image_as_pattern=\"without_pattern\" z_index=\"\" padding_bottom=\"50\"][vc_column width=\"2\/3\"][vc_column_text css=\"\"]<\/p>\n<h2><span style=\"color: #000; font-size: 1.2em; font-weight: 900;\">Physische wartung der SNS-Ger\u00e4te<\/span><\/h2>\n<p><span style=\"color: #000; font-size: 1.1em;\">Alle unsere Pakete beinhalten die Hardware-Wartung f\u00fcr Stormshield Network Security-Produkte (<a style=\"color: #000000;\" href=\"https:\/\/www.stormshield.com\/de\/produkte-und-services\/produkte\/netzwerksicherheit\/unsere-firewalls-sns\/\" target=\"_blank\" rel=\"noopener\">SNS<\/a>) sowie <em>\u00c0-la-carte-Services<\/em> zur Aufr\u00fcstung Ihrer Wartungspakete.<\/span><\/p>\n<ul>\n<li><span style=\"color: #000; font-size: 1.1em;\"><strong>Essential Security Pack:<\/strong> Wird f\u00fcr Unternehmen angeboten, die einen einheitlichen Schutz w\u00fcnschen. Mit Netzwerksegmentierung, sicherer Kommunikation, SD-WAN, Intrusion Prevention und Zero Trust Network Access (ZTNA) erhalten sie eine wesentliche Sicherheitsstufe;<br \/>\n<\/span><\/li>\n<li><span style=\"color: #000; font-size: 1.1em;\"><strong>Premium Security Pack:<\/strong> Dieses Paket richtet sich an Unternehmen mit hohen Sicherheitsanspr\u00fcchen. Es bietet die besten Technologien, um die fortschrittlichsten Angriffe abzuwehren. Das fortschrittliche Anti-Malware-System mit Emulationstechnologie, KI-optimiertes Sandboxing (Breach Fighter) oder Cloud-basierte URL-Filterung (Extended Web Control) sorgen f\u00fcr das Schutzniveau, das von Organisationen mit hohen Sicherheitsanforderungen erwartet wird.<\/span><\/li>\n<\/ul>\n<p><span style=\"color: #000; font-size: 1.1em;\">Und um den Bed\u00fcrfnissen unserer Industriekunden gerecht zu werden, haben wir zwei weitere Sicherheitspakete entwickelt, die den Besonderheiten der industriellen Infrastruktur gewidmet sind: <strong>Industrial Security Pack<\/strong> und <strong>Industrial Plus Security Pack<\/strong>.<\/span>[\/vc_column_text][vc_empty_space]<a  itemprop=\"url\" href=\"https:\/\/www.stormshield.com\/wp-content\/uploads\/SNS-DE-Network-Security-Pack-Brochure.pdf\" target=\"_blank\" data-hover-background-color=\"#d23467\" data-hover-border-color=\"#ffffff\" class=\"qbutton  white enlarge\" style=\"border-color: #ffffff; background-color:#060051;\">Wartungspakete<i class=\"qode_icon_font_awesome fa fa-download qode_button_icon_element\"><\/i><\/a>[vc_empty_space height=\"12px\"]<a  itemprop=\"url\" href=\"https:\/\/www.stormshield.com\/wp-content\/uploads\/SNS_DE-Industrial-Pack-Brochure.pdf\" target=\"_blank\" data-hover-background-color=\"#d23467\" data-hover-border-color=\"#ffffff\" class=\"qbutton  white enlarge\" style=\"border-color: #ffffff; background-color:#060051;\">Industriepaketen<i class=\"qode_icon_font_awesome fa fa-download qode_button_icon_element\"><\/i><\/a>[\/vc_column][vc_column width=\"1\/3\" css=\".vc_custom_1697803119835{padding-top: 24px !important;padding-right: 24px !important;padding-bottom: 24px !important;padding-left: 24px !important;background-color: #060051 !important;}\"][vc_column_text]<span style=\"color: #ffffff; font-size: 1.6em;\"><strong>Softwarewartung und hersteller-knowhow<\/strong><\/span><\/p>\n<p><span style=\"color: #ffffff; font-size: 1.1em;\">Korrigierende und evolution\u00e4re Software-Updates bieten manchmal einfach nur Sicherheits-Patches, manchmal aber auch gr\u00f6\u00dfere Produkt\u00e4nderungen. <strong>Die Devise der Teams: Ein evolution\u00e4rer Ansatz zur Leistungssteigerung!<\/strong><\/span>[\/vc_column_text][vc_empty_space][\/vc_column][\/vc_row][vc_row css_animation=\"\" row_type=\"row\" use_row_as_full_screen_section=\"no\" type=\"grid\" angled_section=\"no\" text_align=\"left\" background_image_as_pattern=\"without_pattern\" z_index=\"\" padding_bottom=\"50\" css=\".vc_custom_1697804221509{background-color: #ffffff !important;}\" padding_top=\"50\"][vc_column][vc_row_inner row_type=\"row\" type=\"full_width\" text_align=\"left\" css_animation=\"\" background_color=\"#f9f9f9\" css=\".vc_custom_1697805747463{padding-top: 32px !important;padding-right: 32px !important;padding-bottom: 32px !important;padding-left: 32px !important;}\"][vc_column_inner width=\"2\/3\"][vc_column_text]<\/p>\n<h2><span style=\"color: #000; font-size: 1.2em; font-weight: 900;\">Hardware-Austausch und <em>services \u00e0 la carte<\/em><\/span><\/h2>\n<p><span style=\"color: #000; font-size: 1.1em;\">Im Falle eines Materialfehlers eines unserer Produkte wird es im Rahmen der Herstellergarantie einfach gegen ein \u00e4hnliches Ersatzprodukt ausgetauscht.<\/span><\/p>\n<p><span style=\"color: #000; font-size: 1.1em;\">Sie k\u00f6nnen Sicherheitsservices auch nach Wunsch zu einem Paket zusammenstellen: hochentwickelter <a style=\"color: #000000;\" href=\"https:\/\/www.stormshield.com\/de\/ressourcescenter\/advanced-antivirus-produktblatt\/\" target=\"_blank\" rel=\"noopener\">Virenschutz<\/a> mit Emulationstechnologie, URL-Filterung, <a style=\"color: #000000;\" href=\"https:\/\/www.stormshield.com\/de\/ressourcescenter\/extended-web-control-produktblatt\/\" target=\"_blank\" rel=\"noopener\">Extended Web Control<\/a>, <a style=\"color: #000000;\" href=\"https:\/\/www.stormshield.com\/de\/ressourcescenter\/snvm-produktblatt\/\" target=\"_blank\" rel=\"noopener\">Vulnerability Manager<\/a>\u2026 So k\u00f6nnen Sie Ihre Sicherheitsl\u00f6sung weiterentwickeln und an Ihre Anforderungen anpassen. Kontaktieren Sie uns, um mehr dar\u00fcber zu erfahren.<\/span>[\/vc_column_text][vc_empty_space]<a  itemprop=\"url\" href=\"https:\/\/www.stormshield.com\/de\/kontakt\/anfrage-an-den-vertrieb\" target=\"_blank\" data-hover-background-color=\"#d23467\" data-hover-border-color=\"#ffffff\" class=\"qbutton  white enlarge\" style=\"border-color: #ffffff; background-color:#060051;\">Kontakt<i class=\"qode_icon_font_awesome fa fa-angle-right qode_button_icon_element\"><\/i><\/a>[vc_empty_space][\/vc_column_inner][vc_column_inner width=\"1\/3\"][vc_single_image image=\"456830\" img_size=\"medium\" alignment=\"center\" css=\"\" qode_css_animation=\"\" qode_hover_animation=\"zoom_in\"][\/vc_column_inner][\/vc_row_inner][\/vc_column][\/vc_row]<\/p>\n<\/div>","protected":false},"excerpt":{"rendered":"<p>[vc_row css_animation=&#8220;&#8220; row_type=&#8220;row&#8220; use_row_as_full_screen_section=&#8220;no&#8220; type=&#8220;grid&#8220; angled_section=&#8220;no&#8220; text_align=&#8220;left&#8220; background_image_as_pattern=&#8220;without_pattern&#8220; z_index=&#8220;&#8220; padding_top=&#8220;50&#8243; padding_bottom=&#8220;50&#8243;][vc_column][vc_empty_space][vc_column_text] Eine Garantie f\u00fcr die konstante Effizienz unserer Produkte mit dem Wartungsservice von Stormshield [\/vc_column_text][\/vc_column][\/vc_row][vc_row css_animation=&#8220;&#8220; row_type=&#8220;row&#8220; use_row_as_full_screen_section=&#8220;no&#8220; type=&#8220;grid&#8220; angled_section=&#8220;no&#8220; text_align=&#8220;left&#8220; background_image_as_pattern=&#8220;without_pattern&#8220; z_index=&#8220;&#8220; padding_bottom=&#8220;50&#8243; css=&#8220;.vc_custom_1697804221509{background-color: #ffffff !important;}&#8220; padding_top=&#8220;50&#8243;][vc_column][vc_row_inner row_type=&#8220;row&#8220; type=&#8220;full_width&#8220; text_align=&#8220;left&#8220; css_animation=&#8220;&#8220; background_color=&#8220;#f9f9f9&#8243; css=&#8220;.vc_custom_1697805785032{padding-top: 32px&#8230;<\/p>\n","protected":false},"author":1,"featured_media":0,"parent":22208,"menu_order":210,"comment_status":"closed","ping_status":"closed","template":"full_width.php","meta":{"_acf_changed":false,"footnotes":""},"class_list":["post-10932","page","type-page","status-publish","hentry"],"acf":[],"yoast_head":"<!-- This site is optimized with the Yoast SEO plugin v27.0 - https:\/\/yoast.com\/product\/yoast-seo-wordpress\/ -->\n<title>Firewall-Wartung: Sicherheit und Service Packs | Stormshield<\/title>\n<meta name=\"description\" content=\"Mit dem Wartungsservice von Stormshield k\u00f6nnen Sie m\u00f6glichen technischen Problemen vorgreifen und Ihre Produkte schnell austauschen.\" \/>\n<meta name=\"robots\" content=\"index, follow, max-snippet:-1, max-image-preview:large, max-video-preview:-1\" \/>\n<link rel=\"canonical\" href=\"https:\/\/www.stormshield.com\/de\/unsere-unterstuetzung\/services\/wartung\/\" \/>\n<meta property=\"og:locale\" content=\"de_DE\" \/>\n<meta property=\"og:type\" content=\"article\" \/>\n<meta property=\"og:title\" content=\"Firewall-Wartung: Sicherheit und Service Packs | Stormshield\" \/>\n<meta property=\"og:description\" content=\"Mit dem Wartungsservice von Stormshield k\u00f6nnen Sie m\u00f6glichen technischen Problemen vorgreifen und Ihre Produkte schnell austauschen.\" \/>\n<meta property=\"og:url\" content=\"https:\/\/www.stormshield.com\/de\/unsere-unterstuetzung\/services\/wartung\/\" \/>\n<meta property=\"og:site_name\" content=\"Stormshield\" \/>\n<meta property=\"article:modified_time\" content=\"2025-02-28T10:51:29+00:00\" \/>\n<meta property=\"og:image\" content=\"https:\/\/www.stormshield.com\/wp-content\/uploads\/stormshield_logo.png\" \/>\n\t<meta property=\"og:image:width\" content=\"204\" \/>\n\t<meta property=\"og:image:height\" content=\"94\" \/>\n\t<meta property=\"og:image:type\" content=\"image\/png\" \/>\n<meta name=\"twitter:card\" content=\"summary_large_image\" \/>\n<meta name=\"twitter:site\" content=\"@Stormshield\" \/>\n<meta name=\"twitter:label1\" content=\"Gesch\u00e4tzte Lesezeit\" \/>\n\t<meta name=\"twitter:data1\" content=\"3\u00a0Minuten\" \/>\n<script type=\"application\/ld+json\" class=\"yoast-schema-graph\">{\"@context\":\"https:\/\/schema.org\",\"@graph\":[{\"@type\":\"WebPage\",\"@id\":\"https:\/\/www.stormshield.com\/de\/unsere-unterstuetzung\/services\/wartung\/\",\"url\":\"https:\/\/www.stormshield.com\/de\/unsere-unterstuetzung\/services\/wartung\/\",\"name\":\"Firewall-Wartung: Sicherheit und Service Packs | Stormshield\",\"isPartOf\":{\"@id\":\"https:\/\/www.stormshield.com\/de\/#website\"},\"datePublished\":\"2016-08-19T13:03:22+00:00\",\"dateModified\":\"2025-02-28T10:51:29+00:00\",\"description\":\"Mit dem Wartungsservice von Stormshield k\u00f6nnen Sie m\u00f6glichen technischen Problemen vorgreifen und Ihre Produkte schnell austauschen.\",\"breadcrumb\":{\"@id\":\"https:\/\/www.stormshield.com\/de\/unsere-unterstuetzung\/services\/wartung\/#breadcrumb\"},\"inLanguage\":\"de\",\"potentialAction\":[{\"@type\":\"ReadAction\",\"target\":[\"https:\/\/www.stormshield.com\/de\/unsere-unterstuetzung\/services\/wartung\/\"]}]},{\"@type\":\"BreadcrumbList\",\"@id\":\"https:\/\/www.stormshield.com\/de\/unsere-unterstuetzung\/services\/wartung\/#breadcrumb\",\"itemListElement\":[{\"@type\":\"ListItem\",\"position\":1,\"name\":\"Home\",\"item\":\"https:\/\/www.stormshield.com\/de\/\"},{\"@type\":\"ListItem\",\"position\":2,\"name\":\"Unsere Unterst\u00fctzung\",\"item\":\"https:\/\/www.stormshield.com\/de\/unsere-unterstuetzung\/\"},{\"@type\":\"ListItem\",\"position\":3,\"name\":\"Services\",\"item\":\"https:\/\/www.stormshield.com\/de\/unsere-unterstuetzung\/services\/\"},{\"@type\":\"ListItem\",\"position\":4,\"name\":\"Wartung\"}]},{\"@type\":\"WebSite\",\"@id\":\"https:\/\/www.stormshield.com\/de\/#website\",\"url\":\"https:\/\/www.stormshield.com\/de\/\",\"name\":\"Stormshield\",\"description\":\"Stormshield\",\"potentialAction\":[{\"@type\":\"SearchAction\",\"target\":{\"@type\":\"EntryPoint\",\"urlTemplate\":\"https:\/\/www.stormshield.com\/de\/?s={search_term_string}\"},\"query-input\":{\"@type\":\"PropertyValueSpecification\",\"valueRequired\":true,\"valueName\":\"search_term_string\"}}],\"inLanguage\":\"de\"}]}<\/script>\n<!-- \/ Yoast SEO plugin. -->","yoast_head_json":{"title":"Firewall-Wartung: Sicherheit und Service Packs | Stormshield","description":"Mit dem Wartungsservice von Stormshield k\u00f6nnen Sie m\u00f6glichen technischen Problemen vorgreifen und Ihre Produkte schnell austauschen.","robots":{"index":"index","follow":"follow","max-snippet":"max-snippet:-1","max-image-preview":"max-image-preview:large","max-video-preview":"max-video-preview:-1"},"canonical":"https:\/\/www.stormshield.com\/de\/unsere-unterstuetzung\/services\/wartung\/","og_locale":"de_DE","og_type":"article","og_title":"Firewall-Wartung: Sicherheit und Service Packs | Stormshield","og_description":"Mit dem Wartungsservice von Stormshield k\u00f6nnen Sie m\u00f6glichen technischen Problemen vorgreifen und Ihre Produkte schnell austauschen.","og_url":"https:\/\/www.stormshield.com\/de\/unsere-unterstuetzung\/services\/wartung\/","og_site_name":"Stormshield","article_modified_time":"2025-02-28T10:51:29+00:00","og_image":[{"width":204,"height":94,"url":"https:\/\/www.stormshield.com\/wp-content\/uploads\/stormshield_logo.png","type":"image\/png"}],"twitter_card":"summary_large_image","twitter_site":"@Stormshield","twitter_misc":{"Gesch\u00e4tzte Lesezeit":"3\u00a0Minuten"},"schema":{"@context":"https:\/\/schema.org","@graph":[{"@type":"WebPage","@id":"https:\/\/www.stormshield.com\/de\/unsere-unterstuetzung\/services\/wartung\/","url":"https:\/\/www.stormshield.com\/de\/unsere-unterstuetzung\/services\/wartung\/","name":"Firewall-Wartung: Sicherheit und Service Packs | Stormshield","isPartOf":{"@id":"https:\/\/www.stormshield.com\/de\/#website"},"datePublished":"2016-08-19T13:03:22+00:00","dateModified":"2025-02-28T10:51:29+00:00","description":"Mit dem Wartungsservice von Stormshield k\u00f6nnen Sie m\u00f6glichen technischen Problemen vorgreifen und Ihre Produkte schnell austauschen.","breadcrumb":{"@id":"https:\/\/www.stormshield.com\/de\/unsere-unterstuetzung\/services\/wartung\/#breadcrumb"},"inLanguage":"de","potentialAction":[{"@type":"ReadAction","target":["https:\/\/www.stormshield.com\/de\/unsere-unterstuetzung\/services\/wartung\/"]}]},{"@type":"BreadcrumbList","@id":"https:\/\/www.stormshield.com\/de\/unsere-unterstuetzung\/services\/wartung\/#breadcrumb","itemListElement":[{"@type":"ListItem","position":1,"name":"Home","item":"https:\/\/www.stormshield.com\/de\/"},{"@type":"ListItem","position":2,"name":"Unsere Unterst\u00fctzung","item":"https:\/\/www.stormshield.com\/de\/unsere-unterstuetzung\/"},{"@type":"ListItem","position":3,"name":"Services","item":"https:\/\/www.stormshield.com\/de\/unsere-unterstuetzung\/services\/"},{"@type":"ListItem","position":4,"name":"Wartung"}]},{"@type":"WebSite","@id":"https:\/\/www.stormshield.com\/de\/#website","url":"https:\/\/www.stormshield.com\/de\/","name":"Stormshield","description":"Stormshield","potentialAction":[{"@type":"SearchAction","target":{"@type":"EntryPoint","urlTemplate":"https:\/\/www.stormshield.com\/de\/?s={search_term_string}"},"query-input":{"@type":"PropertyValueSpecification","valueRequired":true,"valueName":"search_term_string"}}],"inLanguage":"de"}]}},"_links":{"self":[{"href":"https:\/\/www.stormshield.com\/de\/wp-json\/wp\/v2\/pages\/10932","targetHints":{"allow":["GET"]}}],"collection":[{"href":"https:\/\/www.stormshield.com\/de\/wp-json\/wp\/v2\/pages"}],"about":[{"href":"https:\/\/www.stormshield.com\/de\/wp-json\/wp\/v2\/types\/page"}],"author":[{"embeddable":true,"href":"https:\/\/www.stormshield.com\/de\/wp-json\/wp\/v2\/users\/1"}],"replies":[{"embeddable":true,"href":"https:\/\/www.stormshield.com\/de\/wp-json\/wp\/v2\/comments?post=10932"}],"version-history":[{"count":29,"href":"https:\/\/www.stormshield.com\/de\/wp-json\/wp\/v2\/pages\/10932\/revisions"}],"predecessor-version":[{"id":25721,"href":"https:\/\/www.stormshield.com\/de\/wp-json\/wp\/v2\/pages\/10932\/revisions\/25721"}],"up":[{"embeddable":true,"href":"https:\/\/www.stormshield.com\/de\/wp-json\/wp\/v2\/pages\/22208"}],"wp:attachment":[{"href":"https:\/\/www.stormshield.com\/de\/wp-json\/wp\/v2\/media?parent=10932"}],"curies":[{"name":"wp","href":"https:\/\/api.w.org\/{rel}","templated":true}]}}